{"id":19616,"date":"2019-05-07T11:51:52","date_gmt":"2019-05-07T18:51:52","guid":{"rendered":"https:\/\/windpilot.com\/blog\/?page_id=19616"},"modified":"2019-05-08T03:21:39","modified_gmt":"2019-05-08T10:21:39","slug":"mid-atlantic-rendezvous","status":"publish","type":"page","link":"https:\/\/windpilot.com\/blog\/golden-globe-race\/die-segler\/tapio-lehtinen-2\/mid-atlantic-rendezvous\/","title":{"rendered":"Mid Atlantic Meet"},"content":{"rendered":"<p><strong>MID ATLANTIC RENDEVOUS<\/strong><br \/>\n<div id=\"attachment_19622\" style=\"width: 1290px\" class=\"wp-caption aligncenter\"><img loading=\"lazy\" decoding=\"async\" aria-describedby=\"caption-attachment-19622\" src=\"https:\/\/windpilot.com\/blog\/wp-content\/uploads\/2019\/05\/TAPIO_9.jpeg\" alt=\"\" width=\"1280\" height=\"853\" class=\"size-full wp-image-19622\" srcset=\"https:\/\/windpilot.com\/blog\/wp-content\/uploads\/2019\/05\/TAPIO_9.jpeg 1280w, https:\/\/windpilot.com\/blog\/wp-content\/uploads\/2019\/05\/TAPIO_9-300x200.jpeg 300w, https:\/\/windpilot.com\/blog\/wp-content\/uploads\/2019\/05\/TAPIO_9-768x512.jpeg 768w, https:\/\/windpilot.com\/blog\/wp-content\/uploads\/2019\/05\/TAPIO_9-1024x682.jpeg 1024w\" sizes=\"auto, (max-width: 1280px) 100vw, 1280px\" \/><p id=\"caption-attachment-19622\" class=\"wp-caption-text\">Les Gallagher &#8211; Fishpics\u00ae<\/p><\/div><\/p>\n<p>310 Tage auf See, Zeit f\u00fcr eine Unterbrechung! Jeder hier Interessierte beobachtet seit Monaten, wie Tapio die Seemeilen tr\u00e4ge einzeln z\u00e4hlt. Obgleich mit dem schnellsten Schiff der Flotte  aufgebrochen, hatte er seine Reisepl\u00e4ne unterwegs leicht frisiert und modifiziert und seine Geschwindigkeit den mitreisenden Haustieren angepasst. Als bekennender Natur- und Tierliebhaber galt es zu verhindern, dass Muscheln schwindelig werden k\u00f6nnte. Oder wollte Tapio den Tieren die Welt in slow-motion zeigen? Keine Ahnung! Jedenfalls wird man sich in Frankreich die Augen reiben, wenn die Asteria dort dereinst aus dem Wasser steigt und zeigt, wer alles mitgekommen ist!<\/p>\n<div id=\"attachment_19623\" style=\"width: 1290px\" class=\"wp-caption aligncenter\"><img loading=\"lazy\" decoding=\"async\" aria-describedby=\"caption-attachment-19623\" src=\"https:\/\/windpilot.com\/blog\/wp-content\/uploads\/2019\/05\/TAPIO_10.jpeg\" alt=\"\" width=\"1280\" height=\"854\" class=\"size-full wp-image-19623\" srcset=\"https:\/\/windpilot.com\/blog\/wp-content\/uploads\/2019\/05\/TAPIO_10.jpeg 1280w, https:\/\/windpilot.com\/blog\/wp-content\/uploads\/2019\/05\/TAPIO_10-300x200.jpeg 300w, https:\/\/windpilot.com\/blog\/wp-content\/uploads\/2019\/05\/TAPIO_10-768x512.jpeg 768w, https:\/\/windpilot.com\/blog\/wp-content\/uploads\/2019\/05\/TAPIO_10-1024x683.jpeg 1024w\" sizes=\"auto, (max-width: 1280px) 100vw, 1280px\" \/><p id=\"caption-attachment-19623\" class=\"wp-caption-text\">Les Gallagher &#8211; Fishpics\u00ae<\/p><\/div>\n<p>Als Vater von Tapio\u00b4s Heckverzierung habe ich still mitgelitten, habe ihn ob seiner stoischen Ruhe  und Ausgeglichenheit zutiefst bewundert und ihm meine Verehrung still im Kielwasser hinterher getragen. <\/p>\n<p>Jedenfalls bin ich Vorgestern Nacht infolge seniler Bettflucht aufgewacht, habe in alter Routine Tapio\u00b4s Tracker kontrolliert \u2026 und w\u00e4re fast vom Sofa gefallen, mitten in der Nacht! War der Tracker durchgeknallt? Oder war er im H\u00f6henrausch? Er zeigte dreistellige Zahlen! Was war passiert? Wurde die Asteria von Walfischen angeschoben? Hatte Tapio pl\u00f6tzlich das Gaspedal gefunden? Hatte ihn das Heimweh \u00fcbermannt, dass er zum letzten Mittel gegriffen hat? Fragen \u00fcber Fragen! Es war der Spinnacker, der die Asteria wie der Teufel geritten, sie dabei fast aus dem Wasser gehoben hat! Der Rekord von 120 sm wird vermutlich bei Guinness dokumentiert und ist somit unbestritten! Ich sass\u00b4 schweissnass auf meinem Sofa und dachte an Fieber, fasste sodann den Entschluss: daf\u00fcr sollte man Tapio gratulieren! <\/p>\n<div id=\"attachment_19628\" style=\"width: 2372px\" class=\"wp-caption aligncenter\"><img loading=\"lazy\" decoding=\"async\" aria-describedby=\"caption-attachment-19628\" src=\"https:\/\/windpilot.com\/blog\/wp-content\/uploads\/2019\/05\/TAPIO_12.jpg\" alt=\"\" width=\"2362\" height=\"1575\" class=\"size-full wp-image-19628\" srcset=\"https:\/\/windpilot.com\/blog\/wp-content\/uploads\/2019\/05\/TAPIO_12.jpg 2362w, https:\/\/windpilot.com\/blog\/wp-content\/uploads\/2019\/05\/TAPIO_12-300x200.jpg 300w, https:\/\/windpilot.com\/blog\/wp-content\/uploads\/2019\/05\/TAPIO_12-768x512.jpg 768w, https:\/\/windpilot.com\/blog\/wp-content\/uploads\/2019\/05\/TAPIO_12-1024x683.jpg 1024w\" sizes=\"auto, (max-width: 2362px) 100vw, 2362px\" \/><p id=\"caption-attachment-19628\" class=\"wp-caption-text\">Les Gallagher &#8211; Fishpics\u00ae<\/p><\/div>\n<p>Die Azoren quer vor dem Bug &#8211; Tapio unter fliegenden Lieken &#8211; meine Synapsen rasten &#8211; warum nicht mal ein paar Kontakte zusammenkn\u00fcpfen? Gesagt getan: <\/p>\n<p><img loading=\"lazy\" decoding=\"async\" src=\"https:\/\/windpilot.com\/blog\/wp-content\/uploads\/2019\/05\/jdkfbfcofedkogmk-150x150.png\" alt=\"\" width=\"150\" height=\"150\" class=\"alignleft size-thumbnail wp-image-19641\" \/><strong>Montag fr\u00fch<\/strong> bei Tapio\u00b4s ham Radio Operator <strong>Jari Jussila<\/strong> sowie Landteam Operator <strong>Hannu Hollmen<\/strong> angefragt, ob man im Wald in Finnland nicht mal ein wenig die Antennen polieren k\u00f6nnte, um sie unter Strom zu setzen? Die Frage stand im Raum, ob es Tapio wohl zu sehr erschrecken w\u00fcrde, wenn er pl\u00f6tzlich mitten auf dem grausamen Atlantic menschliche Gesichter zu sehen bek\u00e4me? Ob es wohl erlaubt sei, seine Raseritis mal kurz zu unterbrechen, bzw. ihn bei der konzentrierten Arbeit, dem Lesen seiner B\u00fccher, zu st\u00f6ren? &#8211; Breites Grinsen \u00fcberall! Tapio hat vermutlich erstmal in den Spiegel gesehen und schnell erkannt,  dass er sich rasieren m\u00fcsse, immerhin galt es, zu verhindern, dass seine Frau zuhause vom Stuhl fallen, oder ihren Ehegatten nach so langer Entbehrung, ggf. vielleicht gar nicht mehr wieder erkennen w\u00fcrde! Kritische Situation, denn Tapio hatte seine Haust\u00fcrschl\u00fcssel &#8211; \u00e4hnlich wie damals den Stecker seines <a href=\"http:\/\/www.sailnsea.com\/\">SailingGen Wasser Generators<\/a> &#8211; unter Deck irgendwie verlegt! Die Entscheidung war gefallen:<\/p>\n<p><div id=\"attachment_19624\" style=\"width: 1738px\" class=\"wp-caption aligncenter\"><img loading=\"lazy\" decoding=\"async\" aria-describedby=\"caption-attachment-19624\" src=\"https:\/\/windpilot.com\/blog\/wp-content\/uploads\/2019\/05\/Harry.jpg\" alt=\"\" width=\"1728\" height=\"1378\" class=\"size-full wp-image-19624\" srcset=\"https:\/\/windpilot.com\/blog\/wp-content\/uploads\/2019\/05\/Harry.jpg 1728w, https:\/\/windpilot.com\/blog\/wp-content\/uploads\/2019\/05\/Harry-300x239.jpg 300w, https:\/\/windpilot.com\/blog\/wp-content\/uploads\/2019\/05\/Harry-768x612.jpg 768w, https:\/\/windpilot.com\/blog\/wp-content\/uploads\/2019\/05\/Harry-1024x817.jpg 1024w\" sizes=\"auto, (max-width: 1728px) 100vw, 1728px\" \/><p id=\"caption-attachment-19624\" class=\"wp-caption-text\">Les Gallagher &#8211; Fishpics\u00ae<\/p><\/div>Ich habe meine Windpilot Mafia in Horta angerufen. <a href=\"http:\/\/goodatwood.eu\/contact.html\">Harry Schank mein Windpilot Repr\u00e4sentant<\/a> war noch im Schlafgewand! Aufgewacht, mitgemacht, Minuten sp\u00e4ter hatte ich <a href=\"http:\/\/www.oceanic-centre.com\">Les Gallagher<\/a> am Ohr, lokaler Foto Matador f\u00fcr schnelle Fische und noch schnellere Motorboote.<br \/>\n<div id=\"attachment_19625\" style=\"width: 1758px\" class=\"wp-caption aligncenter\"><img loading=\"lazy\" decoding=\"async\" aria-describedby=\"caption-attachment-19625\" src=\"https:\/\/windpilot.com\/blog\/wp-content\/uploads\/2019\/05\/Les-and-daughter.jpg\" alt=\"\" width=\"1748\" height=\"1192\" class=\"size-full wp-image-19625\" srcset=\"https:\/\/windpilot.com\/blog\/wp-content\/uploads\/2019\/05\/Les-and-daughter.jpg 1748w, https:\/\/windpilot.com\/blog\/wp-content\/uploads\/2019\/05\/Les-and-daughter-300x205.jpg 300w, https:\/\/windpilot.com\/blog\/wp-content\/uploads\/2019\/05\/Les-and-daughter-768x524.jpg 768w, https:\/\/windpilot.com\/blog\/wp-content\/uploads\/2019\/05\/Les-and-daughter-1024x698.jpg 1024w\" sizes=\"auto, (max-width: 1748px) 100vw, 1748px\" \/><p id=\"caption-attachment-19625\" class=\"wp-caption-text\">Les Gallagher &#8211; Fishpics\u00ae<\/p><\/div><\/p>\n<p><strong>Dienstag fr\u00fch<\/strong> \u2013 also heute! &#8211; wurde der Fischj\u00e4ger gelauncht, Benzin und \u00d6l Kontrolle durchgef\u00fchrt &#8211; Harry hatte Kontrastfarben angezogen &#8211; Tapio war bereits rasiert, hatte zur Feier des Tages sogar seine Langzeit Shorts geb\u00fcgelt \u2013 da kamen Harry und Les bereits \u00fcber den grausamen Atlantic angeflogen \u2026 die Sonne hat kooperiert!<\/p>\n<p><img loading=\"lazy\" decoding=\"async\" src=\"https:\/\/windpilot.com\/blog\/wp-content\/uploads\/2019\/05\/TAPIO_1.jpeg\" alt=\"\" width=\"1280\" height=\"853\" class=\"aligncenter size-full wp-image-19630\" srcset=\"https:\/\/windpilot.com\/blog\/wp-content\/uploads\/2019\/05\/TAPIO_1.jpeg 1280w, https:\/\/windpilot.com\/blog\/wp-content\/uploads\/2019\/05\/TAPIO_1-300x200.jpeg 300w, https:\/\/windpilot.com\/blog\/wp-content\/uploads\/2019\/05\/TAPIO_1-768x512.jpeg 768w, https:\/\/windpilot.com\/blog\/wp-content\/uploads\/2019\/05\/TAPIO_1-1024x682.jpeg 1024w\" sizes=\"auto, (max-width: 1280px) 100vw, 1280px\" \/>Jedenfalls wurde der Weltenbummler 4 sm westlich von Faial zur Rede gestellt \u2026 wurde wegen erh\u00f6hter Geschwindigkeit subtito abgemahnt \u2026 er wurde mehrfach umkreist &#8230; sodann wurde ihm endlich mal gezeigt, wie man einen Sextanten richtig herum zu halten hatte! <\/p>\n<div id=\"attachment_19627\" style=\"width: 1510px\" class=\"wp-caption aligncenter\"><img loading=\"lazy\" decoding=\"async\" aria-describedby=\"caption-attachment-19627\" src=\"https:\/\/windpilot.com\/blog\/wp-content\/uploads\/2019\/05\/TAPIO_2_web.jpeg\" alt=\"\" width=\"1500\" height=\"1000\" class=\"size-full wp-image-19627\" srcset=\"https:\/\/windpilot.com\/blog\/wp-content\/uploads\/2019\/05\/TAPIO_2_web.jpeg 1500w, https:\/\/windpilot.com\/blog\/wp-content\/uploads\/2019\/05\/TAPIO_2_web-300x200.jpeg 300w, https:\/\/windpilot.com\/blog\/wp-content\/uploads\/2019\/05\/TAPIO_2_web-768x512.jpeg 768w, https:\/\/windpilot.com\/blog\/wp-content\/uploads\/2019\/05\/TAPIO_2_web-1024x683.jpeg 1024w\" sizes=\"auto, (max-width: 1500px) 100vw, 1500px\" \/><p id=\"caption-attachment-19627\" class=\"wp-caption-text\">Les Gallagher &#8211; Fishpics\u00ae<\/p><\/div>\n<p>Tapio sah\u00b4 fabelhaft aus! Kaum zu glauben, wie jung und gesund der Mann auf seiner Kreuzfahrt geworden ist! So ganz erfrischend anders, als damals im vergangenen Jahr am Start, wo man Tapio immer an den vielen Sorgenfurchen im Gesicht erkennen konnte und fast Mitleid f\u00fchlen wollte. Die See hat diesen Segler erkennbar zufrieden gemacht! Vorsicht in Finnland &#8211; Tapio hat eine Metamorphose durchgemacht! <\/p>\n<p><img loading=\"lazy\" decoding=\"async\" src=\"https:\/\/windpilot.com\/blog\/wp-content\/uploads\/2019\/05\/Peter-Tapio.jpg\" alt=\"\" width=\"1938\" height=\"1474\" class=\"aligncenter size-full wp-image-19645\" srcset=\"https:\/\/windpilot.com\/blog\/wp-content\/uploads\/2019\/05\/Peter-Tapio.jpg 1938w, https:\/\/windpilot.com\/blog\/wp-content\/uploads\/2019\/05\/Peter-Tapio-300x228.jpg 300w, https:\/\/windpilot.com\/blog\/wp-content\/uploads\/2019\/05\/Peter-Tapio-768x584.jpg 768w, https:\/\/windpilot.com\/blog\/wp-content\/uploads\/2019\/05\/Peter-Tapio-1024x779.jpg 1024w\" sizes=\"auto, (max-width: 1938px) 100vw, 1938px\" \/><\/p>\n<p>Kurz: Erleichterung auf dem ganzen Atlantic .\u2026 fr\u00f6hliches Winken \u2026 und schon sind beide Kontrahenten wieder Richtung Horizont gebraust \u2026 jeder so schnell er konnte &#8230; seinem n\u00e4chsten Hafen entgegen! Tapio wurde seinem Schicksal, seiner Vorfreude und seinen Tr\u00e4umen von leckerem Essen und Trinken .\u2026 \u00fcberlassen. Kann schon gemein sein, wenn ein gestrenger Race Manager selbst aus weiter Ferne dar\u00fcber wacht, dass man keinen Bl\u00f6dsinn macht &#8230; nicht mal eine Banane \u00fcbergibt &#8230; fast schon Sadismus! Ich habe Harry jedenfalls hart am Z\u00fcgel reissen m\u00fcssen, damit er eben nicht mit einer Wundert\u00fcte voller Leckereien &#8230; zu Tapio f\u00e4hrt und ihn in die Falle lockt. Alle waren artig &#8211; das erkl\u00e4re ich, als Sponsor vergleichsweise unbefangen, frech an Eides statt. Denn, nicht wahr, wer wollte sich schon mit einem omnipr\u00e4senten Veranstalter oder seiner femininen Regierungszentrale anlegen, der \/ die &#8211; mit dem Damokles Schwert in der Hand &#8211; am Ende befindet: die Asteria sei gar nicht angekommen?<\/p>\n<p><div id=\"attachment_19632\" style=\"width: 1510px\" class=\"wp-caption aligncenter\"><img loading=\"lazy\" decoding=\"async\" aria-describedby=\"caption-attachment-19632\" src=\"https:\/\/windpilot.com\/blog\/wp-content\/uploads\/2019\/05\/TAPIO_6_web.jpeg\" alt=\"\" width=\"1500\" height=\"1000\" class=\"size-full wp-image-19632\" srcset=\"https:\/\/windpilot.com\/blog\/wp-content\/uploads\/2019\/05\/TAPIO_6_web.jpeg 1500w, https:\/\/windpilot.com\/blog\/wp-content\/uploads\/2019\/05\/TAPIO_6_web-300x200.jpeg 300w, https:\/\/windpilot.com\/blog\/wp-content\/uploads\/2019\/05\/TAPIO_6_web-768x512.jpeg 768w, https:\/\/windpilot.com\/blog\/wp-content\/uploads\/2019\/05\/TAPIO_6_web-1024x683.jpeg 1024w\" sizes=\"auto, (max-width: 1500px) 100vw, 1500px\" \/><p id=\"caption-attachment-19632\" class=\"wp-caption-text\">Les Gallagher &#8211; Fishpics\u00ae<\/p><\/div><br \/>\nEine Aktion, die in toto 36 Std gedauert hat \u2026 vom Sofa Sturz bis zum Klingeln der Bilder Beute in meinem Schompiuter Kasten. <\/p>\n<div id=\"attachment_19634\" style=\"width: 1510px\" class=\"wp-caption aligncenter\"><img loading=\"lazy\" decoding=\"async\" aria-describedby=\"caption-attachment-19634\" src=\"https:\/\/windpilot.com\/blog\/wp-content\/uploads\/2019\/05\/TAPIO_11_web.jpeg\" alt=\"\" width=\"1500\" height=\"1000\" class=\"size-full wp-image-19634\" srcset=\"https:\/\/windpilot.com\/blog\/wp-content\/uploads\/2019\/05\/TAPIO_11_web.jpeg 1500w, https:\/\/windpilot.com\/blog\/wp-content\/uploads\/2019\/05\/TAPIO_11_web-300x200.jpeg 300w, https:\/\/windpilot.com\/blog\/wp-content\/uploads\/2019\/05\/TAPIO_11_web-768x512.jpeg 768w, https:\/\/windpilot.com\/blog\/wp-content\/uploads\/2019\/05\/TAPIO_11_web-1024x683.jpeg 1024w\" sizes=\"auto, (max-width: 1500px) 100vw, 1500px\" \/><p id=\"caption-attachment-19634\" class=\"wp-caption-text\">Les Gallagher &#8211; Fishpics\u00ae<\/p><\/div>\n<p>Mit Spass und Freude aufgeschrieben und erledigt \u2026 zu allseitigem Spassvergn\u00fcgen &#8230; habe die Ehre &#8230; bitte sehr! <\/p>\n<p>Peter Foerthmann<br \/>\nDienstag 07.05.2019<\/p>\n","protected":false},"excerpt":{"rendered":"<p>MID ATLANTIC RENDEVOUS 310 Tage auf See, Zeit f\u00fcr eine Unterbrechung! Jeder hier Interessierte beobachtet seit Monaten, wie Tapio die Seemeilen tr\u00e4ge einzeln z\u00e4hlt. Obgleich mit dem schnellsten Schiff der Flotte aufgebrochen, hatte er seine Reisepl\u00e4ne unterwegs leicht frisiert und &hellip; <a href=\"https:\/\/windpilot.com\/blog\/golden-globe-race\/die-segler\/tapio-lehtinen-2\/mid-atlantic-rendezvous\/\">Weiterlesen <span class=\"meta-nav\">&rarr;<\/span><\/a><\/p>\n","protected":false},"author":1,"featured_media":0,"parent":19610,"menu_order":1,"comment_status":"open","ping_status":"closed","template":"","meta":{"footnotes":""},"class_list":["post-19616","page","type-page","status-publish","hentry"],"_links":{"self":[{"href":"https:\/\/windpilot.com\/blog\/wp-json\/wp\/v2\/pages\/19616","targetHints":{"allow":["GET"]}}],"collection":[{"href":"https:\/\/windpilot.com\/blog\/wp-json\/wp\/v2\/pages"}],"about":[{"href":"https:\/\/windpilot.com\/blog\/wp-json\/wp\/v2\/types\/page"}],"author":[{"embeddable":true,"href":"https:\/\/windpilot.com\/blog\/wp-json\/wp\/v2\/users\/1"}],"replies":[{"embeddable":true,"href":"https:\/\/windpilot.com\/blog\/wp-json\/wp\/v2\/comments?post=19616"}],"version-history":[{"count":41,"href":"https:\/\/windpilot.com\/blog\/wp-json\/wp\/v2\/pages\/19616\/revisions"}],"predecessor-version":[{"id":19672,"href":"https:\/\/windpilot.com\/blog\/wp-json\/wp\/v2\/pages\/19616\/revisions\/19672"}],"up":[{"embeddable":true,"href":"https:\/\/windpilot.com\/blog\/wp-json\/wp\/v2\/pages\/19610"}],"wp:attachment":[{"href":"https:\/\/windpilot.com\/blog\/wp-json\/wp\/v2\/media?parent=19616"}],"curies":[{"name":"wp","href":"https:\/\/api.w.org\/{rel}","templated":true}]}}