{"id":19808,"date":"2019-05-21T11:41:21","date_gmt":"2019-05-21T18:41:21","guid":{"rendered":"https:\/\/windpilot.com\/blog\/?page_id=19808"},"modified":"2019-05-21T11:46:31","modified_gmt":"2019-05-21T18:46:31","slug":"holzkopf-peter","status":"publish","type":"page","link":"https:\/\/windpilot.com\/blog\/columns\/cartoons-firlefanz\/holzkopf-peter\/","title":{"rendered":"Holzkopf Peter"},"content":{"rendered":"<p><strong>PETER ALS HOLZLEICHE IM EIGENEN KOFFERRAUM UNTERWEGS<\/strong><\/p>\n<p><img loading=\"lazy\" decoding=\"async\" src=\"https:\/\/windpilot.com\/blog\/wp-content\/uploads\/2019\/05\/Polizei-A20.jpg\" alt=\"\" width=\"2498\" height=\"1804\" class=\"aligncenter size-full wp-image-19810\" srcset=\"https:\/\/windpilot.com\/blog\/wp-content\/uploads\/2019\/05\/Polizei-A20.jpg 2498w, https:\/\/windpilot.com\/blog\/wp-content\/uploads\/2019\/05\/Polizei-A20-300x217.jpg 300w, https:\/\/windpilot.com\/blog\/wp-content\/uploads\/2019\/05\/Polizei-A20-768x555.jpg 768w, https:\/\/windpilot.com\/blog\/wp-content\/uploads\/2019\/05\/Polizei-A20-1024x740.jpg 1024w\" sizes=\"auto, (max-width: 2498px) 100vw, 2498px\" \/><\/p>\n<p>Wie das geht? Hier die Aufl\u00f6sung:<\/p>\n<p>Sitzen wir gestern friedlich bei McDonald mitten in Meck Pomm \u2026 kommt ein dummer Homunkulus an unserem Tisch vorbei \u2026 schiesst aus der H\u00fcfte Fotos von Marzena und mir \u2026 hinter uns, vor dem McDoof Fenster, unser Wagen mit HOLZKUNST Schnitzerei auf der Ladefl\u00e4che \u2026. \u00dcberl\u00e4nge \u201ePeters\u201c Kopf \u2026. In Plastikt\u00fcte eingewickelt, falls es Regen gegeben h\u00e4tte \u2026 Marzena bemerkt alles .. und redet laut: kuck mal, da ist wohl jemand der Meinung, dass wir eine Leiche transportieren \u2026 die Leute gehen aus dem Laden \u2026 und positionieren sich im Auto offenbar auf der Jagd \u2026 endlich mal was los! \u2026 <\/p>\n<p><img loading=\"lazy\" decoding=\"async\" src=\"https:\/\/windpilot.com\/blog\/wp-content\/uploads\/2019\/05\/IMG_8802.jpeg\" alt=\"\" width=\"1280\" height=\"960\" class=\"aligncenter size-full wp-image-19811\" srcset=\"https:\/\/windpilot.com\/blog\/wp-content\/uploads\/2019\/05\/IMG_8802.jpeg 1280w, https:\/\/windpilot.com\/blog\/wp-content\/uploads\/2019\/05\/IMG_8802-300x225.jpeg 300w, https:\/\/windpilot.com\/blog\/wp-content\/uploads\/2019\/05\/IMG_8802-768x576.jpeg 768w, https:\/\/windpilot.com\/blog\/wp-content\/uploads\/2019\/05\/IMG_8802-1024x768.jpeg 1024w\" sizes=\"auto, (max-width: 1280px) 100vw, 1280px\" \/><\/p>\n<p>Bestens gelaunt fahren wir weiter auf die Autobahn \u2026 werden sodann im rasenden Tempo von der Polizei mit Lal\u00fclala \u00fcberholt, ausgebremst, auf die Seite gebeten \u2026 die Jungs steigen aus \u2026H\u00e4nde auf der Pistapole \u2026 einer rennt im Laufschritt hinter\u00b4s Auto \u2026 der andere zur Fahrert\u00fcr \u2026 Papiere bitte etc, nein der Rentenausweis gen\u00fcgt nicht! \u2026 Marzena: nur zu Ihrer Info, wir haben keine Leiche im Auto \u2026 da ruft der Zweite von achtern \u2026\u201c nein, ist keine Leiche\u201c \u2026 Marzena: \u201e na, Sie haben sicher einen Anruf von McDonald erhalten? \u2026. Verlegenes Abwinken, nein, so war das nicht! \u2026 jedenfalls wurden wir freundlich entlassen \u2026<\/p>\n<p>Die Moral: man muss schon ganz sch\u00f6n vorsichtig sein \u2026 wenn man heute eine Leiche transportieren will \u2026 insbesondere, wenn die Leiche genauso so aussieht, wie der Fahrer: Peter<\/p>\n<p><img loading=\"lazy\" decoding=\"async\" src=\"https:\/\/windpilot.com\/blog\/wp-content\/uploads\/2019\/05\/IMG_8800.jpg\" alt=\"\" width=\"2048\" height=\"1536\" class=\"aligncenter size-full wp-image-19812\" srcset=\"https:\/\/windpilot.com\/blog\/wp-content\/uploads\/2019\/05\/IMG_8800.jpg 2048w, https:\/\/windpilot.com\/blog\/wp-content\/uploads\/2019\/05\/IMG_8800-300x225.jpg 300w, https:\/\/windpilot.com\/blog\/wp-content\/uploads\/2019\/05\/IMG_8800-768x576.jpg 768w, https:\/\/windpilot.com\/blog\/wp-content\/uploads\/2019\/05\/IMG_8800-1024x768.jpg 1024w\" sizes=\"auto, (max-width: 2048px) 100vw, 2048px\" \/><\/p>\n<p>Peter ist das besondere Geburtstagsgeschenk, das zu erstellen, unser Freund Franec in Polen einige Zeit gebraucht hat, nicht zu vergessen, einen Weidenbaum, der allerdings ohnehin im Wald herumgelegen hat, der nur auf seinen Abtransport gewartet hat. <\/p>\n<p><img loading=\"lazy\" decoding=\"async\" src=\"https:\/\/windpilot.com\/blog\/wp-content\/uploads\/2019\/05\/IMG_8918.jpg\" alt=\"\" width=\"2048\" height=\"1536\" class=\"aligncenter size-full wp-image-19813\" srcset=\"https:\/\/windpilot.com\/blog\/wp-content\/uploads\/2019\/05\/IMG_8918.jpg 2048w, https:\/\/windpilot.com\/blog\/wp-content\/uploads\/2019\/05\/IMG_8918-300x225.jpg 300w, https:\/\/windpilot.com\/blog\/wp-content\/uploads\/2019\/05\/IMG_8918-768x576.jpg 768w, https:\/\/windpilot.com\/blog\/wp-content\/uploads\/2019\/05\/IMG_8918-1024x768.jpg 1024w\" sizes=\"auto, (max-width: 2048px) 100vw, 2048px\" \/><\/p>\n<p>Franec hat ohne Vorlagen gearbeitet, alle Details waren in seinem Kopf gespeichert \u2026 und weil er gerade so sch\u00f6n die Sp\u00e4ne hat fliegen lassen, sind noch ein paar fr\u00f6hliche Affen dazugekommen \u2026 ach ja, und Charlie Chaplin sowie eine Meerjungfrau \u2026 buglastig.<\/p>\n<p><img loading=\"lazy\" decoding=\"async\" src=\"https:\/\/windpilot.com\/blog\/wp-content\/uploads\/2019\/05\/IMG_8841.jpg\" alt=\"\" width=\"2048\" height=\"1536\" class=\"aligncenter size-full wp-image-19817\" srcset=\"https:\/\/windpilot.com\/blog\/wp-content\/uploads\/2019\/05\/IMG_8841.jpg 2048w, https:\/\/windpilot.com\/blog\/wp-content\/uploads\/2019\/05\/IMG_8841-300x225.jpg 300w, https:\/\/windpilot.com\/blog\/wp-content\/uploads\/2019\/05\/IMG_8841-768x576.jpg 768w, https:\/\/windpilot.com\/blog\/wp-content\/uploads\/2019\/05\/IMG_8841-1024x768.jpg 1024w\" sizes=\"auto, (max-width: 2048px) 100vw, 2048px\" \/><\/p>\n<p>Die Polizei jedenfalls wird diesen Einsatz so schnell nicht vergessen \u2026 und meine eigenen Nerven sind schnell wieder zur Ruhe gekommen \u2026 weil ich angesichts einer Polizei M\u00fctze immer den Flattermann in der Hose habe &#8230;<\/p>\n<p>Auf der Autobahn jedenfalls ist immer was los \u2026<\/p>\n<p>Peter am 21.Mai 2019 <\/p>\n","protected":false},"excerpt":{"rendered":"<p>PETER ALS HOLZLEICHE IM EIGENEN KOFFERRAUM UNTERWEGS Wie das geht? Hier die Aufl\u00f6sung: Sitzen wir gestern friedlich bei McDonald mitten in Meck Pomm \u2026 kommt ein dummer Homunkulus an unserem Tisch vorbei \u2026 schiesst aus der H\u00fcfte Fotos von Marzena &hellip; <a href=\"https:\/\/windpilot.com\/blog\/columns\/cartoons-firlefanz\/holzkopf-peter\/\">Weiterlesen <span class=\"meta-nav\">&rarr;<\/span><\/a><\/p>\n","protected":false},"author":1,"featured_media":0,"parent":16662,"menu_order":10,"comment_status":"open","ping_status":"closed","template":"","meta":{"footnotes":""},"class_list":["post-19808","page","type-page","status-publish","hentry"],"_links":{"self":[{"href":"https:\/\/windpilot.com\/blog\/wp-json\/wp\/v2\/pages\/19808","targetHints":{"allow":["GET"]}}],"collection":[{"href":"https:\/\/windpilot.com\/blog\/wp-json\/wp\/v2\/pages"}],"about":[{"href":"https:\/\/windpilot.com\/blog\/wp-json\/wp\/v2\/types\/page"}],"author":[{"embeddable":true,"href":"https:\/\/windpilot.com\/blog\/wp-json\/wp\/v2\/users\/1"}],"replies":[{"embeddable":true,"href":"https:\/\/windpilot.com\/blog\/wp-json\/wp\/v2\/comments?post=19808"}],"version-history":[{"count":4,"href":"https:\/\/windpilot.com\/blog\/wp-json\/wp\/v2\/pages\/19808\/revisions"}],"predecessor-version":[{"id":19819,"href":"https:\/\/windpilot.com\/blog\/wp-json\/wp\/v2\/pages\/19808\/revisions\/19819"}],"up":[{"embeddable":true,"href":"https:\/\/windpilot.com\/blog\/wp-json\/wp\/v2\/pages\/16662"}],"wp:attachment":[{"href":"https:\/\/windpilot.com\/blog\/wp-json\/wp\/v2\/media?parent=19808"}],"curies":[{"name":"wp","href":"https:\/\/api.w.org\/{rel}","templated":true}]}}