{"id":19829,"date":"2019-05-30T01:52:34","date_gmt":"2019-05-30T08:52:34","guid":{"rendered":"https:\/\/windpilot.com\/blog\/?page_id=19829"},"modified":"2019-12-14T05:36:40","modified_gmt":"2019-12-14T12:36:40","slug":"windv-striptease-2","status":"publish","type":"page","link":"https:\/\/windpilot.com\/blog\/columns\/peter-der-markt\/windvane-politics-2\/windv-striptease-2\/","title":{"rendered":"Windv. Striptease #2"},"content":{"rendered":"<p><strong><span style=\"color: #000000;\"><span style=\"font-family: Times New Roman, serif;\"><span style=\"font-size: medium;\">MENSCH UND MASCHINE<\/span><\/span><\/span><\/strong><\/p>\n<p><span style=\"color: #000000;\"><span style=\"font-family: Times New Roman, serif;\"><span style=\"font-size: medium;\"><img loading=\"lazy\" decoding=\"async\" class=\"aligncenter size-full wp-image-19406\" src=\"https:\/\/windpilot.com\/blog\/wp-content\/uploads\/2019\/02\/Salto-Kopie.jpg\" alt=\"\" width=\"2048\" height=\"1536\" srcset=\"https:\/\/windpilot.com\/blog\/wp-content\/uploads\/2019\/02\/Salto-Kopie.jpg 2048w, https:\/\/windpilot.com\/blog\/wp-content\/uploads\/2019\/02\/Salto-Kopie-300x225.jpg 300w, https:\/\/windpilot.com\/blog\/wp-content\/uploads\/2019\/02\/Salto-Kopie-768x576.jpg 768w, https:\/\/windpilot.com\/blog\/wp-content\/uploads\/2019\/02\/Salto-Kopie-1024x768.jpg 1024w\" sizes=\"auto, (max-width: 2048px) 100vw, 2048px\" \/><\/span><\/span><\/span><\/p>\n<p>Wer ist der Mac, wer hat gesteuert?\u00a0<br \/>\nwer ist der Sklave?<br \/>\noder war es etwa der Osterhase?<br \/>\nJe l\u00e4nger eine Reise dauert,<br \/>\nje weniger Crew an Bord<br \/>\ndesto klarer das Wort:<br \/>\nDer Einhand Skipper kann\u00b4s jedenfalls nicht gewesen sein,<br \/>\nauch wenn er am Ende f\u00fcr jeden sichtbar<br \/>\nstolz am Ruder steht und wilde Abenteuer rezitiert,<br \/>\ndass er n\u00e4mlich tag und nacht von Hand gesteuert habe.<br \/>\nF\u00fcr Solo Segler liegen die Fakten fix<br \/>\ndenn ohne Heckverzierung\u00a0<br \/>\ngeht nix.<br \/>\n<div id=\"attachment_19407\" style=\"width: 1290px\" class=\"wp-caption aligncenter\"><img loading=\"lazy\" decoding=\"async\" aria-describedby=\"caption-attachment-19407\" class=\"size-full wp-image-19407\" src=\"https:\/\/windpilot.com\/blog\/wp-content\/uploads\/2019\/02\/IMG_4695.jpeg\" alt=\"\" width=\"1280\" height=\"960\" srcset=\"https:\/\/windpilot.com\/blog\/wp-content\/uploads\/2019\/02\/IMG_4695.jpeg 1280w, https:\/\/windpilot.com\/blog\/wp-content\/uploads\/2019\/02\/IMG_4695-300x225.jpeg 300w, https:\/\/windpilot.com\/blog\/wp-content\/uploads\/2019\/02\/IMG_4695-768x576.jpeg 768w, https:\/\/windpilot.com\/blog\/wp-content\/uploads\/2019\/02\/IMG_4695-1024x768.jpeg 1024w\" sizes=\"auto, (max-width: 1280px) 100vw, 1280px\" \/><p id=\"caption-attachment-19407\" class=\"wp-caption-text\">credits Eli Van Den Broek<\/p><\/div><\/p>\n<p><span style=\"color: #000000;\"><span style=\"font-family: Times New Roman, serif;\"><span style=\"font-size: medium;\">Die ersten zwei GGR Heroen sind nun in LSO eingetroffen, drei weitere Sieger sind noch unterwegs. Nach dem Faktencheck zur Halbzeit in Hobart haben sich Erkenntnisse saldiert. Mein Fokus wie stets \u2026 nun, ich brauche das hier nicht zu wiederholen.<\/span><\/span><\/span><\/p>\n<div id=\"attachment_19408\" style=\"width: 970px\" class=\"wp-caption aligncenter\"><img loading=\"lazy\" decoding=\"async\" aria-describedby=\"caption-attachment-19408\" class=\"size-full wp-image-19408\" src=\"https:\/\/windpilot.com\/blog\/wp-content\/uploads\/2019\/02\/image6-e1549306772752.jpeg\" alt=\"\" width=\"960\" height=\"1280\" srcset=\"https:\/\/windpilot.com\/blog\/wp-content\/uploads\/2019\/02\/image6-e1549306772752.jpeg 960w, https:\/\/windpilot.com\/blog\/wp-content\/uploads\/2019\/02\/image6-e1549306772752-225x300.jpeg 225w, https:\/\/windpilot.com\/blog\/wp-content\/uploads\/2019\/02\/image6-e1549306772752-768x1024.jpeg 768w\" sizes=\"auto, (max-width: 960px) 100vw, 960px\" \/><p id=\"caption-attachment-19408\" class=\"wp-caption-text\">credits Eli Van Den Broek<\/p><\/div>\n<p>Wir haben strahlende Augen gesehen, voller Lebensfreude und Energie, Adrenalin, das aus allen Poren spritzt. Es macht Freude, Menschen dabei zuzusehen, was 210 Tage Alleinsein aus ihnen gemacht, wie sie gest\u00e4rkt und ein wenig wankend, Fuss zu fassen suchen und nun Landleben tanken. Fast k\u00f6nnte man meinen, dass Jean-Luc und Mark nach einem kurzen Snack bereit w\u00e4ren, zur Weiterreise \u2026 okay joking! Schlank und rank sind beide und auch ihre Sprache haben sie nicht verlernt.<\/p>\n<div id=\"attachment_19409\" style=\"width: 970px\" class=\"wp-caption aligncenter\"><img loading=\"lazy\" decoding=\"async\" aria-describedby=\"caption-attachment-19409\" class=\"size-full wp-image-19409\" src=\"https:\/\/windpilot.com\/blog\/wp-content\/uploads\/2019\/02\/IMG_4712-e1549306889960.jpeg\" alt=\"\" width=\"960\" height=\"1280\" srcset=\"https:\/\/windpilot.com\/blog\/wp-content\/uploads\/2019\/02\/IMG_4712-e1549306889960.jpeg 960w, https:\/\/windpilot.com\/blog\/wp-content\/uploads\/2019\/02\/IMG_4712-e1549306889960-225x300.jpeg 225w, https:\/\/windpilot.com\/blog\/wp-content\/uploads\/2019\/02\/IMG_4712-e1549306889960-768x1024.jpeg 768w\" sizes=\"auto, (max-width: 960px) 100vw, 960px\" \/><p id=\"caption-attachment-19409\" class=\"wp-caption-text\">credits Eli Van Den Broek<\/p><\/div>\n<p><span style=\"color: #000000;\"><span style=\"font-family: Times New Roman, serif;\"><span style=\"font-size: medium;\">Ganz anders bei den Heck Maschinen, die erkennbar ganz andere Geschichte erz\u00e4hlen, weil man sehen kann, welch Strapazen sie zu meistern hatten. Erkennbar n\u00e4mlich haben beide Steuersklaven, die Aries von Mark und die Hydrovane von Jean-Luc, eine Wellness Kur verdient, denn rein optisch werden sie scheinbar nur noch durch Leinen und Sperrholz in Gnaden zusammen gehalten. Immerhin, sie sind angekommen, das alleine z\u00e4hlt! Sie haben ihren Job getan, vermutlich ganz ohne ein b\u00f6ses Wort ihrer beider Herren, denen sie die Sklavenarbeit am Ruder fast in toto abgenommen haben. Die Geschichten dar\u00fcber werden wir sicher bald zu h\u00f6ren bekommen.<\/span><\/span><\/span><\/p>\n<p><span style=\"color: #000000;\"><span style=\"font-family: Times New Roman, serif;\"><span style=\"font-size: medium;\">Faktenerg\u00e4nzung zum Windvane striptease<\/span><\/span><\/span><\/p>\n<p>https:\/\/windpilot.com\/blog\/golden-globe-race\/don-mcintyre-ggr\/<\/p>\n<p><span style=\"color: #000000;\"><span style=\"font-family: Times New Roman, serif;\"><span style=\"font-size: medium;\">Die Aries von Mark h\u00e4tte vermutlich durchaus auf See verloren gehen k\u00f6nnen, wenn der aufmerksame Skipper nicht rechtzeitig eingegriffen h\u00e4tte. In einer schlauen Aktion hatte Mark unter Aufopferung Bord eigener M\u00f6belteile, etlicher Schrauben sowie ganzer Kartuschen Sikaflex seinem tapferen Steuermann ein St\u00fctzkorsett verpasst, das immerhin bis zum rettenden Hafen gehalten hat. <\/span><\/span><\/span><\/p>\n<div id=\"attachment_19410\" style=\"width: 970px\" class=\"wp-caption aligncenter\"><img loading=\"lazy\" decoding=\"async\" aria-describedby=\"caption-attachment-19410\" class=\"size-full wp-image-19410\" src=\"https:\/\/windpilot.com\/blog\/wp-content\/uploads\/2019\/02\/image5-e1549307003266.jpeg\" alt=\"\" width=\"960\" height=\"1280\" srcset=\"https:\/\/windpilot.com\/blog\/wp-content\/uploads\/2019\/02\/image5-e1549307003266.jpeg 960w, https:\/\/windpilot.com\/blog\/wp-content\/uploads\/2019\/02\/image5-e1549307003266-225x300.jpeg 225w, https:\/\/windpilot.com\/blog\/wp-content\/uploads\/2019\/02\/image5-e1549307003266-768x1024.jpeg 768w\" sizes=\"auto, (max-width: 960px) 100vw, 960px\" \/><p id=\"caption-attachment-19410\" class=\"wp-caption-text\">credits Eli Van Den Broek<\/p><\/div>\n<p><span style=\"color: #000000;\"><span style=\"font-family: Times New Roman, serif;\"><span style=\"font-size: medium;\">Die Hydrovane von Jean Luc wurde mit Leinen und Laschings am Leben und arbeitsf\u00e4hig erhalten, derweil sie ansonsten vermutlich den Dienst nicht bis zum Hafen durchgehalten h\u00e4tte. Aus einer Botschaft des Skippers ist bekannt, dass er Monate zuvor im Atlantik, nach Bruch des Scherbolzens, der das Ruderblatt am Schaft fixiert, vermutlich sein Hilfsruder h\u00e4tte verlieren k\u00f6nnen, wenn er nicht enorm schlau Vorkehrungen getroffen h\u00e4tte, damit genau dies Drama nicht passiert. Jean-Luc hatte eine Sicherungsleine derart kurz geschoren, dass das Ruder keine Chance hatte, nach unten ins tiefe Blau zu verschwinden. Sogar ein Minischlauchboot hatte der weise Schlaukopf an Bord, um einen neuen Scherbolzen einzusetzen, weil man anders diesen Platz dicht \u00fcber der Wasserlinie nicht von Deck h\u00e4tte erreichen k\u00f6nnen. Die Sicherungsleine ist noch heute deutlich zu erkennen.<\/span><\/span><\/span><\/p>\n<div id=\"attachment_19411\" style=\"width: 970px\" class=\"wp-caption aligncenter\"><img loading=\"lazy\" decoding=\"async\" aria-describedby=\"caption-attachment-19411\" class=\"size-full wp-image-19411\" src=\"https:\/\/windpilot.com\/blog\/wp-content\/uploads\/2019\/02\/image3-e1549307068879.jpeg\" alt=\"\" width=\"960\" height=\"1280\" srcset=\"https:\/\/windpilot.com\/blog\/wp-content\/uploads\/2019\/02\/image3-e1549307068879.jpeg 960w, https:\/\/windpilot.com\/blog\/wp-content\/uploads\/2019\/02\/image3-e1549307068879-225x300.jpeg 225w, https:\/\/windpilot.com\/blog\/wp-content\/uploads\/2019\/02\/image3-e1549307068879-768x1024.jpeg 768w\" sizes=\"auto, (max-width: 960px) 100vw, 960px\" \/><p id=\"caption-attachment-19411\" class=\"wp-caption-text\">credits Eli Van Den Broek<\/p><\/div>\n<p><span style=\"color: #000000;\"><span style=\"font-family: Times New Roman, serif;\"><span style=\"font-size: medium;\">Der Anblick etlicher Taljereeps am oberen Ende des Systems l\u00e4sst die Vermutung aufkommen, dass an der Anlage erhebliche Vibrationen stattgefunden haben m\u00fcssen. Und wir wissen alle, dass Vibrationen f\u00fcr jedes Material der Anfang vom Ende sein k\u00f6nnen &#8211; dem Bruch.<\/span><\/span><\/span><\/p>\n<p><span style=\"color: #000000;\"><span style=\"font-family: Times New Roman, serif;\"><span style=\"font-size: medium;\">Bei Marc und Jean-Luc sind Mensch und Maschine zu einer Einheit geworden, weil sie stillschweigend \u2013 und ohne gross zu jammern ! &#8211; auf einander acht gegeben haben und notwendige Massnahmen sowie Reparaturen vorgenommen haben. Wenn Mark im Podcast von seiner Aries Reparatur auf See berichtet, erfolgte dies sachlich und ganz ohne Vorwurf oder Entschuldigung irgendeiner Art. Bei Jean-Luc konnte man erst am Ziel sehen, dass auch er hatte weitere &#8222;Massnahmen ergreifen m\u00fcssen um sich Steuerfreiheit zu erhalten.<\/span><\/span><\/span><\/p>\n<p><span style=\"color: #000000;\"><span style=\"font-family: Times New Roman, serif;\"><span style=\"font-size: medium;\">F\u00fcr einen Hersteller von Windsteuersystemen sind diese beiden Athleten der Traum schlechthin, weil hier erkennbar geworden ist, dass die Segler ihren Anteil am Gelingen einer fruchtbaren Kooperation stillschweigend und ohne grosses Aufsehen erf\u00fcllt haben. Eine Zusammenarbeit in gegenseitigem Respekt f\u00fcr ein gemeinsames Ziel: Ankommen ohne Sklavenarbeit an der Pinne.<\/span><\/span><\/span><\/p>\n<p><span style=\"color: #000000;\"><span style=\"font-family: Times New Roman, serif;\"><span style=\"font-size: medium;\">Fast k\u00f6nnte ich dar\u00fcber neidisch werden, weil mir eine Zusammenarbeit idealerweise genau so vor Augen schwebt. Dies umso mehr, angesichts einer Erfahrung der ganz anderen Art, bei der ich \u2013 bzw. eines meiner Steuerkinder \u2013 sogar f\u00fcr den Bruch einer falsch gew\u00e4hlten Radsteueranlage verantwortlich gehalten werde. Wahrscheinlich allerdings sollte ich froh sein, dass mir nicht auch noch das schlechte Trinkwasser zur Last &#8230; oder von achtern in die Schuhe geschoben wird.<\/span><\/span><\/span><\/p>\n<p><span style=\"color: #000000;\"><span style=\"font-family: Times New Roman, serif;\"><span style=\"font-size: medium;\">I live and learn \u2013 nicht immer gern!<\/span><\/span><\/span><\/p>\n<p><span style=\"color: #000000;\"><span style=\"font-family: Times New Roman, serif;\"><span style=\"font-size: medium;\">Peter Foerthmann 04.02.2019<\/span><\/span><\/span><\/p>\n","protected":false},"excerpt":{"rendered":"<p>MENSCH UND MASCHINE Wer ist der Mac, wer hat gesteuert?\u00a0 wer ist der Sklave? oder war es etwa der Osterhase? Je l\u00e4nger eine Reise dauert, je weniger Crew an Bord desto klarer das Wort: Der Einhand Skipper kann\u00b4s jedenfalls nicht &hellip; <a href=\"https:\/\/windpilot.com\/blog\/columns\/peter-der-markt\/windvane-politics-2\/windv-striptease-2\/\">Weiterlesen <span class=\"meta-nav\">&rarr;<\/span><\/a><\/p>\n","protected":false},"author":1,"featured_media":0,"parent":21073,"menu_order":-1,"comment_status":"open","ping_status":"closed","template":"","meta":{"footnotes":""},"class_list":["post-19829","page","type-page","status-publish","hentry"],"_links":{"self":[{"href":"https:\/\/windpilot.com\/blog\/wp-json\/wp\/v2\/pages\/19829","targetHints":{"allow":["GET"]}}],"collection":[{"href":"https:\/\/windpilot.com\/blog\/wp-json\/wp\/v2\/pages"}],"about":[{"href":"https:\/\/windpilot.com\/blog\/wp-json\/wp\/v2\/types\/page"}],"author":[{"embeddable":true,"href":"https:\/\/windpilot.com\/blog\/wp-json\/wp\/v2\/users\/1"}],"replies":[{"embeddable":true,"href":"https:\/\/windpilot.com\/blog\/wp-json\/wp\/v2\/comments?post=19829"}],"version-history":[{"count":1,"href":"https:\/\/windpilot.com\/blog\/wp-json\/wp\/v2\/pages\/19829\/revisions"}],"predecessor-version":[{"id":19830,"href":"https:\/\/windpilot.com\/blog\/wp-json\/wp\/v2\/pages\/19829\/revisions\/19830"}],"up":[{"embeddable":true,"href":"https:\/\/windpilot.com\/blog\/wp-json\/wp\/v2\/pages\/21073"}],"wp:attachment":[{"href":"https:\/\/windpilot.com\/blog\/wp-json\/wp\/v2\/media?parent=19829"}],"curies":[{"name":"wp","href":"https:\/\/api.w.org\/{rel}","templated":true}]}}