{"id":2,"date":"2009-01-22T14:51:36","date_gmt":"2009-01-22T21:51:36","guid":{"rendered":"https:\/\/windpilot.com\/wordpress\/?page_id=2"},"modified":"2013-11-15T21:38:43","modified_gmt":"2013-11-16T04:38:43","slug":"welcome","status":"publish","type":"page","link":"https:\/\/windpilot.com\/blog\/impressum\/welcome\/","title":{"rendered":"Willkommen"},"content":{"rendered":"<p><div id=\"attachment_4719\" style=\"width: 650px\" class=\"wp-caption aligncenter\"><a href=\"https:\/\/windpilot.com\/blog\/wp-content\/uploads\/2009\/01\/Peter-auf-Aventura-klein.jpg\"><img loading=\"lazy\" decoding=\"async\" aria-describedby=\"caption-attachment-4719\" src=\"https:\/\/windpilot.com\/blog\/wp-content\/uploads\/2009\/01\/Peter-auf-Aventura-klein-682x1024.jpg\" alt=\"\" title=\"Peter auf Aventura klein\" width=\"640\" height=\"960\" class=\"size-large wp-image-4719\" srcset=\"https:\/\/windpilot.com\/blog\/wp-content\/uploads\/2009\/01\/Peter-auf-Aventura-klein-682x1024.jpg 682w, https:\/\/windpilot.com\/blog\/wp-content\/uploads\/2009\/01\/Peter-auf-Aventura-klein-200x300.jpg 200w, https:\/\/windpilot.com\/blog\/wp-content\/uploads\/2009\/01\/Peter-auf-Aventura-klein.jpg 2048w\" sizes=\"auto, (max-width: 640px) 100vw, 640px\" \/><\/a><p id=\"caption-attachment-4719\" class=\"wp-caption-text\">Peter on SV Aventura Trois in Le Havre<\/p><\/div>Dies ist die pers\u00f6nliche Plattform von Peter Foerthmann mit aktuellen, n\u00fctzlichen oder weniger n\u00fctzlichen Infos &#8211; kritischen Kommentaren &#8211; humorvollen Geschichten &#8211; keinswegs immer ernst zu nehmen &#8211; jedenfalls stets rings ums Segeln &#8211; also garantiert Ablenkung vom Leben an Land<\/p>\n<p>Sie finden hier ein BLOG PORTAL das Ihnen die Welt zu tausenden von Blue water Cruising People \u00f6ffnet, sicherlich der beste Weg, Informationen \u00fcber alle Reviere der Welt zu erhalten, dazu n\u00fctzliche Tipps und Tricks der Segler unterwegs.<\/p>\n<p>Peter Foerthmann<br \/>\n<div id=\"attachment_4721\" style=\"width: 650px\" class=\"wp-caption aligncenter\"><a href=\"https:\/\/windpilot.com\/blog\/wp-content\/uploads\/2009\/01\/P1020473.jpg\"><img loading=\"lazy\" decoding=\"async\" aria-describedby=\"caption-attachment-4721\" src=\"https:\/\/windpilot.com\/blog\/wp-content\/uploads\/2009\/01\/P1020473-1024x768.jpg\" alt=\"\" title=\"Peter \" width=\"640\" height=\"480\" class=\"size-large wp-image-4721\" srcset=\"https:\/\/windpilot.com\/blog\/wp-content\/uploads\/2009\/01\/P1020473-1024x768.jpg 1024w, https:\/\/windpilot.com\/blog\/wp-content\/uploads\/2009\/01\/P1020473-300x225.jpg 300w\" sizes=\"auto, (max-width: 640px) 100vw, 640px\" \/><\/a><p id=\"caption-attachment-4721\" class=\"wp-caption-text\">Peter on SV Pachanga in summer 2011<\/p><\/div><\/p>\n","protected":false},"excerpt":{"rendered":"<p>Dies ist die pers\u00f6nliche Plattform von Peter Foerthmann mit aktuellen, n\u00fctzlichen oder weniger n\u00fctzlichen Infos &#8211; kritischen Kommentaren &#8211; humorvollen Geschichten &#8211; keinswegs immer ernst zu nehmen &#8211; jedenfalls stets rings ums Segeln &#8211; also garantiert Ablenkung vom Leben an &hellip; <a href=\"https:\/\/windpilot.com\/blog\/impressum\/welcome\/\">Weiterlesen <span class=\"meta-nav\">&rarr;<\/span><\/a><\/p>\n","protected":false},"author":1,"featured_media":0,"parent":7470,"menu_order":1,"comment_status":"closed","ping_status":"closed","template":"","meta":{"footnotes":""},"class_list":["post-2","page","type-page","status-publish","hentry"],"_links":{"self":[{"href":"https:\/\/windpilot.com\/blog\/wp-json\/wp\/v2\/pages\/2","targetHints":{"allow":["GET"]}}],"collection":[{"href":"https:\/\/windpilot.com\/blog\/wp-json\/wp\/v2\/pages"}],"about":[{"href":"https:\/\/windpilot.com\/blog\/wp-json\/wp\/v2\/types\/page"}],"author":[{"embeddable":true,"href":"https:\/\/windpilot.com\/blog\/wp-json\/wp\/v2\/users\/1"}],"replies":[{"embeddable":true,"href":"https:\/\/windpilot.com\/blog\/wp-json\/wp\/v2\/comments?post=2"}],"version-history":[{"count":1,"href":"https:\/\/windpilot.com\/blog\/wp-json\/wp\/v2\/pages\/2\/revisions"}],"predecessor-version":[{"id":8959,"href":"https:\/\/windpilot.com\/blog\/wp-json\/wp\/v2\/pages\/2\/revisions\/8959"}],"up":[{"embeddable":true,"href":"https:\/\/windpilot.com\/blog\/wp-json\/wp\/v2\/pages\/7470"}],"wp:attachment":[{"href":"https:\/\/windpilot.com\/blog\/wp-json\/wp\/v2\/media?parent=2"}],"curies":[{"name":"wp","href":"https:\/\/api.w.org\/{rel}","templated":true}]}}