{"id":20251,"date":"2019-08-03T10:06:28","date_gmt":"2019-08-03T17:06:28","guid":{"rendered":"https:\/\/windpilot.com\/blog\/?page_id=20251"},"modified":"2019-08-03T21:59:32","modified_gmt":"2019-08-04T04:59:32","slug":"whangarei-nz","status":"publish","type":"page","link":"https:\/\/windpilot.com\/blog\/blogs\/deutsch-cruising-area\/pacific\/whangarei-nz\/","title":{"rendered":"Whangarei NZ"},"content":{"rendered":"<p><strong>ZWEIHUNDERT MAILS IN ACHT JAHREN!<\/strong><\/p>\n<p><img loading=\"lazy\" decoding=\"async\" src=\"https:\/\/windpilot.com\/blog\/wp-content\/uploads\/2019\/08\/Picture-1.jpg\" alt=\"\" width=\"1115\" height=\"761\" class=\"aligncenter size-full wp-image-20252\" srcset=\"https:\/\/windpilot.com\/blog\/wp-content\/uploads\/2019\/08\/Picture-1.jpg 1115w, https:\/\/windpilot.com\/blog\/wp-content\/uploads\/2019\/08\/Picture-1-300x205.jpg 300w, https:\/\/windpilot.com\/blog\/wp-content\/uploads\/2019\/08\/Picture-1-768x524.jpg 768w, https:\/\/windpilot.com\/blog\/wp-content\/uploads\/2019\/08\/Picture-1-1024x699.jpg 1024w\" sizes=\"auto, (max-width: 1115px) 100vw, 1115px\" \/><\/p>\n<p>Wir haben uns also was zu sagen! Und dabei ging es nie um das Thema Heckverzierung! Dies als Randbemerkung, nur um einmal zu beweisen, dass mir keineswegs immer nur das Dollarzeichen quer vor den Augen h\u00e4ngt und mein Blickfeld eingeschr\u00e4nkt!  <\/p>\n<p><img loading=\"lazy\" decoding=\"async\" src=\"https:\/\/windpilot.com\/blog\/wp-content\/uploads\/2019\/08\/Atlantis-am-Wind-auf-See.jpg\" alt=\"\" width=\"2310\" height=\"2070\" class=\"aligncenter size-full wp-image-20253\" srcset=\"https:\/\/windpilot.com\/blog\/wp-content\/uploads\/2019\/08\/Atlantis-am-Wind-auf-See.jpg 2310w, https:\/\/windpilot.com\/blog\/wp-content\/uploads\/2019\/08\/Atlantis-am-Wind-auf-See-300x269.jpg 300w, https:\/\/windpilot.com\/blog\/wp-content\/uploads\/2019\/08\/Atlantis-am-Wind-auf-See-768x688.jpg 768w, https:\/\/windpilot.com\/blog\/wp-content\/uploads\/2019\/08\/Atlantis-am-Wind-auf-See-1024x918.jpg 1024w\" sizes=\"auto, (max-width: 2310px) 100vw, 2310px\" \/><\/p>\n<p>F\u00fcr Nichteingeweihte: die ATLANTIS k\u00f6nnte jeden Hersteller von Klima schonenden Steuersklaven zur Verzweiflung bringen, weil ihr Achtersteven bis zu den Wolken reicht und zudem durch vier Fenster unterbrochen ist, damit der Eigner und seine Frau aus der Koje etwaige Verfolger, Aufkommer oder Kaperer von achtern beizeiten zu erkennen in der Lage sind, um sodann Gegenmassnahmen zu ergreifen! Schlau gemacht, zumal der Blick auf\u00b4s rauschende Kielwasser besser als Valium auf Augendeckel wirkt. <\/p>\n<p><img loading=\"lazy\" decoding=\"async\" src=\"https:\/\/windpilot.com\/blog\/wp-content\/uploads\/2019\/08\/Inge-y-Ernesto.jpg\" alt=\"\" width=\"819\" height=\"614\" class=\"aligncenter size-full wp-image-20254\" srcset=\"https:\/\/windpilot.com\/blog\/wp-content\/uploads\/2019\/08\/Inge-y-Ernesto.jpg 819w, https:\/\/windpilot.com\/blog\/wp-content\/uploads\/2019\/08\/Inge-y-Ernesto-300x225.jpg 300w, https:\/\/windpilot.com\/blog\/wp-content\/uploads\/2019\/08\/Inge-y-Ernesto-768x576.jpg 768w\" sizes=\"auto, (max-width: 819px) 100vw, 819px\" \/><\/p>\n<p>Zudem ist das Schiff als Schoner getakelt, f\u00fcr Laien: der vordere Mast wurde k\u00fcrzer abges\u00e4gt als der achtere, was in toto auf Fotos eine markantere Silhouette bringt, und als Wiedererkennungsmerkmal im t\u00e4glichen Umgang auf Ankerpl\u00e4tzen anderen Seglern schon mal Informationen avisiert: Freund oder Feind \u2013 man kann seinen Anker entsprechend schmeissen &#8211; oder besser: zur Kollisionsverhinderung lieber in die Mangroven abbiegen, weil 30 Tonnen stolzer deutscher Stahl, solide und elegant vom Skipper zusammengeschweisst, samt dem unter Deck nicht einzeln abgewogenem gesammeltem Hausstand Jahrzehnte langer Reisen, ein Argument darstellen, \u00fcber das man nicht all zu lange Nachdenken sollte, bevor man quer vom Havariespargel \u2013 Neudeutsch Kl\u00fcverbaum  &#8211; aufgespiesst, oder durch\u00b4s Wasserstag durchges\u00e4gt w\u00fcrde. Beides bl\u00f6d! <\/p>\n<p><img loading=\"lazy\" decoding=\"async\" src=\"https:\/\/windpilot.com\/blog\/wp-content\/uploads\/2019\/08\/s.3.jpg\" alt=\"\" width=\"585\" height=\"438\" class=\"aligncenter size-full wp-image-20255\" srcset=\"https:\/\/windpilot.com\/blog\/wp-content\/uploads\/2019\/08\/s.3.jpg 585w, https:\/\/windpilot.com\/blog\/wp-content\/uploads\/2019\/08\/s.3-300x225.jpg 300w\" sizes=\"auto, (max-width: 585px) 100vw, 585px\" \/><\/p>\n<p>Kurz: ein Schiff als Argument, dem man sich nicht entgegensetzen m\u00f6chte, zudem ein Statement des Erbauers, der mit diesem Argument still und stolz durch die Gegend pfl\u00fcgt, zumal er als Steuermann ohnehin \u00fcber vielen anderen Schiffen trohnt \u2026 auf die er herab sehen k\u00f6nnte \u2013 was er hingegen nicht praktiziert, was viele Segler best\u00e4tigen k\u00f6nnen, die ihn kennen lernen durften.<\/p>\n<p><img loading=\"lazy\" decoding=\"async\" src=\"https:\/\/windpilot.com\/blog\/wp-content\/uploads\/2019\/08\/SV-Atlantis.jpg\" alt=\"\" width=\"1028\" height=\"739\" class=\"aligncenter size-full wp-image-20256\" srcset=\"https:\/\/windpilot.com\/blog\/wp-content\/uploads\/2019\/08\/SV-Atlantis.jpg 1028w, https:\/\/windpilot.com\/blog\/wp-content\/uploads\/2019\/08\/SV-Atlantis-300x216.jpg 300w, https:\/\/windpilot.com\/blog\/wp-content\/uploads\/2019\/08\/SV-Atlantis-768x552.jpg 768w, https:\/\/windpilot.com\/blog\/wp-content\/uploads\/2019\/08\/SV-Atlantis-1024x736.jpg 1024w\" sizes=\"auto, (max-width: 1028px) 100vw, 1028px\" \/><\/p>\n<p>Es fing im Jahre 2010 so ganz harmlos und unverf\u00e4nglich an, wir hatten Gemeinsamkeiten entdeckt und festgestellt, dass wir qua Mitgliedsbeitrag dem gleichen \u201eVerein\u201c in Cuxhaven verbunden, der die Seelen vieler Segler enorm juckte. Leider ist mir der Name entfallen, hatte was mit Transit und Ozeanen zu tun, jedenfalls hatte dessen Oberen vermutlich gern schneidige Zweireiher mit doppelten Messingkn\u00f6pfen zur Uniform, da sie allesamt wohl keine Segler gewesen sind. Sie hatten statt dessen offenbar ein besonderes Verh\u00e4ltnis zur Vereinskasse, die ihnen allerdings \u2013 eigentlich! &#8211; gar nicht geh\u00f6rte! Alles recht \u00e4hnlich wie bei unz\u00e4hligen Kleingarten- oder Dackelz\u00fcchter Vereinen. Die Knete juckt \u2013 in die H\u00e4nde gespuckt \u2013 nicht hingeguckt \u2013 weg damit.<\/p>\n<p><img loading=\"lazy\" decoding=\"async\" src=\"https:\/\/windpilot.com\/blog\/wp-content\/uploads\/2019\/08\/Wir-im-Dingy.jpg\" alt=\"\" width=\"1434\" height=\"1076\" class=\"aligncenter size-full wp-image-20257\" srcset=\"https:\/\/windpilot.com\/blog\/wp-content\/uploads\/2019\/08\/Wir-im-Dingy.jpg 1434w, https:\/\/windpilot.com\/blog\/wp-content\/uploads\/2019\/08\/Wir-im-Dingy-300x225.jpg 300w, https:\/\/windpilot.com\/blog\/wp-content\/uploads\/2019\/08\/Wir-im-Dingy-768x576.jpg 768w, https:\/\/windpilot.com\/blog\/wp-content\/uploads\/2019\/08\/Wir-im-Dingy-1024x768.jpg 1024w\" sizes=\"auto, (max-width: 1434px) 100vw, 1434px\" \/><\/p>\n<p>Was ich allerdings nicht vergessen habe: jener Juckreiz hat mir zum Bloggen verholfen, besser: er hat mich getreten, denn ich wollte nicht nur meiner eigenen Meinung Fl\u00fcgel anmontieren, ich wollte den Verlautbarungen jenes \u201eVereinsgebildes\u201c sowie einer in dieser Causa merkw\u00fcrdig weltfremd agierenden Wasser Presse etwas entgegensetzen. Und das hat wunderbar geklappt! In der Folge haben wir gemeinsam mit einer grossen Zahl Unterst\u00fctzer, Spendengelder f\u00fcr Coby + Arnold Lelyfeld gesammelt, gerichtliche Scharm\u00fctzel ausgefochten, der Mitgliedergemeinschaft erstaunliche Details \u00fcber \u201eihren\u201c Verein unterbreitet, merkw\u00fcrdige \u201eUsancen\u201c in Bezug auf eine ganz besondere Krankenversicherung aufgedeckt \u2026 und vermutlich unseren Anteil daran, dass ein kompletter Vorstand \u201eausgewechselt\u201c werden musste. Ob es danach besser geworden ist? Das w\u00e4re eine Geschichte, die ich nicht repetieren m\u00f6chte, weil sie bereits aufgeschrieben worden ist.<\/p>\n<p>Ich hatte jedenfalls im Jahre 2011 \u201ePost\u201c aus Whangarei bekommen, Ankerplatz f\u00fcr Schiff und zwei Seelen, die im Jahre 2002 die Heimat verlassen haben \u2026 und in Neuseeland einen neuen Liege- und Lebensplatz gefunden hatten. Meine Antwort will ich wiedergeben:<\/p>\n<blockquote><p>Moin Ihr Zwei in Whangarei;<br \/>\nlang lang ist\u00b4s her, dass ich eine Zeiten in und rund um Russell \/ Bay of Island , verbracht, wo ich meine Kreise geschlagen habe in einer Weise, dass ich lebenslang immer dachte: Hey &#8211; da muss Du nochmal wieder hin! Bin dann allerdings immer wieder nur bis Auckland gekommen \u2026 Meine Plaene haben sich seit der Geburt des Internet geaendert &#8211; nun habe ich naemlich ganzjaehrig keine Zeit mehr, meinen ganz eigenen Traeumen hinterher zu segeln oder zu fliegen. <\/p>\n<p>Sei\u00b4s drum, Arbeit ist ja auch keine Beleidigung &#8211; und Kredite wollen bezahlt werden. Warum also nicht das Beste draus machen &#8211; und mit einem Lachen &#8211; die Windpilot und Lebenskiste einfach weiter geradeaus zu fahren. Mit der richtigen Deern an der Seite macht das Leben Spass &#8211; alles andere kuemmert sowieso kein Aas. <\/p>\n<p>So, und nun bin ich seit drei Monaten in Sachen TO engagiert &#8211; was draus wird?<\/p>\n<p>Legen wir uns gemeinsam auf die Mauer auf die Lauer &#8211; und warten ab, was sich da tut!<br \/>\nGUTEN RUTSCH &#8211; ich geh wieder an die Arbeit &#8211; zu etwas anderem ist das Wetter ohnehin zu schade&#8230;<br \/>\nherzlich von Down Under<br \/>\nPeter<\/p><\/blockquote>\n<p><img loading=\"lazy\" decoding=\"async\" src=\"https:\/\/windpilot.com\/blog\/wp-content\/uploads\/2019\/08\/Inge-in-Tin-Can-Bay.jpg\" alt=\"\" width=\"1075\" height=\"1433\" class=\"aligncenter size-full wp-image-20258\" srcset=\"https:\/\/windpilot.com\/blog\/wp-content\/uploads\/2019\/08\/Inge-in-Tin-Can-Bay.jpg 1075w, https:\/\/windpilot.com\/blog\/wp-content\/uploads\/2019\/08\/Inge-in-Tin-Can-Bay-225x300.jpg 225w, https:\/\/windpilot.com\/blog\/wp-content\/uploads\/2019\/08\/Inge-in-Tin-Can-Bay-768x1024.jpg 768w\" sizes=\"auto, (max-width: 1075px) 100vw, 1075px\" \/><\/p>\n<p>Es liegt in der Besonderheit meines beruflichen Umgangs, dass ich mit Menschen aller Nationen in Kontakt komme, die in ihrem Leben vielfach abseits normaler  Lebensverl\u00e4ufe eben auch besondere Charakterz\u00fcge entwickelt haben. Dazu geh\u00f6rt eine besondere Offenheit in der Kommunikation, die mich immer wieder schnell vom Kernthema Heckverzierung \u2026 zu den Dingen und Interessenlagen von besonderen Menschen Zugang finden l\u00e4sst. Gedankenaustausch jenseits schwimmender Immobilien, allerdings jederzeit auch gerne genau derselben. Nur durch Kommunikation lernt man eigene Standpunkte besser kennen, und wagt am Ende, auch vor sich selbst stramm zu stehen, erf\u00e4hrt, wie wichtig es ist, die eigene Meinung zu vertreten, nachdem man sie gr\u00fcndlich hat kennen lernen d\u00fcrfen. Ich lerne mit Wonne, wage zu differenzieren und respektiere andere Meinungen in Ehrfurcht. Vermutlich liegt hier das Geheimnis begraben, dass ich zu unterschiedlichen Charakteren recht einfach Zugang finde, was Spass bereitet, denn &#8222;Seifenblasenmenschen&#8220; sind nicht mein Ding.<\/p>\n<p>Inge und Ernst betreiben eine umfangreiche Website, in der Reise Erfahrungen, technische Berichte und ganz pers\u00f6nliche Einsch\u00e4tzungen niedergeschrieben, Zeugnis dar\u00fcber ablegen, was die Verfasser selbst erlebt, und wie sie politische Str\u00f6mungen aus der Ferne erleben und kritisch hinterfragen. <a href=\"http:\/\/www.atlantis-sail.de\/Meridian\/Meridian_Top_20.htm\">Eine geballte Lekt\u00fcre<\/a>, die schon mal Atemlosigkeit erzeugt.<\/p>\n<p><img loading=\"lazy\" decoding=\"async\" src=\"https:\/\/windpilot.com\/blog\/wp-content\/uploads\/2019\/08\/Picture-6.jpg\" alt=\"\" width=\"1119\" height=\"819\" class=\"aligncenter size-full wp-image-20259\" srcset=\"https:\/\/windpilot.com\/blog\/wp-content\/uploads\/2019\/08\/Picture-6.jpg 1119w, https:\/\/windpilot.com\/blog\/wp-content\/uploads\/2019\/08\/Picture-6-300x220.jpg 300w, https:\/\/windpilot.com\/blog\/wp-content\/uploads\/2019\/08\/Picture-6-768x562.jpg 768w, https:\/\/windpilot.com\/blog\/wp-content\/uploads\/2019\/08\/Picture-6-1024x749.jpg 1024w\" sizes=\"auto, (max-width: 1119px) 100vw, 1119px\" \/><\/p>\n<p>Erst k\u00fcrzlich wurde die Geschichte von <a href=\"https:\/\/www.dockland5.co.nz\/\">DOCKLAND 5 in Whangarei <\/a>gepostet, die Geschichte einer Werft am anderen Ende der Welt, die zur Heimat der ATLANTIS geworden ist. Sie ist <a href=\"http:\/\/www.atlantis-sail.de\/Maritim\/Reiseberichte\/Shipyard-Dockland-5-Whangarei-NZ-2019.htm\">hier nachzulesen<\/a>.<\/p>\n","protected":false},"excerpt":{"rendered":"<p>ZWEIHUNDERT MAILS IN ACHT JAHREN! Wir haben uns also was zu sagen! Und dabei ging es nie um das Thema Heckverzierung! Dies als Randbemerkung, nur um einmal zu beweisen, dass mir keineswegs immer nur das Dollarzeichen quer vor den Augen &hellip; <a href=\"https:\/\/windpilot.com\/blog\/blogs\/deutsch-cruising-area\/pacific\/whangarei-nz\/\">Weiterlesen <span class=\"meta-nav\">&rarr;<\/span><\/a><\/p>\n","protected":false},"author":1,"featured_media":0,"parent":15235,"menu_order":6,"comment_status":"open","ping_status":"closed","template":"","meta":{"footnotes":""},"class_list":["post-20251","page","type-page","status-publish","hentry"],"_links":{"self":[{"href":"https:\/\/windpilot.com\/blog\/wp-json\/wp\/v2\/pages\/20251","targetHints":{"allow":["GET"]}}],"collection":[{"href":"https:\/\/windpilot.com\/blog\/wp-json\/wp\/v2\/pages"}],"about":[{"href":"https:\/\/windpilot.com\/blog\/wp-json\/wp\/v2\/types\/page"}],"author":[{"embeddable":true,"href":"https:\/\/windpilot.com\/blog\/wp-json\/wp\/v2\/users\/1"}],"replies":[{"embeddable":true,"href":"https:\/\/windpilot.com\/blog\/wp-json\/wp\/v2\/comments?post=20251"}],"version-history":[{"count":3,"href":"https:\/\/windpilot.com\/blog\/wp-json\/wp\/v2\/pages\/20251\/revisions"}],"predecessor-version":[{"id":20265,"href":"https:\/\/windpilot.com\/blog\/wp-json\/wp\/v2\/pages\/20251\/revisions\/20265"}],"up":[{"embeddable":true,"href":"https:\/\/windpilot.com\/blog\/wp-json\/wp\/v2\/pages\/15235"}],"wp:attachment":[{"href":"https:\/\/windpilot.com\/blog\/wp-json\/wp\/v2\/media?parent=20251"}],"curies":[{"name":"wp","href":"https:\/\/api.w.org\/{rel}","templated":true}]}}