{"id":20660,"date":"2019-11-07T11:30:00","date_gmt":"2019-11-07T18:30:00","guid":{"rendered":"https:\/\/windpilot.com\/blog\/?page_id=20660"},"modified":"2024-08-18T09:44:35","modified_gmt":"2024-08-18T16:44:35","slug":"4-beine-in-2-laendern","status":"publish","type":"page","link":"https:\/\/windpilot.com\/blog\/biography\/4-beine-in-2-laendern\/","title":{"rendered":"4 Beine in 2 L\u00e4ndern"},"content":{"rendered":"<p><strong>HORMONELLE EMIGRANTEN &#8211; LEBEN IN EINEM ANDEREN ORBIT<\/strong><br \/>\n<img loading=\"lazy\" decoding=\"async\" src=\"https:\/\/windpilot.com\/blog\/wp-content\/uploads\/2019\/11\/IMG_1712.jpg\" alt=\"\" width=\"2048\" height=\"1536\" class=\"aligncenter size-full wp-image-20668\" srcset=\"https:\/\/windpilot.com\/blog\/wp-content\/uploads\/2019\/11\/IMG_1712.jpg 2048w, https:\/\/windpilot.com\/blog\/wp-content\/uploads\/2019\/11\/IMG_1712-300x225.jpg 300w, https:\/\/windpilot.com\/blog\/wp-content\/uploads\/2019\/11\/IMG_1712-768x576.jpg 768w, https:\/\/windpilot.com\/blog\/wp-content\/uploads\/2019\/11\/IMG_1712-1024x768.jpg 1024w\" sizes=\"auto, (max-width: 2048px) 100vw, 2048px\" \/><\/p>\n<p>Wer A sagt, ist sich vielfach \u00fcber den Rest des Alphabets nicht ganz im Klaren. Wer sein Herz einem Menschen anvertraut, dessen Wurzeln tief in Auslandserde stecken, hat Entscheidungen zu treffen, deren Folgen sorgf\u00e4ltig zu bedenken sind, bevor er sich in einer Falle wiederfindet, er als Appetithappen endet, oder komplett zerrissen, sich am Ende hier wie dort niemals zuhause angekommen \u2013 oder angenommen? &#8211;  f\u00fchlt. <\/p>\n<p><img loading=\"lazy\" decoding=\"async\" src=\"https:\/\/windpilot.com\/blog\/wp-content\/uploads\/2019\/11\/DSC00193.jpeg\" alt=\"\" width=\"800\" height=\"534\" class=\"aligncenter size-full wp-image-20683\" srcset=\"https:\/\/windpilot.com\/blog\/wp-content\/uploads\/2019\/11\/DSC00193.jpeg 800w, https:\/\/windpilot.com\/blog\/wp-content\/uploads\/2019\/11\/DSC00193-300x200.jpeg 300w, https:\/\/windpilot.com\/blog\/wp-content\/uploads\/2019\/11\/DSC00193-768x513.jpeg 768w\" sizes=\"auto, (max-width: 800px) 100vw, 800px\" \/><br \/>\nLebensverbindungen \u00fcber grosse Distanzen hinweg bed\u00fcrfen der Klarheit und Ehrlichkeit, wenn man Klippen umschiffen m\u00f6chte, die \u00fcberall im Wege liegen. F\u00fcr einen Mann, dessen Beziehungsverl\u00e4ufe h\u00e4ufig an mangelndem Respekt zerschellten, der ein Ende mit Schrecken stets dem Endlosdrama vorgezogen hat, dem die wichtigen Eckpunkte respektvollen Miteinanders immer wuchtiger ( kein Schreibfehler! ) geworden sind, ein roter Lebens Faden, der sogar im Dunkeln leuchtet. <\/p>\n<p><img loading=\"lazy\" decoding=\"async\" src=\"https:\/\/windpilot.com\/blog\/wp-content\/uploads\/2019\/11\/DSC00405.jpg\" alt=\"\" width=\"1280\" height=\"960\" class=\"aligncenter size-full wp-image-20698\" srcset=\"https:\/\/windpilot.com\/blog\/wp-content\/uploads\/2019\/11\/DSC00405.jpg 1280w, https:\/\/windpilot.com\/blog\/wp-content\/uploads\/2019\/11\/DSC00405-300x225.jpg 300w, https:\/\/windpilot.com\/blog\/wp-content\/uploads\/2019\/11\/DSC00405-768x576.jpg 768w, https:\/\/windpilot.com\/blog\/wp-content\/uploads\/2019\/11\/DSC00405-1024x768.jpg 1024w\" sizes=\"auto, (max-width: 1280px) 100vw, 1280px\" \/><br \/>\nDie Demarkationslinien des Entwurfs eines Zusammenlebens hatte meine damals zuk\u00fcnftige bessere H\u00e4lfte nach der ersten Beschnupperung fr\u00fchzeitig aufgezeichnet: sie sei nur im Doppelpack zu haben &#8211; gemeinsam mit ihrer Mutter, f\u00fcr die sie Verantwortung trage, lebenslang. Eine B\u00fcrde, die wir bis zum Tode meiner Schwiegermutter eisern gemeinsam getragen haben. F\u00fcr einen Homunkulus, dessen eigene Mutter bis \u00fcber den Tod hinaus zur Lebensheldin avancierte, eine Ansage, die ich auf der Zunge schmecken konnte. <\/p>\n<p><img loading=\"lazy\" decoding=\"async\" src=\"https:\/\/windpilot.com\/blog\/wp-content\/uploads\/2019\/11\/DSC00291.jpeg\" alt=\"\" width=\"1280\" height=\"853\" class=\"aligncenter size-full wp-image-20665\" srcset=\"https:\/\/windpilot.com\/blog\/wp-content\/uploads\/2019\/11\/DSC00291.jpeg 1280w, https:\/\/windpilot.com\/blog\/wp-content\/uploads\/2019\/11\/DSC00291-300x200.jpeg 300w, https:\/\/windpilot.com\/blog\/wp-content\/uploads\/2019\/11\/DSC00291-768x512.jpeg 768w, https:\/\/windpilot.com\/blog\/wp-content\/uploads\/2019\/11\/DSC00291-1024x682.jpeg 1024w\" sizes=\"auto, (max-width: 1280px) 100vw, 1280px\" \/><br \/>\nBeiden an diesem Lebensdeal beteiligten Herzens Menschen war der Ernst der Stunde kein Lippenbekenntnis, wir haben die Verantwortung mit Leben ausgef\u00fcllt, gelebt, gelitten, gearbeitet und uns nie gestritten, weil man in einer feindlich gesinnten sozialen Umgebung, nur in v\u00f6lliger \u00dcbereinstimmung \u00fcberhaupt bestehen kann, was f\u00fcr Mischehen aus zwei Nationen insbesondere gilt, weil hier wie dort Vorbehalte und Vorverurteilungen nonchalant wie br\u00e4sig, hinter jeder Ecke lauern und stets in Stellung sind. Denn:  das schnellste Urteil heisst weltweit Vorurteil!<\/p>\n<p><img loading=\"lazy\" decoding=\"async\" src=\"https:\/\/windpilot.com\/blog\/wp-content\/uploads\/2019\/11\/DSC00188.jpeg\" alt=\"\" width=\"1280\" height=\"853\" class=\"aligncenter size-full wp-image-20666\" srcset=\"https:\/\/windpilot.com\/blog\/wp-content\/uploads\/2019\/11\/DSC00188.jpeg 1280w, https:\/\/windpilot.com\/blog\/wp-content\/uploads\/2019\/11\/DSC00188-300x200.jpeg 300w, https:\/\/windpilot.com\/blog\/wp-content\/uploads\/2019\/11\/DSC00188-768x512.jpeg 768w, https:\/\/windpilot.com\/blog\/wp-content\/uploads\/2019\/11\/DSC00188-1024x682.jpeg 1024w\" sizes=\"auto, (max-width: 1280px) 100vw, 1280px\" \/><br \/>\nWenn ich hier, zeitversetzt um 1,5 Dekaden, ein paar Puzzlesteine offen aneinanderlege, sie zusammenf\u00fcge, ein Bild zeichne, wie die Zeit vorbei gesaust, erstaunt mich der Rundumblick, in dessen Mittelpunkt zwei Menschen stehen, die Ihr Leben 24 Std \/ 365 Tage gemeinsam machen \u2013 ohne Punkt und Komma. Ich nenne es Leben in einem Bermuda Dreieck, dessen dritter Part die Wasserkante ist. Dass wir dar\u00fcber nie Zeit f\u00fcr Urlaub hatten \u2013 Peanuts \u2013 es war einfach keine Zeit, daran Gedanken zu verschwenden, was keinesfalls eine Floskel ist.<\/p>\n<blockquote class=\"wp-embedded-content\" data-secret=\"a6j28msJtm\"><p><a href=\"https:\/\/windpilot.com\/blog\/news\/2018-resuemee\/\">2018 Res\u00fcmee<\/a><\/p><\/blockquote>\n<p><iframe loading=\"lazy\" class=\"wp-embedded-content\" sandbox=\"allow-scripts\" security=\"restricted\" style=\"position: absolute; visibility: hidden;\" title=\"&#8222;2018 Res\u00fcmee&#8220; &#8212; Windpilot Blog\" src=\"https:\/\/windpilot.com\/blog\/news\/2018-resuemee\/embed\/#?secret=qrVHfHiJTp#?secret=a6j28msJtm\" data-secret=\"a6j28msJtm\" width=\"600\" height=\"338\" frameborder=\"0\" marginwidth=\"0\" marginheight=\"0\" scrolling=\"no\"><\/iframe><\/p>\n<p>Wir finden in Polen gemeinsam statt, das auch f\u00fcr mich zu einem Zuhause geworden ist, wie ich verwundert festzustellen habe, obwohl mir die Landessprache immer noch fremd, ich mir allerdings mit Tricks und Eselsbr\u00fccken zu helfen weiss. Ist nat\u00fcrlich praktisch, wenn man ein Sprachgenie an der Seite hat, die durch doppelte Sprechgeschwindigkeit simultan das \u00dcbersetzen erledigen kann. So schwimme ich in meiner zweiten Heimat wie ein Fisch im Wasser, ganz ohne Sprechblasen abzusondern, weil ich dort im Doppelpack mit meiner besseren H\u00e4lfte wahrgenommen und respektiert werde. Urs\u00e4chlich, dass wir, auch wenn absent, stets pr\u00e4sent und f\u00fcr viele Menschen zur Anlaufstelle avanciert sind, wenn es darum geht, zu helfen, weil bald jeder im Dorf und Umgebung unsere Lebens Spielregeln kennt, die transparent, stets von Emphase geleitet sind, und Respekt! Wer diesen zu leisten nicht im Stande ist, f\u00fcr den haben wir in unserem Leben keine Verwendung. Es hat Jahre gebraucht, sich aus den Tentakeln von Vorw\u00fcrfen zu befreien, g\u00e4ngiges Ping Pong Spiel, bei dem Menschen mit Emphase allzu leicht unterliegen.<\/p>\n<p><img loading=\"lazy\" decoding=\"async\" src=\"https:\/\/windpilot.com\/blog\/wp-content\/uploads\/2019\/11\/BigProp.jpg\" alt=\"\" width=\"1023\" height=\"682\" class=\"aligncenter size-full wp-image-20689\" srcset=\"https:\/\/windpilot.com\/blog\/wp-content\/uploads\/2019\/11\/BigProp.jpg 1023w, https:\/\/windpilot.com\/blog\/wp-content\/uploads\/2019\/11\/BigProp-300x200.jpg 300w, https:\/\/windpilot.com\/blog\/wp-content\/uploads\/2019\/11\/BigProp-768x512.jpg 768w\" sizes=\"auto, (max-width: 1023px) 100vw, 1023px\" \/><br \/>\nKeep clear of Propeller, weil er Hackfleisch aus dir machen k\u00f6nnte, weil \u00fcbergriffige Menschen nur Einbahnstrassen kennen, auf denen sie mit scharfen Ellenbogen unterwegs. Eine Lektion, die Jahrzehnte dauern kann, wir haben dies Erfahrungstal zu zweit durchschritten, sind dabei nachdenklicher und besonnener geworden, schauen genauer hin, insbesondere, wenn neue Menschen um die Ecke kommen.<\/p>\n<p><strong>HALLOWEEN UND ALLERHEILIGEN<\/strong><br \/>\n<img loading=\"lazy\" decoding=\"async\" src=\"https:\/\/windpilot.com\/blog\/wp-content\/uploads\/2019\/11\/Friedhof-Zukowo-Kopie.jpg\" alt=\"\" width=\"2560\" height=\"1920\" class=\"aligncenter size-full wp-image-20670\" srcset=\"https:\/\/windpilot.com\/blog\/wp-content\/uploads\/2019\/11\/Friedhof-Zukowo-Kopie.jpg 2560w, https:\/\/windpilot.com\/blog\/wp-content\/uploads\/2019\/11\/Friedhof-Zukowo-Kopie-300x225.jpg 300w, https:\/\/windpilot.com\/blog\/wp-content\/uploads\/2019\/11\/Friedhof-Zukowo-Kopie-768x576.jpg 768w, https:\/\/windpilot.com\/blog\/wp-content\/uploads\/2019\/11\/Friedhof-Zukowo-Kopie-1024x768.jpg 1024w\" sizes=\"auto, (max-width: 2560px) 100vw, 2560px\" \/><\/p>\n<p>Ist es nicht eigenartig, dass viele Menschen scheinbar erst nach ihrem Tode Respekt erfahren? Nur, weil sie dann zu k\u00e4mpfen aufgeh\u00f6rt haben oder sich nicht mehr wehren k\u00f6nnen? Ich empfinde die Zeremonien zu Allerheiligen als einen Widerspruch, der f\u00fcr mich immer gr\u00f6sser wird, je mehr ich die sozialen Abl\u00e4ufe und famili\u00e4ren Verhaltensweisen, teils mit angehaltenem Atem! &#8211; kennen gelernt habe. Ein Riss, der sich durch Familien zieht, was in kleinem Dorfverbund erschreckend verbreitet zu erkennen ist. Fast bin ich versucht, zu denken, dass der Kampf auf dem Friedhof, wenngleich mit anderen Mitteln, seine Fortsetzung zu finden scheint, nicht nur, weil oder wenn Blumenschmuck von Gr\u00e4bern entfernt oder gar geklaut, sodann anderweitig Wiederverwendung findet. <\/p>\n<p><img loading=\"lazy\" decoding=\"async\" src=\"https:\/\/windpilot.com\/blog\/wp-content\/uploads\/2019\/11\/Roothaar-Marzena.jpg\" alt=\"\" width=\"3436\" height=\"2542\" class=\"aligncenter size-full wp-image-20662\" srcset=\"https:\/\/windpilot.com\/blog\/wp-content\/uploads\/2019\/11\/Roothaar-Marzena.jpg 3436w, https:\/\/windpilot.com\/blog\/wp-content\/uploads\/2019\/11\/Roothaar-Marzena-300x222.jpg 300w, https:\/\/windpilot.com\/blog\/wp-content\/uploads\/2019\/11\/Roothaar-Marzena-768x568.jpg 768w, https:\/\/windpilot.com\/blog\/wp-content\/uploads\/2019\/11\/Roothaar-Marzena-1024x758.jpg 1024w\" sizes=\"auto, (max-width: 3436px) 100vw, 3436px\" \/><\/p>\n<p>Menschlicher Umgang im Dorfverbund zeigt gnadenlos, welche Werte heute scheinbar einzig wichtig sind, soziale Netzwerke verursachen Kahlschlag in Nachbarschaftsstrukturen, wer zuerst zuckt, hat bereits verloren, wenn er seine schwache Seite zeigt und mit den Folgen fortan zu k\u00e4mpfen hat. Auf unsere Frage nach der Meinungslosigkeit einer Bekannten haben wir k\u00fcrzlich diese Antwort erhalten: \u201eich muss hier schliesslich weiter leben, will mir eine offene Meinung darum ersparen\u201c. <\/p>\n<p><img loading=\"lazy\" decoding=\"async\" src=\"https:\/\/windpilot.com\/blog\/wp-content\/uploads\/2019\/11\/2-Ma\u0308del-Geist.jpg\" alt=\"\" width=\"3460\" height=\"2568\" class=\"aligncenter size-full wp-image-20675\" srcset=\"https:\/\/windpilot.com\/blog\/wp-content\/uploads\/2019\/11\/2-Ma\u0308del-Geist.jpg 3460w, https:\/\/windpilot.com\/blog\/wp-content\/uploads\/2019\/11\/2-Ma\u0308del-Geist-300x223.jpg 300w, https:\/\/windpilot.com\/blog\/wp-content\/uploads\/2019\/11\/2-Ma\u0308del-Geist-768x570.jpg 768w, https:\/\/windpilot.com\/blog\/wp-content\/uploads\/2019\/11\/2-Ma\u0308del-Geist-1024x760.jpg 1024w\" sizes=\"auto, (max-width: 3460px) 100vw, 3460px\" \/><br \/>\nHalloween und Allerheiligen werden zum Prisma, fast wie beim Murmeltier, das stets und immer wieder gr\u00fcsst, wenn es allj\u00e4hrlich um die Ecke biegt. Die Riten beim heiligen Feiertag werden von kirchlichen W\u00fcrdentr\u00e4gern bestimmt, denen die Gemeinde sich still zu f\u00fcgen hat, will sie nicht aus der Herde ausbrechen und sich vor aller Augen preisgeben, oder gar blamieren. Bei Halloween hingegen sind wir  Kapit\u00e4ne \u00fcber Regeln und bestimmen, wie der Tag und Abend zu verlaufen hat, entsprechend fr\u00f6hlich geht es zu. Kann nicht jeder vertragen!<\/p>\n<p><img loading=\"lazy\" decoding=\"async\" src=\"https:\/\/windpilot.com\/blog\/wp-content\/uploads\/2019\/11\/IMG_1839.jpeg\" alt=\"\" width=\"1280\" height=\"960\" class=\"aligncenter size-full wp-image-20676\" srcset=\"https:\/\/windpilot.com\/blog\/wp-content\/uploads\/2019\/11\/IMG_1839.jpeg 1280w, https:\/\/windpilot.com\/blog\/wp-content\/uploads\/2019\/11\/IMG_1839-300x225.jpeg 300w, https:\/\/windpilot.com\/blog\/wp-content\/uploads\/2019\/11\/IMG_1839-768x576.jpeg 768w, https:\/\/windpilot.com\/blog\/wp-content\/uploads\/2019\/11\/IMG_1839-1024x768.jpeg 1024w\" sizes=\"auto, (max-width: 1280px) 100vw, 1280px\" \/><\/p>\n<p>So konnte sich \u00fcber viele Jahre eine Veranstaltung entwickeln, der viele Kinder im Dorf ungeduldig entgegenfiebern, nicht nur, weil sich herumgesprochen hat, dass es bei uns ausser Karamel und Kleingeld auch noch Freundlichkeit und menschliche W\u00e4rme zu holen gibt. Ein Lauffeuer mit atemberaubendem Ergebnis, denn er werden Kost\u00fcme gebastelt und die Kinder Karawane wird stetig gr\u00f6sser, wir haben dieses Jahr ganze K\u00f6rbe voller S\u00fcssigkeiten vorbereitet. \u00dcbriggeblieben ist &#8230; nichts! <\/p>\n<p><img loading=\"lazy\" decoding=\"async\" src=\"https:\/\/windpilot.com\/blog\/wp-content\/uploads\/2019\/11\/P1020383.jpeg\" alt=\"\" width=\"1280\" height=\"960\" class=\"aligncenter size-full wp-image-20677\" srcset=\"https:\/\/windpilot.com\/blog\/wp-content\/uploads\/2019\/11\/P1020383.jpeg 1280w, https:\/\/windpilot.com\/blog\/wp-content\/uploads\/2019\/11\/P1020383-300x225.jpeg 300w, https:\/\/windpilot.com\/blog\/wp-content\/uploads\/2019\/11\/P1020383-768x576.jpeg 768w, https:\/\/windpilot.com\/blog\/wp-content\/uploads\/2019\/11\/P1020383-1024x768.jpeg 1024w\" sizes=\"auto, (max-width: 1280px) 100vw, 1280px\" \/><br \/>\nZunehmend erscheinen auch Kinder, die in den Vorjahren an unserer T\u00fcr noch nicht aufgefallen sind, vermutlich weil hier oder dort die Regierungen sie einfach nicht losgelassen haben. Denkw\u00fcrdiger Wortwechsel mit dem Nachbars Sohn Krzysztof, 14 Jahre alt: Frage meiner Frau: Hey Krzysztof, nett dich zu sehen, kannst Du mir sagen, warum Du die vielen Jahre zuvor nicht einmal Guten Tag gesagt hast, wenn du an unserem Hof vorbei gegangen bist? Antwort: \u201eweil ich jung und dumm war\u201c! Authentizit\u00e4t bis zum Herzstillstand, unsere Herzen machten einen Freudensprung! <\/p>\n<p><img loading=\"lazy\" decoding=\"async\" src=\"https:\/\/windpilot.com\/blog\/wp-content\/uploads\/2019\/11\/Gru\u0308ngeist.jpg\" alt=\"\" width=\"3000\" height=\"2352\" class=\"aligncenter size-full wp-image-20663\" srcset=\"https:\/\/windpilot.com\/blog\/wp-content\/uploads\/2019\/11\/Gru\u0308ngeist.jpg 3000w, https:\/\/windpilot.com\/blog\/wp-content\/uploads\/2019\/11\/Gru\u0308ngeist-300x235.jpg 300w, https:\/\/windpilot.com\/blog\/wp-content\/uploads\/2019\/11\/Gru\u0308ngeist-768x602.jpg 768w, https:\/\/windpilot.com\/blog\/wp-content\/uploads\/2019\/11\/Gru\u0308ngeist-1024x803.jpg 1024w\" sizes=\"auto, (max-width: 3000px) 100vw, 3000px\" \/><br \/>\nAm interessantesten ist die lange Halloween Nacht mit vielen Jugendlichen aus Dorf und Umgebung, die sogar vorab in Hamburg anrufen, um nachzufragen, ob die Party wieder stattfinden werde, die zu uns kommen, um einen Abend der besonderen Art zu erleben, sich mit Menschen auszutauschen, die zuh\u00f6ren, denen sie ihre Geschichten und Probleme berichten und weitertragen k\u00f6nnen. Menschen, die sogar Fragen stellen und mit grossen Ohren die Antworten aufsaugen.<\/p>\n<p><img loading=\"lazy\" decoding=\"async\" src=\"https:\/\/windpilot.com\/blog\/wp-content\/uploads\/2019\/11\/P1020964.jpeg\" alt=\"\" width=\"1280\" height=\"960\" class=\"aligncenter size-full wp-image-20678\" srcset=\"https:\/\/windpilot.com\/blog\/wp-content\/uploads\/2019\/11\/P1020964.jpeg 1280w, https:\/\/windpilot.com\/blog\/wp-content\/uploads\/2019\/11\/P1020964-300x225.jpeg 300w, https:\/\/windpilot.com\/blog\/wp-content\/uploads\/2019\/11\/P1020964-768x576.jpeg 768w, https:\/\/windpilot.com\/blog\/wp-content\/uploads\/2019\/11\/P1020964-1024x768.jpeg 1024w\" sizes=\"auto, (max-width: 1280px) 100vw, 1280px\" \/><br \/>\nJunge Menschen allesamt, die ihr Leben mit Sorgfalt in die H\u00e4nde genommen haben, die ihre M\u00fctter vor den Schl\u00e4gen ihrer trunks\u00fcchtigen V\u00e4tern besch\u00fctzen, die weder Drogen noch andere Bet\u00e4ubungsmittel zu sich nehmen, sogar im Sitzen pinkeln, die zu einander halten wie Pech und Schwefel, sich nach einer anderen Zukunft sehnen, die realisieren, dass berufliches Weiterkommen in der menschenarmen Region in Nordpolen vermutlich nicht zu realisieren ist, die dar\u00fcber auch schon manchmal verzweifelt sind. Junge Menschen, in deren Augen der Lebenwille ungeduldig blitzt, die sich voller Elan nach einem Weg sehnen, der zun\u00e4chst erstmal das WECH bedeutet, weg aus der Heimat, ahnend, dass dieser Weg steinig werden k\u00f6nnte. <\/p>\n<p><img loading=\"lazy\" decoding=\"async\" src=\"https:\/\/windpilot.com\/blog\/wp-content\/uploads\/2019\/11\/IMG_5406.jpeg\" alt=\"\" width=\"1280\" height=\"960\" class=\"aligncenter size-full wp-image-20679\" srcset=\"https:\/\/windpilot.com\/blog\/wp-content\/uploads\/2019\/11\/IMG_5406.jpeg 1280w, https:\/\/windpilot.com\/blog\/wp-content\/uploads\/2019\/11\/IMG_5406-300x225.jpeg 300w, https:\/\/windpilot.com\/blog\/wp-content\/uploads\/2019\/11\/IMG_5406-768x576.jpeg 768w, https:\/\/windpilot.com\/blog\/wp-content\/uploads\/2019\/11\/IMG_5406-1024x768.jpeg 1024w\" sizes=\"auto, (max-width: 1280px) 100vw, 1280px\" \/><br \/>\nHerzzerreissend zu erleben, wie drei Br\u00fcder zueinander halten, sich gegenseitig helfen und unterst\u00fctzen, wenn der Eine, Darek, seinem  Bruder, f\u00fcr 1.000 Zloty ( \u20ac 250,00 ) ein Auto kauft, damit er wenigstens die Gewissheit hat, dass die 4 R\u00e4der des Wagens auch mit der Lenkung zusammen h\u00e4ngen, und der Bruder nicht im Graben landet!<\/p>\n<p><img loading=\"lazy\" decoding=\"async\" src=\"https:\/\/windpilot.com\/blog\/wp-content\/uploads\/2019\/11\/IMG_3465.jpeg\" alt=\"\" width=\"1280\" height=\"960\" class=\"aligncenter size-full wp-image-20693\" srcset=\"https:\/\/windpilot.com\/blog\/wp-content\/uploads\/2019\/11\/IMG_3465.jpeg 1280w, https:\/\/windpilot.com\/blog\/wp-content\/uploads\/2019\/11\/IMG_3465-300x225.jpeg 300w, https:\/\/windpilot.com\/blog\/wp-content\/uploads\/2019\/11\/IMG_3465-768x576.jpeg 768w, https:\/\/windpilot.com\/blog\/wp-content\/uploads\/2019\/11\/IMG_3465-1024x768.jpeg 1024w\" sizes=\"auto, (max-width: 1280px) 100vw, 1280px\" \/><br \/>\nWenn ich als stiller Beobachter auf dieses Dorf schaue, in dem meine Frau geboren, kurz darauf sich bereits selbst \u00fcberlassen, jeden Winkel, jeden Baum und jede Seele kennt, die ihre Heimat in tiefer Trauer mit kleinstem Gep\u00e4ck in ungewisse Ferne und Einsamkeit verlassen, unendlich gelitten und sich durchgebissen hat, wir einander getroffen haben und hernach gemeinsam wieder zu ihren Wurzeln zur\u00fcckgekehrt sind, so erkenne ich, wieviel W\u00e4rme sie in diesem Dorf hinterlassen hat, die ihr zeitversetzt heute entgegenschl\u00e4gt, fast, als w\u00e4re sie nie fortgewesen. Auch wenn wir in Polen nur wochenweise unsere Zelte aufschlagen, so sind wir permanent pr\u00e4sent, weil wir dort Aufgaben erf\u00fcllen, die uns wichtig sind. Es sind die Jungen und die Alten, denen unser Herz geh\u00f6rt, denen wir helfen, denen wir Besch\u00e4ftigung und Arbeit geben, von denen wir leider schon einige zu Grabe getragen haben, allzu oft in einem Alter, erheblich geringer als ich selbst.<\/p>\n<p>Ein Mikrokosmos der besonderen Art, der nach dem Herzen greift, insbesondere wenn man viel von die Welt draussen gesehen hat.<\/p>\n<p>6.11.2019<br \/>\nPeter Foerthmann<br \/>\n<img loading=\"lazy\" decoding=\"async\" src=\"https:\/\/windpilot.com\/blog\/wp-content\/uploads\/2019\/10\/Peter-Lions-150x150.jpg\" alt=\"\" width=\"150\" height=\"150\" class=\"alignleft size-thumbnail wp-image-20583\" srcset=\"https:\/\/windpilot.com\/blog\/wp-content\/uploads\/2019\/10\/Peter-Lions-150x150.jpg 150w, https:\/\/windpilot.com\/blog\/wp-content\/uploads\/2019\/10\/Peter-Lions-300x300.jpg 300w, https:\/\/windpilot.com\/blog\/wp-content\/uploads\/2019\/10\/Peter-Lions-768x765.jpg 768w, https:\/\/windpilot.com\/blog\/wp-content\/uploads\/2019\/10\/Peter-Lions-1024x1020.jpg 1024w, https:\/\/windpilot.com\/blog\/wp-content\/uploads\/2019\/10\/Peter-Lions.jpg 1700w\" sizes=\"auto, (max-width: 150px) 100vw, 150px\" \/><\/p>\n","protected":false},"excerpt":{"rendered":"<p>HORMONELLE EMIGRANTEN &#8211; LEBEN IN EINEM ANDEREN ORBIT Wer A sagt, ist sich vielfach \u00fcber den Rest des Alphabets nicht ganz im Klaren. Wer sein Herz einem Menschen anvertraut, dessen Wurzeln tief in Auslandserde stecken, hat Entscheidungen zu treffen, deren &hellip; <a href=\"https:\/\/windpilot.com\/blog\/biography\/4-beine-in-2-laendern\/\">Weiterlesen <span class=\"meta-nav\">&rarr;<\/span><\/a><\/p>\n","protected":false},"author":1,"featured_media":0,"parent":4472,"menu_order":14,"comment_status":"open","ping_status":"closed","template":"","meta":{"footnotes":""},"class_list":["post-20660","page","type-page","status-publish","hentry"],"_links":{"self":[{"href":"https:\/\/windpilot.com\/blog\/wp-json\/wp\/v2\/pages\/20660","targetHints":{"allow":["GET"]}}],"collection":[{"href":"https:\/\/windpilot.com\/blog\/wp-json\/wp\/v2\/pages"}],"about":[{"href":"https:\/\/windpilot.com\/blog\/wp-json\/wp\/v2\/types\/page"}],"author":[{"embeddable":true,"href":"https:\/\/windpilot.com\/blog\/wp-json\/wp\/v2\/users\/1"}],"replies":[{"embeddable":true,"href":"https:\/\/windpilot.com\/blog\/wp-json\/wp\/v2\/comments?post=20660"}],"version-history":[{"count":22,"href":"https:\/\/windpilot.com\/blog\/wp-json\/wp\/v2\/pages\/20660\/revisions"}],"predecessor-version":[{"id":20706,"href":"https:\/\/windpilot.com\/blog\/wp-json\/wp\/v2\/pages\/20660\/revisions\/20706"}],"up":[{"embeddable":true,"href":"https:\/\/windpilot.com\/blog\/wp-json\/wp\/v2\/pages\/4472"}],"wp:attachment":[{"href":"https:\/\/windpilot.com\/blog\/wp-json\/wp\/v2\/media?parent=20660"}],"curies":[{"name":"wp","href":"https:\/\/api.w.org\/{rel}","templated":true}]}}