{"id":21116,"date":"2019-12-14T05:58:54","date_gmt":"2019-12-14T12:58:54","guid":{"rendered":"https:\/\/windpilot.com\/blog\/?page_id=21116"},"modified":"2021-01-13T09:51:09","modified_gmt":"2021-01-13T16:51:09","slug":"ggr-no-windpilot","status":"publish","type":"page","link":"https:\/\/windpilot.com\/blog\/columns\/peter-der-markt\/sponsoring\/ggr-no-windpilot\/","title":{"rendered":"GGR &#8211; no Windpilot"},"content":{"rendered":"<p><strong>REGELN NACH GUTSHERRENART<\/strong><br \/>\n<img loading=\"lazy\" decoding=\"async\" src=\"https:\/\/windpilot.com\/blog\/wp-content\/uploads\/2019\/09\/puppenspielerpeter-Kopie.jpeg\" alt=\"\" width=\"1280\" height=\"904\" class=\"aligncenter size-full wp-image-20277\" srcset=\"https:\/\/windpilot.com\/blog\/wp-content\/uploads\/2019\/09\/puppenspielerpeter-Kopie.jpeg 1280w, https:\/\/windpilot.com\/blog\/wp-content\/uploads\/2019\/09\/puppenspielerpeter-Kopie-300x212.jpeg 300w, https:\/\/windpilot.com\/blog\/wp-content\/uploads\/2019\/09\/puppenspielerpeter-Kopie-768x542.jpeg 768w, https:\/\/windpilot.com\/blog\/wp-content\/uploads\/2019\/09\/puppenspielerpeter-Kopie-1024x723.jpeg 1024w\" sizes=\"auto, (max-width: 1280px) 100vw, 1280px\" \/><\/p>\n<p>Zwei Monate weiter ist Bewegung in die Spielregeln gekommen. Hat sich etwa der Berg bewegt \u2026  oder gar der Veranstalter sich gedreht? Die NOR 2022 jedenfalls lassen erkennen, dass man nachgedacht, ein paar Hausarbeiten gemacht, hier und dort Regeln nachjustiert, wobei ich als Spezialist f\u00fcr Heckverzierungen mich eben nur auf  diese kapriziere, weil ich dabei mit den Beinen auf Tatsachen stehe, mich Haifischen somit nicht zum Frasse vorzuwerfen habe, wenn oder weil ich  auf zu d\u00fcnnem Eis gestanden, eingebrochen und den Fischen mit dem breiten Grinsen in die Augen zu schauen h\u00e4tte. Jedenfalls sind in einem Regelwerk von 63 Seiten nur wenige Zeilen f\u00fcr mich relevant, unscheinbar zun\u00e4chst, gleichwohl voller Brisanz.<\/p>\n<blockquote class=\"wp-embedded-content\" data-secret=\"tjYA25C8t8\"><p><a href=\"https:\/\/windpilot.com\/blog\/golden-globe-race\/ggr-2022-neues-aus-der-manege\/\">GGR &#8211; no Windpilot<\/a><\/p><\/blockquote>\n<p><iframe loading=\"lazy\" class=\"wp-embedded-content\" sandbox=\"allow-scripts\" security=\"restricted\" style=\"position: absolute; clip: rect(1px, 1px, 1px, 1px);\" title=\"&#8222;GGR &#8211; no Windpilot&#8220; &#8212; Windpilot Blog\" src=\"https:\/\/windpilot.com\/blog\/golden-globe-race\/ggr-2022-neues-aus-der-manege\/embed\/#?secret=wPjzgrP8vB#?secret=tjYA25C8t8\" data-secret=\"tjYA25C8t8\" width=\"600\" height=\"338\" frameborder=\"0\" marginwidth=\"0\" marginheight=\"0\" scrolling=\"no\"><\/iframe><\/p>\n","protected":false},"excerpt":{"rendered":"<p>REGELN NACH GUTSHERRENART Zwei Monate weiter ist Bewegung in die Spielregeln gekommen. Hat sich etwa der Berg bewegt \u2026 oder gar der Veranstalter sich gedreht? Die NOR 2022 jedenfalls lassen erkennen, dass man nachgedacht, ein paar Hausarbeiten gemacht, hier und &hellip; <a href=\"https:\/\/windpilot.com\/blog\/columns\/peter-der-markt\/sponsoring\/ggr-no-windpilot\/\">Weiterlesen <span class=\"meta-nav\">&rarr;<\/span><\/a><\/p>\n","protected":false},"author":1,"featured_media":0,"parent":21068,"menu_order":-1,"comment_status":"closed","ping_status":"closed","template":"","meta":{"footnotes":""},"class_list":["post-21116","page","type-page","status-publish","hentry"],"_links":{"self":[{"href":"https:\/\/windpilot.com\/blog\/wp-json\/wp\/v2\/pages\/21116","targetHints":{"allow":["GET"]}}],"collection":[{"href":"https:\/\/windpilot.com\/blog\/wp-json\/wp\/v2\/pages"}],"about":[{"href":"https:\/\/windpilot.com\/blog\/wp-json\/wp\/v2\/types\/page"}],"author":[{"embeddable":true,"href":"https:\/\/windpilot.com\/blog\/wp-json\/wp\/v2\/users\/1"}],"replies":[{"embeddable":true,"href":"https:\/\/windpilot.com\/blog\/wp-json\/wp\/v2\/comments?post=21116"}],"version-history":[{"count":3,"href":"https:\/\/windpilot.com\/blog\/wp-json\/wp\/v2\/pages\/21116\/revisions"}],"predecessor-version":[{"id":21119,"href":"https:\/\/windpilot.com\/blog\/wp-json\/wp\/v2\/pages\/21116\/revisions\/21119"}],"up":[{"embeddable":true,"href":"https:\/\/windpilot.com\/blog\/wp-json\/wp\/v2\/pages\/21068"}],"wp:attachment":[{"href":"https:\/\/windpilot.com\/blog\/wp-json\/wp\/v2\/media?parent=21116"}],"curies":[{"name":"wp","href":"https:\/\/api.w.org\/{rel}","templated":true}]}}