{"id":21134,"date":"2019-12-15T06:18:41","date_gmt":"2019-12-15T13:18:41","guid":{"rendered":"https:\/\/windpilot.com\/blog\/?page_id=21134"},"modified":"2024-11-25T03:37:50","modified_gmt":"2024-11-25T10:37:50","slug":"ofenheizungen","status":"publish","type":"page","link":"https:\/\/windpilot.com\/blog\/ausruestung\/ofenheizungen\/","title":{"rendered":"Ofenheizungen"},"content":{"rendered":"<p><strong>WICHTIGKEITEN BEI OFENHEIZUNGEN<\/strong><br \/>\n<img loading=\"lazy\" decoding=\"async\" src=\"https:\/\/windpilot.com\/blog\/wp-content\/uploads\/2019\/12\/Lilifee-Ofen.jpg\" alt=\"\" width=\"2024\" height=\"1418\" class=\"aligncenter size-full wp-image-21141\" srcset=\"https:\/\/windpilot.com\/blog\/wp-content\/uploads\/2019\/12\/Lilifee-Ofen.jpg 2024w, https:\/\/windpilot.com\/blog\/wp-content\/uploads\/2019\/12\/Lilifee-Ofen-300x210.jpg 300w, https:\/\/windpilot.com\/blog\/wp-content\/uploads\/2019\/12\/Lilifee-Ofen-1024x717.jpg 1024w, https:\/\/windpilot.com\/blog\/wp-content\/uploads\/2019\/12\/Lilifee-Ofen-768x538.jpg 768w, https:\/\/windpilot.com\/blog\/wp-content\/uploads\/2019\/12\/Lilifee-Ofen-1536x1076.jpg 1536w\" sizes=\"auto, (max-width: 2024px) 100vw, 2024px\" \/><\/p>\n<p>Auch wenn meine Zeiten als Importeur f\u00fcr TAYLOR\u00b4S  bereits morsch, weil ein halbes Jahrhundert dazwischen liegt, so scheinen Grunds\u00e4tzlichkeiten damals wie heute unver\u00e4ndert g\u00fcltig. Aus gegebenem Anlass hier ein paar Gedankenspritzer:<\/p>\n<p><a href=\"https:\/\/www.toplicht.de\/de\/shop\/ofen-herd-und-kocher\/diesel-heizung\/taylors-oefen\/taylors-dieselheizung-079d\"><strong>TAYLOR\u00b4S OFENHEIZUNGEN<\/strong><\/a><br \/>\nTropfenbrenner, ehemals als spitze Nadel, deren Spitze sp\u00e4ter zwecks Erhalt besserer Brennkultur abgerundet wurde. Gleichwohl stets unregelm\u00e4ssig in der Dieselzufuhr bei steigender Zulauftemperatur = d\u00fcnnfl\u00fcssiger &#8230; schnellere Tropfenfolge &#8230; am Ende durchaus Gefahr von \u00dcberhitzung. <\/p>\n<p><a href=\"https:\/\/www.toplicht.de\/de\/shop\/ofen-herd-und-kocher\/diesel-heizung\/refleks-oefen-\"><strong>REFLEKS OFENHEIZUNGEN<\/strong><\/a><br \/>\nWurden vor Jahrzehnten f\u00fcr Berufs Schiffahrt \/ Fischerei entwickelt. Sie verf\u00fcgen \u00fcber einen halb-kardanisch aufgeh\u00e4ngten Schwimmer, dessen Nadel gegen \u00dcberlauf den weiteren Zulauf verschliesst.  WICHTIG bei der Verwendung auf Segelyachten: Schwimmerachse QUERSCHIFFS montieren, weil der Schwimmer ansonsten auf einem Bug zu fr\u00fch den Treibstoffzufluss schliesst ( ungef\u00e4hrlich ) auf dem anderen Bug jedoch ggf. nie verschliesst, was durchaus gef\u00e4hrlich werden k\u00f6nnte, wenn zu viel Diesel unverbrannt verbleibt und ggf. in Brand geraten k\u00f6nnte.<\/p>\n<p><img loading=\"lazy\" decoding=\"async\" src=\"https:\/\/windpilot.com\/blog\/wp-content\/uploads\/2019\/12\/Refleks-quer.jpg\" alt=\"\" width=\"1894\" height=\"1406\" class=\"aligncenter size-full wp-image-21143\" srcset=\"https:\/\/windpilot.com\/blog\/wp-content\/uploads\/2019\/12\/Refleks-quer.jpg 1894w, https:\/\/windpilot.com\/blog\/wp-content\/uploads\/2019\/12\/Refleks-quer-300x223.jpg 300w, https:\/\/windpilot.com\/blog\/wp-content\/uploads\/2019\/12\/Refleks-quer-1024x760.jpg 1024w, https:\/\/windpilot.com\/blog\/wp-content\/uploads\/2019\/12\/Refleks-quer-768x570.jpg 768w, https:\/\/windpilot.com\/blog\/wp-content\/uploads\/2019\/12\/Refleks-quer-1536x1140.jpg 1536w\" sizes=\"auto, (max-width: 1894px) 100vw, 1894px\" \/><\/p>\n<p>MERKE: auf einem Fischkutter mit regelm\u00e4ssigen Seegangsbewegungen ist der Einsatz von Refleks ohne Probleme, weil die Amplitude der Bewegungen stets \u00fcber die Vertikale hinweg auch in die Gegenrichtung sich bewegt &#8230; auf einer Segelyacht mit Dauerschr\u00e4glage entstehen Probleme, die gef\u00e4hrlich werden k\u00f6nnten, wenn der Einbau des Schwimmers nicht sorgf\u00e4ltig bedacht, oder mit Dauerschr\u00e4glage auf dem falschen Bug gesegelt wird. Die Praxis meiner Erfahrungen hat gezeigt, dass sowohl Taylor\u00b4s als auch Reflek\u00b4s auf See unter Segeln nur unter besonderer Aufsicht eingesetzt werden sollten.<\/p>\n<p><img loading=\"lazy\" decoding=\"async\" src=\"https:\/\/windpilot.com\/blog\/wp-content\/uploads\/2019\/12\/Refleks-tief.jpg\" alt=\"\" width=\"1948\" height=\"1412\" class=\"aligncenter size-full wp-image-21144\" srcset=\"https:\/\/windpilot.com\/blog\/wp-content\/uploads\/2019\/12\/Refleks-tief.jpg 1948w, https:\/\/windpilot.com\/blog\/wp-content\/uploads\/2019\/12\/Refleks-tief-300x217.jpg 300w, https:\/\/windpilot.com\/blog\/wp-content\/uploads\/2019\/12\/Refleks-tief-1024x742.jpg 1024w, https:\/\/windpilot.com\/blog\/wp-content\/uploads\/2019\/12\/Refleks-tief-768x557.jpg 768w, https:\/\/windpilot.com\/blog\/wp-content\/uploads\/2019\/12\/Refleks-tief-1536x1113.jpg 1536w\" sizes=\"auto, (max-width: 1948px) 100vw, 1948px\" \/><\/p>\n<p><strong>MONTAGE HINWEISE<\/strong><br \/>\nStets so tief wie m\u00f6glich installieren, um die Abzugsrohrl\u00e4nge zu vergr\u00f6ssern = stabilere Funktion, um besseren &#8211; l\u00e4ngeren Abzug zu erhalten. Ich habe auf meinen fr\u00fcheren Schiffen sogar im Bereich der Bodenbretter einen Ausschnitt vorgenommen, um sodann eine trockene Bilge zu bekommen, weil die Feuchtigkeit \u00fcber den Kamin nach draussen transportiert worden ist. Zur Sicherheit hatte ich im Bereich des Ofens unter den Bodenbrettern eine Auffangwanne installiert. Mein Schiff wurde in der kalten Jahrezeit  vollkommen trocken und zu einem gem\u00fctlichen Ort f\u00fcr befreundete Segler.<\/p>\n<p><img loading=\"lazy\" decoding=\"async\" src=\"https:\/\/windpilot.com\/blog\/wp-content\/uploads\/2019\/12\/Kondensator.jpg\" alt=\"\" width=\"1900\" height=\"1476\" class=\"aligncenter size-full wp-image-21146\" srcset=\"https:\/\/windpilot.com\/blog\/wp-content\/uploads\/2019\/12\/Kondensator.jpg 1900w, https:\/\/windpilot.com\/blog\/wp-content\/uploads\/2019\/12\/Kondensator-300x233.jpg 300w, https:\/\/windpilot.com\/blog\/wp-content\/uploads\/2019\/12\/Kondensator-1024x795.jpg 1024w, https:\/\/windpilot.com\/blog\/wp-content\/uploads\/2019\/12\/Kondensator-768x597.jpg 768w, https:\/\/windpilot.com\/blog\/wp-content\/uploads\/2019\/12\/Kondensator-1536x1193.jpg 1536w\" sizes=\"auto, (max-width: 1900px) 100vw, 1900px\" \/><\/p>\n<p>Das Abzugsrohr sollte im Bereich der Deckdurchf\u00fchrung unbedingt als Kondensator ausgef\u00fchrt sein, um den K\u00e4lteschock der Abgase zu mindern und dreckiges Kondensat unter Deck in den Rohren ( Russ ) zu verhindern. Kondensator ( Doppelwandig im Deckbereich ) gab\u00b4s bei Taylor\u00b4s nicht, bei Refleks geh\u00f6rte das damals zum Standard.<\/p>\n<p><img loading=\"lazy\" decoding=\"async\" src=\"https:\/\/windpilot.com\/blog\/wp-content\/uploads\/2019\/12\/Ofenrohr.jpg\" alt=\"\" width=\"1260\" height=\"974\" class=\"aligncenter size-full wp-image-21147\" srcset=\"https:\/\/windpilot.com\/blog\/wp-content\/uploads\/2019\/12\/Ofenrohr.jpg 1260w, https:\/\/windpilot.com\/blog\/wp-content\/uploads\/2019\/12\/Ofenrohr-300x232.jpg 300w, https:\/\/windpilot.com\/blog\/wp-content\/uploads\/2019\/12\/Ofenrohr-1024x792.jpg 1024w, https:\/\/windpilot.com\/blog\/wp-content\/uploads\/2019\/12\/Ofenrohr-768x594.jpg 768w\" sizes=\"auto, (max-width: 1260px) 100vw, 1260px\" \/><\/p>\n<p><a href=\"https:\/\/www.toplicht.de\/de\/shop\/ofen-herd-und-kocher\/abgashaube\/refleks-abgashauben\"><strong>SCHORNSTEINFORMEN<\/strong><\/a><br \/>\nStandard, einfachste Form als doppelter Rohrabschnitt, gegen Fallwinde ungesch\u00fctzt. Wer einmal die Schweinerei einer Verpuffung unter Deck durch- und \u00fcberstanden hat, wenn oder weil der Wind unverhofft von oben gekommen ist, dem bleibt diese Lektion unvergessen bis in aalle Ewigkeit.<\/p>\n<p>Doppel H &#8211; Schornstein, ein wenig besser, aber immer noch nicht gut genug gesch\u00fctzt, zudem ein wundervoller Fanghaken f\u00fcr Leinen und Salat.<\/p>\n<p>Ideal stets drehbarer Schornstein mit kleiner Windfahne am oberen Rand, der den Abzug stets nach Lee zu drehen in der Lage ist. Diese Schornsteige habe ich fr\u00fcher in Serien anfertigen lassen = die Luxusversion zur Vermeidung aller R\u00fcckschlagprobleme und Russ von oben. Garantie f\u00fcr gleichm\u00e4ssigen Zug. Als Standard heute nicht erh\u00e4ltlich, allerdings werden heute Venturi L\u00fcfter angeboten.<\/p>\n<p>Ein Schornstein sollte bei Nichtgebrauch abgenommen und das Rohr durch Kappe verschlossen werden. <\/p>\n<p><img loading=\"lazy\" decoding=\"async\" src=\"https:\/\/windpilot.com\/blog\/wp-content\/uploads\/2019\/12\/IMG_5572.jpg\" alt=\"\" width=\"2048\" height=\"1536\" class=\"aligncenter size-full wp-image-21142\" srcset=\"https:\/\/windpilot.com\/blog\/wp-content\/uploads\/2019\/12\/IMG_5572.jpg 2048w, https:\/\/windpilot.com\/blog\/wp-content\/uploads\/2019\/12\/IMG_5572-300x225.jpg 300w, https:\/\/windpilot.com\/blog\/wp-content\/uploads\/2019\/12\/IMG_5572-1024x768.jpg 1024w, https:\/\/windpilot.com\/blog\/wp-content\/uploads\/2019\/12\/IMG_5572-768x576.jpg 768w, https:\/\/windpilot.com\/blog\/wp-content\/uploads\/2019\/12\/IMG_5572-1536x1152.jpg 1536w\" sizes=\"auto, (max-width: 2048px) 100vw, 2048px\" \/><\/p>\n<p><strong>GENERELL WICHTIG<\/strong><br \/>\nTemperaturregelung beider \u00d6fen: am besten mit dem Schiebeluk, denn Ofenw\u00e4rme wird stetig trockener und w\u00e4rmer, macht den Griff zur W\u00e4rmereglung vorschnell verlockend. Viele Segler sind versucht, ihren Ofen kleiner einzustellen = zu klein &#8230; und der \u00c4rger geht los! Ein Brenner, dessen Flamme anstatt blau, dann gelb verf\u00e4rbt,  wird nicht mehr heiss genug, verbrennt sodann unvollst\u00e4ndig, in dessen Folge Russ sodann seine schicke Schweinerei in den Rohren und an Deck verbreiten wird. <\/p>\n<p>Ich habe meine \u00d6fen in einer einmal gefundenen Einstellung mit idealer Verbrennung NIEMALS mehr korrigiert &#8230; jahrelang.<\/p>\n<p>Russ, einmal vorhanden, \u00e4rgert m\u00e4chtig! Tabletten aus dem Fachhandel sollten nur in Abstimmung mit Meeno Schrader oder dem Wettergott verwendet werden, denn der Dreck an Deck ist veritabel &#8230; f\u00fcr Deck, Segel und auch Nebenlieger. Freunde bekommt man dadurch nicht, maan liegt am Ende isoliert ohne Nebenlieger.<\/p>\n<p><img loading=\"lazy\" decoding=\"async\" src=\"https:\/\/windpilot.com\/blog\/wp-content\/uploads\/2019\/12\/Fingerschutz.jpg\" alt=\"\" width=\"1932\" height=\"1694\" class=\"aligncenter size-full wp-image-21150\" srcset=\"https:\/\/windpilot.com\/blog\/wp-content\/uploads\/2019\/12\/Fingerschutz.jpg 1932w, https:\/\/windpilot.com\/blog\/wp-content\/uploads\/2019\/12\/Fingerschutz-300x263.jpg 300w, https:\/\/windpilot.com\/blog\/wp-content\/uploads\/2019\/12\/Fingerschutz-1024x898.jpg 1024w, https:\/\/windpilot.com\/blog\/wp-content\/uploads\/2019\/12\/Fingerschutz-768x673.jpg 768w, https:\/\/windpilot.com\/blog\/wp-content\/uploads\/2019\/12\/Fingerschutz-1536x1347.jpg 1536w\" sizes=\"auto, (max-width: 1932px) 100vw, 1932px\" \/><\/p>\n<p>Ach ja: Abzugsrohre unter Deck sollten durch Gitter gesch\u00fctzt werden, denn einmal im Betrieb versehentlich angefasst &#8230; ist die Haut weg &#8230; nicht nur f\u00fcr Kids gef\u00e4hrlich &#8230;  auch f\u00fcr gef\u00fchlvolle M\u00e4nnerh\u00e4nde &#8230;<\/p>\n<p>Ein anderes Kapitel sind \u00d6fen mit Druckbrennen, aber dar\u00fcber werde ich gern sp\u00e4ter einmal berichten.<\/p>\n<p>KISS gilt f\u00fcr \u00d6fen, was f\u00fcr Push button verw\u00f6hnte Freizeit Kapit\u00e4ne ungef\u00e4hr gleichbedeutend ist, wie die R\u00fcckkehr zum Autofahren mit Choke und Zwischengas &#8230; nicht jeder bekommt das zauberhaft geregelt &#8230; aber es lohnt sich &#8230; wie ich finde. Ofenheizungen haben auch heute ihren Reiz nicht verloren.<\/p>\n<p>Soweit meine kleine Sonntagspredigt \u2026 gegen kalte F\u00fcsse.<\/p>\n<p>15.12.2019<br \/>\nPeter Foerthmann<br \/>\n<img loading=\"lazy\" decoding=\"async\" src=\"https:\/\/windpilot.com\/blog\/wp-content\/uploads\/2019\/12\/Peter-Lions-150x150.jpg\" alt=\"\" width=\"150\" height=\"150\" class=\"alignleft size-thumbnail wp-image-21057\" srcset=\"https:\/\/windpilot.com\/blog\/wp-content\/uploads\/2019\/12\/Peter-Lions-150x150.jpg 150w, https:\/\/windpilot.com\/blog\/wp-content\/uploads\/2019\/12\/Peter-Lions-300x300.jpg 300w, https:\/\/windpilot.com\/blog\/wp-content\/uploads\/2019\/12\/Peter-Lions-1024x1020.jpg 1024w, https:\/\/windpilot.com\/blog\/wp-content\/uploads\/2019\/12\/Peter-Lions-768x765.jpg 768w, https:\/\/windpilot.com\/blog\/wp-content\/uploads\/2019\/12\/Peter-Lions-1536x1531.jpg 1536w, https:\/\/windpilot.com\/blog\/wp-content\/uploads\/2019\/12\/Peter-Lions.jpg 1700w\" sizes=\"auto, (max-width: 150px) 100vw, 150px\" \/><\/p>\n","protected":false},"excerpt":{"rendered":"<p>WICHTIGKEITEN BEI OFENHEIZUNGEN Auch wenn meine Zeiten als Importeur f\u00fcr TAYLOR\u00b4S bereits morsch, weil ein halbes Jahrhundert dazwischen liegt, so scheinen Grunds\u00e4tzlichkeiten damals wie heute unver\u00e4ndert g\u00fcltig. Aus gegebenem Anlass hier ein paar Gedankenspritzer: TAYLOR\u00b4S OFENHEIZUNGEN Tropfenbrenner, ehemals als spitze &hellip; <a href=\"https:\/\/windpilot.com\/blog\/ausruestung\/ofenheizungen\/\">Weiterlesen <span class=\"meta-nav\">&rarr;<\/span><\/a><\/p>\n","protected":false},"author":1,"featured_media":0,"parent":16900,"menu_order":-11,"comment_status":"open","ping_status":"closed","template":"","meta":{"footnotes":""},"class_list":["post-21134","page","type-page","status-publish","hentry"],"_links":{"self":[{"href":"https:\/\/windpilot.com\/blog\/wp-json\/wp\/v2\/pages\/21134","targetHints":{"allow":["GET"]}}],"collection":[{"href":"https:\/\/windpilot.com\/blog\/wp-json\/wp\/v2\/pages"}],"about":[{"href":"https:\/\/windpilot.com\/blog\/wp-json\/wp\/v2\/types\/page"}],"author":[{"embeddable":true,"href":"https:\/\/windpilot.com\/blog\/wp-json\/wp\/v2\/users\/1"}],"replies":[{"embeddable":true,"href":"https:\/\/windpilot.com\/blog\/wp-json\/wp\/v2\/comments?post=21134"}],"version-history":[{"count":13,"href":"https:\/\/windpilot.com\/blog\/wp-json\/wp\/v2\/pages\/21134\/revisions"}],"predecessor-version":[{"id":21167,"href":"https:\/\/windpilot.com\/blog\/wp-json\/wp\/v2\/pages\/21134\/revisions\/21167"}],"up":[{"embeddable":true,"href":"https:\/\/windpilot.com\/blog\/wp-json\/wp\/v2\/pages\/16900"}],"wp:attachment":[{"href":"https:\/\/windpilot.com\/blog\/wp-json\/wp\/v2\/media?parent=21134"}],"curies":[{"name":"wp","href":"https:\/\/api.w.org\/{rel}","templated":true}]}}