{"id":21298,"date":"2020-01-12T12:28:21","date_gmt":"2020-01-12T19:28:21","guid":{"rendered":"https:\/\/windpilot.com\/blog\/?page_id=21298"},"modified":"2020-01-13T01:50:27","modified_gmt":"2020-01-13T08:50:27","slug":"petergogik","status":"publish","type":"page","link":"https:\/\/windpilot.com\/blog\/columns\/sozial-oder-nicht\/petergogik\/","title":{"rendered":"Petergogik"},"content":{"rendered":"<p><strong>ANSPR\u00dcCHE UND ERWARTUNGEN VON SEGLERN UND HERSTELLERN<\/strong><br \/>\n<img loading=\"lazy\" decoding=\"async\" src=\"https:\/\/windpilot.com\/blog\/wp-content\/uploads\/2020\/01\/Am-Arsch-Vorbei-klein.jpg\" alt=\"\" width=\"1066\" height=\"747\" class=\"aligncenter size-full wp-image-21301\" srcset=\"https:\/\/windpilot.com\/blog\/wp-content\/uploads\/2020\/01\/Am-Arsch-Vorbei-klein.jpg 1066w, https:\/\/windpilot.com\/blog\/wp-content\/uploads\/2020\/01\/Am-Arsch-Vorbei-klein-300x210.jpg 300w, https:\/\/windpilot.com\/blog\/wp-content\/uploads\/2020\/01\/Am-Arsch-Vorbei-klein-1024x718.jpg 1024w, https:\/\/windpilot.com\/blog\/wp-content\/uploads\/2020\/01\/Am-Arsch-Vorbei-klein-768x538.jpg 768w\" sizes=\"auto, (max-width: 1066px) 100vw, 1066px\" \/><\/p>\n<p>Im Direktmarketing kann das Leben einfach sein, weil der Weg zwischen Hersteller und Segler auf einen Mausklick reduziert, offene Fragen durch Fotos in Windeseile zu kl\u00e4ren sind, damit beide Parteien ruhig schlafen k\u00f6nnen:<br \/>\nDer Segler auf See, wenn oder weil der Steuersklave still funktioniert, und der Hersteller, weil er sicher sein kann, dass der Sklave korrekt montiert justiert, somit auch seinen Job antreten kann, selbst wenn ein Anf\u00e4nger die Spielregeln noch gar nicht begriffen oder keine Idee hat, welche Zauberei da am Heck vonstatten geht. <\/p>\n<p><img loading=\"lazy\" decoding=\"async\" src=\"https:\/\/windpilot.com\/blog\/wp-content\/uploads\/2020\/01\/Schlafen.jpg\" alt=\"\" width=\"1079\" height=\"761\" class=\"aligncenter size-full wp-image-21302\" srcset=\"https:\/\/windpilot.com\/blog\/wp-content\/uploads\/2020\/01\/Schlafen.jpg 1079w, https:\/\/windpilot.com\/blog\/wp-content\/uploads\/2020\/01\/Schlafen-300x212.jpg 300w, https:\/\/windpilot.com\/blog\/wp-content\/uploads\/2020\/01\/Schlafen-1024x722.jpg 1024w, https:\/\/windpilot.com\/blog\/wp-content\/uploads\/2020\/01\/Schlafen-768x542.jpg 768w\" sizes=\"auto, (max-width: 1079px) 100vw, 1079px\" \/><\/p>\n<p>F\u00fcr H\u00e4rtef\u00e4lle gibt es Videos, f\u00fcr Menschen mit Neugierde und Leseverm\u00f6gen sogar Augenfutter in 6 Sprachen \u2026 Ich bin immer wieder erstaunt, wieviele Segler statt dessen \u201ebanale\u201c Fragen lieber einfach dem Hersteller elektronisch \u201evor die F\u00fcsse knallen\u201c, um eine L\u00f6sung zu erfragen, sie auch schon mal unverbl\u00fcmt zu fordern, sogar am Wochenende. Nach Jahrzehnten auf meinem Stuhl allerdings sind \u00dcbergriffe heute selten wie Blauer Enzian, was vermutlich die Folge intensiver kollateraler Lerneffekte innerhalb der Cruising Community geschuldet ist. Oder hat hier mein dauerhaftes Bohren dicker Bretter, meine millionenfach verabreichte Medizin in Form von B\u00fcchern in sechs Sprachen die Situation entspannt? Egal, denn nur das Ergebnis z\u00e4hlt, denn nun habe ich hier und dort auch schon mal ruhige Momente. <\/p>\n<p><img loading=\"lazy\" decoding=\"async\" src=\"https:\/\/windpilot.com\/blog\/wp-content\/uploads\/2020\/01\/Hamacher-low-scaled.jpg\" alt=\"\" width=\"2560\" height=\"1789\" class=\"aligncenter size-full wp-image-21304\" srcset=\"https:\/\/windpilot.com\/blog\/wp-content\/uploads\/2020\/01\/Hamacher-low-scaled.jpg 2560w, https:\/\/windpilot.com\/blog\/wp-content\/uploads\/2020\/01\/Hamacher-low-300x210.jpg 300w, https:\/\/windpilot.com\/blog\/wp-content\/uploads\/2020\/01\/Hamacher-low-1024x716.jpg 1024w, https:\/\/windpilot.com\/blog\/wp-content\/uploads\/2020\/01\/Hamacher-low-768x537.jpg 768w, https:\/\/windpilot.com\/blog\/wp-content\/uploads\/2020\/01\/Hamacher-low-1536x1074.jpg 1536w, https:\/\/windpilot.com\/blog\/wp-content\/uploads\/2020\/01\/Hamacher-low-2048x1432.jpg 2048w\" sizes=\"auto, (max-width: 2560px) 100vw, 2560px\" \/><\/p>\n<p>Allerdings kommen neuerdings \u00fcber Wolkenfunk schnelle Fragen ohne Punkt und Komma, weil ja jeder Zeilenschlag zu bezahlen ist: Fragen \u00fcber das Warum und Wieso, weil sich irgendwo \u201egeisterhaft\u201c ein Knoten oder eine Schraube gel\u00f6st habe. Humorvolle Kurzweil f\u00fcr langweilige Wochenenden, die ich allzu gern mit hintergr\u00fcndiger Mokanz beantworte. Spass muss sein, bitte auch auf meiner Seite! Manchmal klemme ich ein freches Cartoon ans Ende, wenn eine Land-Mailadresse mich dazu angestiftet hat.<\/p>\n<p><img loading=\"lazy\" decoding=\"async\" src=\"https:\/\/windpilot.com\/blog\/wp-content\/uploads\/2020\/01\/UPS-Marco.jpeg\" alt=\"\" width=\"1280\" height=\"960\" class=\"aligncenter size-full wp-image-21306\" srcset=\"https:\/\/windpilot.com\/blog\/wp-content\/uploads\/2020\/01\/UPS-Marco.jpeg 1280w, https:\/\/windpilot.com\/blog\/wp-content\/uploads\/2020\/01\/UPS-Marco-300x225.jpeg 300w, https:\/\/windpilot.com\/blog\/wp-content\/uploads\/2020\/01\/UPS-Marco-1024x768.jpeg 1024w, https:\/\/windpilot.com\/blog\/wp-content\/uploads\/2020\/01\/UPS-Marco-768x576.jpeg 768w\" sizes=\"auto, (max-width: 1280px) 100vw, 1280px\" \/><\/p>\n<p>Es geh\u00f6rt zu meinem t\u00e4glichen Vaterunser, nach dem Versand eines Steuersklaven dem neuen Capo desselben, die UPS Tracking mit folgendem Spruch \u201ean den Latz zu knallen\u201c:<\/p>\n<blockquote><p>Bitte senden Sie uns Fotos nach erfolgter Montage, damit wir die korrekte Montage ueberpruefen und ggf. Verbesserungsvorschlaege machen koennen. Bei PACIFIC Montagen bitte auch Fotos der Leinenuebertragung senden!<\/p><\/blockquote>\n<p>Wenn ich zudem in meiner Datenbank vermerke \u201eFoto fehlt\u201c ist dies eine elegante Falle und Methode, hier den \u00dcberblick nicht zu verlieren, f\u00fcr den Fall, der mehr als einmal eingetreten ist, dass ein Segler mir aus Kolumbien eine vorwurfsvolle Mail senden sollte, dass er es Monate lang nicht geschafft habe, seine Windpilot Anlage zum Leben zu erwecken &#8211; und mir der Blick on the records messerscharf beweist, dass Kontrollfotos niemals angekommen sind. Derzeit \u00fcbrigens vermerkt meine Datenbank 142 solcher Delinquenten! Nachschub f\u00fcr neue AHA Momente! <\/p>\n<p>So jedenfalls sehen meine Sternstunden aus, wenn ich hernach in Sekundenschnelle durch Foto Beweismittel einen Segler von seinen Steuerqualen erl\u00f6sen kann, und er fortan auch auf See in Ruhe schlafen kann, der Gute. Zumal dann meine Ehre gerettet ist, versp\u00e4tet.<\/p>\n<p>Kollateral Vorteil f\u00fcr mich, dass ich meine Datenbank korrigieren kann und fortan manchmal wundersch\u00f6ne Fotos von noch sch\u00f6neren Hinterteilen von Yachten beispielhaft vorzeigen kann. Bilder erz\u00e4hlen eine einfache Sprache, viel mehr aus tausend Worte. F\u00fcr mich sind sch\u00f6ne Fotos auch ein Dankesch\u00f6n f\u00fcr reibungslosen Ablauf im Dialog mit den Seglern, denn eine bessere Anerkennung gibt es nicht! Halt, ich muss korrigieren: eine pers\u00f6nliche Referenz mit noch pers\u00f6nlicherem Foto steck\u00b4 ich mir gern an den Spiegel. Dieser Blog ist voll davon.<\/p>\n<blockquote class=\"wp-embedded-content\" data-secret=\"071mLPIogI\"><p><a href=\"https:\/\/windpilot.com\/blog\/press-tv\/reference-links\/\">Reference links<\/a><\/p><\/blockquote>\n<p><iframe loading=\"lazy\" class=\"wp-embedded-content\" sandbox=\"allow-scripts\" security=\"restricted\" style=\"position: absolute; clip: rect(1px, 1px, 1px, 1px);\" title=\"&#8222;Reference links&#8220; &#8212; Windpilot Blog\" src=\"https:\/\/windpilot.com\/blog\/press-tv\/reference-links\/embed\/#?secret=yuI8g8O349#?secret=071mLPIogI\" data-secret=\"071mLPIogI\" width=\"600\" height=\"338\" frameborder=\"0\" marginwidth=\"0\" marginheight=\"0\" scrolling=\"no\"><\/iframe><\/p>\n<p>Der langen Einladung kurzer Sinn: vorgestern hatte ich ein Erlebnis der besonderen Art: <\/p>\n<p><strong>PETERGOGIK IN MINDELO &#8211; DIE GESCHICHTE GING SO:<\/strong><br \/>\n<img loading=\"lazy\" decoding=\"async\" src=\"https:\/\/windpilot.com\/blog\/wp-content\/uploads\/2020\/01\/SV-Auriga-Mindelo-Panorama-Kopie.jpg\" alt=\"\" width=\"950\" height=\"313\" class=\"aligncenter size-full wp-image-21316\" srcset=\"https:\/\/windpilot.com\/blog\/wp-content\/uploads\/2020\/01\/SV-Auriga-Mindelo-Panorama-Kopie.jpg 950w, https:\/\/windpilot.com\/blog\/wp-content\/uploads\/2020\/01\/SV-Auriga-Mindelo-Panorama-Kopie-300x99.jpg 300w, https:\/\/windpilot.com\/blog\/wp-content\/uploads\/2020\/01\/SV-Auriga-Mindelo-Panorama-Kopie-768x253.jpg 768w\" sizes=\"auto, (max-width: 950px) 100vw, 950px\" \/><\/p>\n<p>Eine im Fr\u00fchjahr ausgelieferte Pacific wurde montiert, anhand  sp\u00e4rlicher Detailfotos,  Nachbesserungen von Systemausrichtung sowie Leinen\u00fcbertragung vorgenommen, sch\u00f6ne Sch\u00fcsse von einer klassischen  Sch\u00f6nheit allerdings habe ich nicht ergattern k\u00f6nnen. Der weisse Schwan verschwand auf See. Im September eine Mail aus dem Franzosenland, dass man Schwierigkeiten mit der Einstellung habe. <\/p>\n<p><strong>Meine Kurzantwort:<\/strong><br \/>\nHier ein Video zur Bedienung \u2026 eigentlich keine grosse Herausforderung, im Handbuch ist zudem alles nachzulesen \u2026<br \/>\n<iframe loading=\"lazy\" width=\"560\" height=\"315\" src=\"https:\/\/www.youtube.com\/embed\/_Kvww38inZM\" frameborder=\"0\" allow=\"accelerometer; autoplay; encrypted-media; gyroscope; picture-in-picture\" allowfullscreen><\/iframe><br \/>\nPhysik arbeitet Stoerungs frei \u2026 geht nicht, gibt es &#8211; eigentlich! &#8211; nicht.<br \/>\ngruss<br \/>\nPF<\/p>\n<p><strong>Minuten sp\u00e4ter die Frage:<\/strong><\/p>\n<blockquote><p>Was hei\u00dft das? Alles so richtig? Und warum funktioniert es dann nicht?<\/p><\/blockquote>\n<p>Nach drei Monaten Sendepause vorgestern eine Mail aus Mindelo mit der Frage, nach der Ursache f\u00fcr die mangelnde Funktion der Windfahnenverstellung. Kl\u00e4rung innerhalb von Minuten: eine unartige Schraube hatte sich offenbar gel\u00f6st, ohne den Skipper zeitgleich zu alarmieren.<\/p>\n<p>Ich habe mich getraut, noch einmal nach Fotos vom Schiff zu fragen.<\/p>\n<p><img loading=\"lazy\" decoding=\"async\" src=\"https:\/\/windpilot.com\/blog\/wp-content\/uploads\/2020\/01\/image0.jpeg\" alt=\"\" width=\"1280\" height=\"960\" class=\"aligncenter size-full wp-image-21310\" srcset=\"https:\/\/windpilot.com\/blog\/wp-content\/uploads\/2020\/01\/image0.jpeg 1280w, https:\/\/windpilot.com\/blog\/wp-content\/uploads\/2020\/01\/image0-300x225.jpeg 300w, https:\/\/windpilot.com\/blog\/wp-content\/uploads\/2020\/01\/image0-1024x768.jpeg 1024w, https:\/\/windpilot.com\/blog\/wp-content\/uploads\/2020\/01\/image0-768x576.jpeg 768w\" sizes=\"auto, (max-width: 1280px) 100vw, 1280px\" \/><br \/>\nAls Antwort bekam ich kommentarlos obiges Foto, auf Nachfrage dann den Satz: <\/p>\n<blockquote><p>Am Steg ist kein Internet.<\/p><\/blockquote>\n<p>Frage: Aber zum Fotografieren ist kein Netz notwendig.<br \/>\nAntwort: <\/p>\n<blockquote><p>Sind schon auf See.<\/p><\/blockquote>\n<p>Nun, auf dem Hafen Panorama Foto war das Schiff meines langj\u00e4hrigen brasilianischen Freundes Jayme zu erkennen! Nach einer schnellen Mail, habe ich Minuten sp\u00e4ter von Jayme die ersehnten Fotos erhalten, sowie die Mitteilung, dass der Skipper samt Crew an Land im Pub sitzen, derweil das Schiff verlassen in der Marina schwimmt.<\/p>\n<p><img loading=\"lazy\" decoding=\"async\" src=\"https:\/\/windpilot.com\/blog\/wp-content\/uploads\/2020\/01\/IMG_20200110_145631.jpeg\" alt=\"\" width=\"1280\" height=\"960\" class=\"aligncenter size-full wp-image-21322\" srcset=\"https:\/\/windpilot.com\/blog\/wp-content\/uploads\/2020\/01\/IMG_20200110_145631.jpeg 1280w, https:\/\/windpilot.com\/blog\/wp-content\/uploads\/2020\/01\/IMG_20200110_145631-300x225.jpeg 300w, https:\/\/windpilot.com\/blog\/wp-content\/uploads\/2020\/01\/IMG_20200110_145631-1024x768.jpeg 1024w, https:\/\/windpilot.com\/blog\/wp-content\/uploads\/2020\/01\/IMG_20200110_145631-768x576.jpeg 768w\" sizes=\"auto, (max-width: 1280px) 100vw, 1280px\" \/><\/p>\n<blockquote class=\"wp-embedded-content\" data-secret=\"QQnyOcxZBT\"><p><a href=\"https:\/\/windpilot.com\/blog\/blogs\/deutsch-cruising-area\/sued-amerika\/brasilien-als-traum\/\">Brasilien als Traum<\/a><\/p><\/blockquote>\n<p><iframe loading=\"lazy\" class=\"wp-embedded-content\" sandbox=\"allow-scripts\" security=\"restricted\" style=\"position: absolute; clip: rect(1px, 1px, 1px, 1px);\" title=\"&#8222;Brasilien als Traum&#8220; &#8212; Windpilot Blog\" src=\"https:\/\/windpilot.com\/blog\/blogs\/deutsch-cruising-area\/sued-amerika\/brasilien-als-traum\/embed\/#?secret=b7sNrVeias#?secret=QQnyOcxZBT\" data-secret=\"QQnyOcxZBT\" width=\"600\" height=\"338\" frameborder=\"0\" marginwidth=\"0\" marginheight=\"0\" scrolling=\"no\"><\/iframe><\/p>\n<p>Ich war hellwach! Minuten sp\u00e4ter habe ich diese Mail verschickt:<\/p>\n<blockquote><p>Hallo Herr \u2026.,<br \/>\nob Sie sich wohl vorstellen k\u00f6nnen, wieviel Spass es macht, Ihnen seit einigen Monaten stetig Hinweise und Ratschl\u00e4ge zu geben, ohne dass dies zumindest eine Anerkennung findet? Ich betreibe mein Gesch\u00e4ft mit Freude, was im Blog recht einfach nachzulesen ist \u2026 es macht wirklich nur wenig Spass, wenn mein immer wieder ge\u00e4usserter Wunsch nach sch\u00f6nen und aussagef\u00e4higen Fotos \u2026 stetig missachtet wird \u2026<\/p>\n<p>Wenn also heute, nach erneuter Hilfestellung, dann Worte fallen, \u201ekein Internet im Hafen\u201c \u2026 oder noch besser: \u201ewir sind bereits auf See\u201c \u2026 was glauben Sie, welchen Eindruck es hinterl\u00e4sst, wenn mir von Nebenliegern soeben mitgeteilt wird, dass Sie an Land auf einen Drink im Pub sind, w\u00e4hrend ihr Schiff friedlich in der Marina auf seinen Skipper wartet?<\/p>\n<p>Ich sag\u00b4s einmal deutlich: Herr &#8230;., kann es sein, dass Sie Umgangsweisen unter Seglern nicht richtig verstanden haben?<br \/>\nmit vergleichsweise freundlichem Gruss<br \/>\nPeter Foerthmann<\/p><\/blockquote>\n<p>Ich begreife mein Gesch\u00e4ft als eine Vereinbarung auf Gegenseitigkeit, bei der Ausgewogenheit und Respekt sicher stellt, dass beide Seiten am Ende zufrieden sind. <\/p>\n<p>Eine Antwort aus Mindelo habe ich nicht erhalten, vielleicht ist in den Cap Verden das Netz zerbrochen!<\/p>\n<p>Gleichwohl ist die Geschichte erw\u00e4hnenswert, weil sie ein Verhalten illuminiert, dass in meinem Wasser haltigen Gesch\u00e4ft zum Gl\u00fcck ungew\u00f6hnlich ist.<\/p>\n<p>Sonntag 12.01.2020<br \/>\nPeter Foerthmann<br \/>\n<img loading=\"lazy\" decoding=\"async\" src=\"https:\/\/windpilot.com\/blog\/wp-content\/uploads\/2019\/12\/Peter-Lions-1-150x150.jpg\" alt=\"\" width=\"150\" height=\"150\" class=\"alignleft size-thumbnail wp-image-21152\" srcset=\"https:\/\/windpilot.com\/blog\/wp-content\/uploads\/2019\/12\/Peter-Lions-1-150x150.jpg 150w, https:\/\/windpilot.com\/blog\/wp-content\/uploads\/2019\/12\/Peter-Lions-1-300x300.jpg 300w, https:\/\/windpilot.com\/blog\/wp-content\/uploads\/2019\/12\/Peter-Lions-1-1024x1020.jpg 1024w, https:\/\/windpilot.com\/blog\/wp-content\/uploads\/2019\/12\/Peter-Lions-1-768x765.jpg 768w, https:\/\/windpilot.com\/blog\/wp-content\/uploads\/2019\/12\/Peter-Lions-1-1536x1531.jpg 1536w, https:\/\/windpilot.com\/blog\/wp-content\/uploads\/2019\/12\/Peter-Lions-1.jpg 1700w\" sizes=\"auto, (max-width: 150px) 100vw, 150px\" \/><\/p>\n","protected":false},"excerpt":{"rendered":"<p>ANSPR\u00dcCHE UND ERWARTUNGEN VON SEGLERN UND HERSTELLERN Im Direktmarketing kann das Leben einfach sein, weil der Weg zwischen Hersteller und Segler auf einen Mausklick reduziert, offene Fragen durch Fotos in Windeseile zu kl\u00e4ren sind, damit beide Parteien ruhig schlafen k\u00f6nnen: &hellip; <a href=\"https:\/\/windpilot.com\/blog\/columns\/sozial-oder-nicht\/petergogik\/\">Weiterlesen <span class=\"meta-nav\">&rarr;<\/span><\/a><\/p>\n","protected":false},"author":1,"featured_media":0,"parent":13656,"menu_order":-6,"comment_status":"open","ping_status":"closed","template":"","meta":{"footnotes":""},"class_list":["post-21298","page","type-page","status-publish","hentry"],"_links":{"self":[{"href":"https:\/\/windpilot.com\/blog\/wp-json\/wp\/v2\/pages\/21298","targetHints":{"allow":["GET"]}}],"collection":[{"href":"https:\/\/windpilot.com\/blog\/wp-json\/wp\/v2\/pages"}],"about":[{"href":"https:\/\/windpilot.com\/blog\/wp-json\/wp\/v2\/types\/page"}],"author":[{"embeddable":true,"href":"https:\/\/windpilot.com\/blog\/wp-json\/wp\/v2\/users\/1"}],"replies":[{"embeddable":true,"href":"https:\/\/windpilot.com\/blog\/wp-json\/wp\/v2\/comments?post=21298"}],"version-history":[{"count":19,"href":"https:\/\/windpilot.com\/blog\/wp-json\/wp\/v2\/pages\/21298\/revisions"}],"predecessor-version":[{"id":21327,"href":"https:\/\/windpilot.com\/blog\/wp-json\/wp\/v2\/pages\/21298\/revisions\/21327"}],"up":[{"embeddable":true,"href":"https:\/\/windpilot.com\/blog\/wp-json\/wp\/v2\/pages\/13656"}],"wp:attachment":[{"href":"https:\/\/windpilot.com\/blog\/wp-json\/wp\/v2\/media?parent=21298"}],"curies":[{"name":"wp","href":"https:\/\/api.w.org\/{rel}","templated":true}]}}