{"id":21672,"date":"2020-03-08T10:51:07","date_gmt":"2020-03-08T17:51:07","guid":{"rendered":"https:\/\/windpilot.com\/blog\/?page_id=21672"},"modified":"2020-04-04T10:34:46","modified_gmt":"2020-04-04T17:34:46","slug":"der-erste-haertetest","status":"publish","type":"page","link":"https:\/\/windpilot.com\/blog\/columns\/peter-der-markt\/windpilot\/der-erste-haertetest\/","title":{"rendered":"Der erste H\u00e4rtetest"},"content":{"rendered":"<p><strong>SV Olaf Trygvason \u2013 Hasko Scheidt GER<\/strong><br \/>\n<img loading=\"lazy\" decoding=\"async\" src=\"https:\/\/windpilot.com\/blog\/wp-content\/uploads\/2020\/03\/Trygvason-4.jpeg\" alt=\"\" width=\"1280\" height=\"832\" class=\"aligncenter size-full wp-image-21674\" srcset=\"https:\/\/windpilot.com\/blog\/wp-content\/uploads\/2020\/03\/Trygvason-4.jpeg 1280w, https:\/\/windpilot.com\/blog\/wp-content\/uploads\/2020\/03\/Trygvason-4-300x195.jpeg 300w, https:\/\/windpilot.com\/blog\/wp-content\/uploads\/2020\/03\/Trygvason-4-1024x666.jpeg 1024w, https:\/\/windpilot.com\/blog\/wp-content\/uploads\/2020\/03\/Trygvason-4-768x499.jpeg 768w\" sizes=\"auto, (max-width: 1280px) 100vw, 1280px\" \/><\/p>\n<p>Die Entwicklung der Schwestersysteme PACIFIC und PACIFIC PLUS, war in den achtziger Jahren ein f\u00fcr mich logischer Weg, weil ich bis dato noch als Manufaktur Betrieb windige Piloten von Hand in Edelstahl zusammen zu schweissen hatte, ein Zeit aufwendiges Verfahren mit Kollateralfolgen f\u00fcr Muskeln, Nerven und Gesundheit. F\u00fcr einen Allergiker, der viele Monate im Heuschnupf Modus sein Leben zu fristen hatte, waren GFK Arbeiten f\u00fcr die Ruderbl\u00e4tter auf Dauer unertr\u00e4glich, was die Lebensfreude ungemein getr\u00fcbt. Die Zeit dr\u00e4ngte, wenn man brach und morsch in der Koje zu liegen hatte, bis der Landregen in der Stadt wieder f\u00fcr klare Augen sorgte \u2026 die Pollen weggesp\u00fclt \u2026 man endlich wieder frei atmen konnte.<\/p>\n<p><img loading=\"lazy\" decoding=\"async\" src=\"https:\/\/windpilot.com\/blog\/wp-content\/uploads\/2020\/03\/Werkstatt-Rohre-Kopie-scaled.jpg\" alt=\"\" width=\"2560\" height=\"1665\" class=\"aligncenter size-full wp-image-21677\" srcset=\"https:\/\/windpilot.com\/blog\/wp-content\/uploads\/2020\/03\/Werkstatt-Rohre-Kopie-scaled.jpg 2560w, https:\/\/windpilot.com\/blog\/wp-content\/uploads\/2020\/03\/Werkstatt-Rohre-Kopie-300x195.jpg 300w, https:\/\/windpilot.com\/blog\/wp-content\/uploads\/2020\/03\/Werkstatt-Rohre-Kopie-1024x666.jpg 1024w, https:\/\/windpilot.com\/blog\/wp-content\/uploads\/2020\/03\/Werkstatt-Rohre-Kopie-768x500.jpg 768w, https:\/\/windpilot.com\/blog\/wp-content\/uploads\/2020\/03\/Werkstatt-Rohre-Kopie-1536x999.jpg 1536w, https:\/\/windpilot.com\/blog\/wp-content\/uploads\/2020\/03\/Werkstatt-Rohre-Kopie-2048x1332.jpg 2048w\" sizes=\"auto, (max-width: 2560px) 100vw, 2560px\" \/><\/p>\n<p>Der zweite Grund: es zeigte sich, dass Traumschiffe einem geheimen Quellcode folgten \u2026 sie wurden stetig gr\u00f6sser. Meine Bianca 27 war 1972 eine veritables Yacht, mit der ich in Wedel schon Parade fahren konnte, jedenfalls habe ich damals die Neid erf\u00fcllten Augen offenbar ganz falsch gedeutet. Aber bei 10 m Schiffsl\u00e4nge wurden mir als Ausr\u00fcster mit einer Heckverzierung schon mal die Knie weich \u2026 ich habe folgenden  Terminus erfunden: ein Atlantik Hilfsrudersystem wird so ein Schiff \u201e\u00fcberwiegend\u201c recht gut steuern k\u00f6nnen. Vorsicht zahlt sich immer aus.<\/p>\n<p><img loading=\"lazy\" decoding=\"async\" src=\"https:\/\/windpilot.com\/blog\/wp-content\/uploads\/2020\/03\/Holzmodelle-quer-Kopie.jpg\" alt=\"\" width=\"1828\" height=\"1178\" class=\"aligncenter size-full wp-image-21676\" srcset=\"https:\/\/windpilot.com\/blog\/wp-content\/uploads\/2020\/03\/Holzmodelle-quer-Kopie.jpg 1828w, https:\/\/windpilot.com\/blog\/wp-content\/uploads\/2020\/03\/Holzmodelle-quer-Kopie-300x193.jpg 300w, https:\/\/windpilot.com\/blog\/wp-content\/uploads\/2020\/03\/Holzmodelle-quer-Kopie-1024x660.jpg 1024w, https:\/\/windpilot.com\/blog\/wp-content\/uploads\/2020\/03\/Holzmodelle-quer-Kopie-768x495.jpg 768w, https:\/\/windpilot.com\/blog\/wp-content\/uploads\/2020\/03\/Holzmodelle-quer-Kopie-1536x990.jpg 1536w\" sizes=\"auto, (max-width: 1828px) 100vw, 1828px\" \/><\/p>\n<p>Immerhin, der Tellerrand kam n\u00e4her, es musste weitergehen, die Idee die Systemschwestern Pacific und Pacific Plus auf Kiel zu legen, f\u00fcllte meine n\u00e4chtlichen Tr\u00e4ume. Es sollte zur Sache gehen. Ging es auch. <\/p>\n<p><img loading=\"lazy\" decoding=\"async\" src=\"https:\/\/windpilot.com\/blog\/wp-content\/uploads\/2020\/03\/Sandgiesen-Kopie-2.jpg\" alt=\"\" width=\"1852\" height=\"1193\" class=\"aligncenter size-full wp-image-21686\" srcset=\"https:\/\/windpilot.com\/blog\/wp-content\/uploads\/2020\/03\/Sandgiesen-Kopie-2.jpg 1852w, https:\/\/windpilot.com\/blog\/wp-content\/uploads\/2020\/03\/Sandgiesen-Kopie-2-300x193.jpg 300w, https:\/\/windpilot.com\/blog\/wp-content\/uploads\/2020\/03\/Sandgiesen-Kopie-2-1024x660.jpg 1024w, https:\/\/windpilot.com\/blog\/wp-content\/uploads\/2020\/03\/Sandgiesen-Kopie-2-768x495.jpg 768w, https:\/\/windpilot.com\/blog\/wp-content\/uploads\/2020\/03\/Sandgiesen-Kopie-2-1536x989.jpg 1536w\" sizes=\"auto, (max-width: 1852px) 100vw, 1852px\" \/><br \/>\nDer begnadete Modelltischler Herr Hoffman im Sachsenwald hat wunderbare Arbeit geleistet, jedes Modell wurde zum Kunstwerk, wie ich damals empfand. Hernach wurden dann die Aluminium Gussteile im Sandgussverfahren in Hamburg Wandsbek von Herrn G\u00fcnther in Handarbeit hergestellt. <\/p>\n<p><img loading=\"lazy\" decoding=\"async\" src=\"https:\/\/windpilot.com\/blog\/wp-content\/uploads\/2020\/03\/Massen-P-Kopie.jpg\" alt=\"\" width=\"1828\" height=\"1178\" class=\"aligncenter size-full wp-image-21675\" srcset=\"https:\/\/windpilot.com\/blog\/wp-content\/uploads\/2020\/03\/Massen-P-Kopie.jpg 1828w, https:\/\/windpilot.com\/blog\/wp-content\/uploads\/2020\/03\/Massen-P-Kopie-300x193.jpg 300w, https:\/\/windpilot.com\/blog\/wp-content\/uploads\/2020\/03\/Massen-P-Kopie-1024x660.jpg 1024w, https:\/\/windpilot.com\/blog\/wp-content\/uploads\/2020\/03\/Massen-P-Kopie-768x495.jpg 768w, https:\/\/windpilot.com\/blog\/wp-content\/uploads\/2020\/03\/Massen-P-Kopie-1536x990.jpg 1536w\" sizes=\"auto, (max-width: 1828px) 100vw, 1828px\" \/><br \/>\nDie erste Serie habe ich auf dem Werkstattboden nebeneinander gestellt, und mit Stolz fotografiert, wollte damals eigentlich kein einziges verkaufen. Klar habe ich anschliessend die Schwester Systeme an meinem Hanseat 70 abwechselnd montiert, das Heck war mit 16 L\u00f6chern perforiert. <\/p>\n<p>Aber es ergab sich alsbald eine wundervolle Gelegenheit f\u00fcr einen H\u00e4rtetest der besonderen Art.<\/p>\n<p><img loading=\"lazy\" decoding=\"async\" src=\"https:\/\/windpilot.com\/blog\/wp-content\/uploads\/2020\/03\/Hanseat-70-scaled.jpg\" alt=\"\" width=\"2560\" height=\"1683\" class=\"aligncenter size-full wp-image-21680\" srcset=\"https:\/\/windpilot.com\/blog\/wp-content\/uploads\/2020\/03\/Hanseat-70-scaled.jpg 2560w, https:\/\/windpilot.com\/blog\/wp-content\/uploads\/2020\/03\/Hanseat-70-300x197.jpg 300w, https:\/\/windpilot.com\/blog\/wp-content\/uploads\/2020\/03\/Hanseat-70-1024x673.jpg 1024w, https:\/\/windpilot.com\/blog\/wp-content\/uploads\/2020\/03\/Hanseat-70-768x505.jpg 768w, https:\/\/windpilot.com\/blog\/wp-content\/uploads\/2020\/03\/Hanseat-70-1536x1010.jpg 1536w, https:\/\/windpilot.com\/blog\/wp-content\/uploads\/2020\/03\/Hanseat-70-2048x1347.jpg 2048w\" sizes=\"auto, (max-width: 2560px) 100vw, 2560px\" \/><\/p>\n<p><a href=\"https:\/\/nvcharts.com\/shop\/\">Hasko Scheidt<\/a> hatte in 1984 \u2013 1985 bei der Knierim Werft in Laboe den Bau der Olaf Trygvason in Auftrag gegeben, ein den Bristol Channel Cuttern nachempfundener Riss. Der noch leere Rumpf wurde sodann nach Arnis \u00fcberf\u00fchrte, wo Hasko den Ausbau dann selbst vorgenommen hat. Irgendwann kam dann dieser Spruch: \u201eHey Alter, wenn deine neue Pacific in der Lage ist, dieses luvgierige Schiff zu steuern und auf Kurs zu halten \u2026 kannst du es am Markt verkaufen\u201c. <\/p>\n<p><img loading=\"lazy\" decoding=\"async\" src=\"https:\/\/windpilot.com\/blog\/wp-content\/uploads\/2020\/04\/Peter-Trygvason-1987-Kopie.jpg\" alt=\"\" width=\"522\" height=\"762\" class=\"aligncenter size-full wp-image-22044\" srcset=\"https:\/\/windpilot.com\/blog\/wp-content\/uploads\/2020\/04\/Peter-Trygvason-1987-Kopie.jpg 522w, https:\/\/windpilot.com\/blog\/wp-content\/uploads\/2020\/04\/Peter-Trygvason-1987-Kopie-206x300.jpg 206w\" sizes=\"auto, (max-width: 522px) 100vw, 522px\" \/><img loading=\"lazy\" decoding=\"async\" src=\"https:\/\/windpilot.com\/blog\/wp-content\/uploads\/2020\/03\/Olaf-Trygvason-totale-scaled.jpg\" alt=\"\" width=\"2560\" height=\"1665\" class=\"aligncenter size-full wp-image-21681\" srcset=\"https:\/\/windpilot.com\/blog\/wp-content\/uploads\/2020\/03\/Olaf-Trygvason-totale-scaled.jpg 2560w, https:\/\/windpilot.com\/blog\/wp-content\/uploads\/2020\/03\/Olaf-Trygvason-totale-300x195.jpg 300w, https:\/\/windpilot.com\/blog\/wp-content\/uploads\/2020\/03\/Olaf-Trygvason-totale-1024x666.jpg 1024w, https:\/\/windpilot.com\/blog\/wp-content\/uploads\/2020\/03\/Olaf-Trygvason-totale-768x500.jpg 768w, https:\/\/windpilot.com\/blog\/wp-content\/uploads\/2020\/03\/Olaf-Trygvason-totale-1536x999.jpg 1536w, https:\/\/windpilot.com\/blog\/wp-content\/uploads\/2020\/03\/Olaf-Trygvason-totale-2048x1332.jpg 2048w\" sizes=\"auto, (max-width: 2560px) 100vw, 2560px\" \/><\/p>\n<p>Ich k\u00fcrze die Geschichte an dieser Stelle ab: eine Pacific Werksanlage wurde zu Demozwecken montiert, und erst viele Jahre sp\u00e4ter, beim ersten Refit des Schiffes bei Janssen und Renkhoff in Kappeln wieder abgebaut, zu einem Zeitpunkt, als das Deck vornehm in weiss neu vergossen werden sollte, da war der rustikale Montage Beschlag der Pacific vermutlich st\u00f6rend, zumal f\u00fcr die kurzen Schl\u00e4ge vor der T\u00fcr fortan ein fetter Autopilot eingebaut worden ist. So kam jedenfalls die Pacific Jahre sp\u00e4ter wieder heim nach Hause.<\/p>\n<p><img loading=\"lazy\" decoding=\"async\" src=\"https:\/\/windpilot.com\/blog\/wp-content\/uploads\/2020\/03\/Hasko-an-Bord.jpeg\" alt=\"\" width=\"1280\" height=\"849\" class=\"aligncenter size-full wp-image-21682\" srcset=\"https:\/\/windpilot.com\/blog\/wp-content\/uploads\/2020\/03\/Hasko-an-Bord.jpeg 1280w, https:\/\/windpilot.com\/blog\/wp-content\/uploads\/2020\/03\/Hasko-an-Bord-300x199.jpeg 300w, https:\/\/windpilot.com\/blog\/wp-content\/uploads\/2020\/03\/Hasko-an-Bord-1024x679.jpeg 1024w, https:\/\/windpilot.com\/blog\/wp-content\/uploads\/2020\/03\/Hasko-an-Bord-768x509.jpeg 768w\" sizes=\"auto, (max-width: 1280px) 100vw, 1280px\" \/><\/p>\n<p>Die Familie Scheidt hatte damals eine ausgedehnte mehrj\u00e4hrige Karibikreise mit der versammelten Erbengemeinschaft von 3 Jungs absolviert, wo man akribisch Unterwasserflora, Fauna und Steine vermessen hat, um die Ergebnisse hernach in Form von Seekarten zu verkaufen. Unser gefl\u00fcgelter Schnack damals: Hasko macht in Altpapier \u2026 und ich in Altmetall. <\/p>\n<p>Jedenfalls hat die Windpilot Anlage famos funktioniert, allerdings erreichte mich viele Jahre sp\u00e4ter aus Horta der entsetzte Anruf von Hasko: \u201e Hey, Alter, die Steuerleinen sind durchgescheuert, was soll ich denn nun machen, hast du in Horta ein Ersatzteillager?\u201c MERKE: Vor Vorw\u00fcrfen von beiderlei Geschlechtern \u2026 ist man niemals sicher. <\/p>\n<p>Wenig sp\u00e4ter hat Harry Schank nach ausgedehnten Reisen mit der SV Grisu, sein <a href=\"http:\/\/goodatwood.eu\/contact.html\">Lebenslager in Horta<\/a> aufgeschlagen, wo er bis heute lebt und die internationale Seglerschaft betreut, inkl. Service f\u00fcr windige Piloten.<\/p>\n<p>08.03.2020<br \/>\nPeter Foerthmann<br \/>\n<img loading=\"lazy\" decoding=\"async\" src=\"https:\/\/windpilot.com\/blog\/wp-content\/uploads\/2020\/01\/Peter-Lions-150x150.jpg\" alt=\"\" width=\"150\" height=\"150\" class=\"alignleft size-thumbnail wp-image-21388\" srcset=\"https:\/\/windpilot.com\/blog\/wp-content\/uploads\/2020\/01\/Peter-Lions-150x150.jpg 150w, https:\/\/windpilot.com\/blog\/wp-content\/uploads\/2020\/01\/Peter-Lions-300x300.jpg 300w, https:\/\/windpilot.com\/blog\/wp-content\/uploads\/2020\/01\/Peter-Lions-1024x1020.jpg 1024w, https:\/\/windpilot.com\/blog\/wp-content\/uploads\/2020\/01\/Peter-Lions-768x765.jpg 768w, https:\/\/windpilot.com\/blog\/wp-content\/uploads\/2020\/01\/Peter-Lions-1536x1531.jpg 1536w, https:\/\/windpilot.com\/blog\/wp-content\/uploads\/2020\/01\/Peter-Lions.jpg 1700w\" sizes=\"auto, (max-width: 150px) 100vw, 150px\" \/><\/p>\n","protected":false},"excerpt":{"rendered":"<p>SV Olaf Trygvason \u2013 Hasko Scheidt GER Die Entwicklung der Schwestersysteme PACIFIC und PACIFIC PLUS, war in den achtziger Jahren ein f\u00fcr mich logischer Weg, weil ich bis dato noch als Manufaktur Betrieb windige Piloten von Hand in Edelstahl zusammen &hellip; <a href=\"https:\/\/windpilot.com\/blog\/columns\/peter-der-markt\/windpilot\/der-erste-haertetest\/\">Weiterlesen <span class=\"meta-nav\">&rarr;<\/span><\/a><\/p>\n","protected":false},"author":1,"featured_media":0,"parent":21060,"menu_order":6,"comment_status":"open","ping_status":"closed","template":"","meta":{"footnotes":""},"class_list":["post-21672","page","type-page","status-publish","hentry"],"_links":{"self":[{"href":"https:\/\/windpilot.com\/blog\/wp-json\/wp\/v2\/pages\/21672","targetHints":{"allow":["GET"]}}],"collection":[{"href":"https:\/\/windpilot.com\/blog\/wp-json\/wp\/v2\/pages"}],"about":[{"href":"https:\/\/windpilot.com\/blog\/wp-json\/wp\/v2\/types\/page"}],"author":[{"embeddable":true,"href":"https:\/\/windpilot.com\/blog\/wp-json\/wp\/v2\/users\/1"}],"replies":[{"embeddable":true,"href":"https:\/\/windpilot.com\/blog\/wp-json\/wp\/v2\/comments?post=21672"}],"version-history":[{"count":12,"href":"https:\/\/windpilot.com\/blog\/wp-json\/wp\/v2\/pages\/21672\/revisions"}],"predecessor-version":[{"id":22045,"href":"https:\/\/windpilot.com\/blog\/wp-json\/wp\/v2\/pages\/21672\/revisions\/22045"}],"up":[{"embeddable":true,"href":"https:\/\/windpilot.com\/blog\/wp-json\/wp\/v2\/pages\/21060"}],"wp:attachment":[{"href":"https:\/\/windpilot.com\/blog\/wp-json\/wp\/v2\/media?parent=21672"}],"curies":[{"name":"wp","href":"https:\/\/api.w.org\/{rel}","templated":true}]}}