{"id":21730,"date":"2020-03-14T07:48:42","date_gmt":"2020-03-14T14:48:42","guid":{"rendered":"https:\/\/windpilot.com\/blog\/?page_id=21730"},"modified":"2020-03-16T02:49:37","modified_gmt":"2020-03-16T09:49:37","slug":"burghard-pieske","status":"publish","type":"page","link":"https:\/\/windpilot.com\/blog\/deutsch-yacht-delius-klasing\/burghard-pieske\/","title":{"rendered":"Burghard Pieske"},"content":{"rendered":"<p><strong>PACIFIC LIGHT &#8211; BURGHARD IST SCHULD<\/strong><br \/>\n<img loading=\"lazy\" decoding=\"async\" src=\"https:\/\/windpilot.com\/blog\/wp-content\/uploads\/2020\/03\/Bounty-Bay.jpeg\" alt=\"\" width=\"1148\" height=\"778\" class=\"aligncenter size-full wp-image-21731\" srcset=\"https:\/\/windpilot.com\/blog\/wp-content\/uploads\/2020\/03\/Bounty-Bay.jpeg 1148w, https:\/\/windpilot.com\/blog\/wp-content\/uploads\/2020\/03\/Bounty-Bay-300x203.jpeg 300w, https:\/\/windpilot.com\/blog\/wp-content\/uploads\/2020\/03\/Bounty-Bay-1024x694.jpeg 1024w, https:\/\/windpilot.com\/blog\/wp-content\/uploads\/2020\/03\/Bounty-Bay-768x520.jpeg 768w\" sizes=\"auto, (max-width: 1148px) 100vw, 1148px\" \/><br \/>\nWie gut, wenn man immer jemanden hat, dem man Schuld zuschieben kann. In meinem Leben habe ich dazu viele Menschen parat, die dazu beigetragen haben, dass der Druck auf meinen Schultern stets kleinzellig verteilt und getragen \u2013  am Ende das grosse Ganze auch etwas Vern\u00fcnftiges geworden ist. Stichwort hier: Pacific Light.<\/p>\n<p><img loading=\"lazy\" decoding=\"async\" src=\"https:\/\/windpilot.com\/blog\/wp-content\/uploads\/2020\/03\/Moai-Kopie.jpg\" alt=\"\" width=\"2100\" height=\"1177\" class=\"aligncenter size-full wp-image-21733\" srcset=\"https:\/\/windpilot.com\/blog\/wp-content\/uploads\/2020\/03\/Moai-Kopie.jpg 2100w, https:\/\/windpilot.com\/blog\/wp-content\/uploads\/2020\/03\/Moai-Kopie-300x168.jpg 300w, https:\/\/windpilot.com\/blog\/wp-content\/uploads\/2020\/03\/Moai-Kopie-1024x574.jpg 1024w, https:\/\/windpilot.com\/blog\/wp-content\/uploads\/2020\/03\/Moai-Kopie-768x430.jpg 768w, https:\/\/windpilot.com\/blog\/wp-content\/uploads\/2020\/03\/Moai-Kopie-1536x861.jpg 1536w, https:\/\/windpilot.com\/blog\/wp-content\/uploads\/2020\/03\/Moai-Kopie-2048x1148.jpg 2048w\" sizes=\"auto, (max-width: 2100px) 100vw, 2100px\" \/><\/p>\n<p>Ich kenne Burghard schon ewig, bin monatelang an seiner Shangri-La Grossbaustelle am Schulauer Hafen vorbeigefahren und war nie verlegen, einen frechen Schnack loszulassen, als der orangefarbige Katamaran m\u00fchsam bei Wrede auf dem Platz entstanden ist. Danach wurde es dann ruhig, denn Burghard war weg, war viele Jahre  mit der Shangri-La im Slow Motion Modus unterwegs, denn ein Renner war das Schiff wirklich nicht, daf\u00fcr war es zu dick solide und schwer, war zudem im Laufe der Jahre dann bis zum Dach beladen, mit allem, was man unterwegs gefunden, gesammelt und behalten hat \u2026 f\u00fcr sp\u00e4ter, f\u00fcr Fensterb\u00e4nke, Treppenabs\u00e4tze, Zimmerschmuck, Vorg\u00e4rten und Kellergew\u00f6lbe. <\/p>\n<p><img loading=\"lazy\" decoding=\"async\" src=\"https:\/\/windpilot.com\/blog\/wp-content\/uploads\/2020\/03\/image1-4.jpeg\" alt=\"\" width=\"1280\" height=\"960\" class=\"aligncenter size-full wp-image-21735\" srcset=\"https:\/\/windpilot.com\/blog\/wp-content\/uploads\/2020\/03\/image1-4.jpeg 1280w, https:\/\/windpilot.com\/blog\/wp-content\/uploads\/2020\/03\/image1-4-300x225.jpeg 300w, https:\/\/windpilot.com\/blog\/wp-content\/uploads\/2020\/03\/image1-4-1024x768.jpeg 1024w, https:\/\/windpilot.com\/blog\/wp-content\/uploads\/2020\/03\/image1-4-768x576.jpeg 768w\" sizes=\"auto, (max-width: 1280px) 100vw, 1280px\" \/><\/p>\n<p>Je l\u00e4nger das Leben dauert, desto mehr Andenken oder Mitbringsel hat man zwischen den F\u00fcssen, in den Schr\u00e4nken und G\u00e4rten. Eine Lebensangewohnheit, nicht nur bei Burghard. Alles eine Sache der Organisation, wenn man den \u00dcberblick nicht verlieren will, der Besitz durch Zellteilung \u2013 also Scheidung! &#8211; nicht geringer wird und man bereit und in der Lage ist, die lieb gewordenen Lebensutensilien zu hegen und zu pflegen, bis man dar\u00fcber stolpert, weil kaum noch Gehwege in der eigenen Wohnung frei geblieben sind.<\/p>\n<p><img loading=\"lazy\" decoding=\"async\" src=\"https:\/\/windpilot.com\/blog\/wp-content\/uploads\/2020\/03\/Burghard-Silke.jpg\" alt=\"\" width=\"1762\" height=\"1328\" class=\"aligncenter size-full wp-image-21748\" srcset=\"https:\/\/windpilot.com\/blog\/wp-content\/uploads\/2020\/03\/Burghard-Silke.jpg 1762w, https:\/\/windpilot.com\/blog\/wp-content\/uploads\/2020\/03\/Burghard-Silke-300x226.jpg 300w, https:\/\/windpilot.com\/blog\/wp-content\/uploads\/2020\/03\/Burghard-Silke-1024x772.jpg 1024w, https:\/\/windpilot.com\/blog\/wp-content\/uploads\/2020\/03\/Burghard-Silke-768x579.jpg 768w, https:\/\/windpilot.com\/blog\/wp-content\/uploads\/2020\/03\/Burghard-Silke-1536x1158.jpg 1536w\" sizes=\"auto, (max-width: 1762px) 100vw, 1762px\" \/><\/p>\n<p>Burghard hat sich nach der Heimkehr einer Metamorphose unterzogen, die ihn ver\u00e4ndert hat, jedenfalls ein wenig. Silke bestieg sein Lebensschiff und wurde fortan \u2013 bis heute! &#8211; sein temperamentvoller Copilot. Eine gelungene Symbiose von zwei lebenslustigen Menschen, was beiden auf die Stirn geschrieben steht, man muss gar nicht hinterfragen!<\/p>\n<p><img loading=\"lazy\" decoding=\"async\" src=\"https:\/\/windpilot.com\/blog\/wp-content\/uploads\/2020\/03\/Windpilot-0039.jpg\" alt=\"\" width=\"1840\" height=\"1203\" class=\"aligncenter size-full wp-image-21736\" srcset=\"https:\/\/windpilot.com\/blog\/wp-content\/uploads\/2020\/03\/Windpilot-0039.jpg 1840w, https:\/\/windpilot.com\/blog\/wp-content\/uploads\/2020\/03\/Windpilot-0039-300x196.jpg 300w, https:\/\/windpilot.com\/blog\/wp-content\/uploads\/2020\/03\/Windpilot-0039-1024x669.jpg 1024w, https:\/\/windpilot.com\/blog\/wp-content\/uploads\/2020\/03\/Windpilot-0039-768x502.jpg 768w, https:\/\/windpilot.com\/blog\/wp-content\/uploads\/2020\/03\/Windpilot-0039-1536x1004.jpg 1536w\" sizes=\"auto, (max-width: 1840px) 100vw, 1840px\" \/><\/p>\n<p>Es dauerte damals nicht sehr lange, bis die Abenteurerlust wieder ihre Krakenarme aus- und Burghard niederstreckte. Es sollte etwas wirklich Besonderes sein. Burghard hat vermutlich die Lekt\u00fcre der Abenteuer von Capt. Bligh und der veritablen HMS Bounty ein wenig besoffen gemacht und so fasste er den Entschluss, das verwegene Ende einer Meuterei, am eigenen Leib einmal nach zu segeln. Die Idee der Bounty Bay war geboren. Das war Ende der 80ger Jahre. Es wurden sogleich zwei Schaluppen in Estland auf Kiel gelegt, d.h. in Epox Holz formverleimt und sodann nach L\u00fcbeck verladen. Burghard war da ganz pragmatisch und zudem praktisch, denn vor der Reise sollten die Schiffe auf Bootsmessen und anderen Veranstaltungen, zu Promotionszwecken Aufmerksamkeiten erregen \u2026 und auch Sponsoren anlocken. Da war es schon praktisch, gleich zwei Schiffe zur Verf\u00fcgung zu haben. <\/p>\n<p><img loading=\"lazy\" decoding=\"async\" src=\"https:\/\/windpilot.com\/blog\/wp-content\/uploads\/2020\/03\/PL-Holz.jpeg\" alt=\"\" width=\"1148\" height=\"778\" class=\"aligncenter size-full wp-image-21737\" srcset=\"https:\/\/windpilot.com\/blog\/wp-content\/uploads\/2020\/03\/PL-Holz.jpeg 1148w, https:\/\/windpilot.com\/blog\/wp-content\/uploads\/2020\/03\/PL-Holz-300x203.jpeg 300w, https:\/\/windpilot.com\/blog\/wp-content\/uploads\/2020\/03\/PL-Holz-1024x694.jpeg 1024w, https:\/\/windpilot.com\/blog\/wp-content\/uploads\/2020\/03\/PL-Holz-768x520.jpeg 768w\" sizes=\"auto, (max-width: 1148px) 100vw, 1148px\" \/><\/p>\n<p>Jedenfalls kam, was kommen musste: Ich geriet voll in den Fokus. Burghard fragte mich, ob ich denn nicht etwas \u201eLeichtes\u201c &#8211; eine leichte Windpilot Anlage &#8211; auf Lager h\u00e4tte \u2026 alternativ f\u00fcr seine zwei Schaluppen bauen k\u00f6nnte! Entscheidungen hatte ich gelernt, das konnte ich allerbest, darum habe ich nicht lange gefackelt. <\/p>\n<p><img loading=\"lazy\" decoding=\"async\" src=\"https:\/\/windpilot.com\/blog\/wp-content\/uploads\/2020\/03\/Scan.jpeg\" alt=\"\" width=\"1148\" height=\"778\" class=\"aligncenter size-full wp-image-21738\" srcset=\"https:\/\/windpilot.com\/blog\/wp-content\/uploads\/2020\/03\/Scan.jpeg 1148w, https:\/\/windpilot.com\/blog\/wp-content\/uploads\/2020\/03\/Scan-300x203.jpeg 300w, https:\/\/windpilot.com\/blog\/wp-content\/uploads\/2020\/03\/Scan-1024x694.jpeg 1024w, https:\/\/windpilot.com\/blog\/wp-content\/uploads\/2020\/03\/Scan-768x520.jpeg 768w\" sizes=\"auto, (max-width: 1148px) 100vw, 1148px\" \/><\/p>\n<p>Die Holz Modelle f\u00fcr Sandguss Aluminium Bauteile waren schnell gebaut, Herr Hoffmann musste wieder ran \u2026 die erste Serie von damals 10 Pacific Light Systemen war innerhalb von wenigen Wochen gezaubert, gerade noch rechtzeitig, um f\u00fcr die Presse Vorstellung der Bounty Bay auf dem Ratzeburger See, zumindest schon mal einen der Steuersklaven zu montieren. Um den versammelten Journalisten augenf\u00e4llig die Schwimmf\u00e4higkeit der Schaluppe zu demonstrieren, sind 17 Personen an Bord der Bounty Bay gebeten &#8211; bzw. verladen worden &#8211; sie ist gleichwohl dennoch nicht abgesoffen. <\/p>\n<p><img loading=\"lazy\" decoding=\"async\" src=\"https:\/\/windpilot.com\/blog\/wp-content\/uploads\/2020\/03\/PIESKE-LOW-Kopie.jpg\" alt=\"\" width=\"1925\" height=\"1264\" class=\"aligncenter size-full wp-image-21763\" srcset=\"https:\/\/windpilot.com\/blog\/wp-content\/uploads\/2020\/03\/PIESKE-LOW-Kopie.jpg 1925w, https:\/\/windpilot.com\/blog\/wp-content\/uploads\/2020\/03\/PIESKE-LOW-Kopie-300x197.jpg 300w, https:\/\/windpilot.com\/blog\/wp-content\/uploads\/2020\/03\/PIESKE-LOW-Kopie-1024x672.jpg 1024w, https:\/\/windpilot.com\/blog\/wp-content\/uploads\/2020\/03\/PIESKE-LOW-Kopie-768x504.jpg 768w, https:\/\/windpilot.com\/blog\/wp-content\/uploads\/2020\/03\/PIESKE-LOW-Kopie-1536x1009.jpg 1536w\" sizes=\"auto, (max-width: 1925px) 100vw, 1925px\" \/><\/p>\n<p>Seine Aufsehen erregende Reise im Pacific hat Burghard singlehand absolviert, wobei eine Begleityacht zur Sicherheit sowie zur Dokumentation im Kielwasserschatten kreuzte, just in case!  Das Buch \u00fcber \u201e5000 nassen Meilen\u201c ist wie seine anderen 4 B\u00fccher bei DK schon lange vergriffen.<\/p>\n<p><iframe loading=\"lazy\" width=\"560\" height=\"315\" src=\"https:\/\/www.youtube.com\/embed\/WUe4QbHKUWw\" frameborder=\"0\" allow=\"accelerometer; autoplay; encrypted-media; gyroscope; picture-in-picture\" allowfullscreen><\/iframe><\/p>\n<p>So kam es damals, dass ich mein Sortiment erweitern musste. Habe ich nie bedauert, denn es sollte sich in der Folgezeit herausstellen, dass Pocket Cruiser auf der ganzen Welt eine besondere Renaissance erleben sollten. Aber das ist eine andere Geschichte, die gesondert erz\u00e4hlt werden m\u00f6chte.<\/p>\n<p><img loading=\"lazy\" decoding=\"async\" src=\"https:\/\/windpilot.com\/blog\/wp-content\/uploads\/2020\/03\/Windpilot-0006-Kopie.jpg\" alt=\"\" width=\"1837\" height=\"1198\" class=\"aligncenter size-full wp-image-21741\" srcset=\"https:\/\/windpilot.com\/blog\/wp-content\/uploads\/2020\/03\/Windpilot-0006-Kopie.jpg 1837w, https:\/\/windpilot.com\/blog\/wp-content\/uploads\/2020\/03\/Windpilot-0006-Kopie-300x196.jpg 300w, https:\/\/windpilot.com\/blog\/wp-content\/uploads\/2020\/03\/Windpilot-0006-Kopie-1024x668.jpg 1024w, https:\/\/windpilot.com\/blog\/wp-content\/uploads\/2020\/03\/Windpilot-0006-Kopie-768x501.jpg 768w, https:\/\/windpilot.com\/blog\/wp-content\/uploads\/2020\/03\/Windpilot-0006-Kopie-1536x1002.jpg 1536w\" sizes=\"auto, (max-width: 1837px) 100vw, 1837px\" \/><\/p>\n<p>Mit Burghard ergab sich, Jahre sp\u00e4ter, ein weiteres Abenteuer der besonderen Art. Der Mann hatte stets ein Gesp\u00fcr f\u00fcr Menschenmengen, die er begnadet bespassen und unterhalten konnte, je mehr Leute, desto besser. Auf Veranstaltungen in Einkaufscentern oder Volksfesten konnte Burghard sein Publikum mit Worten fesseln, wobei er zeitgleich f\u00fcr selbst hergestellten Schmuck, Met in Flaschen und anderes Ged\u00f6ns &#8211; oder Tand? &#8211; das Kleingeld aus den Tasche zaubern konnte. Burghard konnte eine andere Welt vorgaukeln  \u2013 z.B. die Wikinger Welt, in seinem Lieblings Kost\u00fcm, da brauchte Burghard keinen Maskenbildner, denn das war er von Natur. Selbst als Statist in einem Wiki Film fiel er gar nicht auf. Seine Lachfalten spiegeln den Spass, den er dabei selber hatte. Ein Mann in seiner Lebensrolle.<\/p>\n<p><img loading=\"lazy\" decoding=\"async\" src=\"https:\/\/windpilot.com\/blog\/wp-content\/uploads\/2020\/03\/OsterInselKopfe-Kopie.jpg\" alt=\"\" width=\"2100\" height=\"1181\" class=\"aligncenter size-full wp-image-21740\" srcset=\"https:\/\/windpilot.com\/blog\/wp-content\/uploads\/2020\/03\/OsterInselKopfe-Kopie.jpg 2100w, https:\/\/windpilot.com\/blog\/wp-content\/uploads\/2020\/03\/OsterInselKopfe-Kopie-300x169.jpg 300w, https:\/\/windpilot.com\/blog\/wp-content\/uploads\/2020\/03\/OsterInselKopfe-Kopie-1024x576.jpg 1024w, https:\/\/windpilot.com\/blog\/wp-content\/uploads\/2020\/03\/OsterInselKopfe-Kopie-768x432.jpg 768w, https:\/\/windpilot.com\/blog\/wp-content\/uploads\/2020\/03\/OsterInselKopfe-Kopie-1536x864.jpg 1536w, https:\/\/windpilot.com\/blog\/wp-content\/uploads\/2020\/03\/OsterInselKopfe-Kopie-2048x1152.jpg 2048w\" sizes=\"auto, (max-width: 2100px) 100vw, 2100px\" \/><\/p>\n<p>Es war in den Neunziger Jahren in seinem Zuhause am Ratzeburger See, dass mir seine zwei \u00fcberlebensgrosse Moais Steuerbord und Backbordseite vor der T\u00fcr zu seinem Hexenhaus in der Waldesschlucht ins Auge stachen. Beide Figuren waren aus gewaltigen Styroporbl\u00f6cken mit der Baums\u00e4ge geshapt worden, weder druckfest noch allzu Wetter best\u00e4ndig, Burghard\u00b4s Deko der besonderen Art f\u00fcr Messen und Veranstaltungen, die allerdings Anforderungen an seine Logistik stellten, denn aufblasbar waren die Moais nicht.<\/p>\n<p><img loading=\"lazy\" decoding=\"async\" src=\"https:\/\/windpilot.com\/blog\/wp-content\/uploads\/2020\/03\/Windpilot-0015-Kopie.jpg\" alt=\"\" width=\"1839\" height=\"1207\" class=\"aligncenter size-full wp-image-21743\" srcset=\"https:\/\/windpilot.com\/blog\/wp-content\/uploads\/2020\/03\/Windpilot-0015-Kopie.jpg 1839w, https:\/\/windpilot.com\/blog\/wp-content\/uploads\/2020\/03\/Windpilot-0015-Kopie-300x197.jpg 300w, https:\/\/windpilot.com\/blog\/wp-content\/uploads\/2020\/03\/Windpilot-0015-Kopie-1024x672.jpg 1024w, https:\/\/windpilot.com\/blog\/wp-content\/uploads\/2020\/03\/Windpilot-0015-Kopie-768x504.jpg 768w, https:\/\/windpilot.com\/blog\/wp-content\/uploads\/2020\/03\/Windpilot-0015-Kopie-1536x1008.jpg 1536w\" sizes=\"auto, (max-width: 1839px) 100vw, 1839px\" \/><\/p>\n<p>Es brauchte keine grosse \u00dcberredungskunst, Burghard davon zu \u00fcberzeugen, dass man von den Moais aus GFK eine Negativform herstellen k\u00f6nnte, um hernach die Hohlk\u00f6pfe in Serie herzustellen. Zwei M\u00e4nner als Kinder! Ein paar Telefonate mit polnischen Bootsbauern in Danzig, und die Sache nahm ihren Lauf, ein Moai reiste im Anh\u00e4nger nach Polska, sieben K\u00f6pfe kamen auf einem Autotransportanh\u00e4nger die weite Strecke von Danzig nach Hamburg zu Windpilot auf den Hof, unz\u00e4hlige Male fotografiert und befragt, was wohl der Sinn dieser verr\u00fcckten Aktion sein sollte? Eine Spassaktion der besonderen Art, Lachen inklusive.<\/p>\n<p><img loading=\"lazy\" decoding=\"async\" src=\"https:\/\/windpilot.com\/blog\/wp-content\/uploads\/2020\/03\/Windpilot-0034-Kopie.jpg\" alt=\"\" width=\"1839\" height=\"1207\" class=\"aligncenter size-full wp-image-21760\" srcset=\"https:\/\/windpilot.com\/blog\/wp-content\/uploads\/2020\/03\/Windpilot-0034-Kopie.jpg 1839w, https:\/\/windpilot.com\/blog\/wp-content\/uploads\/2020\/03\/Windpilot-0034-Kopie-300x197.jpg 300w, https:\/\/windpilot.com\/blog\/wp-content\/uploads\/2020\/03\/Windpilot-0034-Kopie-1024x672.jpg 1024w, https:\/\/windpilot.com\/blog\/wp-content\/uploads\/2020\/03\/Windpilot-0034-Kopie-768x504.jpg 768w, https:\/\/windpilot.com\/blog\/wp-content\/uploads\/2020\/03\/Windpilot-0034-Kopie-1536x1008.jpg 1536w\" sizes=\"auto, (max-width: 1839px) 100vw, 1839px\" \/><br \/>\nWir haben uns die Kosten br\u00fcderlich geteilt, Burghard bekam 4, ich 3 Hohlk\u00f6pfe, die fortan unser beider Leben begleiten sollten, denn verkauft wurde kein Moai \u2026 sie waren in unsere Herzen hinein geschl\u00fcpft.<\/p>\n<p><img loading=\"lazy\" decoding=\"async\" src=\"https:\/\/windpilot.com\/blog\/wp-content\/uploads\/2020\/03\/DSC04286.jpg\" alt=\"\" width=\"1280\" height=\"960\" class=\"aligncenter size-full wp-image-21744\" srcset=\"https:\/\/windpilot.com\/blog\/wp-content\/uploads\/2020\/03\/DSC04286.jpg 1280w, https:\/\/windpilot.com\/blog\/wp-content\/uploads\/2020\/03\/DSC04286-300x225.jpg 300w, https:\/\/windpilot.com\/blog\/wp-content\/uploads\/2020\/03\/DSC04286-1024x768.jpg 1024w, https:\/\/windpilot.com\/blog\/wp-content\/uploads\/2020\/03\/DSC04286-768x576.jpg 768w\" sizes=\"auto, (max-width: 1280px) 100vw, 1280px\" \/><\/p>\n<p>Burghard war damals bereits nach L\u00fcbeck in ein weitl\u00e4ufiges Gel\u00e4nde mit unz\u00e4hligen Garagen und Werkstattfl\u00e4chen umgezogen, mitten drin einem ger\u00e4umigen Refugium f\u00fcr zwei Familien, auf dem man f\u00fcrstlich einladen konnte, mit dicken S\u00fcdsee Muscheln am Treppenabsatz. Ein ehemaliger Abschleppunternehmer hatte sein Gel\u00e4nde an den richtigen Mann verkauft, Fleisch gewordener Traum eines jeden Bastlers und Bootsbesitzers \u2026 neue Heimat einer stattlichen Moai Familie, neben einer Wikingerboot Flotte in Kampfst\u00e4rke und unz\u00e4hligen anderen Bauprojekten \u2026 ach ja, auch f\u00fcr Autos war noch gen\u00fcgend Platz.<\/p>\n<p><img loading=\"lazy\" decoding=\"async\" src=\"https:\/\/windpilot.com\/blog\/wp-content\/uploads\/2020\/03\/nah-Moai.jpg\" alt=\"\" width=\"1318\" height=\"932\" class=\"aligncenter size-full wp-image-21746\" srcset=\"https:\/\/windpilot.com\/blog\/wp-content\/uploads\/2020\/03\/nah-Moai.jpg 1318w, https:\/\/windpilot.com\/blog\/wp-content\/uploads\/2020\/03\/nah-Moai-300x212.jpg 300w, https:\/\/windpilot.com\/blog\/wp-content\/uploads\/2020\/03\/nah-Moai-1024x724.jpg 1024w, https:\/\/windpilot.com\/blog\/wp-content\/uploads\/2020\/03\/nah-Moai-768x543.jpg 768w\" sizes=\"auto, (max-width: 1318px) 100vw, 1318px\" \/><\/p>\n<p>Burghard\u00b4s Lebensabenteuer sind auf seiner <a href=\"http:\/\/www.burghard-pieske.com\/\">Website<\/a> nachzulesen. Als Reeder der besonderen Art, besitzt er seit vielen Jahren einen ihm zugelaufenen gewaltigen Katamaran. Die Barrakuda war das Lebenswerk eines unerm\u00fcdlichen T\u00fcftlers, der nie in den Genuss gekommen ist, sein Traumschiff am Ende wirklich selbst zu segeln. Der Erbauer verstarb, die Barrakuda ist in Burghard\u00b4s Obhut gekommen. Ein Schiff, so imposant, zeitgleich aber auch so ungew\u00f6hnlich besonders, voll gestopft mit enormer Technik, die instand gehalten werden muss, eigentlich ein Schiff f\u00fcr Vollzeitkapit\u00e4ne, weil ansonsten die Technik kaum zu beherrschen ist&#8230;. 17 volle Meter lang mit Doppelmaschinen samt Jet-Antrieb, die allerdings vergleichsweise flugs auf konventionelle Wellenantriebe umger\u00fcstet worden sind.<\/p>\n<p><img loading=\"lazy\" decoding=\"async\" src=\"https:\/\/windpilot.com\/blog\/wp-content\/uploads\/2020\/03\/P1050013.jpeg\" alt=\"\" width=\"1024\" height=\"768\" class=\"aligncenter size-full wp-image-21749\" srcset=\"https:\/\/windpilot.com\/blog\/wp-content\/uploads\/2020\/03\/P1050013.jpeg 1024w, https:\/\/windpilot.com\/blog\/wp-content\/uploads\/2020\/03\/P1050013-300x225.jpeg 300w, https:\/\/windpilot.com\/blog\/wp-content\/uploads\/2020\/03\/P1050013-768x576.jpeg 768w\" sizes=\"auto, (max-width: 1024px) 100vw, 1024px\" \/><\/p>\n<p>Und so kam es, dass Burghard mich einige Jahre sp\u00e4ter angerufen hat, um mich freundlich zu fragen, ob ich denn keine Lust h\u00e4tte, mich an der Barrakuda zu beteiligen \u2026 Meine Lebenserfahrung in Sachen Flottenmanagement war bereits damals umfangreich genug, um den Braten zu riechen, der sich hinter so einem verlockenden Angebot versteckte. Honi soit qui mal y pense, der Schnack trifft haargenau &#8211; ich habe bedauernd abgelehnt \u2026 nicht nur, weil mein eigenes Leben bereits aus allen Ritzen platzte, mein schwimmender Fuhrpark mir den Atem raubte, und auch sonst in meinem Leben genug Aufregung herrschte, als dass ich unter Langeweile h\u00e4tte leiden k\u00f6nnen. Zumal ich mein Pflichtbewusstsein bestens gekannt und keinesfalls in Heiligenhafen an einer weiteren Lebensaufgabe ersticken wollte. Lieber ein kurzes Nein, als ein Ja unter dem Schmerz eines Freundschaftsdienstes, mit never ending Konsequenzen.<\/p>\n<p>So geh\u00f6rt die Barrakuda bis heute zum Stadtbild von Heiligenhafen, sucht weiter nach einem Herz samt angeh\u00e4ngtem Bankguthaben, um dies Schiff dereinst wieder aus dem Hafen zu verholen zum Erholen&#8230;<\/p>\n<p>Burghard\u00b4s derzeit letztes Abenteuer, eine qu\u00e4lend lange Pacific Reise mit der nach oben offenen Proa Ana-Varu hatte er von Hand zu steuern, weil ich wirklich ratlos gewesen bin, wie man hier eine Heckverzierung h\u00e4tte montieren k\u00f6nnen, weil hinten zeitgleich auch vorne ist &#8230; und umgekehrt. Burghard hatte mich gefragt &#8211; Ich war verwirrt und habe mich am eigenen Z\u00fcgel zur\u00fcck gehalten, weil mir eine Entscheidung zu riskant und zeitgleich unm\u00f6glich erschienen ist, denn wie h\u00e4tte man am Heck eine Windpilot montieren sollen, wenn das Heck nach jeder Wende woanders ist? Die Reise ist jedenfalls erst 2019 vergleichsweise glimpflich mit einem Seenotfall zuende gegangen. Skipper und Copilot gesund und munter, die Geschichte ein Leckerbissen f\u00fcr die <a href=\"https:\/\/www.yacht.de\/aktuell\/panorama\/burghard-pieske-aus-seenot-gerettet\/a121405.html\">Presse<\/a>.<\/p>\n<p><img loading=\"lazy\" decoding=\"async\" src=\"https:\/\/windpilot.com\/blog\/wp-content\/uploads\/2020\/03\/CIMG0402.jpeg\" alt=\"\" width=\"1280\" height=\"960\" class=\"aligncenter size-full wp-image-21752\" srcset=\"https:\/\/windpilot.com\/blog\/wp-content\/uploads\/2020\/03\/CIMG0402.jpeg 1280w, https:\/\/windpilot.com\/blog\/wp-content\/uploads\/2020\/03\/CIMG0402-300x225.jpeg 300w, https:\/\/windpilot.com\/blog\/wp-content\/uploads\/2020\/03\/CIMG0402-1024x768.jpeg 1024w, https:\/\/windpilot.com\/blog\/wp-content\/uploads\/2020\/03\/CIMG0402-768x576.jpeg 768w\" sizes=\"auto, (max-width: 1280px) 100vw, 1280px\" \/><\/p>\n<p>Burghard und Silke sind seit einigen Jahren vermehrt auf kapitalen Kreuzfahrtschiffen unterwegs, um gelangweilten Touristen von aufregenden Erlebnissen zu erz\u00e4hlen. Burghard\u00b4s Repertoire benennt 20 l\u00e4nderkundliche Lektorate aus der grossen weiten Welt. Denn was Burghard fast am besten kann: er kann mit seinen Geschichten Menschen r\u00fchren und faszinieren, kann ihnen seine Welt zu F\u00fcssen legen, dass sie hernach ermattet in die eigenen Kreuzfahrt Kojen fallen, wo sie vermutlich dann im Halbschlaf Traum und Wirklichkeit verwechselnd,  daran denken, dass sie Burghard\u00b4s Abenteuer soeben selbst erlebt h\u00e4tten. <\/p>\n<p>F\u00fcr Burghard und Silke der Traumjob schlechthin, weil sie zum gesellschaftlichen Highlight und Spassprogamm an Bord geh\u00f6ren &#8230; und daf\u00fcr vermutlich sogar Entlohnung erhalten, wie ich doch schwer hoffe.  <\/p>\n<p>Die Pacific Light war damals ein schneller Gedanke, den ich spielerisch aufgegriffen habe. Ich war allerdings damals weit davon entfernt, mir zu ertr\u00e4umen, dass ich mit dieser kompakten Anlage einen  Weltbestseller zum Leben verholfen habe.<\/p>\n<p>Weshalb ich hier die Geschichte auf ein Bonmot verdichte: Burghard ist Schuld!<\/p>\n<p>Danke Burghard!<\/p>\n<p>Allerbest<br \/>\nPeter Foerthmann<br \/>\n<img loading=\"lazy\" decoding=\"async\" src=\"https:\/\/windpilot.com\/blog\/wp-content\/uploads\/2020\/01\/Peter-Lions-150x150.jpg\" alt=\"\" width=\"150\" height=\"150\" class=\"alignleft size-thumbnail wp-image-21388\" srcset=\"https:\/\/windpilot.com\/blog\/wp-content\/uploads\/2020\/01\/Peter-Lions-150x150.jpg 150w, https:\/\/windpilot.com\/blog\/wp-content\/uploads\/2020\/01\/Peter-Lions-300x300.jpg 300w, https:\/\/windpilot.com\/blog\/wp-content\/uploads\/2020\/01\/Peter-Lions-1024x1020.jpg 1024w, https:\/\/windpilot.com\/blog\/wp-content\/uploads\/2020\/01\/Peter-Lions-768x765.jpg 768w, https:\/\/windpilot.com\/blog\/wp-content\/uploads\/2020\/01\/Peter-Lions-1536x1531.jpg 1536w, https:\/\/windpilot.com\/blog\/wp-content\/uploads\/2020\/01\/Peter-Lions.jpg 1700w\" sizes=\"auto, (max-width: 150px) 100vw, 150px\" \/><\/p>\n","protected":false},"excerpt":{"rendered":"<p>PACIFIC LIGHT &#8211; BURGHARD IST SCHULD Wie gut, wenn man immer jemanden hat, dem man Schuld zuschieben kann. In meinem Leben habe ich dazu viele Menschen parat, die dazu beigetragen haben, dass der Druck auf meinen Schultern stets kleinzellig verteilt &hellip; <a href=\"https:\/\/windpilot.com\/blog\/deutsch-yacht-delius-klasing\/burghard-pieske\/\">Weiterlesen <span class=\"meta-nav\">&rarr;<\/span><\/a><\/p>\n","protected":false},"author":1,"featured_media":0,"parent":9971,"menu_order":-4,"comment_status":"open","ping_status":"closed","template":"","meta":{"footnotes":""},"class_list":["post-21730","page","type-page","status-publish","hentry"],"_links":{"self":[{"href":"https:\/\/windpilot.com\/blog\/wp-json\/wp\/v2\/pages\/21730","targetHints":{"allow":["GET"]}}],"collection":[{"href":"https:\/\/windpilot.com\/blog\/wp-json\/wp\/v2\/pages"}],"about":[{"href":"https:\/\/windpilot.com\/blog\/wp-json\/wp\/v2\/types\/page"}],"author":[{"embeddable":true,"href":"https:\/\/windpilot.com\/blog\/wp-json\/wp\/v2\/users\/1"}],"replies":[{"embeddable":true,"href":"https:\/\/windpilot.com\/blog\/wp-json\/wp\/v2\/comments?post=21730"}],"version-history":[{"count":21,"href":"https:\/\/windpilot.com\/blog\/wp-json\/wp\/v2\/pages\/21730\/revisions"}],"predecessor-version":[{"id":21787,"href":"https:\/\/windpilot.com\/blog\/wp-json\/wp\/v2\/pages\/21730\/revisions\/21787"}],"up":[{"embeddable":true,"href":"https:\/\/windpilot.com\/blog\/wp-json\/wp\/v2\/pages\/9971"}],"wp:attachment":[{"href":"https:\/\/windpilot.com\/blog\/wp-json\/wp\/v2\/media?parent=21730"}],"curies":[{"name":"wp","href":"https:\/\/api.w.org\/{rel}","templated":true}]}}