{"id":21811,"date":"2020-03-22T07:39:34","date_gmt":"2020-03-22T14:39:34","guid":{"rendered":"https:\/\/windpilot.com\/blog\/?page_id=21811"},"modified":"2020-04-05T08:04:59","modified_gmt":"2020-04-05T15:04:59","slug":"wom-1990-2000","status":"publish","type":"page","link":"https:\/\/windpilot.com\/blog\/press-tv\/wom-1990-2000\/","title":{"rendered":"WoM 1990 &#8211; 2000"},"content":{"rendered":"<p><strong>ALTE ZEITEN &#8211; NIEMALS VERGESSEN<\/strong><br \/>\n<img loading=\"lazy\" decoding=\"async\" src=\"https:\/\/windpilot.com\/blog\/wp-content\/uploads\/2020\/03\/Abacus-quer.jpg\" alt=\"\" width=\"1868\" height=\"1548\" class=\"aligncenter size-full wp-image-21829\" srcset=\"https:\/\/windpilot.com\/blog\/wp-content\/uploads\/2020\/03\/Abacus-quer.jpg 1868w, https:\/\/windpilot.com\/blog\/wp-content\/uploads\/2020\/03\/Abacus-quer-300x249.jpg 300w, https:\/\/windpilot.com\/blog\/wp-content\/uploads\/2020\/03\/Abacus-quer-1024x849.jpg 1024w, https:\/\/windpilot.com\/blog\/wp-content\/uploads\/2020\/03\/Abacus-quer-768x636.jpg 768w, https:\/\/windpilot.com\/blog\/wp-content\/uploads\/2020\/03\/Abacus-quer-1536x1273.jpg 1536w\" sizes=\"auto, (max-width: 1868px) 100vw, 1868px\" \/><br \/>\nWeil Erinnerungen, Postkarten, Briefe, und Fotos an verborgenen Pl\u00e4tzen und in meinem Kopf gespeichert, endlos leben und freundliche Gedanken zu zaubern in der Lage sind. <\/p>\n<blockquote class=\"wp-embedded-content\" data-secret=\"8lmD0ctbrI\"><p><a href=\"https:\/\/windpilot.com\/blog\/columns\/sozial-oder-nicht\/sozialer-aberwitz\/\">Sozialer Aberwitz<\/a><\/p><\/blockquote>\n<p><iframe loading=\"lazy\" class=\"wp-embedded-content\" sandbox=\"allow-scripts\" security=\"restricted\" style=\"position: absolute; clip: rect(1px, 1px, 1px, 1px);\" title=\"&#8222;Sozialer Aberwitz&#8220; &#8212; Windpilot Blog\" src=\"https:\/\/windpilot.com\/blog\/columns\/sozial-oder-nicht\/sozialer-aberwitz\/embed\/#?secret=V3msS95WDE#?secret=8lmD0ctbrI\" data-secret=\"8lmD0ctbrI\" width=\"600\" height=\"338\" frameborder=\"0\" marginwidth=\"0\" marginheight=\"0\" scrolling=\"no\"><\/iframe><\/p>\n<p>In 44 Jahren Windpilot ist viel passiert, etliches davon vergessen, vieles hingegen endlos gespeichert ohne jemals zu vergilben. Beim Lesen alter Briefe und Karten, Bl\u00e4ttern in vergangenen Prospekten habe ich einen Schatz gehoben, den ich hier ins Blog transportiere, der an anderer Stelle all zu leicht in Vergessenheit geraten w\u00fcrde. <\/p>\n<p><img loading=\"lazy\" decoding=\"async\" src=\"https:\/\/windpilot.com\/blog\/wp-content\/uploads\/2020\/04\/Geoff-1997.jpeg\" alt=\"\" width=\"1760\" height=\"1180\" class=\"aligncenter size-full wp-image-22073\" srcset=\"https:\/\/windpilot.com\/blog\/wp-content\/uploads\/2020\/04\/Geoff-1997.jpeg 1760w, https:\/\/windpilot.com\/blog\/wp-content\/uploads\/2020\/04\/Geoff-1997-300x201.jpeg 300w, https:\/\/windpilot.com\/blog\/wp-content\/uploads\/2020\/04\/Geoff-1997-1024x687.jpeg 1024w, https:\/\/windpilot.com\/blog\/wp-content\/uploads\/2020\/04\/Geoff-1997-768x515.jpeg 768w, https:\/\/windpilot.com\/blog\/wp-content\/uploads\/2020\/04\/Geoff-1997-1536x1030.jpeg 1536w\" sizes=\"auto, (max-width: 1760px) 100vw, 1760px\" \/><\/p>\n<p>Eine meiner sch\u00f6nsten Geschichten habe ich im Jahre 1997 erlebt. Es war im Sommer hier in Wandsbek, Geoffrey Hilton Barber aus Durban ZA entstieg einer Chauffeur Limousine, ihm wurde der Wagenfond ge\u00f6ffnet, sodann kam er zielstrebig \u2013 am Arm seines Chauffeurs \u2013 in meine Werkstatt, um sich eine Windpilot Anlage pers\u00f6nlich anzusehen \u2026 mit den H\u00e4nden \u2026 denn Geoff war blind. <\/p>\n<p>Ein erstaunlicher Nachmittag, der wie im Fluge verging, der tiefe Spuren in meiner Seele hinterlassen hat. Immerhin wollte Geoff einhand von Durban nach Freemantle in Australien segeln. Ich war vom Donner ger\u00fchrt, zog meinen Hut vor dem Mut dieses Mannes, der bereits viele andere Herausforderungen vorher \u201cmit einem L\u00e4cheln\u201d bestanden hatte. Hier ein Buch Ausschnitt seiner sportlichen Leistungen:<\/p>\n<p><img loading=\"lazy\" decoding=\"async\" src=\"https:\/\/windpilot.com\/blog\/wp-content\/uploads\/2020\/03\/Geoff--scaled.jpg\" alt=\"\" width=\"2560\" height=\"1771\" class=\"aligncenter size-full wp-image-21830\" srcset=\"https:\/\/windpilot.com\/blog\/wp-content\/uploads\/2020\/03\/Geoff--scaled.jpg 2560w, https:\/\/windpilot.com\/blog\/wp-content\/uploads\/2020\/03\/Geoff--300x208.jpg 300w, https:\/\/windpilot.com\/blog\/wp-content\/uploads\/2020\/03\/Geoff--1024x708.jpg 1024w, https:\/\/windpilot.com\/blog\/wp-content\/uploads\/2020\/03\/Geoff--768x531.jpg 768w, https:\/\/windpilot.com\/blog\/wp-content\/uploads\/2020\/03\/Geoff--1536x1063.jpg 1536w, https:\/\/windpilot.com\/blog\/wp-content\/uploads\/2020\/03\/Geoff--2048x1417.jpg 2048w\" sizes=\"auto, (max-width: 2560px) 100vw, 2560px\" \/><\/p>\n<p>Cliff\u2019s\u00a0 book described Geoff as\u00a0a parachutist, white water rafter, sailor, marathon runner, tandem bike racer and mountain climber.\u00a0 Actually, Geoff has run over 40 marathons and ultra marathons, including the Moroccan Marathon des Sables, a six day 251 km marathon known as the The Toughest Foot Race on Earth, twice.\u00a0 That\u2019s 156 miles, and he had to carry a backpack with his supplies.\u00a0 He has climbed Mount Kilimanjaro three times, escorting blind teenagers. \u00a0So when sailing magazines say you have to be in good shape to prepare for a solo sailing adventure, you can be sure Geoff could check off that requirement from the list.\u00a0 He started losing his sight in his twenties, from retinitis pigmentosa, and by age forty he was totally blind.<\/p>\n<p><img loading=\"lazy\" decoding=\"async\" src=\"https:\/\/windpilot.com\/blog\/wp-content\/uploads\/2020\/03\/sturm-scaled.jpg\" alt=\"\" width=\"2560\" height=\"1724\" class=\"aligncenter size-full wp-image-21832\" srcset=\"https:\/\/windpilot.com\/blog\/wp-content\/uploads\/2020\/03\/sturm-scaled.jpg 2560w, https:\/\/windpilot.com\/blog\/wp-content\/uploads\/2020\/03\/sturm-300x202.jpg 300w, https:\/\/windpilot.com\/blog\/wp-content\/uploads\/2020\/03\/sturm-1024x690.jpg 1024w, https:\/\/windpilot.com\/blog\/wp-content\/uploads\/2020\/03\/sturm-768x517.jpg 768w, https:\/\/windpilot.com\/blog\/wp-content\/uploads\/2020\/03\/sturm-1536x1035.jpg 1536w, https:\/\/windpilot.com\/blog\/wp-content\/uploads\/2020\/03\/sturm-2048x1380.jpg 2048w\" sizes=\"auto, (max-width: 2560px) 100vw, 2560px\" \/><br \/>\nWir vereinbarten, dass ich Geoff zum Start seiner Reise zum Jahreswechsel in S\u00fcdafrika besuchen werde. Vier Wochen verr\u00fcckter Eindr\u00fccke von und mit einem Mann, der voller Tatendrang Unm\u00f6gliches m\u00f6glich machen wollte \u2026 und jede Herausforderung bezwang. Auf seiner SY Abacus \u2013 einer 33 ft Yacht \u2013 waren s\u00e4mtliche Systeme auf Audio umger\u00fcstet, die es Geoff erm\u00f6glichten, sein Boot stets allein zu beherrschen \u2026<\/p>\n<p><img loading=\"lazy\" decoding=\"async\" src=\"https:\/\/windpilot.com\/blog\/wp-content\/uploads\/2020\/03\/geoff-sturm-start-scaled.jpg\" alt=\"\" width=\"2560\" height=\"1715\" class=\"aligncenter size-full wp-image-21831\" srcset=\"https:\/\/windpilot.com\/blog\/wp-content\/uploads\/2020\/03\/geoff-sturm-start-scaled.jpg 2560w, https:\/\/windpilot.com\/blog\/wp-content\/uploads\/2020\/03\/geoff-sturm-start-300x201.jpg 300w, https:\/\/windpilot.com\/blog\/wp-content\/uploads\/2020\/03\/geoff-sturm-start-1024x686.jpg 1024w, https:\/\/windpilot.com\/blog\/wp-content\/uploads\/2020\/03\/geoff-sturm-start-768x514.jpg 768w, https:\/\/windpilot.com\/blog\/wp-content\/uploads\/2020\/03\/geoff-sturm-start-1536x1029.jpg 1536w, https:\/\/windpilot.com\/blog\/wp-content\/uploads\/2020\/03\/geoff-sturm-start-2048x1372.jpg 2048w\" sizes=\"auto, (max-width: 2560px) 100vw, 2560px\" \/><\/p>\n<p>Sein Start verlief bei ruppigem Wetter, kaum ein Freund auf den Begleitschiffen, der nicht gr\u00fcn im Gesichtgewesen ist. W\u00e4hrend seiner \u00dcberfahrt habe ich dann die folgende Mail erhalten, die erahnen l\u00e4sst, wie tough dieser Mann seine Reise gemeistert hat. <\/p>\n<p><img loading=\"lazy\" decoding=\"async\" src=\"https:\/\/windpilot.com\/blog\/wp-content\/uploads\/2020\/03\/Message.jpg\" alt=\"\" width=\"656\" height=\"415\" class=\"aligncenter size-full wp-image-21834\" srcset=\"https:\/\/windpilot.com\/blog\/wp-content\/uploads\/2020\/03\/Message.jpg 656w, https:\/\/windpilot.com\/blog\/wp-content\/uploads\/2020\/03\/Message-300x190.jpg 300w\" sizes=\"auto, (max-width: 656px) 100vw, 656px\" \/><\/p>\n<p>Nach Totalausfall seiner Bordbatterien war es ihm sogar gelungen, von einem Fischtrawler, an dessen Bordwand die Abacus wild auf und niedertanzte \u2026 sich Ersatzbatterien an Bord abseilen zu lassen. Geoff hat seine Reise furios in Freemantle beendet und in der <a href=\"http:\/\/www.aparchive.com\/metadata\/SOUTH-AFRICA-BLIND-SAILOR-SAILS-INDIAN-OCEAN-SINGLE-HANDEDLY\/19e6cc70226578364f4c10d938289172?query=south+africa&#038;current=14&#038;orderBy=Relevance&#038;hits=93&#038;referrer=search&#038;search=%2Fsearch%3Fquery%3Dsouth%2520africa%26allFilters%3DRecord%2520setting%2520events%3ASubject&#038;allFilters=Record+setting+events%3ASubject&#038;productType=IncludedProducts&#038;page=1\">Weltpresse hohe Wellen<\/a> geschlagen.<\/p>\n<p>Vor wenigen Jahren wurde Geoffrey anl\u00e4sslich seines <a href=\"https:\/\/beyondvisionloss.org\/blog\/vision-rehabilitation\/to-the-first-blind-sailor-to-cross-an-ocean-single-handedly-belated-birthday-greetings\/\">70ten Geburtstages<\/a> interviewt<\/p>\n<p><strong>AUS ALTEN ZEITEN INS HEUTE TRANSPORTIERT<\/strong><br \/>\n<img loading=\"lazy\" decoding=\"async\" src=\"https:\/\/windpilot.com\/blog\/wp-content\/uploads\/2020\/03\/1.jpg\" alt=\"\" width=\"1740\" height=\"1260\" class=\"aligncenter size-full wp-image-21812\" srcset=\"https:\/\/windpilot.com\/blog\/wp-content\/uploads\/2020\/03\/1.jpg 1740w, https:\/\/windpilot.com\/blog\/wp-content\/uploads\/2020\/03\/1-300x217.jpg 300w, https:\/\/windpilot.com\/blog\/wp-content\/uploads\/2020\/03\/1-1024x742.jpg 1024w, https:\/\/windpilot.com\/blog\/wp-content\/uploads\/2020\/03\/1-768x556.jpg 768w, https:\/\/windpilot.com\/blog\/wp-content\/uploads\/2020\/03\/1-1536x1112.jpg 1536w\" sizes=\"auto, (max-width: 1740px) 100vw, 1740px\" \/><img loading=\"lazy\" decoding=\"async\" src=\"https:\/\/windpilot.com\/blog\/wp-content\/uploads\/2020\/03\/2.jpg\" alt=\"\" width=\"1766\" height=\"1356\" class=\"aligncenter size-full wp-image-21814\" srcset=\"https:\/\/windpilot.com\/blog\/wp-content\/uploads\/2020\/03\/2.jpg 1766w, https:\/\/windpilot.com\/blog\/wp-content\/uploads\/2020\/03\/2-300x230.jpg 300w, https:\/\/windpilot.com\/blog\/wp-content\/uploads\/2020\/03\/2-1024x786.jpg 1024w, https:\/\/windpilot.com\/blog\/wp-content\/uploads\/2020\/03\/2-768x590.jpg 768w, https:\/\/windpilot.com\/blog\/wp-content\/uploads\/2020\/03\/2-1536x1179.jpg 1536w\" sizes=\"auto, (max-width: 1766px) 100vw, 1766px\" \/><img loading=\"lazy\" decoding=\"async\" src=\"https:\/\/windpilot.com\/blog\/wp-content\/uploads\/2020\/03\/3.jpg\" alt=\"\" width=\"1822\" height=\"1350\" class=\"aligncenter size-full wp-image-21815\" srcset=\"https:\/\/windpilot.com\/blog\/wp-content\/uploads\/2020\/03\/3.jpg 1822w, https:\/\/windpilot.com\/blog\/wp-content\/uploads\/2020\/03\/3-300x222.jpg 300w, https:\/\/windpilot.com\/blog\/wp-content\/uploads\/2020\/03\/3-1024x759.jpg 1024w, https:\/\/windpilot.com\/blog\/wp-content\/uploads\/2020\/03\/3-768x569.jpg 768w, https:\/\/windpilot.com\/blog\/wp-content\/uploads\/2020\/03\/3-1536x1138.jpg 1536w\" sizes=\"auto, (max-width: 1822px) 100vw, 1822px\" \/><img loading=\"lazy\" decoding=\"async\" src=\"https:\/\/windpilot.com\/blog\/wp-content\/uploads\/2020\/03\/4.jpg\" alt=\"\" width=\"1824\" height=\"1268\" class=\"aligncenter size-full wp-image-21816\" srcset=\"https:\/\/windpilot.com\/blog\/wp-content\/uploads\/2020\/03\/4.jpg 1824w, https:\/\/windpilot.com\/blog\/wp-content\/uploads\/2020\/03\/4-300x209.jpg 300w, https:\/\/windpilot.com\/blog\/wp-content\/uploads\/2020\/03\/4-1024x712.jpg 1024w, https:\/\/windpilot.com\/blog\/wp-content\/uploads\/2020\/03\/4-768x534.jpg 768w, https:\/\/windpilot.com\/blog\/wp-content\/uploads\/2020\/03\/4-1536x1068.jpg 1536w\" sizes=\"auto, (max-width: 1824px) 100vw, 1824px\" \/><img loading=\"lazy\" decoding=\"async\" src=\"https:\/\/windpilot.com\/blog\/wp-content\/uploads\/2020\/03\/5.jpg\" alt=\"\" width=\"1728\" height=\"1314\" class=\"aligncenter size-full wp-image-21818\" srcset=\"https:\/\/windpilot.com\/blog\/wp-content\/uploads\/2020\/03\/5.jpg 1728w, https:\/\/windpilot.com\/blog\/wp-content\/uploads\/2020\/03\/5-300x228.jpg 300w, https:\/\/windpilot.com\/blog\/wp-content\/uploads\/2020\/03\/5-1024x779.jpg 1024w, https:\/\/windpilot.com\/blog\/wp-content\/uploads\/2020\/03\/5-768x584.jpg 768w, https:\/\/windpilot.com\/blog\/wp-content\/uploads\/2020\/03\/5-1536x1168.jpg 1536w\" sizes=\"auto, (max-width: 1728px) 100vw, 1728px\" \/><img loading=\"lazy\" decoding=\"async\" src=\"https:\/\/windpilot.com\/blog\/wp-content\/uploads\/2020\/03\/6.jpg\" alt=\"\" width=\"1710\" height=\"1294\" class=\"aligncenter size-full wp-image-21819\" srcset=\"https:\/\/windpilot.com\/blog\/wp-content\/uploads\/2020\/03\/6.jpg 1710w, https:\/\/windpilot.com\/blog\/wp-content\/uploads\/2020\/03\/6-300x227.jpg 300w, https:\/\/windpilot.com\/blog\/wp-content\/uploads\/2020\/03\/6-1024x775.jpg 1024w, https:\/\/windpilot.com\/blog\/wp-content\/uploads\/2020\/03\/6-768x581.jpg 768w, https:\/\/windpilot.com\/blog\/wp-content\/uploads\/2020\/03\/6-1536x1162.jpg 1536w\" sizes=\"auto, (max-width: 1710px) 100vw, 1710px\" \/><img loading=\"lazy\" decoding=\"async\" src=\"https:\/\/windpilot.com\/blog\/wp-content\/uploads\/2020\/03\/7.jpg\" alt=\"\" width=\"1696\" height=\"1268\" class=\"aligncenter size-full wp-image-21820\" srcset=\"https:\/\/windpilot.com\/blog\/wp-content\/uploads\/2020\/03\/7.jpg 1696w, https:\/\/windpilot.com\/blog\/wp-content\/uploads\/2020\/03\/7-300x224.jpg 300w, https:\/\/windpilot.com\/blog\/wp-content\/uploads\/2020\/03\/7-1024x766.jpg 1024w, https:\/\/windpilot.com\/blog\/wp-content\/uploads\/2020\/03\/7-768x574.jpg 768w, https:\/\/windpilot.com\/blog\/wp-content\/uploads\/2020\/03\/7-1536x1148.jpg 1536w\" sizes=\"auto, (max-width: 1696px) 100vw, 1696px\" \/><img loading=\"lazy\" decoding=\"async\" src=\"https:\/\/windpilot.com\/blog\/wp-content\/uploads\/2020\/03\/8.jpg\" alt=\"\" width=\"1732\" height=\"1308\" class=\"aligncenter size-full wp-image-21821\" srcset=\"https:\/\/windpilot.com\/blog\/wp-content\/uploads\/2020\/03\/8.jpg 1732w, https:\/\/windpilot.com\/blog\/wp-content\/uploads\/2020\/03\/8-300x227.jpg 300w, https:\/\/windpilot.com\/blog\/wp-content\/uploads\/2020\/03\/8-1024x773.jpg 1024w, https:\/\/windpilot.com\/blog\/wp-content\/uploads\/2020\/03\/8-768x580.jpg 768w, https:\/\/windpilot.com\/blog\/wp-content\/uploads\/2020\/03\/8-1536x1160.jpg 1536w\" sizes=\"auto, (max-width: 1732px) 100vw, 1732px\" \/><img loading=\"lazy\" decoding=\"async\" src=\"https:\/\/windpilot.com\/blog\/wp-content\/uploads\/2020\/03\/9.jpg\" alt=\"\" width=\"1750\" height=\"1328\" class=\"aligncenter size-full wp-image-21822\" srcset=\"https:\/\/windpilot.com\/blog\/wp-content\/uploads\/2020\/03\/9.jpg 1750w, https:\/\/windpilot.com\/blog\/wp-content\/uploads\/2020\/03\/9-300x228.jpg 300w, https:\/\/windpilot.com\/blog\/wp-content\/uploads\/2020\/03\/9-1024x777.jpg 1024w, https:\/\/windpilot.com\/blog\/wp-content\/uploads\/2020\/03\/9-768x583.jpg 768w, https:\/\/windpilot.com\/blog\/wp-content\/uploads\/2020\/03\/9-1536x1166.jpg 1536w\" sizes=\"auto, (max-width: 1750px) 100vw, 1750px\" \/><img loading=\"lazy\" decoding=\"async\" src=\"https:\/\/windpilot.com\/blog\/wp-content\/uploads\/2020\/03\/10.jpg\" alt=\"\" width=\"1782\" height=\"1320\" class=\"aligncenter size-full wp-image-21823\" srcset=\"https:\/\/windpilot.com\/blog\/wp-content\/uploads\/2020\/03\/10.jpg 1782w, https:\/\/windpilot.com\/blog\/wp-content\/uploads\/2020\/03\/10-300x222.jpg 300w, https:\/\/windpilot.com\/blog\/wp-content\/uploads\/2020\/03\/10-1024x759.jpg 1024w, https:\/\/windpilot.com\/blog\/wp-content\/uploads\/2020\/03\/10-768x569.jpg 768w, https:\/\/windpilot.com\/blog\/wp-content\/uploads\/2020\/03\/10-1536x1138.jpg 1536w\" sizes=\"auto, (max-width: 1782px) 100vw, 1782px\" \/><\/p>\n","protected":false},"excerpt":{"rendered":"<p>ALTE ZEITEN &#8211; NIEMALS VERGESSEN Weil Erinnerungen, Postkarten, Briefe, und Fotos an verborgenen Pl\u00e4tzen und in meinem Kopf gespeichert, endlos leben und freundliche Gedanken zu zaubern in der Lage sind. Sozialer Aberwitz In 44 Jahren Windpilot ist viel passiert, etliches &hellip; <a href=\"https:\/\/windpilot.com\/blog\/press-tv\/wom-1990-2000\/\">Weiterlesen <span class=\"meta-nav\">&rarr;<\/span><\/a><\/p>\n","protected":false},"author":1,"featured_media":0,"parent":9169,"menu_order":15,"comment_status":"open","ping_status":"closed","template":"","meta":{"footnotes":""},"class_list":["post-21811","page","type-page","status-publish","hentry"],"_links":{"self":[{"href":"https:\/\/windpilot.com\/blog\/wp-json\/wp\/v2\/pages\/21811","targetHints":{"allow":["GET"]}}],"collection":[{"href":"https:\/\/windpilot.com\/blog\/wp-json\/wp\/v2\/pages"}],"about":[{"href":"https:\/\/windpilot.com\/blog\/wp-json\/wp\/v2\/types\/page"}],"author":[{"embeddable":true,"href":"https:\/\/windpilot.com\/blog\/wp-json\/wp\/v2\/users\/1"}],"replies":[{"embeddable":true,"href":"https:\/\/windpilot.com\/blog\/wp-json\/wp\/v2\/comments?post=21811"}],"version-history":[{"count":15,"href":"https:\/\/windpilot.com\/blog\/wp-json\/wp\/v2\/pages\/21811\/revisions"}],"predecessor-version":[{"id":22074,"href":"https:\/\/windpilot.com\/blog\/wp-json\/wp\/v2\/pages\/21811\/revisions\/22074"}],"up":[{"embeddable":true,"href":"https:\/\/windpilot.com\/blog\/wp-json\/wp\/v2\/pages\/9169"}],"wp:attachment":[{"href":"https:\/\/windpilot.com\/blog\/wp-json\/wp\/v2\/media?parent=21811"}],"curies":[{"name":"wp","href":"https:\/\/api.w.org\/{rel}","templated":true}]}}