{"id":21881,"date":"2020-03-27T07:46:26","date_gmt":"2020-03-27T14:46:26","guid":{"rendered":"https:\/\/windpilot.com\/blog\/?page_id=21881"},"modified":"2020-04-01T01:08:28","modified_gmt":"2020-04-01T08:08:28","slug":"grosse-kleine-welt","status":"publish","type":"page","link":"https:\/\/windpilot.com\/blog\/columns\/sozial-oder-nicht\/grosse-kleine-welt\/","title":{"rendered":"Grosse kleine Welt"},"content":{"rendered":"<p><strong>GEDANKEN ZUR ZEITENWENDE<\/strong><br \/>\n<img loading=\"lazy\" decoding=\"async\" src=\"https:\/\/windpilot.com\/blog\/wp-content\/uploads\/2020\/03\/Randlos.jpg\" alt=\"\" width=\"2410\" height=\"2142\" class=\"aligncenter size-full wp-image-21882\" srcset=\"https:\/\/windpilot.com\/blog\/wp-content\/uploads\/2020\/03\/Randlos.jpg 2410w, https:\/\/windpilot.com\/blog\/wp-content\/uploads\/2020\/03\/Randlos-300x267.jpg 300w, https:\/\/windpilot.com\/blog\/wp-content\/uploads\/2020\/03\/Randlos-1024x910.jpg 1024w, https:\/\/windpilot.com\/blog\/wp-content\/uploads\/2020\/03\/Randlos-768x683.jpg 768w, https:\/\/windpilot.com\/blog\/wp-content\/uploads\/2020\/03\/Randlos-1536x1365.jpg 1536w, https:\/\/windpilot.com\/blog\/wp-content\/uploads\/2020\/03\/Randlos-2048x1820.jpg 2048w\" sizes=\"auto, (max-width: 2410px) 100vw, 2410px\" \/><br \/>\nDie Sailing Community funktioniert, jedenfalls bei Windpilot. Meine Mail von heute:<\/p>\n<blockquote><p>Dear Henri, crazy world indeed, the positive aspect however: once situation might improve, the cruising community will love sailing even more as its taking place far away from crowed places ashore &#8211; the best place to be nowadays.<\/p>\n<p>As a result from too many unfortunate social conflicts during decades my beloved wife and I have decided many years ago to operate the windpilot business as family company without employees. At the time being a perfect decision to gain kind of independency. i.e. since we are living in walking distance to our factory: just on top of it. So the short answer to your question: no worry about Windpilot.<\/p>\n<p>Take care, stay healthy and enjoy living, in case you may need me you will realize that I am almost always just a mouse click away from you.<br \/>\nPeter<\/p><\/blockquote>\n<p><img loading=\"lazy\" decoding=\"async\" src=\"https:\/\/windpilot.com\/blog\/wp-content\/uploads\/2020\/03\/St.Maarter-Flieger.jpg\" alt=\"\" width=\"1216\" height=\"808\" class=\"aligncenter size-full wp-image-21886\" srcset=\"https:\/\/windpilot.com\/blog\/wp-content\/uploads\/2020\/03\/St.Maarter-Flieger.jpg 1216w, https:\/\/windpilot.com\/blog\/wp-content\/uploads\/2020\/03\/St.Maarter-Flieger-300x199.jpg 300w, https:\/\/windpilot.com\/blog\/wp-content\/uploads\/2020\/03\/St.Maarter-Flieger-1024x680.jpg 1024w, https:\/\/windpilot.com\/blog\/wp-content\/uploads\/2020\/03\/St.Maarter-Flieger-768x510.jpg 768w\" sizes=\"auto, (max-width: 1216px) 100vw, 1216px\" \/><br \/>\nDer Airport Hamburg ist zum Hotspot geworden, soeben wurde mir eine Frachtrate nach Osaka \/ Japan  mit nur 48 Std G\u00fcltigkeit angeboten &#8211; der Puls rast, wenn man den Agenten \u00fcber die Schulter schaut. Der Run auf Cargo l\u00e4sst die Airlines Sitze ausbauen, um sodann Paletten in First und Business zu laschen &#8211; gleichwohl herrscht am Himmel \u00fcber der Stadt die grosse Stille, weil gewohnt gewordenes Reiseverhalten zu einem brutalen Ende gekommen ist und auf Leasing finanzierte Silberv\u00f6gel ihre knappen Raten nicht mehr verdienen k\u00f6nnen. Eine Kettenreaktion quer durch Kontinente.<\/p>\n<p><img loading=\"lazy\" decoding=\"async\" src=\"https:\/\/windpilot.com\/blog\/wp-content\/uploads\/2020\/03\/coronacartoon_02.jpeg\" alt=\"\" width=\"768\" height=\"576\" class=\"aligncenter size-full wp-image-21885\" srcset=\"https:\/\/windpilot.com\/blog\/wp-content\/uploads\/2020\/03\/coronacartoon_02.jpeg 768w, https:\/\/windpilot.com\/blog\/wp-content\/uploads\/2020\/03\/coronacartoon_02-300x225.jpeg 300w\" sizes=\"auto, (max-width: 768px) 100vw, 768px\" \/><br \/>\nDie Segelwelt h\u00e4lt den Atem an, es wird gewaltige Ver\u00e4nderungen geben \u2013 Produktionslinien werden eingestellt &#8211; der Chartermarkt wird in den Grundfesten ersch\u00fcttert, was vielfach am Ende Eigner trifft, die mit ihren Leasing Raten ganze Flotten zu finanzieren haben \u2013 Rechtsanw\u00e4lte und Gerichte werden Arbeit f\u00fcr Jahre bekommen, weil Anspr\u00fcche unser Heute und Morgen bestimmen. Kurz, unsere Welt wird nicht mehr nach unseren liebgewordenen Vorstellungen funktionieren, weil Anspr\u00fcche kein Gegen\u00fcber mehr finden, weil in der ver\u00e4nderten Stimmungslage, der Kreis von Menschen, denen man sich verantwortlich f\u00fchlt \u2026 pl\u00f6tzlich klein geworden ist \u2026 und wir wissen, dass der Ruf nach dem Staat am Ende auch nicht helfen wird, weil der \u201eStaat im Staat \u2013 genannt Verwaltung\u201c anderen \u2013 und eigenen? &#8211; Priorit\u00e4ten folgt &#8211; zumal Politik auch schon mal die falschen Wahrheiten kolportiert, um sich selbst dahinter zu verstecken.<\/p>\n<p><img loading=\"lazy\" decoding=\"async\" src=\"https:\/\/windpilot.com\/blog\/wp-content\/uploads\/2020\/03\/golden_vendee_race_neu.jpeg\" alt=\"\" width=\"842\" height=\"612\" class=\"aligncenter size-full wp-image-21889\" srcset=\"https:\/\/windpilot.com\/blog\/wp-content\/uploads\/2020\/03\/golden_vendee_race_neu.jpeg 842w, https:\/\/windpilot.com\/blog\/wp-content\/uploads\/2020\/03\/golden_vendee_race_neu-300x218.jpeg 300w, https:\/\/windpilot.com\/blog\/wp-content\/uploads\/2020\/03\/golden_vendee_race_neu-768x558.jpeg 768w\" sizes=\"auto, (max-width: 842px) 100vw, 842px\" \/><br \/>\nEine ge\u00f6lte Maschinerie von Segelveranstaltungen, Menschen qua Medien f\u00fcr das Segeln zu begeistern, deren Treibstoff gewohnterma\u00dfen von Sponsoren  bereitgestellt, wird ins Stocken geraten, weil bislang hier investiertes Geld vermutlich an anderen Stellen gebraucht wird, zumal das Verst\u00e4ndnis f\u00fcr Sponsoring, notleidenden Mitarbeitern ansonsten kaum zu vermitteln sein wird. Im Kielwasser derartiger Entwicklungen erscheint durchaus denkbar, dass die Halbwertzeit derzeitiger Neuentwicklungen von &#8220; fliegenden&#8220; Schiffen, eine Beruhigung erfahren wird, weil der Druck von Sponsoren auf sensationelle Geschwindigkeiten \u2026 pl\u00f6tzlich nicht mehr vorhanden ist, was einer ganzen Branche die Lebensgrundlage entziehen k\u00f6nnte&#8230; weil die Menschen ganz andere Sorgen haben.<\/p>\n<p><img loading=\"lazy\" decoding=\"async\" src=\"https:\/\/windpilot.com\/blog\/wp-content\/uploads\/2020\/03\/Kotzen.jpg\" alt=\"\" width=\"1187\" height=\"890\" class=\"aligncenter size-full wp-image-21890\" srcset=\"https:\/\/windpilot.com\/blog\/wp-content\/uploads\/2020\/03\/Kotzen.jpg 1187w, https:\/\/windpilot.com\/blog\/wp-content\/uploads\/2020\/03\/Kotzen-300x225.jpg 300w, https:\/\/windpilot.com\/blog\/wp-content\/uploads\/2020\/03\/Kotzen-1024x768.jpg 1024w, https:\/\/windpilot.com\/blog\/wp-content\/uploads\/2020\/03\/Kotzen-768x576.jpg 768w\" sizes=\"auto, (max-width: 1187px) 100vw, 1187px\" \/><br \/>\nVon all diesen Faktoren unbeeinflusst, wird die internationale Cruising Community ihr Sportvergn\u00fcgen mit noch gr\u00f6sserer Begeisterung aus\u00fcben, weil Segler verinnerlicht haben, dass die Freiheit auf See immer noch die gleiche ist, sei es auch nur zum Segelvergn\u00fcgen vor der eigenen T\u00fcr.<\/p>\n<p>Mein Synonym f\u00fcr Blauwassersegler steht seit Jahrzehnten: das Bild eines Eisbergs, dessen sichtbare Spitze Segler sind, die bereits losgefahren sind,  dessen unsichtbares Unterwasserschiff hingegen die Heerscharen von Menschen sind, die diesen Traum dereinst umzusetzen tr\u00e4umen, auch wenn sie de facto noch im Hamsterrad angebunden sind. Der Traum von Freiheit auf dem Wasser hat sich nicht ver\u00e4ndert&#8230; eher im Gegenteil, denn sie ist heute noch wertvoller geworden.<\/p>\n<p>Das ist mein Credo, das wie ein Fels in der Brandung steht.<\/p>\n<p>27.03.2020<br \/>\nPeter Foerthmann<br \/>\n<img loading=\"lazy\" decoding=\"async\" src=\"https:\/\/windpilot.com\/blog\/wp-content\/uploads\/2020\/03\/Peter-Lions-150x150.jpg\" alt=\"\" width=\"150\" height=\"150\" class=\"alignleft size-thumbnail wp-image-21892\" srcset=\"https:\/\/windpilot.com\/blog\/wp-content\/uploads\/2020\/03\/Peter-Lions-150x150.jpg 150w, https:\/\/windpilot.com\/blog\/wp-content\/uploads\/2020\/03\/Peter-Lions-300x300.jpg 300w, https:\/\/windpilot.com\/blog\/wp-content\/uploads\/2020\/03\/Peter-Lions-1024x1020.jpg 1024w, https:\/\/windpilot.com\/blog\/wp-content\/uploads\/2020\/03\/Peter-Lions-768x765.jpg 768w, https:\/\/windpilot.com\/blog\/wp-content\/uploads\/2020\/03\/Peter-Lions-1536x1531.jpg 1536w, https:\/\/windpilot.com\/blog\/wp-content\/uploads\/2020\/03\/Peter-Lions.jpg 1700w\" sizes=\"auto, (max-width: 150px) 100vw, 150px\" \/><\/p>\n","protected":false},"excerpt":{"rendered":"<p>GEDANKEN ZUR ZEITENWENDE Die Sailing Community funktioniert, jedenfalls bei Windpilot. Meine Mail von heute: Dear Henri, crazy world indeed, the positive aspect however: once situation might improve, the cruising community will love sailing even more as its taking place far &hellip; <a href=\"https:\/\/windpilot.com\/blog\/columns\/sozial-oder-nicht\/grosse-kleine-welt\/\">Weiterlesen <span class=\"meta-nav\">&rarr;<\/span><\/a><\/p>\n","protected":false},"author":1,"featured_media":0,"parent":13656,"menu_order":-7,"comment_status":"open","ping_status":"closed","template":"","meta":{"footnotes":""},"class_list":["post-21881","page","type-page","status-publish","hentry"],"_links":{"self":[{"href":"https:\/\/windpilot.com\/blog\/wp-json\/wp\/v2\/pages\/21881","targetHints":{"allow":["GET"]}}],"collection":[{"href":"https:\/\/windpilot.com\/blog\/wp-json\/wp\/v2\/pages"}],"about":[{"href":"https:\/\/windpilot.com\/blog\/wp-json\/wp\/v2\/types\/page"}],"author":[{"embeddable":true,"href":"https:\/\/windpilot.com\/blog\/wp-json\/wp\/v2\/users\/1"}],"replies":[{"embeddable":true,"href":"https:\/\/windpilot.com\/blog\/wp-json\/wp\/v2\/comments?post=21881"}],"version-history":[{"count":11,"href":"https:\/\/windpilot.com\/blog\/wp-json\/wp\/v2\/pages\/21881\/revisions"}],"predecessor-version":[{"id":21998,"href":"https:\/\/windpilot.com\/blog\/wp-json\/wp\/v2\/pages\/21881\/revisions\/21998"}],"up":[{"embeddable":true,"href":"https:\/\/windpilot.com\/blog\/wp-json\/wp\/v2\/pages\/13656"}],"wp:attachment":[{"href":"https:\/\/windpilot.com\/blog\/wp-json\/wp\/v2\/media?parent=21881"}],"curies":[{"name":"wp","href":"https:\/\/api.w.org\/{rel}","templated":true}]}}