{"id":21999,"date":"2020-04-03T04:48:21","date_gmt":"2020-04-03T11:48:21","guid":{"rendered":"https:\/\/windpilot.com\/blog\/?page_id=21999"},"modified":"2020-04-03T08:02:51","modified_gmt":"2020-04-03T15:02:51","slug":"ruediger-nehberg","status":"publish","type":"page","link":"https:\/\/windpilot.com\/blog\/deutsch-yacht-delius-klasing\/ruediger-nehberg\/","title":{"rendered":"R\u00fcdiger Nehberg"},"content":{"rendered":"<p><strong>R\u00dcDIGER NEHBERG &#8211; EIN NACHRUF<\/strong><br \/>\n<img loading=\"lazy\" decoding=\"async\" src=\"https:\/\/windpilot.com\/blog\/wp-content\/uploads\/2020\/04\/Nehberg-Ruediger-Tree-Kopie-2.jpg\" alt=\"\" width=\"2094\" height=\"1389\" class=\"aligncenter size-full wp-image-22003\" srcset=\"https:\/\/windpilot.com\/blog\/wp-content\/uploads\/2020\/04\/Nehberg-Ruediger-Tree-Kopie-2.jpg 2094w, https:\/\/windpilot.com\/blog\/wp-content\/uploads\/2020\/04\/Nehberg-Ruediger-Tree-Kopie-2-300x199.jpg 300w, https:\/\/windpilot.com\/blog\/wp-content\/uploads\/2020\/04\/Nehberg-Ruediger-Tree-Kopie-2-1024x679.jpg 1024w, https:\/\/windpilot.com\/blog\/wp-content\/uploads\/2020\/04\/Nehberg-Ruediger-Tree-Kopie-2-768x509.jpg 768w, https:\/\/windpilot.com\/blog\/wp-content\/uploads\/2020\/04\/Nehberg-Ruediger-Tree-Kopie-2-1536x1019.jpg 1536w, https:\/\/windpilot.com\/blog\/wp-content\/uploads\/2020\/04\/Nehberg-Ruediger-Tree-Kopie-2-2048x1358.jpg 2048w\" sizes=\"auto, (max-width: 2094px) 100vw, 2094px\" \/><\/p>\n<p>Und pl\u00f6tzlich ist er weg!  Es ist erst wenige Wochen her, dass wir diese Nachricht erhalten haben:<\/p>\n<blockquote><p>Lieber Peter, liebe Marzena,<br \/>\nIhr dachtet, ich w\u00e4re gestorben? Weit gefehlt. Aber mit der Arche haben wir zeitlich umdisponiert. Ich werde am 4.Mai 85, und das wollen wir etwas gr\u00f6\u00dfer angehen, denn ich werde kein zweites Mal so alt.<br \/>\nZum einen kommt im April mein neues (letztes???) Buch raus: \u201eDem Mut ist keine Gefahr gewachsen\u201c. Das ist ein altes Beduinensprichwort und h\u00e4ngt zusammen mit meiner Vision, den saudischen Kronprinzen dazu zu bewegen, weibliche Genitalverst\u00fcmmelung von Mekka aus zu \u00e4chten.<\/p>\n<p>Zum anderen wollen wir zu meinem Geburtstag dann die Arche pr\u00e4sentieren und zum Hafengeburtstag ausstellen. Fahren werde ich erst ab Mitte Dezember&#8230; ich will einfach noch Mal los. Ich werde sie jetzt auf meiner Wiese bestm\u00f6glich fertig bauen. F\u00fcr den Stra\u00dfentransport ist das Ding allerdings zu gro\u00df, weshalb wir es in drei Teile zerlegen und im Hafen dann zusammenf\u00fcgen werden. <\/p>\n<p>Bleibt es noch dabei, dass Ihr mir eine alte Windpilot raussuchst? Ich w\u00fcrde Euch Bescheid geben, wenn ich hier klar zur Montage bin. Wenn Ihr das Vehikel vorher hier anschauen wollt, packe ich schon mal die Thermoskanne, Ihr bringt den Kuchen mit, wie gehabt.<br \/>\nF\u00fchlt Euch gedr\u00fcckt von Eurem<br \/>\nR\u00fcdiger<\/p><\/blockquote>\n<p>Und nun ist alles anders! Eine lebenslange Freundschaft hat ein abruptes Ende gefunden, gemeinsame Erlebnisse sausen im Zeitraffer durch unsere Gedanken, wir k\u00f6nnen es eigentlich nicht fassen. Uns kommen die Gespr\u00e4che wie gestern vor, als wir uns dar\u00fcber unterhalten haben, wie denn wohl ein Ende auszusehen habe, bzw. wie wir das Ende gestalten, wenn wir noch Macht zur Gestaltung haben. Als ein Mann, der mit beiden Beinen im Leben verwurzelt gewesen ist, wie kaum ein zweiter, der sein Leben \u2013 manchmal \u201emit leichter Hand\u201c, wie wir es empfunden haben \u2013 auf\u00b4s Spiel gestellt, sich der Natur und ihren Gewalten breitbeinig entgegen gestellt &#8230; wie dieser Mann sich wohl sein eigenes Ende vorstellen w\u00fcrde. R\u00fcdiger\u00b4s Antworten waren radikal, keineswegs werde er zulassen, dass jemand anderes als er selbst eine Entscheidung f\u00e4llen werde.<br \/>\n<img loading=\"lazy\" decoding=\"async\" src=\"https:\/\/windpilot.com\/blog\/wp-content\/uploads\/2020\/04\/The-Tree-totale-Kopie.jpg\" alt=\"\" width=\"1812\" height=\"1163\" class=\"aligncenter size-full wp-image-22006\" srcset=\"https:\/\/windpilot.com\/blog\/wp-content\/uploads\/2020\/04\/The-Tree-totale-Kopie.jpg 1812w, https:\/\/windpilot.com\/blog\/wp-content\/uploads\/2020\/04\/The-Tree-totale-Kopie-300x193.jpg 300w, https:\/\/windpilot.com\/blog\/wp-content\/uploads\/2020\/04\/The-Tree-totale-Kopie-1024x657.jpg 1024w, https:\/\/windpilot.com\/blog\/wp-content\/uploads\/2020\/04\/The-Tree-totale-Kopie-768x493.jpg 768w, https:\/\/windpilot.com\/blog\/wp-content\/uploads\/2020\/04\/The-Tree-totale-Kopie-1536x986.jpg 1536w\" sizes=\"auto, (max-width: 1812px) 100vw, 1812px\" \/><\/p>\n<p>So huschen nun im Zeitraffer wundervolle Begegnungen vorbei, voller W\u00e4rme, voller \u00dcberraschungen, voll von berstendem Lebens-Gl\u00fccks-Gef\u00fchl. Wer R\u00fcdiger einmal erlebt hat, wird solche Momente nicht vergessen. Zum Beispiel damals, als er THE TREE das Schwimmen beibringen wollte, er den Baumstamm sorgf\u00e4ltig und unter Schweiss ausgeh\u00f6hlt, um den Hohlraum sodann mit Schaum zu f\u00fcllen, alles, um das Freibord ein wenig zu erh\u00f6hen. Das Foto vor Dakar zeigt eindringlich, dass der Baum dennoch eher wie ein Eisberg zu grossen Teilen unter Wasser gefahren ist. Aber, er hat immerhin Fahrt gemacht, denn anders h\u00e4tte der windige Pilot nicht f\u00fcr ruhigen Schlaf sorgen k\u00f6nnen \u2026 mit Sicherheit das ungew\u00f6hnlichste Gef\u00e4hrt, dass je mit meiner Heckverzierung ausgestattet worden ist. <\/p>\n<p><img loading=\"lazy\" decoding=\"async\" src=\"https:\/\/windpilot.com\/blog\/wp-content\/uploads\/2020\/04\/Tretboot-2-Kopie-3.jpg\" alt=\"\" width=\"1968\" height=\"1256\" class=\"aligncenter size-full wp-image-22005\" srcset=\"https:\/\/windpilot.com\/blog\/wp-content\/uploads\/2020\/04\/Tretboot-2-Kopie-3.jpg 1968w, https:\/\/windpilot.com\/blog\/wp-content\/uploads\/2020\/04\/Tretboot-2-Kopie-3-300x191.jpg 300w, https:\/\/windpilot.com\/blog\/wp-content\/uploads\/2020\/04\/Tretboot-2-Kopie-3-1024x654.jpg 1024w, https:\/\/windpilot.com\/blog\/wp-content\/uploads\/2020\/04\/Tretboot-2-Kopie-3-768x490.jpg 768w, https:\/\/windpilot.com\/blog\/wp-content\/uploads\/2020\/04\/Tretboot-2-Kopie-3-1536x980.jpg 1536w\" sizes=\"auto, (max-width: 1968px) 100vw, 1968px\" \/><\/p>\n<p>Nein, ich verbessere mich: das besegelte Tretboot, mit dem R\u00fcdiger viele Jahre zuvor den Atlantik bezwungen hatte, war ebenfalls ein Unikum und sicherlich ein wenig schneller unterwegs als ein Baum \u2026 immerhin, auch dort hat mein Steuersklave seinen Job gemacht.<\/p>\n<p>F\u00fcr Schabernack war ich immer schon zu haben, weil es so deutlich macht, wie sch\u00f6n das Leben ist, so abseits normaler Pfade \u2013 eben! Fast wie Kinder \u2013 die wir wohl immer geblieben sind! Begeisterungsf\u00e4hig und offen f\u00fcr neue Ideen, mit R\u00fcdiger war Spinnen stets ein Hochgenuss. Apropos Spinnen: als Halbstarker Spinner bin ich damals zum Spannen nach Wandsbek Gartenstadt gefahren, denn bei R\u00fcdiger konnte man durch\u00b4s Kellerfenster Schlangen und Spinnen begucken, gleich um die Ecke bei seiner Kondidelei, die heute noch seinen Namen in Ehre tr\u00e4gt.<\/p>\n<p><img loading=\"lazy\" decoding=\"async\" src=\"https:\/\/windpilot.com\/blog\/wp-content\/uploads\/2020\/04\/Tree-ohne-segel-scaled.jpg\" alt=\"\" width=\"2560\" height=\"1735\" class=\"aligncenter size-full wp-image-22017\" srcset=\"https:\/\/windpilot.com\/blog\/wp-content\/uploads\/2020\/04\/Tree-ohne-segel-scaled.jpg 2560w, https:\/\/windpilot.com\/blog\/wp-content\/uploads\/2020\/04\/Tree-ohne-segel-300x203.jpg 300w, https:\/\/windpilot.com\/blog\/wp-content\/uploads\/2020\/04\/Tree-ohne-segel-1024x694.jpg 1024w, https:\/\/windpilot.com\/blog\/wp-content\/uploads\/2020\/04\/Tree-ohne-segel-768x520.jpg 768w, https:\/\/windpilot.com\/blog\/wp-content\/uploads\/2020\/04\/Tree-ohne-segel-1536x1041.jpg 1536w, https:\/\/windpilot.com\/blog\/wp-content\/uploads\/2020\/04\/Tree-ohne-segel-2048x1388.jpg 2048w\" sizes=\"auto, (max-width: 2560px) 100vw, 2560px\" \/><br \/>\nBesuche in R\u00fcdiger\u00b4s Wasserm\u00fchle endeten stets in Verzauberung, weil die Augen soviel Kuckzeug in seinem Refugium zu verdauen hatten. Messer, Speere, okulte Gegenst\u00e4nde in geballter Menge, R\u00fcdiger war ein Sammler \u2026 und in 84 Jahren ist eben eine Menge zusammen gekommen. Ein Blick rundum gen\u00fcgte und man musste nicht mehr nach dem Alter fragen, zumal R\u00fcdiger in seiner direkten Art keinen Zweifel daran gelassen hat, dass er ein ziemlich alter Hase sei, in dessen Auge hingegen immer noch der Lebenswille mit Feuer und Flamme blitzte, w\u00e4hrend er in seiner Birne schon das n\u00e4chste Abenteuer plante. Leben bis zur Neige, das kennzeichnet diesen Mann, der vor nichts und niemandem Angst zu haben schien. Ein Abenteurer, dessen Leben sein ganz pers\u00f6nlicher Abenteuerspielplatz gewesen ist.<\/p>\n<p><img loading=\"lazy\" decoding=\"async\" src=\"https:\/\/windpilot.com\/blog\/wp-content\/uploads\/2020\/04\/P1030603.jpeg\" alt=\"\" width=\"1280\" height=\"960\" class=\"aligncenter size-full wp-image-22007\" srcset=\"https:\/\/windpilot.com\/blog\/wp-content\/uploads\/2020\/04\/P1030603.jpeg 1280w, https:\/\/windpilot.com\/blog\/wp-content\/uploads\/2020\/04\/P1030603-300x225.jpeg 300w, https:\/\/windpilot.com\/blog\/wp-content\/uploads\/2020\/04\/P1030603-1024x768.jpeg 1024w, https:\/\/windpilot.com\/blog\/wp-content\/uploads\/2020\/04\/P1030603-768x576.jpeg 768w\" sizes=\"auto, (max-width: 1280px) 100vw, 1280px\" \/><br \/>\nDie eine kleine Frage wird nun wohl auf ewig unbeantwortet bleiben: wie zum Teufel hat R\u00fcdiger es geschafft, seine Typo Rollm\u00fctze \u2013 Erkennungsmerkmal \u00fcber Jahrzehnte \u2013 niemals vom blanken Kopf zu verlieren, wo dieser zierliche Kopfschmuck doch nicht einmal bis zu den Ohren reichte? Mir kommt dabei sofort die Geschichte von Klein Erna in den Sinn, die auf die Frage, wie sie das gleiche Problem bei Opa gel\u00f6st habe, verschmitzt diese Antwort gab: Klein Tapeziernagel!<\/p>\n<p>R\u00fcdiger, es war uns eine Freude!<br \/>\nHamburg 03.04.2020<br \/>\nMarzena + Peter<\/p>\n","protected":false},"excerpt":{"rendered":"<p>R\u00dcDIGER NEHBERG &#8211; EIN NACHRUF Und pl\u00f6tzlich ist er weg! Es ist erst wenige Wochen her, dass wir diese Nachricht erhalten haben: Lieber Peter, liebe Marzena, Ihr dachtet, ich w\u00e4re gestorben? Weit gefehlt. Aber mit der Arche haben wir zeitlich &hellip; <a href=\"https:\/\/windpilot.com\/blog\/deutsch-yacht-delius-klasing\/ruediger-nehberg\/\">Weiterlesen <span class=\"meta-nav\">&rarr;<\/span><\/a><\/p>\n","protected":false},"author":1,"featured_media":0,"parent":9971,"menu_order":-5,"comment_status":"open","ping_status":"closed","template":"","meta":{"footnotes":""},"class_list":["post-21999","page","type-page","status-publish","hentry"],"_links":{"self":[{"href":"https:\/\/windpilot.com\/blog\/wp-json\/wp\/v2\/pages\/21999","targetHints":{"allow":["GET"]}}],"collection":[{"href":"https:\/\/windpilot.com\/blog\/wp-json\/wp\/v2\/pages"}],"about":[{"href":"https:\/\/windpilot.com\/blog\/wp-json\/wp\/v2\/types\/page"}],"author":[{"embeddable":true,"href":"https:\/\/windpilot.com\/blog\/wp-json\/wp\/v2\/users\/1"}],"replies":[{"embeddable":true,"href":"https:\/\/windpilot.com\/blog\/wp-json\/wp\/v2\/comments?post=21999"}],"version-history":[{"count":10,"href":"https:\/\/windpilot.com\/blog\/wp-json\/wp\/v2\/pages\/21999\/revisions"}],"predecessor-version":[{"id":22022,"href":"https:\/\/windpilot.com\/blog\/wp-json\/wp\/v2\/pages\/21999\/revisions\/22022"}],"up":[{"embeddable":true,"href":"https:\/\/windpilot.com\/blog\/wp-json\/wp\/v2\/pages\/9971"}],"wp:attachment":[{"href":"https:\/\/windpilot.com\/blog\/wp-json\/wp\/v2\/media?parent=21999"}],"curies":[{"name":"wp","href":"https:\/\/api.w.org\/{rel}","templated":true}]}}