{"id":22621,"date":"2020-06-07T01:38:46","date_gmt":"2020-06-07T08:38:46","guid":{"rendered":"https:\/\/windpilot.com\/blog\/?page_id=22621"},"modified":"2022-08-14T08:38:31","modified_gmt":"2022-08-14T15:38:31","slug":"cabo-rico-34","status":"publish","type":"page","link":"https:\/\/windpilot.com\/blog\/schiffe\/gebrauchtyachten\/cabo-rico-34\/","title":{"rendered":"Cabo Rico 34"},"content":{"rendered":"<p><strong>EINE LIEBE IN DEN ZEITEN VON CHOLERA<\/strong><br \/>\n<img loading=\"lazy\" decoding=\"async\" src=\"https:\/\/windpilot.com\/blog\/wp-content\/uploads\/2020\/06\/3.jpg\" alt=\"\" width=\"1024\" height=\"768\" class=\"aligncenter size-full wp-image-22622\" srcset=\"https:\/\/windpilot.com\/blog\/wp-content\/uploads\/2020\/06\/3.jpg 1024w, https:\/\/windpilot.com\/blog\/wp-content\/uploads\/2020\/06\/3-300x225.jpg 300w, https:\/\/windpilot.com\/blog\/wp-content\/uploads\/2020\/06\/3-768x576.jpg 768w\" sizes=\"auto, (max-width: 1024px) 100vw, 1024px\" \/>Diesem wundervollen Roman von Gabriel Garc\u00eda Marquez galt mein erster Gedanke, als ich vorgestern Gerrit\u00b4s atemberaubenden Geschichte seiner am Ende erfolgreichen Suche nach dem Traumschiff erfahren habe. Einer Suche, die sich durch Corona fast zerschlagen h\u00e4tte: Einer Schiffsliebe in den Zeiten von Corona.<br \/>\n<img loading=\"lazy\" decoding=\"async\" src=\"https:\/\/windpilot.com\/blog\/wp-content\/uploads\/2020\/06\/SheikYerbouti4.jpg\" alt=\"\" width=\"800\" height=\"600\" class=\"aligncenter size-full wp-image-22623\" srcset=\"https:\/\/windpilot.com\/blog\/wp-content\/uploads\/2020\/06\/SheikYerbouti4.jpg 800w, https:\/\/windpilot.com\/blog\/wp-content\/uploads\/2020\/06\/SheikYerbouti4-300x225.jpg 300w, https:\/\/windpilot.com\/blog\/wp-content\/uploads\/2020\/06\/SheikYerbouti4-768x576.jpg 768w\" sizes=\"auto, (max-width: 800px) 100vw, 800px\" \/>Ich begleite Gerrit\u00b4s Lebensgeschichte zumindest in Bezug auf schwimmf\u00e4hige Unters\u00e4tze seit vielen Jahren und es muss hier nicht wiederholt werden, wie die Dinge sich entwickelt haben. Ich schleiche mich stets vom Achterdeck heran! Dass dar\u00fcber eine Freundschaft besonderer Art entstanden ist, liegt in meiner Neugierde begr\u00fcndet, die mich stetig treibt, Zusammenh\u00e4nge zu hinterfragen \u2026 um ein besseres Bild meines Gegen\u00fcbers zu erhalten. <\/p>\n<p><img loading=\"lazy\" decoding=\"async\" src=\"https:\/\/windpilot.com\/blog\/wp-content\/uploads\/2020\/06\/P1010874.jpeg\" alt=\"\" width=\"1280\" height=\"960\" class=\"aligncenter size-full wp-image-22644\" srcset=\"https:\/\/windpilot.com\/blog\/wp-content\/uploads\/2020\/06\/P1010874.jpeg 1280w, https:\/\/windpilot.com\/blog\/wp-content\/uploads\/2020\/06\/P1010874-300x225.jpeg 300w, https:\/\/windpilot.com\/blog\/wp-content\/uploads\/2020\/06\/P1010874-1024x768.jpeg 1024w, https:\/\/windpilot.com\/blog\/wp-content\/uploads\/2020\/06\/P1010874-768x576.jpeg 768w\" sizes=\"auto, (max-width: 1280px) 100vw, 1280px\" \/>Mein Bild eines Lehrers, der gemeinsam mit seiner franz\u00f6sischen Frau Carole seiner Familie in Steinhude behutsam und vorsichtig auf seiner Biga 24 im seichten Wasser des Steinhuder Meeres den eigenen Sehns\u00fcchten n\u00e4herbrachte, ist mir immer noch im Kopf. Seine Tr\u00e4ume vom Segeln \u00fcber tiefem Wasser wurden in jahrelanger Arbeit psychologisch und handwerklich geschickt, in die Praxis umgesetzt. Ich bin ins Spiel gekommen, als die Sheik Yerbouti, eine van de Stadt 36 erworben und f\u00fcr die grosse Reise pr\u00e4pariert, dem Skipper samt seiner Familie vermutlich die letzten Nerven raubte, weil in einem solchen Stadium \u2013 eine Schiffsbaustelle mit famili\u00e4ren &#8211; und beruflichen Pflichten zu synchronisieren, das Leben zu einem Hochseilakt ger\u00e4t, der \u00fcberall Spuren hinterl\u00e4sst, an dem schon Familien zerbrochen sind.<\/p>\n<p>Die ersch\u00fctternden Geschichte eines Gebrauchtschiffskauf wurde von Gerrit selbst erz\u00e4hlt:<\/p>\n<blockquote class=\"wp-embedded-content\" data-secret=\"nF08axiSRP\"><p><a href=\"https:\/\/windpilot.com\/blog\/blog\/youtube\/vorsicht-anfenger-gebrauchtboot-kauf-zwischen-traum-und-alptraum\/\">Vorsicht Anfenger! &#8211; Gebrauchtboot Kauf zwischen Traum und Alptraum<\/a><\/p><\/blockquote>\n<p><iframe loading=\"lazy\" class=\"wp-embedded-content\" sandbox=\"allow-scripts\" security=\"restricted\" style=\"position: absolute; clip: rect(1px, 1px, 1px, 1px);\" title=\"&#8222;Vorsicht Anfenger! &#8211; Gebrauchtboot Kauf zwischen Traum und Alptraum&#8220; &#8212; Windpilot Blog\" src=\"https:\/\/windpilot.com\/blog\/blog\/youtube\/vorsicht-anfenger-gebrauchtboot-kauf-zwischen-traum-und-alptraum\/embed\/#?secret=CiMJwuNXO5#?secret=nF08axiSRP\" data-secret=\"nF08axiSRP\" width=\"600\" height=\"338\" frameborder=\"0\" marginwidth=\"0\" marginheight=\"0\" scrolling=\"no\"><\/iframe><\/p>\n<p>Die Nerven lagen jedenfalls blank, wurden hernach auf See noch ungemein poliert, was sich ohne Worte trefflich mit jenem wundervollen Foto belegen l\u00e4sst, dass ich wie einen Schatz h\u00fcte und seither verwende:<img loading=\"lazy\" decoding=\"async\" src=\"https:\/\/windpilot.com\/blog\/wp-content\/uploads\/2020\/06\/Matheo-und-Gerrit.jpg\" alt=\"\" width=\"1920\" height=\"1440\" class=\"aligncenter size-full wp-image-22624\" srcset=\"https:\/\/windpilot.com\/blog\/wp-content\/uploads\/2020\/06\/Matheo-und-Gerrit.jpg 1920w, https:\/\/windpilot.com\/blog\/wp-content\/uploads\/2020\/06\/Matheo-und-Gerrit-300x225.jpg 300w, https:\/\/windpilot.com\/blog\/wp-content\/uploads\/2020\/06\/Matheo-und-Gerrit-1024x768.jpg 1024w, https:\/\/windpilot.com\/blog\/wp-content\/uploads\/2020\/06\/Matheo-und-Gerrit-768x576.jpg 768w, https:\/\/windpilot.com\/blog\/wp-content\/uploads\/2020\/06\/Matheo-und-Gerrit-1536x1152.jpg 1536w\" sizes=\"auto, (max-width: 1920px) 100vw, 1920px\" \/><br \/>\nDie Reise endete in Spanien, die Familie reiste zur\u00fcck ins heimatliche Revier am Steinhuder Meer \u2026 das Schiff wurde verkauft \u2026 die Kinder wuchsen heran \u2026 in toto eigentlich eine Lebenserfahrung, die f\u00fcr den ganzen Rest des Lebens ausreichen w\u00fcrde, mit dem Segeln abzuschliessen. In Steinhude allerdings haben die Ereignisse eher das Gegenteil bewirkt. Die Dr\u00e4hte gl\u00fchten bei der Suche nach einer besser geeigneten schwimmenden Geliebten, die f\u00fcr die Tr\u00e4ume eines Vater\u00b4s f\u00fcr weitere Abenteuer auf See besser geeignet ist. <\/p>\n<p>Es vergingen einige Jahre in deren Verlauf auch zwischen Steinhude und Hamburg manche Mails gewechselt wurden \u2026 nicht immer ging es um Schiffe, meinem eigentlichen  Lieblingsthema, denn wer Heckverzierungen baut und verkauft, hat sich zumindest f\u00fcr Hecks von Schiffen zu interessieren, f\u00fcr mich wurde das zum Lebensthema, was nachzulesen ist.<br \/>\n<img loading=\"lazy\" decoding=\"async\" src=\"https:\/\/windpilot.com\/blog\/wp-content\/uploads\/2020\/06\/27.jpg\" alt=\"\" width=\"1153\" height=\"768\" class=\"aligncenter size-full wp-image-22625\" srcset=\"https:\/\/windpilot.com\/blog\/wp-content\/uploads\/2020\/06\/27.jpg 1153w, https:\/\/windpilot.com\/blog\/wp-content\/uploads\/2020\/06\/27-300x200.jpg 300w, https:\/\/windpilot.com\/blog\/wp-content\/uploads\/2020\/06\/27-1024x682.jpg 1024w, https:\/\/windpilot.com\/blog\/wp-content\/uploads\/2020\/06\/27-768x512.jpg 768w\" sizes=\"auto, (max-width: 1153px) 100vw, 1153px\" \/><br \/>\nIn 2018 dann ein Alarmruf: es wurde eine CABO RICO 34 in der Bretagne angeboten, die Gerrit\u00b4s Herz zum Rasen brachte, ein wundervolles Schiff, von William Crealock entworfen, mit langem Kiel angeh\u00e4ngten Ruder, einem Schwergewicht, das in der Blauwasserszenerie \u2013 zumindest in den USA &#8211; legend\u00e4ren Ruf geniesst. In Europa dagegen vergleichsweise unbekannt, h\u00e4tte man davon ausgehen k\u00f6nnen, dass dies Schiff schwer verk\u00e4uflich sein w\u00fcrde. Ein Irrtum, der Gerrit einige traurige N\u00e4chte verursacht, weil ihm ein Franzose das Schiff vor der Nase weggekauft hat. Logisch, dass so eine Erfahrung an der Seele nagt \u2013 Gerrit war angesch\u00e4rft, musste hingegen zwei volle Jahre warten, bis erneut eine Cabo Rico 34 angeboten wurde \u2013 dieses Mal in Martinique, allerdings EU taxes paid, also ohne Importzirkus der besonderen Art, f\u00fcr ein Schiff, dass ansonsten aus den USA kommend, die EU Steuerh\u00fcrden &#8211; teuer! &#8211; zu \u00fcberwinden h\u00e4tte.<\/p>\n<p>Gerrit war unmittelbar bereit, bei der Air France ein Ticket zu erwerben. Es war M\u00e4rz, Corona kam dazwischen, Geduld war angesagt. Hier unser Schriftwechsel:<\/p>\n<blockquote><p>Hallo Peter,<br \/>\ndanke f\u00fcr deine Hinweise, so etwas habe ich mir auch gedacht. Ich z\u00f6gere die Sache hinaus. Was nutzt mir ein Schiff auf Martinique, dass ich unter Umst\u00e4nden vor der Zeit der tropischen St\u00fcrme nicht in die mittleren Breiten \u00fcberf\u00fchren kann und nicht versichert bekomme.<br \/>\nBeste Gr\u00fc\u00dfe, Gerrit<\/p><\/blockquote>\n<p>Meine Antwort auf der Stelle:<\/p>\n<blockquote><p>Moin Gerrit, F\u00fcsse still halten \u2026 das ist die richtige Devise \u2026 denn ein Schiff an falscher Stelle entwickelt sich schnell zum Klotz am Bein \u2026 den man da gar nicht haben m\u00f6chte, zumal in dieser Zeit \u2026 bin erleichtert, dass Du nicht deinen Trieben gefolgt bist \u2026<br \/>\nAllerbest<br \/>\nPeter<\/p><\/blockquote>\n<p><img loading=\"lazy\" decoding=\"async\" src=\"https:\/\/windpilot.com\/blog\/wp-content\/uploads\/2020\/06\/20200309_101025.jpg\" alt=\"\" width=\"1024\" height=\"768\" class=\"aligncenter size-full wp-image-22628\" srcset=\"https:\/\/windpilot.com\/blog\/wp-content\/uploads\/2020\/06\/20200309_101025.jpg 1024w, https:\/\/windpilot.com\/blog\/wp-content\/uploads\/2020\/06\/20200309_101025-300x225.jpg 300w, https:\/\/windpilot.com\/blog\/wp-content\/uploads\/2020\/06\/20200309_101025-768x576.jpg 768w\" sizes=\"auto, (max-width: 1024px) 100vw, 1024px\" \/>Unabh\u00e4ngig vom Lebensalter: Warten und Geduld geh\u00f6rt zu den Disziplinen, die jeden Menschen in Aufruhr bringen, mich eingeschlossen. Mit ein paar Wochen Zeitversatz, erhalte ich gestern folgende Mail:<\/p>\n<blockquote><p>Moin Peter,<br \/>\nich muss dir beichten, dass ich die Cabo Rico 34 nun doch gekauft habe. Du wei\u00dft, wenn ich ein Schiff kaufe, oder verkaufe ist das meistens mit ziemlich unerwarteten Wendungen und teils b\u00f6sen \u00dcberraschungen verbunden. Die letzteren blieben bislang gl\u00fccklicherweise aus, aufregend ist es aber &#8211; besonders in Zeiten wie diesen &#8211; dennoch. Ich erfuhr, dass es sich bei der CR um genau das selbe Schiff handelte, dass ich vor zwei Jahren in der Bretagne besichtigt hatte. Mein Vorg\u00e4nger, der mir das Boot damals vor der Nase wegkaufte, ist in Rente und hat 2019 das Boot f\u00fcr eine Weltumsegelung ausger\u00fcstet. (Aufgrund vieler Neuerungen war mir zun\u00e4chst nicht aufgefallen, dass es sich um genau das selbe Boot handelte). In genau diesem Jahr hat er sich in eine Dame verliebt, die noch nicht in Rente gehen kann. Er hat seine Angebetene dann auf der einh\u00e4ndigen \u00dcberfahrt nach Martinique so vermisst, dass er nach seiner Ankunft das Boot zum Verkauf angeboten hat.<\/p>\n<p><img loading=\"lazy\" decoding=\"async\" src=\"https:\/\/windpilot.com\/blog\/wp-content\/uploads\/2020\/06\/20200309_101539.jpg\" alt=\"\" width=\"1024\" height=\"768\" class=\"aligncenter size-full wp-image-22629\" srcset=\"https:\/\/windpilot.com\/blog\/wp-content\/uploads\/2020\/06\/20200309_101539.jpg 1024w, https:\/\/windpilot.com\/blog\/wp-content\/uploads\/2020\/06\/20200309_101539-300x225.jpg 300w, https:\/\/windpilot.com\/blog\/wp-content\/uploads\/2020\/06\/20200309_101539-768x576.jpg 768w\" sizes=\"auto, (max-width: 1024px) 100vw, 1024px\" \/>So konnte ich auch von ihrer romantischen Geschichte profitiere. Da ich mich sowieso in die CR 34 verliebt hatte und es\u00a0 in den vergangenen zwei Jahren kein Boot auf dem europ\u00e4ischen Markt gab, bin ich schwach geworden.<\/p>\n<p><img loading=\"lazy\" decoding=\"async\" src=\"https:\/\/windpilot.com\/blog\/wp-content\/uploads\/2020\/06\/20200309_101740-Kopie.jpg\" alt=\"\" width=\"1024\" height=\"768\" class=\"aligncenter size-full wp-image-22631\" srcset=\"https:\/\/windpilot.com\/blog\/wp-content\/uploads\/2020\/06\/20200309_101740-Kopie.jpg 1024w, https:\/\/windpilot.com\/blog\/wp-content\/uploads\/2020\/06\/20200309_101740-Kopie-300x225.jpg 300w, https:\/\/windpilot.com\/blog\/wp-content\/uploads\/2020\/06\/20200309_101740-Kopie-768x576.jpg 768w\" sizes=\"auto, (max-width: 1024px) 100vw, 1024px\" \/>Ich habe einen unabh\u00e4ngigne Sachverst\u00e4ndigen das Boot begutachten lassen. Dieser war mir von einem Freund empfohlen worden, der 20 Jahre auf Martinique gelebt hatte, nun aber in Frankreich wohnt. Er hei\u00dft Bertrand, zu ihm sp\u00e4ter mehr. Das Gutachten habe ich dir angeh\u00e4ngt f\u00fcr den Fall, dass es dich interessiert.<br \/>\nIch bin auf einen Broker gesto\u00dfen, auf den ich mich w\u00e4hrend des ganzen Prozesses verlassen konnte und der mich bis zuletzt auf vielerlei Weise unterst\u00fctz hat.<\/p>\n<p><img loading=\"lazy\" decoding=\"async\" src=\"https:\/\/windpilot.com\/blog\/wp-content\/uploads\/2020\/06\/IMG-20200423-WA0061.jpg\" alt=\"\" width=\"1152\" height=\"864\" class=\"aligncenter size-full wp-image-22632\" srcset=\"https:\/\/windpilot.com\/blog\/wp-content\/uploads\/2020\/06\/IMG-20200423-WA0061.jpg 1152w, https:\/\/windpilot.com\/blog\/wp-content\/uploads\/2020\/06\/IMG-20200423-WA0061-300x225.jpg 300w, https:\/\/windpilot.com\/blog\/wp-content\/uploads\/2020\/06\/IMG-20200423-WA0061-1024x768.jpg 1024w, https:\/\/windpilot.com\/blog\/wp-content\/uploads\/2020\/06\/IMG-20200423-WA0061-768x576.jpg 768w\" sizes=\"auto, (max-width: 1152px) 100vw, 1152px\" \/>Zur Zeit befindet sich das Boot auf dem Weg nach Frankreich. Mein Freund Bertrand ist auch professioneller Skipper und er segelt das Boot gerade zur\u00fcck zu uns. Auch das zu organisieren war in Zeiten von Corona ein Abenteuer, da bis zuletzt nicht klar war, ob Martinique Besucher einlassen w\u00fcrde oder nur nach zwei Wochen Quarant\u00e4ne im Hotel. Letztendlich hat aber alles geklappt, bevor die Hurrikane kommen. Mein Broker hat ihn letzte Woche Donnerstag in Le Marin verabschiedet und mir die letzten\u00a0 Fotos geschickt.<br \/>\nZur Zeit ist das Boot <a href=\"https:\/\/www.konectis.com\/embed\/82b64610b0fca9e7090a5e3e327532a9\">hier<\/a><br \/>\n\u00a0<br \/>\n<img loading=\"lazy\" decoding=\"async\" src=\"https:\/\/windpilot.com\/blog\/wp-content\/uploads\/2020\/06\/IMG-20200423-WA0072.jpg\" alt=\"\" width=\"1280\" height=\"960\" class=\"aligncenter size-full wp-image-22633\" srcset=\"https:\/\/windpilot.com\/blog\/wp-content\/uploads\/2020\/06\/IMG-20200423-WA0072.jpg 1280w, https:\/\/windpilot.com\/blog\/wp-content\/uploads\/2020\/06\/IMG-20200423-WA0072-300x225.jpg 300w, https:\/\/windpilot.com\/blog\/wp-content\/uploads\/2020\/06\/IMG-20200423-WA0072-1024x768.jpg 1024w, https:\/\/windpilot.com\/blog\/wp-content\/uploads\/2020\/06\/IMG-20200423-WA0072-768x576.jpg 768w\" sizes=\"auto, (max-width: 1280px) 100vw, 1280px\" \/>Flouka ist der Name eines Bootes, dass Bertrand f\u00fcr einen fr\u00fcheren Auftrag \u00fcberf\u00fchrt und in seinem IRIDIUM System nicht ge\u00e4ndert hat.<br \/>\nNach der Kreuz in der Stra\u00dfe zwischen St Lucia und Martinique hat mich Bertrand noch einmal angerufen und best\u00e4tigt was du schon sagtest . Tolle Segeleigenschaften und sanftes eintauchen in die Welle. Er war begeistert, neugierig und \u00fcberrascht, da er es sonst mit Benneteau, Jeanneau etc. zu tun hat, nahezu euphorisch.<br \/>\nSeitdem bekomme ich t\u00e4glich eine Nachricht. Zur Zeit k\u00e4mpft er mit dem Hochdruckgebiet und teils schwachen Winden aus der falschen Richtung.<\/p>\n<p><img loading=\"lazy\" decoding=\"async\" src=\"https:\/\/windpilot.com\/blog\/wp-content\/uploads\/2020\/06\/IMG-20200423-WA0074.jpg\" alt=\"\" width=\"1280\" height=\"960\" class=\"aligncenter size-full wp-image-22634\" srcset=\"https:\/\/windpilot.com\/blog\/wp-content\/uploads\/2020\/06\/IMG-20200423-WA0074.jpg 1280w, https:\/\/windpilot.com\/blog\/wp-content\/uploads\/2020\/06\/IMG-20200423-WA0074-300x225.jpg 300w, https:\/\/windpilot.com\/blog\/wp-content\/uploads\/2020\/06\/IMG-20200423-WA0074-1024x768.jpg 1024w, https:\/\/windpilot.com\/blog\/wp-content\/uploads\/2020\/06\/IMG-20200423-WA0074-768x576.jpg 768w\" sizes=\"auto, (max-width: 1280px) 100vw, 1280px\" \/>Ich wei\u00df schon, mit mehr Verhandlungsgeschick, weniger emotionaler Bindung zum Boot und einem l\u00e4ngeren Atem h\u00e4tte ich bestimmt weniger zahlen k\u00f6nnen, oder ein anderes, noch wertigeres Boot bekommen k\u00f6nnen. Aber dazu fehlt mir das Talent. Auch wollte ich nicht, dass mir das Boot ein zweites mal entwischt.<\/p>\n<p><img loading=\"lazy\" decoding=\"async\" src=\"https:\/\/windpilot.com\/blog\/wp-content\/uploads\/2020\/06\/IMG-20200423-WA0087.jpg\" alt=\"\" width=\"1280\" height=\"960\" class=\"aligncenter size-full wp-image-22635\" srcset=\"https:\/\/windpilot.com\/blog\/wp-content\/uploads\/2020\/06\/IMG-20200423-WA0087.jpg 1280w, https:\/\/windpilot.com\/blog\/wp-content\/uploads\/2020\/06\/IMG-20200423-WA0087-300x225.jpg 300w, https:\/\/windpilot.com\/blog\/wp-content\/uploads\/2020\/06\/IMG-20200423-WA0087-1024x768.jpg 1024w, https:\/\/windpilot.com\/blog\/wp-content\/uploads\/2020\/06\/IMG-20200423-WA0087-768x576.jpg 768w\" sizes=\"auto, (max-width: 1280px) 100vw, 1280px\" \/>Ich hoffe du siehst mir das nach, ich bin gl\u00fccklich und freue mich auf einen Segelsommer in der Bretagne und noch viele weitere Meilen. Zumal das Steinhuder Meer schon wieder teilweise trocken f\u00e4llt.<br \/>\nEinziger Wermutstropfen, dass Boot hat keine Windpilotanlage. Da h\u00e4ngt eine franz\u00f6sische Anlage am Heck, eine Beaufort. Damit habe ich keine Erfahrung, Bertrand sagt bislang g\u00e4be es keine Probleme, bisher war er aber auch nur am Wind. Mal sehen wie sich das entwickelt.<br \/>\n<img loading=\"lazy\" decoding=\"async\" src=\"https:\/\/windpilot.com\/blog\/wp-content\/uploads\/2020\/06\/IMG-20200423-WA0089.jpg\" alt=\"\" width=\"1280\" height=\"960\" class=\"aligncenter size-full wp-image-22636\" srcset=\"https:\/\/windpilot.com\/blog\/wp-content\/uploads\/2020\/06\/IMG-20200423-WA0089.jpg 1280w, https:\/\/windpilot.com\/blog\/wp-content\/uploads\/2020\/06\/IMG-20200423-WA0089-300x225.jpg 300w, https:\/\/windpilot.com\/blog\/wp-content\/uploads\/2020\/06\/IMG-20200423-WA0089-1024x768.jpg 1024w, https:\/\/windpilot.com\/blog\/wp-content\/uploads\/2020\/06\/IMG-20200423-WA0089-768x576.jpg 768w\" sizes=\"auto, (max-width: 1280px) 100vw, 1280px\" \/><\/p>\n<p><img loading=\"lazy\" decoding=\"async\" src=\"https:\/\/windpilot.com\/blog\/wp-content\/uploads\/2020\/06\/16.jpg\" alt=\"\" width=\"1024\" height=\"768\" class=\"aligncenter size-full wp-image-22637\" srcset=\"https:\/\/windpilot.com\/blog\/wp-content\/uploads\/2020\/06\/16.jpg 1024w, https:\/\/windpilot.com\/blog\/wp-content\/uploads\/2020\/06\/16-300x225.jpg 300w, https:\/\/windpilot.com\/blog\/wp-content\/uploads\/2020\/06\/16-768x576.jpg 768w\" sizes=\"auto, (max-width: 1024px) 100vw, 1024px\" \/>\u00a0<br \/>\nIch gr\u00fc\u00dfe euch beide herzlich und hoffe, wir sehen uns bald wieder. Wenn ich das n\u00e4chste Mal nach Kappeln komme, wird es nicht mehr mit der Biga sein.<br \/>\nGerrit<\/p><\/blockquote>\n<p>Meine Absolution war klar:<\/p>\n<blockquote><p>Moin Gerrit, eine tolle Geschichte &#8230; fuer die man nicht in den Beichtstuhl knien muss, denn das ist die wahre FREUDE IM LEBEN &#8230; wenn man mit Emphase und Herz .. ein Schiff &#8211; oder eine Frau? &#8211; jagt, das man am Ende \u201eerlegt\u201c. Meinen Gl\u00fcckwunsch.<\/p>\n<p>Hast Du ein paar schicke jpg Fotos \/ Ansichten &#8230; dann mache ich eine Liebeserkl\u00e4rung an ein wundervolles Schiff daraus &#8230; insbesondere interessant, weil es sich von dem durch europaeische Yachtpresse so sehr gepr\u00e4gte Schiffsgeschmack &#8230; so ganz enorm unterscheidet. So ein Blog w\u00fcrde mir Freude machen &#8230; also: Du bist am Ball: her damit!<\/p>\n<p>Allerbest aus Hamburg &#8230; nach ein paar Wochen in Schockstarre &#8230; sind wir nun auf der Jagd: die Segler jagen UNS.<br \/>\nPeter<\/p><\/blockquote>\n<p>Eine Geschichte, die zu erz\u00e4hlen Freude bereitet, weshalb sie hier als Sonntagsgeschichte steht.<\/p>\n<p>Hamburg 07.06.2020<br \/>\nPeter Foerthmann<br \/>\n<img loading=\"lazy\" decoding=\"async\" src=\"https:\/\/windpilot.com\/blog\/wp-content\/uploads\/2020\/05\/Peter-2-Lo\u0308wen-Kopie-150x150.jpg\" alt=\"\" width=\"150\" height=\"150\" class=\"alignleft size-thumbnail wp-image-22408\" \/><\/p>\n","protected":false},"excerpt":{"rendered":"<p>EINE LIEBE IN DEN ZEITEN VON CHOLERA Diesem wundervollen Roman von Gabriel Garc\u00eda Marquez galt mein erster Gedanke, als ich vorgestern Gerrit\u00b4s atemberaubenden Geschichte seiner am Ende erfolgreichen Suche nach dem Traumschiff erfahren habe. Einer Suche, die sich durch Corona &hellip; <a href=\"https:\/\/windpilot.com\/blog\/schiffe\/gebrauchtyachten\/cabo-rico-34\/\">Weiterlesen <span class=\"meta-nav\">&rarr;<\/span><\/a><\/p>\n","protected":false},"author":1,"featured_media":0,"parent":15914,"menu_order":-5,"comment_status":"open","ping_status":"closed","template":"","meta":{"footnotes":""},"class_list":["post-22621","page","type-page","status-publish","hentry"],"_links":{"self":[{"href":"https:\/\/windpilot.com\/blog\/wp-json\/wp\/v2\/pages\/22621","targetHints":{"allow":["GET"]}}],"collection":[{"href":"https:\/\/windpilot.com\/blog\/wp-json\/wp\/v2\/pages"}],"about":[{"href":"https:\/\/windpilot.com\/blog\/wp-json\/wp\/v2\/types\/page"}],"author":[{"embeddable":true,"href":"https:\/\/windpilot.com\/blog\/wp-json\/wp\/v2\/users\/1"}],"replies":[{"embeddable":true,"href":"https:\/\/windpilot.com\/blog\/wp-json\/wp\/v2\/comments?post=22621"}],"version-history":[{"count":11,"href":"https:\/\/windpilot.com\/blog\/wp-json\/wp\/v2\/pages\/22621\/revisions"}],"predecessor-version":[{"id":27236,"href":"https:\/\/windpilot.com\/blog\/wp-json\/wp\/v2\/pages\/22621\/revisions\/27236"}],"up":[{"embeddable":true,"href":"https:\/\/windpilot.com\/blog\/wp-json\/wp\/v2\/pages\/15914"}],"wp:attachment":[{"href":"https:\/\/windpilot.com\/blog\/wp-json\/wp\/v2\/media?parent=22621"}],"curies":[{"name":"wp","href":"https:\/\/api.w.org\/{rel}","templated":true}]}}