{"id":22802,"date":"2020-06-30T10:23:48","date_gmt":"2020-06-30T17:23:48","guid":{"rendered":"https:\/\/windpilot.com\/blog\/?page_id=22802"},"modified":"2020-07-02T10:47:26","modified_gmt":"2020-07-02T17:47:26","slug":"die-maus","status":"publish","type":"page","link":"https:\/\/windpilot.com\/blog\/columns\/peters-lyrikprosa\/die-maus\/","title":{"rendered":"Die Maus"},"content":{"rendered":"<p><strong>DIE GESCHICHTE MIT DER MAUS<\/strong><br \/>\n<img loading=\"lazy\" decoding=\"async\" src=\"https:\/\/windpilot.com\/blog\/wp-content\/uploads\/2020\/07\/Mausstrand.jpg\" alt=\"\" width=\"1352\" height=\"862\" class=\"aligncenter size-full wp-image-22867\" srcset=\"https:\/\/windpilot.com\/blog\/wp-content\/uploads\/2020\/07\/Mausstrand.jpg 1352w, https:\/\/windpilot.com\/blog\/wp-content\/uploads\/2020\/07\/Mausstrand-300x191.jpg 300w, https:\/\/windpilot.com\/blog\/wp-content\/uploads\/2020\/07\/Mausstrand-1024x653.jpg 1024w, https:\/\/windpilot.com\/blog\/wp-content\/uploads\/2020\/07\/Mausstrand-768x490.jpg 768w\" sizes=\"auto, (max-width: 1352px) 100vw, 1352px\" \/>Irgendwann, es war vor einigen vielen Jahren, hat es hier und dort im Kopf gejuckt, oder hatten Inga und Vassil an Bord der Olgalou einschl\u00e4gige Erfahrungen mit blinden Passagieren, die sich aan Bord am K\u00e4se goutiert, alternative alte Socken  zerl\u00f6chert haben? Jedenfalls war auf den fr\u00fchen Cartoons von Inga immer ungemein viel zu entdecken, der Grund warum wir fr\u00fch von Suchbildern gesprochen haben, bis wir die Alternativen als Seriencartoons differenziert haben. Es ergab sich im Verlauf der Jahre, dass hier und dort der \u00dcbermut zugeschlagen hat, die Zeiten, in denen die Randverzierung erfunden worden ist &#8230; immer dabei, fast seit Anbeginn: die Maus in jedem Bild, mal im Doppelpack, mal nur als Einzetier, als Beobachter des Geschehens, mal frech dem Betrachter zugewandt &#8230; zog die Maus das Auge des Betrachters magisch auf sich &#8230; dass man unweigerlich auf die Suche ging, wo sie sich denn heute wohl versteckt &#8230; Ein Suchspiel in Sachen Schabernack &#8230;<br \/>\n<img loading=\"lazy\" decoding=\"async\" src=\"https:\/\/windpilot.com\/blog\/wp-content\/uploads\/2020\/06\/Megayacht.jpg\" alt=\"\" width=\"1078\" height=\"764\" class=\"aligncenter size-full wp-image-22806\" srcset=\"https:\/\/windpilot.com\/blog\/wp-content\/uploads\/2020\/06\/Megayacht.jpg 1078w, https:\/\/windpilot.com\/blog\/wp-content\/uploads\/2020\/06\/Megayacht-300x213.jpg 300w, https:\/\/windpilot.com\/blog\/wp-content\/uploads\/2020\/06\/Megayacht-1024x726.jpg 1024w, https:\/\/windpilot.com\/blog\/wp-content\/uploads\/2020\/06\/Megayacht-768x544.jpg 768w\" sizes=\"auto, (max-width: 1078px) 100vw, 1078px\" \/><\/p>\n<p>Hier eine Huldigung an die Mutter aller M\u00e4use, von Inga\u00b4s flinken Fingern gezaubert, die jeden Betrachter zum Schmunzeln bringt:<\/p>\n<p><img loading=\"lazy\" decoding=\"async\" src=\"https:\/\/windpilot.com\/blog\/wp-content\/uploads\/2020\/06\/Mail-Anhang-1.jpeg\" alt=\"\" width=\"567\" height=\"283\" class=\"aligncenter size-full wp-image-22809\" srcset=\"https:\/\/windpilot.com\/blog\/wp-content\/uploads\/2020\/06\/Mail-Anhang-1.jpeg 567w, https:\/\/windpilot.com\/blog\/wp-content\/uploads\/2020\/06\/Mail-Anhang-1-300x150.jpeg 300w\" sizes=\"auto, (max-width: 567px) 100vw, 567px\" \/>Moin Ihr Zwei,<\/p>\n<p>ein schneller Gruss,<br \/>\nein schnelles Oh!<br \/>\nNein es handelt sich nicht um einen Floh<br \/>\nsondern um eine kleine Maus<br \/>\ndie ab heute bei Euch zu Haus.<br \/>\ndie in Ingas\u00b4s Kopf schon immer Unsinn macht,<br \/>\nwenn sie aus der Birne in die Finger rutscht<br \/>\nund dann auf\u00b4s Papier raus flutscht!<\/p>\n<p><img loading=\"lazy\" decoding=\"async\" src=\"https:\/\/windpilot.com\/blog\/wp-content\/uploads\/2020\/06\/Mail-Anhang.jpeg\" alt=\"\" width=\"567\" height=\"425\" class=\"aligncenter size-full wp-image-22810\" srcset=\"https:\/\/windpilot.com\/blog\/wp-content\/uploads\/2020\/06\/Mail-Anhang.jpeg 567w, https:\/\/windpilot.com\/blog\/wp-content\/uploads\/2020\/06\/Mail-Anhang-300x225.jpeg 300w\" sizes=\"auto, (max-width: 567px) 100vw, 567px\" \/>Da sitzt sie nun,<br \/>\nohne was zu tun,<br \/>\nfixiert das Auge des Betrachters<br \/>\nvon der M\u00fclltonne<br \/>\noder vom Rand der Badewanne<br \/>\nsogar auf der Giesskanne<br \/>\nfindet sie dank Magnet einen schicken Platz<br \/>\nWichtig nur, dass sie \u00dcbersicht \u00fcber\u00b4s Ganze hat.<\/p>\n<p>Sie schaut Dir mit Kugelaugen<br \/>\nbei der Arbeit zu<br \/>\nh\u00e4lt sogar die Klappe,<br \/>\naber ihren Kulleraugen kann nix entgehen<br \/>\nsie k\u00f6nnen Dich nerven, Dich zerm\u00fcrben,<br \/>\nDir den Tag erheitern,<br \/>\nsolange es nur einfach weiter geht<br \/>\njedenfalls und zumindest mit Heiterkeit<br \/>\nbei Euch zu Zweit.<\/p>\n<p>Einen schicken Tag w\u00fcnscht<br \/>\nPeter<br \/>\n22.06.2020<br \/>\n<img loading=\"lazy\" decoding=\"async\" src=\"https:\/\/windpilot.com\/blog\/wp-content\/uploads\/2020\/05\/Peter-2-Lo\u0308wen-Kopie-150x150.jpg\" alt=\"\" width=\"150\" height=\"150\" class=\"alignleft size-thumbnail wp-image-22408\" \/><\/p>\n","protected":false},"excerpt":{"rendered":"<p>DIE GESCHICHTE MIT DER MAUS Irgendwann, es war vor einigen vielen Jahren, hat es hier und dort im Kopf gejuckt, oder hatten Inga und Vassil an Bord der Olgalou einschl\u00e4gige Erfahrungen mit blinden Passagieren, die sich aan Bord am K\u00e4se &hellip; <a href=\"https:\/\/windpilot.com\/blog\/columns\/peters-lyrikprosa\/die-maus\/\">Weiterlesen <span class=\"meta-nav\">&rarr;<\/span><\/a><\/p>\n","protected":false},"author":1,"featured_media":0,"parent":16634,"menu_order":-6,"comment_status":"open","ping_status":"closed","template":"","meta":{"footnotes":""},"class_list":["post-22802","page","type-page","status-publish","hentry"],"_links":{"self":[{"href":"https:\/\/windpilot.com\/blog\/wp-json\/wp\/v2\/pages\/22802","targetHints":{"allow":["GET"]}}],"collection":[{"href":"https:\/\/windpilot.com\/blog\/wp-json\/wp\/v2\/pages"}],"about":[{"href":"https:\/\/windpilot.com\/blog\/wp-json\/wp\/v2\/types\/page"}],"author":[{"embeddable":true,"href":"https:\/\/windpilot.com\/blog\/wp-json\/wp\/v2\/users\/1"}],"replies":[{"embeddable":true,"href":"https:\/\/windpilot.com\/blog\/wp-json\/wp\/v2\/comments?post=22802"}],"version-history":[{"count":7,"href":"https:\/\/windpilot.com\/blog\/wp-json\/wp\/v2\/pages\/22802\/revisions"}],"predecessor-version":[{"id":22869,"href":"https:\/\/windpilot.com\/blog\/wp-json\/wp\/v2\/pages\/22802\/revisions\/22869"}],"up":[{"embeddable":true,"href":"https:\/\/windpilot.com\/blog\/wp-json\/wp\/v2\/pages\/16634"}],"wp:attachment":[{"href":"https:\/\/windpilot.com\/blog\/wp-json\/wp\/v2\/media?parent=22802"}],"curies":[{"name":"wp","href":"https:\/\/api.w.org\/{rel}","templated":true}]}}