{"id":22844,"date":"2020-07-02T10:33:58","date_gmt":"2020-07-02T17:33:58","guid":{"rendered":"https:\/\/windpilot.com\/blog\/?page_id=22844"},"modified":"2020-07-02T10:41:01","modified_gmt":"2020-07-02T17:41:01","slug":"unter-lemmingen","status":"publish","type":"page","link":"https:\/\/windpilot.com\/blog\/columns\/sozial-oder-nicht\/unter-lemmingen\/","title":{"rendered":"Unter Lemmingen"},"content":{"rendered":"<p><strong>AUS DEM MASCHINENRAUM REINER LEBENSFREUDE<\/strong><br \/>\n<img loading=\"lazy\" decoding=\"async\" src=\"https:\/\/windpilot.com\/blog\/wp-content\/uploads\/2020\/07\/IMG_6345.jpeg\" alt=\"\" width=\"1280\" height=\"960\" class=\"aligncenter size-full wp-image-22855\" srcset=\"https:\/\/windpilot.com\/blog\/wp-content\/uploads\/2020\/07\/IMG_6345.jpeg 1280w, https:\/\/windpilot.com\/blog\/wp-content\/uploads\/2020\/07\/IMG_6345-300x225.jpeg 300w, https:\/\/windpilot.com\/blog\/wp-content\/uploads\/2020\/07\/IMG_6345-1024x768.jpeg 1024w, https:\/\/windpilot.com\/blog\/wp-content\/uploads\/2020\/07\/IMG_6345-768x576.jpeg 768w\" sizes=\"auto, (max-width: 1280px) 100vw, 1280px\" \/>Das sind meine Gef\u00fchle, wenn ich mit Seglern rund um den Spielball Ping-Pong spiele. Worum es geht? Das weiss jeder, der diesen Blog beklickt. Hier gibt es Klickzeug nach Lust und Laune, man kann sich informieren, inspirieren, oder man will weniger transpirieren, weil der Steuermann oder seine feminine Regierungszentrale am Ende ihrer Kr\u00e4fte angekommen sind \u2013 sie sich vermutlich final nach Steuerfreiheit sehnen, oder weil der elektrische Zauberkasten seinen Dienst quittiert. Irgendwann f\u00e4llt der Groschen \u2013 und das ist dann meine Stunde \u2013 ein schneller Blick in die Runde \u2013 dann schlage ich zu \u2013 im Stakkato, oder im Dreiviertel Takt, mal ausf\u00fchrlich oder aber abgehackt &#8211; jeder nach seinem eigenen Takt.<br \/>\n<img loading=\"lazy\" decoding=\"async\" src=\"https:\/\/windpilot.com\/blog\/wp-content\/uploads\/2020\/07\/Pfarrer-kleiner.jpg\" alt=\"\" width=\"1416\" height=\"1054\" class=\"aligncenter size-full wp-image-22847\" srcset=\"https:\/\/windpilot.com\/blog\/wp-content\/uploads\/2020\/07\/Pfarrer-kleiner.jpg 1416w, https:\/\/windpilot.com\/blog\/wp-content\/uploads\/2020\/07\/Pfarrer-kleiner-300x223.jpg 300w, https:\/\/windpilot.com\/blog\/wp-content\/uploads\/2020\/07\/Pfarrer-kleiner-1024x762.jpg 1024w, https:\/\/windpilot.com\/blog\/wp-content\/uploads\/2020\/07\/Pfarrer-kleiner-768x572.jpg 768w\" sizes=\"auto, (max-width: 1416px) 100vw, 1416px\" \/>Bis zu f\u00fcnf Dialoge mit meinem jeweiligen Gegen\u00fcber empfinde ich als ganz normal \u2013 bei 10 Mailwechseln ziehe ich schon mal die Augenbrauen hoch \u2013 ab 20 wird es dann interessant, weil ein Wettlauf angebrochen scheint, ob man Peter nicht doch einmal zum Schweigen bringen kann \u2013 kann man aber nicht, weil der Bursche schon mit 3 Jahren sein Muttertier durch Widerspruch ins Rasen brachte und wirklich nur final die Klappe hielt, wenn er m\u00fcde oder es wirklich nix mehr zu erwidern gab. Einsamer Spitzenreiter im Strapazieren meiner Nerven: ein Schlaukopf aus Canada, der mit mir den gesamten Markt durch deklinierte, danach von der L\u00e4nge seines Kielwassers Zeugnis ablegte, mir sodann die Familien Saga vor die F\u00fcsse legte \u2026 um mich dann final zu befragen ob ich seine kommende Reise wohl w\u00fcrde sponsern wollen \u2013 w\u00fcrde oder wollte ich aber nicht! Mir wurde sodann der volle Respekt gezollt \u2026 und ohne weiteres Z\u00f6gern oder Zaudern ein windiger Pilot gekauft. Eine Geschichte, mit der man ein Buch h\u00e4tte f\u00fcllen k\u00f6nnen.<br \/>\n<img loading=\"lazy\" decoding=\"async\" src=\"https:\/\/windpilot.com\/blog\/wp-content\/uploads\/2020\/07\/Cotinga-1604-scaled.jpg\" alt=\"\" width=\"2560\" height=\"1920\" class=\"aligncenter size-full wp-image-22848\" srcset=\"https:\/\/windpilot.com\/blog\/wp-content\/uploads\/2020\/07\/Cotinga-1604-scaled.jpg 2560w, https:\/\/windpilot.com\/blog\/wp-content\/uploads\/2020\/07\/Cotinga-1604-300x225.jpg 300w, https:\/\/windpilot.com\/blog\/wp-content\/uploads\/2020\/07\/Cotinga-1604-1024x768.jpg 1024w, https:\/\/windpilot.com\/blog\/wp-content\/uploads\/2020\/07\/Cotinga-1604-768x576.jpg 768w, https:\/\/windpilot.com\/blog\/wp-content\/uploads\/2020\/07\/Cotinga-1604-1536x1152.jpg 1536w, https:\/\/windpilot.com\/blog\/wp-content\/uploads\/2020\/07\/Cotinga-1604-2048x1536.jpg 2048w\" sizes=\"auto, (max-width: 2560px) 100vw, 2560px\" \/>Der langen Geschichte vergleichsweise kurzer Sinn: es gibt auch Gegenbeispiele, vorzugsweise aus den USA, die sich darauf beschr\u00e4nken, zu hinterfragen wie lang meine Lieferzeit denn wohl w\u00e4re &#8211; mein Allgemeinplatz stets: USA Order, die \u00fcber das Wochenende in meiner Inbox landen \u2026 werden innerhalb 48 Std zum Schnee von gestern, fast normal, dass der UPS boy in den USA innerhalb von 4 Tagen an der Haust\u00fcr klingelt, nachdem die Order bei uns eingegangen ist. Damit kann man einen Amerikaner schon mal beeindrucken, der kaum glauben kann, wie solche Zauberei wohl funktioniert, zumal doch immerhin ein Ozean zwischen uns liegt.<br \/>\n<img loading=\"lazy\" decoding=\"async\" src=\"https:\/\/windpilot.com\/blog\/wp-content\/uploads\/2020\/07\/Schweiz.jpg\" alt=\"\" width=\"2062\" height=\"1520\" class=\"aligncenter size-full wp-image-22849\" srcset=\"https:\/\/windpilot.com\/blog\/wp-content\/uploads\/2020\/07\/Schweiz.jpg 2062w, https:\/\/windpilot.com\/blog\/wp-content\/uploads\/2020\/07\/Schweiz-300x221.jpg 300w, https:\/\/windpilot.com\/blog\/wp-content\/uploads\/2020\/07\/Schweiz-1024x755.jpg 1024w, https:\/\/windpilot.com\/blog\/wp-content\/uploads\/2020\/07\/Schweiz-768x566.jpg 768w, https:\/\/windpilot.com\/blog\/wp-content\/uploads\/2020\/07\/Schweiz-1536x1132.jpg 1536w, https:\/\/windpilot.com\/blog\/wp-content\/uploads\/2020\/07\/Schweiz-2048x1510.jpg 2048w\" sizes=\"auto, (max-width: 2062px) 100vw, 2062px\" \/>Schweizer Bundesb\u00fcrger und Segler dagegen sind in meinem Kopf in einem so ganz anderen Bereich verankert, wenn ich beim Blick auf das Telefondisplay manchmal versucht bin, schnell eine Valium einzuwerfen &#8211; weil Kommunikation schon mal retardiert erfolgt, d.h. eine ruhige Hand und Langmut in der Sprache erforderlich ist, um ein Gespr\u00e4ch ohne Nervenzusammenbruch oder Einschlafen bis zum gl\u00fccklichen Ende durchzuhalten. Klar weiss ich, dass Eidgenossen aus dem Berner Oberland den Ruf der ganzen Nation in toto ruinieren, weil der Schwyzer in anderen Kantonen auch schneller sprechen kann. Im Oberland wohnen wirklich reizend liebenswerte Menschen, bei denen nur die Uhren einem anderen Rhythmus zu folgen scheinen. Da heisst es tapfer sein und Ruhe zu bewahren, damit kein Mistverst\u00e4ndnis entstehen kann. Oder Valium eben!<br \/>\n<img loading=\"lazy\" decoding=\"async\" src=\"https:\/\/windpilot.com\/blog\/wp-content\/uploads\/2020\/07\/Arcandide_Windpilot_2.jpeg\" alt=\"\" width=\"1280\" height=\"854\" class=\"aligncenter size-full wp-image-22851\" srcset=\"https:\/\/windpilot.com\/blog\/wp-content\/uploads\/2020\/07\/Arcandide_Windpilot_2.jpeg 1280w, https:\/\/windpilot.com\/blog\/wp-content\/uploads\/2020\/07\/Arcandide_Windpilot_2-300x200.jpeg 300w, https:\/\/windpilot.com\/blog\/wp-content\/uploads\/2020\/07\/Arcandide_Windpilot_2-1024x683.jpeg 1024w, https:\/\/windpilot.com\/blog\/wp-content\/uploads\/2020\/07\/Arcandide_Windpilot_2-768x512.jpeg 768w\" sizes=\"auto, (max-width: 1280px) 100vw, 1280px\" \/>Neulich das exakte Gegenteil \u2013 und damit komme ich zum Kern dieser kleinen Geschichte. <strong>Peter Dittus aus Lausanne<\/strong> hat f\u00fcr sein Heimatland einen Rekord &#8211; und eine Bresche! &#8211; geschlagen: Zwischen Anfrage und Auftrag lagen lediglich 24 Stunden &#8211; Details waren in Windeseile gekl\u00e4rt \u2013 schon wurde das System an UPS verschoben \u2013 und 2 Tage sp\u00e4ter in den Bergen von Lausanne an der Haust\u00fcr abgeliefert. Der dann folgende Dialog darf hier wiederholt werden:<\/p>\n<blockquote><p>Lieber Herr Foerthmann, Anlage in Rekordzeit angekommen. Wow! Wenn die Fahne nur halb so gut steuert, wie sie gebaut ist, dann ist&#8217;s ein voller Erfolg. Diese Qualit\u00e4t ist eigentlich heute kaum noch zu finden. Alle Achtung. Und auch noch alle Kleinteile dabei. Ich freu mich schon aufs Montieren&#8230;<br \/>\nBesten Gruss vom See<br \/>\nPeter Dittus<\/p><\/blockquote>\n<p><img loading=\"lazy\" decoding=\"async\" src=\"https:\/\/windpilot.com\/blog\/wp-content\/uploads\/2020\/07\/Arcandide_Heck.jpg\" alt=\"\" width=\"1252\" height=\"835\" class=\"aligncenter size-full wp-image-22858\" srcset=\"https:\/\/windpilot.com\/blog\/wp-content\/uploads\/2020\/07\/Arcandide_Heck.jpg 1252w, https:\/\/windpilot.com\/blog\/wp-content\/uploads\/2020\/07\/Arcandide_Heck-300x200.jpg 300w, https:\/\/windpilot.com\/blog\/wp-content\/uploads\/2020\/07\/Arcandide_Heck-1024x683.jpg 1024w, https:\/\/windpilot.com\/blog\/wp-content\/uploads\/2020\/07\/Arcandide_Heck-768x512.jpg 768w\" sizes=\"auto, (max-width: 1252px) 100vw, 1252px\" \/>Meine Replik wenige Minuten sp\u00e4ter:<\/p>\n<blockquote><p>Sie wird doppelt so gut steuern &#8230; denn, nicht wahr: gutes Design ist unsichtbar &#8230; meine Systeme verkaufen sich durch Word Of Mouth &#8230; brauche ich garnix weiter zu tun &#8230; als aus der Inbox die Mails zu fischen &#8230; sie mehr oder weniger witzig zu beantworten &#8230; und schon habe ich mein Gegen\u00fcber \u201eam Haken\u201c &#8230; habe sie gefangen, kann sodann &#8211; meist ohne Gegenwehr! &#8211;  eine Heckverzierung empfehlen, ohne mein Gegenueber all zu sehr zu quaelen, kann ihm \u201eD\u00f6ntjes\u201c erzaehlen, ihn ganz zappelig machen &#8230; sodass er am Ende, fast wie im Trance, nur noch artig ist und subito online ueberweist &#8230; um wenig sp\u00e4ter seinen windigen Piloten vor der Haustuer zu empfangen &#8230; sp\u00e4ter ein paar Valium einzuwerfen, bevor er 4 Loecher ins Heck seiner schwimmenden Geliebten bohrt, ganz ohne sich dabei in die Hose zu machen &#8230; dann geht\u00b4s aus dem Hafen geschwinde, die Segel flattern im Winde &#8230; die Heckverzierung wird eingestellt &#8230; und der Skipper stellt verwundert fest &#8230; dass er fortan beim Segeln ueberfluessig ist, nur noch Langeweile beim Segeln hat &#8230;weil er ploetzlich beide Haende frei &#8230; und nicht mehr weiss, was er auf See mit ihnen anzufangen hat &#8230;<br \/>\nKurz: es wird ein Schockerlebnis werden &#8230; sich an Bord selbst ueberfluessig zu wissen &#8230; derweil die Heckverzierung den sturen Job erledigt, wofuer sie angeschafft worden ist &#8230; STEUERFREIE ZEITEN auf See &#8230; fuer einen Schweizer besonders angenehm &#8230; weil man in Uri Gellers Land gemeinhin in Sachen Steuern &#8230; so ganz besondere Tricks drauf hat &#8230; zumindest ist das die Volksmeinung jenseits der Schweizer Berge &#8230; ein Vorurteil wie ein Stigma &#8230; dem man einfach nur davon zu segeln hat &#8230;<br \/>\nEinen schicken Abend wuenscht<br \/>\nPeter Foerthmann<\/p><\/blockquote>\n<p><img loading=\"lazy\" decoding=\"async\" src=\"https:\/\/windpilot.com\/blog\/wp-content\/uploads\/2020\/07\/Arcandide_Windpilot_1.jpeg\" alt=\"\" width=\"1280\" height=\"853\" class=\"aligncenter size-full wp-image-22859\" srcset=\"https:\/\/windpilot.com\/blog\/wp-content\/uploads\/2020\/07\/Arcandide_Windpilot_1.jpeg 1280w, https:\/\/windpilot.com\/blog\/wp-content\/uploads\/2020\/07\/Arcandide_Windpilot_1-300x200.jpeg 300w, https:\/\/windpilot.com\/blog\/wp-content\/uploads\/2020\/07\/Arcandide_Windpilot_1-1024x682.jpeg 1024w, https:\/\/windpilot.com\/blog\/wp-content\/uploads\/2020\/07\/Arcandide_Windpilot_1-768x512.jpeg 768w\" sizes=\"auto, (max-width: 1280px) 100vw, 1280px\" \/>Die Antwort kam auf dem Fusse:<\/p>\n<blockquote><p>Das (vorl\u00e4ufig) letzte Wort geh\u00f6rt Ihnen, wie k\u00f6nnte es anders sein! Hab vermutlich 10 Jahre zu lange gezappelt, statt gleich steuerfrei mit meiner Gitarre die Leinen \u00f6fter mal los zu werfen. Die braucht immer zwei H\u00e4nde, so dass f\u00fcrs Schiff nicht viel \u00fcbrig bleiben kann&#8230;<br \/>\nSteuerfrei ist Villa-Lobos in meinen Ohren, in diesem Sinne<br \/>\nIhr Peter Dittus<\/p><\/blockquote>\n<p><img loading=\"lazy\" decoding=\"async\" src=\"https:\/\/windpilot.com\/blog\/wp-content\/uploads\/2020\/07\/Arcandide_Windpilot_3.jpeg\" alt=\"\" width=\"1280\" height=\"853\" class=\"aligncenter size-full wp-image-22860\" srcset=\"https:\/\/windpilot.com\/blog\/wp-content\/uploads\/2020\/07\/Arcandide_Windpilot_3.jpeg 1280w, https:\/\/windpilot.com\/blog\/wp-content\/uploads\/2020\/07\/Arcandide_Windpilot_3-300x200.jpeg 300w, https:\/\/windpilot.com\/blog\/wp-content\/uploads\/2020\/07\/Arcandide_Windpilot_3-1024x682.jpeg 1024w, https:\/\/windpilot.com\/blog\/wp-content\/uploads\/2020\/07\/Arcandide_Windpilot_3-768x512.jpeg 768w\" sizes=\"auto, (max-width: 1280px) 100vw, 1280px\" \/>Und wenig sp\u00e4ter zur\u00fcck aus Korsika:<\/p>\n<blockquote><p>Hallo Herr F\u00f6rthmann, hier ist ein kleines Filmchen wie &#8222;Sie&#8220; auf unserer Granada 35 arbeiten. Die Pacific ist wohl der beste Kauf, den ich f\u00fcr unser Boot gemacht habe! Zwischen 5 und 35 Knoten perfekte Steuerung, auch hinterm Wind &#8211; die Pacific bleibt aufmerksam, wo ich langsam zu d\u00f6sen beginne. L\u00e4sst sich auch gut zum &#8222;semi-beidrehen&#8220; einstellen, so dass man mal ausruhen kann, wenn gew\u00fcnscht. Herzlichen Dank und weiter so! Ich kann jedenfalls die Fahne und Ihren Service nur w\u00e4rmstens empfehlen.<\/p><\/blockquote>\n<p><img loading=\"lazy\" decoding=\"async\" src=\"https:\/\/windpilot.com\/blog\/wp-content\/uploads\/2020\/07\/Strand-Kopie.jpg\" alt=\"\" width=\"1067\" height=\"758\" class=\"aligncenter size-full wp-image-22852\" srcset=\"https:\/\/windpilot.com\/blog\/wp-content\/uploads\/2020\/07\/Strand-Kopie.jpg 1067w, https:\/\/windpilot.com\/blog\/wp-content\/uploads\/2020\/07\/Strand-Kopie-300x213.jpg 300w, https:\/\/windpilot.com\/blog\/wp-content\/uploads\/2020\/07\/Strand-Kopie-1024x727.jpg 1024w, https:\/\/windpilot.com\/blog\/wp-content\/uploads\/2020\/07\/Strand-Kopie-768x546.jpg 768w\" sizes=\"auto, (max-width: 1067px) 100vw, 1067px\" \/>Derartige Dialoge sind Honig f\u00fcr meine alte Seele \u2026 wobei ich noch nicht ganz verstanden habe, wie Peter Dittus \u201ehinterm Wind\u201c segeln kann, weil der ihn doch eigentlich von achtern schiebt \u2026 derweil er vorne aufzupassen hat \u2026 dass die Brise ihn nicht auf den Strand raufschiebt.<\/p>\n<p>Aber vermutlich ist das nur Schwyzerd\u00fctsch das ein norddeutschen K\u00fcstenindianer einfach nur mal erguugeln muss \u2026<\/p>\n<p>Es war mir eine Ehre \u2013 und reine Lebensfreude<br \/>\nversichert<br \/>\nPeter Foerthmann<br \/>\n02.07.2020<br \/>\n<img loading=\"lazy\" decoding=\"async\" src=\"https:\/\/windpilot.com\/blog\/wp-content\/uploads\/2020\/07\/A.-Peter-Lions-150x150.jpg\" alt=\"\" width=\"150\" height=\"150\" class=\"alignleft size-thumbnail wp-image-22854\" srcset=\"https:\/\/windpilot.com\/blog\/wp-content\/uploads\/2020\/07\/A.-Peter-Lions-150x150.jpg 150w, https:\/\/windpilot.com\/blog\/wp-content\/uploads\/2020\/07\/A.-Peter-Lions-300x300.jpg 300w, https:\/\/windpilot.com\/blog\/wp-content\/uploads\/2020\/07\/A.-Peter-Lions-1024x1020.jpg 1024w, https:\/\/windpilot.com\/blog\/wp-content\/uploads\/2020\/07\/A.-Peter-Lions-768x765.jpg 768w, https:\/\/windpilot.com\/blog\/wp-content\/uploads\/2020\/07\/A.-Peter-Lions-1536x1531.jpg 1536w, https:\/\/windpilot.com\/blog\/wp-content\/uploads\/2020\/07\/A.-Peter-Lions.jpg 1700w\" sizes=\"auto, (max-width: 150px) 100vw, 150px\" \/><\/p>\n","protected":false},"excerpt":{"rendered":"<p>AUS DEM MASCHINENRAUM REINER LEBENSFREUDE Das sind meine Gef\u00fchle, wenn ich mit Seglern rund um den Spielball Ping-Pong spiele. Worum es geht? Das weiss jeder, der diesen Blog beklickt. Hier gibt es Klickzeug nach Lust und Laune, man kann sich &hellip; <a href=\"https:\/\/windpilot.com\/blog\/columns\/sozial-oder-nicht\/unter-lemmingen\/\">Weiterlesen <span class=\"meta-nav\">&rarr;<\/span><\/a><\/p>\n","protected":false},"author":1,"featured_media":0,"parent":13656,"menu_order":-8,"comment_status":"open","ping_status":"closed","template":"","meta":{"footnotes":""},"class_list":["post-22844","page","type-page","status-publish","hentry"],"_links":{"self":[{"href":"https:\/\/windpilot.com\/blog\/wp-json\/wp\/v2\/pages\/22844","targetHints":{"allow":["GET"]}}],"collection":[{"href":"https:\/\/windpilot.com\/blog\/wp-json\/wp\/v2\/pages"}],"about":[{"href":"https:\/\/windpilot.com\/blog\/wp-json\/wp\/v2\/types\/page"}],"author":[{"embeddable":true,"href":"https:\/\/windpilot.com\/blog\/wp-json\/wp\/v2\/users\/1"}],"replies":[{"embeddable":true,"href":"https:\/\/windpilot.com\/blog\/wp-json\/wp\/v2\/comments?post=22844"}],"version-history":[{"count":9,"href":"https:\/\/windpilot.com\/blog\/wp-json\/wp\/v2\/pages\/22844\/revisions"}],"predecessor-version":[{"id":22864,"href":"https:\/\/windpilot.com\/blog\/wp-json\/wp\/v2\/pages\/22844\/revisions\/22864"}],"up":[{"embeddable":true,"href":"https:\/\/windpilot.com\/blog\/wp-json\/wp\/v2\/pages\/13656"}],"wp:attachment":[{"href":"https:\/\/windpilot.com\/blog\/wp-json\/wp\/v2\/media?parent=22844"}],"curies":[{"name":"wp","href":"https:\/\/api.w.org\/{rel}","templated":true}]}}