{"id":22905,"date":"2020-07-12T02:31:35","date_gmt":"2020-07-12T09:31:35","guid":{"rendered":"https:\/\/windpilot.com\/blog\/?page_id=22905"},"modified":"2022-08-10T04:03:10","modified_gmt":"2022-08-10T11:03:10","slug":"maselle-corona","status":"publish","type":"page","link":"https:\/\/windpilot.com\/blog\/morphy-blitz\/maselle-corona\/","title":{"rendered":"Maselle &#8211; Corona"},"content":{"rendered":"<p><strong>EIN ENDE OHNE SCHRECKEN<\/strong><br \/>\n<img loading=\"lazy\" decoding=\"async\" src=\"https:\/\/windpilot.com\/blog\/wp-content\/uploads\/2020\/07\/26_10_orig.jpg\" alt=\"\" width=\"1067\" height=\"800\" class=\"aligncenter size-full wp-image-22892\" srcset=\"https:\/\/windpilot.com\/blog\/wp-content\/uploads\/2020\/07\/26_10_orig.jpg 1067w, https:\/\/windpilot.com\/blog\/wp-content\/uploads\/2020\/07\/26_10_orig-300x225.jpg 300w, https:\/\/windpilot.com\/blog\/wp-content\/uploads\/2020\/07\/26_10_orig-1024x768.jpg 1024w, https:\/\/windpilot.com\/blog\/wp-content\/uploads\/2020\/07\/26_10_orig-768x576.jpg 768w\" sizes=\"auto, (max-width: 1067px) 100vw, 1067px\" \/>Mit einem Beinbruch fing alles an, aber dabei ist es nicht geblieben. Still und heimlich, und von langsamer Hand hat sich ein stilles Band ergeben, das ein paar Seelen fortan verband.<br \/>\n<img loading=\"lazy\" decoding=\"async\" src=\"https:\/\/windpilot.com\/blog\/wp-content\/uploads\/2020\/07\/Freihait.jpg\" alt=\"\" width=\"1468\" height=\"1106\" class=\"aligncenter size-full wp-image-22894\" srcset=\"https:\/\/windpilot.com\/blog\/wp-content\/uploads\/2020\/07\/Freihait.jpg 1468w, https:\/\/windpilot.com\/blog\/wp-content\/uploads\/2020\/07\/Freihait-300x226.jpg 300w, https:\/\/windpilot.com\/blog\/wp-content\/uploads\/2020\/07\/Freihait-1024x771.jpg 1024w, https:\/\/windpilot.com\/blog\/wp-content\/uploads\/2020\/07\/Freihait-768x579.jpg 768w\" sizes=\"auto, (max-width: 1468px) 100vw, 1468px\" \/><br \/>\nEs sind diese Zusammenh\u00e4nge, die mir \u00dcberg\u00e4nge zu Menschen gleicher Wellenl\u00e4nge verschaffen, Seelenverwandte, die aus Bekannten Freunde machen, auch wenn man sie weder mit H\u00e4nden noch den Augen je hat anfassen k\u00f6nnen. Mates of Soul! Das trifft den Kern. Mein Lebens Treibstoff, der meine Tage vergoldet, mir Lebensfreude garantiert, mich aufrecht erh\u00e4lt und in dunklen Tagen die Hoffnung nicht verlieren l\u00e4sst, weil ich einfach weiter nach neuen Seelen Verwandten suche und meine Hoffnung nie verliere! Nein, ich baue hier keinen Thron, ich sage, ganz ohne Hohn: es sind die Menschen, die mich interessieren, Gl\u00fcckstage f\u00fcr mich, wenn ich bemerke, dass  Sensoren stimmig, keiner grimmig, jeder ohne menschliches Gehabe einander mitzuteilen in der Lage ist, g\u00e4nzlich unverstellt Verbindung zum Gegen\u00fcber finden kann. Gl\u00fccksmomente, die meine Synapsen zum Fliegen bringen, und Gedichte rasend schnell zu verfassen, wie dieses:<\/p>\n<blockquote class=\"wp-embedded-content\" data-secret=\"RyjJT1UIAs\"><p><a href=\"https:\/\/windpilot.com\/blog\/morphy-blitz\/sv-maselle\/\">SV Maselle<\/a><\/p><\/blockquote>\n<p><iframe loading=\"lazy\" class=\"wp-embedded-content\" sandbox=\"allow-scripts\" security=\"restricted\" style=\"position: absolute; clip: rect(1px, 1px, 1px, 1px);\" title=\"&#8222;SV Maselle&#8220; &#8212; Windpilot Blog\" src=\"https:\/\/windpilot.com\/blog\/morphy-blitz\/sv-maselle\/embed\/#?secret=HRF0GC4m1g#?secret=RyjJT1UIAs\" data-secret=\"RyjJT1UIAs\" width=\"600\" height=\"338\" frameborder=\"0\" marginwidth=\"0\" marginheight=\"0\" scrolling=\"no\"><\/iframe><\/p>\n<p><img loading=\"lazy\" decoding=\"async\" src=\"https:\/\/windpilot.com\/blog\/wp-content\/uploads\/2020\/07\/Lucky-Strike-2.jpeg\" alt=\"\" width=\"1280\" height=\"960\" class=\"aligncenter size-full wp-image-22895\" srcset=\"https:\/\/windpilot.com\/blog\/wp-content\/uploads\/2020\/07\/Lucky-Strike-2.jpeg 1280w, https:\/\/windpilot.com\/blog\/wp-content\/uploads\/2020\/07\/Lucky-Strike-2-300x225.jpeg 300w, https:\/\/windpilot.com\/blog\/wp-content\/uploads\/2020\/07\/Lucky-Strike-2-1024x768.jpeg 1024w, https:\/\/windpilot.com\/blog\/wp-content\/uploads\/2020\/07\/Lucky-Strike-2-768x576.jpeg 768w\" sizes=\"auto, (max-width: 1280px) 100vw, 1280px\" \/>Ich begleite Gabrielle und Thomas mit Freuden, erlebe mit angehaltenem Atem kleine Niederlagen, und erkenne, dass sich hier zwei Menschen zu einem gemeinsamen Weg entschlossen haben, der durch Nichts in der Welt zu trennen ist. Ein Lebensansatz, der dem meinem entspricht, und vielleicht das Geheimnis stillen Verstehens, weil erkennbar f\u00fcr uns alle vier \u2013 meine Frau ist mit im Boot! &#8211; der Grundsatz gilt: nur in Harmonie zu Zweit, gegenseitigem Verstehen und Respekt, ist ein Leben zu bestehen, insbesondere in einer Zeit, in der wir alle von Feinden umzingelt sind.<\/p>\n<blockquote class=\"wp-embedded-content\" data-secret=\"xoKe7Eu2Ie\"><p><a href=\"https:\/\/windpilot.com\/blog\/blog\/blogs\/sv-maselle-gabrielle-heggli-thomas-guerra-ch\/\">SV Maselle Gabrielle Heggli + Thomas Guerra CH<\/a><\/p><\/blockquote>\n<p><iframe loading=\"lazy\" class=\"wp-embedded-content\" sandbox=\"allow-scripts\" security=\"restricted\" style=\"position: absolute; clip: rect(1px, 1px, 1px, 1px);\" title=\"&#8222;SV Maselle Gabrielle Heggli + Thomas Guerra CH&#8220; &#8212; Windpilot Blog\" src=\"https:\/\/windpilot.com\/blog\/blog\/blogs\/sv-maselle-gabrielle-heggli-thomas-guerra-ch\/embed\/#?secret=UUZttD7Ix8#?secret=xoKe7Eu2Ie\" data-secret=\"xoKe7Eu2Ie\" width=\"600\" height=\"338\" frameborder=\"0\" marginwidth=\"0\" marginheight=\"0\" scrolling=\"no\"><\/iframe><\/p>\n<blockquote class=\"wp-embedded-content\" data-secret=\"s0L2ZRIHcd\"><p><a href=\"https:\/\/windpilot.com\/blog\/blog\/blogs\/sv-maselle-gabrielle-heggli-thomas-guerra-ch-2\/\">SV Maselle \u2013 Gabrielle Heggli + Thomas Guerra CH<\/a><\/p><\/blockquote>\n<p><iframe loading=\"lazy\" class=\"wp-embedded-content\" sandbox=\"allow-scripts\" security=\"restricted\" style=\"position: absolute; clip: rect(1px, 1px, 1px, 1px);\" title=\"&#8222;SV Maselle \u2013 Gabrielle Heggli + Thomas Guerra CH&#8220; &#8212; Windpilot Blog\" src=\"https:\/\/windpilot.com\/blog\/blog\/blogs\/sv-maselle-gabrielle-heggli-thomas-guerra-ch-2\/embed\/#?secret=YuYoxgx7aa#?secret=s0L2ZRIHcd\" data-secret=\"s0L2ZRIHcd\" width=\"600\" height=\"338\" frameborder=\"0\" marginwidth=\"0\" marginheight=\"0\" scrolling=\"no\"><\/iframe><\/p>\n<p>Ich habe die beiden seit zwei Jahren begleitet, berichtet und teilgenommen. Die Corona Einschnitte haben in das Leben von Gabrielle und Thomas einen tiefen Schnitt gemacht, der sie hat Konsequenzen ziehen lassen, die sie mit eigenen Worten als <a href=\"https:\/\/maselle.weebly.com\">Ende ohne Schrecken<\/a> beschreiben. F\u00fcr mich Ausdruck von Resilienz, die bei Umbr\u00fcchen jeder Art die Lebensfreude erhalten hilft \u2013 die auch mein st\u00e4ndiger Lebensbegleiter ist.<\/p>\n<p>Alles Gute Ihr Zwei!<\/p>\n<p>12.07.2020<br \/>\nPeter Foerthmann<br \/>\n<img loading=\"lazy\" decoding=\"async\" src=\"https:\/\/windpilot.com\/blog\/wp-content\/uploads\/2020\/07\/A.-Peter-Lions-150x150.jpg\" alt=\"\" width=\"150\" height=\"150\" class=\"alignleft size-thumbnail wp-image-22854\" srcset=\"https:\/\/windpilot.com\/blog\/wp-content\/uploads\/2020\/07\/A.-Peter-Lions-150x150.jpg 150w, https:\/\/windpilot.com\/blog\/wp-content\/uploads\/2020\/07\/A.-Peter-Lions-300x300.jpg 300w, https:\/\/windpilot.com\/blog\/wp-content\/uploads\/2020\/07\/A.-Peter-Lions-1024x1020.jpg 1024w, https:\/\/windpilot.com\/blog\/wp-content\/uploads\/2020\/07\/A.-Peter-Lions-768x765.jpg 768w, https:\/\/windpilot.com\/blog\/wp-content\/uploads\/2020\/07\/A.-Peter-Lions-1536x1531.jpg 1536w, https:\/\/windpilot.com\/blog\/wp-content\/uploads\/2020\/07\/A.-Peter-Lions.jpg 1700w\" sizes=\"auto, (max-width: 150px) 100vw, 150px\" \/><\/p>\n","protected":false},"excerpt":{"rendered":"<p>EIN ENDE OHNE SCHRECKEN Mit einem Beinbruch fing alles an, aber dabei ist es nicht geblieben. Still und heimlich, und von langsamer Hand hat sich ein stilles Band ergeben, das ein paar Seelen fortan verband. Es sind diese Zusammenh\u00e4nge, die &hellip; <a href=\"https:\/\/windpilot.com\/blog\/morphy-blitz\/maselle-corona\/\">Weiterlesen <span class=\"meta-nav\">&rarr;<\/span><\/a><\/p>\n","protected":false},"author":1,"featured_media":0,"parent":10453,"menu_order":-7,"comment_status":"closed","ping_status":"closed","template":"","meta":{"footnotes":""},"class_list":["post-22905","page","type-page","status-publish","hentry"],"_links":{"self":[{"href":"https:\/\/windpilot.com\/blog\/wp-json\/wp\/v2\/pages\/22905","targetHints":{"allow":["GET"]}}],"collection":[{"href":"https:\/\/windpilot.com\/blog\/wp-json\/wp\/v2\/pages"}],"about":[{"href":"https:\/\/windpilot.com\/blog\/wp-json\/wp\/v2\/types\/page"}],"author":[{"embeddable":true,"href":"https:\/\/windpilot.com\/blog\/wp-json\/wp\/v2\/users\/1"}],"replies":[{"embeddable":true,"href":"https:\/\/windpilot.com\/blog\/wp-json\/wp\/v2\/comments?post=22905"}],"version-history":[{"count":3,"href":"https:\/\/windpilot.com\/blog\/wp-json\/wp\/v2\/pages\/22905\/revisions"}],"predecessor-version":[{"id":27188,"href":"https:\/\/windpilot.com\/blog\/wp-json\/wp\/v2\/pages\/22905\/revisions\/27188"}],"up":[{"embeddable":true,"href":"https:\/\/windpilot.com\/blog\/wp-json\/wp\/v2\/pages\/10453"}],"wp:attachment":[{"href":"https:\/\/windpilot.com\/blog\/wp-json\/wp\/v2\/media?parent=22905"}],"curies":[{"name":"wp","href":"https:\/\/api.w.org\/{rel}","templated":true}]}}