{"id":23066,"date":"2020-07-22T04:04:12","date_gmt":"2020-07-22T11:04:12","guid":{"rendered":"https:\/\/windpilot.com\/blog\/?page_id=23066"},"modified":"2020-07-22T11:46:43","modified_gmt":"2020-07-22T18:46:43","slug":"fressreihenfolge","status":"publish","type":"page","link":"https:\/\/windpilot.com\/blog\/golden-globe-race\/die-segler\/tapio-lehtinen-2\/fressreihenfolge\/","title":{"rendered":"Fressreihenfolge"},"content":{"rendered":"<p><strong>FRESSREIHENFOLGE &#8211; FEINDE<\/strong><br \/>\n<div id=\"attachment_23068\" style=\"width: 2058px\" class=\"wp-caption aligncenter\"><img loading=\"lazy\" decoding=\"async\" aria-describedby=\"caption-attachment-23068\" src=\"https:\/\/windpilot.com\/blog\/wp-content\/uploads\/2020\/07\/IMG_6433.jpg\" alt=\"\" width=\"2048\" height=\"1536\" class=\"size-full wp-image-23068\" srcset=\"https:\/\/windpilot.com\/blog\/wp-content\/uploads\/2020\/07\/IMG_6433.jpg 2048w, https:\/\/windpilot.com\/blog\/wp-content\/uploads\/2020\/07\/IMG_6433-300x225.jpg 300w, https:\/\/windpilot.com\/blog\/wp-content\/uploads\/2020\/07\/IMG_6433-1024x768.jpg 1024w, https:\/\/windpilot.com\/blog\/wp-content\/uploads\/2020\/07\/IMG_6433-768x576.jpg 768w, https:\/\/windpilot.com\/blog\/wp-content\/uploads\/2020\/07\/IMG_6433-1536x1152.jpg 1536w\" sizes=\"auto, (max-width: 2048px) 100vw, 2048px\" \/><p id=\"caption-attachment-23068\" class=\"wp-caption-text\">credit: Tapio Lehtinen<\/p><\/div>Warum nur hat Tapio so lange gebraucht, um ein blitzschnelles S&#038;S 36 Schiff um den Globus zu segeln? Das Problem war schnell umkreist, die Antifouling Anstrich war fehlerhaft, bzw. f\u00fcr die Reise durch unterschiedliche Klimazonen verschiedener Breitengrade, erkennbar nicht geeignet. Die Asteria wurde stetig langsamer, nach Rundung von S\u00fcdafrika kam sie nur noch im Schneckengang voran und erreichte Hobart Tasmanien mit grossem Abstand als letztes Schiff der GGR Flotte.<br \/>\n<div id=\"attachment_23069\" style=\"width: 2058px\" class=\"wp-caption aligncenter\"><img loading=\"lazy\" decoding=\"async\" aria-describedby=\"caption-attachment-23069\" src=\"https:\/\/windpilot.com\/blog\/wp-content\/uploads\/2020\/07\/IMG_6429.jpg\" alt=\"\" width=\"2048\" height=\"1536\" class=\"size-full wp-image-23069\" srcset=\"https:\/\/windpilot.com\/blog\/wp-content\/uploads\/2020\/07\/IMG_6429.jpg 2048w, https:\/\/windpilot.com\/blog\/wp-content\/uploads\/2020\/07\/IMG_6429-300x225.jpg 300w, https:\/\/windpilot.com\/blog\/wp-content\/uploads\/2020\/07\/IMG_6429-1024x768.jpg 1024w, https:\/\/windpilot.com\/blog\/wp-content\/uploads\/2020\/07\/IMG_6429-768x576.jpg 768w, https:\/\/windpilot.com\/blog\/wp-content\/uploads\/2020\/07\/IMG_6429-1536x1152.jpg 1536w\" sizes=\"auto, (max-width: 2048px) 100vw, 2048px\" \/><p id=\"caption-attachment-23069\" class=\"wp-caption-text\">credit Tapio Lehtinen<\/p><\/div>Dort erfuhr Tapio  von Don McIntyre, dass er beim Zwischenstopp \u2013 einige Stunden an der Mooring Tonne \u2013 keinesfalls einen Tauchgang machen d\u00fcrfe, um sein Schiff von der Last zu befreien. Doppelstrafe, weil andere GGR Segler von den Beh\u00f6rden vermutlich unbemerkt, ihren Bewuchs dort haben entfernen k\u00f6nnen. Susie und Istvan haben den Job in einer stillen Nebenbucht hinter sich gebracht. Nur Tapio hat die Z\u00e4hne zusammenbeissen und seine Reise in Zeitlupentempo fortgef\u00fchen m\u00fcssen. Die Fotos nach der Ankunft im Zielhafen gingen um die Welt, die Asteria hatte ungeheure Mengen an Fischfutter gesammelt und um den Globus transportiert.<br \/>\n<img loading=\"lazy\" decoding=\"async\" src=\"https:\/\/windpilot.com\/blog\/wp-content\/uploads\/2020\/07\/IMG_6431.jpg\" alt=\"\" width=\"2048\" height=\"1536\" class=\"aligncenter size-full wp-image-23070\" srcset=\"https:\/\/windpilot.com\/blog\/wp-content\/uploads\/2020\/07\/IMG_6431.jpg 2048w, https:\/\/windpilot.com\/blog\/wp-content\/uploads\/2020\/07\/IMG_6431-300x225.jpg 300w, https:\/\/windpilot.com\/blog\/wp-content\/uploads\/2020\/07\/IMG_6431-1024x768.jpg 1024w, https:\/\/windpilot.com\/blog\/wp-content\/uploads\/2020\/07\/IMG_6431-768x576.jpg 768w, https:\/\/windpilot.com\/blog\/wp-content\/uploads\/2020\/07\/IMG_6431-1536x1152.jpg 1536w\" sizes=\"auto, (max-width: 2048px) 100vw, 2048px\" \/>In den Segelforen wurde die Frage gestellt, warum Tapio denn nicht an einem ruhigen Tag auf dem Pacific mit Schnorchel und scharfem Werkzeug den Bewuchs entfernt habe.<br \/>\n<div id=\"attachment_23071\" style=\"width: 2058px\" class=\"wp-caption aligncenter\"><img loading=\"lazy\" decoding=\"async\" aria-describedby=\"caption-attachment-23071\" src=\"https:\/\/windpilot.com\/blog\/wp-content\/uploads\/2020\/07\/IMG_6435.jpg\" alt=\"\" width=\"2048\" height=\"1536\" class=\"size-full wp-image-23071\" srcset=\"https:\/\/windpilot.com\/blog\/wp-content\/uploads\/2020\/07\/IMG_6435.jpg 2048w, https:\/\/windpilot.com\/blog\/wp-content\/uploads\/2020\/07\/IMG_6435-300x225.jpg 300w, https:\/\/windpilot.com\/blog\/wp-content\/uploads\/2020\/07\/IMG_6435-1024x768.jpg 1024w, https:\/\/windpilot.com\/blog\/wp-content\/uploads\/2020\/07\/IMG_6435-768x576.jpg 768w, https:\/\/windpilot.com\/blog\/wp-content\/uploads\/2020\/07\/IMG_6435-1536x1152.jpg 1536w\" sizes=\"auto, (max-width: 2048px) 100vw, 2048px\" \/><p id=\"caption-attachment-23071\" class=\"wp-caption-text\">credit Tapio Lehtinen<\/p><\/div>Die hier gezeigten Fotos \u2013 auf einem Video von Tapio zu sehen \u2013 lassen erkennen, dass auch der Skipper dort in den Fokus von Fressfeinden gekommen w\u00e4re. Der Grund f\u00fcr seinen Entschluss, nicht noch einmal unters Schiff zu tauchen.<\/p>\n","protected":false},"excerpt":{"rendered":"<p>FRESSREIHENFOLGE &#8211; FEINDE Warum nur hat Tapio so lange gebraucht, um ein blitzschnelles S&#038;S 36 Schiff um den Globus zu segeln? Das Problem war schnell umkreist, die Antifouling Anstrich war fehlerhaft, bzw. f\u00fcr die Reise durch unterschiedliche Klimazonen verschiedener Breitengrade, &hellip; <a href=\"https:\/\/windpilot.com\/blog\/golden-globe-race\/die-segler\/tapio-lehtinen-2\/fressreihenfolge\/\">Weiterlesen <span class=\"meta-nav\">&rarr;<\/span><\/a><\/p>\n","protected":false},"author":1,"featured_media":0,"parent":19610,"menu_order":5,"comment_status":"open","ping_status":"closed","template":"","meta":{"footnotes":""},"class_list":["post-23066","page","type-page","status-publish","hentry"],"_links":{"self":[{"href":"https:\/\/windpilot.com\/blog\/wp-json\/wp\/v2\/pages\/23066","targetHints":{"allow":["GET"]}}],"collection":[{"href":"https:\/\/windpilot.com\/blog\/wp-json\/wp\/v2\/pages"}],"about":[{"href":"https:\/\/windpilot.com\/blog\/wp-json\/wp\/v2\/types\/page"}],"author":[{"embeddable":true,"href":"https:\/\/windpilot.com\/blog\/wp-json\/wp\/v2\/users\/1"}],"replies":[{"embeddable":true,"href":"https:\/\/windpilot.com\/blog\/wp-json\/wp\/v2\/comments?post=23066"}],"version-history":[{"count":4,"href":"https:\/\/windpilot.com\/blog\/wp-json\/wp\/v2\/pages\/23066\/revisions"}],"predecessor-version":[{"id":23091,"href":"https:\/\/windpilot.com\/blog\/wp-json\/wp\/v2\/pages\/23066\/revisions\/23091"}],"up":[{"embeddable":true,"href":"https:\/\/windpilot.com\/blog\/wp-json\/wp\/v2\/pages\/19610"}],"wp:attachment":[{"href":"https:\/\/windpilot.com\/blog\/wp-json\/wp\/v2\/media?parent=23066"}],"curies":[{"name":"wp","href":"https:\/\/api.w.org\/{rel}","templated":true}]}}