{"id":23161,"date":"2020-08-05T04:45:22","date_gmt":"2020-08-05T11:45:22","guid":{"rendered":"https:\/\/windpilot.com\/blog\/?page_id=23161"},"modified":"2020-08-06T03:57:38","modified_gmt":"2020-08-06T10:57:38","slug":"sv-stravanza","status":"publish","type":"page","link":"https:\/\/windpilot.com\/blog\/morphy-blitz\/sv-stravanza\/","title":{"rendered":"SV Stravanza"},"content":{"rendered":"<p><strong>WINDPILOT STATT JUWELEN<\/strong><br \/>\n<img loading=\"lazy\" decoding=\"async\" src=\"https:\/\/windpilot.com\/blog\/wp-content\/uploads\/2020\/08\/SV-Stravanza-scaled.jpg\" alt=\"\" width=\"2560\" height=\"1216\" class=\"aligncenter size-full wp-image-23163\" srcset=\"https:\/\/windpilot.com\/blog\/wp-content\/uploads\/2020\/08\/SV-Stravanza-scaled.jpg 2560w, https:\/\/windpilot.com\/blog\/wp-content\/uploads\/2020\/08\/SV-Stravanza-300x143.jpg 300w, https:\/\/windpilot.com\/blog\/wp-content\/uploads\/2020\/08\/SV-Stravanza-1024x487.jpg 1024w, https:\/\/windpilot.com\/blog\/wp-content\/uploads\/2020\/08\/SV-Stravanza-768x365.jpg 768w, https:\/\/windpilot.com\/blog\/wp-content\/uploads\/2020\/08\/SV-Stravanza-1536x730.jpg 1536w, https:\/\/windpilot.com\/blog\/wp-content\/uploads\/2020\/08\/SV-Stravanza-2048x973.jpg 2048w\" sizes=\"auto, (max-width: 2560px) 100vw, 2560px\" \/>Mann und Frau als Parit\u00e4t sind an Bord einer Segelyacht das Idealgespann, auch wenn hier und dort M\u00e4nner zu glauben scheinen, dass sie als Einhandsegler Tausendsassa alles um so vieles besser k\u00f6nnen. Bei mir geht\u2019s anders herum, denn ich pflege die Dame an meiner Lebensseite gern als meine feminine Regierungszentrale zu bezeichnen, der ich devot und willig folge, solange hier und dort Demarkationslinien beachtet und bedacht, keiner von Beiden Unsinn macht. Eine ausgewogene Balance in einer Partnerschaft erscheint mir als W\u00fcrze und Humus, auf dem zwei Seelen wundervoll wachsen und gedeihen k\u00f6nnen. Jeder strebt danach, kaum einer findet den Blauen Enzian, den oder die wirklich Auserw\u00e4hlte, mit dem man durch Dick und D\u00fcnn, sich auch auf See nicht in die Hose macht, an die Pl\u00fcnnen oder auf die Nerven geht. Idealerweise findet Leben in Zweisamkeit stets auf einem fliegenden Teppich statt, ohne von selbigem runter zu fliegen.<br \/>\n<img loading=\"lazy\" decoding=\"async\" src=\"https:\/\/windpilot.com\/blog\/wp-content\/uploads\/2020\/08\/20200615_195505.jpeg\" alt=\"\" width=\"1280\" height=\"606\" class=\"aligncenter size-full wp-image-23164\" srcset=\"https:\/\/windpilot.com\/blog\/wp-content\/uploads\/2020\/08\/20200615_195505.jpeg 1280w, https:\/\/windpilot.com\/blog\/wp-content\/uploads\/2020\/08\/20200615_195505-300x142.jpeg 300w, https:\/\/windpilot.com\/blog\/wp-content\/uploads\/2020\/08\/20200615_195505-1024x485.jpeg 1024w, https:\/\/windpilot.com\/blog\/wp-content\/uploads\/2020\/08\/20200615_195505-768x364.jpeg 768w\" sizes=\"auto, (max-width: 1280px) 100vw, 1280px\" \/>Es ist mir eine besondere Freude, rund um den Globus Menschen durchs Lebenssieb zu r\u00fchren, die aus \u00e4hnlichem Gedankenholz geschnitzt, die f\u00fcr sich ebenfalls entdeckt, wie der Hase am besten l\u00e4uft und dabei entdeckt, dass ein Leben in Harmonie und gegenseitiger Erg\u00e4nzung zum Idealrezept f\u00fcr ein Hochgeschwindigkeitsleben taugt. Denn dann saust Zeit besonders nett, kaum dass man viel Zeit im Bett oder Koje verbringen wollte, weil man kaum in Ruhe Luft holen k\u00f6nnte. Lebensuhren beginnen zu rennen, wenn man, anstatt zu k\u00e4mpfen, gemeinsam mit Fl\u00fcgeln oder Teppichen unterwegs.<\/p>\n<p>Also lieber noch schnell eine weitere Weltumsegelung, oder zumindest eine Reise hinter den Horizont, bevor uns auch noch das Wasser vergiftet wird, Vorsicht Joke! <\/p>\n<p><img loading=\"lazy\" decoding=\"async\" src=\"https:\/\/windpilot.com\/blog\/wp-content\/uploads\/2020\/08\/Eisenbahn-Achterdeck.jpg\" alt=\"\" width=\"835\" height=\"573\" class=\"aligncenter size-full wp-image-23166\" srcset=\"https:\/\/windpilot.com\/blog\/wp-content\/uploads\/2020\/08\/Eisenbahn-Achterdeck.jpg 835w, https:\/\/windpilot.com\/blog\/wp-content\/uploads\/2020\/08\/Eisenbahn-Achterdeck-300x206.jpg 300w, https:\/\/windpilot.com\/blog\/wp-content\/uploads\/2020\/08\/Eisenbahn-Achterdeck-768x527.jpg 768w\" sizes=\"auto, (max-width: 835px) 100vw, 835px\" \/>Ingrid und Robert, obgleich im Gebirge zuhause, haben lange Zeiten ihres Lebens auf See zugebracht, sogar ihrer Tochter Anna in jungen Jahren die ganze Welt gezeigt, ohne dass die sich dagegen h\u00e4tte zur Wehr setzen k\u00f6nnen, okay Joke! Wenn Vater und Mutter sich einig sind, ihrem Kind auch auf See alle Liebe und Aufmerksamkeit zuteil werden zu lassen \u2026 ist das das Kochrezept f\u00fcr ein solides Lebensfundament, den eigenen Kindern Lebenswillen zu implementieren \u2026 ohne sich zu zieren. Vermutlich gibt es auf See wenige Eltern, die ihren Kindern sogar eine Spielzeugeisenbahn auf dem Achterdeck aufgebaut haben, ein Bild, das mir kleben geblieben ist. Die bezaubernde Frage der kleinen Anna an Fremde stets: &#8222;von welcher Insel kommst Du?&#8220; Ein Kind im Gl\u00fcck, das in der eigenen Mitte lebt.<br \/>\n<img loading=\"lazy\" decoding=\"async\" src=\"https:\/\/windpilot.com\/blog\/wp-content\/uploads\/2020\/08\/Idemo-Robbe-und-Girl-Kopie-scaled.jpg\" alt=\"\" width=\"2560\" height=\"1785\" class=\"aligncenter size-full wp-image-23167\" srcset=\"https:\/\/windpilot.com\/blog\/wp-content\/uploads\/2020\/08\/Idemo-Robbe-und-Girl-Kopie-scaled.jpg 2560w, https:\/\/windpilot.com\/blog\/wp-content\/uploads\/2020\/08\/Idemo-Robbe-und-Girl-Kopie-300x209.jpg 300w, https:\/\/windpilot.com\/blog\/wp-content\/uploads\/2020\/08\/Idemo-Robbe-und-Girl-Kopie-1024x714.jpg 1024w, https:\/\/windpilot.com\/blog\/wp-content\/uploads\/2020\/08\/Idemo-Robbe-und-Girl-Kopie-768x536.jpg 768w, https:\/\/windpilot.com\/blog\/wp-content\/uploads\/2020\/08\/Idemo-Robbe-und-Girl-Kopie-1536x1071.jpg 1536w, https:\/\/windpilot.com\/blog\/wp-content\/uploads\/2020\/08\/Idemo-Robbe-und-Girl-Kopie-2048x1428.jpg 2048w\" sizes=\"auto, (max-width: 2560px) 100vw, 2560px\" \/>Die Idemo, eine schwergewichtige Motiva 42 wurde am Ende der Rundreise verkauft. F\u00fcr Menschen mit Salzwasser in den Adern, wird das Leben nach der L\u00e4nge der Segelpausen gemessen. Jedenfalls erreichte mich im Dezember 2019 mein besonderes Weihnachtsgeschenk, die Aussicht auf ein grossartiges Geschenk, denn immerhin gibt es wenige Segler, die in ihrem Leben zweimal bei mir an der Ladenkasse klingeln, weil sie meist mit einmal lebenslang bedient \u2026<br \/>\n<img loading=\"lazy\" decoding=\"async\" src=\"https:\/\/windpilot.com\/blog\/wp-content\/uploads\/2020\/08\/IdemoHeck-Kopie.jpeg\" alt=\"\" width=\"1280\" height=\"855\" class=\"aligncenter size-full wp-image-23168\" srcset=\"https:\/\/windpilot.com\/blog\/wp-content\/uploads\/2020\/08\/IdemoHeck-Kopie.jpeg 1280w, https:\/\/windpilot.com\/blog\/wp-content\/uploads\/2020\/08\/IdemoHeck-Kopie-300x200.jpeg 300w, https:\/\/windpilot.com\/blog\/wp-content\/uploads\/2020\/08\/IdemoHeck-Kopie-1024x684.jpeg 1024w, https:\/\/windpilot.com\/blog\/wp-content\/uploads\/2020\/08\/IdemoHeck-Kopie-768x513.jpeg 768w\" sizes=\"auto, (max-width: 1280px) 100vw, 1280px\" \/><\/p>\n<blockquote><p>Lieber Peter,<br \/>\nDer Rolls-Royce unter den Windfahnen.<br \/>\n30 000 Seemeilen, einmal rund um die Welt, sind wir mit Deiner Pacific Plus am Heck unserer Motiva 42 gesegelt. Segel rauf \u2013 Windpilot rein, tausende Male haben wir das so gemacht und wurden so unter allen Bedingungen sicher und best\u00e4ndig rund um den Globus gesteuert. Neben den vielen rationalen Vorteilen einer Windfahnensteuerung erscheint es uns nur logisch, dass ein Segelboot von der Kraft des Windes und des Wasser gesteuert wird und die Windpilot hat das perfekt erledigt.<\/p>\n<p>Nach einigen Jahren an Land, unsere Tochter ist erwachsen und strebt eigenen Abenteuern entgegen, soll es wieder los gehen und nat\u00fcrlich wieder mit einer Windpilot am Heck unserer Stravanza. Und ganz ehrlich, ohne Windfahnensteuerung auf der Badeplattform schaut die Ovni 435 ziemlich nackt aus \ud83d\ude42<\/p><\/blockquote>\n<p>Kurz und gut, nach hunderten Ovni, die ich bereits ausger\u00fcstet hatte, habe ich den Zusammenbau einer Pacific mit geschlossenen Augen erledigt, sie wurde wenige Tage sp\u00e4ter in Lagos \/ Portugal montiert.<\/p>\n<p>Vermutlich die erste Windpilot Anlage, die sich ein Seglerpaar zur Silberhochzeit gegenseitig als Juwelen Geschenk um den Hals geh\u00e4ngt haben. Man darf nur um Ausreden nicht verlegen sein, und grinst, wenn man sein Spiegelbild \u00fcberzeugen will.<\/p>\n<p><img loading=\"lazy\" decoding=\"async\" src=\"https:\/\/windpilot.com\/blog\/wp-content\/uploads\/2020\/08\/DSCF4812.jpeg\" alt=\"\" width=\"1280\" height=\"851\" class=\"aligncenter size-full wp-image-23165\" srcset=\"https:\/\/windpilot.com\/blog\/wp-content\/uploads\/2020\/08\/DSCF4812.jpeg 1280w, https:\/\/windpilot.com\/blog\/wp-content\/uploads\/2020\/08\/DSCF4812-300x199.jpeg 300w, https:\/\/windpilot.com\/blog\/wp-content\/uploads\/2020\/08\/DSCF4812-1024x681.jpeg 1024w, https:\/\/windpilot.com\/blog\/wp-content\/uploads\/2020\/08\/DSCF4812-768x511.jpeg 768w\" sizes=\"auto, (max-width: 1280px) 100vw, 1280px\" \/>Korrekt montiert, die Bindeb\u00e4nder zur Radsteueranlage vern\u00fcnftig arrangiert, Seewassertest positiv paradiert, gab es am Ende nur freundliche Gesichter, weil es endlich endlich Richtung Horizont gehen kann, mit oder mit ohne G\u00e4sten, die an Bord der Stravanza, einer \u00fcberaus temperamentvollen Skipperin zur Gastgeberin h\u00e4tten, die sogar ihren Kerl ans Ruder l\u00e4sst, wenn nicht gerade der neue Steuersklave steuert und \/ oder den Kahn auf den Strand rauff\u00e4hrt<br \/>\n<img loading=\"lazy\" decoding=\"async\" src=\"https:\/\/windpilot.com\/blog\/wp-content\/uploads\/2020\/08\/WhatsApp-Image-2020-08-05-at-16.10.44.jpeg\" alt=\"\" width=\"1600\" height=\"1200\" class=\"aligncenter size-full wp-image-23178\" srcset=\"https:\/\/windpilot.com\/blog\/wp-content\/uploads\/2020\/08\/WhatsApp-Image-2020-08-05-at-16.10.44.jpeg 1600w, https:\/\/windpilot.com\/blog\/wp-content\/uploads\/2020\/08\/WhatsApp-Image-2020-08-05-at-16.10.44-300x225.jpeg 300w, https:\/\/windpilot.com\/blog\/wp-content\/uploads\/2020\/08\/WhatsApp-Image-2020-08-05-at-16.10.44-1024x768.jpeg 1024w, https:\/\/windpilot.com\/blog\/wp-content\/uploads\/2020\/08\/WhatsApp-Image-2020-08-05-at-16.10.44-768x576.jpeg 768w, https:\/\/windpilot.com\/blog\/wp-content\/uploads\/2020\/08\/WhatsApp-Image-2020-08-05-at-16.10.44-1536x1152.jpeg 1536w\" sizes=\"auto, (max-width: 1600px) 100vw, 1600px\" \/><br \/>\n\u2026 was, wie man sieht, mit diesen Schiffen durchaus geht, weil sie ihr Blei dezent versteckt unter dem Rock oder der Hose tragen und somit sogar in Badewannen schwimmen k\u00f6nnten.<\/p>\n<p><iframe loading=\"lazy\" title=\"vimeo-player\" src=\"https:\/\/player.vimeo.com\/video\/224822076\" width=\"640\" height=\"360\" frameborder=\"0\" allowfullscreen><\/iframe><\/p>\n<p><a href=\"https:\/\/www.stravanza.at\">WEITERLESEN<\/a><\/p>\n<p>Handbreit unterm Blech, das w\u00e4re hier mein Sprech\u00b4<\/p>\n<p>Allerbest Euch Beiden<br \/>\nPeter<\/p>\n","protected":false},"excerpt":{"rendered":"<p>WINDPILOT STATT JUWELEN Mann und Frau als Parit\u00e4t sind an Bord einer Segelyacht das Idealgespann, auch wenn hier und dort M\u00e4nner zu glauben scheinen, dass sie als Einhandsegler Tausendsassa alles um so vieles besser k\u00f6nnen. Bei mir geht\u2019s anders herum, &hellip; <a href=\"https:\/\/windpilot.com\/blog\/morphy-blitz\/sv-stravanza\/\">Weiterlesen <span class=\"meta-nav\">&rarr;<\/span><\/a><\/p>\n","protected":false},"author":1,"featured_media":0,"parent":10453,"menu_order":-12,"comment_status":"open","ping_status":"closed","template":"","meta":{"footnotes":""},"class_list":["post-23161","page","type-page","status-publish","hentry"],"_links":{"self":[{"href":"https:\/\/windpilot.com\/blog\/wp-json\/wp\/v2\/pages\/23161","targetHints":{"allow":["GET"]}}],"collection":[{"href":"https:\/\/windpilot.com\/blog\/wp-json\/wp\/v2\/pages"}],"about":[{"href":"https:\/\/windpilot.com\/blog\/wp-json\/wp\/v2\/types\/page"}],"author":[{"embeddable":true,"href":"https:\/\/windpilot.com\/blog\/wp-json\/wp\/v2\/users\/1"}],"replies":[{"embeddable":true,"href":"https:\/\/windpilot.com\/blog\/wp-json\/wp\/v2\/comments?post=23161"}],"version-history":[{"count":9,"href":"https:\/\/windpilot.com\/blog\/wp-json\/wp\/v2\/pages\/23161\/revisions"}],"predecessor-version":[{"id":23179,"href":"https:\/\/windpilot.com\/blog\/wp-json\/wp\/v2\/pages\/23161\/revisions\/23179"}],"up":[{"embeddable":true,"href":"https:\/\/windpilot.com\/blog\/wp-json\/wp\/v2\/pages\/10453"}],"wp:attachment":[{"href":"https:\/\/windpilot.com\/blog\/wp-json\/wp\/v2\/media?parent=23161"}],"curies":[{"name":"wp","href":"https:\/\/api.w.org\/{rel}","templated":true}]}}