{"id":23265,"date":"2020-08-30T08:56:15","date_gmt":"2020-08-30T15:56:15","guid":{"rendered":"https:\/\/windpilot.com\/blog\/?page_id=23265"},"modified":"2024-11-25T03:37:30","modified_gmt":"2024-11-25T10:37:30","slug":"hanseat-sanierung","status":"publish","type":"page","link":"https:\/\/windpilot.com\/blog\/ausruestung\/hanseat-sanierung\/","title":{"rendered":"Hanseat Sanierung"},"content":{"rendered":"<p><strong>SCHUTZ VOR BESUCHERN IN EINSAMEN H\u00c4FEN<\/strong><br \/>\n<img loading=\"lazy\" decoding=\"async\" src=\"https:\/\/windpilot.com\/blog\/wp-content\/uploads\/2020\/08\/Windpilot-051.jpeg\" alt=\"\" width=\"1280\" height=\"881\" class=\"aligncenter size-full wp-image-23256\" srcset=\"https:\/\/windpilot.com\/blog\/wp-content\/uploads\/2020\/08\/Windpilot-051.jpeg 1280w, https:\/\/windpilot.com\/blog\/wp-content\/uploads\/2020\/08\/Windpilot-051-300x206.jpeg 300w, https:\/\/windpilot.com\/blog\/wp-content\/uploads\/2020\/08\/Windpilot-051-1024x705.jpeg 1024w, https:\/\/windpilot.com\/blog\/wp-content\/uploads\/2020\/08\/Windpilot-051-768x529.jpeg 768w\" sizes=\"auto, (max-width: 1280px) 100vw, 1280px\" \/>Beim Sortieren alter Fotos soeben entdeckt. Tatort: mein Hanseat 70 B II, den ich erheblicher Sch\u00f6nheitsoperationen unterzogen hatte, Rumpfschale komplett isoliert, unter Deck die dunkle Mahagonih\u00f6hle zu einem  zeitgem\u00e4ss hellen Schiff konvertiert, Makrolonscheiben durch gr\u00fcn get\u00f6nten Hartglasfenster ersetzt und die M\u00f6bel mit gewagten italienischen Polstern aufgebrezelt, final ein schniekes Hardtop selbst gebaut, und am Ende &#8211; damit mir keiner die Polster klaut &#8211; die Schotten mit soliden Nirostreben abgesichert, damit unwillkommener Besuch abgewehrt, jedenfalls bis der Sch\u00e4ferhund des Hafenmeisters endlich aus dem Schlaf erwacht &#8230; schlaftrunken den Steg l\u00e4ngs geirrt und final dann seinen Job gemacht.<br \/>\n<img loading=\"lazy\" decoding=\"async\" src=\"https:\/\/windpilot.com\/blog\/wp-content\/uploads\/2020\/08\/Hardtop-.jpg\" alt=\"\" width=\"2074\" height=\"1290\" class=\"aligncenter size-full wp-image-23285\" srcset=\"https:\/\/windpilot.com\/blog\/wp-content\/uploads\/2020\/08\/Hardtop-.jpg 2074w, https:\/\/windpilot.com\/blog\/wp-content\/uploads\/2020\/08\/Hardtop--300x187.jpg 300w, https:\/\/windpilot.com\/blog\/wp-content\/uploads\/2020\/08\/Hardtop--1024x637.jpg 1024w, https:\/\/windpilot.com\/blog\/wp-content\/uploads\/2020\/08\/Hardtop--768x478.jpg 768w, https:\/\/windpilot.com\/blog\/wp-content\/uploads\/2020\/08\/Hardtop--1536x955.jpg 1536w, https:\/\/windpilot.com\/blog\/wp-content\/uploads\/2020\/08\/Hardtop--2048x1274.jpg 2048w\" sizes=\"auto, (max-width: 2074px) 100vw, 2074px\" \/><img loading=\"lazy\" decoding=\"async\" src=\"https:\/\/windpilot.com\/blog\/wp-content\/uploads\/2020\/08\/Windpilot-049.jpeg\" alt=\"\" width=\"1280\" height=\"878\" class=\"aligncenter size-full wp-image-23260\" srcset=\"https:\/\/windpilot.com\/blog\/wp-content\/uploads\/2020\/08\/Windpilot-049.jpeg 1280w, https:\/\/windpilot.com\/blog\/wp-content\/uploads\/2020\/08\/Windpilot-049-300x206.jpeg 300w, https:\/\/windpilot.com\/blog\/wp-content\/uploads\/2020\/08\/Windpilot-049-1024x702.jpeg 1024w, https:\/\/windpilot.com\/blog\/wp-content\/uploads\/2020\/08\/Windpilot-049-768x527.jpeg 768w\" sizes=\"auto, (max-width: 1280px) 100vw, 1280px\" \/><img loading=\"lazy\" decoding=\"async\" src=\"https:\/\/windpilot.com\/blog\/wp-content\/uploads\/2020\/08\/Windpilot-055.jpeg\" alt=\"\" width=\"1280\" height=\"870\" class=\"aligncenter size-full wp-image-23262\" srcset=\"https:\/\/windpilot.com\/blog\/wp-content\/uploads\/2020\/08\/Windpilot-055.jpeg 1280w, https:\/\/windpilot.com\/blog\/wp-content\/uploads\/2020\/08\/Windpilot-055-300x204.jpeg 300w, https:\/\/windpilot.com\/blog\/wp-content\/uploads\/2020\/08\/Windpilot-055-1024x696.jpeg 1024w, https:\/\/windpilot.com\/blog\/wp-content\/uploads\/2020\/08\/Windpilot-055-768x522.jpeg 768w\" sizes=\"auto, (max-width: 1280px) 100vw, 1280px\" \/>Insgesamt ein Aufwand, der von blinder Liebe zu Schiffen zeugt, wie er wohl keinem zweiten Hanseaten zugemutet worden ist, sowie vermutlich der Grund, f\u00fcr rasenden Verkauf meines Schiffes zu einem Preis, wie er vermutlich seither niemals wieder f\u00fcr einen Hanseaten erzielt worden ist. Die Sanierung in Stichworten: Totalentkernung &#8211; Rumpfinnenisolierung mit Neoprenschaum, Pitchpine Schweisslatten und Deckenverkleidungen, Hartglasfenster, Schrankt\u00fcren und Schwalbennester mit Lochblechen zur L\u00fcftung ausgestattet. Ein Schiff ohne jeglichen Schweissgeruch einer Tropfsteinh\u00f6hle, wenn die Bewohner an k\u00e4lteren Tagen mit Tricks jeder Art die K\u00e4lte zu \u00fcberwinden hatten &#8230; z.B. durch Heizen.<br \/>\n<img loading=\"lazy\" decoding=\"async\" src=\"https:\/\/windpilot.com\/blog\/wp-content\/uploads\/2020\/08\/Hanseat-Einbruch.jpeg\" alt=\"\" width=\"1728\" height=\"1192\" class=\"aligncenter size-full wp-image-23252\" srcset=\"https:\/\/windpilot.com\/blog\/wp-content\/uploads\/2020\/08\/Hanseat-Einbruch.jpeg 1728w, https:\/\/windpilot.com\/blog\/wp-content\/uploads\/2020\/08\/Hanseat-Einbruch-300x207.jpeg 300w, https:\/\/windpilot.com\/blog\/wp-content\/uploads\/2020\/08\/Hanseat-Einbruch-1024x706.jpeg 1024w, https:\/\/windpilot.com\/blog\/wp-content\/uploads\/2020\/08\/Hanseat-Einbruch-768x530.jpeg 768w, https:\/\/windpilot.com\/blog\/wp-content\/uploads\/2020\/08\/Hanseat-Einbruch-1536x1060.jpeg 1536w\" sizes=\"auto, (max-width: 1728px) 100vw, 1728px\" \/><img loading=\"lazy\" decoding=\"async\" src=\"https:\/\/windpilot.com\/blog\/wp-content\/uploads\/2020\/08\/Hanseat-Einbruch-2.jpeg\" alt=\"\" width=\"1728\" height=\"1192\" class=\"aligncenter size-full wp-image-23258\" srcset=\"https:\/\/windpilot.com\/blog\/wp-content\/uploads\/2020\/08\/Hanseat-Einbruch-2.jpeg 1728w, https:\/\/windpilot.com\/blog\/wp-content\/uploads\/2020\/08\/Hanseat-Einbruch-2-300x207.jpeg 300w, https:\/\/windpilot.com\/blog\/wp-content\/uploads\/2020\/08\/Hanseat-Einbruch-2-1024x706.jpeg 1024w, https:\/\/windpilot.com\/blog\/wp-content\/uploads\/2020\/08\/Hanseat-Einbruch-2-768x530.jpeg 768w, https:\/\/windpilot.com\/blog\/wp-content\/uploads\/2020\/08\/Hanseat-Einbruch-2-1536x1060.jpeg 1536w\" sizes=\"auto, (max-width: 1728px) 100vw, 1728px\" \/><img loading=\"lazy\" decoding=\"async\" src=\"https:\/\/windpilot.com\/blog\/wp-content\/uploads\/2020\/08\/Hanseat-Einbruch-1.jpeg\" alt=\"\" width=\"1728\" height=\"1192\" class=\"aligncenter size-full wp-image-23259\" srcset=\"https:\/\/windpilot.com\/blog\/wp-content\/uploads\/2020\/08\/Hanseat-Einbruch-1.jpeg 1728w, https:\/\/windpilot.com\/blog\/wp-content\/uploads\/2020\/08\/Hanseat-Einbruch-1-300x207.jpeg 300w, https:\/\/windpilot.com\/blog\/wp-content\/uploads\/2020\/08\/Hanseat-Einbruch-1-1024x706.jpeg 1024w, https:\/\/windpilot.com\/blog\/wp-content\/uploads\/2020\/08\/Hanseat-Einbruch-1-768x530.jpeg 768w, https:\/\/windpilot.com\/blog\/wp-content\/uploads\/2020\/08\/Hanseat-Einbruch-1-1536x1060.jpeg 1536w\" sizes=\"auto, (max-width: 1728px) 100vw, 1728px\" \/><img loading=\"lazy\" decoding=\"async\" src=\"https:\/\/windpilot.com\/blog\/wp-content\/uploads\/2020\/08\/Windpilot-0012.jpg\" alt=\"\" width=\"1840\" height=\"1187\" class=\"aligncenter size-full wp-image-23263\" srcset=\"https:\/\/windpilot.com\/blog\/wp-content\/uploads\/2020\/08\/Windpilot-0012.jpg 1840w, https:\/\/windpilot.com\/blog\/wp-content\/uploads\/2020\/08\/Windpilot-0012-300x194.jpg 300w, https:\/\/windpilot.com\/blog\/wp-content\/uploads\/2020\/08\/Windpilot-0012-1024x661.jpg 1024w, https:\/\/windpilot.com\/blog\/wp-content\/uploads\/2020\/08\/Windpilot-0012-768x495.jpg 768w, https:\/\/windpilot.com\/blog\/wp-content\/uploads\/2020\/08\/Windpilot-0012-1536x991.jpg 1536w\" sizes=\"auto, (max-width: 1840px) 100vw, 1840px\" \/><\/p>\n","protected":false},"excerpt":{"rendered":"<p>SCHUTZ VOR BESUCHERN IN EINSAMEN H\u00c4FEN Beim Sortieren alter Fotos soeben entdeckt. Tatort: mein Hanseat 70 B II, den ich erheblicher Sch\u00f6nheitsoperationen unterzogen hatte, Rumpfschale komplett isoliert, unter Deck die dunkle Mahagonih\u00f6hle zu einem zeitgem\u00e4ss hellen Schiff konvertiert, Makrolonscheiben durch &hellip; <a href=\"https:\/\/windpilot.com\/blog\/ausruestung\/hanseat-sanierung\/\">Weiterlesen <span class=\"meta-nav\">&rarr;<\/span><\/a><\/p>\n","protected":false},"author":1,"featured_media":0,"parent":16900,"menu_order":-12,"comment_status":"open","ping_status":"closed","template":"","meta":{"footnotes":""},"class_list":["post-23265","page","type-page","status-publish","hentry"],"_links":{"self":[{"href":"https:\/\/windpilot.com\/blog\/wp-json\/wp\/v2\/pages\/23265","targetHints":{"allow":["GET"]}}],"collection":[{"href":"https:\/\/windpilot.com\/blog\/wp-json\/wp\/v2\/pages"}],"about":[{"href":"https:\/\/windpilot.com\/blog\/wp-json\/wp\/v2\/types\/page"}],"author":[{"embeddable":true,"href":"https:\/\/windpilot.com\/blog\/wp-json\/wp\/v2\/users\/1"}],"replies":[{"embeddable":true,"href":"https:\/\/windpilot.com\/blog\/wp-json\/wp\/v2\/comments?post=23265"}],"version-history":[{"count":6,"href":"https:\/\/windpilot.com\/blog\/wp-json\/wp\/v2\/pages\/23265\/revisions"}],"predecessor-version":[{"id":23289,"href":"https:\/\/windpilot.com\/blog\/wp-json\/wp\/v2\/pages\/23265\/revisions\/23289"}],"up":[{"embeddable":true,"href":"https:\/\/windpilot.com\/blog\/wp-json\/wp\/v2\/pages\/16900"}],"wp:attachment":[{"href":"https:\/\/windpilot.com\/blog\/wp-json\/wp\/v2\/media?parent=23265"}],"curies":[{"name":"wp","href":"https:\/\/api.w.org\/{rel}","templated":true}]}}