{"id":23356,"date":"2020-09-11T01:28:23","date_gmt":"2020-09-11T08:28:23","guid":{"rendered":"https:\/\/windpilot.com\/blog\/?page_id=23356"},"modified":"2023-02-11T21:32:01","modified_gmt":"2023-02-12T04:32:01","slug":"10-jahre-windpilot-blog","status":"publish","type":"page","link":"https:\/\/windpilot.com\/blog\/news\/10-jahre-windpilot-blog\/","title":{"rendered":"10 Jahre Blog"},"content":{"rendered":"<p><strong>INTERNET VERLEIHT FL\u00dcGEL<\/strong><br \/>\n<img loading=\"lazy\" decoding=\"async\" src=\"https:\/\/windpilot.com\/blog\/wp-content\/uploads\/2020\/09\/kolumne.jpg\" alt=\"\" width=\"1560\" height=\"1107\" class=\"aligncenter size-full wp-image-23358\" srcset=\"https:\/\/windpilot.com\/blog\/wp-content\/uploads\/2020\/09\/kolumne.jpg 1560w, https:\/\/windpilot.com\/blog\/wp-content\/uploads\/2020\/09\/kolumne-300x213.jpg 300w, https:\/\/windpilot.com\/blog\/wp-content\/uploads\/2020\/09\/kolumne-1024x727.jpg 1024w, https:\/\/windpilot.com\/blog\/wp-content\/uploads\/2020\/09\/kolumne-768x545.jpg 768w, https:\/\/windpilot.com\/blog\/wp-content\/uploads\/2020\/09\/kolumne-1536x1090.jpg 1536w\" sizes=\"auto, (max-width: 1560px) 100vw, 1560px\" \/>Das war der Titel f\u00fcr meinen ersten Blog. WordPress war wenige Jahre zuvor aus den Federn gestiegen und ich empfand das Tool als \u00fcberaus interessant, leicht zu bedienen, alltagstauglich, passend wie ein bequemer Schuh.<\/p>\n<blockquote class=\"wp-embedded-content\" data-secret=\"MDj9qEwWZa\"><p><a href=\"https:\/\/windpilot.com\/blog\/blog\/columns\/internet-verleiht-flugel\/\">Internet verleiht Fl\u00fcgel<\/a><\/p><\/blockquote>\n<p><iframe loading=\"lazy\" class=\"wp-embedded-content\" sandbox=\"allow-scripts\" security=\"restricted\" style=\"position: absolute; clip: rect(1px, 1px, 1px, 1px);\" title=\"&#8222;Internet verleiht Fl\u00fcgel&#8220; &#8212; Windpilot Blog\" src=\"https:\/\/windpilot.com\/blog\/blog\/columns\/internet-verleiht-flugel\/embed\/#?secret=swtyqi3TYq#?secret=MDj9qEwWZa\" data-secret=\"MDj9qEwWZa\" width=\"600\" height=\"338\" frameborder=\"0\" marginwidth=\"0\" marginheight=\"0\" scrolling=\"no\"><\/iframe><\/p>\n<p><img loading=\"lazy\" decoding=\"async\" src=\"https:\/\/windpilot.com\/blog\/wp-content\/uploads\/2020\/09\/im_flugzeug.jpeg\" alt=\"\" width=\"842\" height=\"612\" class=\"aligncenter size-full wp-image-23359\" srcset=\"https:\/\/windpilot.com\/blog\/wp-content\/uploads\/2020\/09\/im_flugzeug.jpeg 842w, https:\/\/windpilot.com\/blog\/wp-content\/uploads\/2020\/09\/im_flugzeug-300x218.jpeg 300w, https:\/\/windpilot.com\/blog\/wp-content\/uploads\/2020\/09\/im_flugzeug-768x558.jpeg 768w\" sizes=\"auto, (max-width: 842px) 100vw, 842px\" \/>Zur Erinnerung: Im Verlauf von 35 Jahren hatten wir bis dato unsere Windpilot Systeme auf  220 Fachmessen weltweit ausgestellt, waren 100 Tage \/ p.a in Silberv\u00f6geln, Reisemobilen und Leihwagen unterwegs, haben Hotelbetten wirklich jeder Konvenienz gestetet und hatten Kosten im Bereich von TEU 120 \/ p.a. kalkulatorisch in unseren VK Preisen versteckt. Messezeiten waren Gef\u00e4ngniszeiten, in denen Produktion und Familienleben nicht stattgefunden haben. San Francisco, Annapolis, Newport und Toronto m\u00f6gen wundervolle Reiseziele sein, als Aussteller auf Bootsmessen schrumpfen diese Attraktionen auf eine abendliche Tour mit dem Picnic Boat in der Chesepeake Bay, alternativ einen Snack in Sausalito, bevor man wieder in die Koje gestiegen ist. Next day, same procedure please.  9 \/ 11 hat dem Messespuk ein Ende bereitet, zun\u00e4chst in den USA, wenig sp\u00e4ter auch in Europa. Meine grosse Freiheit habe ich in 2003 rekuperiert, was sprichw\u00f6rtlich f\u00fcr alle Lebensbereichen gegolten hat, dem privaten eingeschlossen. Die Dinge haben sich wunderbar gef\u00fcgt. Meine Bonusmeilen habe ich gutgelaunt verfallen lassen, das Fliegen vor sieben Jahren mit Wonne komplett eingestellt. <\/p>\n<p><img loading=\"lazy\" decoding=\"async\" src=\"https:\/\/windpilot.com\/blog\/wp-content\/uploads\/2020\/09\/Liberty-low.jpg\" alt=\"\" width=\"2198\" height=\"1590\" class=\"aligncenter size-full wp-image-23360\" srcset=\"https:\/\/windpilot.com\/blog\/wp-content\/uploads\/2020\/09\/Liberty-low.jpg 2198w, https:\/\/windpilot.com\/blog\/wp-content\/uploads\/2020\/09\/Liberty-low-300x217.jpg 300w, https:\/\/windpilot.com\/blog\/wp-content\/uploads\/2020\/09\/Liberty-low-1024x741.jpg 1024w, https:\/\/windpilot.com\/blog\/wp-content\/uploads\/2020\/09\/Liberty-low-768x556.jpg 768w, https:\/\/windpilot.com\/blog\/wp-content\/uploads\/2020\/09\/Liberty-low-1536x1111.jpg 1536w, https:\/\/windpilot.com\/blog\/wp-content\/uploads\/2020\/09\/Liberty-low-2048x1481.jpg 2048w\" sizes=\"auto, (max-width: 2198px) 100vw, 2198px\" \/>Die Besucherzahlen auf unserer sechssprachige Website sind vom Start weg rasant gestiegen, verzeichneten schon bald an einem einzigen Tage mehr Besucher, als wir zuvor in einem ganzen Jahr auf s\u00e4mtlichen Messen weltweit an unserem Stand haben begr\u00fcssen k\u00f6nnen. Das Beste daran: Der Cashflow machte Luftspr\u00fcnge, unsere Preise wurden darum eingefroren. <\/p>\n<p><img loading=\"lazy\" decoding=\"async\" src=\"https:\/\/windpilot.com\/blog\/wp-content\/uploads\/2020\/09\/Oberlehrer-low.jpg\" alt=\"\" width=\"2196\" height=\"1596\" class=\"aligncenter size-full wp-image-23363\" srcset=\"https:\/\/windpilot.com\/blog\/wp-content\/uploads\/2020\/09\/Oberlehrer-low.jpg 2196w, https:\/\/windpilot.com\/blog\/wp-content\/uploads\/2020\/09\/Oberlehrer-low-300x218.jpg 300w, https:\/\/windpilot.com\/blog\/wp-content\/uploads\/2020\/09\/Oberlehrer-low-1024x744.jpg 1024w, https:\/\/windpilot.com\/blog\/wp-content\/uploads\/2020\/09\/Oberlehrer-low-768x558.jpg 768w, https:\/\/windpilot.com\/blog\/wp-content\/uploads\/2020\/09\/Oberlehrer-low-1536x1116.jpg 1536w, https:\/\/windpilot.com\/blog\/wp-content\/uploads\/2020\/09\/Oberlehrer-low-2048x1488.jpg 2048w\" sizes=\"auto, (max-width: 2196px) 100vw, 2196px\" \/>Die Zeit wurde reif f\u00fcr den Windpilot Blog, als wichtiges tool zur Beratung und nat\u00fcrlich Meinungs\u00e4usserung, denn es war deutlich geworden war, dass eine Zusammenarbeit mit den Medien zunehmend komplizierter wurde, weil die H\u00fcrden menschlicher und finanzieller Erwartungen zunehmend nur unter Selbstaufgabe zu erf\u00fcllen waren. Ein Blog als Fl\u00fcgel, um eine Meinung um die Welt zu tragen, ganz ohne Banner, Sponsoren oder Partner, die f\u00fcr jeden Fl\u00fcgelschlag eine Gegenleistung erwarten. Die Welt wurde auf links gedreht und in der Folge komplett umgen\u00e4ht. Nie war es einfacher, Segler im Dialog direkt zu erreichen, ihnen dezidierte Beratung auf den Leib zu schneidern, sie bis in die Tiefen einer komplizierten Materie, bis zur letzten Frage Antworten zu geben. Der Windpilot Blog als Ressource f\u00fcr Heckverzierungen wird heute in der ganzen Welt gelesen. <\/p>\n<p>Schon wenige Monate Blogs sp\u00e4ter erfolgte Schlag auf Schlag. Nach 25 Jahren der Mitgliedschaft in Trans-Ocean war mir angesichts unhaltbarer Zust\u00e4nde in Cuxhaven im Herbst 2011 der Kragen geplatzt.<\/p>\n<blockquote class=\"wp-embedded-content\" data-secret=\"cc145MFlBu\"><p><a href=\"https:\/\/windpilot.com\/blog\/blog\/columns\/deutsch-to-weckruf-oder-schlafgesang\/\">Trans Ocean &#8211; Weckruf oder Schlummerlied?<\/a><\/p><\/blockquote>\n<p><iframe loading=\"lazy\" class=\"wp-embedded-content\" sandbox=\"allow-scripts\" security=\"restricted\" style=\"position: absolute; clip: rect(1px, 1px, 1px, 1px);\" title=\"&#8222;Trans Ocean &#8211; Weckruf oder Schlummerlied?&#8220; &#8212; Windpilot Blog\" src=\"https:\/\/windpilot.com\/blog\/blog\/columns\/deutsch-to-weckruf-oder-schlafgesang\/embed\/#?secret=sHN6AsWtov#?secret=cc145MFlBu\" data-secret=\"cc145MFlBu\" width=\"600\" height=\"338\" frameborder=\"0\" marginwidth=\"0\" marginheight=\"0\" scrolling=\"no\"><\/iframe><\/p>\n<p>Niemand hatte mich gewarnt, in welche Tiefen unsch\u00f6ner menschlicher Verhaltensweisen eines Vereinspopanz ich damals hineingestossen bin. 86 Blogs sowie etliche Gerichtsverfahren sp\u00e4ter, kann ich dies pr\u00e4zisieren: wer gen\u00fcgend Zeit und Mut aufbringt, kann die kruden Vorgehensweisen von Vereinsf\u00fchrungen nachlesen, die als Menetekel unvergessen bis heute im Raume stehen. Der Exodus unz\u00e4hliger Vereinsmitglieder hat dem Verein bis heute den wertvollsten Lebenssaft entzogen: seine langj\u00e4hrigsten treuen Mitglieder, die ich auch schon mal als Tafelsilber bezeichnet habe. Over and out.<\/p>\n<p><img loading=\"lazy\" decoding=\"async\" src=\"https:\/\/windpilot.com\/blog\/wp-content\/uploads\/2020\/09\/Schreiberling-low.jpg\" alt=\"\" width=\"2252\" height=\"1594\" class=\"aligncenter size-full wp-image-23364\" srcset=\"https:\/\/windpilot.com\/blog\/wp-content\/uploads\/2020\/09\/Schreiberling-low.jpg 2252w, https:\/\/windpilot.com\/blog\/wp-content\/uploads\/2020\/09\/Schreiberling-low-300x212.jpg 300w, https:\/\/windpilot.com\/blog\/wp-content\/uploads\/2020\/09\/Schreiberling-low-1024x725.jpg 1024w, https:\/\/windpilot.com\/blog\/wp-content\/uploads\/2020\/09\/Schreiberling-low-768x544.jpg 768w, https:\/\/windpilot.com\/blog\/wp-content\/uploads\/2020\/09\/Schreiberling-low-1536x1087.jpg 1536w, https:\/\/windpilot.com\/blog\/wp-content\/uploads\/2020\/09\/Schreiberling-low-2048x1450.jpg 2048w\" sizes=\"auto, (max-width: 2252px) 100vw, 2252px\" \/>Dass sich daraus ein Fl\u00e4chenbrand entwickeln konnte, lag an den besonderen Interessenlagen eines Medienunternehmens, das sich, vermutlich zum eigenen Vorteil, hier verstricken wollte. Eine Zusammenfassung wurde erst vor wenigen Monaten niedergeschrieben<\/p>\n<blockquote class=\"wp-embedded-content\" data-secret=\"mUfEsN1qGh\"><p><a href=\"https:\/\/windpilot.com\/blog\/deutsch-yacht-delius-klasing\/holzkoepfe-holzwege\/\">Holzk\u00f6pfe &#8211; Holzwege<\/a><\/p><\/blockquote>\n<p><iframe loading=\"lazy\" class=\"wp-embedded-content\" sandbox=\"allow-scripts\" security=\"restricted\" style=\"position: absolute; clip: rect(1px, 1px, 1px, 1px);\" title=\"&#8222;Holzk\u00f6pfe &#8211; Holzwege&#8220; &#8212; Windpilot Blog\" src=\"https:\/\/windpilot.com\/blog\/deutsch-yacht-delius-klasing\/holzkoepfe-holzwege\/embed\/#?secret=9GX579jhEy#?secret=mUfEsN1qGh\" data-secret=\"mUfEsN1qGh\" width=\"600\" height=\"338\" frameborder=\"0\" marginwidth=\"0\" marginheight=\"0\" scrolling=\"no\"><\/iframe><\/p>\n<p><img loading=\"lazy\" decoding=\"async\" src=\"https:\/\/windpilot.com\/blog\/wp-content\/uploads\/2020\/09\/PfarrerPeter-low.jpg\" alt=\"\" width=\"2356\" height=\"1744\" class=\"aligncenter size-full wp-image-23361\" srcset=\"https:\/\/windpilot.com\/blog\/wp-content\/uploads\/2020\/09\/PfarrerPeter-low.jpg 2356w, https:\/\/windpilot.com\/blog\/wp-content\/uploads\/2020\/09\/PfarrerPeter-low-300x222.jpg 300w, https:\/\/windpilot.com\/blog\/wp-content\/uploads\/2020\/09\/PfarrerPeter-low-1024x758.jpg 1024w, https:\/\/windpilot.com\/blog\/wp-content\/uploads\/2020\/09\/PfarrerPeter-low-768x569.jpg 768w, https:\/\/windpilot.com\/blog\/wp-content\/uploads\/2020\/09\/PfarrerPeter-low-1536x1137.jpg 1536w, https:\/\/windpilot.com\/blog\/wp-content\/uploads\/2020\/09\/PfarrerPeter-low-2048x1516.jpg 2048w\" sizes=\"auto, (max-width: 2356px) 100vw, 2356px\" \/>Heute bietet der Blog mehr als 2.000 Beitr\u00e4ge, 680 Seiten, beinhaltet eine Vielzahl von Beitr\u00e4gen von Seglern, die ihre eigenen Erfahrungen niedergeschrieben haben und ist zum wertvollen Fundus f\u00fcr die Belange jener Segler geworden, die segelnd hinter dem Horizont verschwinden wollen. Der Windvane Report wurde bis zum heutigen Tage weit \u00fcber 100 000 Mal abgerufen, er beinhaltet eine Zusammenfassung \u00fcber M\u00f6glichkeiten und Grenzen der wichtigen Windsteuersysteme im weltweiten Einsatz, als meinen Extrakt aus nahezu einem halben Jahrhundert Erfahrung im Marktbereich von stillen Steuersklaven.<\/p>\n<p>10.09.2020<br \/>\nPeter Foerthmann<br \/>\n<img loading=\"lazy\" decoding=\"async\" src=\"https:\/\/windpilot.com\/blog\/wp-content\/uploads\/2020\/07\/A.-Peter-Lions-150x150.jpg\" alt=\"\" width=\"150\" height=\"150\" class=\"alignleft size-thumbnail wp-image-22854\" srcset=\"https:\/\/windpilot.com\/blog\/wp-content\/uploads\/2020\/07\/A.-Peter-Lions-150x150.jpg 150w, https:\/\/windpilot.com\/blog\/wp-content\/uploads\/2020\/07\/A.-Peter-Lions-300x300.jpg 300w, https:\/\/windpilot.com\/blog\/wp-content\/uploads\/2020\/07\/A.-Peter-Lions-1024x1020.jpg 1024w, https:\/\/windpilot.com\/blog\/wp-content\/uploads\/2020\/07\/A.-Peter-Lions-768x765.jpg 768w, https:\/\/windpilot.com\/blog\/wp-content\/uploads\/2020\/07\/A.-Peter-Lions-1536x1531.jpg 1536w, https:\/\/windpilot.com\/blog\/wp-content\/uploads\/2020\/07\/A.-Peter-Lions.jpg 1700w\" sizes=\"auto, (max-width: 150px) 100vw, 150px\" \/><\/p>\n","protected":false},"excerpt":{"rendered":"<p>INTERNET VERLEIHT FL\u00dcGEL Das war der Titel f\u00fcr meinen ersten Blog. WordPress war wenige Jahre zuvor aus den Federn gestiegen und ich empfand das Tool als \u00fcberaus interessant, leicht zu bedienen, alltagstauglich, passend wie ein bequemer Schuh. Internet verleiht Fl\u00fcgel &hellip; <a href=\"https:\/\/windpilot.com\/blog\/news\/10-jahre-windpilot-blog\/\">Weiterlesen <span class=\"meta-nav\">&rarr;<\/span><\/a><\/p>\n","protected":false},"author":1,"featured_media":0,"parent":16769,"menu_order":-9,"comment_status":"open","ping_status":"closed","template":"","meta":{"footnotes":""},"class_list":["post-23356","page","type-page","status-publish","hentry"],"_links":{"self":[{"href":"https:\/\/windpilot.com\/blog\/wp-json\/wp\/v2\/pages\/23356","targetHints":{"allow":["GET"]}}],"collection":[{"href":"https:\/\/windpilot.com\/blog\/wp-json\/wp\/v2\/pages"}],"about":[{"href":"https:\/\/windpilot.com\/blog\/wp-json\/wp\/v2\/types\/page"}],"author":[{"embeddable":true,"href":"https:\/\/windpilot.com\/blog\/wp-json\/wp\/v2\/users\/1"}],"replies":[{"embeddable":true,"href":"https:\/\/windpilot.com\/blog\/wp-json\/wp\/v2\/comments?post=23356"}],"version-history":[{"count":6,"href":"https:\/\/windpilot.com\/blog\/wp-json\/wp\/v2\/pages\/23356\/revisions"}],"predecessor-version":[{"id":28929,"href":"https:\/\/windpilot.com\/blog\/wp-json\/wp\/v2\/pages\/23356\/revisions\/28929"}],"up":[{"embeddable":true,"href":"https:\/\/windpilot.com\/blog\/wp-json\/wp\/v2\/pages\/16769"}],"wp:attachment":[{"href":"https:\/\/windpilot.com\/blog\/wp-json\/wp\/v2\/media?parent=23356"}],"curies":[{"name":"wp","href":"https:\/\/api.w.org\/{rel}","templated":true}]}}