{"id":23426,"date":"2020-09-27T02:17:19","date_gmt":"2020-09-27T09:17:19","guid":{"rendered":"https:\/\/windpilot.com\/blog\/?page_id=23426"},"modified":"2020-09-27T02:24:24","modified_gmt":"2020-09-27T09:24:24","slug":"claus-gottschall","status":"publish","type":"page","link":"https:\/\/windpilot.com\/blog\/morphy-blitz\/claus-gottschall\/","title":{"rendered":"Claus Gottschall"},"content":{"rendered":"<p><strong>27 JAHRE PACIFIC UND HR 29<\/strong><br \/>\n<img loading=\"lazy\" decoding=\"async\" src=\"https:\/\/windpilot.com\/blog\/wp-content\/uploads\/2020\/09\/Pinne_Aufkleber.jpeg\" alt=\"\" width=\"1258\" height=\"960\" class=\"aligncenter size-full wp-image-23427\" srcset=\"https:\/\/windpilot.com\/blog\/wp-content\/uploads\/2020\/09\/Pinne_Aufkleber.jpeg 1258w, https:\/\/windpilot.com\/blog\/wp-content\/uploads\/2020\/09\/Pinne_Aufkleber-300x229.jpeg 300w, https:\/\/windpilot.com\/blog\/wp-content\/uploads\/2020\/09\/Pinne_Aufkleber-1024x781.jpeg 1024w, https:\/\/windpilot.com\/blog\/wp-content\/uploads\/2020\/09\/Pinne_Aufkleber-768x586.jpeg 768w\" sizes=\"auto, (max-width: 1258px) 100vw, 1258px\" \/>Die Jahrzehnte sausen vorbei. Vor wenigen Tagen hat Claus mich gefragt, ob ich ihm beim Verkauf seiner Pacific wohl w\u00fcrde helfen k\u00f6nnen. Ein schneller Blick in meine Datenbank hat mir dann erz\u00e4hlt, welchen Methusalem ich vor mir hatte, ich meine seinen Steuersklaven, denn Claus sieht auf Fotos eigentlich immer noch wie fr\u00fcher aus &#8230;abgesehen von einigen Sonnenfalten, die das Mittelmeer gebrannt. Nun wird die Pacific in diesen Tagen in Boltenhagen an einen jungen Segler \u00fcbergeben, Buschfunk sei Dank.<\/p>\n<p>Von Claus habe ich diesen \u00dcberf\u00fchrungsbericht erhalten, der spannend zu lesen ist:<\/p>\n<blockquote><p>Hallo Peter, nach 27 Jahren Aufenthalt im Mittelmeer habe ich meine Hallberg Rassy 29 wieder zur Ostsee gesegelt, einige Abschnitte auch Einhand. Ohne die Windpilot Pacific am Heck, ein No-Go.<\/p>\n<p>Ein besonders anspruchsvoller Abschnitt der Reise war die Etappe La Rochelle &#8211; Dover, \u00fcber die Kanal Inseln und den Solent. Hierzu einige Fotos und Notizen.<\/p>\n<p><strong>PAN PAN<\/strong><br \/>\nAuf dem Weg zur bretonischen Insel \u00cele d\u2019Yeu. Um 12:46 meldet sich \u00fcber UKW die K\u00fcstenwache Cross Etel mit einem &#8222;PAN PAN Ruf&#8220; wegen einer Segelyacht mit Motorschaden vor dem Hafen Port Joinville.<br \/>\nDies ist auch unser heutiger Zielhafen und so wird nachgefragt. Ein Abschleppdienst sei bereits unterwegs. Das ging schnell! Im weiteren T\u00f6rnverlauf h\u00f6ren wir erstaunlich viele &#8222;PAN PAN Rufe\u2019 auf Grund von Motorsch\u00e4den.<\/p>\n<p><strong>Perlen an Frankreichs Atlantikk\u00fcste<\/strong><br \/>\nWir besuchen \u00cele d&#8217;Yeu, \u00cele d\u2019H\u0153dic, Belle-\u00cele und die \u00cele de Groix. Gemeinsam haben sie, dass die Distanz zur \u00fcbrigen Grande Nation und die erschwerte Anreise ihnen die Chance auf Authentizit\u00e4t gelassen hat. Unter den Perlen wiederum ist die \u00cele d\u2019H\u0153dic ein echtes Kleinod, mit der Betonung auf \u201eklein\u201c. Schon der Hafen ist so winzig, dass alle zusammenr\u00fccken m\u00fcssen. Es gibt drei Bojen &#8211; die aber immerhin gro\u00df, eigentlich richtige Tonnen -, um die sich alle Gastboote scharen.<br \/>\n<img loading=\"lazy\" decoding=\"async\" src=\"https:\/\/windpilot.com\/blog\/wp-content\/uploads\/2020\/09\/ORG_DSC00875.jpeg\" alt=\"\" width=\"1280\" height=\"853\" class=\"aligncenter size-full wp-image-23428\" srcset=\"https:\/\/windpilot.com\/blog\/wp-content\/uploads\/2020\/09\/ORG_DSC00875.jpeg 1280w, https:\/\/windpilot.com\/blog\/wp-content\/uploads\/2020\/09\/ORG_DSC00875-300x200.jpeg 300w, https:\/\/windpilot.com\/blog\/wp-content\/uploads\/2020\/09\/ORG_DSC00875-1024x682.jpeg 1024w, https:\/\/windpilot.com\/blog\/wp-content\/uploads\/2020\/09\/ORG_DSC00875-768x512.jpeg 768w\" sizes=\"auto, (max-width: 1280px) 100vw, 1280px\" \/><\/p>\n<p><strong>Audierne<\/strong><br \/>\nUnf\u00e4lle passieren, wenn man nicht damit rechnet.<br \/>\nNur etwa 10 Meter neben unserem Anlegesteg kracht es pl\u00f6tzlich laut.<br \/>\nH\u00e4tte die englische Yacht nicht am Ende unseres Stegs festgemacht, w\u00e4re es f\u00fcr die Autofahrerin schlimm ausgegangen. So war der Schaden am Auto und an der Yacht klein, zum Gl\u00fcck ist gerade Hochwasser.<br \/>\n<img loading=\"lazy\" decoding=\"async\" src=\"https:\/\/windpilot.com\/blog\/wp-content\/uploads\/2020\/09\/DSC01095.jpeg\" alt=\"\" width=\"1280\" height=\"853\" class=\"aligncenter size-full wp-image-23429\" srcset=\"https:\/\/windpilot.com\/blog\/wp-content\/uploads\/2020\/09\/DSC01095.jpeg 1280w, https:\/\/windpilot.com\/blog\/wp-content\/uploads\/2020\/09\/DSC01095-300x200.jpeg 300w, https:\/\/windpilot.com\/blog\/wp-content\/uploads\/2020\/09\/DSC01095-1024x682.jpeg 1024w, https:\/\/windpilot.com\/blog\/wp-content\/uploads\/2020\/09\/DSC01095-768x512.jpeg 768w\" sizes=\"auto, (max-width: 1280px) 100vw, 1280px\" \/><br \/>\n<strong>Raz de Sein&#8230;<\/strong><br \/>\n&#8230;einer der gr\u00f6\u00dften Schiffsfriedh\u00f6fe der Welt. Tide, das ist dort das Zauberwort, denn \u00bbWind gegen Strom&#8220; bedeutet Hexenkessel. Acht Meter Tidenhub bedeuten gewaltige Str\u00f6mungen, gef\u00e4hrliche Wirbel zwischen K\u00fcste, vorgelagerten Inseln und Klippen. Eine feindliche Gegend f\u00fcr Segler und Fischer. Neben der navigatorischen Herausforderung durch die Tide ist Nebel der zweite Feind. Selbst In den Sommermonaten gelten 30% \u2018Nebelwahrscheinlichkeit als normal. Eine Familiencrew erz\u00e4hlte uns vor unserer Abfahrt, sie h\u00e4tten bei ihrer letzten Raz-Passage nach pl\u00f6tzlich aufkommenden Nebel den Bug ihres Schiffes nicht mehr gesehen.<\/p>\n<p><img loading=\"lazy\" decoding=\"async\" src=\"https:\/\/windpilot.com\/blog\/wp-content\/uploads\/2020\/09\/DSC01177.jpeg\" alt=\"\" width=\"1280\" height=\"853\" class=\"aligncenter size-full wp-image-23430\" srcset=\"https:\/\/windpilot.com\/blog\/wp-content\/uploads\/2020\/09\/DSC01177.jpeg 1280w, https:\/\/windpilot.com\/blog\/wp-content\/uploads\/2020\/09\/DSC01177-300x200.jpeg 300w, https:\/\/windpilot.com\/blog\/wp-content\/uploads\/2020\/09\/DSC01177-1024x682.jpeg 1024w, https:\/\/windpilot.com\/blog\/wp-content\/uploads\/2020\/09\/DSC01177-768x512.jpeg 768w\" sizes=\"auto, (max-width: 1280px) 100vw, 1280px\" \/>Gutes Timing ist die wichtigste Voraussetzung f\u00fcr eine stressfreie Rundung. Wir erreichen das Raz de Sein bei klarer Sicht und nur 0,2 Knoten Strom. Eine Stunde sp\u00e4ter hat der Strom gedreht und setzt mit \u00fcber 5 Knoten.<br \/>\n<img loading=\"lazy\" decoding=\"async\" src=\"https:\/\/windpilot.com\/blog\/wp-content\/uploads\/2020\/09\/DSC01198.jpeg\" alt=\"\" width=\"1280\" height=\"853\" class=\"aligncenter size-full wp-image-23431\" srcset=\"https:\/\/windpilot.com\/blog\/wp-content\/uploads\/2020\/09\/DSC01198.jpeg 1280w, https:\/\/windpilot.com\/blog\/wp-content\/uploads\/2020\/09\/DSC01198-300x200.jpeg 300w, https:\/\/windpilot.com\/blog\/wp-content\/uploads\/2020\/09\/DSC01198-1024x682.jpeg 1024w, https:\/\/windpilot.com\/blog\/wp-content\/uploads\/2020\/09\/DSC01198-768x512.jpeg 768w\" sizes=\"auto, (max-width: 1280px) 100vw, 1280px\" \/><br \/>\nIn der Nord-Bretagne ist der Tidenhub extrem (bis zu 13 Meter!!) Das merken wir auch in der Marina Roscoff. Bei Niedrigwasser kann man hier einen Aufzug benutzen.<br \/>\n<img loading=\"lazy\" decoding=\"async\" src=\"https:\/\/windpilot.com\/blog\/wp-content\/uploads\/2020\/09\/IMG_1127.jpeg\" alt=\"\" width=\"1280\" height=\"960\" class=\"aligncenter size-full wp-image-23432\" srcset=\"https:\/\/windpilot.com\/blog\/wp-content\/uploads\/2020\/09\/IMG_1127.jpeg 1280w, https:\/\/windpilot.com\/blog\/wp-content\/uploads\/2020\/09\/IMG_1127-300x225.jpeg 300w, https:\/\/windpilot.com\/blog\/wp-content\/uploads\/2020\/09\/IMG_1127-1024x768.jpeg 1024w, https:\/\/windpilot.com\/blog\/wp-content\/uploads\/2020\/09\/IMG_1127-768x576.jpeg 768w\" sizes=\"auto, (max-width: 1280px) 100vw, 1280px\" \/><br \/>\n<strong>Guernsey<\/strong><br \/>\nBereits im Vorhafen von Guernsey kommt uns der Hafenmeister im Schlauchboot entgegen und fragt nach dem Tiefgang der &#8222;Passat&#8220; bevor er sein OK f\u00fcr das Einlaufen in die Saint Peter Fort Marina gibt. Die Nachfrage hat einen Grund. Damit die Marina nicht trocken f\u00e4llt, gibt es eine Unterwasser-Mauer. Steht nicht gen\u00fcgend Wasser \u00fcber der Mauer, bleibt man bei der Ein-und Ausfahrt daran h\u00e4ngen.<br \/>\n<img loading=\"lazy\" decoding=\"async\" src=\"https:\/\/windpilot.com\/blog\/wp-content\/uploads\/2020\/09\/IMG_1146.jpeg\" alt=\"\" width=\"1280\" height=\"401\" class=\"aligncenter size-full wp-image-23433\" srcset=\"https:\/\/windpilot.com\/blog\/wp-content\/uploads\/2020\/09\/IMG_1146.jpeg 1280w, https:\/\/windpilot.com\/blog\/wp-content\/uploads\/2020\/09\/IMG_1146-300x94.jpeg 300w, https:\/\/windpilot.com\/blog\/wp-content\/uploads\/2020\/09\/IMG_1146-1024x321.jpeg 1024w, https:\/\/windpilot.com\/blog\/wp-content\/uploads\/2020\/09\/IMG_1146-768x241.jpeg 768w\" sizes=\"auto, (max-width: 1280px) 100vw, 1280px\" \/><br \/>\n<strong>Alderney&#8230;<\/strong><br \/>\n&#8230;.. ist ein logischer Zwischenstopp auf unserer Fahrt nach Cherbourg. In der gro\u00dfen Hafenbucht kann man an Bojen festmachen. Das ist aber nicht g\u00fcnstiger als ein richtiger Liegeplatz. Lakonisch bemerkt der Hafenmeisters beim Kassieren der Liegegeb\u00fchr:<br \/>\n\u201eWe\u2019ve come to ruin your day\u201c.<br \/>\n<img loading=\"lazy\" decoding=\"async\" src=\"https:\/\/windpilot.com\/blog\/wp-content\/uploads\/2020\/09\/K3A8604.jpeg\" alt=\"\" width=\"1280\" height=\"853\" class=\"aligncenter size-full wp-image-23434\" srcset=\"https:\/\/windpilot.com\/blog\/wp-content\/uploads\/2020\/09\/K3A8604.jpeg 1280w, https:\/\/windpilot.com\/blog\/wp-content\/uploads\/2020\/09\/K3A8604-300x200.jpeg 300w, https:\/\/windpilot.com\/blog\/wp-content\/uploads\/2020\/09\/K3A8604-1024x682.jpeg 1024w, https:\/\/windpilot.com\/blog\/wp-content\/uploads\/2020\/09\/K3A8604-768x512.jpeg 768w\" sizes=\"auto, (max-width: 1280px) 100vw, 1280px\" \/><br \/>\n<strong>Strom-Navigation 1<\/strong><br \/>\nDie anstehende Querung des \u00c4rmelkanals bedarf einiger Vorbereitung.<br \/>\nMit Stromkarten wird zun\u00e4chst das richtige Zeitfenster f\u00fcr unsre Ankunft festgelegt (Einlaufender Strom in den Solent).<br \/>\n<img loading=\"lazy\" decoding=\"async\" src=\"https:\/\/windpilot.com\/blog\/wp-content\/uploads\/2020\/09\/DSC01483.jpeg\" alt=\"\" width=\"1280\" height=\"853\" class=\"aligncenter size-full wp-image-23435\" srcset=\"https:\/\/windpilot.com\/blog\/wp-content\/uploads\/2020\/09\/DSC01483.jpeg 1280w, https:\/\/windpilot.com\/blog\/wp-content\/uploads\/2020\/09\/DSC01483-300x200.jpeg 300w, https:\/\/windpilot.com\/blog\/wp-content\/uploads\/2020\/09\/DSC01483-1024x682.jpeg 1024w, https:\/\/windpilot.com\/blog\/wp-content\/uploads\/2020\/09\/DSC01483-768x512.jpeg 768w\" sizes=\"auto, (max-width: 1280px) 100vw, 1280px\" \/><br \/>\n<strong>Strom-Navigation 2 <\/strong>\/ Vertraue der Tide und dem Kompass, weniger dem GPS.<br \/>\nKurz nachdem wir Cherbourg verlassen haben, wird ein fast genau n\u00f6rdlicher Kompasskurs gesteuert (KK 001\u00b0). Dies entspricht auch der Peilung zur westlichen Spitze der Isle of Wight. Tats\u00e4chlich versetzt uns aber zur Zeit die Tide nach Osten, unser Kurs \u00fcber Grund (K\u00fcG) betr\u00e4gt 300\u00b0. Die GPS Peilung zeigt ein Ziel weit \u00f6stlich der Isle of Weight (siehe Seekarte).<br \/>\nM\u00fcssen wir jetzt nicht dagegen halten? Nein, wir vertrauen auf die Tide! In ein paar Stunden wird der Strom kentern und uns nach Westen versetzen. Gut zeigt dies der Track, der einer Sinuskurve entspricht, H\u00e4tten wir nicht nach Kompass, sondern nach GPS gesteuert, w\u00e4re der Track eine gerade Linie (etwa wie die Peilung). W\u00e4re dies nicht die k\u00fcrzere Strecke?<br \/>\nDas Gegenteil ist richtig:<br \/>\nDas Steuern nach GPS bedeutet in diesem Fall m\u00fchsam gegen den Strom zu segeln (eine ca. 15 sm l\u00e4ngere Strecke). Deshalb m\u00fcssen Verkehrstrennungsgebiete mit der Kielrichtung im rechten Winkel gequert werden (eben auf dem k\u00fcrzesten Weg).<br \/>\n<img loading=\"lazy\" decoding=\"async\" src=\"https:\/\/windpilot.com\/blog\/wp-content\/uploads\/2020\/09\/IMG_3728.jpeg\" alt=\"\" width=\"1280\" height=\"809\" class=\"aligncenter size-full wp-image-23436\" srcset=\"https:\/\/windpilot.com\/blog\/wp-content\/uploads\/2020\/09\/IMG_3728.jpeg 1280w, https:\/\/windpilot.com\/blog\/wp-content\/uploads\/2020\/09\/IMG_3728-300x190.jpeg 300w, https:\/\/windpilot.com\/blog\/wp-content\/uploads\/2020\/09\/IMG_3728-1024x647.jpeg 1024w, https:\/\/windpilot.com\/blog\/wp-content\/uploads\/2020\/09\/IMG_3728-768x485.jpeg 768w\" sizes=\"auto, (max-width: 1280px) 100vw, 1280px\" \/><br \/>\nDer Track der n\u00e4chsten Tage gleicht einem Wollkn\u00e4uel. Entspanntes Urlaubssegeln im Solent bei bestem Sommerwetter.<br \/>\n<img loading=\"lazy\" decoding=\"async\" src=\"https:\/\/windpilot.com\/blog\/wp-content\/uploads\/2020\/09\/ORG_DSC01565.jpeg\" alt=\"\" width=\"1280\" height=\"853\" class=\"aligncenter size-full wp-image-23437\" srcset=\"https:\/\/windpilot.com\/blog\/wp-content\/uploads\/2020\/09\/ORG_DSC01565.jpeg 1280w, https:\/\/windpilot.com\/blog\/wp-content\/uploads\/2020\/09\/ORG_DSC01565-300x200.jpeg 300w, https:\/\/windpilot.com\/blog\/wp-content\/uploads\/2020\/09\/ORG_DSC01565-1024x682.jpeg 1024w, https:\/\/windpilot.com\/blog\/wp-content\/uploads\/2020\/09\/ORG_DSC01565-768x512.jpeg 768w\" sizes=\"auto, (max-width: 1280px) 100vw, 1280px\" \/><img loading=\"lazy\" decoding=\"async\" src=\"https:\/\/windpilot.com\/blog\/wp-content\/uploads\/2020\/09\/DSC00442-1.jpeg\" alt=\"\" width=\"1280\" height=\"853\" class=\"aligncenter size-full wp-image-23438\" srcset=\"https:\/\/windpilot.com\/blog\/wp-content\/uploads\/2020\/09\/DSC00442-1.jpeg 1280w, https:\/\/windpilot.com\/blog\/wp-content\/uploads\/2020\/09\/DSC00442-1-300x200.jpeg 300w, https:\/\/windpilot.com\/blog\/wp-content\/uploads\/2020\/09\/DSC00442-1-1024x682.jpeg 1024w, https:\/\/windpilot.com\/blog\/wp-content\/uploads\/2020\/09\/DSC00442-1-768x512.jpeg 768w\" sizes=\"auto, (max-width: 1280px) 100vw, 1280px\" \/><br \/>\n<img loading=\"lazy\" decoding=\"async\" src=\"https:\/\/windpilot.com\/blog\/wp-content\/uploads\/2020\/09\/Track.jpg\" alt=\"\" width=\"759\" height=\"305\" class=\"aligncenter size-full wp-image-23445\" srcset=\"https:\/\/windpilot.com\/blog\/wp-content\/uploads\/2020\/09\/Track.jpg 759w, https:\/\/windpilot.com\/blog\/wp-content\/uploads\/2020\/09\/Track-300x121.jpg 300w\" sizes=\"auto, (max-width: 759px) 100vw, 759px\" \/><strong>Dover<\/strong><br \/>\nDas Ein- und Auslaufen in den Hafen muss Dover-Port Control genehmigen. \u00dcber UKW bekommen wir schnell die Erlaubnis. Die Kommunikation dazu ist einfach und unkompliziert und erinnert nur entfernt an den in der SRC-Pr\u00fcfung gelernten, umst\u00e4ndlichen Gespr\u00e4chsablauf.<\/p><\/blockquote>\n<p>Den kundigen Seglern wird beim Lesen dieses Blogs sofort aufgefallen sein, wieviel Wert Claus auf navigatorische Akkuratesse legt. Dies wird weniger Kundigen nachvollziehbar, wenn man dann erf\u00e4hrt, dass Claus im Verlauf vieler Jahre als Autor <a href=\"https:\/\/www.ebook-segeln.de\">verschiedener B\u00fccher im Bereich Segelausbildung und F\u00fchrerschein Vorbereitung<\/a> einer Unzahl von Seglern die Geheimnisse des Segeln praktisch nahegebracht hat.<\/p>\n<p>Da ist es nur logisch, wenn man einen Steuersklaven am Heck besitzt, der still und ohne zu meckern, seinen sturen Job erledigt, derweil der Skipper gr\u00fcbelnd \u00fcber den Karten sitzt und schwitzt.<\/p>\n<p>27.09.2020<br \/>\nPeter Foerthmann<br \/>\n<img loading=\"lazy\" decoding=\"async\" src=\"https:\/\/windpilot.com\/blog\/wp-content\/uploads\/2020\/07\/A.-Peter-Lions-150x150.jpg\" alt=\"\" width=\"150\" height=\"150\" class=\"alignleft size-thumbnail wp-image-22854\" srcset=\"https:\/\/windpilot.com\/blog\/wp-content\/uploads\/2020\/07\/A.-Peter-Lions-150x150.jpg 150w, https:\/\/windpilot.com\/blog\/wp-content\/uploads\/2020\/07\/A.-Peter-Lions-300x300.jpg 300w, https:\/\/windpilot.com\/blog\/wp-content\/uploads\/2020\/07\/A.-Peter-Lions-1024x1020.jpg 1024w, https:\/\/windpilot.com\/blog\/wp-content\/uploads\/2020\/07\/A.-Peter-Lions-768x765.jpg 768w, https:\/\/windpilot.com\/blog\/wp-content\/uploads\/2020\/07\/A.-Peter-Lions-1536x1531.jpg 1536w, https:\/\/windpilot.com\/blog\/wp-content\/uploads\/2020\/07\/A.-Peter-Lions.jpg 1700w\" sizes=\"auto, (max-width: 150px) 100vw, 150px\" \/><\/p>\n","protected":false},"excerpt":{"rendered":"<p>27 JAHRE PACIFIC UND HR 29 Die Jahrzehnte sausen vorbei. Vor wenigen Tagen hat Claus mich gefragt, ob ich ihm beim Verkauf seiner Pacific wohl w\u00fcrde helfen k\u00f6nnen. Ein schneller Blick in meine Datenbank hat mir dann erz\u00e4hlt, welchen Methusalem &hellip; <a href=\"https:\/\/windpilot.com\/blog\/morphy-blitz\/claus-gottschall\/\">Weiterlesen <span class=\"meta-nav\">&rarr;<\/span><\/a><\/p>\n","protected":false},"author":1,"featured_media":0,"parent":10453,"menu_order":-14,"comment_status":"open","ping_status":"closed","template":"","meta":{"footnotes":""},"class_list":["post-23426","page","type-page","status-publish","hentry"],"_links":{"self":[{"href":"https:\/\/windpilot.com\/blog\/wp-json\/wp\/v2\/pages\/23426","targetHints":{"allow":["GET"]}}],"collection":[{"href":"https:\/\/windpilot.com\/blog\/wp-json\/wp\/v2\/pages"}],"about":[{"href":"https:\/\/windpilot.com\/blog\/wp-json\/wp\/v2\/types\/page"}],"author":[{"embeddable":true,"href":"https:\/\/windpilot.com\/blog\/wp-json\/wp\/v2\/users\/1"}],"replies":[{"embeddable":true,"href":"https:\/\/windpilot.com\/blog\/wp-json\/wp\/v2\/comments?post=23426"}],"version-history":[{"count":5,"href":"https:\/\/windpilot.com\/blog\/wp-json\/wp\/v2\/pages\/23426\/revisions"}],"predecessor-version":[{"id":23446,"href":"https:\/\/windpilot.com\/blog\/wp-json\/wp\/v2\/pages\/23426\/revisions\/23446"}],"up":[{"embeddable":true,"href":"https:\/\/windpilot.com\/blog\/wp-json\/wp\/v2\/pages\/10453"}],"wp:attachment":[{"href":"https:\/\/windpilot.com\/blog\/wp-json\/wp\/v2\/media?parent=23426"}],"curies":[{"name":"wp","href":"https:\/\/api.w.org\/{rel}","templated":true}]}}