{"id":23521,"date":"2020-10-13T11:37:07","date_gmt":"2020-10-13T18:37:07","guid":{"rendered":"https:\/\/windpilot.com\/blog\/?page_id=23521"},"modified":"2020-10-15T01:31:38","modified_gmt":"2020-10-15T08:31:38","slug":"wolfgang-quix","status":"publish","type":"page","link":"https:\/\/windpilot.com\/blog\/deutsch-yacht-delius-klasing\/wolfgang-quix\/","title":{"rendered":"Wolfgang Quix"},"content":{"rendered":"<p><strong>GUTER JOHN &#8211; B\u00d6SER PETER!<\/strong><br \/>\n<img loading=\"lazy\" decoding=\"async\" src=\"https:\/\/windpilot.com\/blog\/wp-content\/uploads\/2020\/10\/Jeantex-Kopie-2.jpg\" alt=\"\" width=\"1843\" height=\"1207\" class=\"aligncenter size-full wp-image-23523\" srcset=\"https:\/\/windpilot.com\/blog\/wp-content\/uploads\/2020\/10\/Jeantex-Kopie-2.jpg 1843w, https:\/\/windpilot.com\/blog\/wp-content\/uploads\/2020\/10\/Jeantex-Kopie-2-300x196.jpg 300w, https:\/\/windpilot.com\/blog\/wp-content\/uploads\/2020\/10\/Jeantex-Kopie-2-1024x671.jpg 1024w, https:\/\/windpilot.com\/blog\/wp-content\/uploads\/2020\/10\/Jeantex-Kopie-2-768x503.jpg 768w, https:\/\/windpilot.com\/blog\/wp-content\/uploads\/2020\/10\/Jeantex-Kopie-2-1536x1006.jpg 1536w\" sizes=\"auto, (max-width: 1843px) 100vw, 1843px\" \/><strong>Moin Wolfgang<\/strong><br \/>\nWerden wir etwa altersmilde oder was?<br \/>\nOder machen wir uns bereits die Hosen nass?<br \/>\nDrei Anrufe nach Jahren der Totenstille<br \/>\nIch muss mich zwicken, denn immerhin war zehn Jahre nix<br \/>\nmit Wolfgang Quix.<br \/>\nNur weil wir unterschiedlicher Meinung gewesen sind?<\/p>\n<p>Pl\u00f6tzlich war es fast normal<br \/>\nganz wie anno dazumal,<br \/>\nvor den transozeanischen Vorstands Kapriolen,<br \/>\nals dieser fabul\u00f6se Kleingartenverein<br \/>\nan der Wasserkante, ziemlich dicht am Schlick<br \/>\nganz und gar nicht schick<br \/>\nden eigenen Bedeutungsverlust inszenierte,<br \/>\nsich dabei zusehends selbst blamierte<br \/>\nseinen Ruf stringent und stur unterminierte<br \/>\nund sogar den eigenen Untergang riskierte!<br \/>\n<img loading=\"lazy\" decoding=\"async\" src=\"https:\/\/windpilot.com\/blog\/wp-content\/uploads\/2020\/10\/Windpilot-0016-Kopie.jpg\" alt=\"\" width=\"1833\" height=\"1183\" class=\"aligncenter size-full wp-image-23524\" srcset=\"https:\/\/windpilot.com\/blog\/wp-content\/uploads\/2020\/10\/Windpilot-0016-Kopie.jpg 1833w, https:\/\/windpilot.com\/blog\/wp-content\/uploads\/2020\/10\/Windpilot-0016-Kopie-300x194.jpg 300w, https:\/\/windpilot.com\/blog\/wp-content\/uploads\/2020\/10\/Windpilot-0016-Kopie-1024x661.jpg 1024w, https:\/\/windpilot.com\/blog\/wp-content\/uploads\/2020\/10\/Windpilot-0016-Kopie-768x496.jpg 768w, https:\/\/windpilot.com\/blog\/wp-content\/uploads\/2020\/10\/Windpilot-0016-Kopie-1536x991.jpg 1536w\" sizes=\"auto, (max-width: 1833px) 100vw, 1833px\" \/>Alles einzig und allein, weil gestandene M\u00e4nnerhosen,<br \/>\nVergangenes zu verschleiern gedachten,<br \/>\nsich nicht in die Karten kucken lassen wollten,<br \/>\nund keiner die Eier in der Hose hatte,<br \/>\nbegangene Fehler dem Souver\u00e4n zu offenbaren<br \/>\noder ggf. sogar devot um dessen Verst\u00e4ndnis daf\u00fcr nachzufragen?<\/p>\n<p>Nolens volens, habe ich Euch diesen Job abgenommen,<br \/>\nunter Schweiss und gegen Euren gerichtlich erkl\u00e4rten Willen.<br \/>\nGetreue und kluge Mitglieder haben Euch in Scharen verlassen.<br \/>\nWar\u00b4s das wirklich wert?<br \/>\nMeine Antwort steht in Stein gehauen!<br \/>\n<img loading=\"lazy\" decoding=\"async\" src=\"https:\/\/windpilot.com\/blog\/wp-content\/uploads\/2020\/10\/Windpilot-034.jpeg\" alt=\"\" width=\"1280\" height=\"875\" class=\"aligncenter size-full wp-image-23525\" srcset=\"https:\/\/windpilot.com\/blog\/wp-content\/uploads\/2020\/10\/Windpilot-034.jpeg 1280w, https:\/\/windpilot.com\/blog\/wp-content\/uploads\/2020\/10\/Windpilot-034-300x205.jpeg 300w, https:\/\/windpilot.com\/blog\/wp-content\/uploads\/2020\/10\/Windpilot-034-1024x700.jpeg 1024w, https:\/\/windpilot.com\/blog\/wp-content\/uploads\/2020\/10\/Windpilot-034-768x525.jpeg 768w\" sizes=\"auto, (max-width: 1280px) 100vw, 1280px\" \/>Nun also Deine Anrufe als VereinsEhrenOberIndianer,<br \/>\ndiese Kurve muss man erst mal kriegen!<br \/>\nDas, lieber Wolfgang, hast Du  bravour\u00f6s geschafft,<br \/>\ndaf\u00fcr hier mein ehrliches Kompliment,<br \/>\ndenn ohne Resilienz stehen wir alle am Ende irgendwann im Hemd.<br \/>\n<img loading=\"lazy\" decoding=\"async\" src=\"https:\/\/windpilot.com\/blog\/wp-content\/uploads\/2020\/10\/John-Adam.jpeg\" alt=\"\" width=\"1166\" height=\"961\" class=\"aligncenter size-full wp-image-23526\" srcset=\"https:\/\/windpilot.com\/blog\/wp-content\/uploads\/2020\/10\/John-Adam.jpeg 1166w, https:\/\/windpilot.com\/blog\/wp-content\/uploads\/2020\/10\/John-Adam-300x247.jpeg 300w, https:\/\/windpilot.com\/blog\/wp-content\/uploads\/2020\/10\/John-Adam-1024x844.jpeg 1024w, https:\/\/windpilot.com\/blog\/wp-content\/uploads\/2020\/10\/John-Adam-768x633.jpeg 768w\" sizes=\"auto, (max-width: 1166px) 100vw, 1166px\" \/>Du bist als Scout zu mir gekommen, auf Tr\u00fcffelSuche nach alten TO Geschichten, z.B. der Spur zu John Adam, und hast mitten ins Schwarze getroffen, denn John\u00b4s Geschichte hatte ich schon vor langer Zeit aufgeschrieben:<\/p>\n<blockquote class=\"wp-embedded-content\" data-secret=\"180z3gpv0J\"><p><a href=\"https:\/\/windpilot.com\/blog\/columns\/peter-der-markt\/windpilot\/deutsch-windpilot-die-englischen-wurzeln\/\">1976 &#8211; The roots<\/a><\/p><\/blockquote>\n<p><iframe loading=\"lazy\" class=\"wp-embedded-content\" sandbox=\"allow-scripts\" security=\"restricted\" style=\"position: absolute; clip: rect(1px, 1px, 1px, 1px);\" title=\"&#8222;1976 &#8211; The roots&#8220; &#8212; Windpilot Blog\" src=\"https:\/\/windpilot.com\/blog\/columns\/peter-der-markt\/windpilot\/deutsch-windpilot-die-englischen-wurzeln\/embed\/#?secret=H8sbUHrhek#?secret=180z3gpv0J\" data-secret=\"180z3gpv0J\" width=\"600\" height=\"338\" frameborder=\"0\" marginwidth=\"0\" marginheight=\"0\" scrolling=\"no\"><\/iframe><\/p>\n<p>ebenso wie die Verbindung zu Brian Meerloo, f\u00fcr den ich einen Nachruf geschrieben hatte:<\/p>\n<blockquote class=\"wp-embedded-content\" data-secret=\"vB25CIzY2S\"><p><a href=\"https:\/\/windpilot.com\/blog\/columns\/peter-der-markt\/windpilot\/brian-meerloo-1935-2019\/\">Brian Meerloo<\/a><\/p><\/blockquote>\n<p><iframe loading=\"lazy\" class=\"wp-embedded-content\" sandbox=\"allow-scripts\" security=\"restricted\" style=\"position: absolute; clip: rect(1px, 1px, 1px, 1px);\" title=\"&#8222;Brian Meerloo&#8220; &#8212; Windpilot Blog\" src=\"https:\/\/windpilot.com\/blog\/columns\/peter-der-markt\/windpilot\/brian-meerloo-1935-2019\/embed\/#?secret=VpfAsrxCn9#?secret=vB25CIzY2S\" data-secret=\"vB25CIzY2S\" width=\"600\" height=\"338\" frameborder=\"0\" marginwidth=\"0\" marginheight=\"0\" scrolling=\"no\"><\/iframe><\/p>\n<p>Als Zugabe habe ich Dir noch die Geschichte von \u201eSchippi\u201c erz\u00e4hlt, jener furchtlosen Kieler Seglerin, die mit der legend\u00e4ren <a href=\"https:\/\/www.mh-heiligenhafen.de\/die-boote\/astarte-bj-1961\/\">ASTARTE<\/a>, einer h\u00f6lzernen Age Utzon Ketch den Atlantik im Alleingang gemeistert hat. Sollte mich nicht wundern, wenn in Cuxentown die damals so steifffen blauen Blazer mit funkelnden Messingkn\u00f6pfen, diese flotte, freche und unerschrockene Skipper Biene nicht gew\u00fcrdigt haben k\u00f6nnten \u2026 weil sie gestandene M\u00e4nnlichkeit mit links unterminierte. Das passte damals keinesfalls ins M\u00e4nnerbild, jedenfalls nicht zwischen Messingkn\u00f6pfe. Das war schlicht nonkonform, und &#8211; Donnerwetter! &#8211; gegen jede Norm! <\/p>\n<p><a href=\"https:\/\/www.soundingsonline.com\/boats\/this-skipper-proved-her-mettle-a-lifetime-ago\">Schippi\u00b4s Lebensgeschichte<\/a> wurde von Dieter Loibner in den USA erz\u00e4hlt. Deutsche Segler stellen erst die Ohren auf, wenn sie h\u00f6ren, dass Schippi\u00b4s  &#8211; b\u00fcrgerlicher Name Gerhild Schippmann ( geb.Wiendieck) ist. <\/p>\n<p>Was noch hinzuzuf\u00fcgen w\u00e4re: Schippi\u00b4s Aries Anlage wurde von Wilfried Erdmann geeehrt und spazieren gefahren, sie ist mehrfach um den ganzen Spielball gekommen \u2026 und lebt vermutlich auch heute noch \u2013 ich meine die Aries Anlage. Wilfried, Schippi und John haben sich vermutlich nicht aus den Augen verloren.<br \/>\n<img loading=\"lazy\" decoding=\"async\" src=\"https:\/\/windpilot.com\/blog\/wp-content\/uploads\/2020\/10\/Ramming.jpg\" alt=\"\" width=\"1658\" height=\"2032\" class=\"aligncenter size-full wp-image-23536\" srcset=\"https:\/\/windpilot.com\/blog\/wp-content\/uploads\/2020\/10\/Ramming.jpg 1658w, https:\/\/windpilot.com\/blog\/wp-content\/uploads\/2020\/10\/Ramming-245x300.jpg 245w, https:\/\/windpilot.com\/blog\/wp-content\/uploads\/2020\/10\/Ramming-836x1024.jpg 836w, https:\/\/windpilot.com\/blog\/wp-content\/uploads\/2020\/10\/Ramming-768x941.jpg 768w, https:\/\/windpilot.com\/blog\/wp-content\/uploads\/2020\/10\/Ramming-1253x1536.jpg 1253w\" sizes=\"auto, (max-width: 1658px) 100vw, 1658px\" \/>Wie war das noch damals,<br \/>\nganz von weit vorn?<br \/>\nWagen wir einen Blick zur\u00fcck mit oder mit ohne Zorn?<br \/>\nHier wie dort zwei Kerle, deutlich ausserhalb der Norm<br \/>\nLeben und Segeln, vergleichsweise nonkonform<br \/>\ndas war die Form<br \/>\nbei der wir einander respektierten.<br \/>\nImmerhin hast Du mich \u00fcberredet, Dir eine Heckverzierung zu \u00fcberlassen,<br \/>\nganz ohne Brimborium, oder dies Marketingtechnisch auszuschlachten.<br \/>\nEs war meine Stunde Null in Sachen Sponsoring. Du bist mein Versuchskaninchen gewesen.<br \/>\n<img loading=\"lazy\" decoding=\"async\" src=\"https:\/\/windpilot.com\/blog\/wp-content\/uploads\/2020\/10\/Wolfies-Toy-Kopie-scaled.jpg\" alt=\"\" width=\"2560\" height=\"1920\" class=\"size-full wp-image-23538\" srcset=\"https:\/\/windpilot.com\/blog\/wp-content\/uploads\/2020\/10\/Wolfies-Toy-Kopie-scaled.jpg 2560w, https:\/\/windpilot.com\/blog\/wp-content\/uploads\/2020\/10\/Wolfies-Toy-Kopie-300x225.jpg 300w, https:\/\/windpilot.com\/blog\/wp-content\/uploads\/2020\/10\/Wolfies-Toy-Kopie-1024x768.jpg 1024w, https:\/\/windpilot.com\/blog\/wp-content\/uploads\/2020\/10\/Wolfies-Toy-Kopie-768x576.jpg 768w, https:\/\/windpilot.com\/blog\/wp-content\/uploads\/2020\/10\/Wolfies-Toy-Kopie-1536x1152.jpg 1536w, https:\/\/windpilot.com\/blog\/wp-content\/uploads\/2020\/10\/Wolfies-Toy-Kopie-2048x1536.jpg 2048w\" sizes=\"auto, (max-width: 2560px) 100vw, 2560px\" \/>Diese Zeiten sind unvergessen! Du bleibst in meiner Erinnerung stets lebendig als der Wolfgang mit den leicht ausgebeulten beigen Cordhosen, der auf allen Messen beneidenswert best gelaunt, allem Neuen gegen\u00fcber aufgeschlossen, der auf der steten Suche nach der einen Goldader, die seinen Tr\u00e4umen zum Fliegen verhelfen k\u00f6nnte, einem Sponsor, der die finanzielle Backstagsbrise zu erzeugen bereit und in der Lage gewesen w\u00e4re, unserer dreigestreiften Flagge im RennBootZirkus international ein wenig Aufmerksamkeit zu verschaffen. Hat leider nie so wirklich toll geklappt, Seitdem wissen wir alle unumst\u00f6sslich, wie sehr Deutschland den Fussball liebt.<br \/>\n<div id=\"attachment_23545\" style=\"width: 810px\" class=\"wp-caption aligncenter\"><img loading=\"lazy\" decoding=\"async\" aria-describedby=\"caption-attachment-23545\" src=\"https:\/\/windpilot.com\/blog\/wp-content\/uploads\/2020\/10\/DSC02254-Kopie.jpeg\" alt=\"\" width=\"800\" height=\"534\" class=\"size-full wp-image-23545\" srcset=\"https:\/\/windpilot.com\/blog\/wp-content\/uploads\/2020\/10\/DSC02254-Kopie.jpeg 800w, https:\/\/windpilot.com\/blog\/wp-content\/uploads\/2020\/10\/DSC02254-Kopie-300x200.jpeg 300w, https:\/\/windpilot.com\/blog\/wp-content\/uploads\/2020\/10\/DSC02254-Kopie-768x513.jpeg 768w\" sizes=\"auto, (max-width: 800px) 100vw, 800px\" \/><p id=\"caption-attachment-23545\" class=\"wp-caption-text\">Die gute alte MEX von Hehner<\/p><\/div><br \/>\nUnd nun bist Du auf Tr\u00fcffel Suche nach alten Legenden, die Du zu Tage  f\u00f6rdern und in die \u00d6ffentlichkeit r\u00fccken kannst, auf die Idee gekommen, bei mir anzurufen! Dein Bingo Tag, allerdings auch meiner, weil ich jetzt als Rumpelstilzchen weiss, dass John als Gr\u00fcnder der Firma Windpilot, seit mehr als 50 Jahren im Stillen bei Euch Ehre geniesst, wohingegen ich gewagt, an Eurem Ruf zu kratzen und am Ende sogar meine Mitgliedschaft zu schmeissen! Ein delikater Spagat &#8211; aber die Zeit heilt eben Wunden jeder Art. Guter John &#8211; B\u00f6ser Peter!<\/p>\n<p>Ich habe Dir trotzdem gern geholfen.<\/p>\n<p>Allerbest<br \/>\nPeter &#8211; EX-TO-Indianer #738<br \/>\nHamburg 13.10.2020<br \/>\n<img loading=\"lazy\" decoding=\"async\" src=\"https:\/\/windpilot.com\/blog\/wp-content\/uploads\/2020\/10\/A.-Peter-Lions-300x300-1-150x150.jpg\" alt=\"\" width=\"150\" height=\"150\" class=\"alignleft size-thumbnail wp-image-23479\" srcset=\"https:\/\/windpilot.com\/blog\/wp-content\/uploads\/2020\/10\/A.-Peter-Lions-300x300-1-150x150.jpg 150w, https:\/\/windpilot.com\/blog\/wp-content\/uploads\/2020\/10\/A.-Peter-Lions-300x300-1.jpg 300w\" sizes=\"auto, (max-width: 150px) 100vw, 150px\" \/><\/p>\n","protected":false},"excerpt":{"rendered":"<p>GUTER JOHN &#8211; B\u00d6SER PETER! Moin Wolfgang Werden wir etwa altersmilde oder was? Oder machen wir uns bereits die Hosen nass? Drei Anrufe nach Jahren der Totenstille Ich muss mich zwicken, denn immerhin war zehn Jahre nix mit Wolfgang Quix. &hellip; <a href=\"https:\/\/windpilot.com\/blog\/deutsch-yacht-delius-klasing\/wolfgang-quix\/\">Weiterlesen <span class=\"meta-nav\">&rarr;<\/span><\/a><\/p>\n","protected":false},"author":1,"featured_media":0,"parent":9971,"menu_order":-8,"comment_status":"open","ping_status":"closed","template":"","meta":{"footnotes":""},"class_list":["post-23521","page","type-page","status-publish","hentry"],"_links":{"self":[{"href":"https:\/\/windpilot.com\/blog\/wp-json\/wp\/v2\/pages\/23521","targetHints":{"allow":["GET"]}}],"collection":[{"href":"https:\/\/windpilot.com\/blog\/wp-json\/wp\/v2\/pages"}],"about":[{"href":"https:\/\/windpilot.com\/blog\/wp-json\/wp\/v2\/types\/page"}],"author":[{"embeddable":true,"href":"https:\/\/windpilot.com\/blog\/wp-json\/wp\/v2\/users\/1"}],"replies":[{"embeddable":true,"href":"https:\/\/windpilot.com\/blog\/wp-json\/wp\/v2\/comments?post=23521"}],"version-history":[{"count":22,"href":"https:\/\/windpilot.com\/blog\/wp-json\/wp\/v2\/pages\/23521\/revisions"}],"predecessor-version":[{"id":23553,"href":"https:\/\/windpilot.com\/blog\/wp-json\/wp\/v2\/pages\/23521\/revisions\/23553"}],"up":[{"embeddable":true,"href":"https:\/\/windpilot.com\/blog\/wp-json\/wp\/v2\/pages\/9971"}],"wp:attachment":[{"href":"https:\/\/windpilot.com\/blog\/wp-json\/wp\/v2\/media?parent=23521"}],"curies":[{"name":"wp","href":"https:\/\/api.w.org\/{rel}","templated":true}]}}