{"id":23569,"date":"2020-10-17T01:57:48","date_gmt":"2020-10-17T08:57:48","guid":{"rendered":"https:\/\/windpilot.com\/blog\/?page_id=23569"},"modified":"2020-10-17T05:48:11","modified_gmt":"2020-10-17T12:48:11","slug":"systemwahl","status":"publish","type":"page","link":"https:\/\/windpilot.com\/blog\/press-tv\/kaufberatung\/systemwahl\/","title":{"rendered":"Systemwahl"},"content":{"rendered":"<p><strong>PACIFIC contra PACIFIC PLUS &#8211; DIE UNTERSCHIEDE IN DER PRAXIS<\/strong><br \/>\n<img loading=\"lazy\" decoding=\"async\" src=\"https:\/\/windpilot.com\/blog\/wp-content\/uploads\/2020\/10\/Oberlehrer-low-Kopie.jpg\" alt=\"\" width=\"2196\" height=\"1596\" class=\"aligncenter size-full wp-image-23570\" srcset=\"https:\/\/windpilot.com\/blog\/wp-content\/uploads\/2020\/10\/Oberlehrer-low-Kopie.jpg 2196w, https:\/\/windpilot.com\/blog\/wp-content\/uploads\/2020\/10\/Oberlehrer-low-Kopie-300x218.jpg 300w, https:\/\/windpilot.com\/blog\/wp-content\/uploads\/2020\/10\/Oberlehrer-low-Kopie-1024x744.jpg 1024w, https:\/\/windpilot.com\/blog\/wp-content\/uploads\/2020\/10\/Oberlehrer-low-Kopie-768x558.jpg 768w, https:\/\/windpilot.com\/blog\/wp-content\/uploads\/2020\/10\/Oberlehrer-low-Kopie-1536x1116.jpg 1536w, https:\/\/windpilot.com\/blog\/wp-content\/uploads\/2020\/10\/Oberlehrer-low-Kopie-2048x1488.jpg 2048w\" sizes=\"auto, (max-width: 2196px) 100vw, 2196px\" \/>Ist das teuerste Pferd im Stall in jedem Fall die beste Wahl? Eine Frage, der die Antwort auf dem Fusse folgt. Auf keinen Fall! Auf dieser Seite werden anhand dezidierter Schiffe und Einzelf\u00e4lle, Entscheidungskriterien geschildert, die bei der Systemwahl zu bedenken sind und im Alltag auf See sp\u00e4ter eine Rolle spielen werden. Denn es gilt einen Kompromiss zu finden, und eine G\u00fcterabw\u00e4gung wichtiger gegen\u00fcber weniger wichtigen \u00dcberlegungen zu treffen, damit der Segler auf See sp\u00e4ter kein unsch\u00f6nes Erwachen erlebt &#8230; und sich am Ende selbst am Ruder stehend wiederfindet.<br \/>\n<img loading=\"lazy\" decoding=\"async\" src=\"https:\/\/windpilot.com\/blog\/wp-content\/uploads\/2020\/10\/Oberlehrer-Strich.jpg\" alt=\"\" width=\"1964\" height=\"414\" class=\"aligncenter size-full wp-image-23572\" srcset=\"https:\/\/windpilot.com\/blog\/wp-content\/uploads\/2020\/10\/Oberlehrer-Strich.jpg 1964w, https:\/\/windpilot.com\/blog\/wp-content\/uploads\/2020\/10\/Oberlehrer-Strich-300x63.jpg 300w, https:\/\/windpilot.com\/blog\/wp-content\/uploads\/2020\/10\/Oberlehrer-Strich-1024x216.jpg 1024w, https:\/\/windpilot.com\/blog\/wp-content\/uploads\/2020\/10\/Oberlehrer-Strich-768x162.jpg 768w, https:\/\/windpilot.com\/blog\/wp-content\/uploads\/2020\/10\/Oberlehrer-Strich-1536x324.jpg 1536w, https:\/\/windpilot.com\/blog\/wp-content\/uploads\/2020\/10\/Oberlehrer-Strich-940x198.jpg 940w\" sizes=\"auto, (max-width: 1964px) 100vw, 1964px\" \/><\/p>\n<p><strong>SV IKARUS &#8211; MICHAEL K. CH<\/strong><br \/>\n<img loading=\"lazy\" decoding=\"async\" src=\"https:\/\/windpilot.com\/blog\/wp-content\/uploads\/2020\/10\/image0.jpeg\" alt=\"\" width=\"640\" height=\"480\" class=\"aligncenter size-full wp-image-23576\" srcset=\"https:\/\/windpilot.com\/blog\/wp-content\/uploads\/2020\/10\/image0.jpeg 640w, https:\/\/windpilot.com\/blog\/wp-content\/uploads\/2020\/10\/image0-300x225.jpeg 300w\" sizes=\"auto, (max-width: 640px) 100vw, 640px\" \/><\/p>\n<blockquote><p>Hallo Herr Foerthmann, Ich habe eine Anfrage gestellt per Formular. Mir fehlen die Masse und ich bekomme sie erst, wenn wir die Anlage schon gerne mitnehmen w\u00fcrden, Anfangs November. Hier mal ein Bild dazu. Vielleicht kommen wir damit ja weiter &#8230;.Hauptfrage ist wohl, ob das so \u00fcberhaupt funktionieren kann hinter all dem Zeug, Dach, Sprayhood und unter dem Beiboot. Was m\u00fcsste man wie machen? Kann man das Beiboot entfernen und die Anlage nur montieren wenn es auf Langfahrt geht?<br \/>\nBesten Dank f\u00fcr die Bem\u00fchungen.<br \/>\nFreundliche Gr\u00fcsse<br \/>\nMichael K.<\/p><\/blockquote>\n<p>Nach meinem Angebot Minuten sp\u00e4ter kam diese Mail mit Fragen:<\/p>\n<blockquote><p>Hallo Herr Foerthmann<br \/>\nBesten Dank f\u00fcr das schnelle Angebot und die Informationen.\u00a0<br \/>\nIch h\u00e4tt eigentlich gern ein Notruder &#8230; bringt man die \u201cPacific plus\u201d auch zum passen an unserer Cyclade?\u00a0<\/p>\n<p>Dann w\u00e4r da die Frage, ob man die Anlage bei Nichtgebrauch auch leicht demontieren und wieder montieren kann? Wie sieht es mit diesem Bimini aus? (Beiboot kommt auf den Bug.)<\/p><\/blockquote>\n<p>Guten morgen in die Berge &#8230;<br \/>\ndas Leben ist voller Kompromisse, die man kennen sollte. Als Anbieter von Pendelrudersystemen sowie Doppelrudersystemen kann ich nat\u00fcrlich recht deutlich beraten &#8230; z.B. Pro und <strong>Contra beider Systemarten deutlichst differenzieren<\/strong>.<\/p>\n<p>Ihre Frage nach einem Hilfsruders \/ Notruders ist verst\u00e4ndlich. Meine Antwort ist deutlich, wenngleich meine Antwort schlecht f\u00fcr meine Umsatzstatistik sein wird:<\/p>\n<p>Ich rate zur Pendelruderanlage, die identische Steuerergebnisse wie die Pacific Plus garantiert, hingegen f\u00fcr Ihr Schiff enorme Vorteile bietet: kompakt, leicht zu montieren, einfach abgenommen bei Nichtgebrauch, vergleichsweise preiswert, wenn man den Preis der PP zum Vergleich im Auge beh\u00e4lt &#8211; oder z.B. nach der Hydrovane schielt.<\/p>\n<p>Die PACIFIC generiert nur geringe Lasten, die am Heck zu tragen sind, weil sie eben servodynamisch arbeitet, also ohne innenseitige Verst\u00e4rkungen an Ihrem Schiff zu montieren ist.<\/p>\n<p>Die PACIFIC PLUS w\u00fcrde ich keinesfalls empfehlen, weil daf\u00fcr enorme innenseitige Verst\u00e4rkungen elemantar wichtig werden, ansonsten reisst das System bei Schwerwetter durchaus schon mal ein Loch ins Heck ( alles schon passiert! ). Zudem sind 75 KG Gewicht eben etwas anderes als 25 KG der PACIFIC, Abnehmbarkeit ist zwar theoretisch gegeben, in der Praxis allerdings nur schwer zu realisieren &#8230; eben weil SCHWER.<\/p>\n<p>Am \u201ezerkl\u00fcfteten Heck Ihres Schiffes eine PP zu instalieren, zudem dann Verst\u00e4rkungen einzubringen .. Ohlala &#8230; ja das kann auch einen Eidgenossen aus der Ruhe bringen.<\/p>\n<p>Ich bin ein Mann der Praxis &#8230; lesen Sie einmal meine Berichte \u00fcber Havarien mit dem Ruder bei verschiedenen Seenotf\u00e4llen &#8230; und lassen sich diese Berichte auf der Zunge zergehen &#8230;<\/p>\n<blockquote class=\"wp-embedded-content\" data-secret=\"X9tZtKAbAf\"><p><a href=\"https:\/\/windpilot.com\/blog\/schiffe\/suendenfall-ruder\/ruderbruch-geschichten\/\">Orca &#8211; Havarien<\/a><\/p><\/blockquote>\n<p><iframe loading=\"lazy\" class=\"wp-embedded-content\" sandbox=\"allow-scripts\" security=\"restricted\" style=\"position: absolute; clip: rect(1px, 1px, 1px, 1px);\" title=\"&#8222;Orca &#8211; Havarien&#8220; &#8212; Windpilot Blog\" src=\"https:\/\/windpilot.com\/blog\/schiffe\/suendenfall-ruder\/ruderbruch-geschichten\/embed\/#?secret=lEDuh8AXjN#?secret=X9tZtKAbAf\" data-secret=\"X9tZtKAbAf\" width=\"600\" height=\"338\" frameborder=\"0\" marginwidth=\"0\" marginheight=\"0\" scrolling=\"no\"><\/iframe><\/p>\n<p>Vielleicht auch noch interessant, meine Lekt\u00fcre mit Hinweisen meines Wettbewerbs zu vergleichen &#8230; der allerdings kein Servosystem im Programm anzubieten hat:<\/p>\n<blockquote class=\"wp-embedded-content\" data-secret=\"0x0rXMyY5b\"><p><a href=\"https:\/\/windpilot.com\/blog\/columns\/peter-der-markt\/windpilot-hydrovane\/\">Hydrovane<\/a><\/p><\/blockquote>\n<p><iframe loading=\"lazy\" class=\"wp-embedded-content\" sandbox=\"allow-scripts\" security=\"restricted\" style=\"position: absolute; clip: rect(1px, 1px, 1px, 1px);\" title=\"&#8222;Hydrovane&#8220; &#8212; Windpilot Blog\" src=\"https:\/\/windpilot.com\/blog\/columns\/peter-der-markt\/windpilot-hydrovane\/embed\/#?secret=XwYjZVd7V0#?secret=0x0rXMyY5b\" data-secret=\"0x0rXMyY5b\" width=\"600\" height=\"338\" frameborder=\"0\" marginwidth=\"0\" marginheight=\"0\" scrolling=\"no\"><\/iframe><\/p>\n<p>F\u00fcr weitere Fragen bin ich stets nur einen Mausklick entfernt<\/p>\n<p>Allerbest<br \/>\nPeter Foerthmann<\/p>\n<p><img loading=\"lazy\" decoding=\"async\" src=\"https:\/\/windpilot.com\/blog\/wp-content\/uploads\/2020\/10\/Rio-horizontal.jpg\" alt=\"\" width=\"1890\" height=\"1648\" class=\"aligncenter size-full wp-image-23578\" srcset=\"https:\/\/windpilot.com\/blog\/wp-content\/uploads\/2020\/10\/Rio-horizontal.jpg 1890w, https:\/\/windpilot.com\/blog\/wp-content\/uploads\/2020\/10\/Rio-horizontal-300x262.jpg 300w, https:\/\/windpilot.com\/blog\/wp-content\/uploads\/2020\/10\/Rio-horizontal-1024x893.jpg 1024w, https:\/\/windpilot.com\/blog\/wp-content\/uploads\/2020\/10\/Rio-horizontal-768x670.jpg 768w, https:\/\/windpilot.com\/blog\/wp-content\/uploads\/2020\/10\/Rio-horizontal-1536x1339.jpg 1536w\" sizes=\"auto, (max-width: 1890px) 100vw, 1890px\" \/><\/p>\n<blockquote><p>Die ersten zwei Abs\u00e4tze k\u00f6nnten von mir sein! Sehr sympatisch. Nach seiner Praxiserfahrung beraten zu k\u00f6nnen ohne Verkaufsfloskeln, ist ein herrlicher Luxus.\u00a0<br \/>\nBitte schick mit also die Rechnung f\u00fcr die Anlage, die du mir empfiehlst.\u00a0<br \/>\nViele Gr\u00fcsse<br \/>\nMichael\n<\/p><\/blockquote>\n<p><img loading=\"lazy\" decoding=\"async\" src=\"https:\/\/windpilot.com\/blog\/wp-content\/uploads\/2020\/10\/P-4-Strich-scaled.jpg\" alt=\"\" width=\"2560\" height=\"756\" class=\"aligncenter size-full wp-image-23579\" srcset=\"https:\/\/windpilot.com\/blog\/wp-content\/uploads\/2020\/10\/P-4-Strich-scaled.jpg 2560w, https:\/\/windpilot.com\/blog\/wp-content\/uploads\/2020\/10\/P-4-Strich-300x89.jpg 300w, https:\/\/windpilot.com\/blog\/wp-content\/uploads\/2020\/10\/P-4-Strich-1024x303.jpg 1024w, https:\/\/windpilot.com\/blog\/wp-content\/uploads\/2020\/10\/P-4-Strich-768x227.jpg 768w, https:\/\/windpilot.com\/blog\/wp-content\/uploads\/2020\/10\/P-4-Strich-1536x454.jpg 1536w, https:\/\/windpilot.com\/blog\/wp-content\/uploads\/2020\/10\/P-4-Strich-2048x605.jpg 2048w\" sizes=\"auto, (max-width: 2560px) 100vw, 2560px\" \/><br \/>\nLieber Michael,<br \/>\nKompliment zur\u00fcck &#8230;hier kannst Du schnell erkennen, warum ich auch im biblischen Alter von 73 Jahren &#8230; nach bald einem halben Jahrhundert im Wasserbusiness &#8230; immer noch Spass an meiner Arbeit habe &#8230;. abgesehen davon, dass ich eine enorm anspruchsvolle feminine Regierungszentrale an meiner Seite habe &#8230; die mich pusht, piesackt ( Norddeutsch f\u00fcr \u00e4rgert! ), mir die Peitsche vor den Hintern knall und daf\u00fcr sorgt, dass ich niemals alt &#8230; werden kann. Will ich ja auch nicht!<\/p>\n<p>Ja Donnerschlag, dass nenne ich einen tollen Tag, von vorne bis achtern gelungen &#8230; mit wundervollen Fotos von 2 freundlich dreinblickenden Menschen, denen die pure Lebensfreude ins Gesicht geschrieben steht. <\/p>\n<p>Eine Yacht mit dem Namen Ikarus irritiert mich ein wenig, oder wird das die erste Beneteau, die sich in die Luft erhebt? <\/p>\n<p>Fragen \u00fcber Fragen &#8230;<\/p>\n<p>Hier etwas Handfestes: ich war beim Airport, habe Eure Windpilot Anlage zu meinem Agenten gebracht, ist f\u00fcr morgen beim ex EU Zoll angemeldet, danach X-Ray &#8230; und schwupps zu den braunen UPS Jungs &#8230; die dann in die Berge fliegen &#8230; und vermutlichtags darauf an Eurer T\u00fcr klingeln werden &#8230; Tracking Info kommt morgen, wenn die UPS boys die Box in Empfang genommen haben &#8230;<\/p>\n<p>Ja &#8230; wir sind schnell &#8230; <\/p>\n<p>Einen schnieken Abend w\u00fcnscht<br \/>\nder Peter<br \/>\nHamburg 17.10.2020<\/p>\n","protected":false},"excerpt":{"rendered":"<p>PACIFIC contra PACIFIC PLUS &#8211; DIE UNTERSCHIEDE IN DER PRAXIS Ist das teuerste Pferd im Stall in jedem Fall die beste Wahl? Eine Frage, der die Antwort auf dem Fusse folgt. Auf keinen Fall! Auf dieser Seite werden anhand dezidierter &hellip; <a href=\"https:\/\/windpilot.com\/blog\/press-tv\/kaufberatung\/systemwahl\/\">Weiterlesen <span class=\"meta-nav\">&rarr;<\/span><\/a><\/p>\n","protected":false},"author":1,"featured_media":0,"parent":23567,"menu_order":0,"comment_status":"open","ping_status":"closed","template":"","meta":{"footnotes":""},"class_list":["post-23569","page","type-page","status-publish","hentry"],"_links":{"self":[{"href":"https:\/\/windpilot.com\/blog\/wp-json\/wp\/v2\/pages\/23569","targetHints":{"allow":["GET"]}}],"collection":[{"href":"https:\/\/windpilot.com\/blog\/wp-json\/wp\/v2\/pages"}],"about":[{"href":"https:\/\/windpilot.com\/blog\/wp-json\/wp\/v2\/types\/page"}],"author":[{"embeddable":true,"href":"https:\/\/windpilot.com\/blog\/wp-json\/wp\/v2\/users\/1"}],"replies":[{"embeddable":true,"href":"https:\/\/windpilot.com\/blog\/wp-json\/wp\/v2\/comments?post=23569"}],"version-history":[{"count":10,"href":"https:\/\/windpilot.com\/blog\/wp-json\/wp\/v2\/pages\/23569\/revisions"}],"predecessor-version":[{"id":23587,"href":"https:\/\/windpilot.com\/blog\/wp-json\/wp\/v2\/pages\/23569\/revisions\/23587"}],"up":[{"embeddable":true,"href":"https:\/\/windpilot.com\/blog\/wp-json\/wp\/v2\/pages\/23567"}],"wp:attachment":[{"href":"https:\/\/windpilot.com\/blog\/wp-json\/wp\/v2\/media?parent=23569"}],"curies":[{"name":"wp","href":"https:\/\/api.w.org\/{rel}","templated":true}]}}