{"id":23615,"date":"2020-10-24T11:13:01","date_gmt":"2020-10-24T18:13:01","guid":{"rendered":"https:\/\/windpilot.com\/blog\/?page_id=23615"},"modified":"2020-10-25T06:50:25","modified_gmt":"2020-10-25T13:50:25","slug":"tom-cunliffe","status":"publish","type":"page","link":"https:\/\/windpilot.com\/blog\/press-tv\/autopilot\/tom-cunliffe\/","title":{"rendered":"Tom Cunliffe"},"content":{"rendered":"<p><strong>22 TONNEN GAFFELKUTTER WESTERNMANN GESTEUERT VON RAYMARINE PINNENPILOT<\/strong><br \/>\n<img loading=\"lazy\" decoding=\"async\" src=\"https:\/\/windpilot.com\/blog\/wp-content\/uploads\/2020\/10\/Westerman-horizontal.jpg\" alt=\"\" width=\"1630\" height=\"1334\" class=\"aligncenter size-full wp-image-23620\" srcset=\"https:\/\/windpilot.com\/blog\/wp-content\/uploads\/2020\/10\/Westerman-horizontal.jpg 1630w, https:\/\/windpilot.com\/blog\/wp-content\/uploads\/2020\/10\/Westerman-horizontal-300x246.jpg 300w, https:\/\/windpilot.com\/blog\/wp-content\/uploads\/2020\/10\/Westerman-horizontal-1024x838.jpg 1024w, https:\/\/windpilot.com\/blog\/wp-content\/uploads\/2020\/10\/Westerman-horizontal-768x629.jpg 768w, https:\/\/windpilot.com\/blog\/wp-content\/uploads\/2020\/10\/Westerman-horizontal-1536x1257.jpg 1536w\" sizes=\"auto, (max-width: 1630px) 100vw, 1630px\" \/>An einem sonnigen Sommernachmittag steuert wohl jeder mal gerne, aber nach den ersten paar Stunden wird das Steuern dann meistens zur eher l\u00e4stigen Pflicht. Abgesehen von Zauberern wie dem Pionier aller Einhand-Weltumsegler, Joshua Slocum in seiner\u00a0Spray, waren es die ersten Einhandrennen der 1960er Jahre, die diese harte Nuss des selbstst\u00e4ndigen Steuerns endlich geknackt haben. Sir Francis Chichesters Idee eines kleinen Segels, welches auf das Ruder wirkt, hat noch meilenweit daneben gelegen, aber Blondie Haslers \u201eServo-Pendelruder\u201c hatte schon mehr als nur einen Hauch des Genialen. Bis heute ist dies die Basis vieler Systeme und in den 1970er Jahren habe ich mein eigenes Boot mit einer Gunning-Anlage ausger\u00fcstet, die ebenfalls dieses Prinzip verwendete. Wie so viele der fr\u00fchen Windsteueranlagen sah auch diese aus, als habe sie jemand in seiner Garage zusammengebraten, aber sie hat mich nie im Stich gelassen und abertausende Seemeilen mit faszinierender Pr\u00e4zision gearbeitet.<br \/>\n<img loading=\"lazy\" decoding=\"async\" src=\"https:\/\/windpilot.com\/blog\/wp-content\/uploads\/2020\/10\/Gunning-Tom.jpg\" alt=\"\" width=\"1642\" height=\"1266\" class=\"aligncenter size-full wp-image-23618\" srcset=\"https:\/\/windpilot.com\/blog\/wp-content\/uploads\/2020\/10\/Gunning-Tom.jpg 1642w, https:\/\/windpilot.com\/blog\/wp-content\/uploads\/2020\/10\/Gunning-Tom-300x231.jpg 300w, https:\/\/windpilot.com\/blog\/wp-content\/uploads\/2020\/10\/Gunning-Tom-1024x790.jpg 1024w, https:\/\/windpilot.com\/blog\/wp-content\/uploads\/2020\/10\/Gunning-Tom-768x592.jpg 768w, https:\/\/windpilot.com\/blog\/wp-content\/uploads\/2020\/10\/Gunning-Tom-1536x1184.jpg 1536w\" sizes=\"auto, (max-width: 1642px) 100vw, 1642px\" \/>Sp\u00e4ter baute ich einen Windpilot an meinen 22-Tonnen Gaffelkutter\u00a0Westernman. Die Ruderausschl\u00e4ge waren hier nicht exzessiv, aber um die sieben Fu\u00df lange, eiserne Pinne ab Windst\u00e4rke vier noch bewegen zu k\u00f6nnen, ben\u00f6tigten wir die Hilfe einer Talje. Dieses Schiff mit kleiner Besatzung zu segeln w\u00e4re ohne eine Form der Selbststeuerung also ziemlich anstrengend geworden. Tats\u00e4chlich hatten wir das Schiff zu dritt und ohne Selbststeuerung \u00fcber den Nordatlantik gesegelt. Als wir endlich auf den Isles of Scilly ankamen w\u00e4hrend sich der vierte Sturm der Reise austobte kamen wir uns vor, als w\u00e4ren wir die ganze Zeit im Fitnessstudio gewesen, mit dem Teufel pers\u00f6nlich als pers\u00f6nlichen Trainer! Dabei ist es nicht so, dass dieses Schiff schlecht getrimmt gewesen w\u00e4re. Es war einfach nur ein schwerer Gaffelkutter mit einem sehr gro\u00dfen Rigg.<br \/>\nWenn Sie jetzt denken, mein altes Boot w\u00e4re f\u00fcr Sie irrelevant, bedenken Sie dies: Wenn man ein Schiff wie\u00a0Westernman dazu bringen kann, von einer Selbststeueranlage gelenkt zu werden, dann ist das Steuern einer modernen Yacht f\u00fcr die gleiche Art von Anlage ein Kinderspiel.<br \/>\n\u00a0<br \/>\n<strong>Das Servo-Pendelruder<\/strong><br \/>\nDas Servo-Pendelruder nutzt die Kraft des vorbeistr\u00f6menden Wassers, um die Wirkung des Windes auf das Ruder erheblich zu verst\u00e4rken. Eine Windfahne wird so eingestellt, dass sie im Wind \u201efedert\u201c, wenn das Boot auf Kurs ist. Ger\u00e4t es vom Kurs ab, wird mehr Wind auf der einen oder der anderen Seite der Windfahne treffen. Ganz gleich, ob die Windfahne auf einer vertikalen oder horizontalen Achse dreht, wird sie sich nach Lee ausweichen. Diese Drehung aktiviert das Servoruder, ein schmales Ruderblatt, welches unterhalb der Anlage durchs Wasser gezogen wird. Dieses \u201ePaddel\u201c wird durch die Windfahne etwas gedreht, so dass es sofort von der Str\u00f6mung auf die eine oder andere Seite gedr\u00fcckt wird wie ein Pendel. Um die enorme Kraft dieses Mechanismus zu verstehen, kann man es mal mit einem richtigen Paddel ausprobieren, w\u00e4hrend man mit dem Dinghy an Land motort. Sie werden sich wundern!<br \/>\n<img loading=\"lazy\" decoding=\"async\" src=\"https:\/\/windpilot.com\/blog\/wp-content\/uploads\/2020\/10\/Tom-Pacific.jpg\" alt=\"\" width=\"1958\" height=\"1830\" class=\"aligncenter size-full wp-image-23622\" srcset=\"https:\/\/windpilot.com\/blog\/wp-content\/uploads\/2020\/10\/Tom-Pacific.jpg 1958w, https:\/\/windpilot.com\/blog\/wp-content\/uploads\/2020\/10\/Tom-Pacific-300x280.jpg 300w, https:\/\/windpilot.com\/blog\/wp-content\/uploads\/2020\/10\/Tom-Pacific-1024x957.jpg 1024w, https:\/\/windpilot.com\/blog\/wp-content\/uploads\/2020\/10\/Tom-Pacific-768x718.jpg 768w, https:\/\/windpilot.com\/blog\/wp-content\/uploads\/2020\/10\/Tom-Pacific-1536x1436.jpg 1536w\" sizes=\"auto, (max-width: 1958px) 100vw, 1958px\" \/>Die seitliche Pendelbewegung wird durch Leinen \u00fcbertragen, die entweder auf die Pinne oder das Steuerrad wirken und so das Ruder entsprechend legen. Auf der\u00a0Windpilot Webseite\u00a0wird das Prinzip gut erkl\u00e4rt \u2013 in der Animation rechts und halb unten.<br \/>\n<img loading=\"lazy\" decoding=\"async\" src=\"https:\/\/windpilot.com\/blog\/wp-content\/uploads\/2020\/10\/13-Tiller-lines-1536x1152-1.jpg\" alt=\"\" width=\"1536\" height=\"1152\" class=\"aligncenter size-full wp-image-23623\" srcset=\"https:\/\/windpilot.com\/blog\/wp-content\/uploads\/2020\/10\/13-Tiller-lines-1536x1152-1.jpg 1536w, https:\/\/windpilot.com\/blog\/wp-content\/uploads\/2020\/10\/13-Tiller-lines-1536x1152-1-300x225.jpg 300w, https:\/\/windpilot.com\/blog\/wp-content\/uploads\/2020\/10\/13-Tiller-lines-1536x1152-1-1024x768.jpg 1024w, https:\/\/windpilot.com\/blog\/wp-content\/uploads\/2020\/10\/13-Tiller-lines-1536x1152-1-768x576.jpg 768w\" sizes=\"auto, (max-width: 1536px) 100vw, 1536px\" \/>Wenn das Paddel sich seitw\u00e4rts bewegt, zieht es die Pinne mit oder dreht das Rad, bis das Boot wieder auf Kurs ist, mit dem urspr\u00fcnglichen Winkel zum scheinbaren Wind. Die Windfahne und das Servoruder richten sich nun wieder in der neutralen Position aus, bis das Boot erneut vom Kurs abweicht, die Windfahne von einer Seite mehr Wind bekommt, das Servoruder dreht und auspendelt und so weiter. Mit einer ausgereiften Anlage wird auf diese Weise ein erstaunlich gerader Kurs gesteuert werden.<br \/>\nUnter Motor jedoch und in den st\u00e4ndig sich \u00e4ndernden Windbedingungen mit B\u00f6en und Drehern unter der K\u00fcste funktioniert das nicht. Die L\u00f6sung daf\u00fcr zu finden, erforderte kreatives Denken und einen Pinnenpilot. Ich besorgte mir einen gro\u00dfen Raymarine Autohelm 4000, aber die meisten Boote kommen gut klar mit den kleinen, einfachen Pinnenpiloten, die es am Markt gibt.<br \/>\nZuerst baute ich den Autohelm direkt an der Pinne an. Dort hatte die Anlage keine Chance und es sah ganz nach einem Fehlkauf aus, bis ich eines Tages ein kleines Loch in meiner Windpilot Anlage entdeckte.<br \/>\n<img loading=\"lazy\" decoding=\"async\" src=\"https:\/\/windpilot.com\/blog\/wp-content\/uploads\/2020\/10\/Pin-AP.jpg\" alt=\"\" width=\"1744\" height=\"806\" class=\"aligncenter size-full wp-image-23624\" srcset=\"https:\/\/windpilot.com\/blog\/wp-content\/uploads\/2020\/10\/Pin-AP.jpg 1744w, https:\/\/windpilot.com\/blog\/wp-content\/uploads\/2020\/10\/Pin-AP-300x139.jpg 300w, https:\/\/windpilot.com\/blog\/wp-content\/uploads\/2020\/10\/Pin-AP-1024x473.jpg 1024w, https:\/\/windpilot.com\/blog\/wp-content\/uploads\/2020\/10\/Pin-AP-768x355.jpg 768w, https:\/\/windpilot.com\/blog\/wp-content\/uploads\/2020\/10\/Pin-AP-1536x710.jpg 1536w\" sizes=\"auto, (max-width: 1744px) 100vw, 1744px\" \/>Ich \u00fcberlegte, ob der kleine Nirostabolzen, der von Autohelm mitgeliefert wird, passen w\u00fcrde. Ich hatte noch einen \u00fcber und er passte wie angegossen. Offensichtlich war das Loch genau f\u00fcr diesen Zweck dort, und so klebte ich den Bolzen darin fest. W\u00e4hrend das Epoxy hart wurde, paste ich den Pinnenpilot an und bohrte dann ein Loch in das h\u00f6lzerne Schanzkleid meines Bootes, in dem das andere Ende befestigt werden sollte. Raymarine hatte sogar eine zweite Buchse f\u00fcr dieses Loch mitgeliefert.<br \/>\n<img loading=\"lazy\" decoding=\"async\" src=\"https:\/\/windpilot.com\/blog\/wp-content\/uploads\/2020\/10\/6-The-socket-in-the-taffrail-1024x768-1.jpg\" alt=\"\" width=\"1024\" height=\"768\" class=\"aligncenter size-full wp-image-23626\" srcset=\"https:\/\/windpilot.com\/blog\/wp-content\/uploads\/2020\/10\/6-The-socket-in-the-taffrail-1024x768-1.jpg 1024w, https:\/\/windpilot.com\/blog\/wp-content\/uploads\/2020\/10\/6-The-socket-in-the-taffrail-1024x768-1-300x225.jpg 300w, https:\/\/windpilot.com\/blog\/wp-content\/uploads\/2020\/10\/6-The-socket-in-the-taffrail-1024x768-1-768x576.jpg 768w\" sizes=\"auto, (max-width: 1024px) 100vw, 1024px\" \/>Schon eine Stunde sp\u00e4ter baute ich die Windfahne ab und meine neue Anlage auf. Statt die riesige, schwerg\u00e4ngige Pinne bewegen zu m\u00fcssen, brauchte der Pinnenpilot nun lediglich am Servoruder zu zupfen. Statt wie bisher vom Wind, wurde das jetzt vom elektrischen Pinnenpilot bewegt und das Boot wurde nun statt in einem best\u00e4ndigen Winkel zum Wind auf einem best\u00e4ndigen Kompasskurs gesteuert. Das geht nat\u00fcrlich auch beim Segeln. Und wann immer der Wind leicht oder launisch ist, benutze ich jetzt nicht die Windfahne, sondern den auf diese Weise eingesetzten Pinnenpiloten zum Steuern.<br \/>\n<img loading=\"lazy\" decoding=\"async\" src=\"https:\/\/windpilot.com\/blog\/wp-content\/uploads\/2020\/10\/7-A-small-refinement-1024x768-1.jpg\" alt=\"\" width=\"1024\" height=\"768\" class=\"aligncenter size-full wp-image-23627\" srcset=\"https:\/\/windpilot.com\/blog\/wp-content\/uploads\/2020\/10\/7-A-small-refinement-1024x768-1.jpg 1024w, https:\/\/windpilot.com\/blog\/wp-content\/uploads\/2020\/10\/7-A-small-refinement-1024x768-1-300x225.jpg 300w, https:\/\/windpilot.com\/blog\/wp-content\/uploads\/2020\/10\/7-A-small-refinement-1024x768-1-768x576.jpg 768w\" sizes=\"auto, (max-width: 1024px) 100vw, 1024px\" \/>Der Stromverbrauch ist kaum merkbar, weil der kleine Motor im Pinnenpilot die schwere Arbeit nun \u00fcber das Servoruder erledigen l\u00e4sst. Das wiederum liebt diese Arbeit!<br \/>\n<img loading=\"lazy\" decoding=\"async\" src=\"https:\/\/windpilot.com\/blog\/wp-content\/uploads\/2020\/10\/8-Working-fine-in-a-gale-of-wind-2048x1493-1.jpg\" alt=\"\" width=\"2048\" height=\"1493\" class=\"aligncenter size-full wp-image-23628\" srcset=\"https:\/\/windpilot.com\/blog\/wp-content\/uploads\/2020\/10\/8-Working-fine-in-a-gale-of-wind-2048x1493-1.jpg 2048w, https:\/\/windpilot.com\/blog\/wp-content\/uploads\/2020\/10\/8-Working-fine-in-a-gale-of-wind-2048x1493-1-300x219.jpg 300w, https:\/\/windpilot.com\/blog\/wp-content\/uploads\/2020\/10\/8-Working-fine-in-a-gale-of-wind-2048x1493-1-1024x747.jpg 1024w, https:\/\/windpilot.com\/blog\/wp-content\/uploads\/2020\/10\/8-Working-fine-in-a-gale-of-wind-2048x1493-1-768x560.jpg 768w, https:\/\/windpilot.com\/blog\/wp-content\/uploads\/2020\/10\/8-Working-fine-in-a-gale-of-wind-2048x1493-1-1536x1120.jpg 1536w\" sizes=\"auto, (max-width: 2048px) 100vw, 2048px\" \/>Je mehr Fahrt wir durchs Wasser machen, desto energischer steuert das Pendelruder und das Schiff kann sich auch auf diese Art \u00fcber tausende von Meilen selber fahren. Dabei ist es ruhig, weil die Ger\u00e4usche vom Pinnenpilot nur ganz weit achtern entstehen. Wir hatten einen Pinnenpiloten, der jahrelang ohne jegliche Wartung gearbeitet hat.<br \/>\n\u00a0<br \/>\n<strong>Wie man die beiden miteinander verbindet<\/strong><br \/>\nFalls Ihre Windsteueranlage schon ein Loch f\u00fcr den Bolzen des Pinnenpiloten an der richtigen Stelle hat, so wie es bei meiner Windpilot-Anlage der Fall war, ist das ganz einfach. Sonst muss man selber bohren. Das Loch sollte f\u00fcr den Bolzen eng sein, da das System Stunde um Stunde daran zerrt und schiebt. \u00a0Das andere Ende des Pinnenpiloten auf einem h\u00f6lzernen Schanzkleid zu befestigen ist noch einfacher. Der Pinenpilot sollte in neutraler Position an der Windsteueranlage befestigt sein. Dann die Stelle markieren, wo der Stift des Pinnenpiloten auf dem Holz landet. Dort das Loch f\u00fcr die Buchse des Pinnenpiloten bohren und die Buchse mit einem Klecks Epoxy hineindr\u00fccken. Wenn es keinen guten Befestigungspunkt auf dem Schanzkleid gibt, kann man normalerweise etwas am Heckkorb imprivisieren. Die Kr\u00e4fte, die hier wirken, sind praktisch zu vernachl\u00e4ssigen.<br \/>\n<img loading=\"lazy\" decoding=\"async\" src=\"https:\/\/windpilot.com\/blog\/wp-content\/uploads\/2020\/10\/9-Windpilot-without-the-vane-2048x1536-1.jpg\" alt=\"\" width=\"2048\" height=\"1536\" class=\"aligncenter size-full wp-image-23629\" srcset=\"https:\/\/windpilot.com\/blog\/wp-content\/uploads\/2020\/10\/9-Windpilot-without-the-vane-2048x1536-1.jpg 2048w, https:\/\/windpilot.com\/blog\/wp-content\/uploads\/2020\/10\/9-Windpilot-without-the-vane-2048x1536-1-300x225.jpg 300w, https:\/\/windpilot.com\/blog\/wp-content\/uploads\/2020\/10\/9-Windpilot-without-the-vane-2048x1536-1-1024x768.jpg 1024w, https:\/\/windpilot.com\/blog\/wp-content\/uploads\/2020\/10\/9-Windpilot-without-the-vane-2048x1536-1-768x576.jpg 768w, https:\/\/windpilot.com\/blog\/wp-content\/uploads\/2020\/10\/9-Windpilot-without-the-vane-2048x1536-1-1536x1152.jpg 1536w\" sizes=\"auto, (max-width: 2048px) 100vw, 2048px\" \/>Unter Umst\u00e4nden wird eine Verl\u00e4ngerung der Schubstange des Pinnenpiloten n\u00f6tig sein; Raymarine bietet eine als Extra an. Ansonsten muss man eben etwas aus Holz, Plastik, oder was auch immer gerade in der Werkstatt herumliegt, bauen. Sollte es gerade nicht passen, dass die Schubstange vor- und zur\u00fcck arbeiten kann, kein Problem. Man muss nur den Kopf der Windanlage drehen, als w\u00fcrde man die Windfahne zum Wind ausrichten, bis es passt.<br \/>\n<img loading=\"lazy\" decoding=\"async\" src=\"https:\/\/windpilot.com\/blog\/wp-content\/uploads\/2020\/10\/11-Mounting-the-unit-scaled-1.jpg\" alt=\"\" width=\"1500\" height=\"1125\" class=\"aligncenter size-full wp-image-23630\" srcset=\"https:\/\/windpilot.com\/blog\/wp-content\/uploads\/2020\/10\/11-Mounting-the-unit-scaled-1.jpg 1500w, https:\/\/windpilot.com\/blog\/wp-content\/uploads\/2020\/10\/11-Mounting-the-unit-scaled-1-300x225.jpg 300w, https:\/\/windpilot.com\/blog\/wp-content\/uploads\/2020\/10\/11-Mounting-the-unit-scaled-1-1024x768.jpg 1024w, https:\/\/windpilot.com\/blog\/wp-content\/uploads\/2020\/10\/11-Mounting-the-unit-scaled-1-768x576.jpg 768w\" sizes=\"auto, (max-width: 1500px) 100vw, 1500px\" \/>Allerdings braucht man etwas gesunden Menschenverstand um die Bewegungen des Pinnenpiloten zur Kurskorrektur dem Arm der Windsteueranlage anzupassen. Die ben\u00f6tigten handwerklichen F\u00e4higkeiten dagegen sind so einfach, wie es nur geht. Und das ist dann auch schon alles.<br \/>\n<img loading=\"lazy\" decoding=\"async\" src=\"https:\/\/windpilot.com\/blog\/wp-content\/uploads\/2020\/10\/Heck.jpg\" alt=\"\" width=\"1960\" height=\"1730\" class=\"aligncenter size-full wp-image-23632\" srcset=\"https:\/\/windpilot.com\/blog\/wp-content\/uploads\/2020\/10\/Heck.jpg 1960w, https:\/\/windpilot.com\/blog\/wp-content\/uploads\/2020\/10\/Heck-300x265.jpg 300w, https:\/\/windpilot.com\/blog\/wp-content\/uploads\/2020\/10\/Heck-1024x904.jpg 1024w, https:\/\/windpilot.com\/blog\/wp-content\/uploads\/2020\/10\/Heck-768x678.jpg 768w, https:\/\/windpilot.com\/blog\/wp-content\/uploads\/2020\/10\/Heck-1536x1356.jpg 1536w\" sizes=\"auto, (max-width: 1960px) 100vw, 1960px\" \/><\/p>\n<p><strong>Andere Systeme<\/strong><br \/>\nAuf meinem Boot hatte ich eine\u00a0Windpilot\u00a0Windsteueranlage mit einem\u00a0<a href=\"https:\/\/www.raymarine.com\">Raymarine Autohelm<\/a> verbunden, aber es gibt keinen Grund, warum das nicht auch mit anderen Herstellern von Selbststeueranlagen oder Pinnenpiloten funktionieren sollte. Nutzer von Hydrovane Windsteueranlagen haben ein \u00e4hnliches System erfolgreich benutzt, ohne das Servoruder. Hier wird ein balancirtes Hilfsruder eingesetzt und ich bin mir sicher, dass auch das bestens funktioniert, wenn man es mit einem Pinnenpiloten statt mit der Windfahne steuern l\u00e4sst.<\/p>\n<p>Tom Cunliffe in oct 2020<br \/>\n<img loading=\"lazy\" decoding=\"async\" src=\"https:\/\/windpilot.com\/blog\/wp-content\/uploads\/2020\/10\/Tom--150x150.jpg\" alt=\"\" width=\"150\" height=\"150\" class=\"alignleft size-thumbnail wp-image-23644\" \/><br \/>\n<a href=\"https:\/\/literaturboot.de\/2015\/02\/profiwissen-fur-segler\/\">Hier geht es zu Tom\u2019s Buch \u201eProfiwissen f\u00fcr Segler\u201c<\/a><br \/>\n<a href=\"https:\/\/www.buecher.de\/ni\/search_search\/quick_search\/q\/cXVlcnk9VG9tK0N1bmxpZmZlJnJlc3VsdHM9MTU=\/wea\/1160025\/?ref=551329&#038;awc=14191_1603563070_1b2d7c76c724c2c8a4bfe75383426488&#038;awc=14191_1603563070_1b2d7c76c724c2c8a4bfe75383426488&#038;utm_source=awin_de&#038;utm_medium=affiliate&#038;utm_campaign=551329&#038;ref=551329\">Hier geht es zu weiteren B\u00fcchern von Tom Cunliffe<\/a><br \/>\n<a href=\"https:\/\/www.tomcunliffe.com\">Hier geht es zur englischen Webseite von Tom Cunliffe<\/a><br \/>\n<a href=\"https:\/\/literaturboot.de\/2020\/10\/tom-cunliffe-ueber-den-einsatz-eines-pinnenpiloten-um-eine-windfahnensteuerung-nach-kompasskurs-steuern-zu-lassen\/\">Hier geht es zum Blog von Literaturboot.de<\/a>\u00a0<\/p>\n","protected":false},"excerpt":{"rendered":"<p>22 TONNEN GAFFELKUTTER WESTERNMANN GESTEUERT VON RAYMARINE PINNENPILOT An einem sonnigen Sommernachmittag steuert wohl jeder mal gerne, aber nach den ersten paar Stunden wird das Steuern dann meistens zur eher l\u00e4stigen Pflicht. Abgesehen von Zauberern wie dem Pionier aller Einhand-Weltumsegler, &hellip; <a href=\"https:\/\/windpilot.com\/blog\/press-tv\/autopilot\/tom-cunliffe\/\">Weiterlesen <span class=\"meta-nav\">&rarr;<\/span><\/a><\/p>\n","protected":false},"author":1,"featured_media":0,"parent":21089,"menu_order":-3,"comment_status":"closed","ping_status":"closed","template":"","meta":{"footnotes":""},"class_list":["post-23615","page","type-page","status-publish","hentry"],"_links":{"self":[{"href":"https:\/\/windpilot.com\/blog\/wp-json\/wp\/v2\/pages\/23615","targetHints":{"allow":["GET"]}}],"collection":[{"href":"https:\/\/windpilot.com\/blog\/wp-json\/wp\/v2\/pages"}],"about":[{"href":"https:\/\/windpilot.com\/blog\/wp-json\/wp\/v2\/types\/page"}],"author":[{"embeddable":true,"href":"https:\/\/windpilot.com\/blog\/wp-json\/wp\/v2\/users\/1"}],"replies":[{"embeddable":true,"href":"https:\/\/windpilot.com\/blog\/wp-json\/wp\/v2\/comments?post=23615"}],"version-history":[{"count":10,"href":"https:\/\/windpilot.com\/blog\/wp-json\/wp\/v2\/pages\/23615\/revisions"}],"predecessor-version":[{"id":23647,"href":"https:\/\/windpilot.com\/blog\/wp-json\/wp\/v2\/pages\/23615\/revisions\/23647"}],"up":[{"embeddable":true,"href":"https:\/\/windpilot.com\/blog\/wp-json\/wp\/v2\/pages\/21089"}],"wp:attachment":[{"href":"https:\/\/windpilot.com\/blog\/wp-json\/wp\/v2\/media?parent=23615"}],"curies":[{"name":"wp","href":"https:\/\/api.w.org\/{rel}","templated":true}]}}