{"id":23649,"date":"2020-10-25T08:16:21","date_gmt":"2020-10-25T15:16:21","guid":{"rendered":"https:\/\/windpilot.com\/blog\/?page_id=23649"},"modified":"2020-10-25T08:16:21","modified_gmt":"2020-10-25T15:16:21","slug":"schrauben-kontrolle","status":"publish","type":"page","link":"https:\/\/windpilot.com\/blog\/press-tv\/service-tipps\/schrauben-kontrolle\/","title":{"rendered":"Schrauben Kontrolle"},"content":{"rendered":"<p><strong>ALLT\u00c4GLICHKEITEN AUS DER KONZERNZENTRALE<\/strong><\/p>\n<p><img loading=\"lazy\" decoding=\"async\" src=\"https:\/\/windpilot.com\/blog\/wp-content\/uploads\/2018\/04\/wp3-Kopie.jpeg\" alt=\"\" width=\"1280\" height=\"848\" class=\"aligncenter size-full wp-image-17839\" srcset=\"https:\/\/windpilot.com\/blog\/wp-content\/uploads\/2018\/04\/wp3-Kopie.jpeg 1280w, https:\/\/windpilot.com\/blog\/wp-content\/uploads\/2018\/04\/wp3-Kopie-300x199.jpeg 300w, https:\/\/windpilot.com\/blog\/wp-content\/uploads\/2018\/04\/wp3-Kopie-768x509.jpeg 768w, https:\/\/windpilot.com\/blog\/wp-content\/uploads\/2018\/04\/wp3-Kopie-1024x678.jpeg 1024w\" sizes=\"auto, (max-width: 1280px) 100vw, 1280px\" \/><\/p>\n<p>Hallo Peter Foerthmann,<br \/>\nich hoffe, es geht Ihnen gut und der Fr\u00fchling steht vor der T\u00fcr.<br \/>\nDie Windpilot Pacific hat mich nun bis Panama gebracht, viele karibische Gr\u00fc\u00dfe aus Panama also! Ich bin insgesamt sehr zufrieden und gl\u00fccklich, dass die Anlage mich so zuverl\u00e4ssig an der Pinne vertritt, und ich so das Dahinschippern genie\u00dfen kann.<\/p>\n<p><img loading=\"lazy\" decoding=\"async\" src=\"https:\/\/windpilot.com\/blog\/wp-content\/uploads\/2018\/04\/Docks-Kopie.jpeg\" alt=\"\" width=\"1280\" height=\"960\" class=\"aligncenter size-full wp-image-17841\" srcset=\"https:\/\/windpilot.com\/blog\/wp-content\/uploads\/2018\/04\/Docks-Kopie.jpeg 1280w, https:\/\/windpilot.com\/blog\/wp-content\/uploads\/2018\/04\/Docks-Kopie-300x225.jpeg 300w, https:\/\/windpilot.com\/blog\/wp-content\/uploads\/2018\/04\/Docks-Kopie-768x576.jpeg 768w, https:\/\/windpilot.com\/blog\/wp-content\/uploads\/2018\/04\/Docks-Kopie-1024x768.jpeg 1024w\" sizes=\"auto, (max-width: 1280px) 100vw, 1280px\" \/><\/p>\n<p>Auf der letzten Teilstrecken hierher, gab es kleine Problemchen, die ich Ihnen gern schildern w\u00fcrde:<br \/>\n&#8211; Schrauben 261 haben sich mehrfach gel\u00f6st, habe die kleine Schrauben nicht zu fest ziehen wollen, ggf. LOGTITE?<br \/>\n&#8211; Windpilot hat sich selber verstellt, eigenst\u00e4ndig h\u00f6her an den Wind gegangen,  benutze keine Fernbedienung, die das Einstellrad 270 ist sehr leichtg\u00e4ngig geworden.<br \/>\n&#8211; \u201eKLACKer\u201c Ger\u00e4usche von der Schubstange, wenn die Windfahne \u00fcber die Schubstande die Richtung \u00e4ndert, beim Kegelrand klein 305.<br \/>\n&#8211; Ist das Spiel am kleinen Kegelrad normal?<br \/>\nF\u00fcr jeden Hinweis, vielen Dank im Voraus.<br \/>\nGibt es Ersatzteile f\u00fcr die Windpilot Pacific, die man erfahrungsgem\u00e4\u00df mit in den Pazifik nehmen sollte?<\/p>\n<p>Vielen Dank und sonnige Gr\u00fc\u00dfe<br \/>\nSebastian Groth,    SV FRIDA; BENETEAU FIRST 35; 1984  <a href=\"https:\/\/www.instagram.com\/svfrida\/\">INSTAGRAM<\/a> <\/p>\n<p><strong>WENIGE MINUTEN SP\u00c4TER DIE ANTWORT AUS DEM HEAD OFFICE:<\/strong><\/p>\n<p>Moin Sebastian Groth<br \/>\ndanke f\u00fcr sonnige Gr\u00fcsse aus Panama &#8230;<br \/>\nIn der Tat ist hier alles klar auf der Andrea Doria &#8230; abgesehen vom Wetter, das immer noch beschissen ist&#8230; jedoch macht uns das im Herzen: NIX.<\/p>\n<p><strong>Kleine Ursachen &#8230; dicke Wirkung<\/strong> &#8211; hier die L\u00f6sungen der Quizfragen:<br \/>\n&#8211; 261: kleiner Tupfer Loktite<br \/>\n&#8211; Windfahne verstellt sich von selbst?  einfach mal die Madenschraube #131 auf korrekten Sitz pr\u00fcfen. Meine Vermutung: sie hat sich gel\u00f6st, weshalb sich nun der Katzenkopf 130 frei auf dem Rohr 141 dreht. BITTE PR\u00dcFEN: ob die Madenschraube im vorgesehen LOCH im Rohr 141 eingerastet und festgezogen ist ( Gussteil 130 einfach mal anheben und die Chose kontrollieren, braucht man nix weiter zu l\u00f6sen,<a href=\"https:\/\/windpilot.com\/n\/wind\/de\/serv\/manu\/zeipacific\">SIEHE ZEICHNUNG<\/a><br \/>\n&#8211; Spiel in den Kegelr\u00e4dern ist PERFEKT, hier immer mal wieder mit Teflon Spray die Salzkristalle l\u00f6sen &#8230; soviel Zeit muss sein, auch wenn ansonsten Langeweile herrscht.<br \/>\n&#8211; ACHTUNG: Schraube 334 ist INNEN IM GUSSTEIL durch Mutter 331 gekontert !!! NIEMALS die Schraube 334 versuchen zu drehen &#8211; man ruiniert ansonsten das Gewinde im Gussteil !!!<br \/>\n&#8211; KLACK KLACK: Mutter 156 festziehen, allerdings niemals stramm, weil ansonsten die Windfahne nicht mehr frei um die Schubstange drehen kann.<\/p>\n<p><img loading=\"lazy\" decoding=\"async\" src=\"https:\/\/windpilot.com\/blog\/wp-content\/uploads\/2018\/04\/WhatsApp-Image-2018-03-03-at-17.34.501.jpeg\" alt=\"\" width=\"1600\" height=\"900\" class=\"aligncenter size-full wp-image-17842\" srcset=\"https:\/\/windpilot.com\/blog\/wp-content\/uploads\/2018\/04\/WhatsApp-Image-2018-03-03-at-17.34.501.jpeg 1600w, https:\/\/windpilot.com\/blog\/wp-content\/uploads\/2018\/04\/WhatsApp-Image-2018-03-03-at-17.34.501-300x169.jpeg 300w, https:\/\/windpilot.com\/blog\/wp-content\/uploads\/2018\/04\/WhatsApp-Image-2018-03-03-at-17.34.501-768x432.jpeg 768w, https:\/\/windpilot.com\/blog\/wp-content\/uploads\/2018\/04\/WhatsApp-Image-2018-03-03-at-17.34.501-1024x576.jpeg 1024w\" sizes=\"auto, (max-width: 1600px) 100vw, 1600px\" \/><\/p>\n<p>schnieke Gruesse aus der K\u00e4lte<br \/>\nPeter Foerthmann<\/p>\n","protected":false},"excerpt":{"rendered":"<p>ALLT\u00c4GLICHKEITEN AUS DER KONZERNZENTRALE Hallo Peter Foerthmann, ich hoffe, es geht Ihnen gut und der Fr\u00fchling steht vor der T\u00fcr. Die Windpilot Pacific hat mich nun bis Panama gebracht, viele karibische Gr\u00fc\u00dfe aus Panama also! Ich bin insgesamt sehr zufrieden &hellip; <a href=\"https:\/\/windpilot.com\/blog\/press-tv\/service-tipps\/schrauben-kontrolle\/\">Weiterlesen <span class=\"meta-nav\">&rarr;<\/span><\/a><\/p>\n","protected":false},"author":1,"featured_media":0,"parent":17838,"menu_order":0,"comment_status":"closed","ping_status":"closed","template":"","meta":{"footnotes":""},"class_list":["post-23649","page","type-page","status-publish","hentry"],"_links":{"self":[{"href":"https:\/\/windpilot.com\/blog\/wp-json\/wp\/v2\/pages\/23649","targetHints":{"allow":["GET"]}}],"collection":[{"href":"https:\/\/windpilot.com\/blog\/wp-json\/wp\/v2\/pages"}],"about":[{"href":"https:\/\/windpilot.com\/blog\/wp-json\/wp\/v2\/types\/page"}],"author":[{"embeddable":true,"href":"https:\/\/windpilot.com\/blog\/wp-json\/wp\/v2\/users\/1"}],"replies":[{"embeddable":true,"href":"https:\/\/windpilot.com\/blog\/wp-json\/wp\/v2\/comments?post=23649"}],"version-history":[{"count":1,"href":"https:\/\/windpilot.com\/blog\/wp-json\/wp\/v2\/pages\/23649\/revisions"}],"predecessor-version":[{"id":23650,"href":"https:\/\/windpilot.com\/blog\/wp-json\/wp\/v2\/pages\/23649\/revisions\/23650"}],"up":[{"embeddable":true,"href":"https:\/\/windpilot.com\/blog\/wp-json\/wp\/v2\/pages\/17838"}],"wp:attachment":[{"href":"https:\/\/windpilot.com\/blog\/wp-json\/wp\/v2\/media?parent=23649"}],"curies":[{"name":"wp","href":"https:\/\/api.w.org\/{rel}","templated":true}]}}