{"id":23706,"date":"2020-11-03T07:54:52","date_gmt":"2020-11-03T14:54:52","guid":{"rendered":"https:\/\/windpilot.com\/blog\/?page_id=23706"},"modified":"2024-08-18T09:44:23","modified_gmt":"2024-08-18T16:44:23","slug":"lebensweisheiten","status":"publish","type":"page","link":"https:\/\/windpilot.com\/blog\/biography\/lebensweisheiten\/","title":{"rendered":"Lebensweisheiten"},"content":{"rendered":"<p><strong>MENSCHEN SIND KOMPLIZIERTE APPARATE<\/strong><br \/>\n<img loading=\"lazy\" decoding=\"async\" src=\"https:\/\/windpilot.com\/blog\/wp-content\/uploads\/2020\/11\/IMG_0760.jpeg\" alt=\"\" width=\"1280\" height=\"960\" class=\"aligncenter size-full wp-image-23717\" srcset=\"https:\/\/windpilot.com\/blog\/wp-content\/uploads\/2020\/11\/IMG_0760.jpeg 1280w, https:\/\/windpilot.com\/blog\/wp-content\/uploads\/2020\/11\/IMG_0760-300x225.jpeg 300w, https:\/\/windpilot.com\/blog\/wp-content\/uploads\/2020\/11\/IMG_0760-1024x768.jpeg 1024w, https:\/\/windpilot.com\/blog\/wp-content\/uploads\/2020\/11\/IMG_0760-768x576.jpeg 768w\" sizes=\"auto, (max-width: 1280px) 100vw, 1280px\" \/><br \/>\n<strong>ALLEINE ODER LIEBER NICHT<\/strong><br \/>\nNur zu Zweit funzt das Leben,<br \/>\nalles andere geht oft daneben,<br \/>\nSinglehand unter Segeln,<br \/>\nwird ggf. zur Lebensform f\u00fcr Menschen,<br \/>\ndenen die Frau abhanden gekommen ist \u2026<br \/>\nerreichen sie den n\u00e4chsten Platz,<br \/>\nsind sie auf Suche nach Ersatz\u2026<br \/>\ndas gibt eine Hatz und neuen \u00c4rger in jedem Hafen,<br \/>\nfunzt nur, wenn die Skipper anderer Schiffe ruhig schlafen,<br \/>\ndenn dann k\u00f6nnen Unzufriedene von anderen Schiffen,<br \/>\nstill und leise die Koje wechseln \u2026<br \/>\num am Ende festzustellen,<br \/>\ndass sie in der gleichen Malaise sitzen,<br \/>\nggf. nur mit anderen Ger\u00fcchen \u2026<br \/>\nich meine nicht die, in der K\u00fcche \u2026<br \/>\n<img loading=\"lazy\" decoding=\"async\" src=\"https:\/\/windpilot.com\/blog\/wp-content\/uploads\/2020\/11\/Halbernst-scaled.jpg\" alt=\"\" width=\"2560\" height=\"1567\" class=\"aligncenter size-full wp-image-23719\" srcset=\"https:\/\/windpilot.com\/blog\/wp-content\/uploads\/2020\/11\/Halbernst-scaled.jpg 2560w, https:\/\/windpilot.com\/blog\/wp-content\/uploads\/2020\/11\/Halbernst-300x184.jpg 300w, https:\/\/windpilot.com\/blog\/wp-content\/uploads\/2020\/11\/Halbernst-1024x627.jpg 1024w, https:\/\/windpilot.com\/blog\/wp-content\/uploads\/2020\/11\/Halbernst-768x470.jpg 768w, https:\/\/windpilot.com\/blog\/wp-content\/uploads\/2020\/11\/Halbernst-1536x940.jpg 1536w, https:\/\/windpilot.com\/blog\/wp-content\/uploads\/2020\/11\/Halbernst-2048x1254.jpg 2048w\" sizes=\"auto, (max-width: 2560px) 100vw, 2560px\" \/><br \/>\n<strong>REFLEXION UND RESILIENZ<\/strong><br \/>\nso heissen die Vokabeln, die hilfreich sind<br \/>\nKonflikte zwischen sozialen Wesen<br \/>\nmit dem Besen auszukehren,<br \/>\nals w\u00e4re nix gewesen!<br \/>\n<img loading=\"lazy\" decoding=\"async\" src=\"https:\/\/windpilot.com\/blog\/wp-content\/uploads\/2020\/11\/IMG_1033.jpg\" alt=\"\" width=\"2016\" height=\"1512\" class=\"aligncenter size-full wp-image-23710\" srcset=\"https:\/\/windpilot.com\/blog\/wp-content\/uploads\/2020\/11\/IMG_1033.jpg 2016w, https:\/\/windpilot.com\/blog\/wp-content\/uploads\/2020\/11\/IMG_1033-300x225.jpg 300w, https:\/\/windpilot.com\/blog\/wp-content\/uploads\/2020\/11\/IMG_1033-1024x768.jpg 1024w, https:\/\/windpilot.com\/blog\/wp-content\/uploads\/2020\/11\/IMG_1033-768x576.jpg 768w, https:\/\/windpilot.com\/blog\/wp-content\/uploads\/2020\/11\/IMG_1033-1536x1152.jpg 1536w\" sizes=\"auto, (max-width: 2016px) 100vw, 2016px\" \/><br \/>\n<strong>HARMONIE ZU ZWEIT<\/strong><br \/>\nEs gibt wohl keinen besseren Ort f\u00fcr einen Segler \u2026.<br \/>\nals allein mit seiner Holden \u2026<br \/>\nauf der weiten See \u2026<br \/>\nwenn sodann ein windiger Pilot am Achtersteven<br \/>\nohne Aufhebens seinen Job erledigt \u2026<br \/>\nkann es im Cockpit, wahlweise auch unter Deck,<br \/>\nsogar zur Sache gehen \u2026<br \/>\nEntschuldigung, aber meine Frechheit \u00fcberholt mich st\u00e4ndig rechts \u2026<br \/>\nweil ich bevorzugt auf der linken Seite fahre \u2026<br \/>\n<img loading=\"lazy\" decoding=\"async\" src=\"https:\/\/windpilot.com\/blog\/wp-content\/uploads\/2020\/11\/HolzkopfPeter.jpeg\" alt=\"\" width=\"1280\" height=\"960\" class=\"aligncenter size-full wp-image-23723\" srcset=\"https:\/\/windpilot.com\/blog\/wp-content\/uploads\/2020\/11\/HolzkopfPeter.jpeg 1280w, https:\/\/windpilot.com\/blog\/wp-content\/uploads\/2020\/11\/HolzkopfPeter-300x225.jpeg 300w, https:\/\/windpilot.com\/blog\/wp-content\/uploads\/2020\/11\/HolzkopfPeter-1024x768.jpeg 1024w, https:\/\/windpilot.com\/blog\/wp-content\/uploads\/2020\/11\/HolzkopfPeter-768x576.jpeg 768w\" sizes=\"auto, (max-width: 1280px) 100vw, 1280px\" \/><br \/>\n<strong>ACHTUNG: WORTSPIELER UNTERWEGS<\/strong><br \/>\nWordSmith ist mein ganz privates Hobby,<br \/>\nwelches beim Verdauen meines Lebens hilft \u2026<br \/>\nquasi gelebte P\u00fcschoteerapie \u2026<br \/>\num somatische Folgen an Leib zu resilieren \u2026<br \/>\num am Ende nicht auf allen Vieren \u2026<br \/>\nden Sinn sch\u00f6nen Lebens aus den Augen zu verlieren &#8230;<br \/>\nMein Blog ist Futterstelle f\u00fcr Spassvergnuegen der besonderen Art \u2026<br \/>\nund Grund, erstaunlichen Besucherzahlen, Spassvergnuegen und Sachverstand,<br \/>\na la carte zu servieren &#8230;<br \/>\nDenn, nicht wahr, der Wegerecht Zylinder auf der Birne,<br \/>\nmutiert allzu schnell zum Chapeau Claque,<br \/>\nder gefaltet, dann nur noch eine Scheibe ist \u2013<br \/>\nwobei die gedachte Pose,<br \/>\ndann in die Hose ginge \u2026<br \/>\nGott bewahre!<\/p>\n<p>Um ein humorvolles Gleichnis zu verwenden, hier bellt der Schwanz mit dem Hund, der gar nicht weiss, was sein Schwanz da tut, weil ihm die Kontrolle \u00fcber jenes K\u00f6rperteil bereits vorab verloren gegangen ist.<br \/>\n<img loading=\"lazy\" decoding=\"async\" src=\"https:\/\/windpilot.com\/blog\/wp-content\/uploads\/2020\/11\/IMG_6512.jpeg\" alt=\"\" width=\"1280\" height=\"960\" class=\"aligncenter size-full wp-image-23712\" srcset=\"https:\/\/windpilot.com\/blog\/wp-content\/uploads\/2020\/11\/IMG_6512.jpeg 1280w, https:\/\/windpilot.com\/blog\/wp-content\/uploads\/2020\/11\/IMG_6512-300x225.jpeg 300w, https:\/\/windpilot.com\/blog\/wp-content\/uploads\/2020\/11\/IMG_6512-1024x768.jpeg 1024w, https:\/\/windpilot.com\/blog\/wp-content\/uploads\/2020\/11\/IMG_6512-768x576.jpeg 768w\" sizes=\"auto, (max-width: 1280px) 100vw, 1280px\" \/><br \/>\n<strong>ALLES KLAR AUF DER ANDREA DORIA<\/strong><br \/>\nJedenfalls ist alles klar auf der Andrea Doria &#8230;<br \/>\nwir werden gemeinsam \u00e4lter und schlauer,<br \/>\nhaben ein wenig mehr Aua,<br \/>\nmeist nicht von Dauer,<br \/>\ndenn sonst w\u00fcrden wir sauer &#8230;<br \/>\nweil wir hoffentlich noch lange nicht am Ende sind &#8230;<br \/>\nich &#8230; jedenfalls, hoffe das f\u00fcr mich \u2026 bitte nicht!<br \/>\n<img loading=\"lazy\" decoding=\"async\" src=\"https:\/\/windpilot.com\/blog\/wp-content\/uploads\/2020\/11\/DSC00818.jpeg\" alt=\"\" width=\"1280\" height=\"853\" class=\"aligncenter size-full wp-image-23713\" srcset=\"https:\/\/windpilot.com\/blog\/wp-content\/uploads\/2020\/11\/DSC00818.jpeg 1280w, https:\/\/windpilot.com\/blog\/wp-content\/uploads\/2020\/11\/DSC00818-300x200.jpeg 300w, https:\/\/windpilot.com\/blog\/wp-content\/uploads\/2020\/11\/DSC00818-1024x682.jpeg 1024w, https:\/\/windpilot.com\/blog\/wp-content\/uploads\/2020\/11\/DSC00818-768x512.jpeg 768w\" sizes=\"auto, (max-width: 1280px) 100vw, 1280px\" \/><br \/>\n<strong>MUND ZU MUND \u2013 UND SCHON GEHT\u00b4S RUND<\/strong><br \/>\nSo heisst das Schl\u00fcssel Wort und ich bin mir bewusst, wieviele Jahre es gedauert hat, bis diese Medizin wirksam geworden ist. Ein Freifahrschein f\u00fcr die \u00dcberholspur des Lebens, auf der man all die netten, teuren Helfer professioneller Vermarktung nicht mehr n\u00f6tig hat, weil sie sich, mit Wonne, selbst \u00fcberfl\u00fcssig zu machen pflegen: Presse, Messe, Rotations Maschinen, die der Monetarisierung dienen, deren Ertr\u00e4ge unterwegs verbraten werden, bzw. in dezidierten Taschen h\u00e4ngen bleiben &#8211; nie den meinen.<br \/>\n<img loading=\"lazy\" decoding=\"async\" src=\"https:\/\/windpilot.com\/blog\/wp-content\/uploads\/2020\/11\/IMG_E0925.jpeg\" alt=\"\" width=\"1280\" height=\"960\" class=\"aligncenter size-full wp-image-23715\" srcset=\"https:\/\/windpilot.com\/blog\/wp-content\/uploads\/2020\/11\/IMG_E0925.jpeg 1280w, https:\/\/windpilot.com\/blog\/wp-content\/uploads\/2020\/11\/IMG_E0925-300x225.jpeg 300w, https:\/\/windpilot.com\/blog\/wp-content\/uploads\/2020\/11\/IMG_E0925-1024x768.jpeg 1024w, https:\/\/windpilot.com\/blog\/wp-content\/uploads\/2020\/11\/IMG_E0925-768x576.jpeg 768w\" sizes=\"auto, (max-width: 1280px) 100vw, 1280px\" \/><br \/>\n<strong>VORSICHT &#8211; BESUCHER IM RUHESTAND<\/strong><br \/>\nAnstrengend sind Besucher im Ruhestand, deren Lebens Zeitvertreib darin zu bestehen scheint, ihren Besuch allzu gern zeitlich auszudehnen, Gastfreundschaft wortlos zu reklamieren, ohne zu realisieren, wenn ihren Gastgebern bereits die Mienen gefrieren. Als stilles Indiz f\u00fcr die H\u00f6he des Respekts, sind Gastgeschenke verr\u00e4terisch. Ohne hier jemanden zu blamieren, aber wenn der Gegenwert f\u00fcr fulminante Gastfreundschaft auf den Wert einer Rotweinflasche vom Aldi, oder einen in Serie billig gekauften Kalender reduziert wird, sollte erlaubt sein, daraus R\u00fcckschl\u00fcsse zu ziehen, auch wenn die dann weniger vorteilhaft sind. Auch das Ausbleiben einer Gegeneinladung l\u00e4sst Schl\u00fcsse zu, die durch Geiz nicht immer ausreichend zu entschuldigen ist.<br \/>\n<img loading=\"lazy\" decoding=\"async\" src=\"https:\/\/windpilot.com\/blog\/wp-content\/uploads\/2020\/11\/3-Wanderer.jpg\" alt=\"\" width=\"1918\" height=\"1280\" class=\"aligncenter size-full wp-image-23708\" srcset=\"https:\/\/windpilot.com\/blog\/wp-content\/uploads\/2020\/11\/3-Wanderer.jpg 1918w, https:\/\/windpilot.com\/blog\/wp-content\/uploads\/2020\/11\/3-Wanderer-300x200.jpg 300w, https:\/\/windpilot.com\/blog\/wp-content\/uploads\/2020\/11\/3-Wanderer-1024x683.jpg 1024w, https:\/\/windpilot.com\/blog\/wp-content\/uploads\/2020\/11\/3-Wanderer-768x513.jpg 768w, https:\/\/windpilot.com\/blog\/wp-content\/uploads\/2020\/11\/3-Wanderer-1536x1025.jpg 1536w\" sizes=\"auto, (max-width: 1918px) 100vw, 1918px\" \/><br \/>\n<strong>BOAT SHOW PARTY \u2013 SOZIALE KOLLISIONEN<\/strong><br \/>\nIch erinnere mich mit Grauen an Boat Show Partys im Gefolge meiner Blauwasser Seminare, bei denen ich, obgleich Gastgeber, im eigenen Haus Schweiss nass der Gejagte war, derweil Besucher vehement beklagten, wenn die soziale Mischung nicht ihrem Gusto \u2013 oder Niveau? \u2013 entsprach, ersatzweise das B\u00fcffet leergefegt, der fl\u00fcssige Zungenl\u00f6ser ausgegangen, die Musik st\u00f6rend, oder der eigenen Wichtigkeit nicht gen\u00fcgend Aufmerksamkeit zuteil geworden ist. Es hat sogar eine Beschwerde \u00fcber mangelnden Service gegeben. Meine Frau ist damals, mit Kleinkind auf dem Arm, zur Hochform aufgelaufen, um die betreffenden Herren zielstrebig zur T\u00fcr zu begleiten \u2013 was dann jene legend\u00e4re schriftliche Beschwerde \u00fcber \u201efremdsprachiges K\u00fcchenpersonal\u201c- meine Frau! \u2013 zur Folge hatte. Ja Donnerwetter! Eine Anekdote, die zeitlebens in meiner Birne Platz genommen hat. <\/p>\n<p>Menschen sind schon komplizierte Apparate, treffen zu viele aufeinander unter einem gemeinsamen Dach, gibt es Krach, ersatzweise S\u00e4belrasseln, Gefieder Plustern oder spitzes Wortgepl\u00e4nkel, unter Einsatz nahezu aller Waffen: verbal, nonverbal, genital, seltener kongenial, Vorzugs weise weniger sozial.<\/p>\n<p>Nur positiv im Kopf funzt die Welt &#8211; alles andere geht daneben \u2013 so ist das Leben!<br \/>\nEben!<\/p>\n<p>03.11.2020<br \/>\nPeter Foerthmann<br \/>\n<img loading=\"lazy\" decoding=\"async\" src=\"https:\/\/windpilot.com\/blog\/wp-content\/uploads\/2020\/10\/A.-Peter-Lions-150x150.jpg\" alt=\"\" width=\"150\" height=\"150\" class=\"alignleft size-thumbnail wp-image-23668\" srcset=\"https:\/\/windpilot.com\/blog\/wp-content\/uploads\/2020\/10\/A.-Peter-Lions-150x150.jpg 150w, https:\/\/windpilot.com\/blog\/wp-content\/uploads\/2020\/10\/A.-Peter-Lions-300x300.jpg 300w, https:\/\/windpilot.com\/blog\/wp-content\/uploads\/2020\/10\/A.-Peter-Lions-1024x1020.jpg 1024w, https:\/\/windpilot.com\/blog\/wp-content\/uploads\/2020\/10\/A.-Peter-Lions-768x765.jpg 768w, https:\/\/windpilot.com\/blog\/wp-content\/uploads\/2020\/10\/A.-Peter-Lions-1536x1531.jpg 1536w, https:\/\/windpilot.com\/blog\/wp-content\/uploads\/2020\/10\/A.-Peter-Lions.jpg 1700w\" sizes=\"auto, (max-width: 150px) 100vw, 150px\" \/><\/p>\n","protected":false},"excerpt":{"rendered":"<p>MENSCHEN SIND KOMPLIZIERTE APPARATE ALLEINE ODER LIEBER NICHT Nur zu Zweit funzt das Leben, alles andere geht oft daneben, Singlehand unter Segeln, wird ggf. zur Lebensform f\u00fcr Menschen, denen die Frau abhanden gekommen ist \u2026 erreichen sie den n\u00e4chsten Platz, &hellip; <a href=\"https:\/\/windpilot.com\/blog\/biography\/lebensweisheiten\/\">Weiterlesen <span class=\"meta-nav\">&rarr;<\/span><\/a><\/p>\n","protected":false},"author":1,"featured_media":0,"parent":4472,"menu_order":15,"comment_status":"open","ping_status":"closed","template":"","meta":{"footnotes":""},"class_list":["post-23706","page","type-page","status-publish","hentry"],"_links":{"self":[{"href":"https:\/\/windpilot.com\/blog\/wp-json\/wp\/v2\/pages\/23706","targetHints":{"allow":["GET"]}}],"collection":[{"href":"https:\/\/windpilot.com\/blog\/wp-json\/wp\/v2\/pages"}],"about":[{"href":"https:\/\/windpilot.com\/blog\/wp-json\/wp\/v2\/types\/page"}],"author":[{"embeddable":true,"href":"https:\/\/windpilot.com\/blog\/wp-json\/wp\/v2\/users\/1"}],"replies":[{"embeddable":true,"href":"https:\/\/windpilot.com\/blog\/wp-json\/wp\/v2\/comments?post=23706"}],"version-history":[{"count":8,"href":"https:\/\/windpilot.com\/blog\/wp-json\/wp\/v2\/pages\/23706\/revisions"}],"predecessor-version":[{"id":23724,"href":"https:\/\/windpilot.com\/blog\/wp-json\/wp\/v2\/pages\/23706\/revisions\/23724"}],"up":[{"embeddable":true,"href":"https:\/\/windpilot.com\/blog\/wp-json\/wp\/v2\/pages\/4472"}],"wp:attachment":[{"href":"https:\/\/windpilot.com\/blog\/wp-json\/wp\/v2\/media?parent=23706"}],"curies":[{"name":"wp","href":"https:\/\/api.w.org\/{rel}","templated":true}]}}