{"id":23800,"date":"2020-11-18T06:39:02","date_gmt":"2020-11-18T13:39:02","guid":{"rendered":"https:\/\/windpilot.com\/blog\/?page_id=23800"},"modified":"2024-02-22T09:22:33","modified_gmt":"2024-02-22T16:22:33","slug":"salzwasser-oder-pfuetzensegler","status":"publish","type":"page","link":"https:\/\/windpilot.com\/blog\/schiffe\/salzwasser-oder-pfuetzensegler\/","title":{"rendered":"Pf\u00fctzensegler"},"content":{"rendered":"<p><strong>SALZWASSER ODER PF\u00dcTZENSEGLER &#8211; SEGELN ALS SPASS ODER ERNST?<\/strong><br \/>\n<img loading=\"lazy\" decoding=\"async\" src=\"https:\/\/windpilot.com\/blog\/wp-content\/uploads\/2020\/11\/Burnett-hori.jpg\" alt=\"\" width=\"1682\" height=\"1284\" class=\"aligncenter size-full wp-image-23803\" srcset=\"https:\/\/windpilot.com\/blog\/wp-content\/uploads\/2020\/11\/Burnett-hori.jpg 1682w, https:\/\/windpilot.com\/blog\/wp-content\/uploads\/2020\/11\/Burnett-hori-300x229.jpg 300w, https:\/\/windpilot.com\/blog\/wp-content\/uploads\/2020\/11\/Burnett-hori-1024x782.jpg 1024w, https:\/\/windpilot.com\/blog\/wp-content\/uploads\/2020\/11\/Burnett-hori-768x586.jpg 768w, https:\/\/windpilot.com\/blog\/wp-content\/uploads\/2020\/11\/Burnett-hori-1536x1173.jpg 1536w\" sizes=\"auto, (max-width: 1682px) 100vw, 1682px\" \/>Also wie denn jetzt? Welche Schiffe sollen wir kaufen, um auf See oder sozial in keine Falle zu geraten? Um welche Schw\u00e4ne oder Enten m\u00fcssen \u2013 oder sollten? &#8211; wir einen Bogen machen, wenn wir uns auf die hohe See getrauen wollen? Sollen wir morgen \u00fcberhaupt noch ruhig segeln, oder bereits gleitend fliegen oder gar schon auf breiten Schwingen foilen? Wer bitte sagt uns nun, wo der Weg ist zum Vergn\u00fcgen, wenn Heute Morgen schon Gestern ist? Gibt es noch Instanzen oder nur Vakanzen und als  Influencer getarnte Popanzen, derweil eine klare Meinung im Cross Over Informations Fegefeuer gr\u00fcndlich Schiffbruch erlitten, mit Mann und Maus bereits untergegangen ist? Ich bin verwirrt! Hat mein silbrig ergrauter Kopf einen Dachschaden oder habe ich verpasst, mich upzudaten? Immerhin geht\u2019s in meiner Birne erheblich drunter und dr\u00fcber, wenn ich in einschl\u00e4gigen Periodika \u00fcber den Stand der Dinge lese, welche Spielregeln neuerdings angedeutet oder sogar in Stein gemeisselt werden, wie Segeln in der Praxis heutzutage auszusehen habe! Ich helfe mir selbst beim Sezieren bzw. Sortieren! Das Gleichnis eines Eisbergs kommt dabei sofort in meinen Fokus, bei dem die Segler sichtbar sind, die bereits ihre Reise begonnen haben, von der unter Wasser fast alle anderen Segler noch tr\u00e4umen. Das zum Reisen geeignete Schiff liegt im Zentrum aller \u00dcberlegungen, und es erscheint offenbar verlockend, an dieser Stelle die Segler und Leser als Auditorium ein wenig zu beeinflussen, insbesondere wenn man dabei Pro und Kontra nicht deutlich genug benennt.<br \/>\n<img loading=\"lazy\" decoding=\"async\" src=\"https:\/\/windpilot.com\/blog\/wp-content\/uploads\/2020\/11\/begleiter.jpg\" alt=\"\" width=\"1607\" height=\"908\" class=\"aligncenter size-full wp-image-23806\" srcset=\"https:\/\/windpilot.com\/blog\/wp-content\/uploads\/2020\/11\/begleiter.jpg 1607w, https:\/\/windpilot.com\/blog\/wp-content\/uploads\/2020\/11\/begleiter-300x170.jpg 300w, https:\/\/windpilot.com\/blog\/wp-content\/uploads\/2020\/11\/begleiter-1024x579.jpg 1024w, https:\/\/windpilot.com\/blog\/wp-content\/uploads\/2020\/11\/begleiter-768x434.jpg 768w, https:\/\/windpilot.com\/blog\/wp-content\/uploads\/2020\/11\/begleiter-1536x868.jpg 1536w\" sizes=\"auto, (max-width: 1607px) 100vw, 1607px\" \/>Mir ist schon klar, dass ich nicht alle Bereiche umgreifen kann, weil ich mich sofort verzetteln, den Faden und gar mein Gesicht verlieren w\u00fcrde! Ich beschr\u00e4nke mich daher auf den recht kleinen Bereich des Segelsports, bei dem die Schiffe geisterhaft hinter dem Horizont verschwinden \u2013 um an weit entfernten Gestaden oder Buchten frohgemut, und die Crew bestens erholt, wieder aufzutauchen. Mich interessieren segelnde Unters\u00e4tze, die f\u00fcr diese Belange geeignet sind und mir ist klar, dass f\u00fcr Pf\u00fctzensegler andere Spielregeln gelten k\u00f6nnen, weil dort im Notfall \u2013 also wenn das Bier zur Neige gehen sollte! &#8211; gelbe Ribs oder rote Helikopter schnell zur Stelle zu telefonieren sind. Mir macht Sorge, wie die Kontouren von f\u00fcr weite Reisen geeignete segelnde Unters\u00e4tze diffus verschwimmen, und allen Ernstes einer nach Informations Futter schmachtenden Segler Gemeinde die alten Regeln als heute nicht mehr valide gepredigt werden. Unisono werden hier und dort in Print und Online Schiffe mit langem Kiel stigmatisiert, weil sie angeblich \u201e\u00fcber ihre Kiele stolpern k\u00f6nnen\u201c oder nicht in den \u201cSouthern Ocean\u201c geh\u00f6ren \u2013 wobei zeitgleich das Zauberwort solider Seemannschaft unterschlagen wird, das zur Grundausstattung eines Seglers geh\u00f6ren sollte.<br \/>\n<img loading=\"lazy\" decoding=\"async\" src=\"https:\/\/windpilot.com\/blog\/wp-content\/uploads\/2020\/11\/pa\u030a_vagnen1.jpeg\" alt=\"\" width=\"1280\" height=\"744\" class=\"aligncenter size-full wp-image-23804\" srcset=\"https:\/\/windpilot.com\/blog\/wp-content\/uploads\/2020\/11\/pa\u030a_vagnen1.jpeg 1280w, https:\/\/windpilot.com\/blog\/wp-content\/uploads\/2020\/11\/pa\u030a_vagnen1-300x174.jpeg 300w, https:\/\/windpilot.com\/blog\/wp-content\/uploads\/2020\/11\/pa\u030a_vagnen1-1024x595.jpeg 1024w, https:\/\/windpilot.com\/blog\/wp-content\/uploads\/2020\/11\/pa\u030a_vagnen1-768x446.jpeg 768w\" sizes=\"auto, (max-width: 1280px) 100vw, 1280px\" \/>Wenn also solide Kiele mit oder ohne direkt an deren Achterkante befestigte Ruder, die ansonsten zumindest an einem Skeg mit drittem Lager befestigt sein sollten, wenn Maschinen mit fester Welle anstelle von Saildrive Antrieben heute nicht mehr f\u00fcr die Sicherheit eines Schiffes als sinnvoll und  in unsch\u00f6nen Wetterverh\u00e4ltnissen wichtig erachtet werden, dann in der Tat k\u00f6nnen Segler demn\u00e4chst wirklich jedem Hochglanzprospekt Versprechen glauben, und sich in der Folge dann auf See wundern ob der Unterschiede zwischen Theorie und Praxis, um am Ende \u2013 pardautz! &#8211; zu erfahren, welche Denkfehler ihnen unterlaufen sind.<\/p>\n<p>Generalismen helfen wenig, insbesondere wenn ein genauer Blick auf die Details nicht statt zu finden &#8211; oder unerw\u00fcnscht? &#8211; scheint. Wenn n\u00e4mlich s\u00e4mtliche Schiffe aus heutigen Grossserien f\u00fcr eine Weltumsegelung als geeignet befunden werden, man lediglich hier und dort noch ein wenig Ausr\u00fcstung nachzur\u00fcsten habe, bekomme ich Juckreiz angesichts unz\u00e4hliger St\u00f6rf\u00e4lle der Geschichte, die sich f\u00fcr manch ungl\u00fcckselige Segler zur Katastrophe entwickelt haben. Die See mag keine Balken haben, aber Container, schwimmende \u00d6lf\u00e4sser, schlafende Wale machen das Segeln zum aufregenden Roulette, das neuerdings durch Orcas noch ein wenig aufregender geworden ist.<br \/>\n<img loading=\"lazy\" decoding=\"async\" src=\"https:\/\/windpilot.com\/blog\/wp-content\/uploads\/2020\/11\/IJsberg-03.jpeg\" alt=\"\" width=\"1280\" height=\"629\" class=\"aligncenter size-full wp-image-23807\" srcset=\"https:\/\/windpilot.com\/blog\/wp-content\/uploads\/2020\/11\/IJsberg-03.jpeg 1280w, https:\/\/windpilot.com\/blog\/wp-content\/uploads\/2020\/11\/IJsberg-03-300x147.jpeg 300w, https:\/\/windpilot.com\/blog\/wp-content\/uploads\/2020\/11\/IJsberg-03-1024x503.jpeg 1024w, https:\/\/windpilot.com\/blog\/wp-content\/uploads\/2020\/11\/IJsberg-03-768x377.jpeg 768w\" sizes=\"auto, (max-width: 1280px) 100vw, 1280px\" \/>Kaum eine Begebenheit k\u00f6nnte die Zusammenh\u00e4nge, Gegens\u00e4tze und Konsequenzen im praktischen Betrieb traditioneller und moderner Schiffsbauweisen auf See besser verdeutlichen, wie die Erfahrungen der Familie Woehl:<\/p>\n<blockquote class=\"wp-embedded-content\" data-secret=\"WFJ3ksSG4i\"><p><a href=\"https:\/\/windpilot.com\/blog\/schiffe\/die-ideale-y\/deutsch-die-ideale-yacht\/\">Ideal Schiff<\/a><\/p><\/blockquote>\n<p><iframe loading=\"lazy\" class=\"wp-embedded-content\" sandbox=\"allow-scripts\" security=\"restricted\" style=\"position: absolute; clip: rect(1px, 1px, 1px, 1px);\" title=\"&#8222;Ideal Schiff&#8220; &#8212; Windpilot Blog\" src=\"https:\/\/windpilot.com\/blog\/schiffe\/die-ideale-y\/deutsch-die-ideale-yacht\/embed\/#?secret=Sx915MQaRh#?secret=WFJ3ksSG4i\" data-secret=\"WFJ3ksSG4i\" width=\"600\" height=\"338\" frameborder=\"0\" marginwidth=\"0\" marginheight=\"0\" scrolling=\"no\"><\/iframe><\/p>\n<p>Im Bermuda Dreieck kommerzieller Print und Online Magazine sollte man nicht aus den Augen verlieren, wer dort der Herr im Hause ist, wer die Zeche bezahlt und seine Hoheitsrechte vertreten sehen m\u00f6chte. Dann wuerden subtile Zusammenh\u00e4nge schnell entlarvt, weil allseits bekannt sein d\u00fcrfte, dass sich die Gesetze auf See seit Jahrhunderten \u2013 eigentlich! &#8211; kaum ver\u00e4ndert haben. <\/p>\n<blockquote class=\"wp-embedded-content\" data-secret=\"ocjSRr0IOY\"><p><a href=\"https:\/\/windpilot.com\/blog\/schiffe\/what-ever-happened-to-boat-building\/\">Quo vadis Bootsbau<\/a><\/p><\/blockquote>\n<p><iframe loading=\"lazy\" class=\"wp-embedded-content\" sandbox=\"allow-scripts\" security=\"restricted\" style=\"position: absolute; clip: rect(1px, 1px, 1px, 1px);\" title=\"&#8222;Quo vadis Bootsbau&#8220; &#8212; Windpilot Blog\" src=\"https:\/\/windpilot.com\/blog\/schiffe\/what-ever-happened-to-boat-building\/embed\/#?secret=63Topx8oXJ#?secret=ocjSRr0IOY\" data-secret=\"ocjSRr0IOY\" width=\"600\" height=\"338\" frameborder=\"0\" marginwidth=\"0\" marginheight=\"0\" scrolling=\"no\"><\/iframe><\/p>\n<p>Merke: wenn Spreu und Weizen einerlei, entscheidet am Ende allein das Gl\u00fcck, ob Segler unbeschadet den Hafen erreichen \u2026 wohingegen man jegliche St\u00f6rf\u00e4lle fortan als Pech zu bezeichnen h\u00e4tte. Wie ich empfinde, w\u00e4re das zu schlicht gedacht, weil es den Tatsachen keineswegs entspricht. <\/p>\n<p>Nur mal so dahin gedacht!<\/p>\n<p>18.11.2020<br \/>\nPeter Foerthmann<br \/>\n<img loading=\"lazy\" decoding=\"async\" src=\"https:\/\/windpilot.com\/blog\/wp-content\/uploads\/2020\/10\/A.-Peter-Lions-150x150.jpg\" alt=\"\" width=\"150\" height=\"150\" class=\"alignleft size-thumbnail wp-image-23668\" srcset=\"https:\/\/windpilot.com\/blog\/wp-content\/uploads\/2020\/10\/A.-Peter-Lions-150x150.jpg 150w, https:\/\/windpilot.com\/blog\/wp-content\/uploads\/2020\/10\/A.-Peter-Lions-300x300.jpg 300w, https:\/\/windpilot.com\/blog\/wp-content\/uploads\/2020\/10\/A.-Peter-Lions-1024x1020.jpg 1024w, https:\/\/windpilot.com\/blog\/wp-content\/uploads\/2020\/10\/A.-Peter-Lions-768x765.jpg 768w, https:\/\/windpilot.com\/blog\/wp-content\/uploads\/2020\/10\/A.-Peter-Lions-1536x1531.jpg 1536w, https:\/\/windpilot.com\/blog\/wp-content\/uploads\/2020\/10\/A.-Peter-Lions.jpg 1700w\" sizes=\"auto, (max-width: 150px) 100vw, 150px\" \/><\/p>\n","protected":false},"excerpt":{"rendered":"<p>SALZWASSER ODER PF\u00dcTZENSEGLER &#8211; SEGELN ALS SPASS ODER ERNST? Also wie denn jetzt? Welche Schiffe sollen wir kaufen, um auf See oder sozial in keine Falle zu geraten? Um welche Schw\u00e4ne oder Enten m\u00fcssen \u2013 oder sollten? &#8211; wir einen &hellip; <a href=\"https:\/\/windpilot.com\/blog\/schiffe\/salzwasser-oder-pfuetzensegler\/\">Weiterlesen <span class=\"meta-nav\">&rarr;<\/span><\/a><\/p>\n","protected":false},"author":1,"featured_media":0,"parent":16897,"menu_order":-12,"comment_status":"open","ping_status":"closed","template":"","meta":{"footnotes":""},"class_list":["post-23800","page","type-page","status-publish","hentry"],"_links":{"self":[{"href":"https:\/\/windpilot.com\/blog\/wp-json\/wp\/v2\/pages\/23800","targetHints":{"allow":["GET"]}}],"collection":[{"href":"https:\/\/windpilot.com\/blog\/wp-json\/wp\/v2\/pages"}],"about":[{"href":"https:\/\/windpilot.com\/blog\/wp-json\/wp\/v2\/types\/page"}],"author":[{"embeddable":true,"href":"https:\/\/windpilot.com\/blog\/wp-json\/wp\/v2\/users\/1"}],"replies":[{"embeddable":true,"href":"https:\/\/windpilot.com\/blog\/wp-json\/wp\/v2\/comments?post=23800"}],"version-history":[{"count":9,"href":"https:\/\/windpilot.com\/blog\/wp-json\/wp\/v2\/pages\/23800\/revisions"}],"predecessor-version":[{"id":27200,"href":"https:\/\/windpilot.com\/blog\/wp-json\/wp\/v2\/pages\/23800\/revisions\/27200"}],"up":[{"embeddable":true,"href":"https:\/\/windpilot.com\/blog\/wp-json\/wp\/v2\/pages\/16897"}],"wp:attachment":[{"href":"https:\/\/windpilot.com\/blog\/wp-json\/wp\/v2\/media?parent=23800"}],"curies":[{"name":"wp","href":"https:\/\/api.w.org\/{rel}","templated":true}]}}