{"id":23823,"date":"2020-11-22T07:11:28","date_gmt":"2020-11-22T14:11:28","guid":{"rendered":"https:\/\/windpilot.com\/blog\/?page_id=23823"},"modified":"2020-11-22T07:32:06","modified_gmt":"2020-11-22T14:32:06","slug":"zweitwohnsitze","status":"publish","type":"page","link":"https:\/\/windpilot.com\/blog\/news\/zweitwohnsitze\/","title":{"rendered":"Zweitwohnsitze"},"content":{"rendered":"<p><strong>AB IN DIE HAMPTON\u00b4S<\/strong><br \/>\n<img loading=\"lazy\" decoding=\"async\" src=\"https:\/\/windpilot.com\/blog\/wp-content\/uploads\/2020\/11\/125291069_220760229464993_7293820689895104288_o.jpg\" alt=\"\" width=\"960\" height=\"960\" class=\"aligncenter size-full wp-image-23829\" srcset=\"https:\/\/windpilot.com\/blog\/wp-content\/uploads\/2020\/11\/125291069_220760229464993_7293820689895104288_o.jpg 960w, https:\/\/windpilot.com\/blog\/wp-content\/uploads\/2020\/11\/125291069_220760229464993_7293820689895104288_o-300x300.jpg 300w, https:\/\/windpilot.com\/blog\/wp-content\/uploads\/2020\/11\/125291069_220760229464993_7293820689895104288_o-150x150.jpg 150w, https:\/\/windpilot.com\/blog\/wp-content\/uploads\/2020\/11\/125291069_220760229464993_7293820689895104288_o-768x768.jpg 768w\" sizes=\"auto, (max-width: 960px) 100vw, 960px\" \/>Seit Jahrhunderten ein Begriff, der in h\u00f6heren Kreisen Wohlbehagen erzeugt, der eigentlich nur eine Halbinsel beschreibt, die unvergleichlich weitl\u00e4ufig geraten ist, wo unendliche Str\u00e4nde hinter dem Horizont verschwinden, wo man einsam ist, allerdings ohne Gefahr, sich zu verlaufen, weil der Landstrich schmal und schlank, man stets an der Wand entlang, irgendwann immer wieder nach Hause findet, falls man die Orientierung verloren haben sollte.<br \/>\n<img loading=\"lazy\" decoding=\"async\" src=\"https:\/\/windpilot.com\/blog\/wp-content\/uploads\/2020\/11\/Schnuff-Liberty-640kb-scaled.jpg\" alt=\"\" width=\"1678\" height=\"2560\" class=\"aligncenter size-full wp-image-23844\" srcset=\"https:\/\/windpilot.com\/blog\/wp-content\/uploads\/2020\/11\/Schnuff-Liberty-640kb-scaled.jpg 1678w, https:\/\/windpilot.com\/blog\/wp-content\/uploads\/2020\/11\/Schnuff-Liberty-640kb-197x300.jpg 197w, https:\/\/windpilot.com\/blog\/wp-content\/uploads\/2020\/11\/Schnuff-Liberty-640kb-671x1024.jpg 671w, https:\/\/windpilot.com\/blog\/wp-content\/uploads\/2020\/11\/Schnuff-Liberty-640kb-768x1171.jpg 768w, https:\/\/windpilot.com\/blog\/wp-content\/uploads\/2020\/11\/Schnuff-Liberty-640kb-1007x1536.jpg 1007w, https:\/\/windpilot.com\/blog\/wp-content\/uploads\/2020\/11\/Schnuff-Liberty-640kb-1343x2048.jpg 1343w\" sizes=\"auto, (max-width: 1678px) 100vw, 1678px\" \/>Das Beste daran, es liegt bei New York um die Ecke, quasi hintendran, man muss nicht erst mit der Deutschen Bundesbahn \u00fcber einen Flaschenhals Deich rumpeln, um Sand und Seeluft zwischen den Z\u00e4hnen zu versp\u00fcren, denn die Hamptons sind in rollendem oder, wenn\u00b4s besonders eilig ist, fliegendem Blech mit Schraube drauf, einfach und schnell zu erreichen. Zwischen dem h\u00fcgeligen Hinterland und dem grausamen Nordatlantik erstreckt sich zudem ein langes Paradies namens Long Island Sound, der sich nord\u00f6stlich der Mega City mit unz\u00e4hligen Inseln, Buchten und wundervollen Ecken erstreckt. Ein Platz, an dem man sein Leben und seine Seele baumeln lassen kann, wenn man sich das denn leisten kann.<br \/>\n<img loading=\"lazy\" decoding=\"async\" src=\"https:\/\/windpilot.com\/blog\/wp-content\/uploads\/2020\/11\/Wasserflieger.jpeg\" alt=\"\" width=\"1280\" height=\"846\" class=\"aligncenter size-full wp-image-23847\" srcset=\"https:\/\/windpilot.com\/blog\/wp-content\/uploads\/2020\/11\/Wasserflieger.jpeg 1280w, https:\/\/windpilot.com\/blog\/wp-content\/uploads\/2020\/11\/Wasserflieger-300x198.jpeg 300w, https:\/\/windpilot.com\/blog\/wp-content\/uploads\/2020\/11\/Wasserflieger-1024x677.jpeg 1024w, https:\/\/windpilot.com\/blog\/wp-content\/uploads\/2020\/11\/Wasserflieger-768x508.jpeg 768w\" sizes=\"auto, (max-width: 1280px) 100vw, 1280px\" \/>\u201eLet\u00b4s go to the Hamptons\u201c ist zum gefl\u00fcgelten Begriff avanciert, der Menschen jeder Couleur signalisiert, dass man sich Luxus leisten kann. Sozialprestige, Understatement vielleicht, High Snobiety zuverl\u00e4ssig, Mit-dazu-geh\u00f6ren-wollen, Es-geschafft-haben, das sind die Termini, die in den K\u00f6pfen derer geistern, f\u00fcr die der Traum unerreichbar ist, aus welchen Gr\u00fcnden immer. Im Zeitalter einer Pandemie jedenfalls haben viele Bewohner New Yorks der ehemals pulsierenden Metropole neuerdings den R\u00fccken gekehrt und ihren Lebensmittelpunkt an Zweitwohnsitze in der frischen Luft verlegt. Ein Trend, der unverkennbar ist, der in den l\u00e4ndlichen Gemeinschaften und vertr\u00e4umten Orten zu einem steilen Anstieg der Preise f\u00fcr Grundst\u00fccklagen gef\u00fchrt hat.<br \/>\n<img loading=\"lazy\" decoding=\"async\" src=\"https:\/\/windpilot.com\/blog\/wp-content\/uploads\/2020\/11\/BahamaBeach.jpg\" alt=\"\" width=\"890\" height=\"594\" class=\"aligncenter size-full wp-image-23831\" srcset=\"https:\/\/windpilot.com\/blog\/wp-content\/uploads\/2020\/11\/BahamaBeach.jpg 890w, https:\/\/windpilot.com\/blog\/wp-content\/uploads\/2020\/11\/BahamaBeach-300x200.jpg 300w, https:\/\/windpilot.com\/blog\/wp-content\/uploads\/2020\/11\/BahamaBeach-768x513.jpg 768w\" sizes=\"auto, (max-width: 890px) 100vw, 890px\" \/>Der Begriff Hamptons l\u00e4sst sich wie kaum ein zweiter wundervoll skalieren, wenn man ihn  stellvertretend f\u00fcr einsame Pl\u00e4tze jeder Art verwendet. Denn, nicht wahr, die Hamptons k\u00f6nnen \u00fcberall sein &#8211; womit ich hier zum Thema komme. So ist der gesamte US Kontinent von \u201eHamptons\u201c ums\u00e4umt, insbesondere an der Ostk\u00fcste reihen sich wundervolle K\u00fcstenstriche wie die Perlen einer endlosen Kette aneinander, wo die Zeit stehen geblieben scheint, wo jeder Ort f\u00fcr sich ein Paradies darstellt.<br \/>\n<img loading=\"lazy\" decoding=\"async\" src=\"https:\/\/windpilot.com\/blog\/wp-content\/uploads\/2020\/11\/KeysPowerB-Nets.jpg\" alt=\"\" width=\"884\" height=\"596\" class=\"aligncenter size-full wp-image-23832\" srcset=\"https:\/\/windpilot.com\/blog\/wp-content\/uploads\/2020\/11\/KeysPowerB-Nets.jpg 884w, https:\/\/windpilot.com\/blog\/wp-content\/uploads\/2020\/11\/KeysPowerB-Nets-300x202.jpg 300w, https:\/\/windpilot.com\/blog\/wp-content\/uploads\/2020\/11\/KeysPowerB-Nets-768x518.jpg 768w\" sizes=\"auto, (max-width: 884px) 100vw, 884px\" \/>Wie sehr hatten wir uns daran gew\u00f6hnt, dass Luftreisen zum Preis einer Taxifahrt zu haben gewesen sind, Wochenendtrips zum Big Apple zum Musthave von Jugendlichen verkommen ist, sei es auch nur, um das meist geliebte Gesicht als Vordergrund auf dem Smartphone zu verewigen. Atemlose, exotische Reiseziele wurden massenhaft besucht, nicht immer nur, um dort endlich einmal auszuschlafen, hingegen Ziele wie Troph\u00e4en aneinanderzureihen um ggf. die eigene Legende ein wenig aufzubretzeln, das Ego kurvig imposanter, tindertechnisch interessanter, den Marktwert zu optimieren? Nein, mein Moralzeigefinger steckt in der Hosentasche!<br \/>\n<img loading=\"lazy\" decoding=\"async\" src=\"https:\/\/windpilot.com\/blog\/wp-content\/uploads\/2020\/11\/DSC00442.jpeg\" alt=\"\" width=\"800\" height=\"534\" class=\"aligncenter size-full wp-image-23833\" srcset=\"https:\/\/windpilot.com\/blog\/wp-content\/uploads\/2020\/11\/DSC00442.jpeg 800w, https:\/\/windpilot.com\/blog\/wp-content\/uploads\/2020\/11\/DSC00442-300x200.jpeg 300w, https:\/\/windpilot.com\/blog\/wp-content\/uploads\/2020\/11\/DSC00442-768x513.jpeg 768w\" sizes=\"auto, (max-width: 800px) 100vw, 800px\" \/>In den neuen Zeiten von heute, wachsen Begriffe wie Luft, Raum und Platz zu einer neuen Dimension in unser Bewusstsein. Die dr\u00e4ngende Enge von Menschen, die vormals ein jeder suchte, um dort seiner Einsamkeit ein wenig zu entfliehen, wo enge Bahnen, Busse, Fahrst\u00fchle und  Partygedr\u00e4nge stellvertretend soziale N\u00e4he haben erzeugen k\u00f6nnen, ist eine abrupte Trendwende eingetreten. Wir sind nachdenklich geworden, empfinden Menschen im Nahbereich nun als st\u00f6rend, manchmal sogar als Bedrohung \u2013 wir realisieren widerstrebend! &#8211; dass N\u00e4he durchaus auch lebensgef\u00e4hrlich werden kann.<br \/>\n<img loading=\"lazy\" decoding=\"async\" src=\"https:\/\/windpilot.com\/blog\/wp-content\/uploads\/2020\/11\/DSC00255-1024x682.jpeg\" alt=\"\" width=\"640\" height=\"426\" class=\"aligncenter size-large wp-image-23834\" srcset=\"https:\/\/windpilot.com\/blog\/wp-content\/uploads\/2020\/11\/DSC00255-1024x682.jpeg 1024w, https:\/\/windpilot.com\/blog\/wp-content\/uploads\/2020\/11\/DSC00255-300x200.jpeg 300w, https:\/\/windpilot.com\/blog\/wp-content\/uploads\/2020\/11\/DSC00255-768x512.jpeg 768w, https:\/\/windpilot.com\/blog\/wp-content\/uploads\/2020\/11\/DSC00255.jpeg 1280w\" sizes=\"auto, (max-width: 640px) 100vw, 640px\" \/>Um das Beispiel von den Hamptons noch einmal zu strapazieren, scheint mir erw\u00e4hnenswert, wieviel Zeitaufwand, alternativ welche Distanzen zu \u00fcberwinden sind, um zwischen einem Wohn- und oder Arbeitsplatz in eine Umgebung zu gelangen, in der Erholung m\u00f6glich ist. Von Manhattan Downtown bis nach East Hampton sind es gerade mal 102 Meilen, mit dem Wagen in 2 Std abzusitzen. Vermutlich liegt hier der Grund f\u00fcr die ungeheure Attraktivit\u00e4t \u00e4hnlicher Lagen, weil sie so leicht zu erreichen ist, jedenfalls solange die Blechlawine rollt und kein Schesla unter Autopilot quer auf der Kreuzung steht.<br \/>\n<img loading=\"lazy\" decoding=\"async\" src=\"https:\/\/windpilot.com\/blog\/wp-content\/uploads\/2020\/11\/Rockport-14-1024x679.jpg\" alt=\"\" width=\"640\" height=\"424\" class=\"aligncenter size-large wp-image-23836\" srcset=\"https:\/\/windpilot.com\/blog\/wp-content\/uploads\/2020\/11\/Rockport-14-1024x679.jpg 1024w, https:\/\/windpilot.com\/blog\/wp-content\/uploads\/2020\/11\/Rockport-14-300x199.jpg 300w, https:\/\/windpilot.com\/blog\/wp-content\/uploads\/2020\/11\/Rockport-14-768x509.jpg 768w, https:\/\/windpilot.com\/blog\/wp-content\/uploads\/2020\/11\/Rockport-14-1536x1018.jpg 1536w, https:\/\/windpilot.com\/blog\/wp-content\/uploads\/2020\/11\/Rockport-14-2048x1358.jpg 2048w\" sizes=\"auto, (max-width: 640px) 100vw, 640px\" \/>Auf Europa \u00fcbertragen hat vermutlich Mallorca den Platz der Hamptons eingenommen. Unn\u00f6tig die heutige Situation zu repetieren, denn die Insellage wurde zur Z\u00e4sur, weil man in fliegenden R\u00f6hren nicht stundenlang die Luft anhalten kann.<br \/>\n<img loading=\"lazy\" decoding=\"async\" src=\"https:\/\/windpilot.com\/blog\/wp-content\/uploads\/2020\/11\/Raddampfer-schlei-MIN-1024x768.jpg\" alt=\"\" width=\"640\" height=\"480\" class=\"aligncenter size-large wp-image-23837\" srcset=\"https:\/\/windpilot.com\/blog\/wp-content\/uploads\/2020\/11\/Raddampfer-schlei-MIN-1024x768.jpg 1024w, https:\/\/windpilot.com\/blog\/wp-content\/uploads\/2020\/11\/Raddampfer-schlei-MIN-300x225.jpg 300w, https:\/\/windpilot.com\/blog\/wp-content\/uploads\/2020\/11\/Raddampfer-schlei-MIN-768x576.jpg 768w, https:\/\/windpilot.com\/blog\/wp-content\/uploads\/2020\/11\/Raddampfer-schlei-MIN-1536x1152.jpg 1536w, https:\/\/windpilot.com\/blog\/wp-content\/uploads\/2020\/11\/Raddampfer-schlei-MIN-2048x1536.jpg 2048w\" sizes=\"auto, (max-width: 640px) 100vw, 640px\" \/>Im Kontext all dieser \u00dcberlegungen scheinen Segler und Wassersportler heute privilegiert, da ihre \u201eZweitwohnsitze\u201c egal wie klein oder gross, sie von Land und Leuten gen\u00fcgend distanzieren.<br \/>\n<img loading=\"lazy\" decoding=\"async\" src=\"https:\/\/windpilot.com\/blog\/wp-content\/uploads\/2020\/11\/pilothouse-motorsailer_01-Kopie-1024x768.jpg\" alt=\"\" width=\"640\" height=\"480\" class=\"aligncenter size-large wp-image-23839\" srcset=\"https:\/\/windpilot.com\/blog\/wp-content\/uploads\/2020\/11\/pilothouse-motorsailer_01-Kopie-1024x768.jpg 1024w, https:\/\/windpilot.com\/blog\/wp-content\/uploads\/2020\/11\/pilothouse-motorsailer_01-Kopie-300x225.jpg 300w, https:\/\/windpilot.com\/blog\/wp-content\/uploads\/2020\/11\/pilothouse-motorsailer_01-Kopie-768x576.jpg 768w, https:\/\/windpilot.com\/blog\/wp-content\/uploads\/2020\/11\/pilothouse-motorsailer_01-Kopie.jpg 1080w\" sizes=\"auto, (max-width: 640px) 100vw, 640px\" \/>So gesehen, und das ist der Sinn dieser Zeilen, ist unsere Zeit auf dem Wasser nochmals wertvoller geworden, weil wir dort jeden Abstand bewahren k\u00f6nnen, ohne ihn zun\u00e4chst beh\u00f6rdlicher Definition zu unterwerfen. Denn, nicht wahr, auch ein kleiner Paddelgang auf SUP oder Schwan zum Treten, alternativ jedweder schwimmender Untersatz bringt uns von den Gefahren weg \u2026 die wir nun erkannt, die wir damit bannen k\u00f6nnen.<\/p>\n<p>Mein Wort zum Sonntag.<br \/>\n22.11.2020<\/p>\n<p>Peter Foerthmann<br \/>\n<img loading=\"lazy\" decoding=\"async\" src=\"https:\/\/windpilot.com\/blog\/wp-content\/uploads\/2020\/10\/A.-Peter-Lions-150x150.jpg\" alt=\"\" width=\"150\" height=\"150\" class=\"alignleft size-thumbnail wp-image-23668\" srcset=\"https:\/\/windpilot.com\/blog\/wp-content\/uploads\/2020\/10\/A.-Peter-Lions-150x150.jpg 150w, https:\/\/windpilot.com\/blog\/wp-content\/uploads\/2020\/10\/A.-Peter-Lions-300x300.jpg 300w, https:\/\/windpilot.com\/blog\/wp-content\/uploads\/2020\/10\/A.-Peter-Lions-1024x1020.jpg 1024w, https:\/\/windpilot.com\/blog\/wp-content\/uploads\/2020\/10\/A.-Peter-Lions-768x765.jpg 768w, https:\/\/windpilot.com\/blog\/wp-content\/uploads\/2020\/10\/A.-Peter-Lions-1536x1531.jpg 1536w, https:\/\/windpilot.com\/blog\/wp-content\/uploads\/2020\/10\/A.-Peter-Lions.jpg 1700w\" sizes=\"auto, (max-width: 150px) 100vw, 150px\" \/><\/p>\n","protected":false},"excerpt":{"rendered":"<p>AB IN DIE HAMPTON\u00b4S Seit Jahrhunderten ein Begriff, der in h\u00f6heren Kreisen Wohlbehagen erzeugt, der eigentlich nur eine Halbinsel beschreibt, die unvergleichlich weitl\u00e4ufig geraten ist, wo unendliche Str\u00e4nde hinter dem Horizont verschwinden, wo man einsam ist, allerdings ohne Gefahr, sich &hellip; <a href=\"https:\/\/windpilot.com\/blog\/news\/zweitwohnsitze\/\">Weiterlesen <span class=\"meta-nav\">&rarr;<\/span><\/a><\/p>\n","protected":false},"author":1,"featured_media":0,"parent":16769,"menu_order":-10,"comment_status":"open","ping_status":"closed","template":"","meta":{"footnotes":""},"class_list":["post-23823","page","type-page","status-publish","hentry"],"_links":{"self":[{"href":"https:\/\/windpilot.com\/blog\/wp-json\/wp\/v2\/pages\/23823","targetHints":{"allow":["GET"]}}],"collection":[{"href":"https:\/\/windpilot.com\/blog\/wp-json\/wp\/v2\/pages"}],"about":[{"href":"https:\/\/windpilot.com\/blog\/wp-json\/wp\/v2\/types\/page"}],"author":[{"embeddable":true,"href":"https:\/\/windpilot.com\/blog\/wp-json\/wp\/v2\/users\/1"}],"replies":[{"embeddable":true,"href":"https:\/\/windpilot.com\/blog\/wp-json\/wp\/v2\/comments?post=23823"}],"version-history":[{"count":11,"href":"https:\/\/windpilot.com\/blog\/wp-json\/wp\/v2\/pages\/23823\/revisions"}],"predecessor-version":[{"id":23848,"href":"https:\/\/windpilot.com\/blog\/wp-json\/wp\/v2\/pages\/23823\/revisions\/23848"}],"up":[{"embeddable":true,"href":"https:\/\/windpilot.com\/blog\/wp-json\/wp\/v2\/pages\/16769"}],"wp:attachment":[{"href":"https:\/\/windpilot.com\/blog\/wp-json\/wp\/v2\/media?parent=23823"}],"curies":[{"name":"wp","href":"https:\/\/api.w.org\/{rel}","templated":true}]}}