{"id":24010,"date":"2020-12-19T08:16:34","date_gmt":"2020-12-19T15:16:34","guid":{"rendered":"https:\/\/windpilot.com\/blog\/?page_id=24010"},"modified":"2020-12-20T02:59:53","modified_gmt":"2020-12-20T09:59:53","slug":"leisure-17","status":"publish","type":"page","link":"https:\/\/windpilot.com\/blog\/schiffe\/gebrauchtyachten\/leisure-17\/","title":{"rendered":"Leisure 17"},"content":{"rendered":"<p><strong>MIT EINER LEISURE 17 FING ALLES AN<\/strong><br \/>\n<img loading=\"lazy\" decoding=\"async\" src=\"https:\/\/windpilot.com\/blog\/wp-content\/uploads\/2020\/12\/IMG_6931.jpeg\" alt=\"\" width=\"1280\" height=\"960\" class=\"aligncenter size-full wp-image-24014\" srcset=\"https:\/\/windpilot.com\/blog\/wp-content\/uploads\/2020\/12\/IMG_6931.jpeg 1280w, https:\/\/windpilot.com\/blog\/wp-content\/uploads\/2020\/12\/IMG_6931-300x225.jpeg 300w, https:\/\/windpilot.com\/blog\/wp-content\/uploads\/2020\/12\/IMG_6931-1024x768.jpeg 1024w, https:\/\/windpilot.com\/blog\/wp-content\/uploads\/2020\/12\/IMG_6931-768x576.jpeg 768w\" sizes=\"auto, (max-width: 1280px) 100vw, 1280px\" \/>Sicher unn\u00f6tig, die ganze Geschichte hier zu repetieren: Windpilot und Leisure sind ein Gespann, mit dem die Geschichte damals angefangen hat, alles aufgeschrieben, falls noch nicht bekannt:<\/p>\n<blockquote class=\"wp-embedded-content\" data-secret=\"l8JDOX1ks2\"><p><a href=\"https:\/\/windpilot.com\/blog\/columns\/peter-der-markt\/windpilot\/deutsch-windpilot-die-englischen-wurzeln\/\">1976 &#8211; The roots<\/a><\/p><\/blockquote>\n<p><iframe loading=\"lazy\" class=\"wp-embedded-content\" sandbox=\"allow-scripts\" security=\"restricted\" style=\"position: absolute; clip: rect(1px, 1px, 1px, 1px);\" title=\"&#8222;1976 &#8211; The roots&#8220; &#8212; Windpilot Blog\" src=\"https:\/\/windpilot.com\/blog\/columns\/peter-der-markt\/windpilot\/deutsch-windpilot-die-englischen-wurzeln\/embed\/#?secret=ankLovNVyd#?secret=l8JDOX1ks2\" data-secret=\"l8JDOX1ks2\" width=\"600\" height=\"338\" frameborder=\"0\" marginwidth=\"0\" marginheight=\"0\" scrolling=\"no\"><\/iframe><\/p>\n<p>Der rote Faden, die Verbindung von Leisure Yachten und meinem Herzen, insbesondere deren Vater, Brian Meerloo hat mich lebenslang begleitet, auch dies ist nachzulesen:<\/p>\n<blockquote class=\"wp-embedded-content\" data-secret=\"Q35IuRtdUV\"><p><a href=\"https:\/\/windpilot.com\/blog\/columns\/peter-der-markt\/windpilot\/brian-meerloo-1935-2019\/\">Brian Meerloo<\/a><\/p><\/blockquote>\n<p><iframe loading=\"lazy\" class=\"wp-embedded-content\" sandbox=\"allow-scripts\" security=\"restricted\" style=\"position: absolute; clip: rect(1px, 1px, 1px, 1px);\" title=\"&#8222;Brian Meerloo&#8220; &#8212; Windpilot Blog\" src=\"https:\/\/windpilot.com\/blog\/columns\/peter-der-markt\/windpilot\/brian-meerloo-1935-2019\/embed\/#?secret=fO8FkbZcKK#?secret=Q35IuRtdUV\" data-secret=\"Q35IuRtdUV\" width=\"600\" height=\"338\" frameborder=\"0\" marginwidth=\"0\" marginheight=\"0\" scrolling=\"no\"><\/iframe><\/p>\n<p><img loading=\"lazy\" decoding=\"async\" src=\"https:\/\/windpilot.com\/blog\/wp-content\/uploads\/2020\/12\/Leisure-27-Gilroy-Kopie.jpg\" alt=\"\" width=\"1604\" height=\"762\" class=\"aligncenter size-full wp-image-24015\" srcset=\"https:\/\/windpilot.com\/blog\/wp-content\/uploads\/2020\/12\/Leisure-27-Gilroy-Kopie.jpg 1604w, https:\/\/windpilot.com\/blog\/wp-content\/uploads\/2020\/12\/Leisure-27-Gilroy-Kopie-300x143.jpg 300w, https:\/\/windpilot.com\/blog\/wp-content\/uploads\/2020\/12\/Leisure-27-Gilroy-Kopie-1024x486.jpg 1024w, https:\/\/windpilot.com\/blog\/wp-content\/uploads\/2020\/12\/Leisure-27-Gilroy-Kopie-768x365.jpg 768w, https:\/\/windpilot.com\/blog\/wp-content\/uploads\/2020\/12\/Leisure-27-Gilroy-Kopie-1536x730.jpg 1536w\" sizes=\"auto, (max-width: 1604px) 100vw, 1604px\" \/>Ist es ein Wunder, dass ich seit Jahrzehnten immer wieder ins Nachdenken gerate, wenn mir einer dieser aberwitzig kleinen Taschenkreuzer quer \u00fcber den Lebensweg watschelnd kreuzt? Die H\u00f6he am Wind, die Speed durchs Wasser sind es nie gewesen, aber bei Ebbe haben Leisures noch heute ihren Lauf. Wenn die Tide abgehauen ist, die Krebse sich verkrochen, andere Schiffe wie ein sterbender Schwan zur Seite kippen oder wie Fische auf dem Trocknen wirken, dann steht eine Leisure auf drei Beinen auf dem Roten Teppich mitten im Schlick, dem bevorzugten Liegeplatz in ihrem Heimatland, der auch heute noch billig zu haben ist, oder garnix kostet. Legend\u00e4re Schiffe, die aufgrund ihrer Gr\u00f6sse Menschen abwechselnd in Ehrfurcht verstummen bzw. ungl\u00e4ubiges Kopfsch\u00fctteln verfallen lassen, weil sie kaum glauben wollen, welche Abenteuer diese Nussschalen bereits bestanden haben. Nat\u00fcrlich habe ich nicht vergessen, dass unsere Anspr\u00fcche damals bescheidener gewesen sind, Stehh\u00f6he nicht zur Selbstverst\u00e4ndlichkeit geh\u00f6rte, ein Klo &#8230; ohlala &#8230;damals lediglich als Universalp\u00fctz vorhanden war, in der man Kartoffeln sch\u00e4len, Wasser holen &#8230; und am Ende seine eigene Notdurft \u00fcber die Kante kippen konnte &#8230; wenn neugierige Augen norgends in Sicht &#8230; und die holde Besatzung dezent zur Seite schielte &#8230; die Luft anhielt &#8230; oder in dieselbe peilte.<br \/>\n<img loading=\"lazy\" decoding=\"async\" src=\"https:\/\/windpilot.com\/blog\/wp-content\/uploads\/2020\/12\/IMG_6938.jpeg\" alt=\"\" width=\"1280\" height=\"960\" class=\"aligncenter size-full wp-image-24016\" srcset=\"https:\/\/windpilot.com\/blog\/wp-content\/uploads\/2020\/12\/IMG_6938.jpeg 1280w, https:\/\/windpilot.com\/blog\/wp-content\/uploads\/2020\/12\/IMG_6938-300x225.jpeg 300w, https:\/\/windpilot.com\/blog\/wp-content\/uploads\/2020\/12\/IMG_6938-1024x768.jpeg 1024w, https:\/\/windpilot.com\/blog\/wp-content\/uploads\/2020\/12\/IMG_6938-768x576.jpeg 768w\" sizes=\"auto, (max-width: 1280px) 100vw, 1280px\" \/>Im Sommer habe ich in Grauh\u00f6ft die Ingo II getroffen. Ich war stantepede fasziniert &#8230; in der sp\u00e4ten Sommersonne lag die blitzblanke Leisure 17 in vollem Ornat, fertig f\u00fcr die grausame See, auf die ihr Eigner samt seine Frau zu stechen plante. Ein Schiff ausger\u00fcstet mit allen bells und whistles, und eben einer Heckverzierung, die mir den Atem raubte&#8230; schaun\u00b4 Sie selbst, was ein erfahrener Mechaniker Meister und begnadeter Modell Flugzeugbauer zu Stande gebracht hat: ein Kunstwerk der Sonderklasse &#8230; das zudem perfekt funktioniert:<br \/>\n<img loading=\"lazy\" decoding=\"async\" src=\"https:\/\/windpilot.com\/blog\/wp-content\/uploads\/2020\/12\/IMG_6924.jpeg\" alt=\"\" width=\"1280\" height=\"960\" class=\"aligncenter size-full wp-image-24017\" srcset=\"https:\/\/windpilot.com\/blog\/wp-content\/uploads\/2020\/12\/IMG_6924.jpeg 1280w, https:\/\/windpilot.com\/blog\/wp-content\/uploads\/2020\/12\/IMG_6924-300x225.jpeg 300w, https:\/\/windpilot.com\/blog\/wp-content\/uploads\/2020\/12\/IMG_6924-1024x768.jpeg 1024w, https:\/\/windpilot.com\/blog\/wp-content\/uploads\/2020\/12\/IMG_6924-768x576.jpeg 768w\" sizes=\"auto, (max-width: 1280px) 100vw, 1280px\" \/><img loading=\"lazy\" decoding=\"async\" src=\"https:\/\/windpilot.com\/blog\/wp-content\/uploads\/2020\/12\/IMG_6925.jpeg\" alt=\"\" width=\"960\" height=\"1280\" class=\"aligncenter size-full wp-image-24018\" srcset=\"https:\/\/windpilot.com\/blog\/wp-content\/uploads\/2020\/12\/IMG_6925.jpeg 960w, https:\/\/windpilot.com\/blog\/wp-content\/uploads\/2020\/12\/IMG_6925-225x300.jpeg 225w, https:\/\/windpilot.com\/blog\/wp-content\/uploads\/2020\/12\/IMG_6925-768x1024.jpeg 768w\" sizes=\"auto, (max-width: 960px) 100vw, 960px\" \/><img loading=\"lazy\" decoding=\"async\" src=\"https:\/\/windpilot.com\/blog\/wp-content\/uploads\/2020\/12\/IMG_6943D.jpeg\" alt=\"\" width=\"960\" height=\"1280\" class=\"aligncenter size-full wp-image-24019\" srcset=\"https:\/\/windpilot.com\/blog\/wp-content\/uploads\/2020\/12\/IMG_6943D.jpeg 960w, https:\/\/windpilot.com\/blog\/wp-content\/uploads\/2020\/12\/IMG_6943D-225x300.jpeg 225w, https:\/\/windpilot.com\/blog\/wp-content\/uploads\/2020\/12\/IMG_6943D-768x1024.jpeg 768w\" sizes=\"auto, (max-width: 960px) 100vw, 960px\" \/><\/p>\n<p>Dass eine Leisure 17 auch ein anderes Schicksal ereilen &#8211; oder erleiden &#8211; kann, beweist die Geschichte eines mit Elan angegangenen Versuches, einen Westentaschenkreuzer zur vollwertigen Familienyacht aufzumotzen &#8230; genauer: einem Dach \u00fcber den Kopf einer 4 k\u00f6pfigen Familie, die an der Unterelbe, genauer in Oberndorf, sich f\u00fcr die Nordsee als Mordsee vorbereiten wollte, mindestens. Der Plan: Umzug von einem Bauwagen mit Doppelfahrrad als Zumaschine, in eine komfortable Segelyacht, um den Traum der Tr\u00e4ume mit bezahlbaren Mitteln zu erm\u00f6glichen: hinter den Horizont zu versegeln. Die Geschichte erz\u00e4hlt sich selbst, weil es mir die Sprache verschlagen hat, ich darum bei deren Lekt\u00fcre ich nicht weiter st\u00f6ren werde.<br \/>\n<img loading=\"lazy\" decoding=\"async\" src=\"https:\/\/windpilot.com\/blog\/wp-content\/uploads\/2020\/12\/IMG-20180503-WA0002.jpg\" alt=\"\" width=\"1032\" height=\"581\" class=\"aligncenter size-full wp-image-24049\" srcset=\"https:\/\/windpilot.com\/blog\/wp-content\/uploads\/2020\/12\/IMG-20180503-WA0002.jpg 1032w, https:\/\/windpilot.com\/blog\/wp-content\/uploads\/2020\/12\/IMG-20180503-WA0002-300x169.jpg 300w, https:\/\/windpilot.com\/blog\/wp-content\/uploads\/2020\/12\/IMG-20180503-WA0002-1024x576.jpg 1024w, https:\/\/windpilot.com\/blog\/wp-content\/uploads\/2020\/12\/IMG-20180503-WA0002-768x432.jpg 768w\" sizes=\"auto, (max-width: 1032px) 100vw, 1032px\" \/><img loading=\"lazy\" decoding=\"async\" src=\"https:\/\/windpilot.com\/blog\/wp-content\/uploads\/2020\/12\/IMG-20181102-WA0034-rotated.jpeg\" alt=\"\" width=\"720\" height=\"1280\" class=\"aligncenter size-full wp-image-24050\" srcset=\"https:\/\/windpilot.com\/blog\/wp-content\/uploads\/2020\/12\/IMG-20181102-WA0034-rotated.jpeg 720w, https:\/\/windpilot.com\/blog\/wp-content\/uploads\/2020\/12\/IMG-20181102-WA0034-169x300.jpeg 169w, https:\/\/windpilot.com\/blog\/wp-content\/uploads\/2020\/12\/IMG-20181102-WA0034-576x1024.jpeg 576w\" sizes=\"auto, (max-width: 720px) 100vw, 720px\" \/><img loading=\"lazy\" decoding=\"async\" src=\"https:\/\/windpilot.com\/blog\/wp-content\/uploads\/2020\/12\/IMG-20181111-WA0008.jpeg\" alt=\"\" width=\"1280\" height=\"720\" class=\"aligncenter size-full wp-image-24022\" srcset=\"https:\/\/windpilot.com\/blog\/wp-content\/uploads\/2020\/12\/IMG-20181111-WA0008.jpeg 1280w, https:\/\/windpilot.com\/blog\/wp-content\/uploads\/2020\/12\/IMG-20181111-WA0008-300x169.jpeg 300w, https:\/\/windpilot.com\/blog\/wp-content\/uploads\/2020\/12\/IMG-20181111-WA0008-1024x576.jpeg 1024w, https:\/\/windpilot.com\/blog\/wp-content\/uploads\/2020\/12\/IMG-20181111-WA0008-768x432.jpeg 768w\" sizes=\"auto, (max-width: 1280px) 100vw, 1280px\" \/><img loading=\"lazy\" decoding=\"async\" src=\"https:\/\/windpilot.com\/blog\/wp-content\/uploads\/2020\/12\/IMG-20190125-WA0011.jpg\" alt=\"\" width=\"960\" height=\"1600\" class=\"aligncenter size-full wp-image-24023\" srcset=\"https:\/\/windpilot.com\/blog\/wp-content\/uploads\/2020\/12\/IMG-20190125-WA0011.jpg 960w, https:\/\/windpilot.com\/blog\/wp-content\/uploads\/2020\/12\/IMG-20190125-WA0011-180x300.jpg 180w, https:\/\/windpilot.com\/blog\/wp-content\/uploads\/2020\/12\/IMG-20190125-WA0011-614x1024.jpg 614w, https:\/\/windpilot.com\/blog\/wp-content\/uploads\/2020\/12\/IMG-20190125-WA0011-768x1280.jpg 768w, https:\/\/windpilot.com\/blog\/wp-content\/uploads\/2020\/12\/IMG-20190125-WA0011-922x1536.jpg 922w\" sizes=\"auto, (max-width: 960px) 100vw, 960px\" \/><img loading=\"lazy\" decoding=\"async\" src=\"https:\/\/windpilot.com\/blog\/wp-content\/uploads\/2020\/12\/20190830_144658.jpeg\" alt=\"\" width=\"1280\" height=\"960\" class=\"aligncenter size-full wp-image-24024\" srcset=\"https:\/\/windpilot.com\/blog\/wp-content\/uploads\/2020\/12\/20190830_144658.jpeg 1280w, https:\/\/windpilot.com\/blog\/wp-content\/uploads\/2020\/12\/20190830_144658-300x225.jpeg 300w, https:\/\/windpilot.com\/blog\/wp-content\/uploads\/2020\/12\/20190830_144658-1024x768.jpeg 1024w, https:\/\/windpilot.com\/blog\/wp-content\/uploads\/2020\/12\/20190830_144658-768x576.jpeg 768w\" sizes=\"auto, (max-width: 1280px) 100vw, 1280px\" \/><img loading=\"lazy\" decoding=\"async\" src=\"https:\/\/windpilot.com\/blog\/wp-content\/uploads\/2020\/12\/20190830_145015-rotated.jpeg\" alt=\"\" width=\"960\" height=\"1280\" class=\"aligncenter size-full wp-image-24031\" srcset=\"https:\/\/windpilot.com\/blog\/wp-content\/uploads\/2020\/12\/20190830_145015-rotated.jpeg 960w, https:\/\/windpilot.com\/blog\/wp-content\/uploads\/2020\/12\/20190830_145015-225x300.jpeg 225w, https:\/\/windpilot.com\/blog\/wp-content\/uploads\/2020\/12\/20190830_145015-768x1024.jpeg 768w\" sizes=\"auto, (max-width: 960px) 100vw, 960px\" \/><img loading=\"lazy\" decoding=\"async\" src=\"https:\/\/windpilot.com\/blog\/wp-content\/uploads\/2020\/12\/IMG_20190917_103652.jpg\" alt=\"\" width=\"854\" height=\"640\" class=\"aligncenter size-full wp-image-24025\" srcset=\"https:\/\/windpilot.com\/blog\/wp-content\/uploads\/2020\/12\/IMG_20190917_103652.jpg 854w, https:\/\/windpilot.com\/blog\/wp-content\/uploads\/2020\/12\/IMG_20190917_103652-300x225.jpg 300w, https:\/\/windpilot.com\/blog\/wp-content\/uploads\/2020\/12\/IMG_20190917_103652-768x576.jpg 768w\" sizes=\"auto, (max-width: 854px) 100vw, 854px\" \/><img loading=\"lazy\" decoding=\"async\" src=\"https:\/\/windpilot.com\/blog\/wp-content\/uploads\/2020\/12\/IMG_20190917_103709.jpg\" alt=\"\" width=\"640\" height=\"854\" class=\"aligncenter size-full wp-image-24026\" srcset=\"https:\/\/windpilot.com\/blog\/wp-content\/uploads\/2020\/12\/IMG_20190917_103709.jpg 640w, https:\/\/windpilot.com\/blog\/wp-content\/uploads\/2020\/12\/IMG_20190917_103709-225x300.jpg 225w\" sizes=\"auto, (max-width: 640px) 100vw, 640px\" \/><\/p>\n<p>Auch wenn meine PACIFIC LIGHT f\u00fcr Westentaschenkreuzer konstruiert und produziert wurde, so macht ein Blick auf die Kombination dieses Systems an einer Leisure 17 mich fast verlegen, weil mein kleiner Steuersklave  hier bombastisch gross geraten erscheint.<br \/>\n<img loading=\"lazy\" decoding=\"async\" src=\"https:\/\/windpilot.com\/blog\/wp-content\/uploads\/2020\/12\/P1020128a.jpg\" alt=\"\" width=\"1200\" height=\"1600\" class=\"aligncenter size-full wp-image-24051\" srcset=\"https:\/\/windpilot.com\/blog\/wp-content\/uploads\/2020\/12\/P1020128a.jpg 1200w, https:\/\/windpilot.com\/blog\/wp-content\/uploads\/2020\/12\/P1020128a-225x300.jpg 225w, https:\/\/windpilot.com\/blog\/wp-content\/uploads\/2020\/12\/P1020128a-768x1024.jpg 768w, https:\/\/windpilot.com\/blog\/wp-content\/uploads\/2020\/12\/P1020128a-1152x1536.jpg 1152w\" sizes=\"auto, (max-width: 1200px) 100vw, 1200px\" \/>Aber ich versichere hier an Eides statt, dass dies keinen Eingluss auf die Funktionen hat, zumal der Skipper eigentlich gar nicht mehr mitzusegeln hat &#8230;er nur die Segel hochzuziehen hat &#8230; und die Leinen loszuganz alleine &#8230;<\/p>\n<p>Ehrlich! <\/p>\n","protected":false},"excerpt":{"rendered":"<p>MIT EINER LEISURE 17 FING ALLES AN Sicher unn\u00f6tig, die ganze Geschichte hier zu repetieren: Windpilot und Leisure sind ein Gespann, mit dem die Geschichte damals angefangen hat, alles aufgeschrieben, falls noch nicht bekannt: 1976 &#8211; The roots Der rote &hellip; <a href=\"https:\/\/windpilot.com\/blog\/schiffe\/gebrauchtyachten\/leisure-17\/\">Weiterlesen <span class=\"meta-nav\">&rarr;<\/span><\/a><\/p>\n","protected":false},"author":1,"featured_media":0,"parent":15914,"menu_order":-6,"comment_status":"open","ping_status":"closed","template":"","meta":{"footnotes":""},"class_list":["post-24010","page","type-page","status-publish","hentry"],"_links":{"self":[{"href":"https:\/\/windpilot.com\/blog\/wp-json\/wp\/v2\/pages\/24010","targetHints":{"allow":["GET"]}}],"collection":[{"href":"https:\/\/windpilot.com\/blog\/wp-json\/wp\/v2\/pages"}],"about":[{"href":"https:\/\/windpilot.com\/blog\/wp-json\/wp\/v2\/types\/page"}],"author":[{"embeddable":true,"href":"https:\/\/windpilot.com\/blog\/wp-json\/wp\/v2\/users\/1"}],"replies":[{"embeddable":true,"href":"https:\/\/windpilot.com\/blog\/wp-json\/wp\/v2\/comments?post=24010"}],"version-history":[{"count":12,"href":"https:\/\/windpilot.com\/blog\/wp-json\/wp\/v2\/pages\/24010\/revisions"}],"predecessor-version":[{"id":24052,"href":"https:\/\/windpilot.com\/blog\/wp-json\/wp\/v2\/pages\/24010\/revisions\/24052"}],"up":[{"embeddable":true,"href":"https:\/\/windpilot.com\/blog\/wp-json\/wp\/v2\/pages\/15914"}],"wp:attachment":[{"href":"https:\/\/windpilot.com\/blog\/wp-json\/wp\/v2\/media?parent=24010"}],"curies":[{"name":"wp","href":"https:\/\/api.w.org\/{rel}","templated":true}]}}