{"id":24086,"date":"2020-12-22T07:53:33","date_gmt":"2020-12-22T14:53:33","guid":{"rendered":"https:\/\/windpilot.com\/blog\/?page_id=24086"},"modified":"2020-12-27T06:23:53","modified_gmt":"2020-12-27T13:23:53","slug":"peter-foerthmann-autor","status":"publish","type":"page","link":"https:\/\/windpilot.com\/blog\/windpilot-books-2\/peter-foerthmann-autor\/","title":{"rendered":"Peter Foerthmann"},"content":{"rendered":"<p><strong>PETER FOERTHMANN &#8211; AUTOR &#8211; WIESO &#8211; WESHALB &#8211; WARUM<\/strong><br \/>\n<img loading=\"lazy\" decoding=\"async\" src=\"https:\/\/windpilot.com\/blog\/wp-content\/uploads\/2020\/12\/Schreiberling-low.jpg\" alt=\"\" width=\"2252\" height=\"1594\" class=\"aligncenter size-full wp-image-24088\" srcset=\"https:\/\/windpilot.com\/blog\/wp-content\/uploads\/2020\/12\/Schreiberling-low.jpg 2252w, https:\/\/windpilot.com\/blog\/wp-content\/uploads\/2020\/12\/Schreiberling-low-300x212.jpg 300w, https:\/\/windpilot.com\/blog\/wp-content\/uploads\/2020\/12\/Schreiberling-low-1024x725.jpg 1024w, https:\/\/windpilot.com\/blog\/wp-content\/uploads\/2020\/12\/Schreiberling-low-768x544.jpg 768w, https:\/\/windpilot.com\/blog\/wp-content\/uploads\/2020\/12\/Schreiberling-low-1536x1087.jpg 1536w, https:\/\/windpilot.com\/blog\/wp-content\/uploads\/2020\/12\/Schreiberling-low-2048x1450.jpg 2048w\" sizes=\"auto, (max-width: 2252px) 100vw, 2252px\" \/>Mit Fachb\u00fcchern zu meinem Lebensthema bin ich vertraut, habe mich im Verlauf von 25 Jahren zu diesem Thema exzessiv ausgelassen &#8211; ausgetobt. Das Buch <a href=\"https:\/\/windpilot.com\/books\/\">SELF-STEERING UNDER SAIL<\/a> wurde in sechs Sprachen \u00fcbersetzt und im Verlauf von 22 Jahren 7-stellig geladen, gelesen und verdaut. Dies hat sicherlich dazu beigetragen, dass eine komplexe Materie nun ein wenig verst\u00e4ndlicher geworden ist, wie ich zumindest hoffe, weil der Thematik von Windsteuersystemen einfache Gesetze der Physik zugrunde liegen. Mich juckt es, an dieser Stelle den Gedanken zu \u00e4ussern, dass dies Buch damit sicherlich zu den am meisten gelesenen Fachb\u00fcchern weltweit geh\u00f6rt, womit mich ein zufriedenes Gef\u00fchl beschleicht, denn ich habe erkennbar mein Ziel mit diesem Buch erreicht, jenseits von Verlagen und deren besonderen Interessenlagen, dem Grund f\u00fcr diesen Blog.<br \/>\n<img loading=\"lazy\" decoding=\"async\" src=\"https:\/\/windpilot.com\/blog\/wp-content\/uploads\/2020\/12\/PeterNeedles-Kopie.jpg\" alt=\"\" width=\"2100\" height=\"1381\" class=\"aligncenter size-full wp-image-24091\" srcset=\"https:\/\/windpilot.com\/blog\/wp-content\/uploads\/2020\/12\/PeterNeedles-Kopie.jpg 2100w, https:\/\/windpilot.com\/blog\/wp-content\/uploads\/2020\/12\/PeterNeedles-Kopie-300x197.jpg 300w, https:\/\/windpilot.com\/blog\/wp-content\/uploads\/2020\/12\/PeterNeedles-Kopie-1024x673.jpg 1024w, https:\/\/windpilot.com\/blog\/wp-content\/uploads\/2020\/12\/PeterNeedles-Kopie-768x505.jpg 768w, https:\/\/windpilot.com\/blog\/wp-content\/uploads\/2020\/12\/PeterNeedles-Kopie-1536x1010.jpg 1536w, https:\/\/windpilot.com\/blog\/wp-content\/uploads\/2020\/12\/PeterNeedles-Kopie-2048x1347.jpg 2048w\" sizes=\"auto, (max-width: 2100px) 100vw, 2100px\" \/>Der Weg zum Segler hingegen war dornig, weil an der Nahtstelle zur interessierten Leserschaft besondere H\u00fcrden von Verlagen, Lektoren und Kaufleuten zu \u00fcberwinden gewesen sind, wobei um Textinhalte, Seitenzahl, Fotoauswahl sowie Gestaltung gerungen werden musste, was in toto manchmal harte Arbeit gewesen ist, weil man zun\u00e4chst einen Lektor, alternativ sein weibliches Pendent zum Gegen\u00fcber hatte, die geballte Verlagsmacht geltend zu machen verstanden, der gegen\u00fcber einem Autor schon mal das R\u00fcckgrat verloren zu gehen drohte, derweil er devot versucht, gegen hierarchische Strukturen bergauf zu schwimmen. All dies kulminierte in einem ausgefeiltem Autorenvertrag, dessen Honorare scheinbar jeden Zusammenhang mit dem tats\u00e4chlichen Zeitinvestment entbehrte \u2013 erschien er doch eher aberwitzig dissonant.<br \/>\n<img loading=\"lazy\" decoding=\"async\" src=\"https:\/\/windpilot.com\/blog\/wp-content\/uploads\/2020\/12\/IMG_2056-Kopie.jpeg\" alt=\"\" width=\"1280\" height=\"960\" class=\"aligncenter size-full wp-image-24092\" srcset=\"https:\/\/windpilot.com\/blog\/wp-content\/uploads\/2020\/12\/IMG_2056-Kopie.jpeg 1280w, https:\/\/windpilot.com\/blog\/wp-content\/uploads\/2020\/12\/IMG_2056-Kopie-300x225.jpeg 300w, https:\/\/windpilot.com\/blog\/wp-content\/uploads\/2020\/12\/IMG_2056-Kopie-1024x768.jpeg 1024w, https:\/\/windpilot.com\/blog\/wp-content\/uploads\/2020\/12\/IMG_2056-Kopie-768x576.jpeg 768w\" sizes=\"auto, (max-width: 1280px) 100vw, 1280px\" \/>Am Ende blieb die klamme Hoffnung, als Autor eines Buches zumindest einen Zipfel von Unsterblichkeit erhascht zu haben, eine vermutlich jedem Autor zutiefst innewohnende Hoffnung. Zumindest dies n\u00e4mlich, konnte einem fortan keiner mehr nehmen! Die Titulierung AUTOR immerhin verleiht den Hauch von Zugeh\u00f6rigkeit zu einer elit\u00e4ren Gemeinde, die im sozialen Miteinander sodann allzu gern als Keule verwendet wird, um Distanz zu erzeugen. Geldverdienen Nebensache!<br \/>\n<img loading=\"lazy\" decoding=\"async\" src=\"https:\/\/windpilot.com\/blog\/wp-content\/uploads\/2020\/12\/Teddy-Peter.jpg\" alt=\"\" width=\"2168\" height=\"2098\" class=\"aligncenter size-full wp-image-24093\" srcset=\"https:\/\/windpilot.com\/blog\/wp-content\/uploads\/2020\/12\/Teddy-Peter.jpg 2168w, https:\/\/windpilot.com\/blog\/wp-content\/uploads\/2020\/12\/Teddy-Peter-300x290.jpg 300w, https:\/\/windpilot.com\/blog\/wp-content\/uploads\/2020\/12\/Teddy-Peter-1024x991.jpg 1024w, https:\/\/windpilot.com\/blog\/wp-content\/uploads\/2020\/12\/Teddy-Peter-768x743.jpg 768w, https:\/\/windpilot.com\/blog\/wp-content\/uploads\/2020\/12\/Teddy-Peter-1536x1486.jpg 1536w, https:\/\/windpilot.com\/blog\/wp-content\/uploads\/2020\/12\/Teddy-Peter-2048x1982.jpg 2048w\" sizes=\"auto, (max-width: 2168px) 100vw, 2168px\" \/>Denn die wirtschaftliche Seite einer Autorenschaft hatte stets auf einem ganz anderen Planeten Platz zu nehmen. Vermutlich haben es in Deutschland nur extrem wenige Autoren geschafft, von Autoren Honoraren einen Lebensunterhalt \u2013 zumindest teilweise! &#8211; zu bestreiten. Mein Tipp: vermutlich nur im Bereich von zwei Autoren! Ein k\u00fcnstlicher Flaschenhals, um Ertr\u00e4ge zu generieren und zeitgleich den Marktzugang zu regulieren?<br \/>\n<img loading=\"lazy\" decoding=\"async\" src=\"https:\/\/windpilot.com\/blog\/wp-content\/uploads\/2020\/12\/IMG_0508-Kopie.jpeg\" alt=\"\" width=\"1280\" height=\"960\" class=\"aligncenter size-full wp-image-24094\" srcset=\"https:\/\/windpilot.com\/blog\/wp-content\/uploads\/2020\/12\/IMG_0508-Kopie.jpeg 1280w, https:\/\/windpilot.com\/blog\/wp-content\/uploads\/2020\/12\/IMG_0508-Kopie-300x225.jpeg 300w, https:\/\/windpilot.com\/blog\/wp-content\/uploads\/2020\/12\/IMG_0508-Kopie-1024x768.jpeg 1024w, https:\/\/windpilot.com\/blog\/wp-content\/uploads\/2020\/12\/IMG_0508-Kopie-768x576.jpeg 768w\" sizes=\"auto, (max-width: 1280px) 100vw, 1280px\" \/>SELF-STEERING UNDER SAIL hat mich ins Fegefeuer gebracht, hat mich 2,5 Jahre Kampf am High Court in London gekostet, mich h\u00e4rter gemacht und meine ehemals devote Unterordnung unter Verlagsinteressen, am Ende ins Gegenteil verkehrt &#8211; im Kielwasser sodann auch mein Verh\u00e4ltnis sowie Umgang mit Journalisten umgekehrt, die ihren Beruf vermutlich vielfach eher als PR Beratung zu verstehen scheinen! Eine Lektion f\u00fcr\u00b4s Leben, die ich verinnerlicht habe. Sie hat sich vor 22 Jahren zugetragen.<\/p>\n<blockquote class=\"wp-embedded-content\" data-secret=\"rJgNDDJsOw\"><p><a href=\"https:\/\/windpilot.com\/blog\/columns\/peter-der-markt\/windpilot\/a-singlehanders-lonely-fight-to-resolve-a-problem-in-the-marine-business\/\">Mein Kampf<\/a><\/p><\/blockquote>\n<p><iframe loading=\"lazy\" class=\"wp-embedded-content\" sandbox=\"allow-scripts\" security=\"restricted\" style=\"position: absolute; clip: rect(1px, 1px, 1px, 1px);\" title=\"&#8222;Mein Kampf&#8220; &#8212; Windpilot Blog\" src=\"https:\/\/windpilot.com\/blog\/columns\/peter-der-markt\/windpilot\/a-singlehanders-lonely-fight-to-resolve-a-problem-in-the-marine-business\/embed\/#?secret=x4fuRZQTC7#?secret=rJgNDDJsOw\" data-secret=\"rJgNDDJsOw\" width=\"600\" height=\"338\" frameborder=\"0\" marginwidth=\"0\" marginheight=\"0\" scrolling=\"no\"><\/iframe><br \/>\nDie Zeiten haben sich rasant ver\u00e4ndert, Verlage jeder Provenienz hatten zu entdecken, dass der kaufm\u00e4nnische Aspekt des Buchvertriebs nicht allein mit kostensparendem Druck sowie Lagerung von Paletten voller Papier hinreichend bedacht, hingegen der fl\u00e4chendeckende Vertrieb einen Aufwand erfordert, der in manchen Regionen nur unter hohen Kosten zu realisieren ist. Auch die alten Marketingformen \u00fcber eigene Periodika sowie Einzelhandel und Veranstaltungen, bei denen Autoren mit dem Kofferraum voller B\u00fccher auf Vortragsreisen \u00fcber\u00b4s Land zu reisen haben, ist sp\u00e4testens durch Corona Zeiten zu einem Ende gekommen, desgleichen die Boots Messen.<br \/>\n<img loading=\"lazy\" decoding=\"async\" src=\"https:\/\/windpilot.com\/blog\/wp-content\/uploads\/2020\/12\/IMG_8893.jpg\" alt=\"\" width=\"2048\" height=\"1536\" class=\"aligncenter size-full wp-image-24095\" srcset=\"https:\/\/windpilot.com\/blog\/wp-content\/uploads\/2020\/12\/IMG_8893.jpg 2048w, https:\/\/windpilot.com\/blog\/wp-content\/uploads\/2020\/12\/IMG_8893-300x225.jpg 300w, https:\/\/windpilot.com\/blog\/wp-content\/uploads\/2020\/12\/IMG_8893-1024x768.jpg 1024w, https:\/\/windpilot.com\/blog\/wp-content\/uploads\/2020\/12\/IMG_8893-768x576.jpg 768w, https:\/\/windpilot.com\/blog\/wp-content\/uploads\/2020\/12\/IMG_8893-1536x1152.jpg 1536w\" sizes=\"auto, (max-width: 2048px) 100vw, 2048px\" \/>Es gen\u00fcgt ein Blick auf neue Allianzen, bei denen auch bekannte Autoren nun mit neuen Verlagen publizieren, B\u00fccher als pdf. ins Netz stellen und Autoren die Angebote von Self-Publishing f\u00fcr sich nutzen, bei denen Papier erst bedruckt, wenn sich ein K\u00e4ufer gefunden hat, sodann Datens\u00e4tze on demand bei einer lokalen Druckerei aufgespielt, in ein Buch verwandelt, das der Kurier dann zur T\u00fcrklinke die letzten Meter transportiert.<br \/>\n<img loading=\"lazy\" decoding=\"async\" src=\"https:\/\/windpilot.com\/blog\/wp-content\/uploads\/2020\/12\/Jolie-Peter.jpg\" alt=\"\" width=\"2560\" height=\"1920\" class=\"aligncenter size-full wp-image-24096\" srcset=\"https:\/\/windpilot.com\/blog\/wp-content\/uploads\/2020\/12\/Jolie-Peter.jpg 2560w, https:\/\/windpilot.com\/blog\/wp-content\/uploads\/2020\/12\/Jolie-Peter-300x225.jpg 300w, https:\/\/windpilot.com\/blog\/wp-content\/uploads\/2020\/12\/Jolie-Peter-1024x768.jpg 1024w, https:\/\/windpilot.com\/blog\/wp-content\/uploads\/2020\/12\/Jolie-Peter-768x576.jpg 768w, https:\/\/windpilot.com\/blog\/wp-content\/uploads\/2020\/12\/Jolie-Peter-1536x1152.jpg 1536w, https:\/\/windpilot.com\/blog\/wp-content\/uploads\/2020\/12\/Jolie-Peter-2048x1536.jpg 2048w\" sizes=\"auto, (max-width: 2560px) 100vw, 2560px\" \/>Nach verschiedenen Versuchen, einen Verleger zu finden, um ein paar Lebens und Erfahrungs Sch\u00e4tze ans Tageslicht zu bef\u00f6rdern, bin ich Zuf\u00e4llen in die Arme gelaufen, die mich nolens volens auf einen besseren Weg geleitet haben. Seitdem l\u00e4uft alles wie von selbst.<br \/>\n<img loading=\"lazy\" decoding=\"async\" src=\"https:\/\/windpilot.com\/blog\/wp-content\/uploads\/2020\/12\/ERA_1694-Kopie.jpeg\" alt=\"\" width=\"1225\" height=\"960\" class=\"aligncenter size-full wp-image-24097\" srcset=\"https:\/\/windpilot.com\/blog\/wp-content\/uploads\/2020\/12\/ERA_1694-Kopie.jpeg 1225w, https:\/\/windpilot.com\/blog\/wp-content\/uploads\/2020\/12\/ERA_1694-Kopie-300x235.jpeg 300w, https:\/\/windpilot.com\/blog\/wp-content\/uploads\/2020\/12\/ERA_1694-Kopie-1024x802.jpeg 1024w, https:\/\/windpilot.com\/blog\/wp-content\/uploads\/2020\/12\/ERA_1694-Kopie-768x602.jpeg 768w\" sizes=\"auto, (max-width: 1225px) 100vw, 1225px\" \/><a href=\"https:\/\/windpilot.com\/books\/\">WINDPILOT BOOKS<\/a> wird in Zukunft regelm\u00e4\u00dfig neue B\u00fccher als ebook \/ Paperback \/ Hartcover  ins Netz stellen, die dann bei <a href=\"https:\/\/tredition.de\/autoren\/peter-foerthmann-33418\/\">tredition.de<\/a> &#8211;  <a href=\"https:\/\/tredition.com\/authors\/peter-foerthmann-10960\/myth-circumnavigation-paperback-2897\/\">tredition.com<\/a>  &#8211;  <a href=\"https:\/\/www.amazon.com\/Tout-savoir-sur-Pilotage-automatique\/dp\/2322254924\">Bod<\/a> sowie s\u00e4mtlichen bekannten Plattformen on demand zu beziehen sein werden.<br \/>\n<img loading=\"lazy\" decoding=\"async\" src=\"https:\/\/windpilot.com\/blog\/wp-content\/uploads\/2020\/12\/IMG_8800.jpg\" alt=\"\" width=\"2048\" height=\"1536\" class=\"aligncenter size-full wp-image-24098\" srcset=\"https:\/\/windpilot.com\/blog\/wp-content\/uploads\/2020\/12\/IMG_8800.jpg 2048w, https:\/\/windpilot.com\/blog\/wp-content\/uploads\/2020\/12\/IMG_8800-300x225.jpg 300w, https:\/\/windpilot.com\/blog\/wp-content\/uploads\/2020\/12\/IMG_8800-1024x768.jpg 1024w, https:\/\/windpilot.com\/blog\/wp-content\/uploads\/2020\/12\/IMG_8800-768x576.jpg 768w, https:\/\/windpilot.com\/blog\/wp-content\/uploads\/2020\/12\/IMG_8800-1536x1152.jpg 1536w\" sizes=\"auto, (max-width: 2048px) 100vw, 2048px\" \/>So gesehen ein neuer Weg, der zeitgem\u00e4sser scheint, da er nicht zuallererst einen krummen R\u00fccken erfordert, weil man den Forderungen und Vorstellungen von Verlagen Folge zu leisten hat, sich im weiteren Verlauf zudem \u00fcber Jahre den Vorw\u00fcrfen auszusetzen hat, dass der Titel nicht beim Publikum gen\u00fcgend gew\u00fcrdigt worden sei und ggf sogar final die Guillotine der Makulierung \u2013 neudeutsch der Verramschung &#8211; droht, wenn oder weil die Lagerkosten f\u00fcr bedrucktes Papier einem Controller die Laune verhagelt haben.<br \/>\n<img loading=\"lazy\" decoding=\"async\" src=\"https:\/\/windpilot.com\/blog\/wp-content\/uploads\/2020\/12\/IMG_7341.jpg\" alt=\"\" width=\"1280\" height=\"960\" class=\"aligncenter size-full wp-image-24099\" srcset=\"https:\/\/windpilot.com\/blog\/wp-content\/uploads\/2020\/12\/IMG_7341.jpg 1280w, https:\/\/windpilot.com\/blog\/wp-content\/uploads\/2020\/12\/IMG_7341-300x225.jpg 300w, https:\/\/windpilot.com\/blog\/wp-content\/uploads\/2020\/12\/IMG_7341-1024x768.jpg 1024w, https:\/\/windpilot.com\/blog\/wp-content\/uploads\/2020\/12\/IMG_7341-768x576.jpg 768w\" sizes=\"auto, (max-width: 1280px) 100vw, 1280px\" \/>Wenn ich im Rahmen der hier nun erfolgten Umstellung des Buchvertriebs nach 22 Jahren des Gratis Downloads meiner Fachb\u00fccher, diese nun als ebook und Print gegen Bezahlung anbiete, dann bitte ich an dieser Stelle um Ihr Verst\u00e4ndnis f\u00fcr diese unerh\u00f6rte Massnahme. SELFSTEERING UNDER SAIL ist heute zum Standartwerk avanciert, ich habe es kostenlos vertrieben, um den Schleier von Mystik und Zauberei \u00fcber eine Thematik zu l\u00fcften, die in Bezug auf ihre kinematischen Zusammenh\u00e4nge einfachen Grunds\u00e4tzen folgt, die leicht zu verstehen sind. Was nun bewiesen &#8211; und Grund f\u00fcr diese Zeilen ist.<\/p>\n<p>22.12.2020<br \/>\nPeter Foerthmann<br \/>\n<img loading=\"lazy\" decoding=\"async\" src=\"https:\/\/windpilot.com\/blog\/wp-content\/uploads\/2020\/12\/A.-Peter-Lions-150x150.jpg\" alt=\"\" width=\"150\" height=\"150\" class=\"alignleft size-thumbnail wp-image-23999\" srcset=\"https:\/\/windpilot.com\/blog\/wp-content\/uploads\/2020\/12\/A.-Peter-Lions-150x150.jpg 150w, https:\/\/windpilot.com\/blog\/wp-content\/uploads\/2020\/12\/A.-Peter-Lions-300x300.jpg 300w, https:\/\/windpilot.com\/blog\/wp-content\/uploads\/2020\/12\/A.-Peter-Lions-1024x1020.jpg 1024w, https:\/\/windpilot.com\/blog\/wp-content\/uploads\/2020\/12\/A.-Peter-Lions-768x765.jpg 768w, https:\/\/windpilot.com\/blog\/wp-content\/uploads\/2020\/12\/A.-Peter-Lions-1536x1531.jpg 1536w, https:\/\/windpilot.com\/blog\/wp-content\/uploads\/2020\/12\/A.-Peter-Lions.jpg 1700w\" sizes=\"auto, (max-width: 150px) 100vw, 150px\" \/><\/p>\n","protected":false},"excerpt":{"rendered":"<p>PETER FOERTHMANN &#8211; AUTOR &#8211; WIESO &#8211; WESHALB &#8211; WARUM Mit Fachb\u00fcchern zu meinem Lebensthema bin ich vertraut, habe mich im Verlauf von 25 Jahren zu diesem Thema exzessiv ausgelassen &#8211; ausgetobt. Das Buch SELF-STEERING UNDER SAIL wurde in sechs &hellip; <a href=\"https:\/\/windpilot.com\/blog\/windpilot-books-2\/peter-foerthmann-autor\/\">Weiterlesen <span class=\"meta-nav\">&rarr;<\/span><\/a><\/p>\n","protected":false},"author":1,"featured_media":0,"parent":23743,"menu_order":-2,"comment_status":"open","ping_status":"closed","template":"","meta":{"footnotes":""},"class_list":["post-24086","page","type-page","status-publish","hentry"],"_links":{"self":[{"href":"https:\/\/windpilot.com\/blog\/wp-json\/wp\/v2\/pages\/24086","targetHints":{"allow":["GET"]}}],"collection":[{"href":"https:\/\/windpilot.com\/blog\/wp-json\/wp\/v2\/pages"}],"about":[{"href":"https:\/\/windpilot.com\/blog\/wp-json\/wp\/v2\/types\/page"}],"author":[{"embeddable":true,"href":"https:\/\/windpilot.com\/blog\/wp-json\/wp\/v2\/users\/1"}],"replies":[{"embeddable":true,"href":"https:\/\/windpilot.com\/blog\/wp-json\/wp\/v2\/comments?post=24086"}],"version-history":[{"count":18,"href":"https:\/\/windpilot.com\/blog\/wp-json\/wp\/v2\/pages\/24086\/revisions"}],"predecessor-version":[{"id":24208,"href":"https:\/\/windpilot.com\/blog\/wp-json\/wp\/v2\/pages\/24086\/revisions\/24208"}],"up":[{"embeddable":true,"href":"https:\/\/windpilot.com\/blog\/wp-json\/wp\/v2\/pages\/23743"}],"wp:attachment":[{"href":"https:\/\/windpilot.com\/blog\/wp-json\/wp\/v2\/media?parent=24086"}],"curies":[{"name":"wp","href":"https:\/\/api.w.org\/{rel}","templated":true}]}}