{"id":24126,"date":"2020-12-24T05:15:27","date_gmt":"2020-12-24T12:15:27","guid":{"rendered":"https:\/\/windpilot.com\/blog\/?page_id=24126"},"modified":"2020-12-24T05:40:37","modified_gmt":"2020-12-24T12:40:37","slug":"monitor-windpilot","status":"publish","type":"page","link":"https:\/\/windpilot.com\/blog\/press-tv\/kaufberatung\/monitor-windpilot\/","title":{"rendered":"Monitor &#8211; Windpilot"},"content":{"rendered":"<p><strong>GESTERN UND HEUTE &#8211; OHNE WORTE<\/strong><br \/>\n<img loading=\"lazy\" decoding=\"async\" src=\"https:\/\/windpilot.com\/blog\/wp-content\/uploads\/2020\/12\/Pacific-Monitor-Breede.jpeg\" alt=\"\" width=\"1280\" height=\"960\" class=\"aligncenter size-full wp-image-24127\" srcset=\"https:\/\/windpilot.com\/blog\/wp-content\/uploads\/2020\/12\/Pacific-Monitor-Breede.jpeg 1280w, https:\/\/windpilot.com\/blog\/wp-content\/uploads\/2020\/12\/Pacific-Monitor-Breede-300x225.jpeg 300w, https:\/\/windpilot.com\/blog\/wp-content\/uploads\/2020\/12\/Pacific-Monitor-Breede-1024x768.jpeg 1024w, https:\/\/windpilot.com\/blog\/wp-content\/uploads\/2020\/12\/Pacific-Monitor-Breede-768x576.jpeg 768w\" sizes=\"auto, (max-width: 1280px) 100vw, 1280px\" \/><br \/>\nGleiche Schiffe, unterschiedliche Systeme. Der Entwicklung bei Pendelrudersystemen im optischen Vergleich. Bei identischem Funktionsprinzip in Bezug auf die Signal\u00fcbertragung sowie Erzeugung der Servokraft, werden die Unterschiede in Bezug auf m\u00f6gliche Montage sowie Variationen in der Leinen\u00fcbertragung an unterschiedlichen Schiffes, auch ohne Worte deutlich.<\/p>\n<p><img loading=\"lazy\" decoding=\"async\" src=\"https:\/\/windpilot.com\/blog\/wp-content\/uploads\/2020\/12\/Moni-Pacific-scaled.jpg\" alt=\"\" width=\"2560\" height=\"1678\" class=\"aligncenter size-full wp-image-24128\" srcset=\"https:\/\/windpilot.com\/blog\/wp-content\/uploads\/2020\/12\/Moni-Pacific-scaled.jpg 2560w, https:\/\/windpilot.com\/blog\/wp-content\/uploads\/2020\/12\/Moni-Pacific-300x197.jpg 300w, https:\/\/windpilot.com\/blog\/wp-content\/uploads\/2020\/12\/Moni-Pacific-1024x671.jpg 1024w, https:\/\/windpilot.com\/blog\/wp-content\/uploads\/2020\/12\/Moni-Pacific-768x503.jpg 768w, https:\/\/windpilot.com\/blog\/wp-content\/uploads\/2020\/12\/Moni-Pacific-1536x1007.jpg 1536w, https:\/\/windpilot.com\/blog\/wp-content\/uploads\/2020\/12\/Moni-Pacific-2048x1343.jpg 2048w\" sizes=\"auto, (max-width: 2560px) 100vw, 2560px\" \/><\/p>\n<blockquote class=\"wp-embedded-content\" data-secret=\"Kx3rB31oH6\"><p><a href=\"https:\/\/windpilot.com\/blog\/golden-globe-race\/windvane-report\/\">Windvane Report<\/a><\/p><\/blockquote>\n<p><iframe loading=\"lazy\" class=\"wp-embedded-content\" sandbox=\"allow-scripts\" security=\"restricted\" style=\"position: absolute; clip: rect(1px, 1px, 1px, 1px);\" title=\"&#8222;Windvane Report&#8220; &#8212; Windpilot Blog\" src=\"https:\/\/windpilot.com\/blog\/golden-globe-race\/windvane-report\/embed\/#?secret=B6RpSfiqP5#?secret=Kx3rB31oH6\" data-secret=\"Kx3rB31oH6\" width=\"600\" height=\"338\" frameborder=\"0\" marginwidth=\"0\" marginheight=\"0\" scrolling=\"no\"><\/iframe><br \/>\n<img loading=\"lazy\" decoding=\"async\" src=\"https:\/\/windpilot.com\/blog\/wp-content\/uploads\/2020\/12\/BBS-28-Smart-Kopie-2-scaled.jpg\" alt=\"\" width=\"2560\" height=\"1721\" class=\"aligncenter size-full wp-image-24129\" srcset=\"https:\/\/windpilot.com\/blog\/wp-content\/uploads\/2020\/12\/BBS-28-Smart-Kopie-2-scaled.jpg 2560w, https:\/\/windpilot.com\/blog\/wp-content\/uploads\/2020\/12\/BBS-28-Smart-Kopie-2-300x202.jpg 300w, https:\/\/windpilot.com\/blog\/wp-content\/uploads\/2020\/12\/BBS-28-Smart-Kopie-2-1024x688.jpg 1024w, https:\/\/windpilot.com\/blog\/wp-content\/uploads\/2020\/12\/BBS-28-Smart-Kopie-2-768x516.jpg 768w, https:\/\/windpilot.com\/blog\/wp-content\/uploads\/2020\/12\/BBS-28-Smart-Kopie-2-1536x1032.jpg 1536w, https:\/\/windpilot.com\/blog\/wp-content\/uploads\/2020\/12\/BBS-28-Smart-Kopie-2-2048x1376.jpg 2048w\" sizes=\"auto, (max-width: 2560px) 100vw, 2560px\" \/><img loading=\"lazy\" decoding=\"async\" src=\"https:\/\/windpilot.com\/blog\/wp-content\/uploads\/2020\/12\/At-Cypress-Kopie.jpg\" alt=\"\" width=\"640\" height=\"480\" class=\"size-full wp-image-24130\" srcset=\"https:\/\/windpilot.com\/blog\/wp-content\/uploads\/2020\/12\/At-Cypress-Kopie.jpg 640w, https:\/\/windpilot.com\/blog\/wp-content\/uploads\/2020\/12\/At-Cypress-Kopie-300x225.jpg 300w\" sizes=\"auto, (max-width: 640px) 100vw, 640px\" \/><img loading=\"lazy\" decoding=\"async\" src=\"https:\/\/windpilot.com\/blog\/wp-content\/uploads\/2020\/12\/IMG_2540-Kopie.jpeg\" alt=\"\" width=\"1280\" height=\"960\" class=\"aligncenter size-full wp-image-24131\" srcset=\"https:\/\/windpilot.com\/blog\/wp-content\/uploads\/2020\/12\/IMG_2540-Kopie.jpeg 1280w, https:\/\/windpilot.com\/blog\/wp-content\/uploads\/2020\/12\/IMG_2540-Kopie-300x225.jpeg 300w, https:\/\/windpilot.com\/blog\/wp-content\/uploads\/2020\/12\/IMG_2540-Kopie-1024x768.jpeg 1024w, https:\/\/windpilot.com\/blog\/wp-content\/uploads\/2020\/12\/IMG_2540-Kopie-768x576.jpeg 768w\" sizes=\"auto, (max-width: 1280px) 100vw, 1280px\" \/><img loading=\"lazy\" decoding=\"async\" src=\"https:\/\/windpilot.com\/blog\/wp-content\/uploads\/2020\/12\/B590.jpg\" alt=\"\" width=\"624\" height=\"410\" class=\"aligncenter size-full wp-image-24132\" srcset=\"https:\/\/windpilot.com\/blog\/wp-content\/uploads\/2020\/12\/B590.jpg 624w, https:\/\/windpilot.com\/blog\/wp-content\/uploads\/2020\/12\/B590-300x197.jpg 300w\" sizes=\"auto, (max-width: 624px) 100vw, 624px\" \/><img loading=\"lazy\" decoding=\"async\" src=\"https:\/\/windpilot.com\/blog\/wp-content\/uploads\/2020\/12\/Crealock37-Kopie.jpeg\" alt=\"\" width=\"1280\" height=\"881\" class=\"aligncenter size-full wp-image-24133\" srcset=\"https:\/\/windpilot.com\/blog\/wp-content\/uploads\/2020\/12\/Crealock37-Kopie.jpeg 1280w, https:\/\/windpilot.com\/blog\/wp-content\/uploads\/2020\/12\/Crealock37-Kopie-300x206.jpeg 300w, https:\/\/windpilot.com\/blog\/wp-content\/uploads\/2020\/12\/Crealock37-Kopie-1024x705.jpeg 1024w, https:\/\/windpilot.com\/blog\/wp-content\/uploads\/2020\/12\/Crealock37-Kopie-768x529.jpeg 768w\" sizes=\"auto, (max-width: 1280px) 100vw, 1280px\" \/><img loading=\"lazy\" decoding=\"async\" src=\"https:\/\/windpilot.com\/blog\/wp-content\/uploads\/2020\/12\/Crealock-37.jpg\" alt=\"\" width=\"1924\" height=\"1588\" class=\"aligncenter size-full wp-image-24134\" srcset=\"https:\/\/windpilot.com\/blog\/wp-content\/uploads\/2020\/12\/Crealock-37.jpg 1924w, https:\/\/windpilot.com\/blog\/wp-content\/uploads\/2020\/12\/Crealock-37-300x248.jpg 300w, https:\/\/windpilot.com\/blog\/wp-content\/uploads\/2020\/12\/Crealock-37-1024x845.jpg 1024w, https:\/\/windpilot.com\/blog\/wp-content\/uploads\/2020\/12\/Crealock-37-768x634.jpg 768w, https:\/\/windpilot.com\/blog\/wp-content\/uploads\/2020\/12\/Crealock-37-1536x1268.jpg 1536w\" sizes=\"auto, (max-width: 1924px) 100vw, 1924px\" \/><img loading=\"lazy\" decoding=\"async\" src=\"https:\/\/windpilot.com\/blog\/wp-content\/uploads\/2020\/12\/IMG_2260-Kopie.jpeg\" alt=\"\" width=\"640\" height=\"480\" class=\"aligncenter size-full wp-image-24135\" srcset=\"https:\/\/windpilot.com\/blog\/wp-content\/uploads\/2020\/12\/IMG_2260-Kopie.jpeg 640w, https:\/\/windpilot.com\/blog\/wp-content\/uploads\/2020\/12\/IMG_2260-Kopie-300x225.jpeg 300w\" sizes=\"auto, (max-width: 640px) 100vw, 640px\" \/><img loading=\"lazy\" decoding=\"async\" src=\"https:\/\/windpilot.com\/blog\/wp-content\/uploads\/2020\/12\/DSC03041-Kopie.jpg\" alt=\"\" width=\"1280\" height=\"960\" class=\"aligncenter size-full wp-image-24136\" srcset=\"https:\/\/windpilot.com\/blog\/wp-content\/uploads\/2020\/12\/DSC03041-Kopie.jpg 1280w, https:\/\/windpilot.com\/blog\/wp-content\/uploads\/2020\/12\/DSC03041-Kopie-300x225.jpg 300w, https:\/\/windpilot.com\/blog\/wp-content\/uploads\/2020\/12\/DSC03041-Kopie-1024x768.jpg 1024w, https:\/\/windpilot.com\/blog\/wp-content\/uploads\/2020\/12\/DSC03041-Kopie-768x576.jpg 768w\" sizes=\"auto, (max-width: 1280px) 100vw, 1280px\" \/><div id=\"attachment_24137\" style=\"width: 1010px\" class=\"wp-caption aligncenter\"><img loading=\"lazy\" decoding=\"async\" aria-describedby=\"caption-attachment-24137\" src=\"https:\/\/windpilot.com\/blog\/wp-content\/uploads\/2020\/12\/27811-Kopie.jpg\" alt=\"\" width=\"1000\" height=\"700\" class=\"size-full wp-image-24137\" srcset=\"https:\/\/windpilot.com\/blog\/wp-content\/uploads\/2020\/12\/27811-Kopie.jpg 1000w, https:\/\/windpilot.com\/blog\/wp-content\/uploads\/2020\/12\/27811-Kopie-300x210.jpg 300w, https:\/\/windpilot.com\/blog\/wp-content\/uploads\/2020\/12\/27811-Kopie-768x538.jpg 768w\" sizes=\"auto, (max-width: 1000px) 100vw, 1000px\" \/><p id=\"caption-attachment-24137\" class=\"wp-caption-text\">credit: Holly Martin<\/p><\/div><img loading=\"lazy\" decoding=\"async\" src=\"https:\/\/windpilot.com\/blog\/wp-content\/uploads\/2020\/12\/IMG_1552-Kopie.jpeg\" alt=\"\" width=\"1280\" height=\"853\" class=\"aligncenter size-full wp-image-24139\" srcset=\"https:\/\/windpilot.com\/blog\/wp-content\/uploads\/2020\/12\/IMG_1552-Kopie.jpeg 1280w, https:\/\/windpilot.com\/blog\/wp-content\/uploads\/2020\/12\/IMG_1552-Kopie-300x200.jpeg 300w, https:\/\/windpilot.com\/blog\/wp-content\/uploads\/2020\/12\/IMG_1552-Kopie-1024x682.jpeg 1024w, https:\/\/windpilot.com\/blog\/wp-content\/uploads\/2020\/12\/IMG_1552-Kopie-768x512.jpeg 768w\" sizes=\"auto, (max-width: 1280px) 100vw, 1280px\" \/><img loading=\"lazy\" decoding=\"async\" src=\"https:\/\/windpilot.com\/blog\/wp-content\/uploads\/2020\/12\/IMG_20190510_092159-Kopie-scaled.jpg\" alt=\"\" width=\"2560\" height=\"1536\" class=\"aligncenter size-full wp-image-24140\" srcset=\"https:\/\/windpilot.com\/blog\/wp-content\/uploads\/2020\/12\/IMG_20190510_092159-Kopie-scaled.jpg 2560w, https:\/\/windpilot.com\/blog\/wp-content\/uploads\/2020\/12\/IMG_20190510_092159-Kopie-300x180.jpg 300w, https:\/\/windpilot.com\/blog\/wp-content\/uploads\/2020\/12\/IMG_20190510_092159-Kopie-1024x614.jpg 1024w, https:\/\/windpilot.com\/blog\/wp-content\/uploads\/2020\/12\/IMG_20190510_092159-Kopie-768x461.jpg 768w, https:\/\/windpilot.com\/blog\/wp-content\/uploads\/2020\/12\/IMG_20190510_092159-Kopie-1536x922.jpg 1536w, https:\/\/windpilot.com\/blog\/wp-content\/uploads\/2020\/12\/IMG_20190510_092159-Kopie-2048x1229.jpg 2048w\" sizes=\"auto, (max-width: 2560px) 100vw, 2560px\" \/><img loading=\"lazy\" decoding=\"async\" src=\"https:\/\/windpilot.com\/blog\/wp-content\/uploads\/2020\/12\/Bowman-40-Kopie-scaled.jpg\" alt=\"\" width=\"2560\" height=\"1440\" class=\"aligncenter size-full wp-image-24141\" srcset=\"https:\/\/windpilot.com\/blog\/wp-content\/uploads\/2020\/12\/Bowman-40-Kopie-scaled.jpg 2560w, https:\/\/windpilot.com\/blog\/wp-content\/uploads\/2020\/12\/Bowman-40-Kopie-300x169.jpg 300w, https:\/\/windpilot.com\/blog\/wp-content\/uploads\/2020\/12\/Bowman-40-Kopie-1024x576.jpg 1024w, https:\/\/windpilot.com\/blog\/wp-content\/uploads\/2020\/12\/Bowman-40-Kopie-768x432.jpg 768w, https:\/\/windpilot.com\/blog\/wp-content\/uploads\/2020\/12\/Bowman-40-Kopie-1536x864.jpg 1536w, https:\/\/windpilot.com\/blog\/wp-content\/uploads\/2020\/12\/Bowman-40-Kopie-2048x1152.jpg 2048w\" sizes=\"auto, (max-width: 2560px) 100vw, 2560px\" \/><img loading=\"lazy\" decoding=\"async\" src=\"https:\/\/windpilot.com\/blog\/wp-content\/uploads\/2020\/12\/P1000349-Kopie.jpeg\" alt=\"\" width=\"1280\" height=\"960\" class=\"aligncenter size-full wp-image-24143\" srcset=\"https:\/\/windpilot.com\/blog\/wp-content\/uploads\/2020\/12\/P1000349-Kopie.jpeg 1280w, https:\/\/windpilot.com\/blog\/wp-content\/uploads\/2020\/12\/P1000349-Kopie-300x225.jpeg 300w, https:\/\/windpilot.com\/blog\/wp-content\/uploads\/2020\/12\/P1000349-Kopie-1024x768.jpeg 1024w, https:\/\/windpilot.com\/blog\/wp-content\/uploads\/2020\/12\/P1000349-Kopie-768x576.jpeg 768w\" sizes=\"auto, (max-width: 1280px) 100vw, 1280px\" \/><img loading=\"lazy\" decoding=\"async\" src=\"https:\/\/windpilot.com\/blog\/wp-content\/uploads\/2020\/12\/IMG_1012-Kopie.jpg\" alt=\"\" width=\"640\" height=\"426\" class=\"aligncenter size-full wp-image-24144\" srcset=\"https:\/\/windpilot.com\/blog\/wp-content\/uploads\/2020\/12\/IMG_1012-Kopie.jpg 640w, https:\/\/windpilot.com\/blog\/wp-content\/uploads\/2020\/12\/IMG_1012-Kopie-300x200.jpg 300w\" sizes=\"auto, (max-width: 640px) 100vw, 640px\" \/><img loading=\"lazy\" decoding=\"async\" src=\"https:\/\/windpilot.com\/blog\/wp-content\/uploads\/2020\/12\/SUgar-scoop.jpg\" alt=\"\" width=\"1900\" height=\"1708\" class=\"aligncenter size-full wp-image-24147\" srcset=\"https:\/\/windpilot.com\/blog\/wp-content\/uploads\/2020\/12\/SUgar-scoop.jpg 1900w, https:\/\/windpilot.com\/blog\/wp-content\/uploads\/2020\/12\/SUgar-scoop-300x270.jpg 300w, https:\/\/windpilot.com\/blog\/wp-content\/uploads\/2020\/12\/SUgar-scoop-1024x921.jpg 1024w, https:\/\/windpilot.com\/blog\/wp-content\/uploads\/2020\/12\/SUgar-scoop-768x690.jpg 768w, https:\/\/windpilot.com\/blog\/wp-content\/uploads\/2020\/12\/SUgar-scoop-1536x1381.jpg 1536w\" sizes=\"auto, (max-width: 1900px) 100vw, 1900px\" \/><img loading=\"lazy\" decoding=\"async\" src=\"https:\/\/windpilot.com\/blog\/wp-content\/uploads\/2020\/12\/2009-Gotland_015-Kopie.jpeg\" alt=\"\" width=\"722\" height=\"480\" class=\"aligncenter size-full wp-image-24149\" srcset=\"https:\/\/windpilot.com\/blog\/wp-content\/uploads\/2020\/12\/2009-Gotland_015-Kopie.jpeg 722w, https:\/\/windpilot.com\/blog\/wp-content\/uploads\/2020\/12\/2009-Gotland_015-Kopie-300x199.jpeg 300w\" sizes=\"auto, (max-width: 722px) 100vw, 722px\" \/><img loading=\"lazy\" decoding=\"async\" src=\"https:\/\/windpilot.com\/blog\/wp-content\/uploads\/2020\/12\/Windpilot-0005-Kopie.jpg\" alt=\"\" width=\"1847\" height=\"1186\" class=\"aligncenter size-full wp-image-24150\" srcset=\"https:\/\/windpilot.com\/blog\/wp-content\/uploads\/2020\/12\/Windpilot-0005-Kopie.jpg 1847w, https:\/\/windpilot.com\/blog\/wp-content\/uploads\/2020\/12\/Windpilot-0005-Kopie-300x193.jpg 300w, https:\/\/windpilot.com\/blog\/wp-content\/uploads\/2020\/12\/Windpilot-0005-Kopie-1024x658.jpg 1024w, https:\/\/windpilot.com\/blog\/wp-content\/uploads\/2020\/12\/Windpilot-0005-Kopie-768x493.jpg 768w, https:\/\/windpilot.com\/blog\/wp-content\/uploads\/2020\/12\/Windpilot-0005-Kopie-1536x986.jpg 1536w\" sizes=\"auto, (max-width: 1847px) 100vw, 1847px\" \/><img loading=\"lazy\" decoding=\"async\" src=\"https:\/\/windpilot.com\/blog\/wp-content\/uploads\/2020\/12\/image2.jpeg\" alt=\"\" width=\"2016\" height=\"1512\" class=\"aligncenter size-full wp-image-24151\" srcset=\"https:\/\/windpilot.com\/blog\/wp-content\/uploads\/2020\/12\/image2.jpeg 2016w, https:\/\/windpilot.com\/blog\/wp-content\/uploads\/2020\/12\/image2-300x225.jpeg 300w, https:\/\/windpilot.com\/blog\/wp-content\/uploads\/2020\/12\/image2-1024x768.jpeg 1024w, https:\/\/windpilot.com\/blog\/wp-content\/uploads\/2020\/12\/image2-768x576.jpeg 768w, https:\/\/windpilot.com\/blog\/wp-content\/uploads\/2020\/12\/image2-1536x1152.jpeg 1536w\" sizes=\"auto, (max-width: 2016px) 100vw, 2016px\" \/><img loading=\"lazy\" decoding=\"async\" src=\"https:\/\/windpilot.com\/blog\/wp-content\/uploads\/2020\/12\/Moni-Anna-Kopie-2.jpg\" alt=\"\" width=\"1720\" height=\"1426\" class=\"aligncenter size-full wp-image-24152\" srcset=\"https:\/\/windpilot.com\/blog\/wp-content\/uploads\/2020\/12\/Moni-Anna-Kopie-2.jpg 1720w, https:\/\/windpilot.com\/blog\/wp-content\/uploads\/2020\/12\/Moni-Anna-Kopie-2-300x249.jpg 300w, https:\/\/windpilot.com\/blog\/wp-content\/uploads\/2020\/12\/Moni-Anna-Kopie-2-1024x849.jpg 1024w, https:\/\/windpilot.com\/blog\/wp-content\/uploads\/2020\/12\/Moni-Anna-Kopie-2-768x637.jpg 768w, https:\/\/windpilot.com\/blog\/wp-content\/uploads\/2020\/12\/Moni-Anna-Kopie-2-1536x1273.jpg 1536w\" sizes=\"auto, (max-width: 1720px) 100vw, 1720px\" \/><img loading=\"lazy\" decoding=\"async\" src=\"https:\/\/windpilot.com\/blog\/wp-content\/uploads\/2020\/12\/Cotinga-1604-Kopie-scaled.jpg\" alt=\"\" width=\"2560\" height=\"1920\" class=\"aligncenter size-full wp-image-24153\" srcset=\"https:\/\/windpilot.com\/blog\/wp-content\/uploads\/2020\/12\/Cotinga-1604-Kopie-scaled.jpg 2560w, https:\/\/windpilot.com\/blog\/wp-content\/uploads\/2020\/12\/Cotinga-1604-Kopie-300x225.jpg 300w, https:\/\/windpilot.com\/blog\/wp-content\/uploads\/2020\/12\/Cotinga-1604-Kopie-1024x768.jpg 1024w, https:\/\/windpilot.com\/blog\/wp-content\/uploads\/2020\/12\/Cotinga-1604-Kopie-768x576.jpg 768w, https:\/\/windpilot.com\/blog\/wp-content\/uploads\/2020\/12\/Cotinga-1604-Kopie-1536x1152.jpg 1536w, https:\/\/windpilot.com\/blog\/wp-content\/uploads\/2020\/12\/Cotinga-1604-Kopie-2048x1536.jpg 2048w\" sizes=\"auto, (max-width: 2560px) 100vw, 2560px\" \/><img loading=\"lazy\" decoding=\"async\" src=\"https:\/\/windpilot.com\/blog\/wp-content\/uploads\/2020\/12\/Westsail32.jpg\" alt=\"\" width=\"1900\" height=\"1662\" class=\"aligncenter size-full wp-image-24154\" srcset=\"https:\/\/windpilot.com\/blog\/wp-content\/uploads\/2020\/12\/Westsail32.jpg 1900w, https:\/\/windpilot.com\/blog\/wp-content\/uploads\/2020\/12\/Westsail32-300x262.jpg 300w, https:\/\/windpilot.com\/blog\/wp-content\/uploads\/2020\/12\/Westsail32-1024x896.jpg 1024w, https:\/\/windpilot.com\/blog\/wp-content\/uploads\/2020\/12\/Westsail32-768x672.jpg 768w, https:\/\/windpilot.com\/blog\/wp-content\/uploads\/2020\/12\/Westsail32-1536x1344.jpg 1536w\" sizes=\"auto, (max-width: 1900px) 100vw, 1900px\" \/><img loading=\"lazy\" decoding=\"async\" src=\"https:\/\/windpilot.com\/blog\/wp-content\/uploads\/2020\/12\/Westsail-32.jpg\" alt=\"\" width=\"1960\" height=\"1626\" class=\"aligncenter size-full wp-image-24155\" srcset=\"https:\/\/windpilot.com\/blog\/wp-content\/uploads\/2020\/12\/Westsail-32.jpg 1960w, https:\/\/windpilot.com\/blog\/wp-content\/uploads\/2020\/12\/Westsail-32-300x249.jpg 300w, https:\/\/windpilot.com\/blog\/wp-content\/uploads\/2020\/12\/Westsail-32-1024x850.jpg 1024w, https:\/\/windpilot.com\/blog\/wp-content\/uploads\/2020\/12\/Westsail-32-768x637.jpg 768w, https:\/\/windpilot.com\/blog\/wp-content\/uploads\/2020\/12\/Westsail-32-1536x1274.jpg 1536w\" sizes=\"auto, (max-width: 1960px) 100vw, 1960px\" \/><\/p>\n","protected":false},"excerpt":{"rendered":"<p>GESTERN UND HEUTE &#8211; OHNE WORTE Gleiche Schiffe, unterschiedliche Systeme. Der Entwicklung bei Pendelrudersystemen im optischen Vergleich. Bei identischem Funktionsprinzip in Bezug auf die Signal\u00fcbertragung sowie Erzeugung der Servokraft, werden die Unterschiede in Bezug auf m\u00f6gliche Montage sowie Variationen in &hellip; <a href=\"https:\/\/windpilot.com\/blog\/press-tv\/kaufberatung\/monitor-windpilot\/\">Weiterlesen <span class=\"meta-nav\">&rarr;<\/span><\/a><\/p>\n","protected":false},"author":1,"featured_media":0,"parent":23567,"menu_order":1,"comment_status":"open","ping_status":"closed","template":"","meta":{"footnotes":""},"class_list":["post-24126","page","type-page","status-publish","hentry"],"_links":{"self":[{"href":"https:\/\/windpilot.com\/blog\/wp-json\/wp\/v2\/pages\/24126","targetHints":{"allow":["GET"]}}],"collection":[{"href":"https:\/\/windpilot.com\/blog\/wp-json\/wp\/v2\/pages"}],"about":[{"href":"https:\/\/windpilot.com\/blog\/wp-json\/wp\/v2\/types\/page"}],"author":[{"embeddable":true,"href":"https:\/\/windpilot.com\/blog\/wp-json\/wp\/v2\/users\/1"}],"replies":[{"embeddable":true,"href":"https:\/\/windpilot.com\/blog\/wp-json\/wp\/v2\/comments?post=24126"}],"version-history":[{"count":18,"href":"https:\/\/windpilot.com\/blog\/wp-json\/wp\/v2\/pages\/24126\/revisions"}],"predecessor-version":[{"id":24171,"href":"https:\/\/windpilot.com\/blog\/wp-json\/wp\/v2\/pages\/24126\/revisions\/24171"}],"up":[{"embeddable":true,"href":"https:\/\/windpilot.com\/blog\/wp-json\/wp\/v2\/pages\/23567"}],"wp:attachment":[{"href":"https:\/\/windpilot.com\/blog\/wp-json\/wp\/v2\/media?parent=24126"}],"curies":[{"name":"wp","href":"https:\/\/api.w.org\/{rel}","templated":true}]}}