{"id":24274,"date":"2021-01-17T03:23:00","date_gmt":"2021-01-17T10:23:00","guid":{"rendered":"https:\/\/windpilot.com\/blog\/?page_id=24274"},"modified":"2021-01-17T03:27:06","modified_gmt":"2021-01-17T10:27:06","slug":"sv-gegenwind","status":"publish","type":"page","link":"https:\/\/windpilot.com\/blog\/morphy-blitz\/sv-gegenwind\/","title":{"rendered":"SV Gegenwind"},"content":{"rendered":"<p><strong>HANSEAT IM GEGENSTROM VON OSTTIMOR<\/strong><br \/>\n<img loading=\"lazy\" decoding=\"async\" src=\"https:\/\/windpilot.com\/blog\/wp-content\/uploads\/2021\/01\/Ohne-Titel.jpg\" alt=\"\" width=\"1772\" height=\"1320\" class=\"aligncenter size-full wp-image-24286\" srcset=\"https:\/\/windpilot.com\/blog\/wp-content\/uploads\/2021\/01\/Ohne-Titel.jpg 1772w, https:\/\/windpilot.com\/blog\/wp-content\/uploads\/2021\/01\/Ohne-Titel-300x223.jpg 300w, https:\/\/windpilot.com\/blog\/wp-content\/uploads\/2021\/01\/Ohne-Titel-1024x763.jpg 1024w, https:\/\/windpilot.com\/blog\/wp-content\/uploads\/2021\/01\/Ohne-Titel-768x572.jpg 768w, https:\/\/windpilot.com\/blog\/wp-content\/uploads\/2021\/01\/Ohne-Titel-1536x1144.jpg 1536w\" sizes=\"auto, (max-width: 1772px) 100vw, 1772px\" \/>Asha und Helge sind im Sommer 2014 in Kiel losgefahren. Der uspr\u00fcngliche Plan &#8211; eine Weltumsegelung in drei Jahren &#8211; hat oirgendwie nicht geklappt, zu viele Erlebniss, die am Wegesrand auf Entdeckung warteten, zu schnell ist die Zeit vorbeigerauscht &#8230; In diesem Blog hat es bislang 5 Berichte gegeben, die samt und sonders voller Lebensfreude spr\u00fchten &#8230; Daran hat sich nix ge\u00e4ndert, denn nun sitzen sie in Osttimor fest. Gegenwind im Gegenstrom, das bezeichnet die Situation griffig, hier der aktuelle Bericht.<br \/>\n<img loading=\"lazy\" decoding=\"async\" src=\"https:\/\/windpilot.com\/blog\/wp-content\/uploads\/2021\/01\/Mit-selbstgenaehten-Masken.jpg\" alt=\"\" width=\"450\" height=\"338\" class=\"aligncenter size-full wp-image-24275\" srcset=\"https:\/\/windpilot.com\/blog\/wp-content\/uploads\/2021\/01\/Mit-selbstgenaehten-Masken.jpg 450w, https:\/\/windpilot.com\/blog\/wp-content\/uploads\/2021\/01\/Mit-selbstgenaehten-Masken-300x225.jpg 300w\" sizes=\"auto, (max-width: 450px) 100vw, 450px\" \/><br \/>\nMoin moin, nun sind die ruhigsten Feiertage, die die meisten je erlebt haben vorbei. Trotz aller Ungewissheit, die das neue Jahr bringt, w\u00fcnschen wir allen in Deutschland und der Welt ein FROHES NEUES JAHR! Oder wie es in Tetun, der hiesigen Sprache von Dili, Timor-Leste (Osttimor) hei\u00dft: Haksolok Tinan Foun!<br \/>\n<img loading=\"lazy\" decoding=\"async\" src=\"https:\/\/windpilot.com\/blog\/wp-content\/uploads\/2021\/01\/Ankerkettenbefreiungsaktion-mit-Taucher.jpg\" alt=\"\" width=\"450\" height=\"338\" class=\"aligncenter size-full wp-image-24278\" srcset=\"https:\/\/windpilot.com\/blog\/wp-content\/uploads\/2021\/01\/Ankerkettenbefreiungsaktion-mit-Taucher.jpg 450w, https:\/\/windpilot.com\/blog\/wp-content\/uploads\/2021\/01\/Ankerkettenbefreiungsaktion-mit-Taucher-300x225.jpg 300w\" sizes=\"auto, (max-width: 450px) 100vw, 450px\" \/>Wie \u00fcberall auf der Welt, sind auch wir nicht von den Auswirkungen der Corona Krise verschont, was ihr vielleicht schon daran gelesen habt, da\u00df sich unser Standort seit unserem letzten Neujahrsgru\u00df nicht ver\u00e4ndert hat. Zu dem Zeitpunkt waren wir noch guter Hoffnung, viele Seemeilen in unser Kielwasser zu bekommen. So starteten wir Mitte Januar optimistisch Richtung Lombok (Indonesien). Vom Segelwind h\u00e4tten wir, mit Motorunterst\u00fctzung, innerhalb einer Woche unser Ziel erreicht, aber wir untersch\u00e4tzten die starke aus Westen kommende Str\u00f6mung, die uns immer wieder zur\u00fcck trieb. So fiel zwar nach einer Woche der Anker, aber exakt an der Position, an der wir ihn vorher hochgezogen hatten. So wollten wir bis zum Ende der Monsunzeit (Mai\/Juni) warten und dann erneut starten.<br \/>\nAber vorher kam Corona und alle Grenzen um uns herum wurden geschlossen und bisher hat sich f\u00fcr uns keine M\u00f6glichkeit ergeben weiter zu segeln. Selbst der mehrfache Besuch, der hier ans\u00e4ssigen Botschaften unserer Wunschreisel\u00e4nder (Indonesien, Malaysia, Thailand) brachte uns nicht weiter.<br \/>\n<img loading=\"lazy\" decoding=\"async\" src=\"https:\/\/windpilot.com\/blog\/wp-content\/uploads\/2021\/01\/Bordyoga-oder-die-Welt-steht-Kopf.jpg\" alt=\"\" width=\"450\" height=\"338\" class=\"aligncenter size-full wp-image-24280\" srcset=\"https:\/\/windpilot.com\/blog\/wp-content\/uploads\/2021\/01\/Bordyoga-oder-die-Welt-steht-Kopf.jpg 450w, https:\/\/windpilot.com\/blog\/wp-content\/uploads\/2021\/01\/Bordyoga-oder-die-Welt-steht-Kopf-300x225.jpg 300w\" sizes=\"auto, (max-width: 450px) 100vw, 450px\" \/>Mit unserem Ankerplatz haben wir leider, bedingt durch die sehr gerade K\u00fcste des gesamten Landes, egal ob Sommer- oder Winterzeit einen oft sehr schaukligen und windigen Ankerplatz. Daf\u00fcr haben wir ein Land erwischt, da\u00df es durch konsequente Grenzschlie\u00dfung geschafft hat, das Virus au\u00dferhalb der Grenzen zu halten. Alle bisher diagnostizierten F\u00e4lle waren bei R\u00fcckkehrern bzw. Personen mit Sondergenehmigungen aus systemrelevanten Gr\u00fcnden, die bei der Einreise in Quarant\u00e4ne abgefangen wurden. Das allt\u00e4gliche Leben l\u00e4uft hier normal weiter, nur mit H\u00e4nde waschen und zeitweise Maske tragen.<br \/>\nAber es gibt keine Touristen mehr und an vielen Stellen realisieren wir, da\u00df das Geld im Land und bei den Menschen knapper geworden ist.<br \/>\nHier schafft Corona andere Herausforderungen, als die von denen wir immer wieder in Europa und Deutschland h\u00f6ren und lesen und das ist f\u00fcr uns doch oft schwer nachzuvollziehen (erinnert Euch daran, wie es bei Euch vor einem Jahr war). Trotz allem was dort in unserer Heimat passiert, m\u00f6chten wir doch gerne wieder in eine uns bekannte \u201cMentalit\u00e4t\u201d, auch wenn die Normalit\u00e4t inzwischen wohl eine neue sein wird. So \u00fcberlegen wir w\u00e4hrend der langen Stunden an Bord hier immer wieder, an welchen Ufern mit interessanten beruflichen Herausforderungen wir uns in Zukunft wiederfinden werden und ob wir damit einen wei\u00dfen Fleck auf unserer Karte ausf\u00fcllen.<br \/>\n<img loading=\"lazy\" decoding=\"async\" src=\"https:\/\/windpilot.com\/blog\/wp-content\/uploads\/2021\/01\/Festgelaende-vor-unserer-Nase.jpg\" alt=\"\" width=\"450\" height=\"338\" class=\"aligncenter size-full wp-image-24281\" srcset=\"https:\/\/windpilot.com\/blog\/wp-content\/uploads\/2021\/01\/Festgelaende-vor-unserer-Nase.jpg 450w, https:\/\/windpilot.com\/blog\/wp-content\/uploads\/2021\/01\/Festgelaende-vor-unserer-Nase-300x225.jpg 300w\" sizes=\"auto, (max-width: 450px) 100vw, 450px\" \/>Wie in Deutschland ist auch das Internet in Timor-Leste &#8211; selbst hier in der Hauptstadt &#8211; noch im Ausbau befindlich. Au\u00dferdem stellen wir f\u00fcr uns immer wieder fest, da\u00df uns die Tropen und gerade der jetzige Sommer mit der Regenzeit extrem viel Schwung und Geschwindigkeit nimmt. Trotzdem oder gerade deshalb freuen wir uns auch weiterhin, wenn wir von Euch die eine oder andere Email, Eintr\u00e4ge in unsere Plauderecke oder bei Facebook bekommen. Bedingt durch die gerade beschriebenen Gr\u00fcnde und hoffentlich sp\u00e4ter im Jahr der Nichterreichbarkeit, da wir auf See sind, k\u00f6nnen unsere Antworten etwas dauern, aber wir versuchen jede Nachricht zu beantworten. \u00dcbrigens gerade in der jetzigen Zeit merken wir, da\u00df die Lebensrealit\u00e4ten mit den dazugeh\u00f6renden Problemen bei uns v\u00f6llig von denen au\u00dferhalb unseres Corona- freien Gastlandes abweichen. Somit k\u00f6nnen wir inzwischen mit einem Spruch \u201cAlles beim Alten!\u201d wenig anfangen, denn die Normalit\u00e4t ver\u00e4ndert sich gerade.<br \/>\n<img loading=\"lazy\" decoding=\"async\" src=\"https:\/\/windpilot.com\/blog\/wp-content\/uploads\/2021\/01\/Gegenwind-wird-auf-Hochglanz-poliert.jpg\" alt=\"\" width=\"640\" height=\"480\" class=\"aligncenter size-full wp-image-24282\" srcset=\"https:\/\/windpilot.com\/blog\/wp-content\/uploads\/2021\/01\/Gegenwind-wird-auf-Hochglanz-poliert.jpg 640w, https:\/\/windpilot.com\/blog\/wp-content\/uploads\/2021\/01\/Gegenwind-wird-auf-Hochglanz-poliert-300x225.jpg 300w\" sizes=\"auto, (max-width: 640px) 100vw, 640px\" \/>F\u00fcr 2021 hoffen wir, da\u00df wenn der Monsun in diesem Jahr umschl\u00e4gt, wir eine Gelegenheit zur Weiterreise bekommen, auch wenn Quarant\u00e4nezeiten dazugeh\u00f6ren werden (trotz mehrw\u00f6chigen Segelst\u00fccken in v\u00f6lliger Isolation). Und die Frage stellt sich uns noch, welche Bedeutung die Verf\u00fcgbarkeit eines Impfstoffes hier in S\u00fcdostasien haben wird.<br \/>\nWir hoffen, da\u00df wir auf den Weltmeeren und an Land so unbeachtet von dem Corona Virus bleiben werden wie bisher.<br \/>\nViele Gr\u00fc\u00dfe von der SY Gegenwind aus Dili, Timor-Leste, S\u00fcdostasien und bleibt gesund!<br \/>\nAsha &#038; Helge<br \/>\nCrew der SY <a href=\"https:\/\/sy-gegenwind.de\">Gegenwind<\/a><\/p>\n","protected":false},"excerpt":{"rendered":"<p>HANSEAT IM GEGENSTROM VON OSTTIMOR Asha und Helge sind im Sommer 2014 in Kiel losgefahren. Der uspr\u00fcngliche Plan &#8211; eine Weltumsegelung in drei Jahren &#8211; hat oirgendwie nicht geklappt, zu viele Erlebniss, die am Wegesrand auf Entdeckung warteten, zu schnell &hellip; <a href=\"https:\/\/windpilot.com\/blog\/morphy-blitz\/sv-gegenwind\/\">Weiterlesen <span class=\"meta-nav\">&rarr;<\/span><\/a><\/p>\n","protected":false},"author":1,"featured_media":0,"parent":10453,"menu_order":-15,"comment_status":"open","ping_status":"closed","template":"","meta":{"footnotes":""},"class_list":["post-24274","page","type-page","status-publish","hentry"],"_links":{"self":[{"href":"https:\/\/windpilot.com\/blog\/wp-json\/wp\/v2\/pages\/24274","targetHints":{"allow":["GET"]}}],"collection":[{"href":"https:\/\/windpilot.com\/blog\/wp-json\/wp\/v2\/pages"}],"about":[{"href":"https:\/\/windpilot.com\/blog\/wp-json\/wp\/v2\/types\/page"}],"author":[{"embeddable":true,"href":"https:\/\/windpilot.com\/blog\/wp-json\/wp\/v2\/users\/1"}],"replies":[{"embeddable":true,"href":"https:\/\/windpilot.com\/blog\/wp-json\/wp\/v2\/comments?post=24274"}],"version-history":[{"count":5,"href":"https:\/\/windpilot.com\/blog\/wp-json\/wp\/v2\/pages\/24274\/revisions"}],"predecessor-version":[{"id":24288,"href":"https:\/\/windpilot.com\/blog\/wp-json\/wp\/v2\/pages\/24274\/revisions\/24288"}],"up":[{"embeddable":true,"href":"https:\/\/windpilot.com\/blog\/wp-json\/wp\/v2\/pages\/10453"}],"wp:attachment":[{"href":"https:\/\/windpilot.com\/blog\/wp-json\/wp\/v2\/media?parent=24274"}],"curies":[{"name":"wp","href":"https:\/\/api.w.org\/{rel}","templated":true}]}}