{"id":24289,"date":"2021-01-17T09:40:09","date_gmt":"2021-01-17T16:40:09","guid":{"rendered":"https:\/\/windpilot.com\/blog\/?page_id=24289"},"modified":"2021-01-18T04:10:45","modified_gmt":"2021-01-18T11:10:45","slug":"hermione-peking","status":"publish","type":"page","link":"https:\/\/windpilot.com\/blog\/press-tv\/kaufberatung\/hermione-peking\/","title":{"rendered":"Hermione &#8211; Peking"},"content":{"rendered":"<p><strong>EINE GANZ GEW\u00d6HNLICHE BERATUNG<\/strong><br \/>\n<img loading=\"lazy\" decoding=\"async\" src=\"https:\/\/windpilot.com\/blog\/wp-content\/uploads\/2021\/01\/IMG_2101.jpeg\" alt=\"\" width=\"1280\" height=\"900\" class=\"aligncenter size-full wp-image-24291\" srcset=\"https:\/\/windpilot.com\/blog\/wp-content\/uploads\/2021\/01\/IMG_2101.jpeg 1280w, https:\/\/windpilot.com\/blog\/wp-content\/uploads\/2021\/01\/IMG_2101-300x211.jpeg 300w, https:\/\/windpilot.com\/blog\/wp-content\/uploads\/2021\/01\/IMG_2101-1024x720.jpeg 1024w, https:\/\/windpilot.com\/blog\/wp-content\/uploads\/2021\/01\/IMG_2101-768x540.jpeg 768w\" sizes=\"auto, (max-width: 1280px) 100vw, 1280px\" \/>Es ist wenige Tage her, dass ich eine Anfrage aus Plouhinec erhalten habe, einem Ort in der Bretagne, in der viele ber\u00fchmte Segler ihr Zuhause haben. Also \u2026 nix Ungew\u00f6hnliches, hingegen eine ganz allt\u00e4gliche Beratung \u00fcber das wieso weshalb oder warum, in diesem Fall also wie man denn wohl eine HR 39 am besten mit einer Heckverzierung w\u00fcrde steuern k\u00f6nnen.<br \/>\n<img loading=\"lazy\" decoding=\"async\" src=\"https:\/\/windpilot.com\/blog\/wp-content\/uploads\/2021\/01\/13-knots.North-Atlantic.jpg\" alt=\"\" width=\"1024\" height=\"683\" class=\"aligncenter size-full wp-image-24292\" srcset=\"https:\/\/windpilot.com\/blog\/wp-content\/uploads\/2021\/01\/13-knots.North-Atlantic.jpg 1024w, https:\/\/windpilot.com\/blog\/wp-content\/uploads\/2021\/01\/13-knots.North-Atlantic-300x200.jpg 300w, https:\/\/windpilot.com\/blog\/wp-content\/uploads\/2021\/01\/13-knots.North-Atlantic-768x512.jpg 768w\" sizes=\"auto, (max-width: 1024px) 100vw, 1024px\" \/>Mein Gegen\u00fcber war bereits entschlossen, eine Pacific Plus sollte es sein. Preis, Lieferzeit \u2026 alles klar, man h\u00e4tte zur Tagesordnung \u00fcbergehen k\u00f6nnen und den Auftrag artig erledigen k\u00f6nnen. Aber artig bin ich selten, weil mich immer wieder der Hafer sticht, meine Beratung gern ein wenig weiter zu treiben. Zum Beispiel darauf hinzuweisen, dass die HR 39 durch solide Bauweise, Ruder am Skeg auch von einer Pacific wunderbar \u2013 und identisch in Bezug auf die Steuerergebnisse! &#8211; zu steuern w\u00e4re \u2026 wenn man denn gewillt w\u00e4re, einfach einmal die Argumente zu gewichten: Gewicht, Preis, Montageaufwand, Man\u00f6vrier Verhalten im Hafen unter Maschine sowie Wichtigkeit eines Notruders.<br \/>\n<img loading=\"lazy\" decoding=\"async\" src=\"https:\/\/windpilot.com\/blog\/wp-content\/uploads\/2021\/01\/jpeg_thumbnail_source-1443007431.jpg\" alt=\"\" width=\"853\" height=\"480\" class=\"aligncenter size-full wp-image-24293\" srcset=\"https:\/\/windpilot.com\/blog\/wp-content\/uploads\/2021\/01\/jpeg_thumbnail_source-1443007431.jpg 853w, https:\/\/windpilot.com\/blog\/wp-content\/uploads\/2021\/01\/jpeg_thumbnail_source-1443007431-300x169.jpg 300w, https:\/\/windpilot.com\/blog\/wp-content\/uploads\/2021\/01\/jpeg_thumbnail_source-1443007431-768x432.jpg 768w\" sizes=\"auto, (max-width: 853px) 100vw, 853px\" \/>Ich hatte einen klugen Segler zum Gegen\u00fcber, der meine franz\u00f6sischen Fachb\u00fccher s\u00e4mtlich kannte \u2026 und mir \u2013 fast wie ein Hund an der Leine! &#8211; willig folgte.<br \/>\nDann kam mir der spielerische Gedanke, ihn einfach mal mit Wilfried Krusekopf in Kontakt zu bringen, der nur wenig entfernt von Plouhinec, um die Ecke wohnte, der mit identischem Schiff und der Pacific unz\u00e4hlige Reisen gemacht hatte. <\/p>\n<blockquote class=\"wp-embedded-content\" data-secret=\"vXGG0YPGI3\"><p><a href=\"https:\/\/windpilot.com\/blog\/deutsch-yacht-delius-klasing\/wilfried-krusekopf\/\">Wilfried Krusekopf<\/a><\/p><\/blockquote>\n<p><iframe loading=\"lazy\" class=\"wp-embedded-content\" sandbox=\"allow-scripts\" security=\"restricted\" style=\"position: absolute; clip: rect(1px, 1px, 1px, 1px);\" title=\"&#8222;Wilfried Krusekopf&#8220; &#8212; Windpilot Blog\" src=\"https:\/\/windpilot.com\/blog\/deutsch-yacht-delius-klasing\/wilfried-krusekopf\/embed\/#?secret=VwTrzoeLt1#?secret=vXGG0YPGI3\" data-secret=\"vXGG0YPGI3\" width=\"600\" height=\"338\" frameborder=\"0\" marginwidth=\"0\" marginheight=\"0\" scrolling=\"no\"><\/iframe><br \/>\nTja, und was soll ich sagen: es entwickelte sich in meinem Kopf eine Geschichte, die mich des Nachts um den Schlaf gebracht, eine Geschichte, die die \u00dcberschrift zu diesem Blog zur Folge hatte.<br \/>\n<img loading=\"lazy\" decoding=\"async\" src=\"https:\/\/windpilot.com\/blog\/wp-content\/uploads\/2021\/01\/LG5A5062-Copie.jpg\" alt=\"\" width=\"1024\" height=\"683\" class=\"aligncenter size-full wp-image-24295\" srcset=\"https:\/\/windpilot.com\/blog\/wp-content\/uploads\/2021\/01\/LG5A5062-Copie.jpg 1024w, https:\/\/windpilot.com\/blog\/wp-content\/uploads\/2021\/01\/LG5A5062-Copie-300x200.jpg 300w, https:\/\/windpilot.com\/blog\/wp-content\/uploads\/2021\/01\/LG5A5062-Copie-768x512.jpg 768w\" sizes=\"auto, (max-width: 1024px) 100vw, 1024px\" \/>Denn ich erfuhr Minuten sp\u00e4ter von Wilfried, dass mein Gegen\u00fcber der ber\u00fchmte Kapit\u00e4n der HERMIONE sei, einer Replika der legend\u00e4ren Franz\u00f6sischen Fregatte gleichen Namens, die unter Generale Lafayette vor 240 Jahren in einer atemberaubenden Unterst\u00fctzungsaktion den Amerikanern im Unabh\u00e4ngigkeitskrieg gegen England zur Seite gestanden hat. Yann Cariou begleitet das Projekt der HERMIONE seit Kiellegung vor 22 Jahren nachdem er bereits als Capitaine der <strong>ETOILE, BELLE POULE, und BELEM<\/strong> gedient hatte. Ein Mann, der bereits 7 Mal die Welt umrundet hatte.<br \/>\nUnd hier beginnt der Sinn dieser kleinen Geschichte, die, wie kaum eine zweite geeignet ist, die Unterschiede im Verst\u00e4ndnis und Verh\u00e4ltnis zweier Nationen zu ihren maritimen Wurzeln aufzuzeigen.<br \/>\nDas folgende atemberaubende Video dokumentiert den Werdegang der HERMIONE in nur 6 Minuten, und verzeichnet 3,1 Millionen Aufrufe<br \/>\n<iframe loading=\"lazy\" width=\"560\" height=\"315\" src=\"https:\/\/www.youtube.com\/embed\/QoOd1w0NjWI\" frameborder=\"0\" allow=\"accelerometer; autoplay; clipboard-write; encrypted-media; gyroscope; picture-in-picture\" allowfullscreen><\/iframe><br \/>\nDemgegen\u00fcber wurde das deutsche Video anl\u00e4sslich des Besuches der USA im Jahre 2015 lediglich 30.000 Mal aufgerufen<br \/>\n<iframe loading=\"lazy\" width=\"560\" height=\"315\" src=\"https:\/\/www.youtube.com\/embed\/F3AWfYxf4KM\" frameborder=\"0\" allow=\"accelerometer; autoplay; clipboard-write; encrypted-media; gyroscope; picture-in-picture\" allowfullscreen><\/iframe><br \/>\n<img loading=\"lazy\" decoding=\"async\" src=\"https:\/\/windpilot.com\/blog\/wp-content\/uploads\/2021\/01\/modifstef1-Copie.jpg\" alt=\"\" width=\"927\" height=\"768\" class=\"aligncenter size-full wp-image-24296\" srcset=\"https:\/\/windpilot.com\/blog\/wp-content\/uploads\/2021\/01\/modifstef1-Copie.jpg 927w, https:\/\/windpilot.com\/blog\/wp-content\/uploads\/2021\/01\/modifstef1-Copie-300x249.jpg 300w, https:\/\/windpilot.com\/blog\/wp-content\/uploads\/2021\/01\/modifstef1-Copie-768x636.jpg 768w\" sizes=\"auto, (max-width: 927px) 100vw, 927px\" \/>Die Gesamtkosten der HERMIONE im Verlauf von 17 Jahren der Realisierung betrugen  25 Mio \u20ac, die durch Crowdfunding und Ticketverkauf f\u00fcr Besichtigung von begeisterten Franzosen aufgebracht worden sind. Wohlgemerkt f\u00fcr ein Neubau in Holz unter Verwendung historischer Vorlagen, segelfertig samt modernster Technik und entsprechend heutiger Sicherheitsanforderungen f\u00fcr den Schulungsbetrieb ausgestattet.<br \/>\n<img loading=\"lazy\" decoding=\"async\" src=\"https:\/\/windpilot.com\/blog\/wp-content\/uploads\/2021\/01\/IMG_7361.jpeg\" alt=\"\" width=\"1280\" height=\"960\" class=\"aligncenter size-full wp-image-24297\" srcset=\"https:\/\/windpilot.com\/blog\/wp-content\/uploads\/2021\/01\/IMG_7361.jpeg 1280w, https:\/\/windpilot.com\/blog\/wp-content\/uploads\/2021\/01\/IMG_7361-300x225.jpeg 300w, https:\/\/windpilot.com\/blog\/wp-content\/uploads\/2021\/01\/IMG_7361-1024x768.jpeg 1024w, https:\/\/windpilot.com\/blog\/wp-content\/uploads\/2021\/01\/IMG_7361-768x576.jpeg 768w\" sizes=\"auto, (max-width: 1280px) 100vw, 1280px\" \/>F\u00fcr die k\u00fcrzlich dem Deutschen Hafenmuseum \u00fcbergebene kernsanierte <strong>PEKING<\/strong> wurden in toto bislang 26 Mio \u20ac ausgegeben, wobei es sich um ein zwar erheblich gr\u00f6sseres Schiff handelt, das hingegen weder segelfertig, noch f\u00fcr den praktischen Seebetrieb vorgesehen, lediglich um eine leere Hulk handelt, die als stolzes Wahrzeichen f\u00fcr eine traditionsreiche Vergangenheit einer Stadt stehen soll, in die nun Fahrst\u00fchle hineinmontiert werden, damit sie behindertengerecht zu besichtigen sein wird. Wie zu h\u00f6ren ist, wurde die Finanzierung offenbar vollst\u00e4ndig aus Steuermitteln vorgenommen.<br \/>\n<iframe loading=\"lazy\" width=\"560\" height=\"315\" src=\"https:\/\/www.youtube.com\/embed\/F4BrEk0ngIM\" frameborder=\"0\" allow=\"accelerometer; autoplay; clipboard-write; encrypted-media; gyroscope; picture-in-picture\" allowfullscreen><\/iframe><br \/>\n<img loading=\"lazy\" decoding=\"async\" src=\"https:\/\/windpilot.com\/blog\/wp-content\/uploads\/2021\/01\/8-sea-cloud-und-sturmschwalbe-Kopie.jpg\" alt=\"\" width=\"914\" height=\"603\" class=\"aligncenter size-full wp-image-24299\" srcset=\"https:\/\/windpilot.com\/blog\/wp-content\/uploads\/2021\/01\/8-sea-cloud-und-sturmschwalbe-Kopie.jpg 914w, https:\/\/windpilot.com\/blog\/wp-content\/uploads\/2021\/01\/8-sea-cloud-und-sturmschwalbe-Kopie-300x198.jpg 300w, https:\/\/windpilot.com\/blog\/wp-content\/uploads\/2021\/01\/8-sea-cloud-und-sturmschwalbe-Kopie-768x507.jpg 768w\" sizes=\"auto, (max-width: 914px) 100vw, 914px\" \/>Vollends aus der Welt \u2013 oder aus dem Ruder? &#8211; scheint die Restauration der <strong>GORCH FOCK<\/strong> gelaufen, die seit 2015 zwecks Renovierung berreits auf der zweiten Werft, nun sogar die Gerichte besch\u00e4ftigt, ebenfalls einem Projekt, das aus Steuermitteln bezahlt wird. <a href=\"https:\/\/www.spiegel.de\/politik\/deutschland\/gorch-fock-warum-die-kosten-fuer-die-renovierung-so-explodierten-a-1247801.html\">Derzeitiger Kostenstand<\/a> 135 Mio \u20ac, wenngleich weit von der Fertigstellung entfernt.<\/p>\n<p>Mir erscheint augenf\u00e4llig, wie unglaublich initiativ und effektiv unsere westlichen Nachbarn maritime Projekte verfolgen, die von der ganzen Nation unterst\u00fctzt, gehuldigt, besucht und im Herzen getragen werden, derweil in Deutschland vergleichbares niemals stattfinden kann und wird, weil in der Nationen das Verst\u00e4ndnis f\u00fcr maritime Geschichte lediglich gegen Eintrittsgeld an staatliche Institutionen zu besichtigen ist, die allerdings Steuergelder aller B\u00fcrger in nahezu unkontrollierter Menge verwenden, um Denkm\u00e4hler zu setzen, die am Ende nur selten besucht, bzw. lediglich als touristisches Wahrzeichen Verwendung findet, um vermutlich damit ein Profil zu sch\u00e4rfen.<br \/>\nNein, ich stelle hier einfach nur ein paar Zahlen zusammen, ohne mir allzu sehr den Kopf zu zerbrechen, vermutlich weil ich sodann schnell ins Gr\u00fcbeln geriete &#8230; ob der Hintergr\u00fcnde, die hier weder still noch leise nach Beachtung schreien &#8230; was allerdings vermutlich wenig interessiert, weil die Knete bereits weg ist &#8230; und Zinsen nicht zu bezahlen sind.<\/p>\n<p><strong>Hermione 25, Peking 26, Gorch Fock 135 Mio \u20ac &#8211; ein Vergleich, der mich sprachlos macht.<\/strong><\/p>\n<p>Mes compliments \u00e0 une grande nation maritime!<\/p>\n<p>Diese Gedanken im Kopf, werde ich morgen eine Pacific nach Plouhinec verpacken und versenden, damit Yann f\u00fcr seine vermutlich 8. Weltumsegelung nicht mit m\u00fcden Augen in der Nacht sein Schiff zu steuern hat, hingegen diesen Job seiner deutschen Heckverzierung anvertraut, die das ja wirklich nicht zum ersten Mal macht.<br \/>\nEs ist mir eine Ehre \u2013 ehrlich!<br \/>\n17.01.2021<br \/>\nPeter Foerthmann<br \/>\n<img loading=\"lazy\" decoding=\"async\" src=\"https:\/\/windpilot.com\/blog\/wp-content\/uploads\/2021\/01\/Peter-Blackwhite-Kopie-150x150.jpg\" alt=\"\" width=\"150\" height=\"150\" class=\"alignleft size-thumbnail wp-image-24300\" \/><\/p>\n","protected":false},"excerpt":{"rendered":"<p>EINE GANZ GEW\u00d6HNLICHE BERATUNG Es ist wenige Tage her, dass ich eine Anfrage aus Plouhinec erhalten habe, einem Ort in der Bretagne, in der viele ber\u00fchmte Segler ihr Zuhause haben. Also \u2026 nix Ungew\u00f6hnliches, hingegen eine ganz allt\u00e4gliche Beratung \u00fcber &hellip; <a href=\"https:\/\/windpilot.com\/blog\/press-tv\/kaufberatung\/hermione-peking\/\">Weiterlesen <span class=\"meta-nav\">&rarr;<\/span><\/a><\/p>\n","protected":false},"author":1,"featured_media":0,"parent":23567,"menu_order":-2,"comment_status":"open","ping_status":"closed","template":"","meta":{"footnotes":""},"class_list":["post-24289","page","type-page","status-publish","hentry"],"_links":{"self":[{"href":"https:\/\/windpilot.com\/blog\/wp-json\/wp\/v2\/pages\/24289","targetHints":{"allow":["GET"]}}],"collection":[{"href":"https:\/\/windpilot.com\/blog\/wp-json\/wp\/v2\/pages"}],"about":[{"href":"https:\/\/windpilot.com\/blog\/wp-json\/wp\/v2\/types\/page"}],"author":[{"embeddable":true,"href":"https:\/\/windpilot.com\/blog\/wp-json\/wp\/v2\/users\/1"}],"replies":[{"embeddable":true,"href":"https:\/\/windpilot.com\/blog\/wp-json\/wp\/v2\/comments?post=24289"}],"version-history":[{"count":9,"href":"https:\/\/windpilot.com\/blog\/wp-json\/wp\/v2\/pages\/24289\/revisions"}],"predecessor-version":[{"id":24308,"href":"https:\/\/windpilot.com\/blog\/wp-json\/wp\/v2\/pages\/24289\/revisions\/24308"}],"up":[{"embeddable":true,"href":"https:\/\/windpilot.com\/blog\/wp-json\/wp\/v2\/pages\/23567"}],"wp:attachment":[{"href":"https:\/\/windpilot.com\/blog\/wp-json\/wp\/v2\/media?parent=24289"}],"curies":[{"name":"wp","href":"https:\/\/api.w.org\/{rel}","templated":true}]}}