{"id":24322,"date":"2021-01-26T07:51:31","date_gmt":"2021-01-26T14:51:31","guid":{"rendered":"https:\/\/windpilot.com\/blog\/?page_id=24322"},"modified":"2021-01-26T07:51:31","modified_gmt":"2021-01-26T14:51:31","slug":"sv-mariposa-thailand","status":"publish","type":"page","link":"https:\/\/windpilot.com\/blog\/blogs\/deutsch-cruising-area\/pacific\/sv-mariposa-thailand\/","title":{"rendered":"SV Mariposa Thailand"},"content":{"rendered":"<p><strong>NEUES VON DER ZAHNKLINIK UNTER SEGELN<\/strong><br \/>\n<img loading=\"lazy\" decoding=\"async\" src=\"https:\/\/windpilot.com\/blog\/wp-content\/uploads\/2021\/01\/23-018.jpg\" alt=\"\" width=\"800\" height=\"533\" class=\"aligncenter size-full wp-image-24324\" srcset=\"https:\/\/windpilot.com\/blog\/wp-content\/uploads\/2021\/01\/23-018.jpg 800w, https:\/\/windpilot.com\/blog\/wp-content\/uploads\/2021\/01\/23-018-300x200.jpg 300w, https:\/\/windpilot.com\/blog\/wp-content\/uploads\/2021\/01\/23-018-768x512.jpg 768w\" sizes=\"auto, (max-width: 800px) 100vw, 800px\" \/>Der Foto Chip hatte sich monatelang hinter der Tiefk\u00fchltruhe versteckt! Nun ist also nach langer Zeit zu h\u00f6ren, dass die BIrgit und Michael \u00fcberaus lebendig, wohlauf nach einem dummen Zwischenfall, der in die Knie gegangen ist, nun ein Lebenszeichen aus Thailand senden. <\/p>\n<p><img loading=\"lazy\" decoding=\"async\" src=\"https:\/\/windpilot.com\/blog\/wp-content\/uploads\/2021\/01\/23-017.jpg\" alt=\"\" width=\"800\" height=\"533\" class=\"aligncenter size-full wp-image-24325\" srcset=\"https:\/\/windpilot.com\/blog\/wp-content\/uploads\/2021\/01\/23-017.jpg 800w, https:\/\/windpilot.com\/blog\/wp-content\/uploads\/2021\/01\/23-017-300x200.jpg 300w, https:\/\/windpilot.com\/blog\/wp-content\/uploads\/2021\/01\/23-017-768x512.jpg 768w\" sizes=\"auto, (max-width: 800px) 100vw, 800px\" \/>Hier ist der Kurzbericht:<br \/>\nLieber Peter, Lang lang ist es her dass ich mich mit neuem Reisebericht gemeldet habe. Die Bilder auf Chip waren verschwunden und durch Zufall wurden sie bei Umbauten vor kurzer Zeit hinter Tiefk\u00fchltruhe wieder entdeckt. Nun werde ich in kurzer Zeit alle Berichte nachholen.<\/p>\n<p><img loading=\"lazy\" decoding=\"async\" src=\"https:\/\/windpilot.com\/blog\/wp-content\/uploads\/2021\/01\/23-015.jpg\" alt=\"\" width=\"800\" height=\"600\" class=\"aligncenter size-full wp-image-24326\" srcset=\"https:\/\/windpilot.com\/blog\/wp-content\/uploads\/2021\/01\/23-015.jpg 800w, https:\/\/windpilot.com\/blog\/wp-content\/uploads\/2021\/01\/23-015-300x225.jpg 300w, https:\/\/windpilot.com\/blog\/wp-content\/uploads\/2021\/01\/23-015-768x576.jpg 768w\" sizes=\"auto, (max-width: 800px) 100vw, 800px\" \/>Hier also nun Bericht #23 Micronesien West, Chuuk, Yap, der wohl interessanteste Teil im Nordpacific, wo noch viele alte Sitten und Gebr\u00e4uche gelebt werden.<\/p>\n<p><img loading=\"lazy\" decoding=\"async\" src=\"https:\/\/windpilot.com\/blog\/wp-content\/uploads\/2021\/01\/23-042.jpg\" alt=\"\" width=\"800\" height=\"533\" class=\"aligncenter size-full wp-image-24327\" srcset=\"https:\/\/windpilot.com\/blog\/wp-content\/uploads\/2021\/01\/23-042.jpg 800w, https:\/\/windpilot.com\/blog\/wp-content\/uploads\/2021\/01\/23-042-300x200.jpg 300w, https:\/\/windpilot.com\/blog\/wp-content\/uploads\/2021\/01\/23-042-768x512.jpg 768w\" sizes=\"auto, (max-width: 800px) 100vw, 800px\" \/>Von Pohnpei einer der 4 Staaten von Micronesien ging es ins Insel \/ Atoll Gebiet von Staat Chuuk und Yap, Januar 2017 bis April 2017. Gerne w\u00e4re ich da l\u00e4nger geblieben aber mein Reisepass musste erneuert werden.<br \/>\n<img loading=\"lazy\" decoding=\"async\" src=\"https:\/\/windpilot.com\/blog\/wp-content\/uploads\/2021\/01\/23-037.jpg\" alt=\"\" width=\"800\" height=\"533\" class=\"aligncenter size-full wp-image-24328\" srcset=\"https:\/\/windpilot.com\/blog\/wp-content\/uploads\/2021\/01\/23-037.jpg 800w, https:\/\/windpilot.com\/blog\/wp-content\/uploads\/2021\/01\/23-037-300x200.jpg 300w, https:\/\/windpilot.com\/blog\/wp-content\/uploads\/2021\/01\/23-037-768x512.jpg 768w\" sizes=\"auto, (max-width: 800px) 100vw, 800px\" \/>Weiter ging es dann in die Philippinen, Flug nach Deutschland f\u00fcr beide Knie Operation nach Unfall, zur\u00fcck in Philippinen, sp\u00e4ter in 2017 nach Taiwan. 2018 dann nach Palau weiter nach Yap um dort wieder auf den Atollen zu helfen. Ein Immigration Offizier verweigerte uns Einreise aus undurchsichtigen Gr\u00fcnden trotz Hilfe der Australischen Botschaft. Also zur\u00fcck Palau und Rundreise durch Philippinen.<br \/>\n<img loading=\"lazy\" decoding=\"async\" src=\"https:\/\/windpilot.com\/blog\/wp-content\/uploads\/2021\/01\/23-036.jpg\" alt=\"\" width=\"800\" height=\"533\" class=\"aligncenter size-full wp-image-24329\" srcset=\"https:\/\/windpilot.com\/blog\/wp-content\/uploads\/2021\/01\/23-036.jpg 800w, https:\/\/windpilot.com\/blog\/wp-content\/uploads\/2021\/01\/23-036-300x200.jpg 300w, https:\/\/windpilot.com\/blog\/wp-content\/uploads\/2021\/01\/23-036-768x512.jpg 768w\" sizes=\"auto, (max-width: 800px) 100vw, 800px\" \/>2019 dann in Richtung Papua New Guinea, \u00fcber 6 Monate das wundersch\u00f6ne Indonesien solange Visa reichte ,Singapore, Malaysia dann 2020 Thailand im Bereich Phuket.. Da dann wegen Corona Segel stopp. Seit August k\u00f6nnen wir uns  wieder recht frei bewegen, da es nur sehr wenige Corona F\u00e4lle hier gibt, dank strengen Beschr\u00e4nkungen am Anfang, wo sich alle auch daran halten. Jetzt anfang Januar 2021 traten pl\u00f6tzlich neue F\u00e4lle auf  wo gleich wieder vieles abgeriegelt wurde. Von vielen F\u00e4lle spricht man hier bei unter 10 Erkrankte. In ganz Thailand kaum kleiner als Deutschland gibt es bis jetzt 70 Tote und ca 7000 Infizierte. F\u00fchlen uns hier recht sicher.  Der lange Bericht versteckt sich hinter<a href=\"http:\/\/www.cat-mariposa.de\/index.php\">WEITERLESEN<\/a><\/p>\n","protected":false},"excerpt":{"rendered":"<p>NEUES VON DER ZAHNKLINIK UNTER SEGELN Der Foto Chip hatte sich monatelang hinter der Tiefk\u00fchltruhe versteckt! Nun ist also nach langer Zeit zu h\u00f6ren, dass die BIrgit und Michael \u00fcberaus lebendig, wohlauf nach einem dummen Zwischenfall, der in die Knie &hellip; <a href=\"https:\/\/windpilot.com\/blog\/blogs\/deutsch-cruising-area\/pacific\/sv-mariposa-thailand\/\">Weiterlesen <span class=\"meta-nav\">&rarr;<\/span><\/a><\/p>\n","protected":false},"author":1,"featured_media":0,"parent":15235,"menu_order":-7,"comment_status":"closed","ping_status":"closed","template":"","meta":{"footnotes":""},"class_list":["post-24322","page","type-page","status-publish","hentry"],"_links":{"self":[{"href":"https:\/\/windpilot.com\/blog\/wp-json\/wp\/v2\/pages\/24322","targetHints":{"allow":["GET"]}}],"collection":[{"href":"https:\/\/windpilot.com\/blog\/wp-json\/wp\/v2\/pages"}],"about":[{"href":"https:\/\/windpilot.com\/blog\/wp-json\/wp\/v2\/types\/page"}],"author":[{"embeddable":true,"href":"https:\/\/windpilot.com\/blog\/wp-json\/wp\/v2\/users\/1"}],"replies":[{"embeddable":true,"href":"https:\/\/windpilot.com\/blog\/wp-json\/wp\/v2\/comments?post=24322"}],"version-history":[{"count":3,"href":"https:\/\/windpilot.com\/blog\/wp-json\/wp\/v2\/pages\/24322\/revisions"}],"predecessor-version":[{"id":24331,"href":"https:\/\/windpilot.com\/blog\/wp-json\/wp\/v2\/pages\/24322\/revisions\/24331"}],"up":[{"embeddable":true,"href":"https:\/\/windpilot.com\/blog\/wp-json\/wp\/v2\/pages\/15235"}],"wp:attachment":[{"href":"https:\/\/windpilot.com\/blog\/wp-json\/wp\/v2\/media?parent=24322"}],"curies":[{"name":"wp","href":"https:\/\/api.w.org\/{rel}","templated":true}]}}