{"id":24335,"date":"2021-01-26T08:02:23","date_gmt":"2021-01-26T15:02:23","guid":{"rendered":"https:\/\/windpilot.com\/blog\/?page_id=24335"},"modified":"2021-01-26T11:14:07","modified_gmt":"2021-01-26T18:14:07","slug":"bootsbau","status":"publish","type":"page","link":"https:\/\/windpilot.com\/blog\/windpilot-books-2\/bootsbau\/","title":{"rendered":"Bootsbau"},"content":{"rendered":"<p><strong>BOOTSBAU- GESTERN UND HEUTE<\/strong><br \/>\n<img loading=\"lazy\" decoding=\"async\" src=\"https:\/\/windpilot.com\/blog\/wp-content\/uploads\/2021\/01\/Doppel-klein.jpeg\" alt=\"\" width=\"1260\" height=\"961\" class=\"aligncenter size-full wp-image-24336\" srcset=\"https:\/\/windpilot.com\/blog\/wp-content\/uploads\/2021\/01\/Doppel-klein.jpeg 1260w, https:\/\/windpilot.com\/blog\/wp-content\/uploads\/2021\/01\/Doppel-klein-300x229.jpeg 300w, https:\/\/windpilot.com\/blog\/wp-content\/uploads\/2021\/01\/Doppel-klein-1024x781.jpeg 1024w, https:\/\/windpilot.com\/blog\/wp-content\/uploads\/2021\/01\/Doppel-klein-768x586.jpeg 768w\" sizes=\"auto, (max-width: 1260px) 100vw, 1260px\" \/>In der Welt der Blauwassersegler wird Peter Foerthmann seit Jahrzehnten zurate gezogen, wenn es um Steuerfragen geht. Als Entwickler, Produzent sowie weltweiter Ansprechpartner in der komplexen Materie von Windsteuersystemen ist seine Expertise international gefragt. <\/p>\n<p>Bei einigen dutzend eigenen, zudem tausenden von schwimmenden Schw\u00e4ne, die er beruflich ausger\u00fcstet hat, ist in einem halben Jahrhundert geballtes Fachwissen zusammen gekommen. Der besonderer Fokus auf wichtige Merkmale von f\u00fcr weltweite Fahrt geeignete Schiffe allerdings machte es verlockend, die Schiffe von gestern mit den heutigen zu vergleichen.<\/p>\n<p>Dieses Buch benennt die Achillesfersen heutiger Konstruktionen und konstatiert, wie Schiffe auszusehen haben, die, wenngleich von gestern auch morgen noch von heute sind, jedenfalls wenn man willig und bereit ist, beim Segeln zwischen Spass und Ernst zu unterscheiden anstatt nur auf das Gl\u00fcck zu vertrauen, dem man die Entscheidung \u00fcber die unversehrte Ankunft nach langer Reise \u00fcberl\u00e4sst.  <a href=\"https:\/\/windpilot.com\/books\/\">WINDPILOT BOOKS<\/a><br \/>\n<img loading=\"lazy\" decoding=\"async\" src=\"https:\/\/windpilot.com\/blog\/wp-content\/uploads\/2020\/11\/Windpilot-Books-red.jpg\" alt=\"\" width=\"613\" height=\"109\" class=\"aligncenter size-full wp-image-23753\" srcset=\"https:\/\/windpilot.com\/blog\/wp-content\/uploads\/2020\/11\/Windpilot-Books-red.jpg 613w, https:\/\/windpilot.com\/blog\/wp-content\/uploads\/2020\/11\/Windpilot-Books-red-300x53.jpg 300w\" sizes=\"auto, (max-width: 613px) 100vw, 613px\" \/><\/p>\n","protected":false},"excerpt":{"rendered":"<p>BOOTSBAU- GESTERN UND HEUTE In der Welt der Blauwassersegler wird Peter Foerthmann seit Jahrzehnten zurate gezogen, wenn es um Steuerfragen geht. Als Entwickler, Produzent sowie weltweiter Ansprechpartner in der komplexen Materie von Windsteuersystemen ist seine Expertise international gefragt. Bei einigen &hellip; <a href=\"https:\/\/windpilot.com\/blog\/windpilot-books-2\/bootsbau\/\">Weiterlesen <span class=\"meta-nav\">&rarr;<\/span><\/a><\/p>\n","protected":false},"author":1,"featured_media":0,"parent":23743,"menu_order":0,"comment_status":"open","ping_status":"closed","template":"","meta":{"footnotes":""},"class_list":["post-24335","page","type-page","status-publish","hentry"],"_links":{"self":[{"href":"https:\/\/windpilot.com\/blog\/wp-json\/wp\/v2\/pages\/24335","targetHints":{"allow":["GET"]}}],"collection":[{"href":"https:\/\/windpilot.com\/blog\/wp-json\/wp\/v2\/pages"}],"about":[{"href":"https:\/\/windpilot.com\/blog\/wp-json\/wp\/v2\/types\/page"}],"author":[{"embeddable":true,"href":"https:\/\/windpilot.com\/blog\/wp-json\/wp\/v2\/users\/1"}],"replies":[{"embeddable":true,"href":"https:\/\/windpilot.com\/blog\/wp-json\/wp\/v2\/comments?post=24335"}],"version-history":[{"count":11,"href":"https:\/\/windpilot.com\/blog\/wp-json\/wp\/v2\/pages\/24335\/revisions"}],"predecessor-version":[{"id":24365,"href":"https:\/\/windpilot.com\/blog\/wp-json\/wp\/v2\/pages\/24335\/revisions\/24365"}],"up":[{"embeddable":true,"href":"https:\/\/windpilot.com\/blog\/wp-json\/wp\/v2\/pages\/23743"}],"wp:attachment":[{"href":"https:\/\/windpilot.com\/blog\/wp-json\/wp\/v2\/media?parent=24335"}],"curies":[{"name":"wp","href":"https:\/\/api.w.org\/{rel}","templated":true}]}}