{"id":24480,"date":"2021-02-05T06:11:34","date_gmt":"2021-02-05T13:11:34","guid":{"rendered":"https:\/\/windpilot.com\/blog\/?page_id=24480"},"modified":"2021-02-05T06:15:51","modified_gmt":"2021-02-05T13:15:51","slug":"columbia-50","status":"publish","type":"page","link":"https:\/\/windpilot.com\/blog\/schiffe\/gebrauchtyachten\/columbia-50\/","title":{"rendered":"Columbia 50"},"content":{"rendered":"<p><strong>BILL TRIPP SCHON 1968 SEINER ZEIT WEIT VORAUS<\/strong><br \/>\n<img loading=\"lazy\" decoding=\"async\" src=\"https:\/\/windpilot.com\/blog\/wp-content\/uploads\/2021\/02\/AvengerFromBadoc.jpg\" alt=\"\" width=\"1200\" height=\"569\" class=\"aligncenter size-full wp-image-24481\" srcset=\"https:\/\/windpilot.com\/blog\/wp-content\/uploads\/2021\/02\/AvengerFromBadoc.jpg 1200w, https:\/\/windpilot.com\/blog\/wp-content\/uploads\/2021\/02\/AvengerFromBadoc-300x142.jpg 300w, https:\/\/windpilot.com\/blog\/wp-content\/uploads\/2021\/02\/AvengerFromBadoc-1024x486.jpg 1024w, https:\/\/windpilot.com\/blog\/wp-content\/uploads\/2021\/02\/AvengerFromBadoc-768x364.jpg 768w\" sizes=\"auto, (max-width: 1200px) 100vw, 1200px\" \/>Esther Sancho CROUS hat bereits vor Jahren die SV AVENGER erworben und befindet sich derzeit auf der Reise hinter den Horizont.<!--more--><\/p>\n<p><img loading=\"lazy\" decoding=\"async\" src=\"https:\/\/windpilot.com\/blog\/wp-content\/uploads\/2021\/02\/L1030368.jpg\" alt=\"\" width=\"1119\" height=\"635\" class=\"aligncenter size-full wp-image-24482\" srcset=\"https:\/\/windpilot.com\/blog\/wp-content\/uploads\/2021\/02\/L1030368.jpg 1119w, https:\/\/windpilot.com\/blog\/wp-content\/uploads\/2021\/02\/L1030368-300x170.jpg 300w, https:\/\/windpilot.com\/blog\/wp-content\/uploads\/2021\/02\/L1030368-1024x581.jpg 1024w, https:\/\/windpilot.com\/blog\/wp-content\/uploads\/2021\/02\/L1030368-768x436.jpg 768w\" sizes=\"auto, (max-width: 1119px) 100vw, 1119px\" \/>In der Karibik sind sie bereits, haben gleichwohl den Plan, noch weiter nach Westen zu segeln &#8230; falls die Pandemie das erlaubt.<br \/>\n<img loading=\"lazy\" decoding=\"async\" src=\"https:\/\/windpilot.com\/blog\/wp-content\/uploads\/2021\/02\/Avenger39genericText-Xprt.jpg\" alt=\"\" width=\"579\" height=\"640\" class=\"aligncenter size-full wp-image-24483\" srcset=\"https:\/\/windpilot.com\/blog\/wp-content\/uploads\/2021\/02\/Avenger39genericText-Xprt.jpg 579w, https:\/\/windpilot.com\/blog\/wp-content\/uploads\/2021\/02\/Avenger39genericText-Xprt-271x300.jpg 271w\" sizes=\"auto, (max-width: 579px) 100vw, 579px\" \/><img loading=\"lazy\" decoding=\"async\" src=\"https:\/\/windpilot.com\/blog\/wp-content\/uploads\/2021\/02\/bL1120568.jpeg\" alt=\"\" width=\"1280\" height=\"720\" class=\"aligncenter size-full wp-image-24485\" srcset=\"https:\/\/windpilot.com\/blog\/wp-content\/uploads\/2021\/02\/bL1120568.jpeg 1280w, https:\/\/windpilot.com\/blog\/wp-content\/uploads\/2021\/02\/bL1120568-300x169.jpeg 300w, https:\/\/windpilot.com\/blog\/wp-content\/uploads\/2021\/02\/bL1120568-1024x576.jpeg 1024w, https:\/\/windpilot.com\/blog\/wp-content\/uploads\/2021\/02\/bL1120568-768x432.jpeg 768w\" sizes=\"auto, (max-width: 1280px) 100vw, 1280px\" \/>Die Avenger ist ein Oldie, sie wurde bereits 1968 von Bill Tripp entworfen, gleichwohl f\u00fcr damalige Zeiten ein ungew\u00f6hnlich modernes Schiff, was die Bilder belegen m\u00f6gen.  <a href=\"http:\/\/syavenger.blogspot.com\/2012\/11\/caracteristiques-principals-del-avenger.html\">WEITERLESEN<\/a><\/p>\n","protected":false},"excerpt":{"rendered":"<p>BILL TRIPP SCHON 1968 SEINER ZEIT WEIT VORAUS Esther Sancho CROUS hat bereits vor Jahren die SV AVENGER erworben und befindet sich derzeit auf der Reise hinter den Horizont.<\/p>\n","protected":false},"author":1,"featured_media":0,"parent":15914,"menu_order":-7,"comment_status":"open","ping_status":"closed","template":"","meta":{"footnotes":""},"class_list":["post-24480","page","type-page","status-publish","hentry"],"_links":{"self":[{"href":"https:\/\/windpilot.com\/blog\/wp-json\/wp\/v2\/pages\/24480","targetHints":{"allow":["GET"]}}],"collection":[{"href":"https:\/\/windpilot.com\/blog\/wp-json\/wp\/v2\/pages"}],"about":[{"href":"https:\/\/windpilot.com\/blog\/wp-json\/wp\/v2\/types\/page"}],"author":[{"embeddable":true,"href":"https:\/\/windpilot.com\/blog\/wp-json\/wp\/v2\/users\/1"}],"replies":[{"embeddable":true,"href":"https:\/\/windpilot.com\/blog\/wp-json\/wp\/v2\/comments?post=24480"}],"version-history":[{"count":2,"href":"https:\/\/windpilot.com\/blog\/wp-json\/wp\/v2\/pages\/24480\/revisions"}],"predecessor-version":[{"id":24486,"href":"https:\/\/windpilot.com\/blog\/wp-json\/wp\/v2\/pages\/24480\/revisions\/24486"}],"up":[{"embeddable":true,"href":"https:\/\/windpilot.com\/blog\/wp-json\/wp\/v2\/pages\/15914"}],"wp:attachment":[{"href":"https:\/\/windpilot.com\/blog\/wp-json\/wp\/v2\/media?parent=24480"}],"curies":[{"name":"wp","href":"https:\/\/api.w.org\/{rel}","templated":true}]}}