{"id":24840,"date":"2021-04-25T09:40:12","date_gmt":"2021-04-25T16:40:12","guid":{"rendered":"https:\/\/windpilot.com\/blog\/?page_id=24840"},"modified":"2021-06-21T01:18:08","modified_gmt":"2021-06-21T08:18:08","slug":"achillesfersen","status":"publish","type":"page","link":"https:\/\/windpilot.com\/blog\/schiffe\/oyster-daemmerung\/achillesfersen\/","title":{"rendered":"Achillesfersen"},"content":{"rendered":"<p><strong>SEEGRAS &#8211; TREIBGUT \u2013 WASSERBALKEN<\/strong><br \/>\n<img loading=\"lazy\" decoding=\"async\" src=\"https:\/\/windpilot.com\/blog\/wp-content\/uploads\/2021\/04\/Saveol-achtern-Kopie-2-scaled.jpg\" alt=\"\" width=\"2560\" height=\"1515\" class=\"aligncenter size-full wp-image-24843\" srcset=\"https:\/\/windpilot.com\/blog\/wp-content\/uploads\/2021\/04\/Saveol-achtern-Kopie-2-scaled.jpg 2560w, https:\/\/windpilot.com\/blog\/wp-content\/uploads\/2021\/04\/Saveol-achtern-Kopie-2-300x178.jpg 300w, https:\/\/windpilot.com\/blog\/wp-content\/uploads\/2021\/04\/Saveol-achtern-Kopie-2-1024x606.jpg 1024w, https:\/\/windpilot.com\/blog\/wp-content\/uploads\/2021\/04\/Saveol-achtern-Kopie-2-768x455.jpg 768w, https:\/\/windpilot.com\/blog\/wp-content\/uploads\/2021\/04\/Saveol-achtern-Kopie-2-1536x909.jpg 1536w, https:\/\/windpilot.com\/blog\/wp-content\/uploads\/2021\/04\/Saveol-achtern-Kopie-2-2048x1212.jpg 2048w\" sizes=\"auto, (max-width: 2560px) 100vw, 2560px\" \/>Wasser hat keine Balken, das Gegenteil scheint bewiesen, denn wenn Schiffe urpl\u00f6tzlich an Fahrt verlieren, werden sie meist von unten festgehalten. Treibgut, Fischerleinen, ganze Netze in Fetzen, die durch Auftriebsk\u00f6rper  nach oben streben, von Abfall oder alten Matratzen, und, wenn\u00b4s dicke kommt, auch schon mal Container, die unartigerweise ihren Stellplatz an Bord verlassen und als Halbtaucher nur darauf zu warten scheinen, dass ein Ungl\u00fccksrabe sie auf die H\u00f6rner nimmt. Pures Gl\u00fcck, wenn man am Ende einer Reise angekommen, ohne von dummen Erlebnissen berichten  zu m\u00fcssen. Aber ist das wirklich Gl\u00fcck? Untersuchen wir den Fall.<br \/>\n<img loading=\"lazy\" decoding=\"async\" src=\"https:\/\/windpilot.com\/blog\/wp-content\/uploads\/2021\/04\/SV-September-Wolldecke.jpeg\" alt=\"\" width=\"1280\" height=\"837\" class=\"aligncenter size-full wp-image-24846\" srcset=\"https:\/\/windpilot.com\/blog\/wp-content\/uploads\/2021\/04\/SV-September-Wolldecke.jpeg 1280w, https:\/\/windpilot.com\/blog\/wp-content\/uploads\/2021\/04\/SV-September-Wolldecke-300x196.jpeg 300w, https:\/\/windpilot.com\/blog\/wp-content\/uploads\/2021\/04\/SV-September-Wolldecke-1024x670.jpeg 1024w, https:\/\/windpilot.com\/blog\/wp-content\/uploads\/2021\/04\/SV-September-Wolldecke-768x502.jpeg 768w\" sizes=\"auto, (max-width: 1280px) 100vw, 1280px\" \/><img loading=\"lazy\" decoding=\"async\" src=\"https:\/\/windpilot.com\/blog\/wp-content\/uploads\/2021\/04\/Propellersalat-Bonnie-af-Kopie.jpeg\" alt=\"\" width=\"640\" height=\"478\" class=\"aligncenter size-full wp-image-24865\" srcset=\"https:\/\/windpilot.com\/blog\/wp-content\/uploads\/2021\/04\/Propellersalat-Bonnie-af-Kopie.jpeg 640w, https:\/\/windpilot.com\/blog\/wp-content\/uploads\/2021\/04\/Propellersalat-Bonnie-af-Kopie-300x224.jpeg 300w\" sizes=\"auto, (max-width: 640px) 100vw, 640px\" \/><img loading=\"lazy\" decoding=\"async\" src=\"https:\/\/windpilot.com\/blog\/wp-content\/uploads\/2021\/04\/Unterwegs-Sargassum-Kopie-4.jpg\" alt=\"\" width=\"757\" height=\"568\" class=\"aligncenter size-full wp-image-24866\" srcset=\"https:\/\/windpilot.com\/blog\/wp-content\/uploads\/2021\/04\/Unterwegs-Sargassum-Kopie-4.jpg 757w, https:\/\/windpilot.com\/blog\/wp-content\/uploads\/2021\/04\/Unterwegs-Sargassum-Kopie-4-300x225.jpg 300w\" sizes=\"auto, (max-width: 757px) 100vw, 757px\" \/><img loading=\"lazy\" decoding=\"async\" src=\"https:\/\/windpilot.com\/blog\/wp-content\/uploads\/2021\/04\/Bartel-Treibgut-Kopie.jpeg\" alt=\"\" width=\"1280\" height=\"960\" class=\"aligncenter size-full wp-image-24867\" srcset=\"https:\/\/windpilot.com\/blog\/wp-content\/uploads\/2021\/04\/Bartel-Treibgut-Kopie.jpeg 1280w, https:\/\/windpilot.com\/blog\/wp-content\/uploads\/2021\/04\/Bartel-Treibgut-Kopie-300x225.jpeg 300w, https:\/\/windpilot.com\/blog\/wp-content\/uploads\/2021\/04\/Bartel-Treibgut-Kopie-1024x768.jpeg 1024w, https:\/\/windpilot.com\/blog\/wp-content\/uploads\/2021\/04\/Bartel-Treibgut-Kopie-768x576.jpeg 768w\" sizes=\"auto, (max-width: 1280px) 100vw, 1280px\" \/><img loading=\"lazy\" decoding=\"async\" src=\"https:\/\/windpilot.com\/blog\/wp-content\/uploads\/2021\/06\/rope-Chris.jpg\" alt=\"\" width=\"597\" height=\"673\" class=\"aligncenter size-full wp-image-25170\" srcset=\"https:\/\/windpilot.com\/blog\/wp-content\/uploads\/2021\/06\/rope-Chris.jpg 597w, https:\/\/windpilot.com\/blog\/wp-content\/uploads\/2021\/06\/rope-Chris-266x300.jpg 266w\" sizes=\"auto, (max-width: 597px) 100vw, 597px\" \/>An dieser Stelle bekommt der Chronist Schluckauf, weil es auf See eigentlich keine \u00dcberraschungen mehr geben kann, weil alles schon mal dagewesen ist \u2013 jedenfalls, wenn man so ehrlich ist, seine Gedanken schweifen, d.h. seine Sorgen \u2013 und sein Wissen! &#8211; von der Leine zu lassen. Ich beschr\u00e4nke mich hier auf den einen Satz, der alle Probleme auf einmal auf die H\u00f6rner nimmt, denn ein Schiff mit langem Kiel dr\u00fcckt Unrat jeder Art nahezu unmerklich nach unten oder zur Seite \u2026 ohne dass dies an Deck oder schlafend in der Koje \u00fcberhaupt bemerkt w\u00fcrde \u2026 weil das Schiff einfach nur ruhig weiter segelt! Mu\u00df einfach nochmal gesagt werden, um im Nachfolgenden zu verdeutlichen, welche M\u00fchen und Sorgen Eigner von modernen Schiffen zu gew\u00e4rtigen haben, um lange Reisen \u00fcber offenes Wasser erfolgreich zu bestehen. Denn, nicht wahr, Schiffe moderner Bauart sind unter Wasser <strong>voller Widerhaken<\/strong>, die durch die See harken, dabei Unrat sammeln, wovon Millionen Tonnen um die Kontinente driften, was wir bereits hinl\u00e4nglich  wissen. Als w\u00e4re das alles noch nicht genug, hat die Natur seit einigen Jahren nun auch noch Seegrasfelder gez\u00fcchtet, bzw. auslegt, um den Segler auch noch mit Gr\u00fcnzeug auf See zu \u00e4rgern, d.h. seine Aufmerksamkeit einzufordern, alternativ ihm den Schlaf zu rauben.<\/p>\n<p>Die Rede ist von den Achillesfersen von Schiffen, von denen einige bereits abgehandelt wurden<\/p>\n<blockquote class=\"wp-embedded-content\" data-secret=\"vWuCw90rzo\"><p><a href=\"https:\/\/windpilot.com\/blog\/schiffe\/oyster-daemmerung\/wasserbremsen\/\">Wasserbremsen<\/a><\/p><\/blockquote>\n<p><iframe loading=\"lazy\" class=\"wp-embedded-content\" sandbox=\"allow-scripts\" security=\"restricted\" style=\"position: absolute; clip: rect(1px, 1px, 1px, 1px);\" title=\"&#8222;Wasserbremsen&#8220; &#8212; Windpilot Blog\" src=\"https:\/\/windpilot.com\/blog\/schiffe\/oyster-daemmerung\/wasserbremsen\/embed\/#?secret=R5XQcwOdjd#?secret=vWuCw90rzo\" data-secret=\"vWuCw90rzo\" width=\"600\" height=\"338\" frameborder=\"0\" marginwidth=\"0\" marginheight=\"0\" scrolling=\"no\"><\/iframe><\/p>\n<p>Wollen wir gemeinsam einen weiteren Ausflug machen? <\/p>\n<p>Ohne hier immer wieder die Vorteile eines langen Kiels zu repetieren &#8211; eine Freiheit, die mir erlaubt sein sollte! &#8211; sind derartige Kielformen generell als vorteilhaft zum Schutze aller dahinter liegenden Extremit\u00e4ten zu bezeichnen. Womit sofort verdeutlicht wird, dass jedwede Extremit\u00e4t seitlich dieser Schutzzone, ziemlich nackt und ungesch\u00fctzt im Str\u00f6mungsbereich des Wassers liegt, wie z.B. Doppelrudersysteme, bei denen das leeseitige Ruder im Wasser seine Arbeit macht, derweil das luvseitige wie beim Flugzeug \u2026 die Luft bewegt \u2026 okay joking! <\/p>\n<p><img loading=\"lazy\" decoding=\"async\" src=\"https:\/\/windpilot.com\/blog\/wp-content\/uploads\/2021\/04\/IMG_2712.jpeg\" alt=\"\" width=\"640\" height=\"480\" class=\"aligncenter size-full wp-image-24844\" srcset=\"https:\/\/windpilot.com\/blog\/wp-content\/uploads\/2021\/04\/IMG_2712.jpeg 640w, https:\/\/windpilot.com\/blog\/wp-content\/uploads\/2021\/04\/IMG_2712-300x225.jpeg 300w\" sizes=\"auto, (max-width: 640px) 100vw, 640px\" \/>Die Schlaumeier bei der VEND\u00c9E haben darum schon lange ihre Ruderkonstruktionen beweglich gestaltet, womit dann ein Ersatz nach Kollision mit Treibgut zur vergleichsweise einfachen \u00dcbung wird. Zu beachten, dass derartige Ruderkonstruktionen h\u00e4ufig sogar mit \u00dcberlastungsschutz ausgestattet sind, womit dann bei Kollision das Ruder nach achtern schwenken kann \u2026 und \u2013 so die Hoffnung &#8211;  unbesch\u00e4digt bleibt.<br \/>\n<img loading=\"lazy\" decoding=\"async\" src=\"https:\/\/windpilot.com\/blog\/wp-content\/uploads\/2021\/04\/IMG_2888-Kopie.jpeg\" alt=\"\" width=\"640\" height=\"480\" class=\"aligncenter size-full wp-image-24845\" srcset=\"https:\/\/windpilot.com\/blog\/wp-content\/uploads\/2021\/04\/IMG_2888-Kopie.jpeg 640w, https:\/\/windpilot.com\/blog\/wp-content\/uploads\/2021\/04\/IMG_2888-Kopie-300x225.jpeg 300w\" sizes=\"auto, (max-width: 640px) 100vw, 640px\" \/>All dies sind Tr\u00e4ume, die f\u00fcr ernsthafte Langstreckensegler Tr\u00e4ume zu bleiben haben, weil derart aufwendige Ruderkonstruktionen seriell nicht in Erw\u00e4hnung gezogen werden \u2013 k\u00f6nnen. Es bleibt zu konstatieren: Schiffe mit doppelten Hauptruder bei nur einem Kiel, besitzen eine weitere <strong>Achillesferse<\/strong>, weil diese Ruder ungesch\u00fctzt jeglichen \u201eWasserbremsen\u201c, also schwimmendem Unrat ausgesetzt sind. Das folgende Video verdeutlicht das schmerzhaft.<\/p>\n<p><iframe loading=\"lazy\" width=\"560\" height=\"315\" src=\"https:\/\/www.youtube.com\/embed\/fOLkEfXVzq8\" title=\"YouTube video player\" frameborder=\"0\" allow=\"accelerometer; autoplay; clipboard-write; encrypted-media; gyroscope; picture-in-picture\" allowfullscreen><\/iframe><\/p>\n<p>Es kann nicht unerw\u00e4hnt bleiben, dass aussermittig installierte Windsteuersysteme exakt den gleichen Gefahren ausgesetzt sind.<br \/>\nKollisionen mit Treibgut stellen unerh\u00f6rte hohe Anspr\u00fcche an die Befestigung der Systeme am Spiegel, die ja auf keinen Fall herausreissen sollten, wie es vermutlich vor der finalen Havarie der SV Plan B geschehen ist. Ich sollte nicht vergessen zu erw\u00e4hnen, dass bei modernen Serienbauten die Spiegelfl\u00e4chen nahezu ausnahmslos nicht f\u00fcr derartige Lasten dimensioniert sind bzw. ausgelegt werden, nicht ohne Grund empfiehlt der Hersteller Hydrovane enorme innenseitige Spiegelverst\u00e4rkungen zu installieren, denn bereits f\u00fcr die \u00dcbernahme einfacher Steuerfunktion hat die Systembefestigung von Hilfsrudersystemen enorme Lasten zu tragen.<\/p>\n<blockquote class=\"wp-embedded-content\" data-secret=\"XnEUJwVBi6\"><p><a href=\"https:\/\/windpilot.com\/blog\/schiffe\/suendenfall-ruder\/ruderbruch-geschichten\/\">Orca &#8211; Havarien<\/a><\/p><\/blockquote>\n<p><iframe loading=\"lazy\" class=\"wp-embedded-content\" sandbox=\"allow-scripts\" security=\"restricted\" style=\"position: absolute; clip: rect(1px, 1px, 1px, 1px);\" title=\"&#8222;Orca &#8211; Havarien&#8220; &#8212; Windpilot Blog\" src=\"https:\/\/windpilot.com\/blog\/schiffe\/suendenfall-ruder\/ruderbruch-geschichten\/embed\/#?secret=KYM7PTxAYp#?secret=XnEUJwVBi6\" data-secret=\"XnEUJwVBi6\" width=\"600\" height=\"338\" frameborder=\"0\" marginwidth=\"0\" marginheight=\"0\" scrolling=\"no\"><\/iframe><br \/>\n<img loading=\"lazy\" decoding=\"async\" src=\"https:\/\/windpilot.com\/blog\/wp-content\/uploads\/2021\/04\/20170322_084903.jpg\" alt=\"\" width=\"1000\" height=\"562\" class=\"aligncenter size-full wp-image-24862\" srcset=\"https:\/\/windpilot.com\/blog\/wp-content\/uploads\/2021\/04\/20170322_084903.jpg 1000w, https:\/\/windpilot.com\/blog\/wp-content\/uploads\/2021\/04\/20170322_084903-300x169.jpg 300w, https:\/\/windpilot.com\/blog\/wp-content\/uploads\/2021\/04\/20170322_084903-768x432.jpg 768w\" sizes=\"auto, (max-width: 1000px) 100vw, 1000px\" \/>Es ist heute ein Faktum, dass auf den Meeren Seegrasfelder in gewaltigem Ausmass die Aufmerksamkeit der Segler erfordern, wollen sie dort nicht \u201eh\u00e4ngen\u201c bleiben, bzw. ihr Unterwasserschiff zunehmend h\u00e4ufig durch Tauchen von den Tentakeln der Meere freizuhalten.<br \/>\n<img loading=\"lazy\" decoding=\"async\" src=\"https:\/\/windpilot.com\/blog\/wp-content\/uploads\/2021\/04\/Schlitz-Ruder.jpg\" alt=\"\" width=\"1702\" height=\"1150\" class=\"aligncenter size-full wp-image-24871\" srcset=\"https:\/\/windpilot.com\/blog\/wp-content\/uploads\/2021\/04\/Schlitz-Ruder.jpg 1702w, https:\/\/windpilot.com\/blog\/wp-content\/uploads\/2021\/04\/Schlitz-Ruder-300x203.jpg 300w, https:\/\/windpilot.com\/blog\/wp-content\/uploads\/2021\/04\/Schlitz-Ruder-1024x692.jpg 1024w, https:\/\/windpilot.com\/blog\/wp-content\/uploads\/2021\/04\/Schlitz-Ruder-768x519.jpg 768w, https:\/\/windpilot.com\/blog\/wp-content\/uploads\/2021\/04\/Schlitz-Ruder-1536x1038.jpg 1536w\" sizes=\"auto, (max-width: 1702px) 100vw, 1702px\" \/><img loading=\"lazy\" decoding=\"async\" src=\"https:\/\/windpilot.com\/blog\/wp-content\/uploads\/2021\/04\/Abweise-Seegras-Hanseat.jpg\" alt=\"\" width=\"1022\" height=\"650\" class=\"aligncenter size-full wp-image-24876\" srcset=\"https:\/\/windpilot.com\/blog\/wp-content\/uploads\/2021\/04\/Abweise-Seegras-Hanseat.jpg 1022w, https:\/\/windpilot.com\/blog\/wp-content\/uploads\/2021\/04\/Abweise-Seegras-Hanseat-300x191.jpg 300w, https:\/\/windpilot.com\/blog\/wp-content\/uploads\/2021\/04\/Abweise-Seegras-Hanseat-768x488.jpg 768w\" sizes=\"auto, (max-width: 1022px) 100vw, 1022px\" \/>Darum gilt mein besonderes Augenmerk seit Jahrzehnten den Balancerudern, deren Vorkante dicht unter dem Rumpf einen Spalt besitzen, der als Rattenf\u00e4nger f\u00fcr Unrat, Leinen und Seegras irgendwann das ganz Ruder ausser Kraft zu setzen in der Lage ist. Auf meinen Hanseaten war zur Entsch\u00e4rfung dieser Gefahrenstelle stets der Schlitz durch einen dreieckigen Abweiser in Form eines Knotenbleches &#8222;entsch\u00e4rft&#8220;.<\/p>\n<p>Im <a href=\"https:\/\/www.cruisersforum.com\/forums\/f90\/hydrovane-and-sagassum-weed-218363.html\">Cruisersforum ist folgende Begebenheit<\/a> nachzulesen:<br \/>\n<img loading=\"lazy\" decoding=\"async\" src=\"https:\/\/windpilot.com\/blog\/wp-content\/uploads\/2021\/04\/20170322_112243.jpg\" alt=\"\" width=\"1000\" height=\"562\" class=\"aligncenter size-full wp-image-24863\" srcset=\"https:\/\/windpilot.com\/blog\/wp-content\/uploads\/2021\/04\/20170322_112243.jpg 1000w, https:\/\/windpilot.com\/blog\/wp-content\/uploads\/2021\/04\/20170322_112243-300x169.jpg 300w, https:\/\/windpilot.com\/blog\/wp-content\/uploads\/2021\/04\/20170322_112243-768x432.jpg 768w\" sizes=\"auto, (max-width: 1000px) 100vw, 1000px\" \/><\/p>\n<blockquote><p>We have a Hydrovane on our boat and have found it to catch sargassum weed in such a degree that it no longer can steer the boat.<br \/>\nWhen crossing the Atlantic in 2017 we at times had to clean it every 5 minutes.<br \/>\nIt is so frustrating when you sail around the clock and you have to be on the alert for this type of problem. We are a short handed crew and need all the rest we can get. It has happen more than once that the boat has taken a tack by herself when the vane is out of control. It&#8217;s worse if you sail with a gennacker. Then it can take some time before you get back on track.<br \/>\nI find this unacceptable. It is dangerous hanging over the side trying to free the rudder from the sargassum weed. You risk breaking a rib or two or falling over board, sails may get damaged and you are deprived of the rest you so badly need.<br \/>\nI have explained this to John at Hydrovane and suggested they would redesign the rudder with a taperd leading edge so that the grass will travel down and under but they seem not interested in doing anything to rectify the problem.<br \/>\nI realise that a redesign may not be a simple task and would certainly need thorough testing but this problem is not going to disappear. It will probably get worse.<br \/>\nI have talked to a number of people with Hydrovane&#8217;s and I am not alone having trouble with weed.<br \/>\nOur vane is mounted off centre, which is one of the key features according to the Hydrovane home page. It may be a less of a problem with centre mounted since you then have the keel and the rudder in front to clear the way for the wind rudder.<br \/>\nAre there others out there with the same problem and if so did you have a remedy to get the gear working when confronted with this weed ?<br \/>\n\/Hans<\/p><\/blockquote>\n<p><img loading=\"lazy\" decoding=\"async\" src=\"https:\/\/windpilot.com\/blog\/wp-content\/uploads\/2021\/04\/Hydrovane-gras.jpg\" alt=\"\" width=\"1110\" height=\"1318\" class=\"aligncenter size-full wp-image-24852\" srcset=\"https:\/\/windpilot.com\/blog\/wp-content\/uploads\/2021\/04\/Hydrovane-gras.jpg 1110w, https:\/\/windpilot.com\/blog\/wp-content\/uploads\/2021\/04\/Hydrovane-gras-253x300.jpg 253w, https:\/\/windpilot.com\/blog\/wp-content\/uploads\/2021\/04\/Hydrovane-gras-862x1024.jpg 862w, https:\/\/windpilot.com\/blog\/wp-content\/uploads\/2021\/04\/Hydrovane-gras-768x912.jpg 768w\" sizes=\"auto, (max-width: 1110px) 100vw, 1110px\" \/><img loading=\"lazy\" decoding=\"async\" src=\"https:\/\/windpilot.com\/blog\/wp-content\/uploads\/2021\/04\/Atlantiku\u0308berquerung-2014-und-haul-out-in-Chaguaramas-157-scaled.jpg\" alt=\"\" width=\"2560\" height=\"1920\" class=\"aligncenter size-full wp-image-24847\" srcset=\"https:\/\/windpilot.com\/blog\/wp-content\/uploads\/2021\/04\/Atlantiku\u0308berquerung-2014-und-haul-out-in-Chaguaramas-157-scaled.jpg 2560w, https:\/\/windpilot.com\/blog\/wp-content\/uploads\/2021\/04\/Atlantiku\u0308berquerung-2014-und-haul-out-in-Chaguaramas-157-300x225.jpg 300w, https:\/\/windpilot.com\/blog\/wp-content\/uploads\/2021\/04\/Atlantiku\u0308berquerung-2014-und-haul-out-in-Chaguaramas-157-1024x768.jpg 1024w, https:\/\/windpilot.com\/blog\/wp-content\/uploads\/2021\/04\/Atlantiku\u0308berquerung-2014-und-haul-out-in-Chaguaramas-157-768x576.jpg 768w, https:\/\/windpilot.com\/blog\/wp-content\/uploads\/2021\/04\/Atlantiku\u0308berquerung-2014-und-haul-out-in-Chaguaramas-157-1536x1152.jpg 1536w, https:\/\/windpilot.com\/blog\/wp-content\/uploads\/2021\/04\/Atlantiku\u0308berquerung-2014-und-haul-out-in-Chaguaramas-157-2048x1536.jpg 2048w\" sizes=\"auto, (max-width: 2560px) 100vw, 2560px\" \/>Naturgem\u00e4ss sind Pendelrudersysteme mit leicht nach achtern gestelltem Ruderschaft bzw. einer Rutschkupplung f\u00fcr das Freigeben von Treibgut, zumindest besser gesch\u00fctzt vor Sch\u00e4den \u2026 wenngleich sie nach dem Ausl\u00f6sen von Hand wieder in ihre Arbeitsposition zu bringen sind. Nicht wahr, in derartigen F\u00e4llen wird die Crew jederzeit vorgewarnt, weil ein Pendelruder nach der Ausl\u00f6sung ja nicht mehr steuern kann \u2026 und der L\u00e4rm flatternder Segel den ruhigen Schlaf unter Deck ohnehin unm\u00f6glich macht.<br \/>\n<img loading=\"lazy\" decoding=\"async\" src=\"https:\/\/windpilot.com\/blog\/wp-content\/uploads\/2021\/04\/jbeck3-Kopie-2.jpg\" alt=\"\" width=\"1280\" height=\"960\" class=\"aligncenter size-full wp-image-24857\" srcset=\"https:\/\/windpilot.com\/blog\/wp-content\/uploads\/2021\/04\/jbeck3-Kopie-2.jpg 1280w, https:\/\/windpilot.com\/blog\/wp-content\/uploads\/2021\/04\/jbeck3-Kopie-2-300x225.jpg 300w, https:\/\/windpilot.com\/blog\/wp-content\/uploads\/2021\/04\/jbeck3-Kopie-2-1024x768.jpg 1024w, https:\/\/windpilot.com\/blog\/wp-content\/uploads\/2021\/04\/jbeck3-Kopie-2-768x576.jpg 768w\" sizes=\"auto, (max-width: 1280px) 100vw, 1280px\" \/><img loading=\"lazy\" decoding=\"async\" src=\"https:\/\/windpilot.com\/blog\/wp-content\/uploads\/2021\/04\/IMG_7478.jpg\" alt=\"\" width=\"2048\" height=\"1536\" class=\"aligncenter size-full wp-image-24860\" srcset=\"https:\/\/windpilot.com\/blog\/wp-content\/uploads\/2021\/04\/IMG_7478.jpg 2048w, https:\/\/windpilot.com\/blog\/wp-content\/uploads\/2021\/04\/IMG_7478-300x225.jpg 300w, https:\/\/windpilot.com\/blog\/wp-content\/uploads\/2021\/04\/IMG_7478-1024x768.jpg 1024w, https:\/\/windpilot.com\/blog\/wp-content\/uploads\/2021\/04\/IMG_7478-768x576.jpg 768w, https:\/\/windpilot.com\/blog\/wp-content\/uploads\/2021\/04\/IMG_7478-1536x1152.jpg 1536w\" sizes=\"auto, (max-width: 2048px) 100vw, 2048px\" \/>Es ist keineswegs eine neue Erkenntnis, dass jede Wahl f\u00fcr oder gegen ein Schiff einen Kompromiss bedeutet, den man tunlichst kennen sollte. Das gleiche gilt f\u00fcr die Wahl einer Windsteueranlage, die, nach meinem Daf\u00fcrhalten stets in der Mitte montiert werden sollte, wie ich es seit Jahrzehnten predige. Wenn nun allerdings aus naheliegenden anderen Gr\u00fcnden, die meist den Namen Badeleiter oder Badeplattform tragen, eine seitliche Montage bevorzugt angeraten wird, sollte an dieser Stelle erlaubt sein, auf die Schattenseiten derartiger Montagen hinzuweisen.<\/p>\n<p>Also gilt auch in diesem Fall die Qual der Wahl, f\u00fcr oder gegen wichtige Argumente, deren Ende stets den Namen Kompromiss zu tragen haben.<\/p>\n<p>Dies als Wort zum Sonntag Abend.<br \/>\n25.04.2021<br \/>\nPeter Foerthmann<br \/>\n<img loading=\"lazy\" decoding=\"async\" src=\"https:\/\/windpilot.com\/blog\/wp-content\/uploads\/2021\/04\/A.-Peter-Lions-150x150.jpg\" alt=\"\" width=\"150\" height=\"150\" class=\"alignleft size-thumbnail wp-image-24635\" srcset=\"https:\/\/windpilot.com\/blog\/wp-content\/uploads\/2021\/04\/A.-Peter-Lions-150x150.jpg 150w, https:\/\/windpilot.com\/blog\/wp-content\/uploads\/2021\/04\/A.-Peter-Lions-300x300.jpg 300w, https:\/\/windpilot.com\/blog\/wp-content\/uploads\/2021\/04\/A.-Peter-Lions-1024x1020.jpg 1024w, https:\/\/windpilot.com\/blog\/wp-content\/uploads\/2021\/04\/A.-Peter-Lions-768x765.jpg 768w, https:\/\/windpilot.com\/blog\/wp-content\/uploads\/2021\/04\/A.-Peter-Lions-1536x1531.jpg 1536w, https:\/\/windpilot.com\/blog\/wp-content\/uploads\/2021\/04\/A.-Peter-Lions.jpg 1700w\" sizes=\"auto, (max-width: 150px) 100vw, 150px\" \/><\/p>\n","protected":false},"excerpt":{"rendered":"<p>SEEGRAS &#8211; TREIBGUT \u2013 WASSERBALKEN Wasser hat keine Balken, das Gegenteil scheint bewiesen, denn wenn Schiffe urpl\u00f6tzlich an Fahrt verlieren, werden sie meist von unten festgehalten. Treibgut, Fischerleinen, ganze Netze in Fetzen, die durch Auftriebsk\u00f6rper nach oben streben, von Abfall &hellip; <a href=\"https:\/\/windpilot.com\/blog\/schiffe\/oyster-daemmerung\/achillesfersen\/\">Weiterlesen <span class=\"meta-nav\">&rarr;<\/span><\/a><\/p>\n","protected":false},"author":1,"featured_media":0,"parent":11710,"menu_order":2,"comment_status":"open","ping_status":"closed","template":"","meta":{"footnotes":""},"class_list":["post-24840","page","type-page","status-publish","hentry"],"_links":{"self":[{"href":"https:\/\/windpilot.com\/blog\/wp-json\/wp\/v2\/pages\/24840","targetHints":{"allow":["GET"]}}],"collection":[{"href":"https:\/\/windpilot.com\/blog\/wp-json\/wp\/v2\/pages"}],"about":[{"href":"https:\/\/windpilot.com\/blog\/wp-json\/wp\/v2\/types\/page"}],"author":[{"embeddable":true,"href":"https:\/\/windpilot.com\/blog\/wp-json\/wp\/v2\/users\/1"}],"replies":[{"embeddable":true,"href":"https:\/\/windpilot.com\/blog\/wp-json\/wp\/v2\/comments?post=24840"}],"version-history":[{"count":22,"href":"https:\/\/windpilot.com\/blog\/wp-json\/wp\/v2\/pages\/24840\/revisions"}],"predecessor-version":[{"id":25171,"href":"https:\/\/windpilot.com\/blog\/wp-json\/wp\/v2\/pages\/24840\/revisions\/25171"}],"up":[{"embeddable":true,"href":"https:\/\/windpilot.com\/blog\/wp-json\/wp\/v2\/pages\/11710"}],"wp:attachment":[{"href":"https:\/\/windpilot.com\/blog\/wp-json\/wp\/v2\/media?parent=24840"}],"curies":[{"name":"wp","href":"https:\/\/api.w.org\/{rel}","templated":true}]}}