{"id":25269,"date":"2021-07-25T08:29:12","date_gmt":"2021-07-25T15:29:12","guid":{"rendered":"https:\/\/windpilot.com\/blog\/?page_id=25269"},"modified":"2021-07-25T08:47:21","modified_gmt":"2021-07-25T15:47:21","slug":"chris-bertish-transpac","status":"publish","type":"page","link":"https:\/\/windpilot.com\/blog\/deutsch-yacht-delius-klasing\/chris-bertish-transpac\/","title":{"rendered":"Chris Bertish"},"content":{"rendered":"<p><strong>TRANSPACIFIC UNTER FL\u00dcGELN &#8211; EIN ECHTES ABENTEUER<\/strong><br \/>\n<img loading=\"lazy\" decoding=\"async\" src=\"https:\/\/windpilot.com\/blog\/wp-content\/uploads\/2021\/07\/IMG-7419.jpg\" alt=\"\" width=\"1087\" height=\"770\" class=\"aligncenter size-full wp-image-25266\" srcset=\"https:\/\/windpilot.com\/blog\/wp-content\/uploads\/2021\/07\/IMG-7419.jpg 1087w, https:\/\/windpilot.com\/blog\/wp-content\/uploads\/2021\/07\/IMG-7419-300x213.jpg 300w, https:\/\/windpilot.com\/blog\/wp-content\/uploads\/2021\/07\/IMG-7419-1024x725.jpg 1024w, https:\/\/windpilot.com\/blog\/wp-content\/uploads\/2021\/07\/IMG-7419-768x544.jpg 768w\" sizes=\"auto, (max-width: 1087px) 100vw, 1087px\" \/>Kaum h\u00e4tte ich vor 46 Jahren geglaubt, mit welch abenteuerlichen Schiffen, Nussschalen oder besegelten Baumst\u00e4mmen der Mensch einen Ozean bezwingen kann. Ihnen allen gemeinsam: sie kommen zu mir, um Steuerfreiheit zu erhalten. R\u00fcdiger Nehberg hat den Atlantik zweimal bezwungen, ein Tretboot und ein Baumstamm waren seine Vehikel<\/p>\n<blockquote class=\"wp-embedded-content\" data-secret=\"uXxOM8xORC\"><p><a href=\"https:\/\/windpilot.com\/blog\/deutsch-yacht-delius-klasing\/ruediger-nehberg\/\">R\u00fcdiger Nehberg<\/a><\/p><\/blockquote>\n<p><iframe loading=\"lazy\" class=\"wp-embedded-content\" sandbox=\"allow-scripts\" security=\"restricted\" style=\"position: absolute; clip: rect(1px, 1px, 1px, 1px);\" title=\"&#8222;R\u00fcdiger Nehberg&#8220; &#8212; Windpilot Blog\" src=\"https:\/\/windpilot.com\/blog\/deutsch-yacht-delius-klasing\/ruediger-nehberg\/embed\/#?secret=5zfZgsteS4#?secret=uXxOM8xORC\" data-secret=\"uXxOM8xORC\" width=\"600\" height=\"338\" frameborder=\"0\" marginwidth=\"0\" marginheight=\"0\" scrolling=\"no\"><\/iframe><br \/>\n<img loading=\"lazy\" decoding=\"async\" src=\"https:\/\/windpilot.com\/blog\/wp-content\/uploads\/2021\/07\/IMG-7418.jpg\" alt=\"\" width=\"2371\" height=\"1581\" class=\"aligncenter size-full wp-image-25273\" srcset=\"https:\/\/windpilot.com\/blog\/wp-content\/uploads\/2021\/07\/IMG-7418.jpg 2371w, https:\/\/windpilot.com\/blog\/wp-content\/uploads\/2021\/07\/IMG-7418-300x200.jpg 300w, https:\/\/windpilot.com\/blog\/wp-content\/uploads\/2021\/07\/IMG-7418-1024x683.jpg 1024w, https:\/\/windpilot.com\/blog\/wp-content\/uploads\/2021\/07\/IMG-7418-768x512.jpg 768w, https:\/\/windpilot.com\/blog\/wp-content\/uploads\/2021\/07\/IMG-7418-1536x1024.jpg 1536w, https:\/\/windpilot.com\/blog\/wp-content\/uploads\/2021\/07\/IMG-7418-2048x1366.jpg 2048w\" sizes=\"auto, (max-width: 2371px) 100vw, 2371px\" \/>K\u00fcrzlich erreicht mich aus San Francisko einen Hilferuf von Chris Bertish, einem Extrem Surfer, der versuchen will, den Pacific mit einem <a href=\"https:\/\/chrisbertish.com\/project\/transpac-wing\/\">Wingsail Boot zu bezwingen<\/a>, das als OCEAN ROWING BOAT entworfen wurde und bereits den Atlantik \u00fcberquerte. Nun liegt das Boot in Kalifornien und wird f\u00fcr das neue Abenteuer vorbereitet. Eine Symbiose eines Schubstangen Autopilots und einer Pacific Light soll daf\u00fcr sorgen, dass Chris beide H\u00e4nde f\u00fcr sein Segel zur Verf\u00fcgung hat &#8230; Ob das gelingen kann &#8230; wirft die Frage auf, ob eine vergleichsweis gleichm\u00e4ssige Speed unter Segeln m\u00f6glich wird, womit beide Steueroptionen gen\u00fcgend Arbeit bekommen werden.<br \/>\n<img loading=\"lazy\" decoding=\"async\" src=\"https:\/\/windpilot.com\/blog\/wp-content\/uploads\/2021\/07\/IMG_7907.jpg\" alt=\"\" width=\"2048\" height=\"1536\" class=\"aligncenter size-full wp-image-25274\" srcset=\"https:\/\/windpilot.com\/blog\/wp-content\/uploads\/2021\/07\/IMG_7907.jpg 2048w, https:\/\/windpilot.com\/blog\/wp-content\/uploads\/2021\/07\/IMG_7907-300x225.jpg 300w, https:\/\/windpilot.com\/blog\/wp-content\/uploads\/2021\/07\/IMG_7907-1024x768.jpg 1024w, https:\/\/windpilot.com\/blog\/wp-content\/uploads\/2021\/07\/IMG_7907-768x576.jpg 768w, https:\/\/windpilot.com\/blog\/wp-content\/uploads\/2021\/07\/IMG_7907-1536x1152.jpg 1536w\" sizes=\"auto, (max-width: 2048px) 100vw, 2048px\" \/>Derzeit optimieren wir die Arbeitsbedingungen an Bord, damit die Heckverzierung nicht vom Watt-and-Sea Generator Ohrfeigen bekommen kann und eine solide Pinnensteuerung f\u00fcr beide Steuerleute ( AP und WP ) in erreichbarer N\u00e4he des Abenteurers zur Verf\u00fcgung steht. <a href=\"https:\/\/chrisbertish.com\">WEITERLESEN<\/a><\/p>\n","protected":false},"excerpt":{"rendered":"<p>TRANSPACIFIC UNTER FL\u00dcGELN &#8211; EIN ECHTES ABENTEUER Kaum h\u00e4tte ich vor 46 Jahren geglaubt, mit welch abenteuerlichen Schiffen, Nussschalen oder besegelten Baumst\u00e4mmen der Mensch einen Ozean bezwingen kann. Ihnen allen gemeinsam: sie kommen zu mir, um Steuerfreiheit zu erhalten. R\u00fcdiger &hellip; <a href=\"https:\/\/windpilot.com\/blog\/deutsch-yacht-delius-klasing\/chris-bertish-transpac\/\">Weiterlesen <span class=\"meta-nav\">&rarr;<\/span><\/a><\/p>\n","protected":false},"author":1,"featured_media":0,"parent":9971,"menu_order":-14,"comment_status":"open","ping_status":"closed","template":"","meta":{"footnotes":""},"class_list":["post-25269","page","type-page","status-publish","hentry"],"_links":{"self":[{"href":"https:\/\/windpilot.com\/blog\/wp-json\/wp\/v2\/pages\/25269","targetHints":{"allow":["GET"]}}],"collection":[{"href":"https:\/\/windpilot.com\/blog\/wp-json\/wp\/v2\/pages"}],"about":[{"href":"https:\/\/windpilot.com\/blog\/wp-json\/wp\/v2\/types\/page"}],"author":[{"embeddable":true,"href":"https:\/\/windpilot.com\/blog\/wp-json\/wp\/v2\/users\/1"}],"replies":[{"embeddable":true,"href":"https:\/\/windpilot.com\/blog\/wp-json\/wp\/v2\/comments?post=25269"}],"version-history":[{"count":5,"href":"https:\/\/windpilot.com\/blog\/wp-json\/wp\/v2\/pages\/25269\/revisions"}],"predecessor-version":[{"id":25277,"href":"https:\/\/windpilot.com\/blog\/wp-json\/wp\/v2\/pages\/25269\/revisions\/25277"}],"up":[{"embeddable":true,"href":"https:\/\/windpilot.com\/blog\/wp-json\/wp\/v2\/pages\/9971"}],"wp:attachment":[{"href":"https:\/\/windpilot.com\/blog\/wp-json\/wp\/v2\/media?parent=25269"}],"curies":[{"name":"wp","href":"https:\/\/api.w.org\/{rel}","templated":true}]}}