{"id":25384,"date":"2021-08-18T08:18:06","date_gmt":"2021-08-18T15:18:06","guid":{"rendered":"https:\/\/windpilot.com\/blog\/?page_id=25384"},"modified":"2022-08-14T09:13:12","modified_gmt":"2022-08-14T16:13:12","slug":"sv-atanga-sabine-joachim-willner-ger","status":"publish","type":"page","link":"https:\/\/windpilot.com\/blog\/morphy-blitz\/sv-atanga-sabine-joachim-willner-ger\/","title":{"rendered":"SV Atanga"},"content":{"rendered":"<p><strong>PAPEETE &#8211; HAMBURG &#8211; NICHT GERADE UM DIE ECKE<\/strong><br \/>\n<img loading=\"lazy\" decoding=\"async\" src=\"https:\/\/windpilot.com\/blog\/wp-content\/uploads\/2021\/08\/IMG_8089D.jpeg\" alt=\"\" width=\"1280\" height=\"960\" class=\"aligncenter size-full wp-image-25385\" srcset=\"https:\/\/windpilot.com\/blog\/wp-content\/uploads\/2021\/08\/IMG_8089D.jpeg 1280w, https:\/\/windpilot.com\/blog\/wp-content\/uploads\/2021\/08\/IMG_8089D-300x225.jpeg 300w, https:\/\/windpilot.com\/blog\/wp-content\/uploads\/2021\/08\/IMG_8089D-1024x768.jpeg 1024w, https:\/\/windpilot.com\/blog\/wp-content\/uploads\/2021\/08\/IMG_8089D-768x576.jpeg 768w\" sizes=\"auto, (max-width: 1280px) 100vw, 1280px\" \/>Wir haben uns daran gew\u00f6hnt, unsere Heckverzierungen nach dem Verpacken, zum Airport zu karren, dort einen Schnack mit dem Luftfrachtagentenbodenpersonal zu machen, vielleicht einen Kaffee oder eine Bockwurst zu geniessen, zumindest einen Bonbon zu lutschen, um hernach erleichtern und bestens gelaunt wieder in die Fabrik zu flitzen, einem Arbeitsplatz, der aus den N\u00e4hten platzt, weil wir dort leben, arbeiten und sonst wie dumme Sachen zu machen haben. Alle anderen Lieferboxen werden von Marko in seinem braunen Elektrolaster abgeholt, der beim R\u00fcckw\u00e4rts Man\u00f6ver kr\u00e4ftig piepst, um Eichh\u00f6rnchen, alternativ \u00e4ltere Damen oder Herren kr\u00e4ftig zu erschrecken, anstatt sie nahezu ger\u00e4uschlos zu \u00fcberfahren.<br \/>\n<img loading=\"lazy\" decoding=\"async\" src=\"https:\/\/windpilot.com\/blog\/wp-content\/uploads\/2021\/08\/IMG_7197D.jpg\" alt=\"\" width=\"960\" height=\"1280\" class=\"aligncenter size-full wp-image-25397\" srcset=\"https:\/\/windpilot.com\/blog\/wp-content\/uploads\/2021\/08\/IMG_7197D.jpg 960w, https:\/\/windpilot.com\/blog\/wp-content\/uploads\/2021\/08\/IMG_7197D-225x300.jpg 225w, https:\/\/windpilot.com\/blog\/wp-content\/uploads\/2021\/08\/IMG_7197D-768x1024.jpg 768w\" sizes=\"auto, (max-width: 960px) 100vw, 960px\" \/>Sabine\u00b4s Besuch vom heutigen Tage war dagegen eine eingespielte und ge\u00f6lte konzertierte Aktion, mehrstufig organisiert und bis auf 86,5  Zentimeter pr\u00e4zise definiert, das Ma\u00df eines veritablen Rollkoffers, in dem man vermutlich auch kleine Menschen h\u00e4tte verstecken k\u00f6nnen. Die Geschichte ging so:<\/p>\n<p>Sabine war in Papeete kaum in der Luft, da begann ein reger Mailverkehr mit Joachim, der &#8211; als Wachhund? &#8211; an Bord geblieben, jedenfalls ganz pl\u00f6tzlich \u00fcber ein Zeitkonto verf\u00fcgen konnte oder durfte, was er auszunutzen gedachte. Es handelte sich &#8211;  wie h\u00e4tte ich das raten sollen? &#8211; um Atanga\u00b4s Heckverzierung, die der Skipper f\u00fcr die geplante kommende Reise nach NZ vorbereiten wollte, ob als Sabine\u00b4s Auftragsarbeit oder so ganz aus freien St\u00fccken, alternativ vielleicht aus purer Langeweile, soll hier nicht n\u00e4her untersucht werden. Jedenfalls galt es, &#8222;Hertha&#8220; aus dem Jahre ca 1998 komplett zu zerlegen, d.h. nein, nur zur H\u00e4lfte, denn wir hatten vor 6 Jahren schon mal einen Beinbruch in der Karibik zu verarzten \u2026 also war nur das Pendelrudersystem nachzuholen, das seit 23 Jahren vermutlich noch nie demontiert gewesen ist, mit Folgen, die uns im Verlauf von 23 Mails ( kein Aprilscherz!) besch\u00e4ftigen sollten. Ich bin bekanntlich sowohl schmerzfrei als auch stoisch, und Joachim erwies sich als wundervoll fernbedienbar, zumal bei Zoom ja immer noch keine H\u00e4nde angebaut, man ohnehin alle Schritte sorgsam und akkurat erkl\u00e4ren muss. Zudem hat Joachim sich  artig f\u00fcr eine jede Mail bedankt \u2026 eine Besonderheit, die lebenserfahrenen Menschen im Blute ist &#8211; also Folge guter Erziehung ist! &#8211; wohingegen dies bei anderen Alterngruppen nicht immer mit den Genen weitergegeben scheint, oder bei der Erziehung in die Hose gegangen ist. Jedenfalls habe ich  am Ende mein Flugticket nach Papeete storniert, weil es f\u00fcr mich an Bord der Atanga ja nix mehr zu tun gegeben h\u00e4tte \u2013 okay: Scherz!<br \/>\n<img loading=\"lazy\" decoding=\"async\" src=\"https:\/\/windpilot.com\/blog\/wp-content\/uploads\/2021\/08\/Pendel-2-rotated.jpg\" alt=\"\" width=\"1000\" height=\"563\" class=\"aligncenter size-full wp-image-25387\" srcset=\"https:\/\/windpilot.com\/blog\/wp-content\/uploads\/2021\/08\/Pendel-2-rotated.jpg 1000w, https:\/\/windpilot.com\/blog\/wp-content\/uploads\/2021\/08\/Pendel-2-300x169.jpg 300w, https:\/\/windpilot.com\/blog\/wp-content\/uploads\/2021\/08\/Pendel-2-768x432.jpg 768w\" sizes=\"auto, (max-width: 1000px) 100vw, 1000px\" \/>Also Rollkoffer, von der S-Bahn die Strasse l\u00e4ngs \u2026 man konnte Sabine schon h\u00f6ren, bevor die Klingel ging. Schnacken tut nicht weh\u00b4 das funzt von ganz alleine, vor allem, wenn die Chemie und Wellenl\u00e4nge stimmt, sodann keinerlei Zwang uns hemmt, immerhin hat Sabine ja in ihrem Vorleben hier um die Ecke gewohnt. Jedenfalls war ich kurz vor Sabine\u00b4s Ankunft gerade fertig geworden, hatte Joachim noch mit dem Foto seines gew\u00fcnschten Lieferumfangs konfrontiert, ihn gefragt: \u201esonst noch W\u00fcnsche der Herr?\u201c \u2026 und habe  hernach nur noch auf das Klack-Klack des Rollkoffers gewartet, der \u00fcberp\u00fcnktlich \u2013 d.h. sogar 1 Std verfr\u00fcht \u2013 samt seiner Zug Dame \u2026 um die Ecke gekommen ist.<br \/>\n<img loading=\"lazy\" decoding=\"async\" src=\"https:\/\/windpilot.com\/blog\/wp-content\/uploads\/2021\/08\/IMG_8084.jpeg\" alt=\"\" width=\"640\" height=\"480\" class=\"aligncenter size-full wp-image-25388\" srcset=\"https:\/\/windpilot.com\/blog\/wp-content\/uploads\/2021\/08\/IMG_8084.jpeg 640w, https:\/\/windpilot.com\/blog\/wp-content\/uploads\/2021\/08\/IMG_8084-300x225.jpeg 300w\" sizes=\"auto, (max-width: 640px) 100vw, 640px\" \/>Ja, wir hatten Spass, denn der Austausch mit Seglern geh\u00f6rt zu meinen besonderen Vergn\u00fcgen, was mich immer weiter machen l\u00e4sst, trotz knackender Knie, oder anderer Imponderabilien, die auch mit List und T\u00fccke nicht zu \u00fcberwinden \u2026 allerdings durch Humor schon mal in den Hintergrund zu schieben sind. 59 Jahre k\u00f6rperlicher Arbeit gehen an keinem Knochenger\u00fcst vorbei, das allerdings immerhin noch fabelhaft zusammen h\u00e4ngt, sogar ger\u00e4uschlos funktioniert, ohne dass in der Schaltzentrale der FI-Schalter den Geist aufgibt \u2026 oder dem ganzen Kerl gar die Sprache versagt \u2026 denn die versagt &#8211; wie ich doch schwer hoffe &#8211; nie. Die Sprechluke samt Steuerung funzt ganz wie am ersten Tag \u2026 nein besser, denn Wortwahl und Sprachakrobatik haben altersgem\u00e4ssen Feinschliff erhalten, der Konjunktiv wurde zum Notausgang umfunktioniert, damit Juristen nicht hier oder dort die Federn spitzen und meine kleinen oder grossen Geschichten keinen Interruptus erleiden. <\/p>\n<p>Sabine jedenfalls wurde von einem Kavalier namens Peter, samt Rollkoffer, zum Hauptbahnhof gefahren &#8230; wo wir uns unter Tr\u00e4nen verabschiedet haben &#8230; logisch nicht!<\/p>\n<p>Es war mir eine Ehre!<br \/>\nHamburg 18.08.2021<br \/>\nPeter Foerthmann<\/p>\n<blockquote class=\"wp-embedded-content\" data-secret=\"swsAqL2tpN\"><p><a href=\"https:\/\/windpilot.com\/blog\/blog\/blogs\/sv-atanga-ulla-joers-joachim-willner-ger\/\">SV Atanga &#8211; Sabine + Joachim Willner GER<\/a><\/p><\/blockquote>\n<p><iframe loading=\"lazy\" class=\"wp-embedded-content\" sandbox=\"allow-scripts\" security=\"restricted\" style=\"position: absolute; clip: rect(1px, 1px, 1px, 1px);\" title=\"&#8222;SV Atanga &#8211; Sabine + Joachim Willner GER&#8220; &#8212; Windpilot Blog\" src=\"https:\/\/windpilot.com\/blog\/blog\/blogs\/sv-atanga-ulla-joers-joachim-willner-ger\/embed\/#?secret=BaccL8npza#?secret=swsAqL2tpN\" data-secret=\"swsAqL2tpN\" width=\"600\" height=\"338\" frameborder=\"0\" marginwidth=\"0\" marginheight=\"0\" scrolling=\"no\"><\/iframe><\/p>\n","protected":false},"excerpt":{"rendered":"<p>PAPEETE &#8211; HAMBURG &#8211; NICHT GERADE UM DIE ECKE Wir haben uns daran gew\u00f6hnt, unsere Heckverzierungen nach dem Verpacken, zum Airport zu karren, dort einen Schnack mit dem Luftfrachtagentenbodenpersonal zu machen, vielleicht einen Kaffee oder eine Bockwurst zu geniessen, zumindest &hellip; <a href=\"https:\/\/windpilot.com\/blog\/morphy-blitz\/sv-atanga-sabine-joachim-willner-ger\/\">Weiterlesen <span class=\"meta-nav\">&rarr;<\/span><\/a><\/p>\n","protected":false},"author":1,"featured_media":0,"parent":10453,"menu_order":-16,"comment_status":"open","ping_status":"closed","template":"","meta":{"footnotes":""},"class_list":["post-25384","page","type-page","status-publish","hentry"],"_links":{"self":[{"href":"https:\/\/windpilot.com\/blog\/wp-json\/wp\/v2\/pages\/25384","targetHints":{"allow":["GET"]}}],"collection":[{"href":"https:\/\/windpilot.com\/blog\/wp-json\/wp\/v2\/pages"}],"about":[{"href":"https:\/\/windpilot.com\/blog\/wp-json\/wp\/v2\/types\/page"}],"author":[{"embeddable":true,"href":"https:\/\/windpilot.com\/blog\/wp-json\/wp\/v2\/users\/1"}],"replies":[{"embeddable":true,"href":"https:\/\/windpilot.com\/blog\/wp-json\/wp\/v2\/comments?post=25384"}],"version-history":[{"count":10,"href":"https:\/\/windpilot.com\/blog\/wp-json\/wp\/v2\/pages\/25384\/revisions"}],"predecessor-version":[{"id":27247,"href":"https:\/\/windpilot.com\/blog\/wp-json\/wp\/v2\/pages\/25384\/revisions\/27247"}],"up":[{"embeddable":true,"href":"https:\/\/windpilot.com\/blog\/wp-json\/wp\/v2\/pages\/10453"}],"wp:attachment":[{"href":"https:\/\/windpilot.com\/blog\/wp-json\/wp\/v2\/media?parent=25384"}],"curies":[{"name":"wp","href":"https:\/\/api.w.org\/{rel}","templated":true}]}}