{"id":25498,"date":"2021-09-08T01:14:12","date_gmt":"2021-09-08T08:14:12","guid":{"rendered":"https:\/\/windpilot.com\/blog\/?page_id=25498"},"modified":"2022-08-14T09:00:03","modified_gmt":"2022-08-14T16:00:03","slug":"tom-cunliffe","status":"publish","type":"page","link":"https:\/\/windpilot.com\/blog\/deutsch-yacht-delius-klasing\/tom-cunliffe\/","title":{"rendered":"Tom Cunliffe"},"content":{"rendered":"<p><strong>TOM CUNLIFFE &#8211; A SAILOR TO THE CORE<\/strong><br \/>\n<img loading=\"lazy\" decoding=\"async\" src=\"https:\/\/windpilot.com\/blog\/wp-content\/uploads\/2021\/09\/tom_cunliffe_kl.jpg\" alt=\"\" width=\"1169\" height=\"850\" class=\"aligncenter size-full wp-image-25499\" srcset=\"https:\/\/windpilot.com\/blog\/wp-content\/uploads\/2021\/09\/tom_cunliffe_kl.jpg 1169w, https:\/\/windpilot.com\/blog\/wp-content\/uploads\/2021\/09\/tom_cunliffe_kl-300x218.jpg 300w, https:\/\/windpilot.com\/blog\/wp-content\/uploads\/2021\/09\/tom_cunliffe_kl-1024x745.jpg 1024w, https:\/\/windpilot.com\/blog\/wp-content\/uploads\/2021\/09\/tom_cunliffe_kl-768x558.jpg 768w\" sizes=\"auto, (max-width: 1169px) 100vw, 1169px\" \/>Manchmal bin ich von meinem eigenen Blog erstaunt! Heute zum Beispiel habe ich das neueste Video von Tom im Netz entdeckt, in dem er wundervoll eing\u00e4ngig &#8211; und in d\u00e4nischen Gew\u00e4ssern segelnd! &#8211; erkl\u00e4rt, wie sch\u00f6n ein horizontal gerefftes Grosssegel funktioniert, wenn man nur das &#8222;richtige&#8220; System montiert und damit &#8222;sensibel&#8220; umzugehen bereit und in der Lage ist.<br \/>\n<iframe loading=\"lazy\" width=\"560\" height=\"315\" src=\"https:\/\/www.youtube.com\/embed\/JW_HM0CdM7I\" title=\"YouTube video player\" frameborder=\"0\" allow=\"accelerometer; autoplay; clipboard-write; encrypted-media; gyroscope; picture-in-picture\" allowfullscreen><\/iframe><br \/>\nUnd da fallen mir, ganz wie die Perlen einer Kette, die alten Geschichten ein: Sind wir damals nicht alle mit einem sog. Volksreffer umgegangen, bei dem, mit Schneckentrieb oder in der 1:1 \u00dcbersetzung das Grosssegel um den Baum aufgewickelt, wo es mehr oder weniger voller Falten, sodann mit leicht verschlechtertem Segelstand seinen Dienst nur unvollkommen hat leisten k\u00f6nnen? Immerhin: Reffen ging flott, der schlechte Segeltrimm wurde &#8222;hingenommen&#8220; &#8230; still oder weniger still akzeptiert. Dies System wurde vor ca 40 Jahren in Frankreich optimiert. Ich erinnere Vater und Sohn Lei, deren &#8222;Leisysteme&#8220; Vor- und Grosssegel aufgerollt, wobei letzteren in eine keilf\u00f6rmig hinter dem Mast gef\u00fchrten zweite G\u00f6hl eingef\u00fchrt werden musste. Dies System wurde in den USA unter der Marke Forespar als Leisure furl optmiert und seither auf ca 4.000 Schiffen jeder Gr\u00f6sse eingesetzt. Johnh Kretschmer erkl\u00e4rt das System auf folgendem Video:<br \/>\n<iframe loading=\"lazy\" width=\"560\" height=\"315\" src=\"https:\/\/www.youtube.com\/embed\/o0Jm6SojsVA\" title=\"YouTube video player\" frameborder=\"0\" allow=\"accelerometer; autoplay; clipboard-write; encrypted-media; gyroscope; picture-in-picture\" allowfullscreen><\/iframe><br \/>\nDer Kreis schliesst sich, wenn man erfaehrt, dass Tom Cunliffe\u00b4s Constance,<br \/>\neine Mason 44 in Florida erworben, mit exakt diesem Leisure furl System ausger\u00fcstet ist.<\/p>\n<blockquote class=\"wp-embedded-content\" data-secret=\"sgGCuRJKO4\"><p><a href=\"https:\/\/windpilot.com\/blog\/blog\/youtube\/tom-cunliffe-a-sailor-to-the-core\/\">Tom Cunliffe &#8211; a sailor to the core<\/a><\/p><\/blockquote>\n<p><iframe loading=\"lazy\" class=\"wp-embedded-content\" sandbox=\"allow-scripts\" security=\"restricted\" style=\"position: absolute; clip: rect(1px, 1px, 1px, 1px);\" title=\"&#8222;Tom Cunliffe &#8211; a sailor to the core&#8220; &#8212; Windpilot Blog\" src=\"https:\/\/windpilot.com\/blog\/blog\/youtube\/tom-cunliffe-a-sailor-to-the-core\/embed\/#?secret=gkrGCHw5bN#?secret=sgGCuRJKO4\" data-secret=\"sgGCuRJKO4\" width=\"600\" height=\"338\" frameborder=\"0\" marginwidth=\"0\" marginheight=\"0\" scrolling=\"no\"><\/iframe><\/p>\n","protected":false},"excerpt":{"rendered":"<p>TOM CUNLIFFE &#8211; A SAILOR TO THE CORE Manchmal bin ich von meinem eigenen Blog erstaunt! Heute zum Beispiel habe ich das neueste Video von Tom im Netz entdeckt, in dem er wundervoll eing\u00e4ngig &#8211; und in d\u00e4nischen Gew\u00e4ssern segelnd! &hellip; <a href=\"https:\/\/windpilot.com\/blog\/deutsch-yacht-delius-klasing\/tom-cunliffe\/\">Weiterlesen <span class=\"meta-nav\">&rarr;<\/span><\/a><\/p>\n","protected":false},"author":1,"featured_media":0,"parent":9971,"menu_order":-17,"comment_status":"open","ping_status":"closed","template":"","meta":{"footnotes":""},"class_list":["post-25498","page","type-page","status-publish","hentry"],"_links":{"self":[{"href":"https:\/\/windpilot.com\/blog\/wp-json\/wp\/v2\/pages\/25498","targetHints":{"allow":["GET"]}}],"collection":[{"href":"https:\/\/windpilot.com\/blog\/wp-json\/wp\/v2\/pages"}],"about":[{"href":"https:\/\/windpilot.com\/blog\/wp-json\/wp\/v2\/types\/page"}],"author":[{"embeddable":true,"href":"https:\/\/windpilot.com\/blog\/wp-json\/wp\/v2\/users\/1"}],"replies":[{"embeddable":true,"href":"https:\/\/windpilot.com\/blog\/wp-json\/wp\/v2\/comments?post=25498"}],"version-history":[{"count":4,"href":"https:\/\/windpilot.com\/blog\/wp-json\/wp\/v2\/pages\/25498\/revisions"}],"predecessor-version":[{"id":27243,"href":"https:\/\/windpilot.com\/blog\/wp-json\/wp\/v2\/pages\/25498\/revisions\/27243"}],"up":[{"embeddable":true,"href":"https:\/\/windpilot.com\/blog\/wp-json\/wp\/v2\/pages\/9971"}],"wp:attachment":[{"href":"https:\/\/windpilot.com\/blog\/wp-json\/wp\/v2\/media?parent=25498"}],"curies":[{"name":"wp","href":"https:\/\/api.w.org\/{rel}","templated":true}]}}