{"id":25517,"date":"2021-09-12T04:30:01","date_gmt":"2021-09-12T11:30:01","guid":{"rendered":"https:\/\/windpilot.com\/blog\/?page_id=25517"},"modified":"2021-09-12T09:56:52","modified_gmt":"2021-09-12T16:56:52","slug":"martin-trockels","status":"publish","type":"page","link":"https:\/\/windpilot.com\/blog\/deutsch-yacht-delius-klasing\/martin-trockels\/","title":{"rendered":"Martin Trockels"},"content":{"rendered":"<p><strong>MIT EINEM KOMMENTAR FING ES AN &#8211; ABER DANN GING ES WEITER<\/strong><br \/>\n<img loading=\"lazy\" decoding=\"async\" src=\"https:\/\/windpilot.com\/blog\/wp-content\/uploads\/2021\/09\/Mobo-Collage-klein-Kopie.jpg\" alt=\"\" width=\"1503\" height=\"1075\" class=\"aligncenter size-full wp-image-25521\" srcset=\"https:\/\/windpilot.com\/blog\/wp-content\/uploads\/2021\/09\/Mobo-Collage-klein-Kopie.jpg 1503w, https:\/\/windpilot.com\/blog\/wp-content\/uploads\/2021\/09\/Mobo-Collage-klein-Kopie-300x215.jpg 300w, https:\/\/windpilot.com\/blog\/wp-content\/uploads\/2021\/09\/Mobo-Collage-klein-Kopie-1024x732.jpg 1024w, https:\/\/windpilot.com\/blog\/wp-content\/uploads\/2021\/09\/Mobo-Collage-klein-Kopie-768x549.jpg 768w\" sizes=\"auto, (max-width: 1503px) 100vw, 1503px\" \/>Lieber Herr F\u00f6rthmann, mit viel Sympathie denke ich an unseren Austausch und Ihre Sicht der Dinge zum Thema \u201eMonetarisierung des Segelsports\u201c \u2013 es wird immer schlimmer. Meine Frau ist h\u00e4ufiger digital unterwegs und verfolgt auch gelegentlich Ihren Blog.<\/p>\n<blockquote class=\"wp-embedded-content\" data-secret=\"urKG3xCc3a\"><p><a href=\"https:\/\/windpilot.com\/blog\/columns\/peter-der-markt\/monetarisierung\/\">Monetarisierung<\/a><\/p><\/blockquote>\n<p><iframe loading=\"lazy\" class=\"wp-embedded-content\" sandbox=\"allow-scripts\" security=\"restricted\" style=\"position: absolute; clip: rect(1px, 1px, 1px, 1px);\" title=\"&#8222;Monetarisierung&#8220; &#8212; Windpilot Blog\" src=\"https:\/\/windpilot.com\/blog\/columns\/peter-der-markt\/monetarisierung\/embed\/#?secret=ld4hmuS7C9#?secret=urKG3xCc3a\" data-secret=\"urKG3xCc3a\" width=\"600\" height=\"338\" frameborder=\"0\" marginwidth=\"0\" marginheight=\"0\" scrolling=\"no\"><\/iframe><\/p>\n<p>War bereits die Anfrage der <a href=\"https:\/\/windpilot.com\/blog\/deutsch-yacht-delius-klasing\/sv-blue-horizon\/\">SY Blue Horizon<\/a>, sagen wir mal \u201ekeck\u201c, so entwickelt sich die Geschichte dann erwartungsgem\u00e4\u00df. Sie, lieber Herr F\u00f6rthmann, haben vermutlich die gr\u00f6\u00dften finanziellen Sorgen hinter sich und sicher haben Sie ein gro\u00dfes Herz f\u00fcr Segler. Auch f\u00fcr Segler und Seglerinnen mit eingeschr\u00e4nktem Budget. Auch f\u00fcr Anf\u00e4ngerinnen und Anf\u00e4nger. Viele \u201egro\u00dfe\u201c Segler haben so angefangen, Lehrgeld bezahlt und nun eine eindrucksvolle seglerische Vita. Wenn sich aber dumm zu dreist gesellt, so k\u00f6nnen einem diese Menschen eigentlich nur Leid tun \u2013 nein, auch das nicht. Und diese Tendenzen treten ja nicht nur bei YouTube auf, wir sprachen auch \u00fcber bekanntere Personen, Organisationen und Verlage. Diese Tendenzen mehren sich \u00fcberall.<\/p>\n<p>Hier handelt es sich um ein gesellschaftliches Problem und ich finde es wohltuend, dass Menschen wie Sie aus einer souver\u00e4nen Position heraus eine klare Meinung dazu positionieren.<\/p>\n<p>In die allgemeine Kommunikation im Rahmen der YT Kommentare m\u00f6chte ich mich nicht einbringen, dazu ist mein Leben zu kurz. Mein Vater sagte immer \u201eVersuch nicht einem Doofen zu erkl\u00e4ren, dass er doof ist\u201c \u2013 das hilft mir noch oft.<\/p>\n<p>Ich m\u00f6chte einfach die Gelegenheit nutzen, um mich nach nunmehr einem halben Jahr bei Ihnen zu bedanken. Sie haben mit Ihrem Unternehmen sicher keine \u201eBilligbude\u201c. Wir sind jedoch mit Preis und Leistung zufrieden und uns im Fall der F\u00e4lle Ihrer Hilfe gewi\u00df. Vielleicht wende ich mich auch mal mit Bitten um diesen oder jenen Tip an Sie, mag schon passieren. Ansonsten denke ich, dass es l\u00e4uft, oft hilft auch gucken und denken\u2026.<\/p>\n<p>Ihnen und Ihrer Frau beste Gr\u00fc\u00dfe und do widzenia, bald auch wieder von Bord. Dann, nach dem vergangenen Jahr in D\u00e4nemark, Schweden und Polen, hoffentlich endlich auf Kurs S\u00fcd<\/p>\n<p>Helena und Martin Trockels<\/p>\n<p><strong>DIESER KOMMENTAR HATTE FOLGEN<\/strong><\/p>\n<p><img loading=\"lazy\" decoding=\"async\" src=\"https:\/\/windpilot.com\/blog\/wp-content\/uploads\/2021\/09\/Collage-1-klein.jpg\" alt=\"\" width=\"1524\" height=\"1125\" class=\"aligncenter size-full wp-image-25522\" srcset=\"https:\/\/windpilot.com\/blog\/wp-content\/uploads\/2021\/09\/Collage-1-klein.jpg 1524w, https:\/\/windpilot.com\/blog\/wp-content\/uploads\/2021\/09\/Collage-1-klein-300x221.jpg 300w, https:\/\/windpilot.com\/blog\/wp-content\/uploads\/2021\/09\/Collage-1-klein-1024x756.jpg 1024w, https:\/\/windpilot.com\/blog\/wp-content\/uploads\/2021\/09\/Collage-1-klein-768x567.jpg 768w\" sizes=\"auto, (max-width: 1524px) 100vw, 1524px\" \/><br \/>\nMoin liebe Familie Trockels,<br \/>\nes sind diese Mails und Briefe, die mir die Lust am Weitermachen erhalten, selbst nach bald 50 j\u00e4hriger Arbeit in immer der gleichen Furche &#8230; im Dienst der Segler, denen ich Steuerfreiheit verschaffe, die mir im Gegenzug ihre Referenz erweisen &#8230; eine ausgewogene Balance, die mir Atemluft garantiert! Mein herzliches Dankesch\u00f6n! <\/p>\n<p>Ich mache hier einfach immer weiter, obwohl bald 74, aber es hat sich hier noch keine sinnvolle Perspektive ergeben, bzw. L\u00f6sung einer Nachfolge \/ \u00dcbernahme oder anderweitiger Wege &#8230; <\/p>\n<p>Warum ich also weitermache? Das Leben ist bunt, aufregend, kraftzehrend und teuer &#8230; und wenn derartige Ans\u00e4tze dann auch einen verantwortungsvollen Mann treffen, der die Niederlagen seines Lebens an jeder Lebenskasse zu bezahlen pflegt &#8230; dauert die Berufst\u00e4tigkeit eben ein wenig l\u00e4nger. Ich beschwere mich hier NICHT!<\/p>\n<p>Mein Leben und mein Weg hat sich gelohnt: alles nachzulesen:<\/p>\n<blockquote class=\"wp-embedded-content\" data-secret=\"3sLa7guA4v\"><p><a href=\"https:\/\/windpilot.com\/blog\/biography\/4-beine-in-2-laendern\/\">4 Beine in 2 L\u00e4ndern<\/a><\/p><\/blockquote>\n<p><iframe loading=\"lazy\" class=\"wp-embedded-content\" sandbox=\"allow-scripts\" security=\"restricted\" style=\"position: absolute; clip: rect(1px, 1px, 1px, 1px);\" title=\"&#8222;4 Beine in 2 L\u00e4ndern&#8220; &#8212; Windpilot Blog\" src=\"https:\/\/windpilot.com\/blog\/biography\/4-beine-in-2-laendern\/embed\/#?secret=FT8IVVaRHX#?secret=3sLa7guA4v\" data-secret=\"3sLa7guA4v\" width=\"600\" height=\"338\" frameborder=\"0\" marginwidth=\"0\" marginheight=\"0\" scrolling=\"no\"><\/iframe><\/p>\n<blockquote class=\"wp-embedded-content\" data-secret=\"AlZkUpFbS5\"><p><a href=\"https:\/\/windpilot.com\/blog\/biography\/hauptgewinn\/\">Hauptgewinn<\/a><\/p><\/blockquote>\n<p><iframe loading=\"lazy\" class=\"wp-embedded-content\" sandbox=\"allow-scripts\" security=\"restricted\" style=\"position: absolute; clip: rect(1px, 1px, 1px, 1px);\" title=\"&#8222;Hauptgewinn&#8220; &#8212; Windpilot Blog\" src=\"https:\/\/windpilot.com\/blog\/biography\/hauptgewinn\/embed\/#?secret=8uJfvxNsPN#?secret=AlZkUpFbS5\" data-secret=\"AlZkUpFbS5\" width=\"600\" height=\"338\" frameborder=\"0\" marginwidth=\"0\" marginheight=\"0\" scrolling=\"no\"><\/iframe><\/p>\n<p>Corona hat uns nicht aufgefressen &#8230; hat mir ein wenig Zeit beschert, die ich wundervoll umgesetzt habe:<\/p>\n<blockquote class=\"wp-embedded-content\" data-secret=\"0e9IQDRxbU\"><p><a href=\"https:\/\/windpilot.com\/blog\/windpilot-books-2\/peter-foerthmann-autor\/\">Peter Foerthmann<\/a><\/p><\/blockquote>\n<p><iframe loading=\"lazy\" class=\"wp-embedded-content\" sandbox=\"allow-scripts\" security=\"restricted\" style=\"position: absolute; clip: rect(1px, 1px, 1px, 1px);\" title=\"&#8222;Peter Foerthmann&#8220; &#8212; Windpilot Blog\" src=\"https:\/\/windpilot.com\/blog\/windpilot-books-2\/peter-foerthmann-autor\/embed\/#?secret=EAWejl4VoW#?secret=0e9IQDRxbU\" data-secret=\"0e9IQDRxbU\" width=\"600\" height=\"338\" frameborder=\"0\" marginwidth=\"0\" marginheight=\"0\" scrolling=\"no\"><\/iframe><\/p>\n<p>Bei allem Verst\u00e4ndnis f\u00fcr das Bestreben eine Mannes in Ihrer beruflichen Position, w\u00fcrde es mir dennoch enorm gefallen &#8211; besser: es juckt mich in den Fingern! &#8211; ihren bezaubernden Brief als Kommentar, ggf. nur als Martin T. anonymisiert auch anderen Bloglesern zur Lekt\u00fcre vorzulegen &#8230; denn mein Medium richtet sich an eine zunehmende gewaltige Fraktion von Seglern, die vom Mainstream unbeeindruckt &#8230; ihre besonderen Sicht- und Vorgehendweisen im Netz &#8230; gefunden haben und dem folgen. Wenn dar\u00fcber mein Blog nun f\u00fcr einige Medien ungeliebt geworden scheint \u2026 bitte sehr, dann haette sich die Arbeit ja wunderbar gelohnt !<\/p>\n<p>Allerbest aus dem Norden<br \/>\nPeter Foerthmann<br \/>\nMarzena Wiska &#8230;. meiner bezaubernden femininen Regierungszentrale<\/p>\n<p><img loading=\"lazy\" decoding=\"async\" src=\"https:\/\/windpilot.com\/blog\/wp-content\/uploads\/2021\/09\/Collage-2-klein.jpg\" alt=\"\" width=\"1468\" height=\"1013\" class=\"aligncenter size-full wp-image-25523\" srcset=\"https:\/\/windpilot.com\/blog\/wp-content\/uploads\/2021\/09\/Collage-2-klein.jpg 1468w, https:\/\/windpilot.com\/blog\/wp-content\/uploads\/2021\/09\/Collage-2-klein-300x207.jpg 300w, https:\/\/windpilot.com\/blog\/wp-content\/uploads\/2021\/09\/Collage-2-klein-1024x707.jpg 1024w, https:\/\/windpilot.com\/blog\/wp-content\/uploads\/2021\/09\/Collage-2-klein-768x530.jpg 768w\" sizes=\"auto, (max-width: 1468px) 100vw, 1468px\" \/><br \/>\nAch herrjemine, guter Herr F\u00f6rthmann, jetzt kommen wir doch ganz vom<br \/>\nThema ab &#8230; Habe ich allerdings bereits vermutet, dass Windpilot sicher nicht DAS gro\u00dfe Lebenswerk des Herrn F\u00f6rthmann ist, so wird es nun doch schon fast philosophisch. Nebenbei bewundere ich Ihr schriftstellerisches Talent, hier sozusagen von Kollegen zu Kollegen. Und Blogger sind sie auch noch &#8211; ein Teufelskerl wie eine Freundin stets sagte.<\/p>\n<p>Ich bin n\u00e4mlich auch Schriftsteller, nur bleiben meine Werke<br \/>\nunver\u00f6ffentlicht. Ich mache nie Fotos, h\u00f6chstens mal von der Pacific<br \/>\nPlus wenn ich\u2018s nicht gebastelt kriege&#8230;, aber sonst nie. Meine Frau<br \/>\nhingegen macht gern Fotos, plant gar einen Blog unserer Reise. Sch\u00f6n!<br \/>\nNur habe ich fr\u00fch erkannt, dass meine Werke meine Mitmenschen kaum<br \/>\ninteressieren, erst recht keine Mark einspielen. Ich schreibe nur f\u00fcr<br \/>\nmich, bzw. uns und ich genie\u00dfe es, am Abend beim Wein \u00fcber das Erlebte<br \/>\nzu sinnieren. Wie praktisch, dass ich nie die Aufmerksamkeit suchte,<br \/>\nschon gar nicht Ruhm und Reichtum. Aber Helena gef\u00e4llt\u2018s \ud83d\ude42<\/p>\n<p><img loading=\"lazy\" decoding=\"async\" src=\"https:\/\/windpilot.com\/blog\/wp-content\/uploads\/2021\/09\/Ankunft-WU-scaled.jpg\" alt=\"\" width=\"2560\" height=\"1818\" class=\"aligncenter size-full wp-image-25526\" srcset=\"https:\/\/windpilot.com\/blog\/wp-content\/uploads\/2021\/09\/Ankunft-WU-scaled.jpg 2560w, https:\/\/windpilot.com\/blog\/wp-content\/uploads\/2021\/09\/Ankunft-WU-300x213.jpg 300w, https:\/\/windpilot.com\/blog\/wp-content\/uploads\/2021\/09\/Ankunft-WU-1024x727.jpg 1024w, https:\/\/windpilot.com\/blog\/wp-content\/uploads\/2021\/09\/Ankunft-WU-768x545.jpg 768w, https:\/\/windpilot.com\/blog\/wp-content\/uploads\/2021\/09\/Ankunft-WU-1536x1091.jpg 1536w, https:\/\/windpilot.com\/blog\/wp-content\/uploads\/2021\/09\/Ankunft-WU-2048x1454.jpg 2048w\" sizes=\"auto, (max-width: 2560px) 100vw, 2560px\" \/>Nun las ich <strong><a href=\"https:\/\/windpilot.com\/blog\/windpilot-books-2\/windpilot-books\/\">Mythos Weltumsegelung &#8211; Lebensziel oder Sackgasse<\/a><\/strong>. Sie haben mir damit gro\u00dfe Freude bereitet, ein eindrucksvolles Werk! Insbesondere Inga\u2019s Cartoons sind so gro\u00dfartig, dass der geneigte Leser schnell das literarischen Meisterwerk w\u00fcrdigt. Ein Guide durch die Klippen der Seefahrt, aber auch eine Zusammenfassung der Lehren eines erfahrenen Mannes. Geeignet, um anderen Segelfreunden Lehren zu ersparen. Ich erlaube mir, meine Frau an Ihrem Werk teilhaben zu lassen. Gleichfalls habe ich eine gedruckte Ausgabe bei Tredition bestellt, bereitet doch ein Buch in der Hand &#8211; zumindest mir &#8211; mehr Freude.<\/p>\n<p>In jedem Fall h\u00e4tte das Studium oftmals geholfen: Denke ich an so manche Profis, m\u00f6gen sie auch bereits etliche Seemeilen im Kielwasser haben, die nun unter die \u201eBerater\u201c gegangen sind, so frage ich mich doch, was die denn da so beraten. Referenzen finden sich zumindest nicht, was aber nichts hei\u00dfen muss!<br \/>\n<img loading=\"lazy\" decoding=\"async\" src=\"https:\/\/windpilot.com\/blog\/wp-content\/uploads\/2021\/09\/Collage-Selfie.jpg\" alt=\"\" width=\"1565\" height=\"1009\" class=\"aligncenter size-full wp-image-25524\" srcset=\"https:\/\/windpilot.com\/blog\/wp-content\/uploads\/2021\/09\/Collage-Selfie.jpg 1565w, https:\/\/windpilot.com\/blog\/wp-content\/uploads\/2021\/09\/Collage-Selfie-300x193.jpg 300w, https:\/\/windpilot.com\/blog\/wp-content\/uploads\/2021\/09\/Collage-Selfie-1024x660.jpg 1024w, https:\/\/windpilot.com\/blog\/wp-content\/uploads\/2021\/09\/Collage-Selfie-768x495.jpg 768w, https:\/\/windpilot.com\/blog\/wp-content\/uploads\/2021\/09\/Collage-Selfie-1536x990.jpg 1536w\" sizes=\"auto, (max-width: 1565px) 100vw, 1565px\" \/>Da stecken junge Paare, haben sie auch erste Chartererfahrungen und Segelscheine im Rucksack, zehntausende Euros in die Ausr\u00fcstung und hunderttausende Euros in 46 F\u00fc\u00dfe, um nun auf \u201eeine Segelreise um die Welt\u201c aufzubrechen. Da f\u00e4llt mir ein Zitat des \u201eSegler\u2018s Gustav\u201c ein, der sagte: <strong>\u201eMut ist oft nur ein Mangel an Umsicht, w\u00e4hrend Feigheit nicht selten auf guten Information beruht\u201c<\/strong>. Leider verlegt Delius Klasing die Geschichten des Seglers Gustav heute nicht mehr. Nun, man mu\u00df Objektiv bleiben, zumindest wurde hier nicht mit letztem Geld ein schwimmender Schrotthaufen erworben. Und Planung gab\u2018s auch. Gut, dass sich dann besagte Profis finden. Deren Beratung und Dienste, wie auch die Geschichte, lassen sich wiederum prima medial vermarkten. Manus manum lavat, aber das w\u00e4re eine Unterstellung. Ebenso wenig sollte man unterstellen, dass 46 F\u00fc\u00dfe einen nebst Haut und Haaren auffressen k\u00f6nnen. Gar, im \u201etotalen Zustand\u201c, wie obiger Gustav das Chaos an Bord gern betitelte, f\u00fcr zwei Segler nur schwer beherrschbar sind. Aber lassen wir das. <a href=\"https:\/\/www.youtube.com\/c\/SailingInsieme\">Die Videos fanden durchaus Anklang<\/a>, eine Leistung die Respekt verdient und insgesamt klappte auch alles. Dass nun Corona die Spielregeln \u00e4ndert, geplante Einnahmen zahlender G\u00e4ste ausblieben, wer sollte sowas ahnen. Wer wei\u00df\u2018 wie es sonst gekommen w\u00e4re&#8230;.? Nun droht man, Sklave seiner selbst zu werden. Der Entschluss, jetzt einen Skipper zu engagieren, um den Ballast nach Europa zu segeln und dort abzuwerfen, zeugt von Klugheit! H\u00e4tt\u2018 der Berater es wissen k\u00f6nnen&#8230;.?<\/p>\n<p>Die Welt des Wetters b\u00fcckt sich ebenso mal gern f\u00fcr eine entsprechend gro\u00dfe digitale Aufmerksamkeit und vermittelt, dass eine professionelle<br \/>\nWetterberatung auf der Barfu\u00dfroute ein \u201emust have\u201c und das Geld wert<br \/>\nist. Entsprechende Resonanz f\u00fchrt zu entsprechenden Einnahmen. Und der<br \/>\nAufwand dieser \u201eindividuellen Beratung\u201c von den Kanaren bis in die Karibik h\u00e4lt sich in Grenzen. Das geht nat\u00fcrlich auch mit US-Anbietern, IridiumGo macht&#8217;s m\u00f6glich. Euch gilt unsere volle Unterst\u00fctzung. Zahl\u2019 und wir machen Dir das Wetter &#8211; oder so \u00e4hnlich. Dieser Auftrag ist insbesondere dann ohne Risiko und schnell erledigt, wenn man doch pl\u00f6tzlich auf Capo Verde zusteuert.<br \/>\n<img loading=\"lazy\" decoding=\"async\" src=\"https:\/\/windpilot.com\/blog\/wp-content\/uploads\/2021\/09\/IMG_2735.jpeg\" alt=\"\" width=\"1280\" height=\"960\" class=\"aligncenter size-full wp-image-25528\" srcset=\"https:\/\/windpilot.com\/blog\/wp-content\/uploads\/2021\/09\/IMG_2735.jpeg 1280w, https:\/\/windpilot.com\/blog\/wp-content\/uploads\/2021\/09\/IMG_2735-300x225.jpeg 300w, https:\/\/windpilot.com\/blog\/wp-content\/uploads\/2021\/09\/IMG_2735-1024x768.jpeg 1024w, https:\/\/windpilot.com\/blog\/wp-content\/uploads\/2021\/09\/IMG_2735-768x576.jpeg 768w\" sizes=\"auto, (max-width: 1280px) 100vw, 1280px\" \/>Damit f\u00fchren mich meine Gedanken zu meinen liebsten Zeitgenossen auf See, den Kreuzfahrern. Jaja, die Kreuzfahrt \u201cindustrie\u201c. DAS erstrebenswerte Ziel ist heute eine Kreuzfahrt. Gesellschaftlich anerkannt, nein bewundert, wer sich sowas leisten kann. Irgendwann wird das Fernsehen uns berichten, dass die neusten Schiffe 10.000 G\u00e4ste transportieren und in einer Schicht 3.000 Schokoladentorten produzieren k\u00f6nnen. Die kann man dann gem\u00fctlich verspeisen, w\u00e4hrend Costa Cordalis &#8211; posthum m\u00f6ge er mir die Verwendung seines Namens in diesem Zusammenhang verzeihen &#8211; winkend im \u201eGiglionischen\u201c Meer auf den Felsen dampft.<br \/>\n<img loading=\"lazy\" decoding=\"async\" src=\"https:\/\/windpilot.com\/blog\/wp-content\/uploads\/2021\/09\/IMG_2729.jpeg\" alt=\"\" width=\"1280\" height=\"960\" class=\"aligncenter size-full wp-image-25534\" srcset=\"https:\/\/windpilot.com\/blog\/wp-content\/uploads\/2021\/09\/IMG_2729.jpeg 1280w, https:\/\/windpilot.com\/blog\/wp-content\/uploads\/2021\/09\/IMG_2729-300x225.jpeg 300w, https:\/\/windpilot.com\/blog\/wp-content\/uploads\/2021\/09\/IMG_2729-1024x768.jpeg 1024w, https:\/\/windpilot.com\/blog\/wp-content\/uploads\/2021\/09\/IMG_2729-768x576.jpeg 768w\" sizes=\"auto, (max-width: 1280px) 100vw, 1280px\" \/>Wieso dies, an einem Januartag im mare nostrum, nicht zu einer ebenso gro\u00dfen Katastrophe f\u00fchrte wie einst bei der Titanic? Die Schiffe sind heute eben sicherer! Ein au\u00dfergew\u00f6hnlicher Einzelfall &#8211; weiter geht die Reise! Wie sicher Kreuzfahrten sind, zeigte 2019 auch das Beispiel die \u201e<a href=\"https:\/\/www.youtube.com\/watch?v=9RD6e2L46fo\">VikingStar<\/a>\u201c. In Seenot soll das Schiff gewesen sein. Mit Feststoff-Westen stand man geordnet auf Deck und wartete auf die Evakuierung durch den Hubschrauber. Alles klar auf der Br\u00fccke und l\u00e4ngst vergessen. Wann gibt Corona uns endlich die Freiheit zur\u00fcck und wir d\u00fcrfen wieder reisen? Und die ganzen Arbeitspl\u00e4tze an Bord, hoffentlich geht es den Menschen gut&#8230;<br \/>\n<img loading=\"lazy\" decoding=\"async\" src=\"https:\/\/windpilot.com\/blog\/wp-content\/uploads\/2021\/09\/Cruisship-Panama-Kopie.jpeg\" alt=\"\" width=\"1280\" height=\"960\" class=\"aligncenter size-full wp-image-25535\" srcset=\"https:\/\/windpilot.com\/blog\/wp-content\/uploads\/2021\/09\/Cruisship-Panama-Kopie.jpeg 1280w, https:\/\/windpilot.com\/blog\/wp-content\/uploads\/2021\/09\/Cruisship-Panama-Kopie-300x225.jpeg 300w, https:\/\/windpilot.com\/blog\/wp-content\/uploads\/2021\/09\/Cruisship-Panama-Kopie-1024x768.jpeg 1024w, https:\/\/windpilot.com\/blog\/wp-content\/uploads\/2021\/09\/Cruisship-Panama-Kopie-768x576.jpeg 768w\" sizes=\"auto, (max-width: 1280px) 100vw, 1280px\" \/>Nie waren die Rahmenbedingungen f\u00fcr Wachstum so gut. Die Medien verkaufen dem Verbraucher alles, werben mit dem neuen Framstag und wenn wir es dann bis zur Kreuzfahrt schaffen, dann ist der Gipfel des Strebens erreicht. Mein Chef sagte bei solchen Gelegenheiten: \u201eDer ist so doof, den m\u00fcssten den ganzen Tag die kleinen Schweine bei\u00dfen\u201c. Aber letztlich muss es weitergehen, die Wirtschaft braucht Wachstum. Kein Elefant h\u00f6rt auf zu wachsen und die B\u00e4ume bekanntlich in den Himmel &#8230; Erst wenn der letzt Flu\u00df vergiftet&#8230;<\/p>\n<p>So, jetzt bin ich selbst etwas \u00fcber mich erschrocken. Nichts spricht doch dagegen, dass jemand etwas verkauft, dass man f\u00fcr sich und sein<br \/>\nProdukt wirbt, dass man mit ehrlicher Arbeit und Dienstleistung Geld verdient. Auch viel und gutes Geld! Das ist die Grundlage f\u00fcr unsere<br \/>\nGesellschaft. Aber immer mal nachdenken wo der Weg denn so hinf\u00fchrt,<br \/>\nnicht nur der eigene &#8230; Doch wer frei von S\u00fcnde ist&#8230;., den Stein<br \/>\nschmei\u00dfe ich nicht &#8230; Aber morgens im Spiegel gehts noch &#8230;<\/p>\n<p>Zur\u00fcck zur Gemeinde der Segler. Der TO hat mit seinen Seminaren<br \/>\n\u00fcberw\u00e4ltigenden Erfolg. Auch ich folge dem Geschehen. Lauter neue<br \/>\n(m\u00f6glicherweise gar potentielle Weltum-)Segler. Es lebe die Digitalisierung, es lebe Corona. Was Trans-Ocean da macht ist schon<br \/>\ngut, nicht dass hier der falsche Eindruck entsteht. Und das geliebte<br \/>\nSystem wird gef\u00fcttert &#8230; Zuh\u00f6ren ist kurzweilig, die Winterabende sind<br \/>\nlang und auch wird man da nicht d\u00fcmmer von. Vorausgesetzt, man ist<br \/>\nnicht ganz dumm! Die k\u00fcnftigen Segler nehmen das Angebot gern auf.<br \/>\n\u201eDas wichtigste ist das Losfahren\u201c, endet die Veranstaltung dann.<\/p>\n<p>So hatte ich Austausch mit einem zuk\u00fcnftigen Weltumseglerpaar und man<br \/>\nhofft noch 2021 loszukommen. Das richtige Schiff wurde gefunden, alles<br \/>\nwird akribisch geplant, aber u.a. die Waschmaschine muss noch eingebaut werden. Der Rest der Liste, unvorstellbar &#8230; Zum Gl\u00fcck ist man in den besten Jahren, Geld und Zeit sind nicht das Problem. Einige T\u00f6rns im Erfahrungsschatz und ganz sicher mit klugen und erfolgreichen Lebensl\u00e4ufen!<\/p>\n<p>Als ich das Thema der Windsteuerung ansprach, selbst wenn meine<br \/>\nErfahrungen auf dem Atlantik nur wenige tausend Meilen betragen, so erfuhr ich, dass man dar\u00fcber auch nachgedacht habe. Am Heck seien jedoch so richtig \u201efette geile Davids\u201c angebracht und man k\u00e4me so bequem in das ebenfalls massive Beiboot, da ist eine Windfahne immer im Weg. Aber mit einem zweiten Autopiloten im Rucksack und keinesfalls ungeschickt, sei man sicher besser unterwegs.<\/p>\n<p>Dazu kam noch die Story von einem Oliver Lieske und seiner Hanse 388 dessen Geschichte Sie, Herr F\u00f6rthmann, vermutlich kennen? Ich habe in<br \/>\nmeinem kurzen Leben f\u00fcr eine weitere Recherche des Vorgangs keine Zeit<br \/>\ngefunden. M\u00f6gen sich Pantaenius o.a. damit besch\u00e4ftigen.<\/p>\n<p>In einer Sache bedauere ich allerdings diese \u201eneue\u201c Segler-Community.<br \/>\nEgal wo die hinkommen mit ihrem Blog, die kennt doch schon jeder. Da<br \/>\ntrifft man dann Seglerinnen und Segler, die einen digital bereits kennen. Nebenbei brauchen diese Videos doch richtig Zeit und machen Arbeit. Mein Respekt vor dieser Leistung, aber wieder mache ich mich zum<br \/>\nSklaven damit YT damit Kohle verdient. Da kommen sie wieder, die<br \/>\nkleinen Schweine &#8230;<br \/>\n<img loading=\"lazy\" decoding=\"async\" src=\"https:\/\/windpilot.com\/blog\/wp-content\/uploads\/2021\/09\/Peter-Wolke-kl.jpg\" alt=\"\" width=\"2462\" height=\"1882\" class=\"aligncenter size-full wp-image-25529\" srcset=\"https:\/\/windpilot.com\/blog\/wp-content\/uploads\/2021\/09\/Peter-Wolke-kl.jpg 2462w, https:\/\/windpilot.com\/blog\/wp-content\/uploads\/2021\/09\/Peter-Wolke-kl-300x229.jpg 300w, https:\/\/windpilot.com\/blog\/wp-content\/uploads\/2021\/09\/Peter-Wolke-kl-1024x783.jpg 1024w, https:\/\/windpilot.com\/blog\/wp-content\/uploads\/2021\/09\/Peter-Wolke-kl-768x587.jpg 768w, https:\/\/windpilot.com\/blog\/wp-content\/uploads\/2021\/09\/Peter-Wolke-kl-1536x1174.jpg 1536w, https:\/\/windpilot.com\/blog\/wp-content\/uploads\/2021\/09\/Peter-Wolke-kl-2048x1566.jpg 2048w\" sizes=\"auto, (max-width: 2462px) 100vw, 2462px\" \/>Welch Luxus, wenn ich mit meinem Wein hoffentlich nicht zuviel davon, um eine der Gefahren des Cartoons aufzugreifen &#8211; vor meinem Schreibblock sitze und mit der Feder in der Hand vor Anker den Tag ausklingen lasse. Das ist Luxus, wenn alle mal ganz gern an mich<br \/>\ndenken k\u00f6nnen &#8230; Wenn man niemandem gefallen muss, au\u00dfer seiner Frau.<br \/>\nUnd mit bescheiden Mitteln zufrieden ist, sein muss. Zeitmillion\u00e4r &#8211;<br \/>\nhoffentlich &#8230;<\/p>\n<p>So schlie\u00dfe ich mit der Erkenntnis \u201elucky wife, lucky life\u201c und danke<br \/>\nPeter F\u00f6rthmann f\u00fcr seine Aufmerksamkeit.<\/p>\n<p>Alles Gute!<br \/>\nMartin Trockels &#038; Helena<\/p>\n<p>PS: Jetzt doch etwas mehr geworden und ich bin wahrlich kein<br \/>\nKommunist, der Banker in mir ist durchaus noch lebendig. Doch es ist<br \/>\ninteressant, mit zunehmendem Alter die eine oder andere Erkenntnis in<br \/>\nsich reifen zu sehen. So tat es gut sich mal auszutauschen \ud83d\ude09<\/p>\n<p>Sie w\u00fcrden jetzt vermutlich sagen<\/p>\n<p>AMEN!<\/p>\n","protected":false},"excerpt":{"rendered":"<p>MIT EINEM KOMMENTAR FING ES AN &#8211; ABER DANN GING ES WEITER Lieber Herr F\u00f6rthmann, mit viel Sympathie denke ich an unseren Austausch und Ihre Sicht der Dinge zum Thema \u201eMonetarisierung des Segelsports\u201c \u2013 es wird immer schlimmer. Meine Frau &hellip; <a href=\"https:\/\/windpilot.com\/blog\/deutsch-yacht-delius-klasing\/martin-trockels\/\">Weiterlesen <span class=\"meta-nav\">&rarr;<\/span><\/a><\/p>\n","protected":false},"author":1,"featured_media":0,"parent":9971,"menu_order":-18,"comment_status":"open","ping_status":"closed","template":"","meta":{"footnotes":""},"class_list":["post-25517","page","type-page","status-publish","hentry"],"_links":{"self":[{"href":"https:\/\/windpilot.com\/blog\/wp-json\/wp\/v2\/pages\/25517","targetHints":{"allow":["GET"]}}],"collection":[{"href":"https:\/\/windpilot.com\/blog\/wp-json\/wp\/v2\/pages"}],"about":[{"href":"https:\/\/windpilot.com\/blog\/wp-json\/wp\/v2\/types\/page"}],"author":[{"embeddable":true,"href":"https:\/\/windpilot.com\/blog\/wp-json\/wp\/v2\/users\/1"}],"replies":[{"embeddable":true,"href":"https:\/\/windpilot.com\/blog\/wp-json\/wp\/v2\/comments?post=25517"}],"version-history":[{"count":9,"href":"https:\/\/windpilot.com\/blog\/wp-json\/wp\/v2\/pages\/25517\/revisions"}],"predecessor-version":[{"id":25538,"href":"https:\/\/windpilot.com\/blog\/wp-json\/wp\/v2\/pages\/25517\/revisions\/25538"}],"up":[{"embeddable":true,"href":"https:\/\/windpilot.com\/blog\/wp-json\/wp\/v2\/pages\/9971"}],"wp:attachment":[{"href":"https:\/\/windpilot.com\/blog\/wp-json\/wp\/v2\/media?parent=25517"}],"curies":[{"name":"wp","href":"https:\/\/api.w.org\/{rel}","templated":true}]}}