{"id":25597,"date":"2021-09-29T09:18:11","date_gmt":"2021-09-29T16:18:11","guid":{"rendered":"https:\/\/windpilot.com\/blog\/?page_id=25597"},"modified":"2021-09-29T09:27:33","modified_gmt":"2021-09-29T16:27:33","slug":"mutante-welt","status":"publish","type":"page","link":"https:\/\/windpilot.com\/blog\/news\/mutante-welt\/","title":{"rendered":"Mutante Welt"},"content":{"rendered":"<p><strong>BLAUWASSERSEGELN IN EINER NEUEN WELT<\/strong><br \/>\n<img loading=\"lazy\" decoding=\"async\" src=\"https:\/\/windpilot.com\/blog\/wp-content\/uploads\/2021\/09\/kolumne.jpg\" alt=\"\" width=\"1560\" height=\"1107\" class=\"aligncenter size-full wp-image-25598\" srcset=\"https:\/\/windpilot.com\/blog\/wp-content\/uploads\/2021\/09\/kolumne.jpg 1560w, https:\/\/windpilot.com\/blog\/wp-content\/uploads\/2021\/09\/kolumne-300x213.jpg 300w, https:\/\/windpilot.com\/blog\/wp-content\/uploads\/2021\/09\/kolumne-1024x727.jpg 1024w, https:\/\/windpilot.com\/blog\/wp-content\/uploads\/2021\/09\/kolumne-768x545.jpg 768w, https:\/\/windpilot.com\/blog\/wp-content\/uploads\/2021\/09\/kolumne-1536x1090.jpg 1536w\" sizes=\"auto, (max-width: 1560px) 100vw, 1560px\" \/>Wasser hat keine Balken &#8211; eigentlich &#8211; aber in einer Welt, in der kein Stein mehr auf dem anderen liegt, in der die Geschehnisse einander gegenseitig \u00fcberholen, in der wir atemlos, selbst wenn ohne Maske, zu erkennen haben, dass wir mit rasender Geschwindigkeit von neuen Ordnungen umzingelt sind, und vergangene Zeiten, obgleich nur wenige Monate entfernt, bereits sehnsuchtsvolle romantische Gedanken in unseren Herzen erzeugen, sei erlaubt, die Frage nach einem Status Quo zu stellen, denn, um im Bild zu bleiben, die Balken haben uns umzingelt, haben unsere Freiheit unter Segeln ver\u00e4ndert, uns drastisch eingeschr\u00e4nkt. Die Welt ist eine andere geworden ist. Sollen wir das bedauern, oder auf luftigem Niveau ein wenig jammern?<br \/>\n<img loading=\"lazy\" decoding=\"async\" src=\"https:\/\/windpilot.com\/blog\/wp-content\/uploads\/2021\/09\/Abschied-klein.jpg\" alt=\"\" width=\"1167\" height=\"959\" class=\"aligncenter size-full wp-image-25599\" srcset=\"https:\/\/windpilot.com\/blog\/wp-content\/uploads\/2021\/09\/Abschied-klein.jpg 1167w, https:\/\/windpilot.com\/blog\/wp-content\/uploads\/2021\/09\/Abschied-klein-300x247.jpg 300w, https:\/\/windpilot.com\/blog\/wp-content\/uploads\/2021\/09\/Abschied-klein-1024x841.jpg 1024w, https:\/\/windpilot.com\/blog\/wp-content\/uploads\/2021\/09\/Abschied-klein-768x631.jpg 768w\" sizes=\"auto, (max-width: 1167px) 100vw, 1167px\" \/>Ein schneller Rundblick im Bodensatz von Meldungen, die ich tagt\u00e4glich aufsauge und verdaue, kann Schnappatmung erzeugen, weil ich als stiller Steuermann an den Hecks jener Flotten pr\u00e4sent, deren Skipper mich an Bord geholt, um zumindest unter Segeln ruhigen Schlaf zu geniessen. Der Wunsch nach Steuerfreiheit ist allen Seglern gemein, denn ohne windige oder elektrische Steuersklaven \u2026 ginge nix auf See, weil Freiheit mit Faulheit Hand in Hand, Bequemlichkeit garantiert, die man ja genie\u00dfen will, zumindest weit draussen auf der grausamen See.<br \/>\n<img loading=\"lazy\" decoding=\"async\" src=\"https:\/\/windpilot.com\/blog\/wp-content\/uploads\/2021\/09\/Ukulele-klein.jpg\" alt=\"\" width=\"1140\" height=\"889\" class=\"aligncenter size-full wp-image-25600\" srcset=\"https:\/\/windpilot.com\/blog\/wp-content\/uploads\/2021\/09\/Ukulele-klein.jpg 1140w, https:\/\/windpilot.com\/blog\/wp-content\/uploads\/2021\/09\/Ukulele-klein-300x234.jpg 300w, https:\/\/windpilot.com\/blog\/wp-content\/uploads\/2021\/09\/Ukulele-klein-1024x799.jpg 1024w, https:\/\/windpilot.com\/blog\/wp-content\/uploads\/2021\/09\/Ukulele-klein-768x599.jpg 768w\" sizes=\"auto, (max-width: 1140px) 100vw, 1140px\" \/>Steuerfreiheit im Plaisierverkehr ist erst vor einem halben Jahrhundert erfunden worden. Der Krieg war endlich vorbei, man hatte endlich wieder Zeit f\u00fcr Neugierde, in deren Kielwasser Nachfrage und Angebot entstehen k\u00f6nnen, wenngleich Influencer den Spiess heute umzudrehen suchen. Die Entwicklung von handlichen Steuersklaven wurde zum logischen Weg, der auf der Joshua noch als Gest\u00e4nge vorhanden, gleichwohl Moitessier den Sieg verschenkte, den er unterwegs pl\u00f6tzlich nicht mehr als wichtig empfunden hatte. Und nun haben wir den Salat! Wundervolle B\u00fccher, die Vorstellung, wie ein richtiges Schiff auszusehen hat, Kiss sowieso \u2026 aber keine Freiheit mehr, wie sie Moitessier so wundervoll mit Worten zu umranken verstanden hat. Eine Legende bis in unsere Zeit. Darum bleibt sie lebendig, egal wie wir neuerdings das Wort Freiheit auf See zu deklinieren haben.<br \/>\n<img loading=\"lazy\" decoding=\"async\" src=\"https:\/\/windpilot.com\/blog\/wp-content\/uploads\/2021\/09\/Zoll-im-Einbaum.jpg\" alt=\"\" width=\"1123\" height=\"853\" class=\"aligncenter size-full wp-image-25601\" srcset=\"https:\/\/windpilot.com\/blog\/wp-content\/uploads\/2021\/09\/Zoll-im-Einbaum.jpg 1123w, https:\/\/windpilot.com\/blog\/wp-content\/uploads\/2021\/09\/Zoll-im-Einbaum-300x228.jpg 300w, https:\/\/windpilot.com\/blog\/wp-content\/uploads\/2021\/09\/Zoll-im-Einbaum-1024x778.jpg 1024w, https:\/\/windpilot.com\/blog\/wp-content\/uploads\/2021\/09\/Zoll-im-Einbaum-768x583.jpg 768w\" sizes=\"auto, (max-width: 1123px) 100vw, 1123px\" \/>Heute weht ein anderer Wind, der den Seglern an Bord schneidiger Schiffe direkt von vorne in die Kl\u00fcsen bl\u00e4st, der ihre Planungen ruiniert, der ungeniert s\u00e4mtliche Wetter Spielregeln torpediert und einst zuverl\u00e4ssige globale Fahrpl\u00e4ne konterkariert.<br \/>\n<img loading=\"lazy\" decoding=\"async\" src=\"https:\/\/windpilot.com\/blog\/wp-content\/uploads\/2021\/09\/Familie-klein.jpg\" alt=\"\" width=\"1117\" height=\"921\" class=\"aligncenter size-full wp-image-25602\" srcset=\"https:\/\/windpilot.com\/blog\/wp-content\/uploads\/2021\/09\/Familie-klein.jpg 1117w, https:\/\/windpilot.com\/blog\/wp-content\/uploads\/2021\/09\/Familie-klein-300x247.jpg 300w, https:\/\/windpilot.com\/blog\/wp-content\/uploads\/2021\/09\/Familie-klein-1024x844.jpg 1024w, https:\/\/windpilot.com\/blog\/wp-content\/uploads\/2021\/09\/Familie-klein-768x633.jpg 768w\" sizes=\"auto, (max-width: 1117px) 100vw, 1117px\" \/>Und an Land? Dort heisst die Botschaft immer gleich:<br \/>\nWir haben Angst vor Deiner Atemluft,<br \/>\nwir wollen dich nicht haben,\u00a0<br \/>\nwillst du bleiben, musst du h\u00f6flich danach fragen,\u00a0<br \/>\ndich unseren Regeln unterwerfen,\u00a0<br \/>\ndevot Bedingungen deklinieren, ggf. sogar auf allen Vieren.\u00a0<br \/>\nAnsonsten schmeissen wir dich raus, unter Begleitung von Milit\u00e4rpatrouille!<br \/>\nWir haben n\u00e4mlich den Spiess umgedreht,<br \/>\nwir sitzen am langen Hebel.<br \/>\nWir machen die Regeln.<br \/>\nUnd du nicht!<br \/>\n<img loading=\"lazy\" decoding=\"async\" src=\"https:\/\/windpilot.com\/blog\/wp-content\/uploads\/2021\/09\/Bru\u0308cke-klein.jpg\" alt=\"\" width=\"1059\" height=\"757\" class=\"aligncenter size-full wp-image-25603\" srcset=\"https:\/\/windpilot.com\/blog\/wp-content\/uploads\/2021\/09\/Bru\u0308cke-klein.jpg 1059w, https:\/\/windpilot.com\/blog\/wp-content\/uploads\/2021\/09\/Bru\u0308cke-klein-300x214.jpg 300w, https:\/\/windpilot.com\/blog\/wp-content\/uploads\/2021\/09\/Bru\u0308cke-klein-1024x732.jpg 1024w, https:\/\/windpilot.com\/blog\/wp-content\/uploads\/2021\/09\/Bru\u0308cke-klein-768x549.jpg 768w\" sizes=\"auto, (max-width: 1059px) 100vw, 1059px\" \/>B\u00fcrokratie ist heute omnipr\u00e4sent und schon mal dominant, sie geh\u00f6rt auf kleinsten Eilanden zum Empfang. Papierkrieg, vorzugsweise gern per Sat-Verbindung ger\u00e4t uferlos, zeitraubend, nicht immer logisch, gleichwohl kosten und zeitraubend, denn Uniformen samt Altersversorgung schaffen Arbeitspl\u00e4tze, f\u00fcr die &#8211; oh wie praktisch! &#8211; segelnde Nomaden nolens volens, die Kosten zu tragen haben, weil man sie f\u00fcr zahlungskr\u00e4ftig h\u00e4lt. Ein deja-vu, wenngleich hier und dort Dokumente mit weissen Handschuhen angefa\u00dft, was in deutschen Amtsstuben ja eher ungew\u00f6hnlich ist! Uniformen und Verhaltensnormen erzeugen Distanz zur Obrigkeit, bei der selbstbewu\u00dfte &#8211; oder vorlaute! &#8211; Segler schnell kleiner &#8211; gemacht! &#8211; werden k\u00f6nnen. Verdrehte Welt? Jedenfalls ist international der Respekt hergestellt, Customs und Immigration f\u00fchren ein Regiment, dem kein Segler entkommen kann, nicht mal wenn er mit der Flugmaschine angeflogen kommt. Ein kleiner Ausflug gef\u00e4llig? <a href=\"https:\/\/atanga.de\/?p=137886\">Hier ist der Link<\/a>oder allgemeiner bei <a href=\"https:\/\/www.noonsite.com\/countries\/\">Noonsite<\/a><br \/>\n<img loading=\"lazy\" decoding=\"async\" src=\"https:\/\/windpilot.com\/blog\/wp-content\/uploads\/2021\/09\/Tauschen-klein.jpg\" alt=\"\" width=\"1138\" height=\"813\" class=\"aligncenter size-full wp-image-25604\" srcset=\"https:\/\/windpilot.com\/blog\/wp-content\/uploads\/2021\/09\/Tauschen-klein.jpg 1138w, https:\/\/windpilot.com\/blog\/wp-content\/uploads\/2021\/09\/Tauschen-klein-300x214.jpg 300w, https:\/\/windpilot.com\/blog\/wp-content\/uploads\/2021\/09\/Tauschen-klein-1024x732.jpg 1024w, https:\/\/windpilot.com\/blog\/wp-content\/uploads\/2021\/09\/Tauschen-klein-768x549.jpg 768w\" sizes=\"auto, (max-width: 1138px) 100vw, 1138px\" \/>Die Zeiten von Auslegerkanus mit Hula-Sch\u00f6nen, Kokosn\u00fcssen, Blumenketten, Fischen und Muschelketten are gone with the wind, Segler sind hier oder dort zu Devisenbringern reduziert, die ihr Schneckenhaus dummerweise selber mitgebracht haben und ergo als \u00f6rtlicher Wirtschaftsfaktor nur eine geringf\u00fcgige Rolle spielen k\u00f6nnen, weil Airport Shuttle, Beach Resort samt Butler Service, Island Roundtrips mit Folklore Einlagen, ausgeklammert bleiben \u00a0&#8211; wenngleich immerhin hier und dort auch schon mal Leihwagen infrage kommen. Yachties sind eher zu einer besonderen Spezies mutiert, deren Interesse an lokalen Besonderheiten im Fokus von Social Media all zu gern zur Aufwertung eigener Alleinstellung verwendet bzw. eingesetzt, \u00fcber FB, YT oder Insta Botschaften weltweit verbreitet wird, wobei exotische Reiseziele zum attraktives Lokal Colorit umfunktioniert, derweil sie im \u00f6rtlichen Supermarkt mit den Locals um die Wette kaufen, wo belastbare Kreditkarten zum Vorteil werden, was nicht \u00fcberall gef\u00e4llt. Kollateral allerdings werden zuhause Sehns\u00fcchte generiert, die als Honig dienen, um die wundersch\u00f6nen Zielgebiete ggf. mit Silberv\u00f6geln ( heim ) zu besuchen, falls 5G das erlaubt, abgleich wir erst mit 3G angekommen sind. Wer weiss, was die Zukunft noch bringen wird? Was wir immerhin wissen: gegen\u00fcber fr\u00fcher, als die Halbwertzeit von S\u00fcdseetr\u00e4umen erst nach einem halben Jahrhundert mit der Realit\u00e4t abgeglichen werden konnte, schafft Delos das heute \u00fcber Nacht! Es ist zum schwindelig werden! V\u00f6llig aberwitzig, dass der ordin\u00e4re Cruising Segler noch mit 5 &#8211; 6 Knoten torkelnd hinter dem Horizont verschwindet! Ein Widerspruch, der nach Kl\u00e4rung verlangt, weshalb ja Multihulls erfunden wurden, womit man nun Wettersystemen ein Schnippchen zu schlagen in der Lage ist, zumindest wenn Meeno keinen Mist erz\u00e4hlt und Orcas nicht ins Ruder beissen.<br \/>\n<img loading=\"lazy\" decoding=\"async\" src=\"https:\/\/windpilot.com\/blog\/wp-content\/uploads\/2021\/09\/robbery-Kopie.jpeg\" alt=\"\" width=\"842\" height=\"612\" class=\"aligncenter size-full wp-image-25605\" srcset=\"https:\/\/windpilot.com\/blog\/wp-content\/uploads\/2021\/09\/robbery-Kopie.jpeg 842w, https:\/\/windpilot.com\/blog\/wp-content\/uploads\/2021\/09\/robbery-Kopie-300x218.jpeg 300w, https:\/\/windpilot.com\/blog\/wp-content\/uploads\/2021\/09\/robbery-Kopie-768x558.jpeg 768w\" sizes=\"auto, (max-width: 842px) 100vw, 842px\" \/>Der Treck nach Westen ist ins Stolpern geraten, was wenig wundert, auch wenn dadurch schon mal lebenslange Planungen von Seglern im Orkus landen, derweil sie dem Erwerbsleben den R\u00fccken zu kehren trachten. Ein Luxusproblem weniger? Nein, aber ein Ph\u00e4nomen, das rings um den Spielball begeisterte Segler jeder Einkommensstufe zwingt, sich den Ver\u00e4nderungen anzupassen. Segler sind gemeinhin erfinderischer und flexibler, als ihre Kollegen an Land, die im Berufsprozess, bei der Aufzucht von Erben sowie der Anh\u00e4ufung von Ressourcen noch nicht den Ausgang gefunden haben, oder noch nicht \u00fcber ein seegehendes Schiff verf\u00fcgen. Oder Menschen, die\u00a0in gerader Lebensfurche bislang klar gekommen, aber pl\u00f6tzlich war die Partnerin weg, unter teilweiser Mitnahme gemeinsam erarbeiteter Ressourcen, oder weil die Schiss sie eingeholt, vor der grausamen See hinter der Hafenmole. Das Leben gleicht einem Roulette, mancher findet sich am Ende &#8211; oder bereits unterwegs! &#8211; in einem anderen Bett &#8211; metaphorisch ausgedr\u00fcckt. Wer den Absprung schafft, hat gewonnen, allerdings nur solange, bis er realisiert, dass er von schwimmenden Balken umgeben ist.<br \/>\n<img loading=\"lazy\" decoding=\"async\" src=\"https:\/\/windpilot.com\/blog\/wp-content\/uploads\/2021\/09\/Koch-Kockpit-beschnitten.jpeg\" alt=\"\" width=\"1220\" height=\"961\" class=\"aligncenter size-full wp-image-25606\" srcset=\"https:\/\/windpilot.com\/blog\/wp-content\/uploads\/2021\/09\/Koch-Kockpit-beschnitten.jpeg 1220w, https:\/\/windpilot.com\/blog\/wp-content\/uploads\/2021\/09\/Koch-Kockpit-beschnitten-300x236.jpeg 300w, https:\/\/windpilot.com\/blog\/wp-content\/uploads\/2021\/09\/Koch-Kockpit-beschnitten-1024x807.jpeg 1024w, https:\/\/windpilot.com\/blog\/wp-content\/uploads\/2021\/09\/Koch-Kockpit-beschnitten-768x605.jpeg 768w\" sizes=\"auto, (max-width: 1220px) 100vw, 1220px\" \/>Jedenfalls ist Umdenken angesagt, wobei hier und dort Kapital verloren geht, wenn z.B. die Ankunft im S\u00fcdsee Paradies zur Falle geworden scheint, aus der zu entrinnen, nur wenige Optionen denkbar, die allesamt jede Planung \u2013 inklusive der Lebensplanung! &#8211; auf den Kopf zu stellen in der Lage sind. Vom Verkauf der schwimmenden Geliebten vor Ort, was nur unter gewaltigen Verlusten machbar, weil Interessenten simultan darunter zu leiden haben, dass ihre Reisefreiheit im Silbervogel erschwert und zumeist nur zu extravaganten Preisen m\u00f6glich ist. Oder aber anderer Imponderabilien, wie sie jenem weiblichen Pechvogel zugestossen sind, die eine gebrauchte Nicholson 31 in Papeete preiswert erwarb, allerdings die neue Geliebte dann monatelang nicht besuchen durfte \u2026 um mit ihr zu segeln. Das Angebot wundervoller Schiffe im Pacific ist gewaltig, ganz im Gegensatz zum Preisniveau, das vielfach schamhaft gar nicht mehr benannt, weil man jede Hoffnung hat fahren lassen und darum dazu \u00fcbergegangen scheint, etliche Schiffe gar nicht mehr zu bepreisen, lediglich dezent vermerkt: price on request &#8211; or on offer. Dramen bei denen Lebensarbeitsergebnisse und Kapitalpolster vernichtet werden mit Langzeitfolgen im Partnerbetrieb.<br \/>\n<img loading=\"lazy\" decoding=\"async\" src=\"https:\/\/windpilot.com\/blog\/wp-content\/uploads\/2021\/09\/dinghyrace.jpeg\" alt=\"\" width=\"842\" height=\"612\" class=\"aligncenter size-full wp-image-25607\" srcset=\"https:\/\/windpilot.com\/blog\/wp-content\/uploads\/2021\/09\/dinghyrace.jpeg 842w, https:\/\/windpilot.com\/blog\/wp-content\/uploads\/2021\/09\/dinghyrace-300x218.jpeg 300w, https:\/\/windpilot.com\/blog\/wp-content\/uploads\/2021\/09\/dinghyrace-768x558.jpeg 768w\" sizes=\"auto, (max-width: 842px) 100vw, 842px\" \/>In New Zealand warten Flotten von Geisterschiffen auf ihre Eigner, deren Einreise verhindert wird, seit Monaten. Nicht jeder Segler hat das Gl\u00fcck einen Freund oder Bevollm\u00e4chtigten vor Ort zu haben, der sich um sein Schiff k\u00fcmmert. Der Gebrauchtmarkt scheint ins Stocken geraten.<\/p>\n<p>Der Treck nach Westen hat Schluckauf bekommen, ein Visum nach NZ muss heute ggf. teuer erkauft werden, z.B. in Form von Reparaturauftr\u00e4gen f\u00fcr die geschundene Yacht, die seit Europa immerhin bereits um die halbe Welt gesegelt und dringend der Pflege, Reparatur und Erneuerung bedarf, um anschliessend \u2013 irgendwann? &#8211; weiter zu segeln? Mit einem gesunden Kapitalpolster verbessern sich die Chancen, f\u00fcr einen Werftaufenthalt ins Paradies zu gelangen kolossal, oder werden dadurch erst m\u00f6glich. Immerhin dem zweiten Traum nach Tahiti, denn NZ ist f\u00fcr Segler auch heute noch ein Sehnsuchtsland, das zu erreichen hohe b\u00fcrokratische H\u00fcrden zu \u00fcberwinden sind. Es erscheint logisch, dass der Weg f\u00fcr weniger finanzkr\u00e4ftige Plaisiersegler \u2026 steinig ist. Der Weg im Paradies ist zum Kopfsteinpflaster geworden, aus dem viele qua Huckepack Decklast in die Heimat zur\u00fcck sich haben fahren lassen, wobei der Wert des Schiffes sich schnell relativiert, bzw. zuvor gegen den Preis der Frachtpassage  in die Heimat abgewogen werden muss, <a href=\"https:\/\/www.sevenstar-yacht-transport.com\/about-us\">Sevenstar<\/a> jedenfalls macht\u00b4s m\u00f6glich \u2013 derzeit werden 2.000 Yachten p.a. transportiert.<\/p>\n<p>Vermutlich ist kaum eine zweite Region des Blauen Planeten derart von Seglern entv\u00f6lkert worden, wie derzeit die Flotte im Pazifik, weil die Optionen sinnvoller Destinationen ausged\u00fcnnt \u2026 und die Balken h\u00f6her h\u00e4ngen, die sich einer unbeschwerte Reiseplanung \u00fcberall entgegen stellen.<\/p>\n<p>Wie passen diese Informationen zum Boom, der in Europa durch die Medien t\u00f6nt, der uns laut in den Ohren klingt? Die Antwort ist so einfach, wie unser Bed\u00fcrfnis, dem engen Umgang mit gef\u00e4hrlicher Atemluft zu entfliehen. Der beste Platz daf\u00fcr ist die weite See, auch wenn es nur der T\u00fcmpel um die Ecke ist. <\/p>\n<p>Interessant f\u00fcr mich die Tatsache, wie sich die Reiserouten der internationalen Segelkarawanen quasi \u00fcber Nacht ver\u00e4ndert haben. Galt fr\u00fcher die Atlantik Runde als reizvoll, scheint die Attraktivit\u00e4t der Karibik gelitten zu haben, denn derzeit bewegen sich unz\u00e4hlige Segler in europ\u00e4ischen K\u00fcstengew\u00e4ssern, die auch von US Seglern enorm frequentiert, einige H\u00e4fen zum Platzen bringen. Neuerdings erkunden die Segler in kleinen Schritten die reizvollen Segelreviere lieblicher K\u00fcstenstriche, an denen sie fr\u00fcher im Eiltempo vorbei gesegelt \u2026 um S\u00fcd zu machen.<br \/>\n<img loading=\"lazy\" decoding=\"async\" src=\"https:\/\/windpilot.com\/blog\/wp-content\/uploads\/2021\/09\/Peter-Traum-Arbeiten.jpg\" alt=\"\" width=\"2246\" height=\"1848\" class=\"aligncenter size-full wp-image-25608\" srcset=\"https:\/\/windpilot.com\/blog\/wp-content\/uploads\/2021\/09\/Peter-Traum-Arbeiten.jpg 2246w, https:\/\/windpilot.com\/blog\/wp-content\/uploads\/2021\/09\/Peter-Traum-Arbeiten-300x247.jpg 300w, https:\/\/windpilot.com\/blog\/wp-content\/uploads\/2021\/09\/Peter-Traum-Arbeiten-1024x843.jpg 1024w, https:\/\/windpilot.com\/blog\/wp-content\/uploads\/2021\/09\/Peter-Traum-Arbeiten-768x632.jpg 768w, https:\/\/windpilot.com\/blog\/wp-content\/uploads\/2021\/09\/Peter-Traum-Arbeiten-1536x1264.jpg 1536w, https:\/\/windpilot.com\/blog\/wp-content\/uploads\/2021\/09\/Peter-Traum-Arbeiten-2048x1685.jpg 2048w\" sizes=\"auto, (max-width: 2246px) 100vw, 2246px\" \/>Ob ich durch die Ver\u00e4nderungen arbeitslos werde? Diese Bef\u00fcrchtung wird auf einfache Weise konterkariert, denn Segler auf See neigen allesamt zu Faulheit \u2026. sie sehnen sich nach Steuerfreiheit, wenigstens auf See, ein Zustand, den eine Heckverzierung garantiert.<\/p>\n<p>Soweit ein paar schnelle Gedanken.<br \/>\n27.09.2021<br \/>\nPeter Foerthmann<br \/>\n<img loading=\"lazy\" decoding=\"async\" src=\"https:\/\/windpilot.com\/blog\/wp-content\/uploads\/2021\/09\/A.-Peter-Lions-150x150.jpg\" alt=\"\" width=\"150\" height=\"150\" class=\"alignleft size-thumbnail wp-image-25471\" srcset=\"https:\/\/windpilot.com\/blog\/wp-content\/uploads\/2021\/09\/A.-Peter-Lions-150x150.jpg 150w, https:\/\/windpilot.com\/blog\/wp-content\/uploads\/2021\/09\/A.-Peter-Lions-300x300.jpg 300w, https:\/\/windpilot.com\/blog\/wp-content\/uploads\/2021\/09\/A.-Peter-Lions-1024x1020.jpg 1024w, https:\/\/windpilot.com\/blog\/wp-content\/uploads\/2021\/09\/A.-Peter-Lions-768x765.jpg 768w, https:\/\/windpilot.com\/blog\/wp-content\/uploads\/2021\/09\/A.-Peter-Lions-1536x1531.jpg 1536w, https:\/\/windpilot.com\/blog\/wp-content\/uploads\/2021\/09\/A.-Peter-Lions.jpg 1700w\" sizes=\"auto, (max-width: 150px) 100vw, 150px\" \/><\/p>\n","protected":false},"excerpt":{"rendered":"<p>BLAUWASSERSEGELN IN EINER NEUEN WELT Wasser hat keine Balken &#8211; eigentlich &#8211; aber in einer Welt, in der kein Stein mehr auf dem anderen liegt, in der die Geschehnisse einander gegenseitig \u00fcberholen, in der wir atemlos, selbst wenn ohne Maske, &hellip; <a href=\"https:\/\/windpilot.com\/blog\/news\/mutante-welt\/\">Weiterlesen <span class=\"meta-nav\">&rarr;<\/span><\/a><\/p>\n","protected":false},"author":1,"featured_media":0,"parent":16769,"menu_order":-14,"comment_status":"open","ping_status":"closed","template":"","meta":{"footnotes":""},"class_list":["post-25597","page","type-page","status-publish","hentry"],"_links":{"self":[{"href":"https:\/\/windpilot.com\/blog\/wp-json\/wp\/v2\/pages\/25597","targetHints":{"allow":["GET"]}}],"collection":[{"href":"https:\/\/windpilot.com\/blog\/wp-json\/wp\/v2\/pages"}],"about":[{"href":"https:\/\/windpilot.com\/blog\/wp-json\/wp\/v2\/types\/page"}],"author":[{"embeddable":true,"href":"https:\/\/windpilot.com\/blog\/wp-json\/wp\/v2\/users\/1"}],"replies":[{"embeddable":true,"href":"https:\/\/windpilot.com\/blog\/wp-json\/wp\/v2\/comments?post=25597"}],"version-history":[{"count":1,"href":"https:\/\/windpilot.com\/blog\/wp-json\/wp\/v2\/pages\/25597\/revisions"}],"predecessor-version":[{"id":25609,"href":"https:\/\/windpilot.com\/blog\/wp-json\/wp\/v2\/pages\/25597\/revisions\/25609"}],"up":[{"embeddable":true,"href":"https:\/\/windpilot.com\/blog\/wp-json\/wp\/v2\/pages\/16769"}],"wp:attachment":[{"href":"https:\/\/windpilot.com\/blog\/wp-json\/wp\/v2\/media?parent=25597"}],"curies":[{"name":"wp","href":"https:\/\/api.w.org\/{rel}","templated":true}]}}