{"id":26148,"date":"2022-01-01T06:29:04","date_gmt":"2022-01-01T13:29:04","guid":{"rendered":"https:\/\/windpilot.com\/blog\/?page_id=26148"},"modified":"2022-01-02T22:01:11","modified_gmt":"2022-01-03T05:01:11","slug":"2021-ein-wimpernschlag","status":"publish","type":"page","link":"https:\/\/windpilot.com\/blog\/news\/2021-ein-wimpernschlag\/","title":{"rendered":"2021 Wimpernschlag"},"content":{"rendered":"<p><strong>DAS LEBEN IST BUNT<\/strong><br \/>\n<img loading=\"lazy\" decoding=\"async\" src=\"https:\/\/windpilot.com\/blog\/wp-content\/uploads\/2021\/12\/1-Totale-Will-Kopie.jpg\" alt=\"\" width=\"1000\" height=\"666\" class=\"aligncenter size-full wp-image-26150\" srcset=\"https:\/\/windpilot.com\/blog\/wp-content\/uploads\/2021\/12\/1-Totale-Will-Kopie.jpg 1000w, https:\/\/windpilot.com\/blog\/wp-content\/uploads\/2021\/12\/1-Totale-Will-Kopie-300x200.jpg 300w, https:\/\/windpilot.com\/blog\/wp-content\/uploads\/2021\/12\/1-Totale-Will-Kopie-768x511.jpg 768w\" sizes=\"auto, (max-width: 1000px) 100vw, 1000px\" \/>X-Mas? War da was? Ist das schon vorbei? Komisch, wir haben gar nix davon gemerkt, die Strassen sind leer, der Bauch voll, die Arbeit macht sich von selbst, wenn oder weil das Telefon nicht st\u00f6rt. Kurz: wir sind f\u00fcr 2022 bestens pr\u00e4pariert, haben die Z\u00fcgel in der Hand, f\u00fcrchten keine Peitsche, falls ein Segler pl\u00f6tzlich zum Einhandsegler mutierte, derweil seine bessere H\u00e4lfte zum Airport abgehauen ist.<br \/>\n<img loading=\"lazy\" decoding=\"async\" src=\"https:\/\/windpilot.com\/blog\/wp-content\/uploads\/2021\/12\/IMG_3453.jpeg\" alt=\"\" width=\"1280\" height=\"960\" class=\"aligncenter size-full wp-image-26153\" srcset=\"https:\/\/windpilot.com\/blog\/wp-content\/uploads\/2021\/12\/IMG_3453.jpeg 1280w, https:\/\/windpilot.com\/blog\/wp-content\/uploads\/2021\/12\/IMG_3453-300x225.jpeg 300w, https:\/\/windpilot.com\/blog\/wp-content\/uploads\/2021\/12\/IMG_3453-1024x768.jpeg 1024w, https:\/\/windpilot.com\/blog\/wp-content\/uploads\/2021\/12\/IMG_3453-768x576.jpeg 768w\" sizes=\"auto, (max-width: 1280px) 100vw, 1280px\" \/>Das Leben ist bunt, was will man mehr? Gerade erst angefangen, schon wieder vorbei, zumindest f\u00fcr uns, die wir auf dem fliegenden Teppich durch die Tage sausen und ein Leben in Freude f\u00fchren. Zw\u00f6lf Monate sind ein Witz, gemessen am Blitz, der durch die Tage flitzt und unser Leben befl\u00fcgelt \u2013 Murmeltiererfahrung seit vielen Jahren!<br \/>\n<img loading=\"lazy\" decoding=\"async\" src=\"https:\/\/windpilot.com\/blog\/wp-content\/uploads\/2021\/12\/IMG_3369.jpeg\" alt=\"\" width=\"1280\" height=\"960\" class=\"aligncenter size-full wp-image-26152\" srcset=\"https:\/\/windpilot.com\/blog\/wp-content\/uploads\/2021\/12\/IMG_3369.jpeg 1280w, https:\/\/windpilot.com\/blog\/wp-content\/uploads\/2021\/12\/IMG_3369-300x225.jpeg 300w, https:\/\/windpilot.com\/blog\/wp-content\/uploads\/2021\/12\/IMG_3369-1024x768.jpeg 1024w, https:\/\/windpilot.com\/blog\/wp-content\/uploads\/2021\/12\/IMG_3369-768x576.jpeg 768w\" sizes=\"auto, (max-width: 1280px) 100vw, 1280px\" \/>Gleichwohl jetzt mal kurz Luft geholt, denn Silvester ist die Zeit, zum reflektieren, Vors\u00e4tze zu fabulieren, womit zwei windige Piloten sich das Jahr vertrieben, abseits unseres Hobbys vom produzieren von Steuersklaven. Wir versichern hier an Eides statt: wir sind auf Kurs, Unabh\u00e4ngigkeit und Freiheit sind unser Ziel, die als Wurst vor jeder Segler Nase h\u00e4ngt, uns morgens aus der Koje zwingt, wobei Motivation die Peitsche schwingt! Urlaub? Brauchen wir nicht, weil unsere Lebenstage Wert voll sind.<\/p>\n<p><a href=\"https:\/\/windpilot.com\/blog\/blog\/2010\/08\/26\/steuerfreiheit-auf-see\/\">Steuerfreiheit auf See<\/a>, der Titel des <strong>ersten Blogs am 26.08.2010<\/strong>, war ein Schuss ins Blaue, der ins Schwarze ging \u2013 tiefschwarz! Ein Blog, der auf eine Diskussion im Yacht Forum verlinkte, die \u2013 wollen wir uns wundern? &#8211; offenbar nicht mehr erreichbar ist.   <\/p>\n<p><strong>EIN PERSONEN OPERETTE<\/strong><br \/>\n11 Jahre <a href=\"https:\/\/windpilot.com\/blog\/\">Windpilot-Blog<\/a>, meinungsstark, gleichwohl unabh\u00e4ngig, wenn man davon absieht, dass der  Schreiber von seiner H\u00e4nde Arbeit lebt und Heckverzierungen baut, die er sodann sogar verkauft. Dieser Blog richtet sich an Menschen, die abseits von Algorithmen nach Informationen suchen, um sich eine Meinung zu bilden, dabei noch selber denken, ganz ohne Cookies, Banner oder Kaffeetassen, denen sie sich durch Klick zur besonderen ( Weiter-) Verwendung zu offenbaren oder unterwerfen haben.<\/p>\n<p>Dieser Blog wird aus Idealismus f\u00fcr eine Sache betrieben, die f\u00fcr Segler mit besonderen Pl\u00e4nen zum Lebensmittelpunkt mutieren k\u00f6nnte: der Verbreitung einer Meinung, die es in sich hat! Womit wir bei der Initialz\u00fcndung f\u00fcr diesen Blog angekommen sind. Warum, wieso, weshalb wurde dieser Blog geboren?<\/p>\n<p>Das denkw\u00fcrdige Joint Venture &#8211; Komplott w\u00e4re vermutlich die bessere Vokabel! &#8211; einer handvoll M\u00e4nner &#8211; wollen wir sie Vereinsvorstand und Zeitungsleitung benennen? &#8211; zum Nachteil des Souver\u00e4ns sowie treuer Leser, hat Abgr\u00fcnde offenbart, die mich haben Partei ergreifen lassen, weil die Interessen einer Familie sowie tausender Segler sch\u00e4ndlich hinter- und \u00fcbergangen wurden. Der Sinnspruch \u201edie See im Herzen\u201c erscheint mir seither als Hohn, angesichts von Fakten, die als Menetekel nicht verblassen, weil die nackte Fratze finanzieller Interessen hier wie dort nicht mehr zu verstecken ist.<br \/>\n<img loading=\"lazy\" decoding=\"async\" src=\"https:\/\/windpilot.com\/blog\/wp-content\/uploads\/2022\/01\/PfarrerPeter-low-Kopie.jpg\" alt=\"\" width=\"2356\" height=\"1744\" class=\"aligncenter size-full wp-image-26177\" srcset=\"https:\/\/windpilot.com\/blog\/wp-content\/uploads\/2022\/01\/PfarrerPeter-low-Kopie.jpg 2356w, https:\/\/windpilot.com\/blog\/wp-content\/uploads\/2022\/01\/PfarrerPeter-low-Kopie-300x222.jpg 300w, https:\/\/windpilot.com\/blog\/wp-content\/uploads\/2022\/01\/PfarrerPeter-low-Kopie-1024x758.jpg 1024w, https:\/\/windpilot.com\/blog\/wp-content\/uploads\/2022\/01\/PfarrerPeter-low-Kopie-768x569.jpg 768w, https:\/\/windpilot.com\/blog\/wp-content\/uploads\/2022\/01\/PfarrerPeter-low-Kopie-1536x1137.jpg 1536w, https:\/\/windpilot.com\/blog\/wp-content\/uploads\/2022\/01\/PfarrerPeter-low-Kopie-2048x1516.jpg 2048w\" sizes=\"auto, (max-width: 2356px) 100vw, 2356px\" \/>Ich kenne die Wasserszene wie meine Westentasche, kenne Abh\u00e4ngigkeiten und <a href=\"https:\/\/windpilot.com\/blog\/deutsch-yacht-delius-klasing\/\">Animosit\u00e4ten<\/a>, bin verwundert, dass es stets immer nur um Lufthoheiten und finanzielle Interessen zu gehen scheint und freue mich jeden Tag \u00fcber die eigene Unabh\u00e4ngigkeit. Die Attraktivit\u00e4t dieses Mediums offenbart sich in den Besucherzahlen, eine sch\u00f6ne Best\u00e4tigung und Grund f\u00fcr mich, hier weiter zu machen, zumal das Material an Berichten, Geschichten und Ideen schier unendlich, weil ich einen besonderen Blick auf die Menschen habe, mit denen ich im Austausch stehe, denen ich Steuerfreiheit verschaffe und meine Existenz verdanke, weshalb ich den Seglern gerne Referenz erweise. In einer Welt, in der Kommerzialisierung als heiliger Gral erscheint, in der jede Nische der Monetarisierung unterworfen ist, lebe ich ein vergleichsweise kleines Leben und mache das, was ich seit bald einem halben Jahrhundert am besten kann: Produktion, weltweiter Vertrieb von Heckverzierungen, das Schreiben von <a href=\"https:\/\/windpilot.com\/books\/\">B\u00fcchern<\/a> und Blogs, was mir ein Leben in Freude m\u00f6glich macht. <\/p>\n<p>Wie dies Pensum zu schaffen ist? Die Antwort: es funktioniert, wenn zwei Menschen einander gefunden haben, die ihre Lebenszeit gut organisiert und effektiv, in Symbiose verbringen, die einander erg\u00e4nzen und sch\u00e4tzen, weil sie ein gemeinsames Ziel vor Augen haben. F\u00fcr mich der Zenith, den ich mir stets ertr\u00e4umt &#8230; ich bin dort angekommen! Ohne meine Frau noch einmal dezidiert zu befragen: sie sitzt neben mir auf dem <a href=\"https:\/\/windpilot.com\/blog\/biography\/hauptgewinn\/\">fliegenden Teppich<\/a>.<\/p>\n<p>Zuviel Preis gegeben? Ich hoffe nicht!<\/p>\n<p>31.12.2021<br \/>\nPeter Foerthmann<br \/>\n<img loading=\"lazy\" decoding=\"async\" src=\"https:\/\/windpilot.com\/blog\/wp-content\/uploads\/2021\/12\/A.-Peter-Lions-150x150.jpg\" alt=\"\" width=\"150\" height=\"150\" class=\"alignleft size-thumbnail wp-image-25886\" srcset=\"https:\/\/windpilot.com\/blog\/wp-content\/uploads\/2021\/12\/A.-Peter-Lions-150x150.jpg 150w, https:\/\/windpilot.com\/blog\/wp-content\/uploads\/2021\/12\/A.-Peter-Lions-300x300.jpg 300w, https:\/\/windpilot.com\/blog\/wp-content\/uploads\/2021\/12\/A.-Peter-Lions-1024x1020.jpg 1024w, https:\/\/windpilot.com\/blog\/wp-content\/uploads\/2021\/12\/A.-Peter-Lions-768x765.jpg 768w, https:\/\/windpilot.com\/blog\/wp-content\/uploads\/2021\/12\/A.-Peter-Lions-1536x1531.jpg 1536w, https:\/\/windpilot.com\/blog\/wp-content\/uploads\/2021\/12\/A.-Peter-Lions.jpg 1700w\" sizes=\"auto, (max-width: 150px) 100vw, 150px\" \/><\/p>\n","protected":false},"excerpt":{"rendered":"<p>DAS LEBEN IST BUNT X-Mas? War da was? Ist das schon vorbei? Komisch, wir haben gar nix davon gemerkt, die Strassen sind leer, der Bauch voll, die Arbeit macht sich von selbst, wenn oder weil das Telefon nicht st\u00f6rt. Kurz: &hellip; <a href=\"https:\/\/windpilot.com\/blog\/news\/2021-ein-wimpernschlag\/\">Weiterlesen <span class=\"meta-nav\">&rarr;<\/span><\/a><\/p>\n","protected":false},"author":1,"featured_media":0,"parent":16769,"menu_order":-16,"comment_status":"open","ping_status":"closed","template":"","meta":{"footnotes":""},"class_list":["post-26148","page","type-page","status-publish","hentry"],"_links":{"self":[{"href":"https:\/\/windpilot.com\/blog\/wp-json\/wp\/v2\/pages\/26148","targetHints":{"allow":["GET"]}}],"collection":[{"href":"https:\/\/windpilot.com\/blog\/wp-json\/wp\/v2\/pages"}],"about":[{"href":"https:\/\/windpilot.com\/blog\/wp-json\/wp\/v2\/types\/page"}],"author":[{"embeddable":true,"href":"https:\/\/windpilot.com\/blog\/wp-json\/wp\/v2\/users\/1"}],"replies":[{"embeddable":true,"href":"https:\/\/windpilot.com\/blog\/wp-json\/wp\/v2\/comments?post=26148"}],"version-history":[{"count":25,"href":"https:\/\/windpilot.com\/blog\/wp-json\/wp\/v2\/pages\/26148\/revisions"}],"predecessor-version":[{"id":26184,"href":"https:\/\/windpilot.com\/blog\/wp-json\/wp\/v2\/pages\/26148\/revisions\/26184"}],"up":[{"embeddable":true,"href":"https:\/\/windpilot.com\/blog\/wp-json\/wp\/v2\/pages\/16769"}],"wp:attachment":[{"href":"https:\/\/windpilot.com\/blog\/wp-json\/wp\/v2\/media?parent=26148"}],"curies":[{"name":"wp","href":"https:\/\/api.w.org\/{rel}","templated":true}]}}