{"id":26211,"date":"2022-01-17T09:36:28","date_gmt":"2022-01-17T16:36:28","guid":{"rendered":"https:\/\/windpilot.com\/blog\/?page_id=26211"},"modified":"2022-01-17T21:40:57","modified_gmt":"2022-01-18T04:40:57","slug":"autopilot-windpilot","status":"publish","type":"page","link":"https:\/\/windpilot.com\/blog\/press-tv\/kaufberatung\/autopilot-windpilot\/","title":{"rendered":"Autopilot &#8211; Windpilot"},"content":{"rendered":"<p><strong>LEHRSTUNDEN UNTERWEGS &#8211; DER DIREKTE VERGLEICH<\/strong><br \/>\n<img loading=\"lazy\" decoding=\"async\" src=\"https:\/\/windpilot.com\/blog\/wp-content\/uploads\/2022\/01\/20211229_184715.jpeg\" alt=\"\" width=\"1280\" height=\"720\" class=\"aligncenter size-full wp-image-26218\" srcset=\"https:\/\/windpilot.com\/blog\/wp-content\/uploads\/2022\/01\/20211229_184715.jpeg 1280w, https:\/\/windpilot.com\/blog\/wp-content\/uploads\/2022\/01\/20211229_184715-300x169.jpeg 300w, https:\/\/windpilot.com\/blog\/wp-content\/uploads\/2022\/01\/20211229_184715-1024x576.jpeg 1024w, https:\/\/windpilot.com\/blog\/wp-content\/uploads\/2022\/01\/20211229_184715-768x432.jpeg 768w\" sizes=\"auto, (max-width: 1280px) 100vw, 1280px\" \/>Ein friedliche Geschichte mit zwei pl\u00f6tzlichen Wendungen. Am 20.12.2021 erreicht mich dieser Hilferuf \u00fcber Iridium:<\/p>\n<blockquote><p>Mein Boot liegt zur Zeit in Mindelo, Kap Verden, bis dort hat mich mein Jefa Autopilot gebracht, nur musste ich feststellen das ihr Windpilot wohl doch die bessere Wahl f\u00fcr meine Atlantikrunde gewesen w\u00e4ren, denn die Jefa Anlage hat den Anforderungen nicht stand gehalten.<br \/>\nAn meiner van de Stadt Forna 37 w\u00e4re die Montage der Pacific problemlos m\u00f6glich, sogar die Badeleiter ist bereits seitlich montiert.<br \/>\nLieferung nach Mindelo oder Mitnahme als Sport Gep\u00e4ck im Flugzeug steht in frage, wenn die Verpackung entsprechend ausfallen kann. Ich bin gerade unterwegs nach Grenada mit der SV Mizar, einer Najad 390, unter Windpilot, keiner muss steuern. \u00dcberzeugung ohne Worte! Sowas will ich auch!<br \/>\nFrank Albrecht<\/p><\/blockquote>\n<p><img loading=\"lazy\" decoding=\"async\" src=\"https:\/\/windpilot.com\/blog\/wp-content\/uploads\/2022\/01\/20210912_092905.jpeg\" alt=\"\" width=\"1280\" height=\"720\" class=\"aligncenter size-full wp-image-26215\" srcset=\"https:\/\/windpilot.com\/blog\/wp-content\/uploads\/2022\/01\/20210912_092905.jpeg 1280w, https:\/\/windpilot.com\/blog\/wp-content\/uploads\/2022\/01\/20210912_092905-300x169.jpeg 300w, https:\/\/windpilot.com\/blog\/wp-content\/uploads\/2022\/01\/20210912_092905-1024x576.jpeg 1024w, https:\/\/windpilot.com\/blog\/wp-content\/uploads\/2022\/01\/20210912_092905-768x432.jpeg 768w\" sizes=\"auto, (max-width: 1280px) 100vw, 1280px\" \/>Als Frank mich am 14.01.2022 hier in der Werkstatt besuchte, erfuhr ich eine erstaunliche Geschichte. Die SV Invidia, eine Van de Stadt Forna 37, hatte Frank komplett selbst gebaut, als Stahlbauer eine sch\u00f6ne Freizeitbesch\u00e4ftigung, die ihn mit Unterbrechungen allerdings 16 Jahre in Atem gehalten hat.<br \/>\n<img loading=\"lazy\" decoding=\"async\" src=\"https:\/\/windpilot.com\/blog\/wp-content\/uploads\/2022\/01\/Najad-390.jpg\" alt=\"\" width=\"1416\" height=\"1454\" class=\"aligncenter size-full wp-image-26219\" srcset=\"https:\/\/windpilot.com\/blog\/wp-content\/uploads\/2022\/01\/Najad-390.jpg 1416w, https:\/\/windpilot.com\/blog\/wp-content\/uploads\/2022\/01\/Najad-390-292x300.jpg 292w, https:\/\/windpilot.com\/blog\/wp-content\/uploads\/2022\/01\/Najad-390-997x1024.jpg 997w, https:\/\/windpilot.com\/blog\/wp-content\/uploads\/2022\/01\/Najad-390-768x789.jpg 768w\" sizes=\"auto, (max-width: 1416px) 100vw, 1416px\" \/>Unterwegs gen S\u00fcden waren die Invidia und Mizar \u00fcber weite Strecken im Tandem unterwegs, im Orca Revier sogar nur wenige hundert Meter voneinander entfernt. Das dann folgende Szenaria kur vor Lissabon bleibt beiden Skippern unvergessen: schwarzweisse Schnellfische unter den Schiffen. Ein Biss, ein Schreck und das Ruder dar Najad war weg, dann war die Forna dran, solide in Stahl vom Eigner gebaut, hat der Orca vermutlich Zahnschmerzen bekommen, denn es sind nur winzige Dellen zu sehen, gleichwohl hat ein wildes Drehen der Radsteuerung keine weiteren Sch\u00e4den hinterlassen, was beim gemeinsamen Slippen in Alges PT festgestellt werden konnte. Eine Lektion der besonderen Art, beide Schiffe gingen weiter auf S\u00fcdkurs Richtung Cabo Verde.<br \/>\n<img loading=\"lazy\" decoding=\"async\" src=\"https:\/\/windpilot.com\/blog\/wp-content\/uploads\/2022\/01\/Forna-37-Albrecht.jpg\" alt=\"\" width=\"1474\" height=\"1234\" class=\"aligncenter size-full wp-image-26216\" srcset=\"https:\/\/windpilot.com\/blog\/wp-content\/uploads\/2022\/01\/Forna-37-Albrecht.jpg 1474w, https:\/\/windpilot.com\/blog\/wp-content\/uploads\/2022\/01\/Forna-37-Albrecht-300x251.jpg 300w, https:\/\/windpilot.com\/blog\/wp-content\/uploads\/2022\/01\/Forna-37-Albrecht-1024x857.jpg 1024w, https:\/\/windpilot.com\/blog\/wp-content\/uploads\/2022\/01\/Forna-37-Albrecht-768x643.jpg 768w\" sizes=\"auto, (max-width: 1474px) 100vw, 1474px\" \/>Der Ausfall der Jefa Steuerung erfolgte 3 Tage vor Erreichen von Mindelo, der Soloskipper hatte bis zur v\u00f6lligen Ersch\u00f6pfung zu steuern, dann f\u00fcr einige Stunden die Segel geborgen, um eine M\u00fctze voll Schlaf zu nehmen und hernach weiter zu segeln um v\u00f6llig ersch\u00f6pft anzukommen.<br \/>\n<img loading=\"lazy\" decoding=\"async\" src=\"https:\/\/windpilot.com\/blog\/wp-content\/uploads\/2022\/01\/forna-ruder.jpg\" alt=\"\" width=\"1426\" height=\"1472\" class=\"aligncenter size-full wp-image-26220\" srcset=\"https:\/\/windpilot.com\/blog\/wp-content\/uploads\/2022\/01\/forna-ruder.jpg 1426w, https:\/\/windpilot.com\/blog\/wp-content\/uploads\/2022\/01\/forna-ruder-291x300.jpg 291w, https:\/\/windpilot.com\/blog\/wp-content\/uploads\/2022\/01\/forna-ruder-992x1024.jpg 992w, https:\/\/windpilot.com\/blog\/wp-content\/uploads\/2022\/01\/forna-ruder-768x793.jpg 768w\" sizes=\"auto, (max-width: 1426px) 100vw, 1426px\" \/><br \/>\nDie Flugreise von Grenada nach Deutschland, sodann zu den Kapverden wurde zum Hindernisparcour, weil unterschiedliche Anforderungen der Airlines in Bezug auf Corona Anforderungen die Nerven des Skippers bis zum Zerreissen gespannt haben.<br \/>\nNun warte ich auf das Feedback von Frank, dessen Windpilot Pacific in alle Einzelteile zerlegt wurde, um in einen handlichen Karton zu passen, denn in heutigen Zeiten kann ein Luftfrachtversand zu den Kapverden zwar m\u00f6glicherweise klappen &#8230; muss aber nicht! Dies Szenario galt es zu vermeiden.<br \/>\nHat haarscharf geklappt, gestern fr\u00fch um 06:00 ging der Flug zur\u00fcck nach Mindelo &#8230;<br \/>\nIch liege auf der Mauer auf der Lauer und warte darauf, von Frank die Erfolgsmeldung zu erhalten &#8230;damit er sodann nach Westen aufbrechen um seine Freunde von der Mizar in der Karibik zu treffen.<br \/>\n<a href=\"http:\/\/www.instagram.com\/mizar.sailing\/\">WEITERLESEN SV MIZAR<\/a><br \/>\nMontag 17.01.2022<br \/>\nPeter Foerthmann<br \/>\n<img loading=\"lazy\" decoding=\"async\" src=\"https:\/\/windpilot.com\/blog\/wp-content\/uploads\/2021\/12\/A.-Peter-Lions-150x150.jpg\" alt=\"\" width=\"150\" height=\"150\" class=\"alignleft size-thumbnail wp-image-25886\" srcset=\"https:\/\/windpilot.com\/blog\/wp-content\/uploads\/2021\/12\/A.-Peter-Lions-150x150.jpg 150w, https:\/\/windpilot.com\/blog\/wp-content\/uploads\/2021\/12\/A.-Peter-Lions-300x300.jpg 300w, https:\/\/windpilot.com\/blog\/wp-content\/uploads\/2021\/12\/A.-Peter-Lions-1024x1020.jpg 1024w, https:\/\/windpilot.com\/blog\/wp-content\/uploads\/2021\/12\/A.-Peter-Lions-768x765.jpg 768w, https:\/\/windpilot.com\/blog\/wp-content\/uploads\/2021\/12\/A.-Peter-Lions-1536x1531.jpg 1536w, https:\/\/windpilot.com\/blog\/wp-content\/uploads\/2021\/12\/A.-Peter-Lions.jpg 1700w\" sizes=\"auto, (max-width: 150px) 100vw, 150px\" \/><\/p>\n","protected":false},"excerpt":{"rendered":"<p>LEHRSTUNDEN UNTERWEGS &#8211; DER DIREKTE VERGLEICH Ein friedliche Geschichte mit zwei pl\u00f6tzlichen Wendungen. Am 20.12.2021 erreicht mich dieser Hilferuf \u00fcber Iridium: Mein Boot liegt zur Zeit in Mindelo, Kap Verden, bis dort hat mich mein Jefa Autopilot gebracht, nur musste &hellip; <a href=\"https:\/\/windpilot.com\/blog\/press-tv\/kaufberatung\/autopilot-windpilot\/\">Weiterlesen <span class=\"meta-nav\">&rarr;<\/span><\/a><\/p>\n","protected":false},"author":1,"featured_media":0,"parent":23567,"menu_order":-3,"comment_status":"open","ping_status":"closed","template":"","meta":{"footnotes":""},"class_list":["post-26211","page","type-page","status-publish","hentry"],"_links":{"self":[{"href":"https:\/\/windpilot.com\/blog\/wp-json\/wp\/v2\/pages\/26211","targetHints":{"allow":["GET"]}}],"collection":[{"href":"https:\/\/windpilot.com\/blog\/wp-json\/wp\/v2\/pages"}],"about":[{"href":"https:\/\/windpilot.com\/blog\/wp-json\/wp\/v2\/types\/page"}],"author":[{"embeddable":true,"href":"https:\/\/windpilot.com\/blog\/wp-json\/wp\/v2\/users\/1"}],"replies":[{"embeddable":true,"href":"https:\/\/windpilot.com\/blog\/wp-json\/wp\/v2\/comments?post=26211"}],"version-history":[{"count":11,"href":"https:\/\/windpilot.com\/blog\/wp-json\/wp\/v2\/pages\/26211\/revisions"}],"predecessor-version":[{"id":26237,"href":"https:\/\/windpilot.com\/blog\/wp-json\/wp\/v2\/pages\/26211\/revisions\/26237"}],"up":[{"embeddable":true,"href":"https:\/\/windpilot.com\/blog\/wp-json\/wp\/v2\/pages\/23567"}],"wp:attachment":[{"href":"https:\/\/windpilot.com\/blog\/wp-json\/wp\/v2\/media?parent=26211"}],"curies":[{"name":"wp","href":"https:\/\/api.w.org\/{rel}","templated":true}]}}