{"id":26309,"date":"2022-02-02T09:00:30","date_gmt":"2022-02-02T16:00:30","guid":{"rendered":"https:\/\/windpilot.com\/blog\/?page_id=26309"},"modified":"2022-02-03T02:45:11","modified_gmt":"2022-02-03T09:45:11","slug":"sv-bluebird-max-willis-us","status":"publish","type":"page","link":"https:\/\/windpilot.com\/blog\/schiffe\/gebrauchtyachten\/sv-bluebird-max-willis-us\/","title":{"rendered":"Migrant 45"},"content":{"rendered":"<p><strong>BERATUNGS ALS KURZWEIL<\/strong><br \/>\n<img loading=\"lazy\" decoding=\"async\" src=\"https:\/\/windpilot.com\/blog\/wp-content\/uploads\/2022\/02\/Bluebird.jpg\" alt=\"\" width=\"944\" height=\"884\" class=\"aligncenter size-full wp-image-26310\" srcset=\"https:\/\/windpilot.com\/blog\/wp-content\/uploads\/2022\/02\/Bluebird.jpg 944w, https:\/\/windpilot.com\/blog\/wp-content\/uploads\/2022\/02\/Bluebird-300x281.jpg 300w, https:\/\/windpilot.com\/blog\/wp-content\/uploads\/2022\/02\/Bluebird-768x719.jpg 768w\" sizes=\"auto, (max-width: 944px) 100vw, 944px\" \/>Eine Mail wie diese geht direkt in mein Herz, weil sie mich am richtigen Ende packt und ich keine Ehrenrunden drehen muss, um in Bezug auf Schiffe allzu vorsichtig die Worte zu w\u00e4hlen. Ich kann statt dessen subito und flott zur Sache kommen.<\/p>\n<blockquote><p>Hi Peter, my name is Max Willis, i am about to buy a boat and i want to put a windpilot on it.<\/p><\/blockquote>\n<p><img loading=\"lazy\" decoding=\"async\" src=\"https:\/\/windpilot.com\/blog\/wp-content\/uploads\/2022\/02\/Liberty.jpg\" alt=\"\" width=\"2020\" height=\"1384\" class=\"aligncenter size-full wp-image-26311\" srcset=\"https:\/\/windpilot.com\/blog\/wp-content\/uploads\/2022\/02\/Liberty.jpg 2020w, https:\/\/windpilot.com\/blog\/wp-content\/uploads\/2022\/02\/Liberty-300x206.jpg 300w, https:\/\/windpilot.com\/blog\/wp-content\/uploads\/2022\/02\/Liberty-1024x702.jpg 1024w, https:\/\/windpilot.com\/blog\/wp-content\/uploads\/2022\/02\/Liberty-768x526.jpg 768w, https:\/\/windpilot.com\/blog\/wp-content\/uploads\/2022\/02\/Liberty-1536x1052.jpg 1536w\" sizes=\"auto, (max-width: 2020px) 100vw, 2020px\" \/>Und so lernte ich Max im Verlauf von 12 Monaten \/ 25 Mais ein wenig besser kennen, habe ihn virtuell beraten, von etlichen Schiffen ferngehalten und ihm einige wenige sodann ans Herz gelegt. Als US Wissenschaftler war Max f\u00fcr viele Monate auf Madeira stationiert, wo er seine Arbeit wie folgt beschrieben hat<\/p>\n<blockquote><p>We are developing a low-cost ocean data buoy, to release it as a free DIY kit for marine and coastal ecosystem monitoring. it\u2019s a critical design that aims to challenge the status quo of prohibitively expensive technology and dependence of Small Island Developing States on research institutions in wealthy \u2018patron\u2019 nations, by offering easy to build and use tools to scientists and citizens for free.<\/p>\n<p>communities in the islands, be they EU outermost regions like Madeira and the Canaries, or Overseas Territories in the Caribbean and Indian Ocean are imminently threatened by climate change and need access to monitoring technology to sustainably manage resources and local practices. We plan to sail around to these places, share and grow the project. <\/p>\n<p>here some info, this thursday we passed a milestone, our data buoy finally has radio transmission of data to shore, to our institute server and nearly real-time available <a href=\"https:\/\/islandfutures.net\/databuoy\/\">via mobile phone browser<\/a> <\/p><\/blockquote>\n<p><img loading=\"lazy\" decoding=\"async\" src=\"https:\/\/windpilot.com\/blog\/wp-content\/uploads\/2022\/02\/IMG_4075-rotated.jpg\" alt=\"\" width=\"640\" height=\"480\" class=\"aligncenter size-full wp-image-26312\" srcset=\"https:\/\/windpilot.com\/blog\/wp-content\/uploads\/2022\/02\/IMG_4075-rotated.jpg 640w, https:\/\/windpilot.com\/blog\/wp-content\/uploads\/2022\/02\/IMG_4075-300x225.jpg 300w\" sizes=\"auto, (max-width: 640px) 100vw, 640px\" \/>Ein abenteuerlicher Ritt durch die Angebots Flora und Fauna von gebrauchten Schiffen, die in Europa verstreut, teils verzweifelt auf einen neuen Eigner zu warten schienen &#8230; und ein besonderes Vergn\u00fcgen, diesen Parforceritt in rasantem Austausch mit klugen Menschen zu vollziehen, die fundierten Fakten innerhalb von Sekunden zu folgen bereit und in der Lage waren. Ein Hochvergn\u00fcgen und sch\u00f6ne Abwechslung f\u00fcr die neverending stattfindende Karawane von Seglern, die eine Heckverzierung nachfragen. Denn die Schiffe vor den Heckverzierungen haben stets mein besonderes Interesse, <a href=\"https:\/\/windpilot.com\/blog\/windpilot-books-2\/bootsbau\/\">wie nachzulesen ist<\/a>. Von Amel, Moody, Najad, einer Amica, Bostr\u00f6m 37 in Oslo, eine Contessa 38 in Athen, kam dann ein wundervolles Schiff in den Fokus, das sofort in die Herzen hineingeschl\u00fcpft und im October 2021 in Connecticut gekauft und \u00fcbernommen wurde:<br \/>\n<img loading=\"lazy\" decoding=\"async\" src=\"https:\/\/windpilot.com\/blog\/wp-content\/uploads\/2022\/02\/IMG_4091.jpg\" alt=\"\" width=\"640\" height=\"480\" class=\"aligncenter size-full wp-image-26313\" srcset=\"https:\/\/windpilot.com\/blog\/wp-content\/uploads\/2022\/02\/IMG_4091.jpg 640w, https:\/\/windpilot.com\/blog\/wp-content\/uploads\/2022\/02\/IMG_4091-300x225.jpg 300w\" sizes=\"auto, (max-width: 640px) 100vw, 640px\" \/><br \/>\n<strong>SV BLUEBIRD ONE OFF MIGRANT 45<\/strong>, ex Racing boat from England, supersolide in GFK gebaut, f\u00fcr einen Preis, den man an dieser Stelle wohl schamhaft verschweigen sollte. Max hat sich sofort verliebt, hat den Verk\u00e4ufer als mate of soul erkannt und ist inzwischen \u00fcber Cape Canaveral und die Bahamas nach Florida gesegelt, um seine Mutter in Tampa zu besuchen, den Voreigner an Bord. Ein harmonisches Zusammenspiel zwischen Verk\u00e4ufer und K\u00e4ufer, wie es eigentlich so sehr w\u00fcnschenswert ist, wenngleich wir alle wissen, dass dies nur m\u00f6glich ist, wenn beide Parteien in respektvollem Umgang Fairness im Kopf tragen &#8230; eine seltene Gabe, die keineswegs selbstverst\u00e4ndlich ist.<br \/>\nMax wird in den kommenden Wochen eine Windpilot Anlage installieren &#8230;obwohl wir bis dato noch nicht einmal dar\u00fcber gesprochen haben.<\/p>\n<p>Hamburg 02.02.2022<br \/>\nPeter Foerthmann<br \/>\n<img loading=\"lazy\" decoding=\"async\" src=\"https:\/\/windpilot.com\/blog\/wp-content\/uploads\/2022\/02\/A.-Peter-Lions-150x150.jpg\" alt=\"\" width=\"150\" height=\"150\" class=\"alignleft size-thumbnail wp-image-26314\" srcset=\"https:\/\/windpilot.com\/blog\/wp-content\/uploads\/2022\/02\/A.-Peter-Lions-150x150.jpg 150w, https:\/\/windpilot.com\/blog\/wp-content\/uploads\/2022\/02\/A.-Peter-Lions-300x300.jpg 300w, https:\/\/windpilot.com\/blog\/wp-content\/uploads\/2022\/02\/A.-Peter-Lions-1024x1020.jpg 1024w, https:\/\/windpilot.com\/blog\/wp-content\/uploads\/2022\/02\/A.-Peter-Lions-768x765.jpg 768w, https:\/\/windpilot.com\/blog\/wp-content\/uploads\/2022\/02\/A.-Peter-Lions-1536x1531.jpg 1536w, https:\/\/windpilot.com\/blog\/wp-content\/uploads\/2022\/02\/A.-Peter-Lions.jpg 1700w\" sizes=\"auto, (max-width: 150px) 100vw, 150px\" \/><\/p>\n","protected":false},"excerpt":{"rendered":"<p>BERATUNGS ALS KURZWEIL Eine Mail wie diese geht direkt in mein Herz, weil sie mich am richtigen Ende packt und ich keine Ehrenrunden drehen muss, um in Bezug auf Schiffe allzu vorsichtig die Worte zu w\u00e4hlen. Ich kann statt dessen &hellip; <a href=\"https:\/\/windpilot.com\/blog\/schiffe\/gebrauchtyachten\/sv-bluebird-max-willis-us\/\">Weiterlesen <span class=\"meta-nav\">&rarr;<\/span><\/a><\/p>\n","protected":false},"author":1,"featured_media":0,"parent":15914,"menu_order":-8,"comment_status":"open","ping_status":"closed","template":"","meta":{"footnotes":""},"class_list":["post-26309","page","type-page","status-publish","hentry"],"_links":{"self":[{"href":"https:\/\/windpilot.com\/blog\/wp-json\/wp\/v2\/pages\/26309","targetHints":{"allow":["GET"]}}],"collection":[{"href":"https:\/\/windpilot.com\/blog\/wp-json\/wp\/v2\/pages"}],"about":[{"href":"https:\/\/windpilot.com\/blog\/wp-json\/wp\/v2\/types\/page"}],"author":[{"embeddable":true,"href":"https:\/\/windpilot.com\/blog\/wp-json\/wp\/v2\/users\/1"}],"replies":[{"embeddable":true,"href":"https:\/\/windpilot.com\/blog\/wp-json\/wp\/v2\/comments?post=26309"}],"version-history":[{"count":8,"href":"https:\/\/windpilot.com\/blog\/wp-json\/wp\/v2\/pages\/26309\/revisions"}],"predecessor-version":[{"id":26348,"href":"https:\/\/windpilot.com\/blog\/wp-json\/wp\/v2\/pages\/26309\/revisions\/26348"}],"up":[{"embeddable":true,"href":"https:\/\/windpilot.com\/blog\/wp-json\/wp\/v2\/pages\/15914"}],"wp:attachment":[{"href":"https:\/\/windpilot.com\/blog\/wp-json\/wp\/v2\/media?parent=26309"}],"curies":[{"name":"wp","href":"https:\/\/api.w.org\/{rel}","templated":true}]}}