{"id":26530,"date":"2022-03-20T09:11:59","date_gmt":"2022-03-20T16:11:59","guid":{"rendered":"https:\/\/windpilot.com\/blog\/?page_id=26530"},"modified":"2022-12-20T09:17:46","modified_gmt":"2022-12-20T16:17:46","slug":"cleaning-bevel-gears","status":"publish","type":"page","link":"https:\/\/windpilot.com\/blog\/press-tv\/service-tipps\/cleaning-bevel-gears\/","title":{"rendered":"Cleaning bevel gears"},"content":{"rendered":"<p><img loading=\"lazy\" decoding=\"async\" src=\"https:\/\/windpilot.com\/blog\/wp-content\/uploads\/2022\/12\/service-1024x768.jpeg\" alt=\"\" width=\"640\" height=\"480\" class=\"aligncenter size-large wp-image-28223\" srcset=\"https:\/\/windpilot.com\/blog\/wp-content\/uploads\/2022\/12\/service-1024x768.jpeg 1024w, https:\/\/windpilot.com\/blog\/wp-content\/uploads\/2022\/12\/service-300x225.jpeg 300w, https:\/\/windpilot.com\/blog\/wp-content\/uploads\/2022\/12\/service-768x576.jpeg 768w, https:\/\/windpilot.com\/blog\/wp-content\/uploads\/2022\/12\/service.jpeg 1280w\" sizes=\"auto, (max-width: 640px) 100vw, 640px\" \/>Seit nunmehr 12 Jahren in Betrieb, ist Hans Geilinger mit seiner <a href=\"https:\/\/www.tuvalubarcelona.es\/de\/\">SV TUVALU<\/a>, coronabedingt, in Langkawi h\u00e4ngengeblieben. Seine Dufour 40 wurde dort drei Jahre alleine gelassen und wird nun f\u00fcr den letzten Teil der Weltumsegelung vorbereitet.<br \/>\n<img loading=\"lazy\" decoding=\"async\" src=\"https:\/\/windpilot.com\/blog\/wp-content\/uploads\/2022\/12\/web-8.jpg\" alt=\"\" width=\"1024\" height=\"768\" class=\"aligncenter size-full wp-image-28224\" srcset=\"https:\/\/windpilot.com\/blog\/wp-content\/uploads\/2022\/12\/web-8.jpg 1024w, https:\/\/windpilot.com\/blog\/wp-content\/uploads\/2022\/12\/web-8-300x225.jpg 300w, https:\/\/windpilot.com\/blog\/wp-content\/uploads\/2022\/12\/web-8-768x576.jpg 768w\" sizes=\"auto, (max-width: 1024px) 100vw, 1024px\" \/>Hier der aktuelle Stand der Wartungsarbeiten:<\/p>\n<blockquote><p>Lieber Peter, Nach 3 Jahren in Rebak Marina, Langkawi, Malaysia gehts nun endlich wieder weiter. Mein treuer Windpilot ist nach so langem Rumstehen etwas schwerg\u00e4ngig, also habe ich versucht, gem\u00e4ss Deinen Instruktionen das Kegelrad Klein Nr 305 zu demontieren (S.25) um die Lager zu reinigen. Im Wasser &#8211; in der Marina &#8211; bewegt sich das Steuerruder zwar noch etwas streng hin und her. Aber nach der Demontage nun im Cockpit konnte ich nach dem L\u00f6sen der Schraube 250 und der Schubstange die Achse nicht nach vorne Richtung 331\/333 abziehen.<\/p>\n<p>Da ich nicht rohe Gewalt anwenden will: Wie kriege ich das Ding ab, um an die Lager zu kommen?<br \/>\nW\u00e4re sehr froh um Deine Tipps.<br \/>\nherzlichst<br \/>\nHans<br \/>\nPs. Im Januar gehts ab Richtung Rotes Meer zur\u00fcck ins Mittelmeer\u2026und Dein unglaublicher Windpilot hat alle langen Strecken gesteuert, so hoffentlich auch die letzten 4.500sm<\/p><\/blockquote>\n<p><img loading=\"lazy\" decoding=\"async\" src=\"https:\/\/windpilot.com\/blog\/wp-content\/uploads\/2022\/12\/719C7E79-4E01-4797-82C8-CDF05DF1CCA3_1_105_c-Kopie.jpeg\" alt=\"\" width=\"1024\" height=\"768\" class=\"aligncenter size-full wp-image-28225\" srcset=\"https:\/\/windpilot.com\/blog\/wp-content\/uploads\/2022\/12\/719C7E79-4E01-4797-82C8-CDF05DF1CCA3_1_105_c-Kopie.jpeg 1024w, https:\/\/windpilot.com\/blog\/wp-content\/uploads\/2022\/12\/719C7E79-4E01-4797-82C8-CDF05DF1CCA3_1_105_c-Kopie-300x225.jpeg 300w, https:\/\/windpilot.com\/blog\/wp-content\/uploads\/2022\/12\/719C7E79-4E01-4797-82C8-CDF05DF1CCA3_1_105_c-Kopie-768x576.jpeg 768w\" sizes=\"auto, (max-width: 1024px) 100vw, 1024px\" \/>Lieber Hans,<br \/>\nsch\u00f6n von Dir zu h\u00f6ren, gerade neulich habe ich von einer anderen Tuvalu geh\u00f6rt und sogleich an Dich gedacht!<\/p>\n<p>Nun also wollen wir uns Deiner Faulheit zuwenden! Ich weiss natuerlich, dass Segler, einmal unterwegs, fast regelm\u00e4ssig ins Koma fallen, und sodann \u00fcber lange Zeitr\u00e4ume vergessen, dass auch ihr Steuersklave schon mal Zuwendung braucht, damit der dann wieder das macht, was er soll und was in den Prospekten steht: STEUERFREIHEIT bis hinter den Horizont.<\/p>\n<p>In Deinem Fall liegt die <a href=\"https:\/\/www.windpilot.com\/n\/wind\/de\/serv\/manu\/zeipacific\">L\u00f6sung dicht vor Deiner Nase<\/a><\/p>\n<p>zwischen den Gussteilen #800 und #330 beidseitig mit einem Brecheisen in den dort vorhandenen Spalt &#8230; die Teile auseinanderhebeln &#8230; Du kannst da nix kaputt machen, keine Angst!  Falls sich schon zu viel Salz un Dreck angesammelt ist &#8211; weil Du zu lange faul gewesen bist! &#8211; spanne Bauteil #800 in einen Schraubstock &#8230; und mache weiter mit den beiden Brecheisen &#8230; und bewege zeitgleich den Arm #250.<\/p>\n<p>Der Kl\u00fcgere gibt nach &#8230; Du wirst sehen, dass sich alle Teile Deiner Gewalt schnell beugen werden.<\/p>\n<p>Sodann ist Saubermachen angesagt, auch die <strong>Pendelachse #340<\/strong> muss raus, damit Du hernach an die <strong>KONTERMUTTER #331 der ACHSE #334<\/strong> herankommen und sie l\u00f6sen kannst. Die ist die Mutter, die Du niemals vergessen solltest bevor die Achse 334 herauszudrehen ist, weil ansonsten das Gewinde im Gussteil #330 zerst\u00f6rt und der Schaden kaum noch zu beheben sein wird.<\/p>\n<p>Dann gehts weiter:<br \/>\n&#8211; alle Bauteile reinigen und von Salz befreien<br \/>\n&#8211; Grosses Kegelrad 325 an der unteren Fl\u00e4che \/ Auflage zum Lager 328 POLIEREN<br \/>\n&#8211; Lager 328 reinigen von Salz befreien &#8230;.<\/p>\n<p>Und am Ende alle Bauteile wieder zusammenbauen, wobei die Position der Kegelr\u00e4der gem\u00e4ss Handbuch zu beachten sind. <strong>AM BESTEN DU MARKIERST diese Position vor der Demontage mit einem MARKER.<\/strong><\/p>\n<p>Beim Zusammenbau alle Teil mit Silikon Spray versehen, damit die Leichtg\u00e4ngigkeit ihren Skipper ruhig schlafen l\u00e4sst, weil der ganze schwimmende weisse Schwan temperamentvoll zur Sache geht, sein Steuersklave also sensibel steuern sollte &#8230;<br \/>\nSo, wie Du das kennst und seit Jahren geniesst &#8230;<br \/>\nHabe die Ehre<br \/>\nPeter<br \/>\n<img loading=\"lazy\" decoding=\"async\" src=\"https:\/\/windpilot.com\/blog\/wp-content\/uploads\/2022\/12\/web-3-Kopie-2.jpg\" alt=\"\" width=\"1024\" height=\"768\" class=\"aligncenter size-full wp-image-28228\" srcset=\"https:\/\/windpilot.com\/blog\/wp-content\/uploads\/2022\/12\/web-3-Kopie-2.jpg 1024w, https:\/\/windpilot.com\/blog\/wp-content\/uploads\/2022\/12\/web-3-Kopie-2-300x225.jpg 300w, https:\/\/windpilot.com\/blog\/wp-content\/uploads\/2022\/12\/web-3-Kopie-2-768x576.jpg 768w\" sizes=\"auto, (max-width: 1024px) 100vw, 1024px\" \/><\/p>\n<blockquote><p>Moin Peter<br \/>\nWie gewohnt super schnell und weise!<\/p>\n<p>Tats\u00e4chlich war ich etwas faul mit dem Unterhalt war, da liegst Du ganz richtig &#8211; prim\u00e4r weil das Ding ja einfach endlos und unterhaltsfrei l\u00e4uft (bin auf 45.000 Meilen ohne den Windpilot jemals auseinander genommen zu haben, bloss dann und wann etwas S\u00fcsswasser und Silikonspray &#8211; nie Fett oder \u00d6L), aber auch weil die letzten drei Jahre der TUVALU ohne mich stattgefunden haben &#8211; ich in Barcelona im Lockdown, sie hier. Aber nun sind wir zusammen und schauen uns gegenseitig!<\/p>\n<p>Herzlichsten Dank fur Deine Instruktionen, nun kann ich mich mutig daran machen. Siehe unten, richtig so, nicht?<br \/>\nLiebe Gr\u00fcsse<br \/>\nHans   <a href=\"https:\/\/www.tuvalubarcelona.es\/de\/el-anhelo\/\">SV Tuvalu<\/a><\/p><\/blockquote>\n<p><img loading=\"lazy\" decoding=\"async\" src=\"https:\/\/windpilot.com\/blog\/wp-content\/uploads\/2022\/12\/IMG_8077D-Kopie.jpeg\" alt=\"\" width=\"640\" height=\"480\" class=\"aligncenter size-full wp-image-28235\" srcset=\"https:\/\/windpilot.com\/blog\/wp-content\/uploads\/2022\/12\/IMG_8077D-Kopie.jpeg 640w, https:\/\/windpilot.com\/blog\/wp-content\/uploads\/2022\/12\/IMG_8077D-Kopie-300x225.jpeg 300w\" sizes=\"auto, (max-width: 640px) 100vw, 640px\" \/>Moin Hans, und f\u00fcr den finalen Zusammenbau schau Dir das folgende Foto an &#8230; Du wirst erkennen, dass das kleine Kegelrad 305 auf der >Achse ca 5 mm axiales Spiel hat! Dies kannst Du einstellen, indem Du von achtern \/ innen die Kontermutter entsprechend fixierst.<\/p>\n<p>Der Grund dieses Tricks ist einfach: damit kann Hein Segler in Zukunft einfach im Hafen &#8211; wenn er gerade Langeweile haben sollte? &#8211; das Salz HINTER dem Kegelrad mit einem Metalls\u00e4geblatt entfernen und dort Silikonspray einspritzen &#8230; damit sich Salzkristalle bereits im Fr\u00fchstadium &#8230; verd\u00fcnnisieren. Dann kannst Du auf See einfach weiterschlafen!<\/p>\n<p>Ach ja:<br \/>\n&#8211; Bolzen \/ Achse #334 im Gewinde mit Lanolin einsetzen, dann kann auch dort nicht mehr passieren &#8230; zur Sicherheit wurde dort eine 1mm U-scheibe aus Teflon eingesetzt, damit das Lanolin nicht das Kegelrad \u201ebehindert\u201c.<\/p>\n<p>MERRY X-MAS<br \/>\nw\u00fcnscht<br \/>\nPeter<br \/>\n<img loading=\"lazy\" decoding=\"async\" src=\"https:\/\/windpilot.com\/blog\/wp-content\/uploads\/2022\/12\/image8-768x1024.jpeg\" alt=\"\" width=\"640\" height=\"853\" class=\"aligncenter size-large wp-image-28229\" srcset=\"https:\/\/windpilot.com\/blog\/wp-content\/uploads\/2022\/12\/image8-768x1024.jpeg 768w, https:\/\/windpilot.com\/blog\/wp-content\/uploads\/2022\/12\/image8-225x300.jpeg 225w, https:\/\/windpilot.com\/blog\/wp-content\/uploads\/2022\/12\/image8-rotated.jpeg 960w\" sizes=\"auto, (max-width: 640px) 100vw, 640px\" \/><\/p>\n<blockquote><p>Lieber Peter<br \/>\nNun habe ich einen zweiten Morgen lang die Faulheit abgelegt.<\/p>\n<p><strong>Positiv:<\/strong><br \/>\nDie Kegelr\u00e4der sind gereinigt wie instruiert und gehen wieder super leicht, vom Ruderblatt bis hinauf zur Windfahne.\u00a0<\/p>\n<p><strong>Negativ:<\/strong><br \/>\nDen #800 konnte ich trotz stundenlangem Hebeln nicht abziehen. Ich habe alles intensiv mit S\u00fcsswasser und manchmal mit Waschmittel gew\u00e4ssert, nie mit Kriech\u00f6l. Nichts bewegt sich.\u00a0<\/p>\n<p>Anbei eine Schnittzeichnung, so ist es nicht? Will das ja richtig verstehen.<\/p>\n<p>Ich kann die beiden Arme #250 zu #330 schon besser hin und her Hebeln, ist wohl in etwa wie vor der Pandemie als wir das letzte mal segelten.<\/p>\n<p>Vielleicht kann der Mechaniker hier in der Marina am Montag den Flansch in seinen Schraubstock spannen. Aber so wie der festsitzt habe ich meine Zweifel.<\/p>\n<p>Vermutlich k\u00f6nnte ich so wieder mit dem Windpilot wieder segeln, im Sinne von Never change a Running System\u2026\u00a0<br \/>\nLass h\u00f6ren<br \/>\nHans<\/p><\/blockquote>\n<p><img loading=\"lazy\" decoding=\"async\" src=\"https:\/\/windpilot.com\/blog\/wp-content\/uploads\/2022\/12\/Tuvalu-Kopie-2-768x1024.jpeg\" alt=\"\" width=\"640\" height=\"853\" class=\"aligncenter size-large wp-image-28226\" srcset=\"https:\/\/windpilot.com\/blog\/wp-content\/uploads\/2022\/12\/Tuvalu-Kopie-2-768x1024.jpeg 768w, https:\/\/windpilot.com\/blog\/wp-content\/uploads\/2022\/12\/Tuvalu-Kopie-2-225x300.jpeg 225w, https:\/\/windpilot.com\/blog\/wp-content\/uploads\/2022\/12\/Tuvalu-Kopie-2-rotated.jpeg 960w\" sizes=\"auto, (max-width: 640px) 100vw, 640px\" \/>Schicke Zeichnung &#8230; hast Du fein gemacht und korrekt verstanden &#8230; okay, naja Zeichnungen sind ja immerhin DEIN Element, mit denen Du Auftraggeber, B\u00fcrgermeister und wichtige CEO\u00b4s allesamt mischugge zeichnen kannst ( okay joking! ) &#8230; <\/p>\n<p>Klar kann man nun die faule L\u00f6sung w\u00e4hlen &#8230; einfach wieder zusammenbauen und weitersegeln hier und dort ein wenig Silikonspray draufgeben &#8230;<\/p>\n<p>Aber besser w\u00e4re schon der Auseinanderbau, d.h Bauteil 800 \u00fcber die volle Fl\u00e4che in einen soliden Schraubstock und dann mit den beide Brechstangen HEBELN.<\/p>\n<p>KEINESFALLS mit Hitze \/ Brenner \/ offener Flamme, weil dabei s\u00e4mtliche PTFE Lager sich aufl\u00f6sen w\u00fcrden. ggf. das ganze Ensemble \u00fcber Nacht in eine Wanne mit Petroleum legen &#8230; und waaaarten.<\/p>\n<p>Denn es w\u00e4re schon schick und wichtig den Achsbolzen 334 komplett rauszuzdrehen, das Gewinde mit Lanolin zu behandeln und sodann mit dem notwendigen Abstand wieder einzusetzen \/ \u00b4von innen zu kontern &#8230;<\/p>\n<p>Lass h\u00f6ren, ob Du Erfolg hast &#8230; und Fotos nicht vergessen, die dann die Hitze der Tage vermitteln, denn: hier herrscht tiefster Winter &#8230;. da machen warme Fotos schon mal Sinn.<\/p>\n<p>allerbest<br \/>\nPeter<br \/>\n<img loading=\"lazy\" decoding=\"async\" src=\"https:\/\/windpilot.com\/blog\/wp-content\/uploads\/2022\/12\/image0-Kopie.jpeg\" alt=\"\" width=\"640\" height=\"480\" class=\"aligncenter size-full wp-image-28230\" srcset=\"https:\/\/windpilot.com\/blog\/wp-content\/uploads\/2022\/12\/image0-Kopie.jpeg 640w, https:\/\/windpilot.com\/blog\/wp-content\/uploads\/2022\/12\/image0-Kopie-300x225.jpeg 300w\" sizes=\"auto, (max-width: 640px) 100vw, 640px\" \/><\/p>\n<blockquote><p>Lieber Peter, seit heute Morgen fr\u00fch liegt das Teil zufrieden wie in Fisch im S\u00fcsswasser. Da lasse ich es mal so f\u00fcr 2 Tage, das tut ihm ja sicher gut, die Zeit wird\u2019s richten wie Du sagst. Nach dem Weichsp\u00fchlen sehen wir dann wieder weiter\u2026\u00a0 Soviel Kriech\u00f6l hatte ich nicht, also hab ich Wasser genommen. Ansonsten beneide ich euch um die K\u00fchlschranktemparatur, hier haben wir 34 Grad im Schatten\u2026<br \/>\nHerzlichst\u00a0<br \/>\nHans<\/p><\/blockquote>\n<p>Prima, so gehts weiter, immer heiter, auch wenn die H\u00fclle schwitzt, weil die Sonne blitzt &#8230;<\/p>\n<p>Was mir noch so durch den Kopf geht: Vielleicht w\u00e4re der weitere Weg zur\u00fcck nach Europa sinnvoller, wie es die beiden von der SY Gegenwind gew\u00e4hlt haben:<\/p>\n<blockquote class=\"wp-embedded-content\" data-secret=\"bB6eddv2Ho\"><p><a href=\"https:\/\/windpilot.com\/blog\/blog\/blogs\/sv-gegenwind-asha-reich-helge-assmann-ger-8\/\">SV Gegenwind &#8211; Asha Reich &#8211; Helge A\u00dfmann GER<\/a><\/p><\/blockquote>\n<p><iframe loading=\"lazy\" class=\"wp-embedded-content\" sandbox=\"allow-scripts\" security=\"restricted\" style=\"position: absolute; clip: rect(1px, 1px, 1px, 1px);\" title=\"&#8222;SV Gegenwind &#8211; Asha Reich &#8211; Helge A\u00dfmann GER&#8220; &#8212; Windpilot Blog\" src=\"https:\/\/windpilot.com\/blog\/blog\/blogs\/sv-gegenwind-asha-reich-helge-assmann-ger-8\/embed\/#?secret=SwyQFFMQKK#?secret=bB6eddv2Ho\" data-secret=\"bB6eddv2Ho\" width=\"600\" height=\"338\" frameborder=\"0\" marginwidth=\"0\" marginheight=\"0\" scrolling=\"no\"><\/iframe><\/p>\n<p>Der <a href=\"https:\/\/www.sevenstar-yacht-transport.com\">Bahnhof f\u00fcr den T\u00fcrkei T\u00f6rn<\/a>, liegt bei Euch um die Ecke, klappt regelm\u00e4ssig und enthebt ggf. einer Unmenge von unsch\u00f6nen Ereignissen, die unterwegs passieren k\u00f6nnen &#8230; i.e. der lange Schlauch durch ein d\u00fcnnes Meer voller Feinde, die am Rande stehen und auch auf Segler warten &#8230; zumal der Wind samt Sand in die Nase weht.<br \/>\nNur mal so dahin gedacht&#8230;.<br \/>\nherzlich<br \/>\nPeter<br \/>\n<img loading=\"lazy\" decoding=\"async\" src=\"https:\/\/windpilot.com\/blog\/wp-content\/uploads\/2022\/12\/Piraten-low-Kopie-1024x673.jpg\" alt=\"\" width=\"640\" height=\"421\" class=\"aligncenter size-large wp-image-28233\" srcset=\"https:\/\/windpilot.com\/blog\/wp-content\/uploads\/2022\/12\/Piraten-low-Kopie-1024x673.jpg 1024w, https:\/\/windpilot.com\/blog\/wp-content\/uploads\/2022\/12\/Piraten-low-Kopie-300x197.jpg 300w, https:\/\/windpilot.com\/blog\/wp-content\/uploads\/2022\/12\/Piraten-low-Kopie-768x505.jpg 768w, https:\/\/windpilot.com\/blog\/wp-content\/uploads\/2022\/12\/Piraten-low-Kopie.jpg 1296w\" sizes=\"auto, (max-width: 640px) 100vw, 640px\" \/><\/p>\n<blockquote><p>ha ha ha, tolles bild!<br \/>\naber diese Diskussion haben wir schon lange hinter uns. Somalia ist schon lange nicht mehr was es mal war.<br \/>\nzudem kostet der transport ins Mittelmeer in etwa 45.000UD &#8211; w\u00fcrdest Du das zahlen?<br \/>\nschliesslich habe ich ja einen windpilot!<\/p>\n<p>hier gibst sicher ein gutes dutzend Yachten die sich im Januar auf den Weg machen. <strong>Transportieren ist was f\u00fcr Weicheier&#8230;<\/strong><br \/>\nherzlichst<br \/>\nHans<\/p><\/blockquote>\n<p><img loading=\"lazy\" decoding=\"async\" src=\"https:\/\/windpilot.com\/blog\/wp-content\/uploads\/2022\/12\/Windpilot-Books-red-1.jpg\" alt=\"\" width=\"613\" height=\"109\" class=\"aligncenter size-full wp-image-28222\" srcset=\"https:\/\/windpilot.com\/blog\/wp-content\/uploads\/2022\/12\/Windpilot-Books-red-1.jpg 613w, https:\/\/windpilot.com\/blog\/wp-content\/uploads\/2022\/12\/Windpilot-Books-red-1-300x53.jpg 300w\" sizes=\"auto, (max-width: 613px) 100vw, 613px\" \/><\/p>\n<p><strong>SCHWERG\u00c4NGIGKEIT IM KEGELRADGETRIEBE<\/strong><br \/>\n<img loading=\"lazy\" decoding=\"async\" src=\"https:\/\/windpilot.com\/blog\/wp-content\/uploads\/2022\/03\/Ohne-Titel.jpg\" alt=\"\" width=\"1888\" height=\"1658\" class=\"aligncenter size-full wp-image-26548\" srcset=\"https:\/\/windpilot.com\/blog\/wp-content\/uploads\/2022\/03\/Ohne-Titel.jpg 1888w, https:\/\/windpilot.com\/blog\/wp-content\/uploads\/2022\/03\/Ohne-Titel-300x263.jpg 300w, https:\/\/windpilot.com\/blog\/wp-content\/uploads\/2022\/03\/Ohne-Titel-1024x899.jpg 1024w, https:\/\/windpilot.com\/blog\/wp-content\/uploads\/2022\/03\/Ohne-Titel-768x674.jpg 768w, https:\/\/windpilot.com\/blog\/wp-content\/uploads\/2022\/03\/Ohne-Titel-1536x1349.jpg 1536w\" sizes=\"auto, (max-width: 1888px) 100vw, 1888px\" \/>Hallo Peter, bis Franz\u00f6sisch Polynesien hat uns die Pacific Klasse gesteuert. Nach langer Pandemie Pause wollen wir jetzt weiter gen Westen Kurs Australien segeln. Gern h\u00e4tten wir deine Hilfe, um Schwerg\u00e4ngigkeit ( durch Salz?) zu beheben. Gibt es einen Trick, um die Achse 334 \/ Schraube zu l\u00f6sen?<br \/>\nVielen Dank f\u00fcr deine R\u00fcckmeldung und viele Gr\u00fcsse aus der S\u00fcdsee<br \/>\nMarco<br \/>\nSY WOLO<br \/>\n<img loading=\"lazy\" decoding=\"async\" src=\"https:\/\/windpilot.com\/blog\/wp-content\/uploads\/2022\/03\/IMG_20200206_150656.jpeg\" alt=\"\" width=\"1280\" height=\"960\" class=\"aligncenter size-full wp-image-26533\" srcset=\"https:\/\/windpilot.com\/blog\/wp-content\/uploads\/2022\/03\/IMG_20200206_150656.jpeg 1280w, https:\/\/windpilot.com\/blog\/wp-content\/uploads\/2022\/03\/IMG_20200206_150656-300x225.jpeg 300w, https:\/\/windpilot.com\/blog\/wp-content\/uploads\/2022\/03\/IMG_20200206_150656-1024x768.jpeg 1024w, https:\/\/windpilot.com\/blog\/wp-content\/uploads\/2022\/03\/IMG_20200206_150656-768x576.jpeg 768w\" sizes=\"auto, (max-width: 1280px) 100vw, 1280px\" \/>Moin Ihr Zwei, Glueckwunsch zum Revierwechsel und vor allem, dass das Leben bei Euch ganz offensichtlich \u201eklappt\u201c, denn, nicht wahr im intensiven Paarbetrieb von Seglern zeigt sich ansonsten all zu schnell, wo die Schlagloecher sind im Leben &#8230; und es offenbart hier und dort, wo man Fehler gemacht &#8230; die nur schwer zu revidieren sind. Doppelglueckwunsch also an Euch Zwei.<br \/>\n<img loading=\"lazy\" decoding=\"async\" src=\"https:\/\/windpilot.com\/blog\/wp-content\/uploads\/2022\/03\/IMG_20220211_111225_copy_1459x1094.jpeg\" alt=\"\" width=\"1280\" height=\"960\" class=\"aligncenter size-full wp-image-26534\" srcset=\"https:\/\/windpilot.com\/blog\/wp-content\/uploads\/2022\/03\/IMG_20220211_111225_copy_1459x1094.jpeg 1280w, https:\/\/windpilot.com\/blog\/wp-content\/uploads\/2022\/03\/IMG_20220211_111225_copy_1459x1094-300x225.jpeg 300w, https:\/\/windpilot.com\/blog\/wp-content\/uploads\/2022\/03\/IMG_20220211_111225_copy_1459x1094-1024x768.jpeg 1024w, https:\/\/windpilot.com\/blog\/wp-content\/uploads\/2022\/03\/IMG_20220211_111225_copy_1459x1094-768x576.jpeg 768w\" sizes=\"auto, (max-width: 1280px) 100vw, 1280px\" \/><strong>ACHTUNG ACHTUNG ACHTUNG<\/strong>: schau dir <a href=\"https:\/\/windpilot.com\/n\/wind\/de\/serv\/manu\/zeipacific\">die Zeichnung<\/a> an: die <strong>Achse 334<\/strong> ist an der Innenseite des Gussteils durch <strong>Kontermutter 331 in der Position GESICHERT<\/strong>. Hoffentlich hast Du das Gewinde im Gussteil 330 nicht bereits ruiniert!<br \/>\n<img loading=\"lazy\" decoding=\"async\" src=\"https:\/\/windpilot.com\/blog\/wp-content\/uploads\/2022\/03\/DSC00762.jpeg\" alt=\"\" width=\"800\" height=\"534\" class=\"aligncenter size-full wp-image-26537\" srcset=\"https:\/\/windpilot.com\/blog\/wp-content\/uploads\/2022\/03\/DSC00762.jpeg 800w, https:\/\/windpilot.com\/blog\/wp-content\/uploads\/2022\/03\/DSC00762-300x200.jpeg 300w, https:\/\/windpilot.com\/blog\/wp-content\/uploads\/2022\/03\/DSC00762-768x513.jpeg 768w\" sizes=\"auto, (max-width: 800px) 100vw, 800px\" \/><strong>DEMONTAGE<\/strong>:<br \/>\nSchubstange 151 demontieren,<br \/>\nrote Kappe demontieren,<br \/>\nKegelrad 325 demontieren ( POSITION DER KEGELR\u00c4DER ZUEINANDER MIT FILZSTIFT MARKIEREN !!!<br \/>\n251 Demontieren<br \/>\n340 nach hinten herausziehen<br \/>\n331 demontieren &#8230; fertig!<br \/>\n<img loading=\"lazy\" decoding=\"async\" src=\"https:\/\/windpilot.com\/blog\/wp-content\/uploads\/2022\/03\/image3.jpeg\" alt=\"\" width=\"1280\" height=\"960\" class=\"aligncenter size-full wp-image-26535\" srcset=\"https:\/\/windpilot.com\/blog\/wp-content\/uploads\/2022\/03\/image3.jpeg 1280w, https:\/\/windpilot.com\/blog\/wp-content\/uploads\/2022\/03\/image3-300x225.jpeg 300w, https:\/\/windpilot.com\/blog\/wp-content\/uploads\/2022\/03\/image3-1024x768.jpeg 1024w, https:\/\/windpilot.com\/blog\/wp-content\/uploads\/2022\/03\/image3-768x576.jpeg 768w\" sizes=\"auto, (max-width: 1280px) 100vw, 1280px\" \/>Beim Zusammenbau unbedingt darauf achten, dass am Ende das kleine <strong>Kegelrad 305 auf der Achse 334 horizontal ca 4 mm Spiel bekommt \/ hat<\/strong> &#8230; damit am Ende im Betrieb das Kegelrad ein wenig nach vorn geschoben werden kann, um dahinter das Salz zu entfernen, wenn sich dort etwas ablagert hat ( Euer heutiges Problem! ).<br \/>\nEINSETZEN  von 334: ins Gewinde im Gussteil 330 Wollwachs eindr\u00fccken, um Elektrolyse zu verhindern.<\/p>\n<p>Bei Fragen: bitte Fotos schicken &#8230; dann wird Hilfe einfach&#8230;<\/p>\n<p>Und nun lauere ich auf \u00b4sehnsuchtsvolle S\u00fcdseefotos, damit meine neugierigen Augen Zucker kriegen.<\/p>\n<p>Allerbest<br \/>\nPeter<\/p>\n","protected":false},"excerpt":{"rendered":"<p>Seit nunmehr 12 Jahren in Betrieb, ist Hans Geilinger mit seiner SV TUVALU, coronabedingt, in Langkawi h\u00e4ngengeblieben. Seine Dufour 40 wurde dort drei Jahre alleine gelassen und wird nun f\u00fcr den letzten Teil der Weltumsegelung vorbereitet. Hier der aktuelle Stand &hellip; <a href=\"https:\/\/windpilot.com\/blog\/press-tv\/service-tipps\/cleaning-bevel-gears\/\">Weiterlesen <span class=\"meta-nav\">&rarr;<\/span><\/a><\/p>\n","protected":false},"author":1,"featured_media":0,"parent":17838,"menu_order":-7,"comment_status":"open","ping_status":"closed","template":"","meta":{"footnotes":""},"class_list":["post-26530","page","type-page","status-publish","hentry"],"_links":{"self":[{"href":"https:\/\/windpilot.com\/blog\/wp-json\/wp\/v2\/pages\/26530","targetHints":{"allow":["GET"]}}],"collection":[{"href":"https:\/\/windpilot.com\/blog\/wp-json\/wp\/v2\/pages"}],"about":[{"href":"https:\/\/windpilot.com\/blog\/wp-json\/wp\/v2\/types\/page"}],"author":[{"embeddable":true,"href":"https:\/\/windpilot.com\/blog\/wp-json\/wp\/v2\/users\/1"}],"replies":[{"embeddable":true,"href":"https:\/\/windpilot.com\/blog\/wp-json\/wp\/v2\/comments?post=26530"}],"version-history":[{"count":15,"href":"https:\/\/windpilot.com\/blog\/wp-json\/wp\/v2\/pages\/26530\/revisions"}],"predecessor-version":[{"id":28239,"href":"https:\/\/windpilot.com\/blog\/wp-json\/wp\/v2\/pages\/26530\/revisions\/28239"}],"up":[{"embeddable":true,"href":"https:\/\/windpilot.com\/blog\/wp-json\/wp\/v2\/pages\/17838"}],"wp:attachment":[{"href":"https:\/\/windpilot.com\/blog\/wp-json\/wp\/v2\/media?parent=26530"}],"curies":[{"name":"wp","href":"https:\/\/api.w.org\/{rel}","templated":true}]}}