{"id":26709,"date":"2022-06-20T05:45:25","date_gmt":"2022-06-20T12:45:25","guid":{"rendered":"https:\/\/windpilot.com\/blog\/?page_id=26709"},"modified":"2022-06-20T05:48:42","modified_gmt":"2022-06-20T12:48:42","slug":"leben-im-kielwasser","status":"publish","type":"page","link":"https:\/\/windpilot.com\/blog\/windpilot-books-2\/leben-im-kielwasser\/","title":{"rendered":"Leben im Kielwasser"},"content":{"rendered":"<p><strong>PETER FOERTHMANN &#8211; EINE SEGLER-AUTOBIOGRAFIE<\/strong><br \/>\n<img loading=\"lazy\" decoding=\"async\" src=\"https:\/\/windpilot.com\/blog\/wp-content\/uploads\/2022\/06\/Leben-im-Kielwasser-Cover.jpg\" alt=\"\" width=\"2250\" height=\"1592\" class=\"aligncenter size-full wp-image-26710\" srcset=\"https:\/\/windpilot.com\/blog\/wp-content\/uploads\/2022\/06\/Leben-im-Kielwasser-Cover.jpg 2250w, https:\/\/windpilot.com\/blog\/wp-content\/uploads\/2022\/06\/Leben-im-Kielwasser-Cover-300x212.jpg 300w, https:\/\/windpilot.com\/blog\/wp-content\/uploads\/2022\/06\/Leben-im-Kielwasser-Cover-1024x725.jpg 1024w, https:\/\/windpilot.com\/blog\/wp-content\/uploads\/2022\/06\/Leben-im-Kielwasser-Cover-768x543.jpg 768w, https:\/\/windpilot.com\/blog\/wp-content\/uploads\/2022\/06\/Leben-im-Kielwasser-Cover-1536x1087.jpg 1536w, https:\/\/windpilot.com\/blog\/wp-content\/uploads\/2022\/06\/Leben-im-Kielwasser-Cover-2048x1449.jpg 2048w\" sizes=\"auto, (max-width: 2250px) 100vw, 2250px\" \/><br \/>\nLeben im Kielwasser ist ein Doppeltitel, der humorvoll und unterhaltsam beschreibt, wie der  segelnde Autor sein Leben kurzweilig gestaltet, ihm einen Sinn gegeben, unz\u00e4hlige K\u00e4mpfe zu bestehen und gleichwohl nie seine gerade Lebensfurche verlassen hat. Eine Furche, die mit dem Horizont verschmilzt, hinter dem Segeln zum Tr\u00e4umen sch\u00f6n, zumindest wenn man eine Heckverzierung am Schiff montiert, die auch im Schlaf noch funktioniert. Dies ist die Retrospektive eines Autodidakten, der nonkonform, einem inneren Kompass folgend, sein ganz eigenes Verst\u00e4ndnis von sozialem Umgang unter Seglern entwickelt hat, die ihn im Gegenzug \u00fcber Word-of-Mouth zum Weltmarktf\u00fchrer im Bereich von Wind Steueranlagen haben werden lassen. Der Autor\u00a0von Fachb\u00fcchern, die zum Standard avanciert, steht synonym als treibende Kraft f\u00fcr den Erfolg seiner Marke Windpilot, einem Lebenswerk, das kaum Parallelen hat, zumal seine Windsteuer Systeme den Seglern rund um den Globus weite Reisen m\u00f6glich machen, weil sie als Steuersklaven nimmerm\u00fcde ihre Schiffe steuern.<\/p>\n<p>In diesem Buch res\u00fcmiert der Autor als WordSmith in einer ihm ganz eigenen Sprache sein Leben, wie er dereinst ein Schiff gegen eine Idee getauscht und daraus seinen besonderen Lebensweg gestaltet hat. Wie er aus einer Manufaktur ein kleines Industrieunternehmen geformt, vermutlich einem der kleinsten weltweit. Wie er es geschafft hat, seine Unabh\u00e4ngigkeit zu erk\u00e4mpfen und bewahren, dem Ziel der Ziele gewisserma\u00dfen, abseits von sozialen Abh\u00e4ngigkeiten.\u00a0Dies Buch schildert facettenreich, was ein Mann aus seinem Leben gemacht, dabei scheinbar stoisch und unbeirrt, sein Ziel, Freiheit und Eigenst\u00e4ndigkeit, nie aus den Augen verloren hat, dabei voller Emphase den Kontakt zu den Menschen nicht verloren hat. Ein Roter Faden von einem halben Jahrhundert L\u00e4nge, der noch lange nicht zu Ende ist \u2026 na hoffentlich!<br \/>\n<a href=\"https:\/\/windpilot.com\/books\/\">WEITERLESEN<\/a><\/p>\n","protected":false},"excerpt":{"rendered":"<p>PETER FOERTHMANN &#8211; EINE SEGLER-AUTOBIOGRAFIE Leben im Kielwasser ist ein Doppeltitel, der humorvoll und unterhaltsam beschreibt, wie der segelnde Autor sein Leben kurzweilig gestaltet, ihm einen Sinn gegeben, unz\u00e4hlige K\u00e4mpfe zu bestehen und gleichwohl nie seine gerade Lebensfurche verlassen hat. &hellip; <a href=\"https:\/\/windpilot.com\/blog\/windpilot-books-2\/leben-im-kielwasser\/\">Weiterlesen <span class=\"meta-nav\">&rarr;<\/span><\/a><\/p>\n","protected":false},"author":1,"featured_media":0,"parent":23743,"menu_order":-5,"comment_status":"open","ping_status":"closed","template":"","meta":{"footnotes":""},"class_list":["post-26709","page","type-page","status-publish","hentry"],"_links":{"self":[{"href":"https:\/\/windpilot.com\/blog\/wp-json\/wp\/v2\/pages\/26709","targetHints":{"allow":["GET"]}}],"collection":[{"href":"https:\/\/windpilot.com\/blog\/wp-json\/wp\/v2\/pages"}],"about":[{"href":"https:\/\/windpilot.com\/blog\/wp-json\/wp\/v2\/types\/page"}],"author":[{"embeddable":true,"href":"https:\/\/windpilot.com\/blog\/wp-json\/wp\/v2\/users\/1"}],"replies":[{"embeddable":true,"href":"https:\/\/windpilot.com\/blog\/wp-json\/wp\/v2\/comments?post=26709"}],"version-history":[{"count":3,"href":"https:\/\/windpilot.com\/blog\/wp-json\/wp\/v2\/pages\/26709\/revisions"}],"predecessor-version":[{"id":26715,"href":"https:\/\/windpilot.com\/blog\/wp-json\/wp\/v2\/pages\/26709\/revisions\/26715"}],"up":[{"embeddable":true,"href":"https:\/\/windpilot.com\/blog\/wp-json\/wp\/v2\/pages\/23743"}],"wp:attachment":[{"href":"https:\/\/windpilot.com\/blog\/wp-json\/wp\/v2\/media?parent=26709"}],"curies":[{"name":"wp","href":"https:\/\/api.w.org\/{rel}","templated":true}]}}