{"id":27401,"date":"2022-09-05T02:08:21","date_gmt":"2022-09-05T09:08:21","guid":{"rendered":"https:\/\/windpilot.com\/blog\/?page_id=27401"},"modified":"2022-09-05T02:30:34","modified_gmt":"2022-09-05T09:30:34","slug":"noordkaper-40","status":"publish","type":"page","link":"https:\/\/windpilot.com\/blog\/schiffe\/die-ideale-y\/noordkaper-40\/","title":{"rendered":"Noordkaper 40"},"content":{"rendered":"<p><strong>EIN HAFENSPAZIERGANG MIT SCHWEIZER KONSEQUENZEN<\/strong><br \/>\n<img loading=\"lazy\" decoding=\"async\" src=\"https:\/\/windpilot.com\/blog\/wp-content\/uploads\/2022\/09\/IMG_9434-1024x768.jpeg\" alt=\"\" width=\"640\" height=\"480\" class=\"aligncenter size-large wp-image-27426\" srcset=\"https:\/\/windpilot.com\/blog\/wp-content\/uploads\/2022\/09\/IMG_9434-1024x768.jpeg 1024w, https:\/\/windpilot.com\/blog\/wp-content\/uploads\/2022\/09\/IMG_9434-300x225.jpeg 300w, https:\/\/windpilot.com\/blog\/wp-content\/uploads\/2022\/09\/IMG_9434-768x576.jpeg 768w, https:\/\/windpilot.com\/blog\/wp-content\/uploads\/2022\/09\/IMG_9434.jpeg 1280w\" sizes=\"auto, (max-width: 640px) 100vw, 640px\" \/>Zwei Schiffe mit meiner Heckverzierung Seite and Seite an der Hafenmeile in Kappeln? Entschuldigung, aber da bekomme ich G\u00e4nsehaut, da versagen meine Beine, da kann ich nicht weiter laufen! SV <em>Eolos Dos<\/em>, eine Delphia 47 mit Dreifachsalingpalme, in meinem Kopf t\u00f6nte ein zartes Klingeln. Hatte nicht <a href=\"https:\/\/www.schlei-yachting.de\">Michael Flatau<\/a> dort eine Windpilot montiert? Ein schneller Blick, die Stirn in Falten, sollte ich oder sollte ich nicht? Da war der Satz schon raus. Minuten sp\u00e4ter wurde Werkzeug rausgekramt und ich fand mich bei der Arbeit, wie ich sie tausendfach gemacht: System ausrichten, Leinen\u00fcbertragung korrigieren, unter den wohlwollenden Augen eines Eigners, dem die Erleichterung auf der Stirn geschrieben stand. Denn es sollte auf die grausame See gehen mit Kurs S\u00fcd, sogar ein Profiskipper war angeheuert.<br \/>\n<img loading=\"lazy\" decoding=\"async\" src=\"https:\/\/windpilot.com\/blog\/wp-content\/uploads\/2022\/09\/IMG_9482-1024x768.jpeg\" alt=\"\" width=\"640\" height=\"480\" class=\"aligncenter size-large wp-image-27428\" srcset=\"https:\/\/windpilot.com\/blog\/wp-content\/uploads\/2022\/09\/IMG_9482-1024x768.jpeg 1024w, https:\/\/windpilot.com\/blog\/wp-content\/uploads\/2022\/09\/IMG_9482-300x225.jpeg 300w, https:\/\/windpilot.com\/blog\/wp-content\/uploads\/2022\/09\/IMG_9482-768x576.jpeg 768w, https:\/\/windpilot.com\/blog\/wp-content\/uploads\/2022\/09\/IMG_9482.jpeg 1280w\" sizes=\"auto, (max-width: 640px) 100vw, 640px\" \/>Wir hatten Zaung\u00e4ste auf dem Nebenschiff. J\u00fcrg Stalder und Edith von Burg, beide unter schweizer Flagge, beide mit jener geheimnisvollen Sprache aus den Bergen ausgestattet, Skipper und sien Fru\u00b4 der SV <em>B\u00f6le Bonken<\/em> hatten mich erkannt, sodann meine Frau zu sich an Bord gelockt, ihr eine <em>Hans Albers M\u00fctze<\/em> auf den Kopf gest\u00fclpt und sie an\u00b4s Rad gesetzt, geknipst. Donnerwetter, so habe ich meine Frau noch nie gesehen, schiffig wie eine hamburger Hafen-Barkassen-Kapit\u00e4n\u00f6se, allerdings ohne Mikro zur Touristenbeschallung. Schick!<br \/>\n<img loading=\"lazy\" decoding=\"async\" src=\"https:\/\/windpilot.com\/blog\/wp-content\/uploads\/2022\/09\/IMG_9427D-1024x768.jpeg\" alt=\"\" width=\"640\" height=\"480\" class=\"aligncenter size-large wp-image-27429\" srcset=\"https:\/\/windpilot.com\/blog\/wp-content\/uploads\/2022\/09\/IMG_9427D-1024x768.jpeg 1024w, https:\/\/windpilot.com\/blog\/wp-content\/uploads\/2022\/09\/IMG_9427D-300x225.jpeg 300w, https:\/\/windpilot.com\/blog\/wp-content\/uploads\/2022\/09\/IMG_9427D-768x576.jpeg 768w, https:\/\/windpilot.com\/blog\/wp-content\/uploads\/2022\/09\/IMG_9427D.jpeg 1280w\" sizes=\"auto, (max-width: 640px) 100vw, 640px\" \/>Nun, wir waren eigentlich nur Br\u00f6tchen holen, und sassen jetzt im Hafenrevier gefangen, hatten Verlangen nach Fr\u00fchst\u00fcck, unser englischer Gast Oliver, mein Weib und ich. Erst die Arbeit, dann das  Vergn\u00fcgen! Ich habe also zun\u00e4chst am Heck der <em>B\u00f6le Bonken<\/em> meinen Job erledigt, sogar ohne dabei ins Wasser zu fallen, derweil Marzena, von Schweizern liebevoll umzingelt, einander n\u00e4her gekommen sind, trotz Berner-Oberland-Akzent. Eine bezaubernde Sprache, bei der Hast und Eile subito zum Erliegen kommt, gleichwohl ohne einzuschlafen. Herzallerliebst!<br \/>\n<img loading=\"lazy\" decoding=\"async\" src=\"https:\/\/windpilot.com\/blog\/wp-content\/uploads\/2022\/09\/eis-1024x752.jpg\" alt=\"\" width=\"640\" height=\"470\" class=\"aligncenter size-large wp-image-27430\" srcset=\"https:\/\/windpilot.com\/blog\/wp-content\/uploads\/2022\/09\/eis-1024x752.jpg 1024w, https:\/\/windpilot.com\/blog\/wp-content\/uploads\/2022\/09\/eis-300x220.jpg 300w, https:\/\/windpilot.com\/blog\/wp-content\/uploads\/2022\/09\/eis-768x564.jpg 768w, https:\/\/windpilot.com\/blog\/wp-content\/uploads\/2022\/09\/eis-1536x1128.jpg 1536w, https:\/\/windpilot.com\/blog\/wp-content\/uploads\/2022\/09\/eis.jpg 1884w\" sizes=\"auto, (max-width: 640px) 100vw, 640px\" \/>Wir haben uns sodann zielsicher f\u00fcr den Abend verabredet, denn wir waren neugierig aufeinander, wollten uns \u00fcber die Folgen freuen, sie darum begiessen. Kurz, es wurde ein famoser Abend, den ich nur in Stichworten umreissen kann, weil es so viel zu besprechen gab:<br \/>\n<img loading=\"lazy\" decoding=\"async\" src=\"https:\/\/windpilot.com\/blog\/wp-content\/uploads\/2022\/09\/67890721049__04EC6446-1F1A-4483-ACB9-34AF62CF6F37.fullsizerender-921x1024.jpeg\" alt=\"\" width=\"640\" height=\"712\" class=\"aligncenter size-large wp-image-27431\" srcset=\"https:\/\/windpilot.com\/blog\/wp-content\/uploads\/2022\/09\/67890721049__04EC6446-1F1A-4483-ACB9-34AF62CF6F37.fullsizerender-921x1024.jpeg 921w, https:\/\/windpilot.com\/blog\/wp-content\/uploads\/2022\/09\/67890721049__04EC6446-1F1A-4483-ACB9-34AF62CF6F37.fullsizerender-270x300.jpeg 270w, https:\/\/windpilot.com\/blog\/wp-content\/uploads\/2022\/09\/67890721049__04EC6446-1F1A-4483-ACB9-34AF62CF6F37.fullsizerender-768x854.jpeg 768w, https:\/\/windpilot.com\/blog\/wp-content\/uploads\/2022\/09\/67890721049__04EC6446-1F1A-4483-ACB9-34AF62CF6F37.fullsizerender.jpeg 960w\" sizes=\"auto, (max-width: 640px) 100vw, 640px\" \/>Ein Schiff namens <em>B\u00f6le Bonken<\/em>, ein Name der nicht nur bei schweizer Seglern Fragezeichen hinterl\u00e4sst, weshalb an Bord ein neuer Namen im Raume stand, mit dem man sich dann besser h\u00e4tte anfreunden k\u00f6nnen. Nun, zwei Tage in Kappeln l\u00f6sten das Problem. Immer wieder n\u00e4mlich blieben Leute vor dem charaktervollen Schiff mit der senffarbenen Schanz stehen, hoben die Stimme und riefen: <em>Kuck mal die B\u00f6le Bonken!<\/em> Es war dann nur noch ein kurzer Schlenker zum Ursprung dieses Namens, der in Amrum bis heute seine Bedeutung nicht verloren hat: <a href=\"https:\/\/www.amrum-news.de\/2017\/01\/29\/bandix-bonken-ein-unvergessener-mann\/\">B\u00f6le Bonken<\/a> war ein gestrenger Lehrer sowie Gehilfe des K\u00fcsters Mitte des 19ten Jahrhunderts, dessen kompromisslose Erziehungsmethoden bis ins Heute strahlen. Damit wurde ein Namenswechsel in Kappeln beerdigt, Amen!<br \/>\n<img loading=\"lazy\" decoding=\"async\" src=\"https:\/\/windpilot.com\/blog\/wp-content\/uploads\/2022\/09\/Bo\u0308le-Bonken-2-1024x778.jpg\" alt=\"\" width=\"640\" height=\"486\" class=\"aligncenter size-large wp-image-27432\" srcset=\"https:\/\/windpilot.com\/blog\/wp-content\/uploads\/2022\/09\/Bo\u0308le-Bonken-2-1024x778.jpg 1024w, https:\/\/windpilot.com\/blog\/wp-content\/uploads\/2022\/09\/Bo\u0308le-Bonken-2-300x228.jpg 300w, https:\/\/windpilot.com\/blog\/wp-content\/uploads\/2022\/09\/Bo\u0308le-Bonken-2-768x583.jpg 768w, https:\/\/windpilot.com\/blog\/wp-content\/uploads\/2022\/09\/Bo\u0308le-Bonken-2-1536x1167.jpg 1536w, https:\/\/windpilot.com\/blog\/wp-content\/uploads\/2022\/09\/Bo\u0308le-Bonken-2.jpg 1964w\" sizes=\"auto, (max-width: 640px) 100vw, 640px\" \/>Die Geschichte von Edith und J\u00fcrg dr\u00e4ngte zum Licht, wir mussten keine Folter anwenden, um eine wundersch\u00f6ne Paarwerdung zweier ausgepr\u00e4gter Individualisten zu erfahren. Zwei Menschen, mit zun\u00e4chst zwei Schiffen, die sich entschlossen hatten, ein drittes Schiff zu kaufen, um darauf fortan gemeinsam zu leben, zu reisen und Lebenszeit zu verbringen. Warum sollten die Tr\u00e4ume von Menschen aus den Bergen sich von unseren Flachlandindianern Tr\u00e4umen unterscheiden? Ein Blick in den Flottenbestand des <a href=\"https:\/\/www.swiss-sailing.ch\/cruising\/freizeitsegeln\/cruising-club-der-schweiz-ccs\">Cruising Clubs der Schweiz CCS<\/a> mag gen\u00fcgen, um zu erkennen, welch geballtes Interesse dort am Segelsport zuhause ist&#8230; nicht zu vergessen ein geballtes Investitionsvolumen f\u00fcr einen Schiffsfuhrpark, der in Deutschland seines gleichen sucht, gleichwohl nicht zu finden ist.<br \/>\n<img loading=\"lazy\" decoding=\"async\" src=\"https:\/\/windpilot.com\/blog\/wp-content\/uploads\/2022\/09\/IMG_9467-768x1024.jpeg\" alt=\"\" width=\"640\" height=\"853\" class=\"aligncenter size-large wp-image-27433\" srcset=\"https:\/\/windpilot.com\/blog\/wp-content\/uploads\/2022\/09\/IMG_9467-768x1024.jpeg 768w, https:\/\/windpilot.com\/blog\/wp-content\/uploads\/2022\/09\/IMG_9467-225x300.jpeg 225w, https:\/\/windpilot.com\/blog\/wp-content\/uploads\/2022\/09\/IMG_9467.jpeg 960w\" sizes=\"auto, (max-width: 640px) 100vw, 640px\" \/><img loading=\"lazy\" decoding=\"async\" src=\"https:\/\/windpilot.com\/blog\/wp-content\/uploads\/2022\/09\/IMG_9444-1024x768.jpeg\" alt=\"\" width=\"640\" height=\"480\" class=\"aligncenter size-large wp-image-27434\" srcset=\"https:\/\/windpilot.com\/blog\/wp-content\/uploads\/2022\/09\/IMG_9444-1024x768.jpeg 1024w, https:\/\/windpilot.com\/blog\/wp-content\/uploads\/2022\/09\/IMG_9444-300x225.jpeg 300w, https:\/\/windpilot.com\/blog\/wp-content\/uploads\/2022\/09\/IMG_9444-768x576.jpeg 768w, https:\/\/windpilot.com\/blog\/wp-content\/uploads\/2022\/09\/IMG_9444.jpeg 1280w\" sizes=\"auto, (max-width: 640px) 100vw, 640px\" \/><img loading=\"lazy\" decoding=\"async\" src=\"https:\/\/windpilot.com\/blog\/wp-content\/uploads\/2022\/09\/IMG_9473-1024x768.jpeg\" alt=\"\" width=\"640\" height=\"480\" class=\"aligncenter size-large wp-image-27435\" srcset=\"https:\/\/windpilot.com\/blog\/wp-content\/uploads\/2022\/09\/IMG_9473-1024x768.jpeg 1024w, https:\/\/windpilot.com\/blog\/wp-content\/uploads\/2022\/09\/IMG_9473-300x225.jpeg 300w, https:\/\/windpilot.com\/blog\/wp-content\/uploads\/2022\/09\/IMG_9473-768x576.jpeg 768w, https:\/\/windpilot.com\/blog\/wp-content\/uploads\/2022\/09\/IMG_9473.jpeg 1280w\" sizes=\"auto, (max-width: 640px) 100vw, 640px\" \/>Eine rasante Querfeldeinfahrt vom <em>REFLEX<\/em> Ofen \u00fcber Hydrauliksteuerung, vom Einparken quer zum Strom, von kernigen Man\u00f6vern von zarter Damenhand ganz ohne Rammen, den Freuden eines Segelreviers, das seines Gleichen sucht und von 5 Menschen in trauter Runde, die sich auf der Stelle gegenseitig in die Seelen hineingeschl\u00fcpft sind. Das hat famos geklappt. Der Versand von schicken <em>F\u00f6tilies<\/em> allerdings wurde um einen Tag verschoben, weil f\u00fcr schweizer Bundesb\u00fcrger der Erwerb deutscher Sim Cards von Staats wegen vermutlich mit einem offiziellen Riegel versehen ist, was wir erstaunt zu lernen hatten. Kollateral habe ich dabei eine neue Vokabel lernen k\u00f6nnen: was wir international als Fotos kennen, wird im Berner Oberland mit F\u00d6TILIES apostrophiert. Herzallerliebst.<br \/>\n<img loading=\"lazy\" decoding=\"async\" src=\"https:\/\/windpilot.com\/blog\/wp-content\/uploads\/2022\/09\/Bo\u0308le-Bonken-3-1024x808.jpg\" alt=\"\" width=\"640\" height=\"505\" class=\"aligncenter size-large wp-image-27436\" srcset=\"https:\/\/windpilot.com\/blog\/wp-content\/uploads\/2022\/09\/Bo\u0308le-Bonken-3-1024x808.jpg 1024w, https:\/\/windpilot.com\/blog\/wp-content\/uploads\/2022\/09\/Bo\u0308le-Bonken-3-300x237.jpg 300w, https:\/\/windpilot.com\/blog\/wp-content\/uploads\/2022\/09\/Bo\u0308le-Bonken-3-768x606.jpg 768w, https:\/\/windpilot.com\/blog\/wp-content\/uploads\/2022\/09\/Bo\u0308le-Bonken-3-1536x1211.jpg 1536w, https:\/\/windpilot.com\/blog\/wp-content\/uploads\/2022\/09\/Bo\u0308le-Bonken-3.jpg 1988w\" sizes=\"auto, (max-width: 640px) 100vw, 640px\" \/><img loading=\"lazy\" decoding=\"async\" src=\"https:\/\/windpilot.com\/blog\/wp-content\/uploads\/2022\/09\/Bo\u0308le-Bonken-4-1024x1006.jpg\" alt=\"\" width=\"640\" height=\"629\" class=\"aligncenter size-large wp-image-27437\" srcset=\"https:\/\/windpilot.com\/blog\/wp-content\/uploads\/2022\/09\/Bo\u0308le-Bonken-4-1024x1006.jpg 1024w, https:\/\/windpilot.com\/blog\/wp-content\/uploads\/2022\/09\/Bo\u0308le-Bonken-4-300x295.jpg 300w, https:\/\/windpilot.com\/blog\/wp-content\/uploads\/2022\/09\/Bo\u0308le-Bonken-4-768x755.jpg 768w, https:\/\/windpilot.com\/blog\/wp-content\/uploads\/2022\/09\/Bo\u0308le-Bonken-4-1536x1510.jpg 1536w, https:\/\/windpilot.com\/blog\/wp-content\/uploads\/2022\/09\/Bo\u0308le-Bonken-4.jpg 1974w\" sizes=\"auto, (max-width: 640px) 100vw, 640px\" \/>Epilog: Die Noordkaper 40 erscheint in einem Hafen voller GFK Designerware wie ein Alien von eine fremden Galaxie, ist sie doch ein von <a href=\"https:\/\/www.martin-bekebrede.nl\">Martin Bekebrede<\/a> erst in der Neuzeit entworfene Interpretation eines soliden Blauwasserschiffs f\u00fcr wirklich jede Segelregion: Langkieler mit Doppelausr\u00fcstung bis zum Dach: Steuer, Heizung, Kammern, Toiletten, Anker, Segel sowieso &#8230; ach ja und mindestens 5 Steuerleuten! Hier die Aufl\u00f6sung des R\u00e4tsels: Skipperin und ihr Kerl, Unterdeck AP, Windpilot sowie Mickey Mouse AP, jener plietschen <a href=\"https:\/\/windpilot.com\/blog\/press-tv\/autopilot\/synthesis-autopilot-windpilot\/\">Symbiose zwischen den Systemen<\/a>, die es am besten kann und zeitgleich wenig Strom verbraucht.<\/p>\n<p>Freundschaften am Wegesrand sammeln, das h\u00e4lt jung, und macht den Spass, den kein Fernsehprogramm zu bieten hat, eine Binse. Habe die Ehre!<\/p>\n<p>Kurzbericht am Montagmorgen 05.09.2022<br \/>\nPeter Foerthmann<br \/>\n<img loading=\"lazy\" decoding=\"async\" src=\"https:\/\/windpilot.com\/blog\/wp-content\/uploads\/2022\/08\/A.-Peter-Lions-Kopie-150x150.jpg\" alt=\"\" width=\"150\" height=\"150\" class=\"alignleft size-thumbnail wp-image-27280\" srcset=\"https:\/\/windpilot.com\/blog\/wp-content\/uploads\/2022\/08\/A.-Peter-Lions-Kopie-150x150.jpg 150w, https:\/\/windpilot.com\/blog\/wp-content\/uploads\/2022\/08\/A.-Peter-Lions-Kopie-300x300.jpg 300w, https:\/\/windpilot.com\/blog\/wp-content\/uploads\/2022\/08\/A.-Peter-Lions-Kopie-1024x1020.jpg 1024w, https:\/\/windpilot.com\/blog\/wp-content\/uploads\/2022\/08\/A.-Peter-Lions-Kopie-768x765.jpg 768w, https:\/\/windpilot.com\/blog\/wp-content\/uploads\/2022\/08\/A.-Peter-Lions-Kopie-1536x1531.jpg 1536w, https:\/\/windpilot.com\/blog\/wp-content\/uploads\/2022\/08\/A.-Peter-Lions-Kopie.jpg 1700w\" sizes=\"auto, (max-width: 150px) 100vw, 150px\" \/><\/p>\n","protected":false},"excerpt":{"rendered":"<p>EIN HAFENSPAZIERGANG MIT SCHWEIZER KONSEQUENZEN Zwei Schiffe mit meiner Heckverzierung Seite and Seite an der Hafenmeile in Kappeln? Entschuldigung, aber da bekomme ich G\u00e4nsehaut, da versagen meine Beine, da kann ich nicht weiter laufen! SV Eolos Dos, eine Delphia 47 &hellip; <a href=\"https:\/\/windpilot.com\/blog\/schiffe\/die-ideale-y\/noordkaper-40\/\">Weiterlesen <span class=\"meta-nav\">&rarr;<\/span><\/a><\/p>\n","protected":false},"author":1,"featured_media":0,"parent":17702,"menu_order":-12,"comment_status":"open","ping_status":"closed","template":"","meta":{"footnotes":""},"class_list":["post-27401","page","type-page","status-publish","hentry"],"_links":{"self":[{"href":"https:\/\/windpilot.com\/blog\/wp-json\/wp\/v2\/pages\/27401","targetHints":{"allow":["GET"]}}],"collection":[{"href":"https:\/\/windpilot.com\/blog\/wp-json\/wp\/v2\/pages"}],"about":[{"href":"https:\/\/windpilot.com\/blog\/wp-json\/wp\/v2\/types\/page"}],"author":[{"embeddable":true,"href":"https:\/\/windpilot.com\/blog\/wp-json\/wp\/v2\/users\/1"}],"replies":[{"embeddable":true,"href":"https:\/\/windpilot.com\/blog\/wp-json\/wp\/v2\/comments?post=27401"}],"version-history":[{"count":28,"href":"https:\/\/windpilot.com\/blog\/wp-json\/wp\/v2\/pages\/27401\/revisions"}],"predecessor-version":[{"id":27447,"href":"https:\/\/windpilot.com\/blog\/wp-json\/wp\/v2\/pages\/27401\/revisions\/27447"}],"up":[{"embeddable":true,"href":"https:\/\/windpilot.com\/blog\/wp-json\/wp\/v2\/pages\/17702"}],"wp:attachment":[{"href":"https:\/\/windpilot.com\/blog\/wp-json\/wp\/v2\/media?parent=27401"}],"curies":[{"name":"wp","href":"https:\/\/api.w.org\/{rel}","templated":true}]}}